{"id":16773,"date":"2021-04-20T16:40:15","date_gmt":"2021-04-20T14:40:15","guid":{"rendered":"https:\/\/www.enriquerequena.com\/politica-de-cookies\/"},"modified":"2021-06-16T10:27:27","modified_gmt":"2021-06-16T08:27:27","slug":"politique-de-cookies","status":"publish","type":"page","link":"https:\/\/www.enriquerequena.com\/fr\/politique-de-cookies\/","title":{"rendered":"Politique de cookies"},"content":{"rendered":"<div class=\"wpb-content-wrapper\"><p>[vc_row][vc_column][vc_column_text text_larger=\u00a0\u00bbno\u00a0\u00bb woodmart_inline=\u00a0\u00bbno\u00a0\u00bb]<\/p>\n<h2>POLITIQUE DE COOKIES<\/h2>\n<h3>Concept des cookies<\/h3>\n<p>Les cookies sont un outil utilis\u00e9 par les serveurs Web pour stocker et r\u00e9cup\u00e9rer des informations sur leurs visiteurs ou utilisateurs.<br \/>\nCe n&rsquo;est rien de plus qu&rsquo;un fichier texte que certains serveurs installent lors de la navigation et qui permettent des informations telles que: le lieu \u00e0 partir duquel vous acc\u00e9dez, l&rsquo;heure de connexion, l&rsquo;appareil \u00e0 partir duquel vous acc\u00e9dez (fixe ou mobile), le syst\u00e8me d&rsquo;exploitation et le navigateur utilis\u00e9 , les pages les plus visit\u00e9es, le nombre de clics effectu\u00e9s et les donn\u00e9es relatives au comportement des utilisateurs sur Internet.<br \/>\nIls ne fournissent pas de r\u00e9f\u00e9rences permettant de d\u00e9duire le nom et le pr\u00e9nom de l&rsquo;utilisateur et ne peuvent pas lire les donn\u00e9es de leur disque dur ou inclure des virus sur leurs ordinateurs.<br \/>\nDe m\u00eame, il ne peut pas lire les cookies implant\u00e9s sur le disque dur de l&rsquo;utilisateur \u00e0 partir d&rsquo;autres serveurs.<\/p>\n<h3>Pourquoi sont-ils importants?<\/h3>\n<p>Le site Web est accessible sans qu&rsquo;il soit n\u00e9cessaire d&rsquo;activer les cookies, bien que leur d\u00e9sactivation puisse emp\u00eacher son bon fonctionnement.<br \/>\nD&rsquo;un point de vue technique, les cookies permettent aux sites Web de fonctionner de mani\u00e8re plus agile et adapt\u00e9e aux pr\u00e9f\u00e9rences de l&rsquo;utilisateur, comme le stockage de la langue, la devise du pays ou la d\u00e9tection du dispositif d&rsquo;acc\u00e8s.<br \/>\nIls \u00e9tablissent des niveaux de protection et de s\u00e9curit\u00e9 qui emp\u00eachent ou entravent les cyberattaques contre le site Web ou ses utilisateurs.<br \/>\nIls permettent aux responsables des m\u00e9dias de conna\u00eetre les donn\u00e9es statistiques collect\u00e9es pour am\u00e9liorer la qualit\u00e9 et l&rsquo;exp\u00e9rience de leurs services.<br \/>\nIls servent \u00e0 optimiser la publicit\u00e9 que nous montrons aux utilisateurs, en leur offrant celle qui correspond le mieux \u00e0 leurs int\u00e9r\u00eats.<\/p>\n<h3>Autorisation d&rsquo;utilisation de cookies<\/h3>\n<p>Un avis sur les cookies appara\u00eet sur le site Web que l&rsquo;utilisateur ou le visiteur peut accepter, consentant express\u00e9ment \u00e0 l&rsquo;utilisation de cookies comme indiqu\u00e9 ci-dessous.<br \/>\nL&rsquo;utilisateur peut configurer son navigateur pour rejeter tous les cookies par d\u00e9faut ou pour recevoir un avertissement \u00e0 l&rsquo;\u00e9cran de la r\u00e9ception de chaque cookie et d\u00e9cider de l&rsquo;installer ou non sur son disque dur.<\/p>\n<p>Param\u00e8tres du navigateur<br \/>\nENRIQUE REQUENA, S.L.U. rappelle \u00e0 ses utilisateurs que l&rsquo;utilisation de cookies peut \u00eatre soumise \u00e0 leur acceptation lors de l&rsquo;installation ou de la mise \u00e0 jour du navigateur qu&rsquo;ils utilisent.<\/p>\n<p>Cette acceptation peut \u00eatre r\u00e9voqu\u00e9e par le biais des options de configuration de contenu et de confidentialit\u00e9 qui y sont disponibles. Le Propri\u00e9taire recommande \u00e0 ses utilisateurs de consulter l&rsquo;aide de leur navigateur ou d&rsquo;acc\u00e9der aux pages web d&rsquo;aide des principaux navigateurs: Firefox, Internet Explorer, Safari,<br \/>\nChrome.<br \/>\nSi vous souhaitez plus d&rsquo;informations sur la fa\u00e7on de r\u00e9voquer le consentement donn\u00e9 ou sur la proc\u00e9dure de d\u00e9sactivation des cookies, ainsi que pour poser des questions sur la politique de cookies, vous pouvez contacter le propri\u00e9taire via l&rsquo;adresse e-mail suivante web@enriquerequena.com en indiquant \u00ab\u00a0Politique de cookies \u00a0\u00bb dans le sujet.<\/p>\n<h3>Types de cookies utilis\u00e9s sur le Web<\/h3>\n<p>L&rsquo;utilisateur qui navigue sur le Web peut trouver des cookies ins\u00e9r\u00e9s directement par le propri\u00e9taire, ou des cookies ins\u00e9r\u00e9s par des entit\u00e9s autres que le propri\u00e9taire, comme d\u00e9taill\u00e9 dans les sections suivantes:<br \/>\n(indiquez les types de cookies utilis\u00e9s)<\/p>\n<p>* Les cookies de session expirent lorsque l&rsquo;utilisateur quitte la page ou ferme le navigateur, c&rsquo;est-\u00e0-dire qu&rsquo;ils sont actifs pendant la dur\u00e9e de la visite sur le site Web et sont donc supprim\u00e9s de notre ordinateur en le quittant.<\/p>\n<p>* Cookies permanents, ils expirent lorsque l&rsquo;objectif pour lequel ils servent est rempli ou lorsqu&rsquo;ils sont supprim\u00e9s manuellement, ils ont une date d&rsquo;effacement et sont normalement utilis\u00e9s dans le processus d&rsquo;achat en ligne, les personnalisations ou dans le registre, afin de ne pas avoir \u00e0 constamment entrer un mot de passe.<br \/>\nEn fonction de l&rsquo;entit\u00e9 qui g\u00e8re l&rsquo;ordinateur ou le domaine \u00e0 partir duquel les cookies sont envoy\u00e9s et traite les donn\u00e9es obtenues, nous pouvons faire la distinction entre les cookies propres et les cookies tiers.<\/p>\n<p>* Les cookies propres sont les cookies qui sont envoy\u00e9s \u00e0 l&rsquo;ordinateur de l&rsquo;utilisateur et sont g\u00e9r\u00e9s exclusivement par nous pour le meilleur fonctionnement du site Web. Les informations que nous collectons sont utilis\u00e9es pour am\u00e9liorer la qualit\u00e9 de notre service et votre exp\u00e9rience utilisateur.<\/p>\n<p>* Cookies tiers, lorsque l&rsquo;utilisateur interagit avec le contenu de notre site Web, des cookies tiers peuvent \u00e9galement \u00eatre d\u00e9finis (par exemple, en appuyant sur des boutons de m\u00e9dias sociaux ou en regardant des vid\u00e9os h\u00e9berg\u00e9es sur un autre site Web), qui sont ceux \u00e9tablis par un autre site Web. domaine.de notre<br \/>\nSite Web. Nous ne pouvons pas acc\u00e9der aux donn\u00e9es stock\u00e9es dans les cookies d&rsquo;autres sites Web lorsque vous naviguez sur les sites Web susmentionn\u00e9s.[\/vc_column_text][\/vc_column][\/vc_row]<\/p>\n<\/div>","protected":false},"excerpt":{"rendered":"<p>[vc_row][vc_column][vc_column_text text_larger=\u00a0\u00bbno\u00a0\u00bb woodmart_inline=\u00a0\u00bbno\u00a0\u00bb] POLITIQUE DE COOKIES Concept des cookies Les cookies sont un outil utilis\u00e9 par les serveurs Web pour<\/p>\n","protected":false},"author":16,"featured_media":0,"parent":0,"menu_order":0,"comment_status":"closed","ping_status":"closed","template":"","meta":{"footnotes":""},"class_list":["post-16773","page","type-page","status-publish","hentry"],"yoast_head":"<!-- This site is optimized with the Yoast SEO plugin v27.5 - https:\/\/yoast.com\/product\/yoast-seo-wordpress\/ -->\n<title>Politique de cookies - ENRIQUE REQUENA<\/title>\n<meta name=\"robots\" content=\"index, follow, max-snippet:-1, max-image-preview:large, max-video-preview:-1\" \/>\n<link rel=\"canonical\" href=\"https:\/\/www.enriquerequena.com\/fr\/politique-de-cookies\/\" \/>\n<meta property=\"og:locale\" content=\"fr_FR\" \/>\n<meta property=\"og:type\" content=\"article\" \/>\n<meta property=\"og:title\" content=\"Politique de cookies - ENRIQUE REQUENA\" \/>\n<meta property=\"og:description\" content=\"[vc_row][vc_column][vc_column_text text_larger=\u00a0\u00bbno\u00a0\u00bb woodmart_inline=\u00a0\u00bbno\u00a0\u00bb] POLITIQUE DE COOKIES Concept des cookies Les cookies sont un outil utilis\u00e9 par les serveurs Web pour\" \/>\n<meta property=\"og:url\" content=\"https:\/\/www.enriquerequena.com\/fr\/politique-de-cookies\/\" \/>\n<meta property=\"og:site_name\" content=\"ENRIQUE REQUENA\" \/>\n<meta property=\"article:modified_time\" content=\"2021-06-16T08:27:27+00:00\" \/>\n<meta name=\"twitter:card\" content=\"summary_large_image\" \/>\n<meta name=\"twitter:label1\" content=\"Dur\u00e9e de lecture estim\u00e9e\" \/>\n\t<meta name=\"twitter:data1\" content=\"4 minutes\" \/>\n<script type=\"application\/ld+json\" class=\"yoast-schema-graph\">{\"@context\":\"https:\\\/\\\/schema.org\",\"@graph\":[{\"@type\":\"WebPage\",\"@id\":\"https:\\\/\\\/www.enriquerequena.com\\\/fr\\\/politique-de-cookies\\\/\",\"url\":\"https:\\\/\\\/www.enriquerequena.com\\\/fr\\\/politique-de-cookies\\\/\",\"name\":\"Politique de cookies - ENRIQUE REQUENA\",\"isPartOf\":{\"@id\":\"https:\\\/\\\/www.enriquerequena.com\\\/fr\\\/#website\"},\"datePublished\":\"2021-04-20T14:40:15+00:00\",\"dateModified\":\"2021-06-16T08:27:27+00:00\",\"breadcrumb\":{\"@id\":\"https:\\\/\\\/www.enriquerequena.com\\\/fr\\\/politique-de-cookies\\\/#breadcrumb\"},\"inLanguage\":\"fr-FR\",\"potentialAction\":[{\"@type\":\"ReadAction\",\"target\":[\"https:\\\/\\\/www.enriquerequena.com\\\/fr\\\/politique-de-cookies\\\/\"]}]},{\"@type\":\"WebSite\",\"@id\":\"https:\\\/\\\/www.enriquerequena.com\\\/fr\\\/#website\",\"url\":\"https:\\\/\\\/www.enriquerequena.com\\\/fr\\\/\",\"name\":\"ENRIQUE REQUENA\",\"description\":\"Sp\u00e9cialistes des transmissions cardan avec des exp\u00e9ditions dans le monde entier et des pi\u00e8ces d\u00e9tach\u00e9es pour voitures, camions et accessoires \u00e0 Valence, en Espagne. Avec vous depuis 1950!\",\"publisher\":{\"@id\":\"https:\\\/\\\/www.enriquerequena.com\\\/fr\\\/#organization\"},\"potentialAction\":[{\"@type\":\"SearchAction\",\"target\":{\"@type\":\"EntryPoint\",\"urlTemplate\":\"https:\\\/\\\/www.enriquerequena.com\\\/fr\\\/?s={search_term_string}\"},\"query-input\":{\"@type\":\"PropertyValueSpecification\",\"valueRequired\":true,\"valueName\":\"search_term_string\"}}],\"inLanguage\":\"fr-FR\"},{\"@type\":\"Organization\",\"@id\":\"https:\\\/\\\/www.enriquerequena.com\\\/fr\\\/#organization\",\"name\":\"Enrique Requena S.L.\",\"url\":\"https:\\\/\\\/www.enriquerequena.com\\\/fr\\\/\",\"logo\":{\"@type\":\"ImageObject\",\"inLanguage\":\"fr-FR\",\"@id\":\"https:\\\/\\\/www.enriquerequena.com\\\/fr\\\/#\\\/schema\\\/logo\\\/image\\\/\",\"url\":\"https:\\\/\\\/www.enriquerequena.com\\\/wp-content\\\/uploads\\\/2019\\\/11\\\/enrique-requena-recambios-logotipo.jpg\",\"contentUrl\":\"https:\\\/\\\/www.enriquerequena.com\\\/wp-content\\\/uploads\\\/2019\\\/11\\\/enrique-requena-recambios-logotipo.jpg\",\"width\":381,\"height\":75,\"caption\":\"Enrique Requena S.L.\"},\"image\":{\"@id\":\"https:\\\/\\\/www.enriquerequena.com\\\/fr\\\/#\\\/schema\\\/logo\\\/image\\\/\"}}]}<\/script>\n<!-- \/ Yoast SEO plugin. -->","yoast_head_json":{"title":"Politique de cookies - ENRIQUE REQUENA","robots":{"index":"index","follow":"follow","max-snippet":"max-snippet:-1","max-image-preview":"max-image-preview:large","max-video-preview":"max-video-preview:-1"},"canonical":"https:\/\/www.enriquerequena.com\/fr\/politique-de-cookies\/","og_locale":"fr_FR","og_type":"article","og_title":"Politique de cookies - ENRIQUE REQUENA","og_description":"[vc_row][vc_column][vc_column_text text_larger=\u00a0\u00bbno\u00a0\u00bb woodmart_inline=\u00a0\u00bbno\u00a0\u00bb] POLITIQUE DE COOKIES Concept des cookies Les cookies sont un outil utilis\u00e9 par les serveurs Web pour","og_url":"https:\/\/www.enriquerequena.com\/fr\/politique-de-cookies\/","og_site_name":"ENRIQUE REQUENA","article_modified_time":"2021-06-16T08:27:27+00:00","twitter_card":"summary_large_image","twitter_misc":{"Dur\u00e9e de lecture estim\u00e9e":"4 minutes"},"schema":{"@context":"https:\/\/schema.org","@graph":[{"@type":"WebPage","@id":"https:\/\/www.enriquerequena.com\/fr\/politique-de-cookies\/","url":"https:\/\/www.enriquerequena.com\/fr\/politique-de-cookies\/","name":"Politique de cookies - ENRIQUE REQUENA","isPartOf":{"@id":"https:\/\/www.enriquerequena.com\/fr\/#website"},"datePublished":"2021-04-20T14:40:15+00:00","dateModified":"2021-06-16T08:27:27+00:00","breadcrumb":{"@id":"https:\/\/www.enriquerequena.com\/fr\/politique-de-cookies\/#breadcrumb"},"inLanguage":"fr-FR","potentialAction":[{"@type":"ReadAction","target":["https:\/\/www.enriquerequena.com\/fr\/politique-de-cookies\/"]}]},{"@type":"WebSite","@id":"https:\/\/www.enriquerequena.com\/fr\/#website","url":"https:\/\/www.enriquerequena.com\/fr\/","name":"ENRIQUE REQUENA","description":"Sp\u00e9cialistes des transmissions cardan avec des exp\u00e9ditions dans le monde entier et des pi\u00e8ces d\u00e9tach\u00e9es pour voitures, camions et accessoires \u00e0 Valence, en Espagne. Avec vous depuis 1950!","publisher":{"@id":"https:\/\/www.enriquerequena.com\/fr\/#organization"},"potentialAction":[{"@type":"SearchAction","target":{"@type":"EntryPoint","urlTemplate":"https:\/\/www.enriquerequena.com\/fr\/?s={search_term_string}"},"query-input":{"@type":"PropertyValueSpecification","valueRequired":true,"valueName":"search_term_string"}}],"inLanguage":"fr-FR"},{"@type":"Organization","@id":"https:\/\/www.enriquerequena.com\/fr\/#organization","name":"Enrique Requena S.L.","url":"https:\/\/www.enriquerequena.com\/fr\/","logo":{"@type":"ImageObject","inLanguage":"fr-FR","@id":"https:\/\/www.enriquerequena.com\/fr\/#\/schema\/logo\/image\/","url":"https:\/\/www.enriquerequena.com\/wp-content\/uploads\/2019\/11\/enrique-requena-recambios-logotipo.jpg","contentUrl":"https:\/\/www.enriquerequena.com\/wp-content\/uploads\/2019\/11\/enrique-requena-recambios-logotipo.jpg","width":381,"height":75,"caption":"Enrique Requena S.L."},"image":{"@id":"https:\/\/www.enriquerequena.com\/fr\/#\/schema\/logo\/image\/"}}]}},"_links":{"self":[{"href":"https:\/\/www.enriquerequena.com\/fr\/wp-json\/wp\/v2\/pages\/16773","targetHints":{"allow":["GET"]}}],"collection":[{"href":"https:\/\/www.enriquerequena.com\/fr\/wp-json\/wp\/v2\/pages"}],"about":[{"href":"https:\/\/www.enriquerequena.com\/fr\/wp-json\/wp\/v2\/types\/page"}],"author":[{"embeddable":true,"href":"https:\/\/www.enriquerequena.com\/fr\/wp-json\/wp\/v2\/users\/16"}],"replies":[{"embeddable":true,"href":"https:\/\/www.enriquerequena.com\/fr\/wp-json\/wp\/v2\/comments?post=16773"}],"version-history":[{"count":0,"href":"https:\/\/www.enriquerequena.com\/fr\/wp-json\/wp\/v2\/pages\/16773\/revisions"}],"wp:attachment":[{"href":"https:\/\/www.enriquerequena.com\/fr\/wp-json\/wp\/v2\/media?parent=16773"}],"curies":[{"name":"wp","href":"https:\/\/api.w.org\/{rel}","templated":true}]}}