{"id":9559,"date":"2019-11-30T20:55:56","date_gmt":"2019-11-30T20:55:56","guid":{"rendered":"https:\/\/www.enriquerequena.com\/contactar"},"modified":"2024-09-09T19:19:12","modified_gmt":"2024-09-09T17:19:12","slug":"contacter","status":"publish","type":"page","link":"https:\/\/www.enriquerequena.com\/fr\/contacter\/","title":{"rendered":"Contacter"},"content":{"rendered":"<div class=\"wpb-content-wrapper\"><p>[vc_row][vc_column][vc_empty_space height=\u00a0\u00bb30px\u00a0\u00bb woodmart_hide_large=\u00a0\u00bb0&Prime; woodmart_hide_medium=\u00a0\u00bb0&Prime; woodmart_hide_small=\u00a0\u00bb0&Prime; woodmart_hide_extra_small=\u00a0\u00bb0&Prime;][\/vc_column][\/vc_row][vc_section el_class=\u00a0\u00bbcustom-section\u00a0\u00bb mobile_bg_img_hidden=\u00a0\u00bbno\u00a0\u00bb tablet_bg_img_hidden=\u00a0\u00bbno\u00a0\u00bb woodmart_parallax=\u00a0\u00bb0&Prime; woodmart_gradient_switch=\u00a0\u00bbno\u00a0\u00bb woodmart_disable_overflow=\u00a0\u00bb0&Prime;][vc_row][vc_column width=\u00a0\u00bb1\/2&Prime;]\n\t\t<div id=\"wd-5e079e7bcf21a\" class=\"title-wrapper wd-wpb wd-set-mb reset-last-child  wd-rs-5e079e7bcf21a wd-title-color-primary wd-title-style-underlined text-left  wd-underline-colored\">\n\t\t\t\n\t\t\t<div class=\"liner-continer\">\n\t\t\t\t<h3 class=\"woodmart-title-container title  wd-font-weight-700 wd-fontsize-l\" >Contacter<\/h3>\n\t\t\t\t\t\t\t<\/div>\n\t\t\t\n\t\t\t\t\t\t\t<div class=\"title-after_title reset-last-child  wd-fontsize-xs\">Envoyez-nous votre demande \u00e0 Enrique Requena et nous vous r\u00e9pondrons dans les plus brefs d\u00e9lais.<\/div>\n\t\t\t\n\t\t\t\n\t\t<\/div>\n\t\t\n\t\t\n\t\t<ul class=\" wd-rs-66df2dbfc6aaf wd-list wd-wpb color-scheme- wd-fontsize-s wd-type-icon wd-style-default text-left \" id=\"wd-66df2dbfc6aaf\">\n\t\t\t\t\t\t\t\t\t\t\t<li>\n\t\t\t\t\t<span class=\"wd-icon fa fa-map-marker\"><\/span>\n\t\t\t\t\t<span class=\"wd-list-content list-content\">\n\t\t\t\t\t\t\t\t\t\t\t\t\t<a href=\"https:\/\/goo.gl\/maps\/Gis6YpcvV9DX6kPE8\">C\/ Profesor \u00c1ngel Lacalle, 25 \u00b7 46014 \u00b7 Valence \u00b7 (Spagne)<\/a>\t\t\t\t\t\t\t\t\t\t\t<\/span>\n\t\t\t\t<\/li>\n\t\t\t\t\t<\/ul>\n\t\t\n\t\t<ul class=\" wd-rs-5de2d83b0e808 wd-list wd-wpb color-scheme- wd-fontsize-s wd-type-icon wd-style-default text-left \" id=\"wd-5de2d83b0e808\">\n\t\t\t\t\t\t\t\t\t\t\t<li>\n\t\t\t\t\t<span class=\"wd-icon fa fa-envelope-o\"><\/span>\n\t\t\t\t\t<span class=\"wd-list-content list-content\">\n\t\t\t\t\t\t\t\t\t\t\t\t\t<a href=\"mailto:web@enriquerequena.com\">web@enriquerequena.com<\/a>\t\t\t\t\t\t\t\t\t\t\t<\/span>\n\t\t\t\t<\/li>\n\t\t\t\t\t<\/ul>\n\t\t\n\t\t<ul class=\" wd-rs-63e24c8b9921f wd-list wd-wpb color-scheme- wd-fontsize-s wd-type-icon wd-style-default text-left \" id=\"wd-63e24c8b9921f\">\n\t\t\t\t\t\t\t\t\t\t\t<li>\n\t\t\t\t\t<span class=\"wd-icon fas fa-phone-alt\"><\/span>\n\t\t\t\t\t<span class=\"wd-list-content list-content\">\n\t\t\t\t\t\t\t\t\t\t\t\t\t<a href=\"tel:+34963841538\">+34 963 841 538<\/a>\t\t\t\t\t\t\t\t\t\t\t<\/span>\n\t\t\t\t<\/li>\n\t\t\t\t\t<\/ul>\n\t\t\n\t\t<ul class=\" wd-rs-5de2d87df1d19 wd-list wd-wpb color-scheme- wd-fontsize-s wd-type-icon wd-style-default text-left \" id=\"wd-5de2d87df1d19\">\n\t\t\t\t\t\t\t\t\t\t\t<li>\n\t\t\t\t\t<span class=\"wd-icon fa fa-whatsapp\"><\/span>\n\t\t\t\t\t<span class=\"wd-list-content list-content\">\n\t\t\t\t\t\t\t\t\t\t\t\t\t<a href=\"tel:+34601257265\">+34 601 257 265<\/a>\t\t\t\t\t\t\t\t\t\t\t<\/span>\n\t\t\t\t<\/li>\n\t\t\t\t\t<\/ul>\n\t\t[\/vc_column][vc_column width=\u00a0\u00bb1\/2&Prime;]\n<div class=\"wpcf7 no-js\" id=\"wpcf7-f9567-o1\" lang=\"es-ES\" dir=\"ltr\" data-wpcf7-id=\"9567\">\n<div class=\"screen-reader-response\"><p role=\"status\" aria-live=\"polite\" aria-atomic=\"true\"><\/p> <ul><\/ul><\/div>\n<form action=\"\/fr\/wp-json\/wp\/v2\/pages\/9559#wpcf7-f9567-o1\" method=\"post\" class=\"wpcf7-form init\" aria-label=\"Formulario de contacto\" novalidate=\"novalidate\" data-status=\"init\">\n<fieldset class=\"hidden-fields-container\"><input type=\"hidden\" name=\"_wpcf7\" value=\"9567\" \/><input type=\"hidden\" name=\"_wpcf7_version\" value=\"6.1.5\" \/><input type=\"hidden\" name=\"_wpcf7_locale\" value=\"es_ES\" \/><input type=\"hidden\" name=\"_wpcf7_unit_tag\" value=\"wpcf7-f9567-o1\" \/><input type=\"hidden\" name=\"_wpcf7_container_post\" value=\"0\" \/><input type=\"hidden\" name=\"_wpcf7_posted_data_hash\" value=\"\" \/>\n<\/fieldset>\n<div class=\"row\">\n\t<div class=\"col-md-6\">\n\t\t<p><span class=\"wpcf7-form-control-wrap\" data-name=\"nombre-cliente\"><input size=\"40\" maxlength=\"400\" class=\"wpcf7-form-control wpcf7-text wpcf7-validates-as-required\" aria-required=\"true\" aria-invalid=\"false\" placeholder=\"Nom (obligatoire)\" value=\"\" type=\"text\" name=\"nombre-cliente\" \/><\/span>\n\t\t<\/p>\n\t<\/div>\n\t<div class=\"col-md-6\">\n\t\t<p><span class=\"wpcf7-form-control-wrap\" data-name=\"telefono-cliente\"><input size=\"40\" maxlength=\"400\" class=\"wpcf7-form-control wpcf7-tel wpcf7-validates-as-required wpcf7-text wpcf7-validates-as-tel\" aria-required=\"true\" aria-invalid=\"false\" placeholder=\"T\u00e9l\u00e9phone (obligatoire)\" value=\"\" type=\"tel\" name=\"telefono-cliente\" \/><\/span>\n\t\t<\/p>\n\t<\/div>\n<\/div>\n<div class=\"row\">\n\t<div class=\"col-md-12\">\n\t\t<p><span class=\"wpcf7-form-control-wrap\" data-name=\"email-cliente\"><input size=\"40\" maxlength=\"400\" class=\"wpcf7-form-control wpcf7-email wpcf7-validates-as-required wpcf7-text wpcf7-validates-as-email\" aria-required=\"true\" aria-invalid=\"false\" placeholder=\"Email (obligatoire)\" value=\"\" type=\"email\" name=\"email-cliente\" \/><\/span>\n\t\t<\/p>\n\t<\/div>\n<\/div>\n<div class=\"row\">\n\t<div class=\"col-md-12\">\n\t\t<p><span class=\"wpcf7-form-control-wrap\" data-name=\"mensaje-cliente\"><textarea cols=\"40\" rows=\"10\" maxlength=\"2000\" class=\"wpcf7-form-control wpcf7-textarea wpcf7-validates-as-required\" aria-required=\"true\" aria-invalid=\"false\" placeholder=\"Message (obligatoire)\" name=\"mensaje-cliente\"><\/textarea><\/span>\n\t\t<\/p>\n\t<\/div>\n<\/div>\n<div class=\"row\">\n\t<div class=\"col-md-12\">\n\t\t<p><span class=\"wpcf7-form-control-wrap\" data-name=\"texto-legal\"><span class=\"wpcf7-form-control wpcf7-acceptance\"><span class=\"wpcf7-list-item\"><input type=\"checkbox\" name=\"texto-legal\" value=\"1\" aria-invalid=\"false\" \/><\/span><\/span><\/span> J'ai lu et j'accepte les <a class=\"link-acept-privacidad\" href=\"https:\/\/www.enriquerequena.com\/fr\/mentions-legales\/\">Mentions L\u00e9gales<\/a>\n\t\t<\/p>\n\t<\/div>\n<\/div>\n<div class=\"col-md-12\">\n\t<p>[recaptcha size:compact]\n\t<\/p>\n<\/div>\n<div class=\"row\">\n\t<div class=\"row\">\n\t\t<div class=\"col-md-12\">\n\t\t\t<div class=\"cf7-cf-turnstile\" style=\"margin-top: 0px; margin-bottom: -15px;\"> <div id=\"cf-turnstile-cf7-1214396238\" class=\"cf-turnstile\" data-sitekey=\"0x4AAAAAAAW4BJiH8FnvN0Cw\" data-theme=\"light\" data-language=\"auto\" data-size=\"normal\" data-retry=\"auto\" data-retry-interval=\"1000\" data-refresh-expired=\"auto\" data-refresh-timeout=\"auto\" data-action=\"contact-form-7\" data-callback=\"turnstileCF7Callback\" data-appearance=\"always\"><\/div> <script>document.addEventListener(\"DOMContentLoaded\", function() { setTimeout(function(){ var e=document.getElementById(\"cf-turnstile-cf7-1214396238\"); if(e&&!e.innerHTML.trim()){turnstile.render(e, {sitekey:\"0x4AAAAAAAW4BJiH8FnvN0Cw\"});} }, 200); });<\/script> <br class=\"cf-turnstile-br cf-turnstile-br-cf7-1214396238\"> <style>#cf-turnstile-cf7-1214396238 { margin-left: -15px; }<\/style> <script>document.addEventListener(\"DOMContentLoaded\",function(){document.querySelectorAll('.wpcf7-form').forEach(function(e){e.addEventListener('submit',function(){if(document.getElementById('cf-turnstile-cf7-1214396238')){setTimeout(function(){turnstile.reset('#cf-turnstile-cf7-1214396238');},1000)}})})});<\/script> <\/div><br\/><input class=\"wpcf7-form-control wpcf7-submit has-spinner\" type=\"submit\" value=\"Envoyer\" \/>\n\t\t\t<\/p>\n\t\t<\/div>\n\t<\/div>\n<\/div><div class=\"wpcf7-response-output\" aria-hidden=\"true\"><\/div>\n<\/form>\n<\/div>\n[\/vc_column][\/vc_row][\/vc_section][vc_row][vc_column][vc_empty_space height=\u00a0\u00bb50px\u00a0\u00bb woodmart_hide_large=\u00a0\u00bb0&Prime; woodmart_hide_medium=\u00a0\u00bb0&Prime; woodmart_hide_small=\u00a0\u00bb0&Prime; woodmart_hide_extra_small=\u00a0\u00bb0&Prime;][\/vc_column][\/vc_row][vc_section full_width=\u00a0\u00bbstretch_row_content\u00a0\u00bb el_class=\u00a0\u00bbcustom-section\u00a0\u00bb mobile_bg_img_hidden=\u00a0\u00bbno\u00a0\u00bb tablet_bg_img_hidden=\u00a0\u00bbno\u00a0\u00bb woodmart_parallax=\u00a0\u00bb0&Prime; woodmart_gradient_switch=\u00a0\u00bbno\u00a0\u00bb woodmart_disable_overflow=\u00a0\u00bb0&Prime;][vc_row full_width=\u00a0\u00bbstretch_row_content_no_spaces\u00a0\u00bb mobile_bg_img_hidden=\u00a0\u00bbno\u00a0\u00bb tablet_bg_img_hidden=\u00a0\u00bbno\u00a0\u00bb woodmart_parallax=\u00a0\u00bb0&Prime; woodmart_gradient_switch=\u00a0\u00bbno\u00a0\u00bb row_reverse_mobile=\u00a0\u00bb0&Prime; row_reverse_tablet=\u00a0\u00bb0&Prime; woodmart_disable_overflow=\u00a0\u00bb0&Prime; css=\u00a0\u00bb.vc_custom_1575148214263{margin-bottom: 20px !important;}\u00a0\u00bb][vc_column][vc_gmaps link=\u00a0\u00bb#E-8_JTNDaWZyYW1lJTIwc3JjJTNEJTIyaHR0cHMlM0ElMkYlMkZ3d3cuZ29vZ2xlLmNvbSUyRm1hcHMlMkZlbWJlZCUzRnBiJTNEJTIxMW0xOCUyMTFtMTIlMjExbTMlMjExZDMwNzkuOTMzOTM5NDc2MzQ5JTIxMmQtMC4zOTU2MTA2ODQ3OTg5NjQ3JTIxM2QzOS40NzA4MjEwNzk0ODYzNiUyMTJtMyUyMTFmMCUyMTJmMCUyMTNmMCUyMTNtMiUyMTFpMTAyNCUyMTJpNzY4JTIxNGYxMy4xJTIxM20zJTIxMW0yJTIxMXMweGQ2MDRmNDIwNjc0NDg1ZiUyNTNBMHg4MTJmNjY3ODYwYWU0ZTViJTIxMnNFTlJJUVVFJTI1MjBSRVFVRU5BJTI1MjBTLkwuVSUyMTVlMCUyMTNtMiUyMTFzZXMlMjEyc2VzJTIxNHYxNTc1MTQ3MTA5NDE4JTIxNW0yJTIxMXNlcyUyMTJzZXMlMjIlMjB3aWR0aCUzRCUyMjYwMCUyMiUyMGhlaWdodCUzRCUyMjQ1MCUyMiUyMGZyYW1lYm9yZGVyJTNEJTIyMCUyMiUyMHN0eWxlJTNEJTIyYm9yZGVyJTNBMCUzQiUyMiUyMGFsbG93ZnVsbHNjcmVlbiUzRCUyMiUyMiUzRSUzQyUyRmlmcmFtZSUzRQ==\u00a0\u00bb][\/vc_column][\/vc_row][\/vc_section]<\/p>\n<\/div>","protected":false},"excerpt":{"rendered":"<p>[vc_row][vc_column][vc_empty_space height=\u00a0\u00bb30px\u00a0\u00bb woodmart_hide_large=\u00a0\u00bb0&Prime; woodmart_hide_medium=\u00a0\u00bb0&Prime; woodmart_hide_small=\u00a0\u00bb0&Prime; woodmart_hide_extra_small=\u00a0\u00bb0&Prime;][\/vc_column][\/vc_row][vc_section el_class=\u00a0\u00bbcustom-section\u00a0\u00bb mobile_bg_img_hidden=\u00a0\u00bbno\u00a0\u00bb tablet_bg_img_hidden=\u00a0\u00bbno\u00a0\u00bb woodmart_parallax=\u00a0\u00bb0&Prime; woodmart_gradient_switch=\u00a0\u00bbno\u00a0\u00bb woodmart_disable_overflow=\u00a0\u00bb0&Prime;][vc_row][vc_column width=\u00a0\u00bb1\/2&Prime;][\/vc_column][vc_column width=\u00a0\u00bb1\/2&Prime;][\/vc_column][\/vc_row][\/vc_section][vc_row][vc_column][vc_empty_space height=\u00a0\u00bb50px\u00a0\u00bb woodmart_hide_large=\u00a0\u00bb0&Prime; woodmart_hide_medium=\u00a0\u00bb0&Prime; woodmart_hide_small=\u00a0\u00bb0&Prime; woodmart_hide_extra_small=\u00a0\u00bb0&Prime;][\/vc_column][\/vc_row][vc_section full_width=\u00a0\u00bbstretch_row_content\u00a0\u00bb<\/p>\n","protected":false},"author":944,"featured_media":0,"parent":0,"menu_order":7,"comment_status":"closed","ping_status":"closed","template":"","meta":{"footnotes":""},"class_list":["post-9559","page","type-page","status-publish","hentry"],"yoast_head":"<!-- This site is optimized with the Yoast SEO plugin v27.5 - https:\/\/yoast.com\/product\/yoast-seo-wordpress\/ -->\n<title>Contacter - ENRIQUE REQUENA<\/title>\n<meta name=\"robots\" content=\"index, follow, max-snippet:-1, max-image-preview:large, max-video-preview:-1\" \/>\n<link rel=\"canonical\" href=\"https:\/\/www.enriquerequena.com\/fr\/contacter\/\" \/>\n<meta property=\"og:locale\" content=\"fr_FR\" \/>\n<meta property=\"og:type\" content=\"article\" \/>\n<meta property=\"og:title\" content=\"Contacter - ENRIQUE REQUENA\" \/>\n<meta property=\"og:description\" content=\"[vc_row][vc_column][vc_empty_space height=\u00a0\u00bb30px\u00a0\u00bb woodmart_hide_large=\u00a0\u00bb0&Prime; woodmart_hide_medium=\u00a0\u00bb0&Prime; woodmart_hide_small=\u00a0\u00bb0&Prime; woodmart_hide_extra_small=\u00a0\u00bb0&Prime;][\/vc_column][\/vc_row][vc_section el_class=\u00a0\u00bbcustom-section\u00a0\u00bb mobile_bg_img_hidden=\u00a0\u00bbno\u00a0\u00bb tablet_bg_img_hidden=\u00a0\u00bbno\u00a0\u00bb woodmart_parallax=\u00a0\u00bb0&Prime; woodmart_gradient_switch=\u00a0\u00bbno\u00a0\u00bb woodmart_disable_overflow=\u00a0\u00bb0&Prime;][vc_row][vc_column width=\u00a0\u00bb1\/2&Prime;][\/vc_column][vc_column width=\u00a0\u00bb1\/2&Prime;][\/vc_column][\/vc_row][\/vc_section][vc_row][vc_column][vc_empty_space height=\u00a0\u00bb50px\u00a0\u00bb woodmart_hide_large=\u00a0\u00bb0&Prime; woodmart_hide_medium=\u00a0\u00bb0&Prime; woodmart_hide_small=\u00a0\u00bb0&Prime; woodmart_hide_extra_small=\u00a0\u00bb0&Prime;][\/vc_column][\/vc_row][vc_section full_width=\u00a0\u00bbstretch_row_content\u00a0\u00bb\" \/>\n<meta property=\"og:url\" content=\"https:\/\/www.enriquerequena.com\/fr\/contacter\/\" \/>\n<meta property=\"og:site_name\" content=\"ENRIQUE REQUENA\" \/>\n<meta property=\"article:modified_time\" content=\"2024-09-09T17:19:12+00:00\" \/>\n<meta name=\"twitter:card\" content=\"summary_large_image\" \/>\n<meta name=\"twitter:label1\" content=\"Dur\u00e9e de lecture estim\u00e9e\" \/>\n\t<meta name=\"twitter:data1\" content=\"1 minute\" \/>\n<script type=\"application\/ld+json\" class=\"yoast-schema-graph\">{\"@context\":\"https:\\\/\\\/schema.org\",\"@graph\":[{\"@type\":\"WebPage\",\"@id\":\"https:\\\/\\\/www.enriquerequena.com\\\/fr\\\/contacter\\\/\",\"url\":\"https:\\\/\\\/www.enriquerequena.com\\\/fr\\\/contacter\\\/\",\"name\":\"Contacter - ENRIQUE REQUENA\",\"isPartOf\":{\"@id\":\"https:\\\/\\\/www.enriquerequena.com\\\/fr\\\/#website\"},\"datePublished\":\"2019-11-30T20:55:56+00:00\",\"dateModified\":\"2024-09-09T17:19:12+00:00\",\"breadcrumb\":{\"@id\":\"https:\\\/\\\/www.enriquerequena.com\\\/fr\\\/contacter\\\/#breadcrumb\"},\"inLanguage\":\"fr-FR\",\"potentialAction\":[{\"@type\":\"ReadAction\",\"target\":[\"https:\\\/\\\/www.enriquerequena.com\\\/fr\\\/contacter\\\/\"]}]},{\"@type\":\"WebSite\",\"@id\":\"https:\\\/\\\/www.enriquerequena.com\\\/fr\\\/#website\",\"url\":\"https:\\\/\\\/www.enriquerequena.com\\\/fr\\\/\",\"name\":\"ENRIQUE REQUENA\",\"description\":\"Sp\u00e9cialistes des transmissions cardan avec des exp\u00e9ditions dans le monde entier et des pi\u00e8ces d\u00e9tach\u00e9es pour voitures, camions et accessoires \u00e0 Valence, en Espagne. Avec vous depuis 1950!\",\"publisher\":{\"@id\":\"https:\\\/\\\/www.enriquerequena.com\\\/fr\\\/#organization\"},\"potentialAction\":[{\"@type\":\"SearchAction\",\"target\":{\"@type\":\"EntryPoint\",\"urlTemplate\":\"https:\\\/\\\/www.enriquerequena.com\\\/fr\\\/?s={search_term_string}\"},\"query-input\":{\"@type\":\"PropertyValueSpecification\",\"valueRequired\":true,\"valueName\":\"search_term_string\"}}],\"inLanguage\":\"fr-FR\"},{\"@type\":\"Organization\",\"@id\":\"https:\\\/\\\/www.enriquerequena.com\\\/fr\\\/#organization\",\"name\":\"Enrique Requena S.L.\",\"url\":\"https:\\\/\\\/www.enriquerequena.com\\\/fr\\\/\",\"logo\":{\"@type\":\"ImageObject\",\"inLanguage\":\"fr-FR\",\"@id\":\"https:\\\/\\\/www.enriquerequena.com\\\/fr\\\/#\\\/schema\\\/logo\\\/image\\\/\",\"url\":\"https:\\\/\\\/www.enriquerequena.com\\\/wp-content\\\/uploads\\\/2019\\\/11\\\/enrique-requena-recambios-logotipo.jpg\",\"contentUrl\":\"https:\\\/\\\/www.enriquerequena.com\\\/wp-content\\\/uploads\\\/2019\\\/11\\\/enrique-requena-recambios-logotipo.jpg\",\"width\":381,\"height\":75,\"caption\":\"Enrique Requena S.L.\"},\"image\":{\"@id\":\"https:\\\/\\\/www.enriquerequena.com\\\/fr\\\/#\\\/schema\\\/logo\\\/image\\\/\"}}]}<\/script>\n<!-- \/ Yoast SEO plugin. -->","yoast_head_json":{"title":"Contacter - ENRIQUE REQUENA","robots":{"index":"index","follow":"follow","max-snippet":"max-snippet:-1","max-image-preview":"max-image-preview:large","max-video-preview":"max-video-preview:-1"},"canonical":"https:\/\/www.enriquerequena.com\/fr\/contacter\/","og_locale":"fr_FR","og_type":"article","og_title":"Contacter - ENRIQUE REQUENA","og_description":"[vc_row][vc_column][vc_empty_space height=\u00a0\u00bb30px\u00a0\u00bb woodmart_hide_large=\u00a0\u00bb0&Prime; woodmart_hide_medium=\u00a0\u00bb0&Prime; woodmart_hide_small=\u00a0\u00bb0&Prime; woodmart_hide_extra_small=\u00a0\u00bb0&Prime;][\/vc_column][\/vc_row][vc_section el_class=\u00a0\u00bbcustom-section\u00a0\u00bb mobile_bg_img_hidden=\u00a0\u00bbno\u00a0\u00bb tablet_bg_img_hidden=\u00a0\u00bbno\u00a0\u00bb woodmart_parallax=\u00a0\u00bb0&Prime; woodmart_gradient_switch=\u00a0\u00bbno\u00a0\u00bb woodmart_disable_overflow=\u00a0\u00bb0&Prime;][vc_row][vc_column width=\u00a0\u00bb1\/2&Prime;][\/vc_column][vc_column width=\u00a0\u00bb1\/2&Prime;][\/vc_column][\/vc_row][\/vc_section][vc_row][vc_column][vc_empty_space height=\u00a0\u00bb50px\u00a0\u00bb woodmart_hide_large=\u00a0\u00bb0&Prime; woodmart_hide_medium=\u00a0\u00bb0&Prime; woodmart_hide_small=\u00a0\u00bb0&Prime; woodmart_hide_extra_small=\u00a0\u00bb0&Prime;][\/vc_column][\/vc_row][vc_section full_width=\u00a0\u00bbstretch_row_content\u00a0\u00bb","og_url":"https:\/\/www.enriquerequena.com\/fr\/contacter\/","og_site_name":"ENRIQUE REQUENA","article_modified_time":"2024-09-09T17:19:12+00:00","twitter_card":"summary_large_image","twitter_misc":{"Dur\u00e9e de lecture estim\u00e9e":"1 minute"},"schema":{"@context":"https:\/\/schema.org","@graph":[{"@type":"WebPage","@id":"https:\/\/www.enriquerequena.com\/fr\/contacter\/","url":"https:\/\/www.enriquerequena.com\/fr\/contacter\/","name":"Contacter - ENRIQUE REQUENA","isPartOf":{"@id":"https:\/\/www.enriquerequena.com\/fr\/#website"},"datePublished":"2019-11-30T20:55:56+00:00","dateModified":"2024-09-09T17:19:12+00:00","breadcrumb":{"@id":"https:\/\/www.enriquerequena.com\/fr\/contacter\/#breadcrumb"},"inLanguage":"fr-FR","potentialAction":[{"@type":"ReadAction","target":["https:\/\/www.enriquerequena.com\/fr\/contacter\/"]}]},{"@type":"WebSite","@id":"https:\/\/www.enriquerequena.com\/fr\/#website","url":"https:\/\/www.enriquerequena.com\/fr\/","name":"ENRIQUE REQUENA","description":"Sp\u00e9cialistes des transmissions cardan avec des exp\u00e9ditions dans le monde entier et des pi\u00e8ces d\u00e9tach\u00e9es pour voitures, camions et accessoires \u00e0 Valence, en Espagne. Avec vous depuis 1950!","publisher":{"@id":"https:\/\/www.enriquerequena.com\/fr\/#organization"},"potentialAction":[{"@type":"SearchAction","target":{"@type":"EntryPoint","urlTemplate":"https:\/\/www.enriquerequena.com\/fr\/?s={search_term_string}"},"query-input":{"@type":"PropertyValueSpecification","valueRequired":true,"valueName":"search_term_string"}}],"inLanguage":"fr-FR"},{"@type":"Organization","@id":"https:\/\/www.enriquerequena.com\/fr\/#organization","name":"Enrique Requena S.L.","url":"https:\/\/www.enriquerequena.com\/fr\/","logo":{"@type":"ImageObject","inLanguage":"fr-FR","@id":"https:\/\/www.enriquerequena.com\/fr\/#\/schema\/logo\/image\/","url":"https:\/\/www.enriquerequena.com\/wp-content\/uploads\/2019\/11\/enrique-requena-recambios-logotipo.jpg","contentUrl":"https:\/\/www.enriquerequena.com\/wp-content\/uploads\/2019\/11\/enrique-requena-recambios-logotipo.jpg","width":381,"height":75,"caption":"Enrique Requena S.L."},"image":{"@id":"https:\/\/www.enriquerequena.com\/fr\/#\/schema\/logo\/image\/"}}]}},"_links":{"self":[{"href":"https:\/\/www.enriquerequena.com\/fr\/wp-json\/wp\/v2\/pages\/9559","targetHints":{"allow":["GET"]}}],"collection":[{"href":"https:\/\/www.enriquerequena.com\/fr\/wp-json\/wp\/v2\/pages"}],"about":[{"href":"https:\/\/www.enriquerequena.com\/fr\/wp-json\/wp\/v2\/types\/page"}],"author":[{"embeddable":true,"href":"https:\/\/www.enriquerequena.com\/fr\/wp-json\/wp\/v2\/users\/944"}],"replies":[{"embeddable":true,"href":"https:\/\/www.enriquerequena.com\/fr\/wp-json\/wp\/v2\/comments?post=9559"}],"version-history":[{"count":0,"href":"https:\/\/www.enriquerequena.com\/fr\/wp-json\/wp\/v2\/pages\/9559\/revisions"}],"wp:attachment":[{"href":"https:\/\/www.enriquerequena.com\/fr\/wp-json\/wp\/v2\/media?parent=9559"}],"curies":[{"name":"wp","href":"https:\/\/api.w.org\/{rel}","templated":true}]}}