{"id":10251,"date":"2020-02-23T15:01:24","date_gmt":"2020-02-23T14:01:25","guid":{"rendered":"https:\/\/www.enriquerequena.com\/?post_type=product&#038;p=10251"},"modified":"2023-02-07T17:06:25","modified_gmt":"2023-02-07T16:06:25","slug":"alternateur-psa-fiat-9662731680","status":"publish","type":"product","link":"https:\/\/www.enriquerequena.com\/fr\/tienda-online\/pieces-rechange-voiture\/alternateur\/alternateur-psa-fiat-9662731680\/","title":{"rendered":"Alternateur Psa Fiat 9662731680"},"content":{"rendered":"<div class=\"wpb-content-wrapper\"><p>[vc_row][vc_column][vc_column_text text_larger=\u00a0\u00bbno\u00a0\u00bb]<\/p>\n<div class=\"about_title\">Informations sur le produit:<\/div>\n<ul class=\"criteria\">\n<li class=\"important\"><span class=\"lf\">Courant de charge de l&rsquo;alternateur (A):<\/span><span class=\"rg\"><b>150<\/b><\/span><\/li>\n<li class=\"important\"><span class=\"lf\">Poulie pour courroies &#8211; \u00d8 [mm]:<\/span><span class=\"rg\"><b>54<\/b><\/span><\/li>\n<li class=\"important\"><span class=\"lf\">Poulies:<\/span><span class=\"rg\"><b>avec poulie d\u00e9brayable<\/b><\/span><\/li>\n<li class=\"important\"><span class=\"lf\">Nombre de gorges:<\/span><span class=\"rg\"><b>6<\/b><\/span><\/li>\n<li class=\"important\"><span class=\"lf\">R\u00e9cup\u00e9ration de la pi\u00e8ce us\u00e9 non-n\u00e9cessaire<\/span><\/li>\n<li class=\"important\"><span class=\"lf\">Pi\u00e8ce neuve sans consigne<\/span><\/li>\n<li class=\"important\"><span class=\"lf\">Tension de charge [V]:<\/span><span class=\"rg\">14<\/span><\/li>\n<li class=\"important\"><span class=\"lc\">L&rsquo;\u00e9tat \u00a0<\/span><span class=\"rc\">Neuf<\/span><\/li>\n<\/ul>\n<p>[\/vc_column_text][\/vc_column][\/vc_row][vc_row][vc_column][vc_column_text]<\/p>\n<p>[\/vc_column_text][\/vc_column][\/vc_row]<\/p>\n<\/div>","protected":false},"excerpt":{"rendered":"<p>Alternateur Psa Fiat neuf avec deux ans de garantie et r\u00e9f\u00e9rence 9662731680 en ligne ici.<\/p>\n","protected":false},"featured_media":10540,"template":"","meta":[],"product_brand":[],"product_cat":[192,135],"product_tag":[],"class_list":{"0":"post-10251","1":"product","2":"type-product","3":"status-publish","4":"has-post-thumbnail","6":"product_cat-alternateur","7":"product_cat-pieces-rechange-voiture","8":"pa_manufacturer-mercedes-benz","9":"pa_manufacturer-volkswagen","10":"pa_tipo-auto","12":"first","13":"instock","14":"taxable","15":"shipping-taxable","16":"purchasable","17":"product-type-simple"},"yoast_head":"<!-- This site is optimized with the Yoast SEO plugin v27.5 - https:\/\/yoast.com\/product\/yoast-seo-wordpress\/ -->\n<title>Alternateur Psa Fiat 9662731680 - Acheter en Ligne - Enrique Requena -<\/title>\n<meta name=\"description\" content=\"Alternateur Psa Fiat neuf avec deux ans de garantie et r\u00e9f\u00e9rence 9662731680 en ligne ici. Demandez-nous si vous recherchez un autre alternateur.\" \/>\n<meta name=\"robots\" content=\"index, follow, max-snippet:-1, max-image-preview:large, max-video-preview:-1\" \/>\n<link rel=\"canonical\" href=\"https:\/\/www.enriquerequena.com\/fr\/tienda-online\/pieces-rechange-voiture\/alternateur\/alternateur-psa-fiat-9662731680\/\" \/>\n<meta property=\"og:locale\" content=\"fr_FR\" \/>\n<meta property=\"og:type\" content=\"article\" \/>\n<meta property=\"og:title\" content=\"Alternateur Psa Fiat 9662731680 - Acheter en Ligne - Enrique Requena -\" \/>\n<meta property=\"og:description\" content=\"Alternateur Psa Fiat neuf avec deux ans de garantie et r\u00e9f\u00e9rence 9662731680 en ligne ici. Demandez-nous si vous recherchez un autre alternateur.\" \/>\n<meta property=\"og:url\" content=\"https:\/\/www.enriquerequena.com\/fr\/tienda-online\/pieces-rechange-voiture\/alternateur\/alternateur-psa-fiat-9662731680\/\" \/>\n<meta property=\"og:site_name\" content=\"ENRIQUE REQUENA\" \/>\n<meta property=\"article:modified_time\" content=\"2023-02-07T16:06:25+00:00\" \/>\n<meta property=\"og:image\" content=\"https:\/\/www.enriquerequena.com\/wp-content\/uploads\/2020\/02\/9662713680-F8637471-ALTERNADOR-ALTERNATEUR-ALTERNATOR.jpg\" \/>\n\t<meta property=\"og:image:width\" content=\"800\" \/>\n\t<meta property=\"og:image:height\" content=\"800\" \/>\n\t<meta property=\"og:image:type\" content=\"image\/jpeg\" \/>\n<meta name=\"twitter:card\" content=\"summary_large_image\" \/>\n<script type=\"application\/ld+json\" class=\"yoast-schema-graph\">{\"@context\":\"https:\\\/\\\/schema.org\",\"@graph\":[{\"@type\":\"WebPage\",\"@id\":\"https:\\\/\\\/www.enriquerequena.com\\\/fr\\\/tienda-online\\\/pieces-rechange-voiture\\\/alternateur\\\/alternateur-psa-fiat-9662731680\\\/\",\"url\":\"https:\\\/\\\/www.enriquerequena.com\\\/fr\\\/tienda-online\\\/pieces-rechange-voiture\\\/alternateur\\\/alternateur-psa-fiat-9662731680\\\/\",\"name\":\"Alternateur Psa Fiat 9662731680 - Acheter en Ligne - Enrique Requena -\",\"isPartOf\":{\"@id\":\"https:\\\/\\\/www.enriquerequena.com\\\/fr\\\/#website\"},\"primaryImageOfPage\":{\"@id\":\"https:\\\/\\\/www.enriquerequena.com\\\/fr\\\/tienda-online\\\/pieces-rechange-voiture\\\/alternateur\\\/alternateur-psa-fiat-9662731680\\\/#primaryimage\"},\"image\":{\"@id\":\"https:\\\/\\\/www.enriquerequena.com\\\/fr\\\/tienda-online\\\/pieces-rechange-voiture\\\/alternateur\\\/alternateur-psa-fiat-9662731680\\\/#primaryimage\"},\"thumbnailUrl\":\"https:\\\/\\\/www.enriquerequena.com\\\/wp-content\\\/uploads\\\/2020\\\/02\\\/9662713680-F8637471-ALTERNADOR-ALTERNATEUR-ALTERNATOR.jpg\",\"datePublished\":\"2020-02-23T14:01:25+00:00\",\"dateModified\":\"2023-02-07T16:06:25+00:00\",\"description\":\"Alternateur Psa Fiat neuf avec deux ans de garantie et r\u00e9f\u00e9rence 9662731680 en ligne ici. Demandez-nous si vous recherchez un autre alternateur.\",\"breadcrumb\":{\"@id\":\"https:\\\/\\\/www.enriquerequena.com\\\/fr\\\/tienda-online\\\/pieces-rechange-voiture\\\/alternateur\\\/alternateur-psa-fiat-9662731680\\\/#breadcrumb\"},\"inLanguage\":\"fr-FR\",\"potentialAction\":[{\"@type\":\"ReadAction\",\"target\":[\"https:\\\/\\\/www.enriquerequena.com\\\/fr\\\/tienda-online\\\/pieces-rechange-voiture\\\/alternateur\\\/alternateur-psa-fiat-9662731680\\\/\"]}]},{\"@type\":\"ImageObject\",\"inLanguage\":\"fr-FR\",\"@id\":\"https:\\\/\\\/www.enriquerequena.com\\\/fr\\\/tienda-online\\\/pieces-rechange-voiture\\\/alternateur\\\/alternateur-psa-fiat-9662731680\\\/#primaryimage\",\"url\":\"https:\\\/\\\/www.enriquerequena.com\\\/wp-content\\\/uploads\\\/2020\\\/02\\\/9662713680-F8637471-ALTERNADOR-ALTERNATEUR-ALTERNATOR.jpg\",\"contentUrl\":\"https:\\\/\\\/www.enriquerequena.com\\\/wp-content\\\/uploads\\\/2020\\\/02\\\/9662713680-F8637471-ALTERNADOR-ALTERNATEUR-ALTERNATOR.jpg\",\"width\":800,\"height\":800,\"caption\":\"9662713680, F8637471, ALTERNADOR, ALTERNATEUR, ALTERNATOR\"},{\"@type\":\"WebSite\",\"@id\":\"https:\\\/\\\/www.enriquerequena.com\\\/fr\\\/#website\",\"url\":\"https:\\\/\\\/www.enriquerequena.com\\\/fr\\\/\",\"name\":\"ENRIQUE REQUENA\",\"description\":\"Sp\u00e9cialistes des transmissions cardan avec des exp\u00e9ditions dans le monde entier et des pi\u00e8ces d\u00e9tach\u00e9es pour voitures, camions et accessoires \u00e0 Valence, en Espagne. Avec vous depuis 1950!\",\"publisher\":{\"@id\":\"https:\\\/\\\/www.enriquerequena.com\\\/fr\\\/#organization\"},\"potentialAction\":[{\"@type\":\"SearchAction\",\"target\":{\"@type\":\"EntryPoint\",\"urlTemplate\":\"https:\\\/\\\/www.enriquerequena.com\\\/fr\\\/?s={search_term_string}\"},\"query-input\":{\"@type\":\"PropertyValueSpecification\",\"valueRequired\":true,\"valueName\":\"search_term_string\"}}],\"inLanguage\":\"fr-FR\"},{\"@type\":\"Organization\",\"@id\":\"https:\\\/\\\/www.enriquerequena.com\\\/fr\\\/#organization\",\"name\":\"Enrique Requena S.L.\",\"url\":\"https:\\\/\\\/www.enriquerequena.com\\\/fr\\\/\",\"logo\":{\"@type\":\"ImageObject\",\"inLanguage\":\"fr-FR\",\"@id\":\"https:\\\/\\\/www.enriquerequena.com\\\/fr\\\/#\\\/schema\\\/logo\\\/image\\\/\",\"url\":\"https:\\\/\\\/www.enriquerequena.com\\\/wp-content\\\/uploads\\\/2019\\\/11\\\/enrique-requena-recambios-logotipo.jpg\",\"contentUrl\":\"https:\\\/\\\/www.enriquerequena.com\\\/wp-content\\\/uploads\\\/2019\\\/11\\\/enrique-requena-recambios-logotipo.jpg\",\"width\":381,\"height\":75,\"caption\":\"Enrique Requena S.L.\"},\"image\":{\"@id\":\"https:\\\/\\\/www.enriquerequena.com\\\/fr\\\/#\\\/schema\\\/logo\\\/image\\\/\"}}]}<\/script>\n<!-- \/ Yoast SEO plugin. -->","yoast_head_json":{"title":"Alternateur Psa Fiat 9662731680 - Acheter en Ligne - Enrique Requena -","description":"Alternateur Psa Fiat neuf avec deux ans de garantie et r\u00e9f\u00e9rence 9662731680 en ligne ici. Demandez-nous si vous recherchez un autre alternateur.","robots":{"index":"index","follow":"follow","max-snippet":"max-snippet:-1","max-image-preview":"max-image-preview:large","max-video-preview":"max-video-preview:-1"},"canonical":"https:\/\/www.enriquerequena.com\/fr\/tienda-online\/pieces-rechange-voiture\/alternateur\/alternateur-psa-fiat-9662731680\/","og_locale":"fr_FR","og_type":"article","og_title":"Alternateur Psa Fiat 9662731680 - Acheter en Ligne - Enrique Requena -","og_description":"Alternateur Psa Fiat neuf avec deux ans de garantie et r\u00e9f\u00e9rence 9662731680 en ligne ici. Demandez-nous si vous recherchez un autre alternateur.","og_url":"https:\/\/www.enriquerequena.com\/fr\/tienda-online\/pieces-rechange-voiture\/alternateur\/alternateur-psa-fiat-9662731680\/","og_site_name":"ENRIQUE REQUENA","article_modified_time":"2023-02-07T16:06:25+00:00","og_image":[{"width":800,"height":800,"url":"https:\/\/www.enriquerequena.com\/wp-content\/uploads\/2020\/02\/9662713680-F8637471-ALTERNADOR-ALTERNATEUR-ALTERNATOR.jpg","type":"image\/jpeg"}],"twitter_card":"summary_large_image","schema":{"@context":"https:\/\/schema.org","@graph":[{"@type":"WebPage","@id":"https:\/\/www.enriquerequena.com\/fr\/tienda-online\/pieces-rechange-voiture\/alternateur\/alternateur-psa-fiat-9662731680\/","url":"https:\/\/www.enriquerequena.com\/fr\/tienda-online\/pieces-rechange-voiture\/alternateur\/alternateur-psa-fiat-9662731680\/","name":"Alternateur Psa Fiat 9662731680 - Acheter en Ligne - Enrique Requena -","isPartOf":{"@id":"https:\/\/www.enriquerequena.com\/fr\/#website"},"primaryImageOfPage":{"@id":"https:\/\/www.enriquerequena.com\/fr\/tienda-online\/pieces-rechange-voiture\/alternateur\/alternateur-psa-fiat-9662731680\/#primaryimage"},"image":{"@id":"https:\/\/www.enriquerequena.com\/fr\/tienda-online\/pieces-rechange-voiture\/alternateur\/alternateur-psa-fiat-9662731680\/#primaryimage"},"thumbnailUrl":"https:\/\/www.enriquerequena.com\/wp-content\/uploads\/2020\/02\/9662713680-F8637471-ALTERNADOR-ALTERNATEUR-ALTERNATOR.jpg","datePublished":"2020-02-23T14:01:25+00:00","dateModified":"2023-02-07T16:06:25+00:00","description":"Alternateur Psa Fiat neuf avec deux ans de garantie et r\u00e9f\u00e9rence 9662731680 en ligne ici. Demandez-nous si vous recherchez un autre alternateur.","breadcrumb":{"@id":"https:\/\/www.enriquerequena.com\/fr\/tienda-online\/pieces-rechange-voiture\/alternateur\/alternateur-psa-fiat-9662731680\/#breadcrumb"},"inLanguage":"fr-FR","potentialAction":[{"@type":"ReadAction","target":["https:\/\/www.enriquerequena.com\/fr\/tienda-online\/pieces-rechange-voiture\/alternateur\/alternateur-psa-fiat-9662731680\/"]}]},{"@type":"ImageObject","inLanguage":"fr-FR","@id":"https:\/\/www.enriquerequena.com\/fr\/tienda-online\/pieces-rechange-voiture\/alternateur\/alternateur-psa-fiat-9662731680\/#primaryimage","url":"https:\/\/www.enriquerequena.com\/wp-content\/uploads\/2020\/02\/9662713680-F8637471-ALTERNADOR-ALTERNATEUR-ALTERNATOR.jpg","contentUrl":"https:\/\/www.enriquerequena.com\/wp-content\/uploads\/2020\/02\/9662713680-F8637471-ALTERNADOR-ALTERNATEUR-ALTERNATOR.jpg","width":800,"height":800,"caption":"9662713680, F8637471, ALTERNADOR, ALTERNATEUR, ALTERNATOR"},{"@type":"WebSite","@id":"https:\/\/www.enriquerequena.com\/fr\/#website","url":"https:\/\/www.enriquerequena.com\/fr\/","name":"ENRIQUE REQUENA","description":"Sp\u00e9cialistes des transmissions cardan avec des exp\u00e9ditions dans le monde entier et des pi\u00e8ces d\u00e9tach\u00e9es pour voitures, camions et accessoires \u00e0 Valence, en Espagne. Avec vous depuis 1950!","publisher":{"@id":"https:\/\/www.enriquerequena.com\/fr\/#organization"},"potentialAction":[{"@type":"SearchAction","target":{"@type":"EntryPoint","urlTemplate":"https:\/\/www.enriquerequena.com\/fr\/?s={search_term_string}"},"query-input":{"@type":"PropertyValueSpecification","valueRequired":true,"valueName":"search_term_string"}}],"inLanguage":"fr-FR"},{"@type":"Organization","@id":"https:\/\/www.enriquerequena.com\/fr\/#organization","name":"Enrique Requena S.L.","url":"https:\/\/www.enriquerequena.com\/fr\/","logo":{"@type":"ImageObject","inLanguage":"fr-FR","@id":"https:\/\/www.enriquerequena.com\/fr\/#\/schema\/logo\/image\/","url":"https:\/\/www.enriquerequena.com\/wp-content\/uploads\/2019\/11\/enrique-requena-recambios-logotipo.jpg","contentUrl":"https:\/\/www.enriquerequena.com\/wp-content\/uploads\/2019\/11\/enrique-requena-recambios-logotipo.jpg","width":381,"height":75,"caption":"Enrique Requena S.L."},"image":{"@id":"https:\/\/www.enriquerequena.com\/fr\/#\/schema\/logo\/image\/"}}]}},"_links":{"self":[{"href":"https:\/\/www.enriquerequena.com\/fr\/wp-json\/wp\/v2\/product\/10251","targetHints":{"allow":["GET"]}}],"collection":[{"href":"https:\/\/www.enriquerequena.com\/fr\/wp-json\/wp\/v2\/product"}],"about":[{"href":"https:\/\/www.enriquerequena.com\/fr\/wp-json\/wp\/v2\/types\/product"}],"wp:featuredmedia":[{"embeddable":true,"href":"https:\/\/www.enriquerequena.com\/fr\/wp-json\/wp\/v2\/media\/10540"}],"wp:attachment":[{"href":"https:\/\/www.enriquerequena.com\/fr\/wp-json\/wp\/v2\/media?parent=10251"}],"wp:term":[{"taxonomy":"product_brand","embeddable":true,"href":"https:\/\/www.enriquerequena.com\/fr\/wp-json\/wp\/v2\/product_brand?post=10251"},{"taxonomy":"product_cat","embeddable":true,"href":"https:\/\/www.enriquerequena.com\/fr\/wp-json\/wp\/v2\/product_cat?post=10251"},{"taxonomy":"product_tag","embeddable":true,"href":"https:\/\/www.enriquerequena.com\/fr\/wp-json\/wp\/v2\/product_tag?post=10251"}],"curies":[{"name":"wp","href":"https:\/\/api.w.org\/{rel}","templated":true}]}}