{"id":10314,"date":"2020-02-24T12:16:07","date_gmt":"2020-02-24T11:16:08","guid":{"rendered":"https:\/\/www.enriquerequena.com\/?post_type=product&#038;p=10314"},"modified":"2023-02-07T17:18:20","modified_gmt":"2023-02-07T16:18:20","slug":"demarreur-mercedes-0986017260","status":"publish","type":"product","link":"https:\/\/www.enriquerequena.com\/fr\/tienda-online\/pieces-rechange-voiture\/demarreur\/demarreur-mercedes-0986017260\/","title":{"rendered":"D\u00e9marreur Mercedes 0986017260"},"content":{"rendered":"<div class=\"wpb-content-wrapper\"><p>[vc_row][vc_column][vc_column_text]<\/p>\n<ul>\n<li>[\/vc_column_text][\/vc_column][\/vc_row][vc_row][vc_column][vc_column_text text_larger=\u00a0\u00bbno\u00a0\u00bb]\n<ul>\n<li>Informations sur le produit:<\/li>\n<li>Puissance nominale [kW]:2<\/li>\n<li>Nombre de dents:10, 12, 11<\/li>\n<li>Sens de rotation:Rotation dans le sens des aiguilles d&rsquo;une montre<\/li>\n<li>Nombre de trous de fixation0<\/li>\n<li>Bride \u00d8 [mm]:82,5<\/li>\n<li>Nombre de taraudages:2<\/li>\n<li>Echange standard<\/li>\n<li>Pince:50, 30<\/li>\n<li>Position \/ degr\u00e9:rechts<\/li>\n<li>Pignon-position de base [mm]:26<\/li>\n<li>Mod\u00e8le de d\u00e9marreur:mont\u00e9 sur palier<\/li>\n<li>Longueur [mm]:244<\/li>\n<li>Tension nominale [V]:12<\/li>\n<li>Filetage:M10<\/li>\n<li>Taraudage \/ Filetage 1:M10<\/li>\n<li>Angle de fixation [degr\u00e9s]:30<\/li>\n<li>\u00c9querre d\u2019ouverture de fourche [degr\u00e9]:30<\/li>\n<li>\u00c9querre de trou de fixation [degr\u00e9]:30<\/li>\n<li>Num\u00e9ro d&rsquo;article0 986 017 260<\/li>\n<li>L&rsquo;\u00e9tat\u00a0 Neuf<\/li>\n<li>2 ans de garantie<\/li>\n<\/ul>\n<p>[\/vc_column_text][\/vc_column][\/vc_row][vc_row][vc_column][vc_column_text]<\/li>\n<\/ul>\n<p>[\/vc_column_text][\/vc_column][\/vc_row]<\/p>\n<\/div>","protected":false},"excerpt":{"rendered":"<p>D\u00e9marreur Mercedes, neuf et avec deux ans de garantie ref: 0986017260,.<\/p>\n","protected":false},"featured_media":10295,"template":"","meta":[],"product_brand":[],"product_cat":[234,135],"product_tag":[],"class_list":{"0":"post-10314","1":"product","2":"type-product","3":"status-publish","4":"has-post-thumbnail","6":"product_cat-demarreur","7":"product_cat-pieces-rechange-voiture","8":"pa_manufacturer-mercedes-benz","9":"pa_manufacturer-volkswagen","11":"first","12":"instock","13":"featured","14":"taxable","15":"shipping-taxable","16":"purchasable","17":"product-type-simple"},"yoast_head":"<!-- This site is optimized with the Yoast SEO plugin v27.5 - https:\/\/yoast.com\/product\/yoast-seo-wordpress\/ -->\n<title>D\u00e9marreur Mercedes neuf 0986017260 - Acheter en Ligne - ER<\/title>\n<meta name=\"description\" content=\"D\u00e9marreur Mercedes neuf 0986017260 en ligne ici. Demandez-nous si vous recherchez un autre d\u00e9marreur. Neuf avec 2 ans de garantie\" \/>\n<meta name=\"robots\" content=\"index, follow, max-snippet:-1, max-image-preview:large, max-video-preview:-1\" \/>\n<link rel=\"canonical\" href=\"https:\/\/www.enriquerequena.com\/fr\/tienda-online\/pieces-rechange-voiture\/demarreur\/demarreur-mercedes-0986017260\/\" \/>\n<meta property=\"og:locale\" content=\"fr_FR\" \/>\n<meta property=\"og:type\" content=\"article\" \/>\n<meta property=\"og:title\" content=\"D\u00e9marreur Mercedes neuf 0986017260 - Acheter en Ligne - ER\" \/>\n<meta property=\"og:description\" content=\"D\u00e9marreur Mercedes neuf 0986017260 en ligne ici. Demandez-nous si vous recherchez un autre d\u00e9marreur. Neuf avec 2 ans de garantie\" \/>\n<meta property=\"og:url\" content=\"https:\/\/www.enriquerequena.com\/fr\/tienda-online\/pieces-rechange-voiture\/demarreur\/demarreur-mercedes-0986017260\/\" \/>\n<meta property=\"og:site_name\" content=\"ENRIQUE REQUENA\" \/>\n<meta property=\"article:modified_time\" content=\"2023-02-07T16:18:20+00:00\" \/>\n<meta property=\"og:image\" content=\"https:\/\/www.enriquerequena.com\/wp-content\/uploads\/2020\/02\/A0051511301-F4317260V-MOTOR-DE-ARRANQUE-DEMARREUR-STARTER-4.jpg\" \/>\n\t<meta property=\"og:image:width\" content=\"800\" \/>\n\t<meta property=\"og:image:height\" content=\"800\" \/>\n\t<meta property=\"og:image:type\" content=\"image\/jpeg\" \/>\n<meta name=\"twitter:card\" content=\"summary_large_image\" \/>\n<meta name=\"twitter:label1\" content=\"Dur\u00e9e de lecture estim\u00e9e\" \/>\n\t<meta name=\"twitter:data1\" content=\"1 minute\" \/>\n<script type=\"application\/ld+json\" class=\"yoast-schema-graph\">{\"@context\":\"https:\\\/\\\/schema.org\",\"@graph\":[{\"@type\":\"WebPage\",\"@id\":\"https:\\\/\\\/www.enriquerequena.com\\\/fr\\\/tienda-online\\\/pieces-rechange-voiture\\\/demarreur\\\/demarreur-mercedes-0986017260\\\/\",\"url\":\"https:\\\/\\\/www.enriquerequena.com\\\/fr\\\/tienda-online\\\/pieces-rechange-voiture\\\/demarreur\\\/demarreur-mercedes-0986017260\\\/\",\"name\":\"D\u00e9marreur Mercedes neuf 0986017260 - Acheter en Ligne - ER\",\"isPartOf\":{\"@id\":\"https:\\\/\\\/www.enriquerequena.com\\\/fr\\\/#website\"},\"primaryImageOfPage\":{\"@id\":\"https:\\\/\\\/www.enriquerequena.com\\\/fr\\\/tienda-online\\\/pieces-rechange-voiture\\\/demarreur\\\/demarreur-mercedes-0986017260\\\/#primaryimage\"},\"image\":{\"@id\":\"https:\\\/\\\/www.enriquerequena.com\\\/fr\\\/tienda-online\\\/pieces-rechange-voiture\\\/demarreur\\\/demarreur-mercedes-0986017260\\\/#primaryimage\"},\"thumbnailUrl\":\"https:\\\/\\\/www.enriquerequena.com\\\/wp-content\\\/uploads\\\/2020\\\/02\\\/A0051511301-F4317260V-MOTOR-DE-ARRANQUE-DEMARREUR-STARTER-4.jpg\",\"datePublished\":\"2020-02-24T11:16:08+00:00\",\"dateModified\":\"2023-02-07T16:18:20+00:00\",\"description\":\"D\u00e9marreur Mercedes neuf 0986017260 en ligne ici. Demandez-nous si vous recherchez un autre d\u00e9marreur. Neuf avec 2 ans de garantie\",\"breadcrumb\":{\"@id\":\"https:\\\/\\\/www.enriquerequena.com\\\/fr\\\/tienda-online\\\/pieces-rechange-voiture\\\/demarreur\\\/demarreur-mercedes-0986017260\\\/#breadcrumb\"},\"inLanguage\":\"fr-FR\",\"potentialAction\":[{\"@type\":\"ReadAction\",\"target\":[\"https:\\\/\\\/www.enriquerequena.com\\\/fr\\\/tienda-online\\\/pieces-rechange-voiture\\\/demarreur\\\/demarreur-mercedes-0986017260\\\/\"]}]},{\"@type\":\"ImageObject\",\"inLanguage\":\"fr-FR\",\"@id\":\"https:\\\/\\\/www.enriquerequena.com\\\/fr\\\/tienda-online\\\/pieces-rechange-voiture\\\/demarreur\\\/demarreur-mercedes-0986017260\\\/#primaryimage\",\"url\":\"https:\\\/\\\/www.enriquerequena.com\\\/wp-content\\\/uploads\\\/2020\\\/02\\\/A0051511301-F4317260V-MOTOR-DE-ARRANQUE-DEMARREUR-STARTER-4.jpg\",\"contentUrl\":\"https:\\\/\\\/www.enriquerequena.com\\\/wp-content\\\/uploads\\\/2020\\\/02\\\/A0051511301-F4317260V-MOTOR-DE-ARRANQUE-DEMARREUR-STARTER-4.jpg\",\"width\":800,\"height\":800,\"caption\":\"A0051511301-F4317260V-MOTOR-DE-ARRANQUE-DEMARREUR-STARTER\"},{\"@type\":\"WebSite\",\"@id\":\"https:\\\/\\\/www.enriquerequena.com\\\/fr\\\/#website\",\"url\":\"https:\\\/\\\/www.enriquerequena.com\\\/fr\\\/\",\"name\":\"ENRIQUE REQUENA\",\"description\":\"Sp\u00e9cialistes des transmissions cardan avec des exp\u00e9ditions dans le monde entier et des pi\u00e8ces d\u00e9tach\u00e9es pour voitures, camions et accessoires \u00e0 Valence, en Espagne. Avec vous depuis 1950!\",\"publisher\":{\"@id\":\"https:\\\/\\\/www.enriquerequena.com\\\/fr\\\/#organization\"},\"potentialAction\":[{\"@type\":\"SearchAction\",\"target\":{\"@type\":\"EntryPoint\",\"urlTemplate\":\"https:\\\/\\\/www.enriquerequena.com\\\/fr\\\/?s={search_term_string}\"},\"query-input\":{\"@type\":\"PropertyValueSpecification\",\"valueRequired\":true,\"valueName\":\"search_term_string\"}}],\"inLanguage\":\"fr-FR\"},{\"@type\":\"Organization\",\"@id\":\"https:\\\/\\\/www.enriquerequena.com\\\/fr\\\/#organization\",\"name\":\"Enrique Requena S.L.\",\"url\":\"https:\\\/\\\/www.enriquerequena.com\\\/fr\\\/\",\"logo\":{\"@type\":\"ImageObject\",\"inLanguage\":\"fr-FR\",\"@id\":\"https:\\\/\\\/www.enriquerequena.com\\\/fr\\\/#\\\/schema\\\/logo\\\/image\\\/\",\"url\":\"https:\\\/\\\/www.enriquerequena.com\\\/wp-content\\\/uploads\\\/2019\\\/11\\\/enrique-requena-recambios-logotipo.jpg\",\"contentUrl\":\"https:\\\/\\\/www.enriquerequena.com\\\/wp-content\\\/uploads\\\/2019\\\/11\\\/enrique-requena-recambios-logotipo.jpg\",\"width\":381,\"height\":75,\"caption\":\"Enrique Requena S.L.\"},\"image\":{\"@id\":\"https:\\\/\\\/www.enriquerequena.com\\\/fr\\\/#\\\/schema\\\/logo\\\/image\\\/\"}}]}<\/script>\n<!-- \/ Yoast SEO plugin. -->","yoast_head_json":{"title":"D\u00e9marreur Mercedes neuf 0986017260 - Acheter en Ligne - ER","description":"D\u00e9marreur Mercedes neuf 0986017260 en ligne ici. Demandez-nous si vous recherchez un autre d\u00e9marreur. Neuf avec 2 ans de garantie","robots":{"index":"index","follow":"follow","max-snippet":"max-snippet:-1","max-image-preview":"max-image-preview:large","max-video-preview":"max-video-preview:-1"},"canonical":"https:\/\/www.enriquerequena.com\/fr\/tienda-online\/pieces-rechange-voiture\/demarreur\/demarreur-mercedes-0986017260\/","og_locale":"fr_FR","og_type":"article","og_title":"D\u00e9marreur Mercedes neuf 0986017260 - Acheter en Ligne - ER","og_description":"D\u00e9marreur Mercedes neuf 0986017260 en ligne ici. Demandez-nous si vous recherchez un autre d\u00e9marreur. Neuf avec 2 ans de garantie","og_url":"https:\/\/www.enriquerequena.com\/fr\/tienda-online\/pieces-rechange-voiture\/demarreur\/demarreur-mercedes-0986017260\/","og_site_name":"ENRIQUE REQUENA","article_modified_time":"2023-02-07T16:18:20+00:00","og_image":[{"width":800,"height":800,"url":"https:\/\/www.enriquerequena.com\/wp-content\/uploads\/2020\/02\/A0051511301-F4317260V-MOTOR-DE-ARRANQUE-DEMARREUR-STARTER-4.jpg","type":"image\/jpeg"}],"twitter_card":"summary_large_image","twitter_misc":{"Dur\u00e9e de lecture estim\u00e9e":"1 minute"},"schema":{"@context":"https:\/\/schema.org","@graph":[{"@type":"WebPage","@id":"https:\/\/www.enriquerequena.com\/fr\/tienda-online\/pieces-rechange-voiture\/demarreur\/demarreur-mercedes-0986017260\/","url":"https:\/\/www.enriquerequena.com\/fr\/tienda-online\/pieces-rechange-voiture\/demarreur\/demarreur-mercedes-0986017260\/","name":"D\u00e9marreur Mercedes neuf 0986017260 - Acheter en Ligne - ER","isPartOf":{"@id":"https:\/\/www.enriquerequena.com\/fr\/#website"},"primaryImageOfPage":{"@id":"https:\/\/www.enriquerequena.com\/fr\/tienda-online\/pieces-rechange-voiture\/demarreur\/demarreur-mercedes-0986017260\/#primaryimage"},"image":{"@id":"https:\/\/www.enriquerequena.com\/fr\/tienda-online\/pieces-rechange-voiture\/demarreur\/demarreur-mercedes-0986017260\/#primaryimage"},"thumbnailUrl":"https:\/\/www.enriquerequena.com\/wp-content\/uploads\/2020\/02\/A0051511301-F4317260V-MOTOR-DE-ARRANQUE-DEMARREUR-STARTER-4.jpg","datePublished":"2020-02-24T11:16:08+00:00","dateModified":"2023-02-07T16:18:20+00:00","description":"D\u00e9marreur Mercedes neuf 0986017260 en ligne ici. Demandez-nous si vous recherchez un autre d\u00e9marreur. Neuf avec 2 ans de garantie","breadcrumb":{"@id":"https:\/\/www.enriquerequena.com\/fr\/tienda-online\/pieces-rechange-voiture\/demarreur\/demarreur-mercedes-0986017260\/#breadcrumb"},"inLanguage":"fr-FR","potentialAction":[{"@type":"ReadAction","target":["https:\/\/www.enriquerequena.com\/fr\/tienda-online\/pieces-rechange-voiture\/demarreur\/demarreur-mercedes-0986017260\/"]}]},{"@type":"ImageObject","inLanguage":"fr-FR","@id":"https:\/\/www.enriquerequena.com\/fr\/tienda-online\/pieces-rechange-voiture\/demarreur\/demarreur-mercedes-0986017260\/#primaryimage","url":"https:\/\/www.enriquerequena.com\/wp-content\/uploads\/2020\/02\/A0051511301-F4317260V-MOTOR-DE-ARRANQUE-DEMARREUR-STARTER-4.jpg","contentUrl":"https:\/\/www.enriquerequena.com\/wp-content\/uploads\/2020\/02\/A0051511301-F4317260V-MOTOR-DE-ARRANQUE-DEMARREUR-STARTER-4.jpg","width":800,"height":800,"caption":"A0051511301-F4317260V-MOTOR-DE-ARRANQUE-DEMARREUR-STARTER"},{"@type":"WebSite","@id":"https:\/\/www.enriquerequena.com\/fr\/#website","url":"https:\/\/www.enriquerequena.com\/fr\/","name":"ENRIQUE REQUENA","description":"Sp\u00e9cialistes des transmissions cardan avec des exp\u00e9ditions dans le monde entier et des pi\u00e8ces d\u00e9tach\u00e9es pour voitures, camions et accessoires \u00e0 Valence, en Espagne. Avec vous depuis 1950!","publisher":{"@id":"https:\/\/www.enriquerequena.com\/fr\/#organization"},"potentialAction":[{"@type":"SearchAction","target":{"@type":"EntryPoint","urlTemplate":"https:\/\/www.enriquerequena.com\/fr\/?s={search_term_string}"},"query-input":{"@type":"PropertyValueSpecification","valueRequired":true,"valueName":"search_term_string"}}],"inLanguage":"fr-FR"},{"@type":"Organization","@id":"https:\/\/www.enriquerequena.com\/fr\/#organization","name":"Enrique Requena S.L.","url":"https:\/\/www.enriquerequena.com\/fr\/","logo":{"@type":"ImageObject","inLanguage":"fr-FR","@id":"https:\/\/www.enriquerequena.com\/fr\/#\/schema\/logo\/image\/","url":"https:\/\/www.enriquerequena.com\/wp-content\/uploads\/2019\/11\/enrique-requena-recambios-logotipo.jpg","contentUrl":"https:\/\/www.enriquerequena.com\/wp-content\/uploads\/2019\/11\/enrique-requena-recambios-logotipo.jpg","width":381,"height":75,"caption":"Enrique Requena S.L."},"image":{"@id":"https:\/\/www.enriquerequena.com\/fr\/#\/schema\/logo\/image\/"}}]}},"_links":{"self":[{"href":"https:\/\/www.enriquerequena.com\/fr\/wp-json\/wp\/v2\/product\/10314","targetHints":{"allow":["GET"]}}],"collection":[{"href":"https:\/\/www.enriquerequena.com\/fr\/wp-json\/wp\/v2\/product"}],"about":[{"href":"https:\/\/www.enriquerequena.com\/fr\/wp-json\/wp\/v2\/types\/product"}],"wp:featuredmedia":[{"embeddable":true,"href":"https:\/\/www.enriquerequena.com\/fr\/wp-json\/wp\/v2\/media\/10295"}],"wp:attachment":[{"href":"https:\/\/www.enriquerequena.com\/fr\/wp-json\/wp\/v2\/media?parent=10314"}],"wp:term":[{"taxonomy":"product_brand","embeddable":true,"href":"https:\/\/www.enriquerequena.com\/fr\/wp-json\/wp\/v2\/product_brand?post=10314"},{"taxonomy":"product_cat","embeddable":true,"href":"https:\/\/www.enriquerequena.com\/fr\/wp-json\/wp\/v2\/product_cat?post=10314"},{"taxonomy":"product_tag","embeddable":true,"href":"https:\/\/www.enriquerequena.com\/fr\/wp-json\/wp\/v2\/product_tag?post=10314"}],"curies":[{"name":"wp","href":"https:\/\/api.w.org\/{rel}","templated":true}]}}