{"id":11192,"date":"2020-03-07T14:02:47","date_gmt":"2020-03-07T13:02:48","guid":{"rendered":"https:\/\/www.enriquerequena.com\/?post_type=product&#038;p=11192"},"modified":"2023-02-07T17:18:19","modified_gmt":"2023-02-07T16:18:19","slug":"demarreur-marine-586279","status":"publish","type":"product","link":"https:\/\/www.enriquerequena.com\/fr\/tienda-online\/pieces-rechange-voiture\/demarreur\/demarreur-marine-586279\/","title":{"rendered":"D\u00e9marreur Marine 586279"},"content":{"rendered":"<div class=\"wpb-content-wrapper\"><p>[vc_row][vc_column][vc_column_text]<\/p>\n<ul>\n<li>[\/vc_column_text][\/vc_column][\/vc_row][vc_row][vc_column][vc_column_text text_larger=\u00a0\u00bbno\u00a0\u00bb]\n<ul>\n<li style=\"text-align: left;\">Informations sur le produit:<\/li>\n<li style=\"text-align: left;\"><span id=\"productTitle\">D\u00e9marreur a CR marine 12 v\/0,6kw 9z f.<\/span><\/li>\n<li style=\"text-align: left;\"><span id=\"productTitle\">Evinrude 40U 40EL 40TE 40TEL 40TL 40TPL 40TTL 58ESL 50BE 50BEL 50DTL 50ESL 50PL 50TEL 50TL 50TSL 50TTL m.45HP 50HP 55HP 60HP evinrude gaz mkw4008 mkw4006 mgd4113 mgd4013 mgd4007a mgd4007 mcd4007.<\/span><\/li>\n<li style=\"text-align: left;\"><span id=\"productTitle\">R\u00e9f. : 110647 <\/span><\/li>\n<li style=\"text-align: left;\"><span id=\"productTitle\">Num\u00e9ro r\u00e9f. : (ref.-nr.dienen des fins de comparaison uniquement) arco marine 5389 5371 bombardier 0586280ds00 0586279ds00 document oMC 586280 586279 585063 585056 583482 389275 387684 385615 384163 prestolite mkw4008 mkw4006 mgd4113 mgd4013 mgd4007a mgd4007 mcd4007 united technologies smh12b43 smh12b42 sm57053 sm11279 sm1122940 sm11229 sm08041 5705340mo30sm 5705320m030sm 5704620m030sm 5059240mo30sm 1122940 m030sm 1122921 m030sm-m6\u2013b.<\/span><\/li>\n<li style=\"text-align: left;\"><span id=\"productTitle\">Total length 208.00<\/span><\/li>\n<li style=\"text-align: left;\"><span id=\"productTitle\">Bronze<\/span><\/li>\n<li style=\"text-align: left;\"><span id=\"productTitle\">Gear drive type type dD-kit <\/span><\/li>\n<li style=\"text-align: left;\"><span id=\"productTitle\">3 holes (0) <\/span><\/li>\n<li style=\"text-align: left;\"><span id=\"productTitle\">A : b : 63.30 44.70 mm<\/span><\/li>\n<\/ul>\n<p>[\/vc_column_text][\/vc_column][\/vc_row][vc_row][vc_column][vc_column_text]<\/li>\n<\/ul>\n<p>[\/vc_column_text][\/vc_column][\/vc_row]<\/p>\n<\/div>","protected":false},"excerpt":{"rendered":"<p>D\u00e9marreur Marine 586279, neuf et avec deux ans de garantie.<\/p>\n","protected":false},"featured_media":11195,"template":"","meta":[],"product_brand":[],"product_cat":[234,135],"product_tag":[],"class_list":{"0":"post-11192","1":"product","2":"type-product","3":"status-publish","4":"has-post-thumbnail","6":"product_cat-demarreur","7":"product_cat-pieces-rechange-voiture","8":"pa_manufacturer-johnson","10":"first","11":"instock","12":"featured","13":"taxable","14":"shipping-taxable","15":"purchasable","16":"product-type-simple"},"yoast_head":"<!-- This site is optimized with the Yoast SEO plugin v27.5 - https:\/\/yoast.com\/product\/yoast-seo-wordpress\/ -->\n<title>D\u00e9marreur Marine 586279 - Acheter en Ligne - ER<\/title>\n<meta name=\"description\" content=\"DD\u00e9marreur Marine 586279 neuf en ligne ici. Demandez-nous si vous recherchez un autre d\u00e9marreur. Neuf avec 2 ans de garantie.\" \/>\n<meta name=\"robots\" content=\"index, follow, max-snippet:-1, max-image-preview:large, max-video-preview:-1\" \/>\n<link rel=\"canonical\" href=\"https:\/\/www.enriquerequena.com\/fr\/tienda-online\/pieces-rechange-voiture\/demarreur\/demarreur-marine-586279\/\" \/>\n<meta property=\"og:locale\" content=\"fr_FR\" \/>\n<meta property=\"og:type\" content=\"article\" \/>\n<meta property=\"og:title\" content=\"D\u00e9marreur Marine 586279 - Acheter en Ligne - ER\" \/>\n<meta property=\"og:description\" content=\"DD\u00e9marreur Marine 586279 neuf en ligne ici. Demandez-nous si vous recherchez un autre d\u00e9marreur. Neuf avec 2 ans de garantie.\" \/>\n<meta property=\"og:url\" content=\"https:\/\/www.enriquerequena.com\/fr\/tienda-online\/pieces-rechange-voiture\/demarreur\/demarreur-marine-586279\/\" \/>\n<meta property=\"og:site_name\" content=\"ENRIQUE REQUENA\" \/>\n<meta property=\"article:modified_time\" content=\"2023-02-07T16:18:19+00:00\" \/>\n<meta property=\"og:image\" content=\"https:\/\/www.enriquerequena.com\/wp-content\/uploads\/2020\/03\/586279-MOTOR-DE-ARRANQUE-DEMARREUR-STARTER-2.jpg\" \/>\n\t<meta property=\"og:image:width\" content=\"800\" \/>\n\t<meta property=\"og:image:height\" content=\"800\" \/>\n\t<meta property=\"og:image:type\" content=\"image\/jpeg\" \/>\n<meta name=\"twitter:card\" content=\"summary_large_image\" \/>\n<meta name=\"twitter:label1\" content=\"Dur\u00e9e de lecture estim\u00e9e\" \/>\n\t<meta name=\"twitter:data1\" content=\"1 minute\" \/>\n<script type=\"application\/ld+json\" class=\"yoast-schema-graph\">{\"@context\":\"https:\\\/\\\/schema.org\",\"@graph\":[{\"@type\":\"WebPage\",\"@id\":\"https:\\\/\\\/www.enriquerequena.com\\\/fr\\\/tienda-online\\\/pieces-rechange-voiture\\\/demarreur\\\/demarreur-marine-586279\\\/\",\"url\":\"https:\\\/\\\/www.enriquerequena.com\\\/fr\\\/tienda-online\\\/pieces-rechange-voiture\\\/demarreur\\\/demarreur-marine-586279\\\/\",\"name\":\"D\u00e9marreur Marine 586279 - Acheter en Ligne - ER\",\"isPartOf\":{\"@id\":\"https:\\\/\\\/www.enriquerequena.com\\\/fr\\\/#website\"},\"primaryImageOfPage\":{\"@id\":\"https:\\\/\\\/www.enriquerequena.com\\\/fr\\\/tienda-online\\\/pieces-rechange-voiture\\\/demarreur\\\/demarreur-marine-586279\\\/#primaryimage\"},\"image\":{\"@id\":\"https:\\\/\\\/www.enriquerequena.com\\\/fr\\\/tienda-online\\\/pieces-rechange-voiture\\\/demarreur\\\/demarreur-marine-586279\\\/#primaryimage\"},\"thumbnailUrl\":\"https:\\\/\\\/www.enriquerequena.com\\\/wp-content\\\/uploads\\\/2020\\\/03\\\/586279-MOTOR-DE-ARRANQUE-DEMARREUR-STARTER-2.jpg\",\"datePublished\":\"2020-03-07T13:02:48+00:00\",\"dateModified\":\"2023-02-07T16:18:19+00:00\",\"description\":\"DD\u00e9marreur Marine 586279 neuf en ligne ici. Demandez-nous si vous recherchez un autre d\u00e9marreur. Neuf avec 2 ans de garantie.\",\"breadcrumb\":{\"@id\":\"https:\\\/\\\/www.enriquerequena.com\\\/fr\\\/tienda-online\\\/pieces-rechange-voiture\\\/demarreur\\\/demarreur-marine-586279\\\/#breadcrumb\"},\"inLanguage\":\"fr-FR\",\"potentialAction\":[{\"@type\":\"ReadAction\",\"target\":[\"https:\\\/\\\/www.enriquerequena.com\\\/fr\\\/tienda-online\\\/pieces-rechange-voiture\\\/demarreur\\\/demarreur-marine-586279\\\/\"]}]},{\"@type\":\"ImageObject\",\"inLanguage\":\"fr-FR\",\"@id\":\"https:\\\/\\\/www.enriquerequena.com\\\/fr\\\/tienda-online\\\/pieces-rechange-voiture\\\/demarreur\\\/demarreur-marine-586279\\\/#primaryimage\",\"url\":\"https:\\\/\\\/www.enriquerequena.com\\\/wp-content\\\/uploads\\\/2020\\\/03\\\/586279-MOTOR-DE-ARRANQUE-DEMARREUR-STARTER-2.jpg\",\"contentUrl\":\"https:\\\/\\\/www.enriquerequena.com\\\/wp-content\\\/uploads\\\/2020\\\/03\\\/586279-MOTOR-DE-ARRANQUE-DEMARREUR-STARTER-2.jpg\",\"width\":800,\"height\":800,\"caption\":\"586279, MOTOR DE ARRANQUE, DEMARREUR, STARTER (2)\"},{\"@type\":\"WebSite\",\"@id\":\"https:\\\/\\\/www.enriquerequena.com\\\/fr\\\/#website\",\"url\":\"https:\\\/\\\/www.enriquerequena.com\\\/fr\\\/\",\"name\":\"ENRIQUE REQUENA\",\"description\":\"Sp\u00e9cialistes des transmissions cardan avec des exp\u00e9ditions dans le monde entier et des pi\u00e8ces d\u00e9tach\u00e9es pour voitures, camions et accessoires \u00e0 Valence, en Espagne. Avec vous depuis 1950!\",\"publisher\":{\"@id\":\"https:\\\/\\\/www.enriquerequena.com\\\/fr\\\/#organization\"},\"potentialAction\":[{\"@type\":\"SearchAction\",\"target\":{\"@type\":\"EntryPoint\",\"urlTemplate\":\"https:\\\/\\\/www.enriquerequena.com\\\/fr\\\/?s={search_term_string}\"},\"query-input\":{\"@type\":\"PropertyValueSpecification\",\"valueRequired\":true,\"valueName\":\"search_term_string\"}}],\"inLanguage\":\"fr-FR\"},{\"@type\":\"Organization\",\"@id\":\"https:\\\/\\\/www.enriquerequena.com\\\/fr\\\/#organization\",\"name\":\"Enrique Requena S.L.\",\"url\":\"https:\\\/\\\/www.enriquerequena.com\\\/fr\\\/\",\"logo\":{\"@type\":\"ImageObject\",\"inLanguage\":\"fr-FR\",\"@id\":\"https:\\\/\\\/www.enriquerequena.com\\\/fr\\\/#\\\/schema\\\/logo\\\/image\\\/\",\"url\":\"https:\\\/\\\/www.enriquerequena.com\\\/wp-content\\\/uploads\\\/2019\\\/11\\\/enrique-requena-recambios-logotipo.jpg\",\"contentUrl\":\"https:\\\/\\\/www.enriquerequena.com\\\/wp-content\\\/uploads\\\/2019\\\/11\\\/enrique-requena-recambios-logotipo.jpg\",\"width\":381,\"height\":75,\"caption\":\"Enrique Requena S.L.\"},\"image\":{\"@id\":\"https:\\\/\\\/www.enriquerequena.com\\\/fr\\\/#\\\/schema\\\/logo\\\/image\\\/\"}}]}<\/script>\n<!-- \/ Yoast SEO plugin. -->","yoast_head_json":{"title":"D\u00e9marreur Marine 586279 - Acheter en Ligne - ER","description":"DD\u00e9marreur Marine 586279 neuf en ligne ici. Demandez-nous si vous recherchez un autre d\u00e9marreur. Neuf avec 2 ans de garantie.","robots":{"index":"index","follow":"follow","max-snippet":"max-snippet:-1","max-image-preview":"max-image-preview:large","max-video-preview":"max-video-preview:-1"},"canonical":"https:\/\/www.enriquerequena.com\/fr\/tienda-online\/pieces-rechange-voiture\/demarreur\/demarreur-marine-586279\/","og_locale":"fr_FR","og_type":"article","og_title":"D\u00e9marreur Marine 586279 - Acheter en Ligne - ER","og_description":"DD\u00e9marreur Marine 586279 neuf en ligne ici. Demandez-nous si vous recherchez un autre d\u00e9marreur. Neuf avec 2 ans de garantie.","og_url":"https:\/\/www.enriquerequena.com\/fr\/tienda-online\/pieces-rechange-voiture\/demarreur\/demarreur-marine-586279\/","og_site_name":"ENRIQUE REQUENA","article_modified_time":"2023-02-07T16:18:19+00:00","og_image":[{"width":800,"height":800,"url":"https:\/\/www.enriquerequena.com\/wp-content\/uploads\/2020\/03\/586279-MOTOR-DE-ARRANQUE-DEMARREUR-STARTER-2.jpg","type":"image\/jpeg"}],"twitter_card":"summary_large_image","twitter_misc":{"Dur\u00e9e de lecture estim\u00e9e":"1 minute"},"schema":{"@context":"https:\/\/schema.org","@graph":[{"@type":"WebPage","@id":"https:\/\/www.enriquerequena.com\/fr\/tienda-online\/pieces-rechange-voiture\/demarreur\/demarreur-marine-586279\/","url":"https:\/\/www.enriquerequena.com\/fr\/tienda-online\/pieces-rechange-voiture\/demarreur\/demarreur-marine-586279\/","name":"D\u00e9marreur Marine 586279 - Acheter en Ligne - ER","isPartOf":{"@id":"https:\/\/www.enriquerequena.com\/fr\/#website"},"primaryImageOfPage":{"@id":"https:\/\/www.enriquerequena.com\/fr\/tienda-online\/pieces-rechange-voiture\/demarreur\/demarreur-marine-586279\/#primaryimage"},"image":{"@id":"https:\/\/www.enriquerequena.com\/fr\/tienda-online\/pieces-rechange-voiture\/demarreur\/demarreur-marine-586279\/#primaryimage"},"thumbnailUrl":"https:\/\/www.enriquerequena.com\/wp-content\/uploads\/2020\/03\/586279-MOTOR-DE-ARRANQUE-DEMARREUR-STARTER-2.jpg","datePublished":"2020-03-07T13:02:48+00:00","dateModified":"2023-02-07T16:18:19+00:00","description":"DD\u00e9marreur Marine 586279 neuf en ligne ici. Demandez-nous si vous recherchez un autre d\u00e9marreur. Neuf avec 2 ans de garantie.","breadcrumb":{"@id":"https:\/\/www.enriquerequena.com\/fr\/tienda-online\/pieces-rechange-voiture\/demarreur\/demarreur-marine-586279\/#breadcrumb"},"inLanguage":"fr-FR","potentialAction":[{"@type":"ReadAction","target":["https:\/\/www.enriquerequena.com\/fr\/tienda-online\/pieces-rechange-voiture\/demarreur\/demarreur-marine-586279\/"]}]},{"@type":"ImageObject","inLanguage":"fr-FR","@id":"https:\/\/www.enriquerequena.com\/fr\/tienda-online\/pieces-rechange-voiture\/demarreur\/demarreur-marine-586279\/#primaryimage","url":"https:\/\/www.enriquerequena.com\/wp-content\/uploads\/2020\/03\/586279-MOTOR-DE-ARRANQUE-DEMARREUR-STARTER-2.jpg","contentUrl":"https:\/\/www.enriquerequena.com\/wp-content\/uploads\/2020\/03\/586279-MOTOR-DE-ARRANQUE-DEMARREUR-STARTER-2.jpg","width":800,"height":800,"caption":"586279, MOTOR DE ARRANQUE, DEMARREUR, STARTER (2)"},{"@type":"WebSite","@id":"https:\/\/www.enriquerequena.com\/fr\/#website","url":"https:\/\/www.enriquerequena.com\/fr\/","name":"ENRIQUE REQUENA","description":"Sp\u00e9cialistes des transmissions cardan avec des exp\u00e9ditions dans le monde entier et des pi\u00e8ces d\u00e9tach\u00e9es pour voitures, camions et accessoires \u00e0 Valence, en Espagne. Avec vous depuis 1950!","publisher":{"@id":"https:\/\/www.enriquerequena.com\/fr\/#organization"},"potentialAction":[{"@type":"SearchAction","target":{"@type":"EntryPoint","urlTemplate":"https:\/\/www.enriquerequena.com\/fr\/?s={search_term_string}"},"query-input":{"@type":"PropertyValueSpecification","valueRequired":true,"valueName":"search_term_string"}}],"inLanguage":"fr-FR"},{"@type":"Organization","@id":"https:\/\/www.enriquerequena.com\/fr\/#organization","name":"Enrique Requena S.L.","url":"https:\/\/www.enriquerequena.com\/fr\/","logo":{"@type":"ImageObject","inLanguage":"fr-FR","@id":"https:\/\/www.enriquerequena.com\/fr\/#\/schema\/logo\/image\/","url":"https:\/\/www.enriquerequena.com\/wp-content\/uploads\/2019\/11\/enrique-requena-recambios-logotipo.jpg","contentUrl":"https:\/\/www.enriquerequena.com\/wp-content\/uploads\/2019\/11\/enrique-requena-recambios-logotipo.jpg","width":381,"height":75,"caption":"Enrique Requena S.L."},"image":{"@id":"https:\/\/www.enriquerequena.com\/fr\/#\/schema\/logo\/image\/"}}]}},"_links":{"self":[{"href":"https:\/\/www.enriquerequena.com\/fr\/wp-json\/wp\/v2\/product\/11192","targetHints":{"allow":["GET"]}}],"collection":[{"href":"https:\/\/www.enriquerequena.com\/fr\/wp-json\/wp\/v2\/product"}],"about":[{"href":"https:\/\/www.enriquerequena.com\/fr\/wp-json\/wp\/v2\/types\/product"}],"wp:featuredmedia":[{"embeddable":true,"href":"https:\/\/www.enriquerequena.com\/fr\/wp-json\/wp\/v2\/media\/11195"}],"wp:attachment":[{"href":"https:\/\/www.enriquerequena.com\/fr\/wp-json\/wp\/v2\/media?parent=11192"}],"wp:term":[{"taxonomy":"product_brand","embeddable":true,"href":"https:\/\/www.enriquerequena.com\/fr\/wp-json\/wp\/v2\/product_brand?post=11192"},{"taxonomy":"product_cat","embeddable":true,"href":"https:\/\/www.enriquerequena.com\/fr\/wp-json\/wp\/v2\/product_cat?post=11192"},{"taxonomy":"product_tag","embeddable":true,"href":"https:\/\/www.enriquerequena.com\/fr\/wp-json\/wp\/v2\/product_tag?post=11192"}],"curies":[{"name":"wp","href":"https:\/\/api.w.org\/{rel}","templated":true}]}}