{"id":11225,"date":"2020-03-08T15:13:20","date_gmt":"2020-03-08T14:13:20","guid":{"rendered":"https:\/\/www.enriquerequena.com\/?post_type=product&#038;p=11225"},"modified":"2023-02-07T17:25:16","modified_gmt":"2023-02-07T16:25:16","slug":"arbre-de-transmission-mercedes-vito-viano-a6394107106-6394107106","status":"publish","type":"product","link":"https:\/\/www.enriquerequena.com\/fr\/tienda-online\/arbre-transmission-cardan\/arbre-transmission-cardan-fourgons\/arbre-de-transmission-mercedes-vito-viano-a6394107106-6394107106\/","title":{"rendered":"Arbre de transmission Mercedes Vito Viano  A6394107106 6394107106"},"content":{"rendered":"<p>Arbre de transmission Mercedes Vito Viano A6394107106, 6394107106 est <strong>un arbre transmission de Mercedes neuve avec une garantie d&rsquo;un an<\/strong>. C&rsquo;est le choix le plus \u00e9conomique. Nos transmissions \u00e1 cardan pour Mercedes Vito Viano sont <strong>d&rsquo;origine \u00e0 moiti\u00e9 prix<\/strong>, parce que nous sommes distribuiteurs de transmissions \u00e1 cardan GKN, c&rsquo;est pour cette raison que nous avons les m\u00eames arbres de transmissions d&rsquo;origine aux meilleurs prix du march\u00e9. A6394107106, 6394107106 est disponible pour Mercedes Vito Viano. Nous vendons des pi\u00e8ces d\u00e9tach\u00e9es ou pi\u00e8ces de rechange pour camionnettes \u00e0 Valence depuis 1950 et nous vendons aussi en ligne dans le monde entier. N\u00b4h\u00e9sitez pas \u00e0 nous consulter pour d\u00b4autres mod\u00e8les de transmission \u00e0 cardan de tout type de v\u00e9hicule. Nous avons une exp\u00e9rience de 70 ans dans le commerce de transmissions et connaissons tr\u00e8s bien le sujet.<\/p>\n<ul>\n<li>\n<h6>Caract\u00e9ristiques techniques:<\/h6>\n<\/li>\n<li>\n<h6>Pi\u00e8ce de rechange: arbre de transmission \u00e0 cardan<\/h6>\n<\/li>\n<li>\n<h6>Mod\u00e8le: Mercedes Vito\u00a0 Viano<\/h6>\n<\/li>\n<li>\n<h6>Num\u00e9ro de r\u00e9f\u00e9rence: \u00a0A6394107106, 6394107106<\/h6>\n<\/li>\n<li>\n<h6>Marque: GKN<\/h6>\n<\/li>\n<li>\n<h6>Etat: pi\u00e8ce neuve<\/h6>\n<\/li>\n<li>\n<h6>Longueur : 2405 mm<\/h6>\n<\/li>\n<li>\n<h6>Garantie d&rsquo;un an<\/h6>\n<\/li>\n<\/ul>\n","protected":false},"excerpt":{"rendered":"<p>Arbre de transmission Mercedes Vito Viano A6394107106, 6394107106 est une transmission de Mercedes<strong> neuve avec un an de garantie.<\/strong><\/p>\n","protected":false},"featured_media":11228,"template":"","meta":[],"product_brand":[],"product_cat":[144,159],"product_tag":[],"class_list":{"0":"post-11225","1":"product","2":"type-product","3":"status-publish","4":"has-post-thumbnail","6":"product_cat-arbre-transmission-cardan","7":"product_cat-arbre-transmission-cardan-fourgons","8":"pa_manufacturer-mercedes-benz","9":"pa_tipo-fourgons-et-vehicules-legers","11":"first","12":"instock","13":"featured","14":"taxable","15":"shipping-taxable","16":"purchasable","17":"product-type-simple"},"yoast_head":"<!-- This site is optimized with the Yoast SEO plugin v27.1.1 - https:\/\/yoast.com\/product\/yoast-seo-wordpress\/ -->\n<title>Arbre de transmission Mercedes Vito Viano A6394107106 6394107106<\/title>\n<meta name=\"description\" content=\"Vous pouvez acheter Arbre de transmission Mercedes Vito Viano avec r\u00e9f\u00e9rence A6394107106, 6394107106 GKN au meilleur prix.\" \/>\n<meta name=\"robots\" content=\"index, follow, max-snippet:-1, max-image-preview:large, max-video-preview:-1\" \/>\n<link rel=\"canonical\" href=\"https:\/\/www.enriquerequena.com\/fr\/tienda-online\/arbre-transmission-cardan\/arbre-transmission-cardan-fourgons\/arbre-de-transmission-mercedes-vito-viano-a6394107106-6394107106\/\" \/>\n<meta property=\"og:locale\" content=\"fr_FR\" \/>\n<meta property=\"og:type\" content=\"article\" \/>\n<meta property=\"og:title\" content=\"Arbre de transmission Mercedes Vito Viano A6394107106 6394107106\" \/>\n<meta property=\"og:description\" content=\"Vous pouvez acheter Arbre de transmission Mercedes Vito Viano avec r\u00e9f\u00e9rence A6394107106, 6394107106 GKN au meilleur prix.\" \/>\n<meta property=\"og:url\" content=\"https:\/\/www.enriquerequena.com\/fr\/tienda-online\/arbre-transmission-cardan\/arbre-transmission-cardan-fourgons\/arbre-de-transmission-mercedes-vito-viano-a6394107106-6394107106\/\" \/>\n<meta property=\"og:site_name\" content=\"ENRIQUE REQUENA\" \/>\n<meta property=\"article:modified_time\" content=\"2023-02-07T16:25:16+00:00\" \/>\n<meta property=\"og:image\" content=\"https:\/\/www.enriquerequena.com\/wp-content\/uploads\/2020\/03\/TRANSMISION-CARDAN-ARBRE-DE-TRANSMISSION-PROPSHAFT-MERCEDES-VITO-VIANO.jpg\" \/>\n\t<meta property=\"og:image:width\" content=\"800\" \/>\n\t<meta property=\"og:image:height\" content=\"800\" \/>\n\t<meta property=\"og:image:type\" content=\"image\/jpeg\" \/>\n<meta name=\"twitter:card\" content=\"summary_large_image\" \/>\n<meta name=\"twitter:label1\" content=\"Dur\u00e9e de lecture estim\u00e9e\" \/>\n\t<meta name=\"twitter:data1\" content=\"1 minute\" \/>\n<script type=\"application\/ld+json\" class=\"yoast-schema-graph\">{\"@context\":\"https:\/\/schema.org\",\"@graph\":[{\"@type\":\"WebPage\",\"@id\":\"https:\/\/www.enriquerequena.com\/fr\/tienda-online\/arbre-transmission-cardan\/arbre-transmission-cardan-fourgons\/arbre-de-transmission-mercedes-vito-viano-a6394107106-6394107106\/\",\"url\":\"https:\/\/www.enriquerequena.com\/fr\/tienda-online\/arbre-transmission-cardan\/arbre-transmission-cardan-fourgons\/arbre-de-transmission-mercedes-vito-viano-a6394107106-6394107106\/\",\"name\":\"Arbre de transmission Mercedes Vito Viano A6394107106 6394107106\",\"isPartOf\":{\"@id\":\"https:\/\/www.enriquerequena.com\/fr\/#website\"},\"primaryImageOfPage\":{\"@id\":\"https:\/\/www.enriquerequena.com\/fr\/tienda-online\/arbre-transmission-cardan\/arbre-transmission-cardan-fourgons\/arbre-de-transmission-mercedes-vito-viano-a6394107106-6394107106\/#primaryimage\"},\"image\":{\"@id\":\"https:\/\/www.enriquerequena.com\/fr\/tienda-online\/arbre-transmission-cardan\/arbre-transmission-cardan-fourgons\/arbre-de-transmission-mercedes-vito-viano-a6394107106-6394107106\/#primaryimage\"},\"thumbnailUrl\":\"https:\/\/www.enriquerequena.com\/wp-content\/uploads\/2020\/03\/TRANSMISION-CARDAN-ARBRE-DE-TRANSMISSION-PROPSHAFT-MERCEDES-VITO-VIANO.jpg\",\"datePublished\":\"2020-03-08T14:13:20+00:00\",\"dateModified\":\"2023-02-07T16:25:16+00:00\",\"description\":\"Vous pouvez acheter Arbre de transmission Mercedes Vito Viano avec r\u00e9f\u00e9rence A6394107106, 6394107106 GKN au meilleur prix.\",\"breadcrumb\":{\"@id\":\"https:\/\/www.enriquerequena.com\/fr\/tienda-online\/arbre-transmission-cardan\/arbre-transmission-cardan-fourgons\/arbre-de-transmission-mercedes-vito-viano-a6394107106-6394107106\/#breadcrumb\"},\"inLanguage\":\"fr-FR\",\"potentialAction\":[{\"@type\":\"ReadAction\",\"target\":[\"https:\/\/www.enriquerequena.com\/fr\/tienda-online\/arbre-transmission-cardan\/arbre-transmission-cardan-fourgons\/arbre-de-transmission-mercedes-vito-viano-a6394107106-6394107106\/\"]}]},{\"@type\":\"ImageObject\",\"inLanguage\":\"fr-FR\",\"@id\":\"https:\/\/www.enriquerequena.com\/fr\/tienda-online\/arbre-transmission-cardan\/arbre-transmission-cardan-fourgons\/arbre-de-transmission-mercedes-vito-viano-a6394107106-6394107106\/#primaryimage\",\"url\":\"https:\/\/www.enriquerequena.com\/wp-content\/uploads\/2020\/03\/TRANSMISION-CARDAN-ARBRE-DE-TRANSMISSION-PROPSHAFT-MERCEDES-VITO-VIANO.jpg\",\"contentUrl\":\"https:\/\/www.enriquerequena.com\/wp-content\/uploads\/2020\/03\/TRANSMISION-CARDAN-ARBRE-DE-TRANSMISSION-PROPSHAFT-MERCEDES-VITO-VIANO.jpg\",\"width\":800,\"height\":800,\"caption\":\"Arbre de transmission Mercedes Vito Viano A6394102016 6394102016\"},{\"@type\":\"WebSite\",\"@id\":\"https:\/\/www.enriquerequena.com\/fr\/#website\",\"url\":\"https:\/\/www.enriquerequena.com\/fr\/\",\"name\":\"ENRIQUE REQUENA\",\"description\":\"Sp\u00e9cialistes des transmissions cardan avec des exp\u00e9ditions dans le monde entier et des pi\u00e8ces d\u00e9tach\u00e9es pour voitures, camions et accessoires \u00e0 Valence, en Espagne. Avec vous depuis 1950!\",\"publisher\":{\"@id\":\"https:\/\/www.enriquerequena.com\/fr\/#organization\"},\"potentialAction\":[{\"@type\":\"SearchAction\",\"target\":{\"@type\":\"EntryPoint\",\"urlTemplate\":\"https:\/\/www.enriquerequena.com\/fr\/?s={search_term_string}\"},\"query-input\":{\"@type\":\"PropertyValueSpecification\",\"valueRequired\":true,\"valueName\":\"search_term_string\"}}],\"inLanguage\":\"fr-FR\"},{\"@type\":\"Organization\",\"@id\":\"https:\/\/www.enriquerequena.com\/fr\/#organization\",\"name\":\"Enrique Requena S.L.\",\"url\":\"https:\/\/www.enriquerequena.com\/fr\/\",\"logo\":{\"@type\":\"ImageObject\",\"inLanguage\":\"fr-FR\",\"@id\":\"https:\/\/www.enriquerequena.com\/fr\/#\/schema\/logo\/image\/\",\"url\":\"https:\/\/www.enriquerequena.com\/wp-content\/uploads\/2019\/11\/enrique-requena-recambios-logotipo.jpg\",\"contentUrl\":\"https:\/\/www.enriquerequena.com\/wp-content\/uploads\/2019\/11\/enrique-requena-recambios-logotipo.jpg\",\"width\":381,\"height\":75,\"caption\":\"Enrique Requena S.L.\"},\"image\":{\"@id\":\"https:\/\/www.enriquerequena.com\/fr\/#\/schema\/logo\/image\/\"}}]}<\/script>\n<!-- \/ Yoast SEO plugin. -->","yoast_head_json":{"title":"Arbre de transmission Mercedes Vito Viano A6394107106 6394107106","description":"Vous pouvez acheter Arbre de transmission Mercedes Vito Viano avec r\u00e9f\u00e9rence A6394107106, 6394107106 GKN au meilleur prix.","robots":{"index":"index","follow":"follow","max-snippet":"max-snippet:-1","max-image-preview":"max-image-preview:large","max-video-preview":"max-video-preview:-1"},"canonical":"https:\/\/www.enriquerequena.com\/fr\/tienda-online\/arbre-transmission-cardan\/arbre-transmission-cardan-fourgons\/arbre-de-transmission-mercedes-vito-viano-a6394107106-6394107106\/","og_locale":"fr_FR","og_type":"article","og_title":"Arbre de transmission Mercedes Vito Viano A6394107106 6394107106","og_description":"Vous pouvez acheter Arbre de transmission Mercedes Vito Viano avec r\u00e9f\u00e9rence A6394107106, 6394107106 GKN au meilleur prix.","og_url":"https:\/\/www.enriquerequena.com\/fr\/tienda-online\/arbre-transmission-cardan\/arbre-transmission-cardan-fourgons\/arbre-de-transmission-mercedes-vito-viano-a6394107106-6394107106\/","og_site_name":"ENRIQUE REQUENA","article_modified_time":"2023-02-07T16:25:16+00:00","og_image":[{"width":800,"height":800,"url":"https:\/\/www.enriquerequena.com\/wp-content\/uploads\/2020\/03\/TRANSMISION-CARDAN-ARBRE-DE-TRANSMISSION-PROPSHAFT-MERCEDES-VITO-VIANO.jpg","type":"image\/jpeg"}],"twitter_card":"summary_large_image","twitter_misc":{"Dur\u00e9e de lecture estim\u00e9e":"1 minute"},"schema":{"@context":"https:\/\/schema.org","@graph":[{"@type":"WebPage","@id":"https:\/\/www.enriquerequena.com\/fr\/tienda-online\/arbre-transmission-cardan\/arbre-transmission-cardan-fourgons\/arbre-de-transmission-mercedes-vito-viano-a6394107106-6394107106\/","url":"https:\/\/www.enriquerequena.com\/fr\/tienda-online\/arbre-transmission-cardan\/arbre-transmission-cardan-fourgons\/arbre-de-transmission-mercedes-vito-viano-a6394107106-6394107106\/","name":"Arbre de transmission Mercedes Vito Viano A6394107106 6394107106","isPartOf":{"@id":"https:\/\/www.enriquerequena.com\/fr\/#website"},"primaryImageOfPage":{"@id":"https:\/\/www.enriquerequena.com\/fr\/tienda-online\/arbre-transmission-cardan\/arbre-transmission-cardan-fourgons\/arbre-de-transmission-mercedes-vito-viano-a6394107106-6394107106\/#primaryimage"},"image":{"@id":"https:\/\/www.enriquerequena.com\/fr\/tienda-online\/arbre-transmission-cardan\/arbre-transmission-cardan-fourgons\/arbre-de-transmission-mercedes-vito-viano-a6394107106-6394107106\/#primaryimage"},"thumbnailUrl":"https:\/\/www.enriquerequena.com\/wp-content\/uploads\/2020\/03\/TRANSMISION-CARDAN-ARBRE-DE-TRANSMISSION-PROPSHAFT-MERCEDES-VITO-VIANO.jpg","datePublished":"2020-03-08T14:13:20+00:00","dateModified":"2023-02-07T16:25:16+00:00","description":"Vous pouvez acheter Arbre de transmission Mercedes Vito Viano avec r\u00e9f\u00e9rence A6394107106, 6394107106 GKN au meilleur prix.","breadcrumb":{"@id":"https:\/\/www.enriquerequena.com\/fr\/tienda-online\/arbre-transmission-cardan\/arbre-transmission-cardan-fourgons\/arbre-de-transmission-mercedes-vito-viano-a6394107106-6394107106\/#breadcrumb"},"inLanguage":"fr-FR","potentialAction":[{"@type":"ReadAction","target":["https:\/\/www.enriquerequena.com\/fr\/tienda-online\/arbre-transmission-cardan\/arbre-transmission-cardan-fourgons\/arbre-de-transmission-mercedes-vito-viano-a6394107106-6394107106\/"]}]},{"@type":"ImageObject","inLanguage":"fr-FR","@id":"https:\/\/www.enriquerequena.com\/fr\/tienda-online\/arbre-transmission-cardan\/arbre-transmission-cardan-fourgons\/arbre-de-transmission-mercedes-vito-viano-a6394107106-6394107106\/#primaryimage","url":"https:\/\/www.enriquerequena.com\/wp-content\/uploads\/2020\/03\/TRANSMISION-CARDAN-ARBRE-DE-TRANSMISSION-PROPSHAFT-MERCEDES-VITO-VIANO.jpg","contentUrl":"https:\/\/www.enriquerequena.com\/wp-content\/uploads\/2020\/03\/TRANSMISION-CARDAN-ARBRE-DE-TRANSMISSION-PROPSHAFT-MERCEDES-VITO-VIANO.jpg","width":800,"height":800,"caption":"Arbre de transmission Mercedes Vito Viano A6394102016 6394102016"},{"@type":"WebSite","@id":"https:\/\/www.enriquerequena.com\/fr\/#website","url":"https:\/\/www.enriquerequena.com\/fr\/","name":"ENRIQUE REQUENA","description":"Sp\u00e9cialistes des transmissions cardan avec des exp\u00e9ditions dans le monde entier et des pi\u00e8ces d\u00e9tach\u00e9es pour voitures, camions et accessoires \u00e0 Valence, en Espagne. Avec vous depuis 1950!","publisher":{"@id":"https:\/\/www.enriquerequena.com\/fr\/#organization"},"potentialAction":[{"@type":"SearchAction","target":{"@type":"EntryPoint","urlTemplate":"https:\/\/www.enriquerequena.com\/fr\/?s={search_term_string}"},"query-input":{"@type":"PropertyValueSpecification","valueRequired":true,"valueName":"search_term_string"}}],"inLanguage":"fr-FR"},{"@type":"Organization","@id":"https:\/\/www.enriquerequena.com\/fr\/#organization","name":"Enrique Requena S.L.","url":"https:\/\/www.enriquerequena.com\/fr\/","logo":{"@type":"ImageObject","inLanguage":"fr-FR","@id":"https:\/\/www.enriquerequena.com\/fr\/#\/schema\/logo\/image\/","url":"https:\/\/www.enriquerequena.com\/wp-content\/uploads\/2019\/11\/enrique-requena-recambios-logotipo.jpg","contentUrl":"https:\/\/www.enriquerequena.com\/wp-content\/uploads\/2019\/11\/enrique-requena-recambios-logotipo.jpg","width":381,"height":75,"caption":"Enrique Requena S.L."},"image":{"@id":"https:\/\/www.enriquerequena.com\/fr\/#\/schema\/logo\/image\/"}}]}},"_links":{"self":[{"href":"https:\/\/www.enriquerequena.com\/fr\/wp-json\/wp\/v2\/product\/11225","targetHints":{"allow":["GET"]}}],"collection":[{"href":"https:\/\/www.enriquerequena.com\/fr\/wp-json\/wp\/v2\/product"}],"about":[{"href":"https:\/\/www.enriquerequena.com\/fr\/wp-json\/wp\/v2\/types\/product"}],"wp:featuredmedia":[{"embeddable":true,"href":"https:\/\/www.enriquerequena.com\/fr\/wp-json\/wp\/v2\/media\/11228"}],"wp:attachment":[{"href":"https:\/\/www.enriquerequena.com\/fr\/wp-json\/wp\/v2\/media?parent=11225"}],"wp:term":[{"taxonomy":"product_brand","embeddable":true,"href":"https:\/\/www.enriquerequena.com\/fr\/wp-json\/wp\/v2\/product_brand?post=11225"},{"taxonomy":"product_cat","embeddable":true,"href":"https:\/\/www.enriquerequena.com\/fr\/wp-json\/wp\/v2\/product_cat?post=11225"},{"taxonomy":"product_tag","embeddable":true,"href":"https:\/\/www.enriquerequena.com\/fr\/wp-json\/wp\/v2\/product_tag?post=11225"}],"curies":[{"name":"wp","href":"https:\/\/api.w.org\/{rel}","templated":true}]}}