{"id":11318,"date":"2020-03-19T15:07:25","date_gmt":"2020-03-19T14:07:26","guid":{"rendered":"https:\/\/www.enriquerequena.com\/?post_type=product&#038;p=11318"},"modified":"2023-02-07T16:12:48","modified_gmt":"2023-02-07T15:12:48","slug":"arbre-de-transmission-a-cardan-dacia-duster-370002820r-320003602r","status":"publish","type":"product","link":"https:\/\/www.enriquerequena.com\/fr\/tienda-online\/arbre-transmission-cardan\/arbre-transmission-cardan-4x4\/arbre-de-transmission-a-cardan-dacia-duster-370002820r-320003602r\/","title":{"rendered":"Arbre de transmission \u00e0 cardan Dacia Duster 370002820R, 320003602R, 8200945335"},"content":{"rendered":"<div class=\"wpb-content-wrapper\"><p>[vc_row][vc_column][vc_column_text text_larger=\u00a0\u00bbno\u00a0\u00bb]<\/p>\n<p style=\"text-align: justify;\"><span style=\"color: #666699;\">Arbre de transmission \u00e0 cardan pour Dacia Duster 4&#215;4 avec r\u00e9f\u00e9rence 370002820R, 320003602R, 8200945335 est une transmission \u00e0 cardan de Dacia neuve avec une garantie d&rsquo;un an. C&rsquo;est le choix le plus \u00e9conomique.<\/span><\/p>\n<p style=\"text-align: justify;\"><span style=\"color: #666699;\">Nos transmissions \u00e1 cardan pour <strong>Dacia Duster 4x<\/strong>4 <strong>sont d&rsquo;origine, \u00e0 moiti\u00e9 prix<\/strong> parce que nous sommes distribuiteurs de transmissions \u00e1 cardan <strong>GKN<\/strong>, premier fabricant de ce composant en premi\u00e8re \u00e9quipe, c&rsquo;est pour cette raison que nous avons les m\u00eames arbres \u00e1 cardan d&rsquo;origine aux meilleurs prix du march\u00e9.<\/span><\/p>\n<p style=\"text-align: justify;\"><span style=\"color: #666699;\">N\u00b4h\u00e9sitez pas \u00e0 nous consulter pour d\u00b4autres mod\u00e8les de transmission \u00e0 cardan de tout type de v\u00e9hicule. Nous avons une exp\u00e9rience de 68 ans dans le commerce de transmissions \u00e0 cardan et connaissons tr\u00e8s bien le sujet.<\/span><\/p>\n<div class=\"about_title\">Informations sur le produit:<\/div>\n<ul>\n<li><span class=\"lf\">\u00e0 plusieurs pi\u00e8ces:<\/span><span class=\"rg\">\u00e0 deux pi\u00e8ces<\/span><\/li>\n<li><span class=\"lf\">Article compl\u00e9mentaire \/ Info compl\u00e9mentaire 2:<\/span><span class=\"rg\">avec serre-flan<\/span><\/li>\n<li><span class=\"lf\">Longueur globale: <\/span><span class=\"rg\">2078,00 mm<\/span><\/li>\n<li><span class=\"lf\">Diam\u00e8tre moyeu 1 [mm]: <\/span><span class=\"rg\">65,00<\/span><\/li>\n<li><span class=\"lf\">Diam\u00e8tre moyeu 2 [mm]: <\/span><span class=\"rg\">65,00<\/span><\/li>\n<li><span class=\"lf\">Cercle de percage -\u00d8 1 [mm]: <\/span><span class=\"rg\">95,00<\/span><\/li>\n<li><span class=\"lf\">Al\u00e9sage-\u00d8 1 [mm]:<\/span><span class=\"rg\">10,75<\/span><\/li>\n<li><span class=\"lf\">Nombre de trous 1:<\/span><span class=\"rg\">4<\/span><\/li>\n<li><span class=\"lf\">Cercle de percage -\u00d8 2 [mm]: <\/span><span class=\"rg\">95,00<\/span><\/li>\n<li><span class=\"lf\">Al\u00e9sage-\u00d8 2 [mm]: <\/span><span class=\"rg\">10,75<\/span><\/li>\n<li><span class=\"lf\">Nombre de trous 2:<\/span><span class=\"rg\">4<\/span><\/li>\n<li><span class=\"lf\">Tuyau-\u00d8 [mm]: <\/span><span class=\"rg\">74,90<\/span><\/li>\n<li><span class=\"lf\">Pi\u00e8ce neuve<\/span><\/li>\n<li class=\"default_ul_li_class\"><span class=\"lc\">L&rsquo;\u00e9tat \u00a0<\/span><span class=\"rc\">Neuf<\/span><\/li>\n<li>Garantie d&rsquo;un an<\/li>\n<\/ul>\n<p>[\/vc_column_text][\/vc_column][\/vc_row]<\/p>\n<\/div>","protected":false},"excerpt":{"rendered":"<p><span style=\"color: #666699;\">Arbre de transmission \u00e0 cardan pour Dacia Duster 4&#215;4 avec r\u00e9f\u00e9rence 370002820R, 320003602R 8200945335 est une transmission \u00e0 cardan de Dacia neuve avec une garantie d&rsquo;un an.\u00a0<\/span><\/p>\n","protected":false},"featured_media":12004,"template":"","meta":[],"product_brand":[],"product_cat":[144,156],"product_tag":[],"class_list":{"0":"post-11318","1":"product","2":"type-product","3":"status-publish","4":"has-post-thumbnail","6":"product_cat-arbre-transmission-cardan","7":"product_cat-arbre-transmission-cardan-4x4","8":"pa_manufacturer-dacia","9":"pa_tipo-4x4","11":"first","12":"instock","13":"featured","14":"taxable","15":"shipping-taxable","16":"purchasable","17":"product-type-simple"},"yoast_head":"<!-- This site is optimized with the Yoast SEO plugin v27.5 - https:\/\/yoast.com\/product\/yoast-seo-wordpress\/ -->\n<title>Arbre de transmission Dacia Duster 370002820R 320003602R\u00a0<\/title>\n<meta name=\"description\" content=\"Vous pouvez acheter Arbre de transmission \u00e0 cardan Dacia Duster 370002820R, 320003602R 8200945335 GKN pour Dacia Duster 4x4 au meilleur prix.\" \/>\n<meta name=\"robots\" content=\"index, follow, max-snippet:-1, max-image-preview:large, max-video-preview:-1\" \/>\n<link rel=\"canonical\" href=\"https:\/\/www.enriquerequena.com\/fr\/tienda-online\/arbre-transmission-cardan\/arbre-transmission-cardan-4x4\/arbre-de-transmission-a-cardan-dacia-duster-370002820r-320003602r\/\" \/>\n<meta property=\"og:locale\" content=\"fr_FR\" \/>\n<meta property=\"og:type\" content=\"article\" \/>\n<meta property=\"og:title\" content=\"Arbre de transmission Dacia Duster 370002820R 320003602R\u00a0\" \/>\n<meta property=\"og:description\" content=\"Vous pouvez acheter Arbre de transmission \u00e0 cardan Dacia Duster 370002820R, 320003602R 8200945335 GKN pour Dacia Duster 4x4 au meilleur prix.\" \/>\n<meta property=\"og:url\" content=\"https:\/\/www.enriquerequena.com\/fr\/tienda-online\/arbre-transmission-cardan\/arbre-transmission-cardan-4x4\/arbre-de-transmission-a-cardan-dacia-duster-370002820r-320003602r\/\" \/>\n<meta property=\"og:site_name\" content=\"ENRIQUE REQUENA\" \/>\n<meta property=\"article:modified_time\" content=\"2023-02-07T15:12:48+00:00\" \/>\n<meta property=\"og:image\" content=\"https:\/\/www.enriquerequena.com\/wp-content\/uploads\/2020\/03\/TRANSMISION-CARDA-ARBRE-DE-TRANSMISION-PROPSHAFT-DACIA-DUSTER.jpg\" \/>\n\t<meta property=\"og:image:width\" content=\"800\" \/>\n\t<meta property=\"og:image:height\" content=\"800\" \/>\n\t<meta property=\"og:image:type\" content=\"image\/jpeg\" \/>\n<meta name=\"twitter:card\" content=\"summary_large_image\" \/>\n<meta name=\"twitter:label1\" content=\"Dur\u00e9e de lecture estim\u00e9e\" \/>\n\t<meta name=\"twitter:data1\" content=\"1 minute\" \/>\n<script type=\"application\/ld+json\" class=\"yoast-schema-graph\">{\"@context\":\"https:\\\/\\\/schema.org\",\"@graph\":[{\"@type\":\"WebPage\",\"@id\":\"https:\\\/\\\/www.enriquerequena.com\\\/fr\\\/tienda-online\\\/arbre-transmission-cardan\\\/arbre-transmission-cardan-4x4\\\/arbre-de-transmission-a-cardan-dacia-duster-370002820r-320003602r\\\/\",\"url\":\"https:\\\/\\\/www.enriquerequena.com\\\/fr\\\/tienda-online\\\/arbre-transmission-cardan\\\/arbre-transmission-cardan-4x4\\\/arbre-de-transmission-a-cardan-dacia-duster-370002820r-320003602r\\\/\",\"name\":\"Arbre de transmission Dacia Duster 370002820R 320003602R\u00a0\",\"isPartOf\":{\"@id\":\"https:\\\/\\\/www.enriquerequena.com\\\/fr\\\/#website\"},\"primaryImageOfPage\":{\"@id\":\"https:\\\/\\\/www.enriquerequena.com\\\/fr\\\/tienda-online\\\/arbre-transmission-cardan\\\/arbre-transmission-cardan-4x4\\\/arbre-de-transmission-a-cardan-dacia-duster-370002820r-320003602r\\\/#primaryimage\"},\"image\":{\"@id\":\"https:\\\/\\\/www.enriquerequena.com\\\/fr\\\/tienda-online\\\/arbre-transmission-cardan\\\/arbre-transmission-cardan-4x4\\\/arbre-de-transmission-a-cardan-dacia-duster-370002820r-320003602r\\\/#primaryimage\"},\"thumbnailUrl\":\"https:\\\/\\\/www.enriquerequena.com\\\/wp-content\\\/uploads\\\/2020\\\/03\\\/TRANSMISION-CARDA-ARBRE-DE-TRANSMISION-PROPSHAFT-DACIA-DUSTER.jpg\",\"datePublished\":\"2020-03-19T14:07:26+00:00\",\"dateModified\":\"2023-02-07T15:12:48+00:00\",\"description\":\"Vous pouvez acheter Arbre de transmission \u00e0 cardan Dacia Duster 370002820R, 320003602R 8200945335 GKN pour Dacia Duster 4x4 au meilleur prix.\",\"breadcrumb\":{\"@id\":\"https:\\\/\\\/www.enriquerequena.com\\\/fr\\\/tienda-online\\\/arbre-transmission-cardan\\\/arbre-transmission-cardan-4x4\\\/arbre-de-transmission-a-cardan-dacia-duster-370002820r-320003602r\\\/#breadcrumb\"},\"inLanguage\":\"fr-FR\",\"potentialAction\":[{\"@type\":\"ReadAction\",\"target\":[\"https:\\\/\\\/www.enriquerequena.com\\\/fr\\\/tienda-online\\\/arbre-transmission-cardan\\\/arbre-transmission-cardan-4x4\\\/arbre-de-transmission-a-cardan-dacia-duster-370002820r-320003602r\\\/\"]}]},{\"@type\":\"ImageObject\",\"inLanguage\":\"fr-FR\",\"@id\":\"https:\\\/\\\/www.enriquerequena.com\\\/fr\\\/tienda-online\\\/arbre-transmission-cardan\\\/arbre-transmission-cardan-4x4\\\/arbre-de-transmission-a-cardan-dacia-duster-370002820r-320003602r\\\/#primaryimage\",\"url\":\"https:\\\/\\\/www.enriquerequena.com\\\/wp-content\\\/uploads\\\/2020\\\/03\\\/TRANSMISION-CARDA-ARBRE-DE-TRANSMISION-PROPSHAFT-DACIA-DUSTER.jpg\",\"contentUrl\":\"https:\\\/\\\/www.enriquerequena.com\\\/wp-content\\\/uploads\\\/2020\\\/03\\\/TRANSMISION-CARDA-ARBRE-DE-TRANSMISION-PROPSHAFT-DACIA-DUSTER.jpg\",\"width\":800,\"height\":800,\"caption\":\"Transmision - Cardan Dacia Duster 370002820R, 320003602R, 8200945335\"},{\"@type\":\"WebSite\",\"@id\":\"https:\\\/\\\/www.enriquerequena.com\\\/fr\\\/#website\",\"url\":\"https:\\\/\\\/www.enriquerequena.com\\\/fr\\\/\",\"name\":\"ENRIQUE REQUENA\",\"description\":\"Sp\u00e9cialistes des transmissions cardan avec des exp\u00e9ditions dans le monde entier et des pi\u00e8ces d\u00e9tach\u00e9es pour voitures, camions et accessoires \u00e0 Valence, en Espagne. Avec vous depuis 1950!\",\"publisher\":{\"@id\":\"https:\\\/\\\/www.enriquerequena.com\\\/fr\\\/#organization\"},\"potentialAction\":[{\"@type\":\"SearchAction\",\"target\":{\"@type\":\"EntryPoint\",\"urlTemplate\":\"https:\\\/\\\/www.enriquerequena.com\\\/fr\\\/?s={search_term_string}\"},\"query-input\":{\"@type\":\"PropertyValueSpecification\",\"valueRequired\":true,\"valueName\":\"search_term_string\"}}],\"inLanguage\":\"fr-FR\"},{\"@type\":\"Organization\",\"@id\":\"https:\\\/\\\/www.enriquerequena.com\\\/fr\\\/#organization\",\"name\":\"Enrique Requena S.L.\",\"url\":\"https:\\\/\\\/www.enriquerequena.com\\\/fr\\\/\",\"logo\":{\"@type\":\"ImageObject\",\"inLanguage\":\"fr-FR\",\"@id\":\"https:\\\/\\\/www.enriquerequena.com\\\/fr\\\/#\\\/schema\\\/logo\\\/image\\\/\",\"url\":\"https:\\\/\\\/www.enriquerequena.com\\\/wp-content\\\/uploads\\\/2019\\\/11\\\/enrique-requena-recambios-logotipo.jpg\",\"contentUrl\":\"https:\\\/\\\/www.enriquerequena.com\\\/wp-content\\\/uploads\\\/2019\\\/11\\\/enrique-requena-recambios-logotipo.jpg\",\"width\":381,\"height\":75,\"caption\":\"Enrique Requena S.L.\"},\"image\":{\"@id\":\"https:\\\/\\\/www.enriquerequena.com\\\/fr\\\/#\\\/schema\\\/logo\\\/image\\\/\"}}]}<\/script>\n<!-- \/ Yoast SEO plugin. -->","yoast_head_json":{"title":"Arbre de transmission Dacia Duster 370002820R 320003602R\u00a0","description":"Vous pouvez acheter Arbre de transmission \u00e0 cardan Dacia Duster 370002820R, 320003602R 8200945335 GKN pour Dacia Duster 4x4 au meilleur prix.","robots":{"index":"index","follow":"follow","max-snippet":"max-snippet:-1","max-image-preview":"max-image-preview:large","max-video-preview":"max-video-preview:-1"},"canonical":"https:\/\/www.enriquerequena.com\/fr\/tienda-online\/arbre-transmission-cardan\/arbre-transmission-cardan-4x4\/arbre-de-transmission-a-cardan-dacia-duster-370002820r-320003602r\/","og_locale":"fr_FR","og_type":"article","og_title":"Arbre de transmission Dacia Duster 370002820R 320003602R\u00a0","og_description":"Vous pouvez acheter Arbre de transmission \u00e0 cardan Dacia Duster 370002820R, 320003602R 8200945335 GKN pour Dacia Duster 4x4 au meilleur prix.","og_url":"https:\/\/www.enriquerequena.com\/fr\/tienda-online\/arbre-transmission-cardan\/arbre-transmission-cardan-4x4\/arbre-de-transmission-a-cardan-dacia-duster-370002820r-320003602r\/","og_site_name":"ENRIQUE REQUENA","article_modified_time":"2023-02-07T15:12:48+00:00","og_image":[{"width":800,"height":800,"url":"https:\/\/www.enriquerequena.com\/wp-content\/uploads\/2020\/03\/TRANSMISION-CARDA-ARBRE-DE-TRANSMISION-PROPSHAFT-DACIA-DUSTER.jpg","type":"image\/jpeg"}],"twitter_card":"summary_large_image","twitter_misc":{"Dur\u00e9e de lecture estim\u00e9e":"1 minute"},"schema":{"@context":"https:\/\/schema.org","@graph":[{"@type":"WebPage","@id":"https:\/\/www.enriquerequena.com\/fr\/tienda-online\/arbre-transmission-cardan\/arbre-transmission-cardan-4x4\/arbre-de-transmission-a-cardan-dacia-duster-370002820r-320003602r\/","url":"https:\/\/www.enriquerequena.com\/fr\/tienda-online\/arbre-transmission-cardan\/arbre-transmission-cardan-4x4\/arbre-de-transmission-a-cardan-dacia-duster-370002820r-320003602r\/","name":"Arbre de transmission Dacia Duster 370002820R 320003602R\u00a0","isPartOf":{"@id":"https:\/\/www.enriquerequena.com\/fr\/#website"},"primaryImageOfPage":{"@id":"https:\/\/www.enriquerequena.com\/fr\/tienda-online\/arbre-transmission-cardan\/arbre-transmission-cardan-4x4\/arbre-de-transmission-a-cardan-dacia-duster-370002820r-320003602r\/#primaryimage"},"image":{"@id":"https:\/\/www.enriquerequena.com\/fr\/tienda-online\/arbre-transmission-cardan\/arbre-transmission-cardan-4x4\/arbre-de-transmission-a-cardan-dacia-duster-370002820r-320003602r\/#primaryimage"},"thumbnailUrl":"https:\/\/www.enriquerequena.com\/wp-content\/uploads\/2020\/03\/TRANSMISION-CARDA-ARBRE-DE-TRANSMISION-PROPSHAFT-DACIA-DUSTER.jpg","datePublished":"2020-03-19T14:07:26+00:00","dateModified":"2023-02-07T15:12:48+00:00","description":"Vous pouvez acheter Arbre de transmission \u00e0 cardan Dacia Duster 370002820R, 320003602R 8200945335 GKN pour Dacia Duster 4x4 au meilleur prix.","breadcrumb":{"@id":"https:\/\/www.enriquerequena.com\/fr\/tienda-online\/arbre-transmission-cardan\/arbre-transmission-cardan-4x4\/arbre-de-transmission-a-cardan-dacia-duster-370002820r-320003602r\/#breadcrumb"},"inLanguage":"fr-FR","potentialAction":[{"@type":"ReadAction","target":["https:\/\/www.enriquerequena.com\/fr\/tienda-online\/arbre-transmission-cardan\/arbre-transmission-cardan-4x4\/arbre-de-transmission-a-cardan-dacia-duster-370002820r-320003602r\/"]}]},{"@type":"ImageObject","inLanguage":"fr-FR","@id":"https:\/\/www.enriquerequena.com\/fr\/tienda-online\/arbre-transmission-cardan\/arbre-transmission-cardan-4x4\/arbre-de-transmission-a-cardan-dacia-duster-370002820r-320003602r\/#primaryimage","url":"https:\/\/www.enriquerequena.com\/wp-content\/uploads\/2020\/03\/TRANSMISION-CARDA-ARBRE-DE-TRANSMISION-PROPSHAFT-DACIA-DUSTER.jpg","contentUrl":"https:\/\/www.enriquerequena.com\/wp-content\/uploads\/2020\/03\/TRANSMISION-CARDA-ARBRE-DE-TRANSMISION-PROPSHAFT-DACIA-DUSTER.jpg","width":800,"height":800,"caption":"Transmision - Cardan Dacia Duster 370002820R, 320003602R, 8200945335"},{"@type":"WebSite","@id":"https:\/\/www.enriquerequena.com\/fr\/#website","url":"https:\/\/www.enriquerequena.com\/fr\/","name":"ENRIQUE REQUENA","description":"Sp\u00e9cialistes des transmissions cardan avec des exp\u00e9ditions dans le monde entier et des pi\u00e8ces d\u00e9tach\u00e9es pour voitures, camions et accessoires \u00e0 Valence, en Espagne. Avec vous depuis 1950!","publisher":{"@id":"https:\/\/www.enriquerequena.com\/fr\/#organization"},"potentialAction":[{"@type":"SearchAction","target":{"@type":"EntryPoint","urlTemplate":"https:\/\/www.enriquerequena.com\/fr\/?s={search_term_string}"},"query-input":{"@type":"PropertyValueSpecification","valueRequired":true,"valueName":"search_term_string"}}],"inLanguage":"fr-FR"},{"@type":"Organization","@id":"https:\/\/www.enriquerequena.com\/fr\/#organization","name":"Enrique Requena S.L.","url":"https:\/\/www.enriquerequena.com\/fr\/","logo":{"@type":"ImageObject","inLanguage":"fr-FR","@id":"https:\/\/www.enriquerequena.com\/fr\/#\/schema\/logo\/image\/","url":"https:\/\/www.enriquerequena.com\/wp-content\/uploads\/2019\/11\/enrique-requena-recambios-logotipo.jpg","contentUrl":"https:\/\/www.enriquerequena.com\/wp-content\/uploads\/2019\/11\/enrique-requena-recambios-logotipo.jpg","width":381,"height":75,"caption":"Enrique Requena S.L."},"image":{"@id":"https:\/\/www.enriquerequena.com\/fr\/#\/schema\/logo\/image\/"}}]}},"_links":{"self":[{"href":"https:\/\/www.enriquerequena.com\/fr\/wp-json\/wp\/v2\/product\/11318","targetHints":{"allow":["GET"]}}],"collection":[{"href":"https:\/\/www.enriquerequena.com\/fr\/wp-json\/wp\/v2\/product"}],"about":[{"href":"https:\/\/www.enriquerequena.com\/fr\/wp-json\/wp\/v2\/types\/product"}],"wp:featuredmedia":[{"embeddable":true,"href":"https:\/\/www.enriquerequena.com\/fr\/wp-json\/wp\/v2\/media\/12004"}],"wp:attachment":[{"href":"https:\/\/www.enriquerequena.com\/fr\/wp-json\/wp\/v2\/media?parent=11318"}],"wp:term":[{"taxonomy":"product_brand","embeddable":true,"href":"https:\/\/www.enriquerequena.com\/fr\/wp-json\/wp\/v2\/product_brand?post=11318"},{"taxonomy":"product_cat","embeddable":true,"href":"https:\/\/www.enriquerequena.com\/fr\/wp-json\/wp\/v2\/product_cat?post=11318"},{"taxonomy":"product_tag","embeddable":true,"href":"https:\/\/www.enriquerequena.com\/fr\/wp-json\/wp\/v2\/product_tag?post=11318"}],"curies":[{"name":"wp","href":"https:\/\/api.w.org\/{rel}","templated":true}]}}