{"id":12686,"date":"2020-06-03T17:50:51","date_gmt":"2020-06-03T15:50:53","guid":{"rendered":"https:\/\/www.enriquerequena.com\/?post_type=product&#038;p=12686"},"modified":"2023-02-07T16:58:12","modified_gmt":"2023-02-07T15:58:12","slug":"jeu-de-joints-gkn-0617421000000-616221000000","status":"publish","type":"product","link":"https:\/\/www.enriquerequena.com\/fr\/tienda-online\/arbre-transmission-cardan\/croisillons-et-support-darbres-de-transmission\/jeu-de-joints-gkn-0617421000000-616221000000\/","title":{"rendered":"Jeu de Joints GKN 0617421000000 616221000000"},"content":{"rendered":"<div class=\"wpb-content-wrapper\"><p>[vc_row][vc_column][vc_column_text text_larger=\u00a0\u00bbno\u00a0\u00bb]<\/p>\n<ul>\n<li>Jeu de Joints GKN 0617421000000, 0616221000000, est <strong>un jeu de joints neuve avec une garantie d&rsquo;un an<\/strong>. C&rsquo;est le choix le plus \u00e9conomique.<\/li>\n<li>Nos jeu de joints sont d&rsquo;origine \u00e0 moiti\u00e9 prix, parce que nous sommes distribuiteurs dejeu de joints\u00a0 GKN, c&rsquo;est pour cette raison que nous avons les m\u00eames jeus de joints d&rsquo;origine aux meilleurs prix du march\u00e9.<\/li>\n<li>0617421000000,0616221000000, 616221000000, 27059152, est disponible. Nous vendons des pi\u00e8ces d\u00e9tach\u00e9es ou pi\u00e8ces de rechange \u00e0 Valence depuis 1950 et nous vendons aussi en ligne dans le monde entier.<\/li>\n<li>N\u00b4h\u00e9sitez pas \u00e0 nous consulter pour d\u00b4autres mod\u00e8les de jeus de joints de tout type de v\u00e9hicule. Nous avons une exp\u00e9rience de 70 ans dans le commerce et connaissons tr\u00e8s bien le sujet.<\/li>\n<li>Caract\u00e9ristiques techniques:<\/li>\n<li>Pi\u00e8ce de rechange: jeus de joints<\/li>\n<li>Num\u00e9ro de r\u00e9f\u00e9rence:\u00a0 0617421000000,0616221000000, 616221000000, 27059152<\/li>\n<li>Marque: GKN<\/li>\n<li>Etat: pi\u00e8ce neuve<\/li>\n<li>Garantie d&rsquo;un an<\/li>\n<\/ul>\n<p>[\/vc_column_text][\/vc_column][\/vc_row]<\/p>\n<\/div>","protected":false},"excerpt":{"rendered":"<p>Jeu de Joints GKN 0617421000000, est une joint de Bmw neuve avec un an de garantie.<\/p>\n","protected":false},"featured_media":12690,"template":"","meta":[],"product_brand":[],"product_cat":[144,171],"product_tag":[],"class_list":{"0":"post-12686","1":"product","2":"type-product","3":"status-publish","4":"has-post-thumbnail","6":"product_cat-arbre-transmission-cardan","7":"product_cat-croisillons-et-support-darbres-de-transmission","9":"first","10":"instock","11":"featured","12":"taxable","13":"shipping-taxable","14":"purchasable","15":"product-type-simple"},"yoast_head":"<!-- This site is optimized with the Yoast SEO plugin v27.5 - https:\/\/yoast.com\/product\/yoast-seo-wordpress\/ -->\n<title>Jeu de Joints GKN 0617421000000 616221000000<\/title>\n<meta name=\"description\" content=\"Vous pouvez acheter jeu de joints GKN avec r\u00e9f\u00e9rence 0617421000000, 0616221000000 au meilleur prix.\" \/>\n<meta name=\"robots\" content=\"index, follow, max-snippet:-1, max-image-preview:large, max-video-preview:-1\" \/>\n<link rel=\"canonical\" href=\"https:\/\/www.enriquerequena.com\/fr\/tienda-online\/arbre-transmission-cardan\/croisillons-et-support-darbres-de-transmission\/jeu-de-joints-gkn-0617421000000-616221000000\/\" \/>\n<meta property=\"og:locale\" content=\"fr_FR\" \/>\n<meta property=\"og:type\" content=\"article\" \/>\n<meta property=\"og:title\" content=\"Jeu de Joints GKN 0617421000000 616221000000\" \/>\n<meta property=\"og:description\" content=\"Vous pouvez acheter jeu de joints GKN avec r\u00e9f\u00e9rence 0617421000000, 0616221000000 au meilleur prix.\" \/>\n<meta property=\"og:url\" content=\"https:\/\/www.enriquerequena.com\/fr\/tienda-online\/arbre-transmission-cardan\/croisillons-et-support-darbres-de-transmission\/jeu-de-joints-gkn-0617421000000-616221000000\/\" \/>\n<meta property=\"og:site_name\" content=\"ENRIQUE REQUENA\" \/>\n<meta property=\"article:modified_time\" content=\"2023-02-07T15:58:12+00:00\" \/>\n<meta property=\"og:image\" content=\"https:\/\/www.enriquerequena.com\/wp-content\/uploads\/2020\/06\/GALLETA-1.jpg\" \/>\n\t<meta property=\"og:image:width\" content=\"800\" \/>\n\t<meta property=\"og:image:height\" content=\"800\" \/>\n\t<meta property=\"og:image:type\" content=\"image\/jpeg\" \/>\n<meta name=\"twitter:card\" content=\"summary_large_image\" \/>\n<meta name=\"twitter:label1\" content=\"Dur\u00e9e de lecture estim\u00e9e\" \/>\n\t<meta name=\"twitter:data1\" content=\"1 minute\" \/>\n<script type=\"application\/ld+json\" class=\"yoast-schema-graph\">{\"@context\":\"https:\\\/\\\/schema.org\",\"@graph\":[{\"@type\":\"WebPage\",\"@id\":\"https:\\\/\\\/www.enriquerequena.com\\\/fr\\\/tienda-online\\\/arbre-transmission-cardan\\\/croisillons-et-support-darbres-de-transmission\\\/jeu-de-joints-gkn-0617421000000-616221000000\\\/\",\"url\":\"https:\\\/\\\/www.enriquerequena.com\\\/fr\\\/tienda-online\\\/arbre-transmission-cardan\\\/croisillons-et-support-darbres-de-transmission\\\/jeu-de-joints-gkn-0617421000000-616221000000\\\/\",\"name\":\"Jeu de Joints GKN 0617421000000 616221000000\",\"isPartOf\":{\"@id\":\"https:\\\/\\\/www.enriquerequena.com\\\/fr\\\/#website\"},\"primaryImageOfPage\":{\"@id\":\"https:\\\/\\\/www.enriquerequena.com\\\/fr\\\/tienda-online\\\/arbre-transmission-cardan\\\/croisillons-et-support-darbres-de-transmission\\\/jeu-de-joints-gkn-0617421000000-616221000000\\\/#primaryimage\"},\"image\":{\"@id\":\"https:\\\/\\\/www.enriquerequena.com\\\/fr\\\/tienda-online\\\/arbre-transmission-cardan\\\/croisillons-et-support-darbres-de-transmission\\\/jeu-de-joints-gkn-0617421000000-616221000000\\\/#primaryimage\"},\"thumbnailUrl\":\"https:\\\/\\\/www.enriquerequena.com\\\/wp-content\\\/uploads\\\/2020\\\/06\\\/GALLETA-1.jpg\",\"datePublished\":\"2020-06-03T15:50:53+00:00\",\"dateModified\":\"2023-02-07T15:58:12+00:00\",\"description\":\"Vous pouvez acheter jeu de joints GKN avec r\u00e9f\u00e9rence 0617421000000, 0616221000000 au meilleur prix.\",\"breadcrumb\":{\"@id\":\"https:\\\/\\\/www.enriquerequena.com\\\/fr\\\/tienda-online\\\/arbre-transmission-cardan\\\/croisillons-et-support-darbres-de-transmission\\\/jeu-de-joints-gkn-0617421000000-616221000000\\\/#breadcrumb\"},\"inLanguage\":\"fr-FR\",\"potentialAction\":[{\"@type\":\"ReadAction\",\"target\":[\"https:\\\/\\\/www.enriquerequena.com\\\/fr\\\/tienda-online\\\/arbre-transmission-cardan\\\/croisillons-et-support-darbres-de-transmission\\\/jeu-de-joints-gkn-0617421000000-616221000000\\\/\"]}]},{\"@type\":\"ImageObject\",\"inLanguage\":\"fr-FR\",\"@id\":\"https:\\\/\\\/www.enriquerequena.com\\\/fr\\\/tienda-online\\\/arbre-transmission-cardan\\\/croisillons-et-support-darbres-de-transmission\\\/jeu-de-joints-gkn-0617421000000-616221000000\\\/#primaryimage\",\"url\":\"https:\\\/\\\/www.enriquerequena.com\\\/wp-content\\\/uploads\\\/2020\\\/06\\\/GALLETA-1.jpg\",\"contentUrl\":\"https:\\\/\\\/www.enriquerequena.com\\\/wp-content\\\/uploads\\\/2020\\\/06\\\/GALLETA-1.jpg\",\"width\":800,\"height\":800},{\"@type\":\"WebSite\",\"@id\":\"https:\\\/\\\/www.enriquerequena.com\\\/fr\\\/#website\",\"url\":\"https:\\\/\\\/www.enriquerequena.com\\\/fr\\\/\",\"name\":\"ENRIQUE REQUENA\",\"description\":\"Sp\u00e9cialistes des transmissions cardan avec des exp\u00e9ditions dans le monde entier et des pi\u00e8ces d\u00e9tach\u00e9es pour voitures, camions et accessoires \u00e0 Valence, en Espagne. Avec vous depuis 1950!\",\"publisher\":{\"@id\":\"https:\\\/\\\/www.enriquerequena.com\\\/fr\\\/#organization\"},\"potentialAction\":[{\"@type\":\"SearchAction\",\"target\":{\"@type\":\"EntryPoint\",\"urlTemplate\":\"https:\\\/\\\/www.enriquerequena.com\\\/fr\\\/?s={search_term_string}\"},\"query-input\":{\"@type\":\"PropertyValueSpecification\",\"valueRequired\":true,\"valueName\":\"search_term_string\"}}],\"inLanguage\":\"fr-FR\"},{\"@type\":\"Organization\",\"@id\":\"https:\\\/\\\/www.enriquerequena.com\\\/fr\\\/#organization\",\"name\":\"Enrique Requena S.L.\",\"url\":\"https:\\\/\\\/www.enriquerequena.com\\\/fr\\\/\",\"logo\":{\"@type\":\"ImageObject\",\"inLanguage\":\"fr-FR\",\"@id\":\"https:\\\/\\\/www.enriquerequena.com\\\/fr\\\/#\\\/schema\\\/logo\\\/image\\\/\",\"url\":\"https:\\\/\\\/www.enriquerequena.com\\\/wp-content\\\/uploads\\\/2019\\\/11\\\/enrique-requena-recambios-logotipo.jpg\",\"contentUrl\":\"https:\\\/\\\/www.enriquerequena.com\\\/wp-content\\\/uploads\\\/2019\\\/11\\\/enrique-requena-recambios-logotipo.jpg\",\"width\":381,\"height\":75,\"caption\":\"Enrique Requena S.L.\"},\"image\":{\"@id\":\"https:\\\/\\\/www.enriquerequena.com\\\/fr\\\/#\\\/schema\\\/logo\\\/image\\\/\"}}]}<\/script>\n<!-- \/ Yoast SEO plugin. -->","yoast_head_json":{"title":"Jeu de Joints GKN 0617421000000 616221000000","description":"Vous pouvez acheter jeu de joints GKN avec r\u00e9f\u00e9rence 0617421000000, 0616221000000 au meilleur prix.","robots":{"index":"index","follow":"follow","max-snippet":"max-snippet:-1","max-image-preview":"max-image-preview:large","max-video-preview":"max-video-preview:-1"},"canonical":"https:\/\/www.enriquerequena.com\/fr\/tienda-online\/arbre-transmission-cardan\/croisillons-et-support-darbres-de-transmission\/jeu-de-joints-gkn-0617421000000-616221000000\/","og_locale":"fr_FR","og_type":"article","og_title":"Jeu de Joints GKN 0617421000000 616221000000","og_description":"Vous pouvez acheter jeu de joints GKN avec r\u00e9f\u00e9rence 0617421000000, 0616221000000 au meilleur prix.","og_url":"https:\/\/www.enriquerequena.com\/fr\/tienda-online\/arbre-transmission-cardan\/croisillons-et-support-darbres-de-transmission\/jeu-de-joints-gkn-0617421000000-616221000000\/","og_site_name":"ENRIQUE REQUENA","article_modified_time":"2023-02-07T15:58:12+00:00","og_image":[{"width":800,"height":800,"url":"https:\/\/www.enriquerequena.com\/wp-content\/uploads\/2020\/06\/GALLETA-1.jpg","type":"image\/jpeg"}],"twitter_card":"summary_large_image","twitter_misc":{"Dur\u00e9e de lecture estim\u00e9e":"1 minute"},"schema":{"@context":"https:\/\/schema.org","@graph":[{"@type":"WebPage","@id":"https:\/\/www.enriquerequena.com\/fr\/tienda-online\/arbre-transmission-cardan\/croisillons-et-support-darbres-de-transmission\/jeu-de-joints-gkn-0617421000000-616221000000\/","url":"https:\/\/www.enriquerequena.com\/fr\/tienda-online\/arbre-transmission-cardan\/croisillons-et-support-darbres-de-transmission\/jeu-de-joints-gkn-0617421000000-616221000000\/","name":"Jeu de Joints GKN 0617421000000 616221000000","isPartOf":{"@id":"https:\/\/www.enriquerequena.com\/fr\/#website"},"primaryImageOfPage":{"@id":"https:\/\/www.enriquerequena.com\/fr\/tienda-online\/arbre-transmission-cardan\/croisillons-et-support-darbres-de-transmission\/jeu-de-joints-gkn-0617421000000-616221000000\/#primaryimage"},"image":{"@id":"https:\/\/www.enriquerequena.com\/fr\/tienda-online\/arbre-transmission-cardan\/croisillons-et-support-darbres-de-transmission\/jeu-de-joints-gkn-0617421000000-616221000000\/#primaryimage"},"thumbnailUrl":"https:\/\/www.enriquerequena.com\/wp-content\/uploads\/2020\/06\/GALLETA-1.jpg","datePublished":"2020-06-03T15:50:53+00:00","dateModified":"2023-02-07T15:58:12+00:00","description":"Vous pouvez acheter jeu de joints GKN avec r\u00e9f\u00e9rence 0617421000000, 0616221000000 au meilleur prix.","breadcrumb":{"@id":"https:\/\/www.enriquerequena.com\/fr\/tienda-online\/arbre-transmission-cardan\/croisillons-et-support-darbres-de-transmission\/jeu-de-joints-gkn-0617421000000-616221000000\/#breadcrumb"},"inLanguage":"fr-FR","potentialAction":[{"@type":"ReadAction","target":["https:\/\/www.enriquerequena.com\/fr\/tienda-online\/arbre-transmission-cardan\/croisillons-et-support-darbres-de-transmission\/jeu-de-joints-gkn-0617421000000-616221000000\/"]}]},{"@type":"ImageObject","inLanguage":"fr-FR","@id":"https:\/\/www.enriquerequena.com\/fr\/tienda-online\/arbre-transmission-cardan\/croisillons-et-support-darbres-de-transmission\/jeu-de-joints-gkn-0617421000000-616221000000\/#primaryimage","url":"https:\/\/www.enriquerequena.com\/wp-content\/uploads\/2020\/06\/GALLETA-1.jpg","contentUrl":"https:\/\/www.enriquerequena.com\/wp-content\/uploads\/2020\/06\/GALLETA-1.jpg","width":800,"height":800},{"@type":"WebSite","@id":"https:\/\/www.enriquerequena.com\/fr\/#website","url":"https:\/\/www.enriquerequena.com\/fr\/","name":"ENRIQUE REQUENA","description":"Sp\u00e9cialistes des transmissions cardan avec des exp\u00e9ditions dans le monde entier et des pi\u00e8ces d\u00e9tach\u00e9es pour voitures, camions et accessoires \u00e0 Valence, en Espagne. Avec vous depuis 1950!","publisher":{"@id":"https:\/\/www.enriquerequena.com\/fr\/#organization"},"potentialAction":[{"@type":"SearchAction","target":{"@type":"EntryPoint","urlTemplate":"https:\/\/www.enriquerequena.com\/fr\/?s={search_term_string}"},"query-input":{"@type":"PropertyValueSpecification","valueRequired":true,"valueName":"search_term_string"}}],"inLanguage":"fr-FR"},{"@type":"Organization","@id":"https:\/\/www.enriquerequena.com\/fr\/#organization","name":"Enrique Requena S.L.","url":"https:\/\/www.enriquerequena.com\/fr\/","logo":{"@type":"ImageObject","inLanguage":"fr-FR","@id":"https:\/\/www.enriquerequena.com\/fr\/#\/schema\/logo\/image\/","url":"https:\/\/www.enriquerequena.com\/wp-content\/uploads\/2019\/11\/enrique-requena-recambios-logotipo.jpg","contentUrl":"https:\/\/www.enriquerequena.com\/wp-content\/uploads\/2019\/11\/enrique-requena-recambios-logotipo.jpg","width":381,"height":75,"caption":"Enrique Requena S.L."},"image":{"@id":"https:\/\/www.enriquerequena.com\/fr\/#\/schema\/logo\/image\/"}}]}},"_links":{"self":[{"href":"https:\/\/www.enriquerequena.com\/fr\/wp-json\/wp\/v2\/product\/12686","targetHints":{"allow":["GET"]}}],"collection":[{"href":"https:\/\/www.enriquerequena.com\/fr\/wp-json\/wp\/v2\/product"}],"about":[{"href":"https:\/\/www.enriquerequena.com\/fr\/wp-json\/wp\/v2\/types\/product"}],"wp:featuredmedia":[{"embeddable":true,"href":"https:\/\/www.enriquerequena.com\/fr\/wp-json\/wp\/v2\/media\/12690"}],"wp:attachment":[{"href":"https:\/\/www.enriquerequena.com\/fr\/wp-json\/wp\/v2\/media?parent=12686"}],"wp:term":[{"taxonomy":"product_brand","embeddable":true,"href":"https:\/\/www.enriquerequena.com\/fr\/wp-json\/wp\/v2\/product_brand?post=12686"},{"taxonomy":"product_cat","embeddable":true,"href":"https:\/\/www.enriquerequena.com\/fr\/wp-json\/wp\/v2\/product_cat?post=12686"},{"taxonomy":"product_tag","embeddable":true,"href":"https:\/\/www.enriquerequena.com\/fr\/wp-json\/wp\/v2\/product_tag?post=12686"}],"curies":[{"name":"wp","href":"https:\/\/api.w.org\/{rel}","templated":true}]}}