{"id":12801,"date":"2020-06-18T09:28:52","date_gmt":"2020-06-18T07:28:53","guid":{"rendered":"https:\/\/www.enriquerequena.com\/?post_type=product&#038;p=12801"},"modified":"2023-02-07T17:25:20","modified_gmt":"2023-02-07T16:25:20","slug":"rotule-jambe-d-essieu-silenbloc-liebherr-570815808","status":"publish","type":"product","link":"https:\/\/www.enriquerequena.com\/fr\/tienda-online\/pieces-de-rechange-suspension\/rotules\/rotule-jambe-d-essieu-silenbloc-liebherr-570815808\/","title":{"rendered":"Rotule jambe d&rsquo; essieu Silenbloc Liebherr 570815808"},"content":{"rendered":"<div class=\"wpb-content-wrapper\"><p>[vc_row][vc_column][vc_column_text text_larger=\u00a0\u00bbno\u00a0\u00bb]<\/p>\n<ul>\n<li>Rotule jambe d&rsquo; essieu\u00a0 Silentblock Liebherr 570815808, est <strong>un Rotule jambe d&rsquo; essieu silentblock Liebherr, neuve avec une garantie d&rsquo;un an<\/strong>. C&rsquo;est le choix le plus \u00e9conomique.<\/li>\n<li>570815808, est disponible. Nous vendons des pi\u00e8ces d\u00e9tach\u00e9es ou pi\u00e8ces de rechange \u00e0 Valence depuis 1950 et nous vendons aussi en ligne dans le monde entier.<\/li>\n<li>N\u00b4h\u00e9sitez pas \u00e0 nous consulter pour d\u00b4autres mod\u00e8les de silemblock signs Liebherr de tout type de v\u00e9hicule. Nous avons une exp\u00e9rience de 70 ans dans le commerce et connaissons tr\u00e8s bien le sujet.<\/li>\n<li>Caract\u00e9ristiques techniques: M-38 * 1,5 <strong>\u00c0 DROITE<\/strong> Foret 115 \/ 17mm<\/li>\n<li>Pi\u00e8ce de rechange: Rotule jambe d&rsquo; essieu\u00a0 Silentblock Liebherr<\/li>\n<li>Num\u00e9ro de r\u00e9f\u00e9rence:\u00a0 570815808<\/li>\n<li>Etat: pi\u00e8ce neuve<\/li>\n<li>Garantie d&rsquo;un an<\/li>\n<\/ul>\n<p>[\/vc_column_text][\/vc_column][\/vc_row]<\/p>\n<\/div>","protected":false},"excerpt":{"rendered":"<p>Rotule jambe d&rsquo; essieu\u00a0\u00a0Silentblock Liebherr, 570815808, neuve avec un an de garantie.<\/p>\n","protected":false},"featured_media":13007,"template":"","meta":[],"product_brand":[],"product_cat":[213,9827,138,9947,9949,9836],"product_tag":[],"class_list":{"0":"post-12801","1":"product","2":"type-product","3":"status-publish","4":"has-post-thumbnail","6":"product_cat-direction","7":"product_cat-pieces-detachees-de-remplacement-direction-essieux","8":"product_cat-pieces-rechange-camions","9":"product_cat-rotules","10":"product_cat-rotules-liebherr","11":"product_cat-pieces-de-rechange-suspension","12":"pa_manufacturer-liebherr","13":"pa_tipo-machinerie","15":"first","16":"instock","17":"featured","18":"taxable","19":"shipping-taxable","20":"purchasable","21":"product-type-simple"},"yoast_head":"<!-- This site is optimized with the Yoast SEO plugin v27.1.1 - https:\/\/yoast.com\/product\/yoast-seo-wordpress\/ -->\n<title>Signes Silentblock Liebherr 570815808<\/title>\n<meta name=\"description\" content=\"Vous pouvez acheter signes silentblock Liebherr avec r\u00e9f\u00e9rence 570815808 au meilleur prix.\" \/>\n<meta name=\"robots\" content=\"index, follow, max-snippet:-1, max-image-preview:large, max-video-preview:-1\" \/>\n<link rel=\"canonical\" href=\"https:\/\/www.enriquerequena.com\/fr\/tienda-online\/pieces-de-rechange-suspension\/rotules\/rotule-jambe-d-essieu-silenbloc-liebherr-570815808\/\" \/>\n<meta property=\"og:locale\" content=\"fr_FR\" \/>\n<meta property=\"og:type\" content=\"article\" \/>\n<meta property=\"og:title\" content=\"Signes Silentblock Liebherr 570815808\" \/>\n<meta property=\"og:description\" content=\"Vous pouvez acheter signes silentblock Liebherr avec r\u00e9f\u00e9rence 570815808 au meilleur prix.\" \/>\n<meta property=\"og:url\" content=\"https:\/\/www.enriquerequena.com\/fr\/tienda-online\/pieces-de-rechange-suspension\/rotules\/rotule-jambe-d-essieu-silenbloc-liebherr-570815808\/\" \/>\n<meta property=\"og:site_name\" content=\"ENRIQUE REQUENA\" \/>\n<meta property=\"article:modified_time\" content=\"2023-02-07T16:25:20+00:00\" \/>\n<meta property=\"og:image\" content=\"https:\/\/www.enriquerequena.com\/wp-content\/uploads\/2020\/06\/liebherr-2-2jpg.jpg\" \/>\n\t<meta property=\"og:image:width\" content=\"800\" \/>\n\t<meta property=\"og:image:height\" content=\"800\" \/>\n\t<meta property=\"og:image:type\" content=\"image\/jpeg\" \/>\n<meta name=\"twitter:card\" content=\"summary_large_image\" \/>\n<meta name=\"twitter:label1\" content=\"Dur\u00e9e de lecture estim\u00e9e\" \/>\n\t<meta name=\"twitter:data1\" content=\"1 minute\" \/>\n<script type=\"application\/ld+json\" class=\"yoast-schema-graph\">{\"@context\":\"https:\/\/schema.org\",\"@graph\":[{\"@type\":\"WebPage\",\"@id\":\"https:\/\/www.enriquerequena.com\/fr\/tienda-online\/pieces-de-rechange-suspension\/rotules\/rotule-jambe-d-essieu-silenbloc-liebherr-570815808\/\",\"url\":\"https:\/\/www.enriquerequena.com\/fr\/tienda-online\/pieces-de-rechange-suspension\/rotules\/rotule-jambe-d-essieu-silenbloc-liebherr-570815808\/\",\"name\":\"Signes Silentblock Liebherr 570815808\",\"isPartOf\":{\"@id\":\"https:\/\/www.enriquerequena.com\/fr\/#website\"},\"primaryImageOfPage\":{\"@id\":\"https:\/\/www.enriquerequena.com\/fr\/tienda-online\/pieces-de-rechange-suspension\/rotules\/rotule-jambe-d-essieu-silenbloc-liebherr-570815808\/#primaryimage\"},\"image\":{\"@id\":\"https:\/\/www.enriquerequena.com\/fr\/tienda-online\/pieces-de-rechange-suspension\/rotules\/rotule-jambe-d-essieu-silenbloc-liebherr-570815808\/#primaryimage\"},\"thumbnailUrl\":\"https:\/\/www.enriquerequena.com\/wp-content\/uploads\/2020\/06\/liebherr-2-2jpg.jpg\",\"datePublished\":\"2020-06-18T07:28:53+00:00\",\"dateModified\":\"2023-02-07T16:25:20+00:00\",\"description\":\"Vous pouvez acheter signes silentblock Liebherr avec r\u00e9f\u00e9rence 570815808 au meilleur prix.\",\"breadcrumb\":{\"@id\":\"https:\/\/www.enriquerequena.com\/fr\/tienda-online\/pieces-de-rechange-suspension\/rotules\/rotule-jambe-d-essieu-silenbloc-liebherr-570815808\/#breadcrumb\"},\"inLanguage\":\"fr-FR\",\"potentialAction\":[{\"@type\":\"ReadAction\",\"target\":[\"https:\/\/www.enriquerequena.com\/fr\/tienda-online\/pieces-de-rechange-suspension\/rotules\/rotule-jambe-d-essieu-silenbloc-liebherr-570815808\/\"]}]},{\"@type\":\"ImageObject\",\"inLanguage\":\"fr-FR\",\"@id\":\"https:\/\/www.enriquerequena.com\/fr\/tienda-online\/pieces-de-rechange-suspension\/rotules\/rotule-jambe-d-essieu-silenbloc-liebherr-570815808\/#primaryimage\",\"url\":\"https:\/\/www.enriquerequena.com\/wp-content\/uploads\/2020\/06\/liebherr-2-2jpg.jpg\",\"contentUrl\":\"https:\/\/www.enriquerequena.com\/wp-content\/uploads\/2020\/06\/liebherr-2-2jpg.jpg\",\"width\":800,\"height\":800,\"caption\":\"Silentblock Liebherr\"},{\"@type\":\"WebSite\",\"@id\":\"https:\/\/www.enriquerequena.com\/fr\/#website\",\"url\":\"https:\/\/www.enriquerequena.com\/fr\/\",\"name\":\"ENRIQUE REQUENA\",\"description\":\"Sp\u00e9cialistes des transmissions cardan avec des exp\u00e9ditions dans le monde entier et des pi\u00e8ces d\u00e9tach\u00e9es pour voitures, camions et accessoires \u00e0 Valence, en Espagne. Avec vous depuis 1950!\",\"publisher\":{\"@id\":\"https:\/\/www.enriquerequena.com\/fr\/#organization\"},\"potentialAction\":[{\"@type\":\"SearchAction\",\"target\":{\"@type\":\"EntryPoint\",\"urlTemplate\":\"https:\/\/www.enriquerequena.com\/fr\/?s={search_term_string}\"},\"query-input\":{\"@type\":\"PropertyValueSpecification\",\"valueRequired\":true,\"valueName\":\"search_term_string\"}}],\"inLanguage\":\"fr-FR\"},{\"@type\":\"Organization\",\"@id\":\"https:\/\/www.enriquerequena.com\/fr\/#organization\",\"name\":\"Enrique Requena S.L.\",\"url\":\"https:\/\/www.enriquerequena.com\/fr\/\",\"logo\":{\"@type\":\"ImageObject\",\"inLanguage\":\"fr-FR\",\"@id\":\"https:\/\/www.enriquerequena.com\/fr\/#\/schema\/logo\/image\/\",\"url\":\"https:\/\/www.enriquerequena.com\/wp-content\/uploads\/2019\/11\/enrique-requena-recambios-logotipo.jpg\",\"contentUrl\":\"https:\/\/www.enriquerequena.com\/wp-content\/uploads\/2019\/11\/enrique-requena-recambios-logotipo.jpg\",\"width\":381,\"height\":75,\"caption\":\"Enrique Requena S.L.\"},\"image\":{\"@id\":\"https:\/\/www.enriquerequena.com\/fr\/#\/schema\/logo\/image\/\"}}]}<\/script>\n<!-- \/ Yoast SEO plugin. -->","yoast_head_json":{"title":"Signes Silentblock Liebherr 570815808","description":"Vous pouvez acheter signes silentblock Liebherr avec r\u00e9f\u00e9rence 570815808 au meilleur prix.","robots":{"index":"index","follow":"follow","max-snippet":"max-snippet:-1","max-image-preview":"max-image-preview:large","max-video-preview":"max-video-preview:-1"},"canonical":"https:\/\/www.enriquerequena.com\/fr\/tienda-online\/pieces-de-rechange-suspension\/rotules\/rotule-jambe-d-essieu-silenbloc-liebherr-570815808\/","og_locale":"fr_FR","og_type":"article","og_title":"Signes Silentblock Liebherr 570815808","og_description":"Vous pouvez acheter signes silentblock Liebherr avec r\u00e9f\u00e9rence 570815808 au meilleur prix.","og_url":"https:\/\/www.enriquerequena.com\/fr\/tienda-online\/pieces-de-rechange-suspension\/rotules\/rotule-jambe-d-essieu-silenbloc-liebherr-570815808\/","og_site_name":"ENRIQUE REQUENA","article_modified_time":"2023-02-07T16:25:20+00:00","og_image":[{"width":800,"height":800,"url":"https:\/\/www.enriquerequena.com\/wp-content\/uploads\/2020\/06\/liebherr-2-2jpg.jpg","type":"image\/jpeg"}],"twitter_card":"summary_large_image","twitter_misc":{"Dur\u00e9e de lecture estim\u00e9e":"1 minute"},"schema":{"@context":"https:\/\/schema.org","@graph":[{"@type":"WebPage","@id":"https:\/\/www.enriquerequena.com\/fr\/tienda-online\/pieces-de-rechange-suspension\/rotules\/rotule-jambe-d-essieu-silenbloc-liebherr-570815808\/","url":"https:\/\/www.enriquerequena.com\/fr\/tienda-online\/pieces-de-rechange-suspension\/rotules\/rotule-jambe-d-essieu-silenbloc-liebherr-570815808\/","name":"Signes Silentblock Liebherr 570815808","isPartOf":{"@id":"https:\/\/www.enriquerequena.com\/fr\/#website"},"primaryImageOfPage":{"@id":"https:\/\/www.enriquerequena.com\/fr\/tienda-online\/pieces-de-rechange-suspension\/rotules\/rotule-jambe-d-essieu-silenbloc-liebherr-570815808\/#primaryimage"},"image":{"@id":"https:\/\/www.enriquerequena.com\/fr\/tienda-online\/pieces-de-rechange-suspension\/rotules\/rotule-jambe-d-essieu-silenbloc-liebherr-570815808\/#primaryimage"},"thumbnailUrl":"https:\/\/www.enriquerequena.com\/wp-content\/uploads\/2020\/06\/liebherr-2-2jpg.jpg","datePublished":"2020-06-18T07:28:53+00:00","dateModified":"2023-02-07T16:25:20+00:00","description":"Vous pouvez acheter signes silentblock Liebherr avec r\u00e9f\u00e9rence 570815808 au meilleur prix.","breadcrumb":{"@id":"https:\/\/www.enriquerequena.com\/fr\/tienda-online\/pieces-de-rechange-suspension\/rotules\/rotule-jambe-d-essieu-silenbloc-liebherr-570815808\/#breadcrumb"},"inLanguage":"fr-FR","potentialAction":[{"@type":"ReadAction","target":["https:\/\/www.enriquerequena.com\/fr\/tienda-online\/pieces-de-rechange-suspension\/rotules\/rotule-jambe-d-essieu-silenbloc-liebherr-570815808\/"]}]},{"@type":"ImageObject","inLanguage":"fr-FR","@id":"https:\/\/www.enriquerequena.com\/fr\/tienda-online\/pieces-de-rechange-suspension\/rotules\/rotule-jambe-d-essieu-silenbloc-liebherr-570815808\/#primaryimage","url":"https:\/\/www.enriquerequena.com\/wp-content\/uploads\/2020\/06\/liebherr-2-2jpg.jpg","contentUrl":"https:\/\/www.enriquerequena.com\/wp-content\/uploads\/2020\/06\/liebherr-2-2jpg.jpg","width":800,"height":800,"caption":"Silentblock Liebherr"},{"@type":"WebSite","@id":"https:\/\/www.enriquerequena.com\/fr\/#website","url":"https:\/\/www.enriquerequena.com\/fr\/","name":"ENRIQUE REQUENA","description":"Sp\u00e9cialistes des transmissions cardan avec des exp\u00e9ditions dans le monde entier et des pi\u00e8ces d\u00e9tach\u00e9es pour voitures, camions et accessoires \u00e0 Valence, en Espagne. Avec vous depuis 1950!","publisher":{"@id":"https:\/\/www.enriquerequena.com\/fr\/#organization"},"potentialAction":[{"@type":"SearchAction","target":{"@type":"EntryPoint","urlTemplate":"https:\/\/www.enriquerequena.com\/fr\/?s={search_term_string}"},"query-input":{"@type":"PropertyValueSpecification","valueRequired":true,"valueName":"search_term_string"}}],"inLanguage":"fr-FR"},{"@type":"Organization","@id":"https:\/\/www.enriquerequena.com\/fr\/#organization","name":"Enrique Requena S.L.","url":"https:\/\/www.enriquerequena.com\/fr\/","logo":{"@type":"ImageObject","inLanguage":"fr-FR","@id":"https:\/\/www.enriquerequena.com\/fr\/#\/schema\/logo\/image\/","url":"https:\/\/www.enriquerequena.com\/wp-content\/uploads\/2019\/11\/enrique-requena-recambios-logotipo.jpg","contentUrl":"https:\/\/www.enriquerequena.com\/wp-content\/uploads\/2019\/11\/enrique-requena-recambios-logotipo.jpg","width":381,"height":75,"caption":"Enrique Requena S.L."},"image":{"@id":"https:\/\/www.enriquerequena.com\/fr\/#\/schema\/logo\/image\/"}}]}},"_links":{"self":[{"href":"https:\/\/www.enriquerequena.com\/fr\/wp-json\/wp\/v2\/product\/12801","targetHints":{"allow":["GET"]}}],"collection":[{"href":"https:\/\/www.enriquerequena.com\/fr\/wp-json\/wp\/v2\/product"}],"about":[{"href":"https:\/\/www.enriquerequena.com\/fr\/wp-json\/wp\/v2\/types\/product"}],"wp:featuredmedia":[{"embeddable":true,"href":"https:\/\/www.enriquerequena.com\/fr\/wp-json\/wp\/v2\/media\/13007"}],"wp:attachment":[{"href":"https:\/\/www.enriquerequena.com\/fr\/wp-json\/wp\/v2\/media?parent=12801"}],"wp:term":[{"taxonomy":"product_brand","embeddable":true,"href":"https:\/\/www.enriquerequena.com\/fr\/wp-json\/wp\/v2\/product_brand?post=12801"},{"taxonomy":"product_cat","embeddable":true,"href":"https:\/\/www.enriquerequena.com\/fr\/wp-json\/wp\/v2\/product_cat?post=12801"},{"taxonomy":"product_tag","embeddable":true,"href":"https:\/\/www.enriquerequena.com\/fr\/wp-json\/wp\/v2\/product_tag?post=12801"}],"curies":[{"name":"wp","href":"https:\/\/api.w.org\/{rel}","templated":true}]}}