{"id":13088,"date":"2020-07-24T09:00:05","date_gmt":"2020-07-15T08:04:07","guid":{"rendered":"https:\/\/www.enriquerequena.com\/?post_type=product&#038;p=13088"},"modified":"2023-02-07T17:25:19","modified_gmt":"2023-02-07T16:25:19","slug":"81-44205-6033-81-44205-6044-kit-pivot-de-fusee-adaptable-a-man","status":"publish","type":"product","link":"https:\/\/www.enriquerequena.com\/fr\/tienda-online\/pieces-detachees-de-remplacement-direction-essieux\/kits-axes-pivot-fusee\/81-44205-6033-81-44205-6044-kit-pivot-de-fusee-adaptable-a-man\/","title":{"rendered":"81.44205.6033  81.44205.6044 &#8211; Kit Pivot de Fusee adaptable a MAN"},"content":{"rendered":"<p>Jeu de bulons d\u00b4essieu adaptable pour MAN<\/p>\n<p>Jeu de bulon pour 1 roue<\/p>\n<p>Messures de bulon: 38*39*173<\/p>\n<p>Nous avons \u00e9galement toutes sorrtes de goupilles pour toutes les marques de voture et de camions: L 2000, TGL, TGM, M 2000<\/p>\n<p>References: <strong>81.44205.6033 , 81.44205.6044, 81.44205.6048, 81.44205.6049<\/strong><\/p>\n","protected":false},"excerpt":{"rendered":"<p>81.44205.6033 81.44205.6044 &#8211; Kit Pivot de Fusee adaptable a MAN<\/p>\n","protected":false},"featured_media":13079,"template":"","meta":[],"product_brand":[],"product_cat":[213,9827,9938,138],"product_tag":[],"class_list":{"0":"post-13088","1":"product","2":"type-product","3":"status-publish","4":"has-post-thumbnail","6":"product_cat-direction","7":"product_cat-pieces-detachees-de-remplacement-direction-essieux","8":"product_cat-kits-axes-pivot-fusee","9":"product_cat-pieces-rechange-camions","10":"pa_manufacturer-man","12":"first","13":"instock","14":"featured","15":"taxable","16":"shipping-taxable","17":"purchasable","18":"product-type-simple"},"yoast_head":"<!-- This site is optimized with the Yoast SEO plugin v27.1.1 - https:\/\/yoast.com\/product\/yoast-seo-wordpress\/ -->\n<title>81.44205.6033 81.44205.6044 - Kit Pivot de Fusee adaptable a MAN<\/title>\n<meta name=\"description\" content=\"References 81.44205.6033 81.44205.6044 81.44205.6048, 81.44205.6049 - Kit Pivot de Fusee adaptable a MAN - Enrique Requena-\" \/>\n<meta name=\"robots\" content=\"index, follow, max-snippet:-1, max-image-preview:large, max-video-preview:-1\" \/>\n<link rel=\"canonical\" href=\"https:\/\/www.enriquerequena.com\/fr\/tienda-online\/pieces-detachees-de-remplacement-direction-essieux\/kits-axes-pivot-fusee\/81-44205-6033-81-44205-6044-kit-pivot-de-fusee-adaptable-a-man\/\" \/>\n<meta property=\"og:locale\" content=\"fr_FR\" \/>\n<meta property=\"og:type\" content=\"article\" \/>\n<meta property=\"og:title\" content=\"81.44205.6033 81.44205.6044 - Kit Pivot de Fusee adaptable a MAN\" \/>\n<meta property=\"og:description\" content=\"References 81.44205.6033 81.44205.6044 81.44205.6048, 81.44205.6049 - Kit Pivot de Fusee adaptable a MAN - Enrique Requena-\" \/>\n<meta property=\"og:url\" content=\"https:\/\/www.enriquerequena.com\/fr\/tienda-online\/pieces-detachees-de-remplacement-direction-essieux\/kits-axes-pivot-fusee\/81-44205-6033-81-44205-6044-kit-pivot-de-fusee-adaptable-a-man\/\" \/>\n<meta property=\"og:site_name\" content=\"ENRIQUE REQUENA\" \/>\n<meta property=\"article:modified_time\" content=\"2023-02-07T16:25:19+00:00\" \/>\n<meta property=\"og:image\" content=\"https:\/\/www.enriquerequena.com\/wp-content\/uploads\/2020\/07\/K-144.jpg\" \/>\n\t<meta property=\"og:image:width\" content=\"800\" \/>\n\t<meta property=\"og:image:height\" content=\"800\" \/>\n\t<meta property=\"og:image:type\" content=\"image\/jpeg\" \/>\n<meta name=\"twitter:card\" content=\"summary_large_image\" \/>\n<script type=\"application\/ld+json\" class=\"yoast-schema-graph\">{\"@context\":\"https:\/\/schema.org\",\"@graph\":[{\"@type\":\"WebPage\",\"@id\":\"https:\/\/www.enriquerequena.com\/fr\/tienda-online\/pieces-detachees-de-remplacement-direction-essieux\/kits-axes-pivot-fusee\/81-44205-6033-81-44205-6044-kit-pivot-de-fusee-adaptable-a-man\/\",\"url\":\"https:\/\/www.enriquerequena.com\/fr\/tienda-online\/pieces-detachees-de-remplacement-direction-essieux\/kits-axes-pivot-fusee\/81-44205-6033-81-44205-6044-kit-pivot-de-fusee-adaptable-a-man\/\",\"name\":\"81.44205.6033 81.44205.6044 - Kit Pivot de Fusee adaptable a MAN\",\"isPartOf\":{\"@id\":\"https:\/\/www.enriquerequena.com\/fr\/#website\"},\"primaryImageOfPage\":{\"@id\":\"https:\/\/www.enriquerequena.com\/fr\/tienda-online\/pieces-detachees-de-remplacement-direction-essieux\/kits-axes-pivot-fusee\/81-44205-6033-81-44205-6044-kit-pivot-de-fusee-adaptable-a-man\/#primaryimage\"},\"image\":{\"@id\":\"https:\/\/www.enriquerequena.com\/fr\/tienda-online\/pieces-detachees-de-remplacement-direction-essieux\/kits-axes-pivot-fusee\/81-44205-6033-81-44205-6044-kit-pivot-de-fusee-adaptable-a-man\/#primaryimage\"},\"thumbnailUrl\":\"https:\/\/www.enriquerequena.com\/wp-content\/uploads\/2020\/07\/K-144.jpg\",\"datePublished\":\"2020-07-15T08:04:07+00:00\",\"dateModified\":\"2023-02-07T16:25:19+00:00\",\"description\":\"References 81.44205.6033 81.44205.6044 81.44205.6048, 81.44205.6049 - Kit Pivot de Fusee adaptable a MAN - Enrique Requena-\",\"breadcrumb\":{\"@id\":\"https:\/\/www.enriquerequena.com\/fr\/tienda-online\/pieces-detachees-de-remplacement-direction-essieux\/kits-axes-pivot-fusee\/81-44205-6033-81-44205-6044-kit-pivot-de-fusee-adaptable-a-man\/#breadcrumb\"},\"inLanguage\":\"fr-FR\",\"potentialAction\":[{\"@type\":\"ReadAction\",\"target\":[\"https:\/\/www.enriquerequena.com\/fr\/tienda-online\/pieces-detachees-de-remplacement-direction-essieux\/kits-axes-pivot-fusee\/81-44205-6033-81-44205-6044-kit-pivot-de-fusee-adaptable-a-man\/\"]}]},{\"@type\":\"ImageObject\",\"inLanguage\":\"fr-FR\",\"@id\":\"https:\/\/www.enriquerequena.com\/fr\/tienda-online\/pieces-detachees-de-remplacement-direction-essieux\/kits-axes-pivot-fusee\/81-44205-6033-81-44205-6044-kit-pivot-de-fusee-adaptable-a-man\/#primaryimage\",\"url\":\"https:\/\/www.enriquerequena.com\/wp-content\/uploads\/2020\/07\/K-144.jpg\",\"contentUrl\":\"https:\/\/www.enriquerequena.com\/wp-content\/uploads\/2020\/07\/K-144.jpg\",\"width\":800,\"height\":800,\"caption\":\"1908953 1908632 Kit De Bulones De Mangueta Adaptable a Iveco\"},{\"@type\":\"WebSite\",\"@id\":\"https:\/\/www.enriquerequena.com\/fr\/#website\",\"url\":\"https:\/\/www.enriquerequena.com\/fr\/\",\"name\":\"ENRIQUE REQUENA\",\"description\":\"Sp\u00e9cialistes des transmissions cardan avec des exp\u00e9ditions dans le monde entier et des pi\u00e8ces d\u00e9tach\u00e9es pour voitures, camions et accessoires \u00e0 Valence, en Espagne. Avec vous depuis 1950!\",\"publisher\":{\"@id\":\"https:\/\/www.enriquerequena.com\/fr\/#organization\"},\"potentialAction\":[{\"@type\":\"SearchAction\",\"target\":{\"@type\":\"EntryPoint\",\"urlTemplate\":\"https:\/\/www.enriquerequena.com\/fr\/?s={search_term_string}\"},\"query-input\":{\"@type\":\"PropertyValueSpecification\",\"valueRequired\":true,\"valueName\":\"search_term_string\"}}],\"inLanguage\":\"fr-FR\"},{\"@type\":\"Organization\",\"@id\":\"https:\/\/www.enriquerequena.com\/fr\/#organization\",\"name\":\"Enrique Requena S.L.\",\"url\":\"https:\/\/www.enriquerequena.com\/fr\/\",\"logo\":{\"@type\":\"ImageObject\",\"inLanguage\":\"fr-FR\",\"@id\":\"https:\/\/www.enriquerequena.com\/fr\/#\/schema\/logo\/image\/\",\"url\":\"https:\/\/www.enriquerequena.com\/wp-content\/uploads\/2019\/11\/enrique-requena-recambios-logotipo.jpg\",\"contentUrl\":\"https:\/\/www.enriquerequena.com\/wp-content\/uploads\/2019\/11\/enrique-requena-recambios-logotipo.jpg\",\"width\":381,\"height\":75,\"caption\":\"Enrique Requena S.L.\"},\"image\":{\"@id\":\"https:\/\/www.enriquerequena.com\/fr\/#\/schema\/logo\/image\/\"}}]}<\/script>\n<!-- \/ Yoast SEO plugin. -->","yoast_head_json":{"title":"81.44205.6033 81.44205.6044 - Kit Pivot de Fusee adaptable a MAN","description":"References 81.44205.6033 81.44205.6044 81.44205.6048, 81.44205.6049 - Kit Pivot de Fusee adaptable a MAN - Enrique Requena-","robots":{"index":"index","follow":"follow","max-snippet":"max-snippet:-1","max-image-preview":"max-image-preview:large","max-video-preview":"max-video-preview:-1"},"canonical":"https:\/\/www.enriquerequena.com\/fr\/tienda-online\/pieces-detachees-de-remplacement-direction-essieux\/kits-axes-pivot-fusee\/81-44205-6033-81-44205-6044-kit-pivot-de-fusee-adaptable-a-man\/","og_locale":"fr_FR","og_type":"article","og_title":"81.44205.6033 81.44205.6044 - Kit Pivot de Fusee adaptable a MAN","og_description":"References 81.44205.6033 81.44205.6044 81.44205.6048, 81.44205.6049 - Kit Pivot de Fusee adaptable a MAN - Enrique Requena-","og_url":"https:\/\/www.enriquerequena.com\/fr\/tienda-online\/pieces-detachees-de-remplacement-direction-essieux\/kits-axes-pivot-fusee\/81-44205-6033-81-44205-6044-kit-pivot-de-fusee-adaptable-a-man\/","og_site_name":"ENRIQUE REQUENA","article_modified_time":"2023-02-07T16:25:19+00:00","og_image":[{"width":800,"height":800,"url":"https:\/\/www.enriquerequena.com\/wp-content\/uploads\/2020\/07\/K-144.jpg","type":"image\/jpeg"}],"twitter_card":"summary_large_image","schema":{"@context":"https:\/\/schema.org","@graph":[{"@type":"WebPage","@id":"https:\/\/www.enriquerequena.com\/fr\/tienda-online\/pieces-detachees-de-remplacement-direction-essieux\/kits-axes-pivot-fusee\/81-44205-6033-81-44205-6044-kit-pivot-de-fusee-adaptable-a-man\/","url":"https:\/\/www.enriquerequena.com\/fr\/tienda-online\/pieces-detachees-de-remplacement-direction-essieux\/kits-axes-pivot-fusee\/81-44205-6033-81-44205-6044-kit-pivot-de-fusee-adaptable-a-man\/","name":"81.44205.6033 81.44205.6044 - Kit Pivot de Fusee adaptable a MAN","isPartOf":{"@id":"https:\/\/www.enriquerequena.com\/fr\/#website"},"primaryImageOfPage":{"@id":"https:\/\/www.enriquerequena.com\/fr\/tienda-online\/pieces-detachees-de-remplacement-direction-essieux\/kits-axes-pivot-fusee\/81-44205-6033-81-44205-6044-kit-pivot-de-fusee-adaptable-a-man\/#primaryimage"},"image":{"@id":"https:\/\/www.enriquerequena.com\/fr\/tienda-online\/pieces-detachees-de-remplacement-direction-essieux\/kits-axes-pivot-fusee\/81-44205-6033-81-44205-6044-kit-pivot-de-fusee-adaptable-a-man\/#primaryimage"},"thumbnailUrl":"https:\/\/www.enriquerequena.com\/wp-content\/uploads\/2020\/07\/K-144.jpg","datePublished":"2020-07-15T08:04:07+00:00","dateModified":"2023-02-07T16:25:19+00:00","description":"References 81.44205.6033 81.44205.6044 81.44205.6048, 81.44205.6049 - Kit Pivot de Fusee adaptable a MAN - Enrique Requena-","breadcrumb":{"@id":"https:\/\/www.enriquerequena.com\/fr\/tienda-online\/pieces-detachees-de-remplacement-direction-essieux\/kits-axes-pivot-fusee\/81-44205-6033-81-44205-6044-kit-pivot-de-fusee-adaptable-a-man\/#breadcrumb"},"inLanguage":"fr-FR","potentialAction":[{"@type":"ReadAction","target":["https:\/\/www.enriquerequena.com\/fr\/tienda-online\/pieces-detachees-de-remplacement-direction-essieux\/kits-axes-pivot-fusee\/81-44205-6033-81-44205-6044-kit-pivot-de-fusee-adaptable-a-man\/"]}]},{"@type":"ImageObject","inLanguage":"fr-FR","@id":"https:\/\/www.enriquerequena.com\/fr\/tienda-online\/pieces-detachees-de-remplacement-direction-essieux\/kits-axes-pivot-fusee\/81-44205-6033-81-44205-6044-kit-pivot-de-fusee-adaptable-a-man\/#primaryimage","url":"https:\/\/www.enriquerequena.com\/wp-content\/uploads\/2020\/07\/K-144.jpg","contentUrl":"https:\/\/www.enriquerequena.com\/wp-content\/uploads\/2020\/07\/K-144.jpg","width":800,"height":800,"caption":"1908953 1908632 Kit De Bulones De Mangueta Adaptable a Iveco"},{"@type":"WebSite","@id":"https:\/\/www.enriquerequena.com\/fr\/#website","url":"https:\/\/www.enriquerequena.com\/fr\/","name":"ENRIQUE REQUENA","description":"Sp\u00e9cialistes des transmissions cardan avec des exp\u00e9ditions dans le monde entier et des pi\u00e8ces d\u00e9tach\u00e9es pour voitures, camions et accessoires \u00e0 Valence, en Espagne. Avec vous depuis 1950!","publisher":{"@id":"https:\/\/www.enriquerequena.com\/fr\/#organization"},"potentialAction":[{"@type":"SearchAction","target":{"@type":"EntryPoint","urlTemplate":"https:\/\/www.enriquerequena.com\/fr\/?s={search_term_string}"},"query-input":{"@type":"PropertyValueSpecification","valueRequired":true,"valueName":"search_term_string"}}],"inLanguage":"fr-FR"},{"@type":"Organization","@id":"https:\/\/www.enriquerequena.com\/fr\/#organization","name":"Enrique Requena S.L.","url":"https:\/\/www.enriquerequena.com\/fr\/","logo":{"@type":"ImageObject","inLanguage":"fr-FR","@id":"https:\/\/www.enriquerequena.com\/fr\/#\/schema\/logo\/image\/","url":"https:\/\/www.enriquerequena.com\/wp-content\/uploads\/2019\/11\/enrique-requena-recambios-logotipo.jpg","contentUrl":"https:\/\/www.enriquerequena.com\/wp-content\/uploads\/2019\/11\/enrique-requena-recambios-logotipo.jpg","width":381,"height":75,"caption":"Enrique Requena S.L."},"image":{"@id":"https:\/\/www.enriquerequena.com\/fr\/#\/schema\/logo\/image\/"}}]}},"_links":{"self":[{"href":"https:\/\/www.enriquerequena.com\/fr\/wp-json\/wp\/v2\/product\/13088","targetHints":{"allow":["GET"]}}],"collection":[{"href":"https:\/\/www.enriquerequena.com\/fr\/wp-json\/wp\/v2\/product"}],"about":[{"href":"https:\/\/www.enriquerequena.com\/fr\/wp-json\/wp\/v2\/types\/product"}],"wp:featuredmedia":[{"embeddable":true,"href":"https:\/\/www.enriquerequena.com\/fr\/wp-json\/wp\/v2\/media\/13079"}],"wp:attachment":[{"href":"https:\/\/www.enriquerequena.com\/fr\/wp-json\/wp\/v2\/media?parent=13088"}],"wp:term":[{"taxonomy":"product_brand","embeddable":true,"href":"https:\/\/www.enriquerequena.com\/fr\/wp-json\/wp\/v2\/product_brand?post=13088"},{"taxonomy":"product_cat","embeddable":true,"href":"https:\/\/www.enriquerequena.com\/fr\/wp-json\/wp\/v2\/product_cat?post=13088"},{"taxonomy":"product_tag","embeddable":true,"href":"https:\/\/www.enriquerequena.com\/fr\/wp-json\/wp\/v2\/product_tag?post=13088"}],"curies":[{"name":"wp","href":"https:\/\/api.w.org\/{rel}","templated":true}]}}