{"id":13416,"date":"2020-07-30T09:13:04","date_gmt":"2020-07-30T07:13:05","guid":{"rendered":"https:\/\/www.enriquerequena.com\/?post_type=product&#038;p=13416"},"modified":"2023-02-07T16:19:30","modified_gmt":"2023-02-07T15:19:30","slug":"7458-133-870-kit-pivot-de-fusee-adaptable-a-volvo","status":"publish","type":"product","link":"https:\/\/www.enriquerequena.com\/fr\/tienda-online\/pieces-detachees-de-remplacement-direction-essieux\/kits-axes-pivot-fusee\/7458-133-870-kit-pivot-de-fusee-adaptable-a-volvo\/","title":{"rendered":"7458.133.870 Kit Pivot de Fusee adaptable a VOLVO"},"content":{"rendered":"<ul>\n<li>Jeu de bulons d\u00b4essieu adaptable pour VOLVO<\/li>\n<li>Jeu de bulon pour 1 roue<\/li>\n<li>Messures de bulon: 40*60*227,50<\/li>\n<li>Nous avons \u00e9galement toutes sorrtes de goupilles pour toutes les marques de voture et de camions: MAGNUM,\u00a0PREMIUM TR-FAB-27 JC\/TC, FH 12\u2013520,\u00a0EJE BUS YV254CLC94A577342,\u00a0FM 12,B 12B, FL 6, FH, FH 12, FH 16, FM, FM 10,\u00a0FM 7, FM 9, New Hampshire 12, VM.<\/li>\n<li>References: <strong>7458.133.870, 7421.769.314, 85108338<\/strong><\/li>\n<\/ul>\n","protected":false},"excerpt":{"rendered":"<p><strong>7458.133.870, 7421.769.314, 85108338<\/strong> Kit Pivot de Fusee adaptable a VOLVO<\/p>\n","protected":false},"featured_media":13419,"template":"","meta":[],"product_brand":[],"product_cat":[213,9827,9938,138],"product_tag":[],"class_list":{"0":"post-13416","1":"product","2":"type-product","3":"status-publish","4":"has-post-thumbnail","6":"product_cat-direction","7":"product_cat-pieces-detachees-de-remplacement-direction-essieux","8":"product_cat-kits-axes-pivot-fusee","9":"product_cat-pieces-rechange-camions","10":"pa_manufacturer-volvo","12":"first","13":"instock","14":"featured","15":"taxable","16":"shipping-taxable","17":"purchasable","18":"product-type-simple"},"yoast_head":"<!-- This site is optimized with the Yoast SEO plugin v27.1.1 - https:\/\/yoast.com\/product\/yoast-seo-wordpress\/ -->\n<title>7458.133.870 Kit Pivot de Fusee adaptable a VOLVO<\/title>\n<meta name=\"description\" content=\"7458.133.870 Kit Pivot de Fusee adaptable a VOLVO - Kit Pivot de Fusee adaptable a VOLVO- Enrique Requena-\" \/>\n<meta name=\"robots\" content=\"index, follow, max-snippet:-1, max-image-preview:large, max-video-preview:-1\" \/>\n<link rel=\"canonical\" href=\"https:\/\/www.enriquerequena.com\/fr\/tienda-online\/pieces-detachees-de-remplacement-direction-essieux\/kits-axes-pivot-fusee\/7458-133-870-kit-pivot-de-fusee-adaptable-a-volvo\/\" \/>\n<meta property=\"og:locale\" content=\"fr_FR\" \/>\n<meta property=\"og:type\" content=\"article\" \/>\n<meta property=\"og:title\" content=\"7458.133.870 Kit Pivot de Fusee adaptable a VOLVO\" \/>\n<meta property=\"og:description\" content=\"7458.133.870 Kit Pivot de Fusee adaptable a VOLVO - Kit Pivot de Fusee adaptable a VOLVO- Enrique Requena-\" \/>\n<meta property=\"og:url\" content=\"https:\/\/www.enriquerequena.com\/fr\/tienda-online\/pieces-detachees-de-remplacement-direction-essieux\/kits-axes-pivot-fusee\/7458-133-870-kit-pivot-de-fusee-adaptable-a-volvo\/\" \/>\n<meta property=\"og:site_name\" content=\"ENRIQUE REQUENA\" \/>\n<meta property=\"article:modified_time\" content=\"2023-02-07T15:19:30+00:00\" \/>\n<meta property=\"og:image\" content=\"https:\/\/www.enriquerequena.com\/wp-content\/uploads\/2020\/07\/k462.jpg\" \/>\n\t<meta property=\"og:image:width\" content=\"800\" \/>\n\t<meta property=\"og:image:height\" content=\"800\" \/>\n\t<meta property=\"og:image:type\" content=\"image\/jpeg\" \/>\n<meta name=\"twitter:card\" content=\"summary_large_image\" \/>\n<script type=\"application\/ld+json\" class=\"yoast-schema-graph\">{\"@context\":\"https:\/\/schema.org\",\"@graph\":[{\"@type\":\"WebPage\",\"@id\":\"https:\/\/www.enriquerequena.com\/fr\/tienda-online\/pieces-detachees-de-remplacement-direction-essieux\/kits-axes-pivot-fusee\/7458-133-870-kit-pivot-de-fusee-adaptable-a-volvo\/\",\"url\":\"https:\/\/www.enriquerequena.com\/fr\/tienda-online\/pieces-detachees-de-remplacement-direction-essieux\/kits-axes-pivot-fusee\/7458-133-870-kit-pivot-de-fusee-adaptable-a-volvo\/\",\"name\":\"7458.133.870 Kit Pivot de Fusee adaptable a VOLVO\",\"isPartOf\":{\"@id\":\"https:\/\/www.enriquerequena.com\/fr\/#website\"},\"primaryImageOfPage\":{\"@id\":\"https:\/\/www.enriquerequena.com\/fr\/tienda-online\/pieces-detachees-de-remplacement-direction-essieux\/kits-axes-pivot-fusee\/7458-133-870-kit-pivot-de-fusee-adaptable-a-volvo\/#primaryimage\"},\"image\":{\"@id\":\"https:\/\/www.enriquerequena.com\/fr\/tienda-online\/pieces-detachees-de-remplacement-direction-essieux\/kits-axes-pivot-fusee\/7458-133-870-kit-pivot-de-fusee-adaptable-a-volvo\/#primaryimage\"},\"thumbnailUrl\":\"https:\/\/www.enriquerequena.com\/wp-content\/uploads\/2020\/07\/k462.jpg\",\"datePublished\":\"2020-07-30T07:13:05+00:00\",\"dateModified\":\"2023-02-07T15:19:30+00:00\",\"description\":\"7458.133.870 Kit Pivot de Fusee adaptable a VOLVO - Kit Pivot de Fusee adaptable a VOLVO- Enrique Requena-\",\"breadcrumb\":{\"@id\":\"https:\/\/www.enriquerequena.com\/fr\/tienda-online\/pieces-detachees-de-remplacement-direction-essieux\/kits-axes-pivot-fusee\/7458-133-870-kit-pivot-de-fusee-adaptable-a-volvo\/#breadcrumb\"},\"inLanguage\":\"fr-FR\",\"potentialAction\":[{\"@type\":\"ReadAction\",\"target\":[\"https:\/\/www.enriquerequena.com\/fr\/tienda-online\/pieces-detachees-de-remplacement-direction-essieux\/kits-axes-pivot-fusee\/7458-133-870-kit-pivot-de-fusee-adaptable-a-volvo\/\"]}]},{\"@type\":\"ImageObject\",\"inLanguage\":\"fr-FR\",\"@id\":\"https:\/\/www.enriquerequena.com\/fr\/tienda-online\/pieces-detachees-de-remplacement-direction-essieux\/kits-axes-pivot-fusee\/7458-133-870-kit-pivot-de-fusee-adaptable-a-volvo\/#primaryimage\",\"url\":\"https:\/\/www.enriquerequena.com\/wp-content\/uploads\/2020\/07\/k462.jpg\",\"contentUrl\":\"https:\/\/www.enriquerequena.com\/wp-content\/uploads\/2020\/07\/k462.jpg\",\"width\":800,\"height\":800,\"caption\":\"k462\"},{\"@type\":\"WebSite\",\"@id\":\"https:\/\/www.enriquerequena.com\/fr\/#website\",\"url\":\"https:\/\/www.enriquerequena.com\/fr\/\",\"name\":\"ENRIQUE REQUENA\",\"description\":\"Sp\u00e9cialistes des transmissions cardan avec des exp\u00e9ditions dans le monde entier et des pi\u00e8ces d\u00e9tach\u00e9es pour voitures, camions et accessoires \u00e0 Valence, en Espagne. Avec vous depuis 1950!\",\"publisher\":{\"@id\":\"https:\/\/www.enriquerequena.com\/fr\/#organization\"},\"potentialAction\":[{\"@type\":\"SearchAction\",\"target\":{\"@type\":\"EntryPoint\",\"urlTemplate\":\"https:\/\/www.enriquerequena.com\/fr\/?s={search_term_string}\"},\"query-input\":{\"@type\":\"PropertyValueSpecification\",\"valueRequired\":true,\"valueName\":\"search_term_string\"}}],\"inLanguage\":\"fr-FR\"},{\"@type\":\"Organization\",\"@id\":\"https:\/\/www.enriquerequena.com\/fr\/#organization\",\"name\":\"Enrique Requena S.L.\",\"url\":\"https:\/\/www.enriquerequena.com\/fr\/\",\"logo\":{\"@type\":\"ImageObject\",\"inLanguage\":\"fr-FR\",\"@id\":\"https:\/\/www.enriquerequena.com\/fr\/#\/schema\/logo\/image\/\",\"url\":\"https:\/\/www.enriquerequena.com\/wp-content\/uploads\/2019\/11\/enrique-requena-recambios-logotipo.jpg\",\"contentUrl\":\"https:\/\/www.enriquerequena.com\/wp-content\/uploads\/2019\/11\/enrique-requena-recambios-logotipo.jpg\",\"width\":381,\"height\":75,\"caption\":\"Enrique Requena S.L.\"},\"image\":{\"@id\":\"https:\/\/www.enriquerequena.com\/fr\/#\/schema\/logo\/image\/\"}}]}<\/script>\n<!-- \/ Yoast SEO plugin. -->","yoast_head_json":{"title":"7458.133.870 Kit Pivot de Fusee adaptable a VOLVO","description":"7458.133.870 Kit Pivot de Fusee adaptable a VOLVO - Kit Pivot de Fusee adaptable a VOLVO- Enrique Requena-","robots":{"index":"index","follow":"follow","max-snippet":"max-snippet:-1","max-image-preview":"max-image-preview:large","max-video-preview":"max-video-preview:-1"},"canonical":"https:\/\/www.enriquerequena.com\/fr\/tienda-online\/pieces-detachees-de-remplacement-direction-essieux\/kits-axes-pivot-fusee\/7458-133-870-kit-pivot-de-fusee-adaptable-a-volvo\/","og_locale":"fr_FR","og_type":"article","og_title":"7458.133.870 Kit Pivot de Fusee adaptable a VOLVO","og_description":"7458.133.870 Kit Pivot de Fusee adaptable a VOLVO - Kit Pivot de Fusee adaptable a VOLVO- Enrique Requena-","og_url":"https:\/\/www.enriquerequena.com\/fr\/tienda-online\/pieces-detachees-de-remplacement-direction-essieux\/kits-axes-pivot-fusee\/7458-133-870-kit-pivot-de-fusee-adaptable-a-volvo\/","og_site_name":"ENRIQUE REQUENA","article_modified_time":"2023-02-07T15:19:30+00:00","og_image":[{"width":800,"height":800,"url":"https:\/\/www.enriquerequena.com\/wp-content\/uploads\/2020\/07\/k462.jpg","type":"image\/jpeg"}],"twitter_card":"summary_large_image","schema":{"@context":"https:\/\/schema.org","@graph":[{"@type":"WebPage","@id":"https:\/\/www.enriquerequena.com\/fr\/tienda-online\/pieces-detachees-de-remplacement-direction-essieux\/kits-axes-pivot-fusee\/7458-133-870-kit-pivot-de-fusee-adaptable-a-volvo\/","url":"https:\/\/www.enriquerequena.com\/fr\/tienda-online\/pieces-detachees-de-remplacement-direction-essieux\/kits-axes-pivot-fusee\/7458-133-870-kit-pivot-de-fusee-adaptable-a-volvo\/","name":"7458.133.870 Kit Pivot de Fusee adaptable a VOLVO","isPartOf":{"@id":"https:\/\/www.enriquerequena.com\/fr\/#website"},"primaryImageOfPage":{"@id":"https:\/\/www.enriquerequena.com\/fr\/tienda-online\/pieces-detachees-de-remplacement-direction-essieux\/kits-axes-pivot-fusee\/7458-133-870-kit-pivot-de-fusee-adaptable-a-volvo\/#primaryimage"},"image":{"@id":"https:\/\/www.enriquerequena.com\/fr\/tienda-online\/pieces-detachees-de-remplacement-direction-essieux\/kits-axes-pivot-fusee\/7458-133-870-kit-pivot-de-fusee-adaptable-a-volvo\/#primaryimage"},"thumbnailUrl":"https:\/\/www.enriquerequena.com\/wp-content\/uploads\/2020\/07\/k462.jpg","datePublished":"2020-07-30T07:13:05+00:00","dateModified":"2023-02-07T15:19:30+00:00","description":"7458.133.870 Kit Pivot de Fusee adaptable a VOLVO - Kit Pivot de Fusee adaptable a VOLVO- Enrique Requena-","breadcrumb":{"@id":"https:\/\/www.enriquerequena.com\/fr\/tienda-online\/pieces-detachees-de-remplacement-direction-essieux\/kits-axes-pivot-fusee\/7458-133-870-kit-pivot-de-fusee-adaptable-a-volvo\/#breadcrumb"},"inLanguage":"fr-FR","potentialAction":[{"@type":"ReadAction","target":["https:\/\/www.enriquerequena.com\/fr\/tienda-online\/pieces-detachees-de-remplacement-direction-essieux\/kits-axes-pivot-fusee\/7458-133-870-kit-pivot-de-fusee-adaptable-a-volvo\/"]}]},{"@type":"ImageObject","inLanguage":"fr-FR","@id":"https:\/\/www.enriquerequena.com\/fr\/tienda-online\/pieces-detachees-de-remplacement-direction-essieux\/kits-axes-pivot-fusee\/7458-133-870-kit-pivot-de-fusee-adaptable-a-volvo\/#primaryimage","url":"https:\/\/www.enriquerequena.com\/wp-content\/uploads\/2020\/07\/k462.jpg","contentUrl":"https:\/\/www.enriquerequena.com\/wp-content\/uploads\/2020\/07\/k462.jpg","width":800,"height":800,"caption":"k462"},{"@type":"WebSite","@id":"https:\/\/www.enriquerequena.com\/fr\/#website","url":"https:\/\/www.enriquerequena.com\/fr\/","name":"ENRIQUE REQUENA","description":"Sp\u00e9cialistes des transmissions cardan avec des exp\u00e9ditions dans le monde entier et des pi\u00e8ces d\u00e9tach\u00e9es pour voitures, camions et accessoires \u00e0 Valence, en Espagne. Avec vous depuis 1950!","publisher":{"@id":"https:\/\/www.enriquerequena.com\/fr\/#organization"},"potentialAction":[{"@type":"SearchAction","target":{"@type":"EntryPoint","urlTemplate":"https:\/\/www.enriquerequena.com\/fr\/?s={search_term_string}"},"query-input":{"@type":"PropertyValueSpecification","valueRequired":true,"valueName":"search_term_string"}}],"inLanguage":"fr-FR"},{"@type":"Organization","@id":"https:\/\/www.enriquerequena.com\/fr\/#organization","name":"Enrique Requena S.L.","url":"https:\/\/www.enriquerequena.com\/fr\/","logo":{"@type":"ImageObject","inLanguage":"fr-FR","@id":"https:\/\/www.enriquerequena.com\/fr\/#\/schema\/logo\/image\/","url":"https:\/\/www.enriquerequena.com\/wp-content\/uploads\/2019\/11\/enrique-requena-recambios-logotipo.jpg","contentUrl":"https:\/\/www.enriquerequena.com\/wp-content\/uploads\/2019\/11\/enrique-requena-recambios-logotipo.jpg","width":381,"height":75,"caption":"Enrique Requena S.L."},"image":{"@id":"https:\/\/www.enriquerequena.com\/fr\/#\/schema\/logo\/image\/"}}]}},"_links":{"self":[{"href":"https:\/\/www.enriquerequena.com\/fr\/wp-json\/wp\/v2\/product\/13416","targetHints":{"allow":["GET"]}}],"collection":[{"href":"https:\/\/www.enriquerequena.com\/fr\/wp-json\/wp\/v2\/product"}],"about":[{"href":"https:\/\/www.enriquerequena.com\/fr\/wp-json\/wp\/v2\/types\/product"}],"wp:featuredmedia":[{"embeddable":true,"href":"https:\/\/www.enriquerequena.com\/fr\/wp-json\/wp\/v2\/media\/13419"}],"wp:attachment":[{"href":"https:\/\/www.enriquerequena.com\/fr\/wp-json\/wp\/v2\/media?parent=13416"}],"wp:term":[{"taxonomy":"product_brand","embeddable":true,"href":"https:\/\/www.enriquerequena.com\/fr\/wp-json\/wp\/v2\/product_brand?post=13416"},{"taxonomy":"product_cat","embeddable":true,"href":"https:\/\/www.enriquerequena.com\/fr\/wp-json\/wp\/v2\/product_cat?post=13416"},{"taxonomy":"product_tag","embeddable":true,"href":"https:\/\/www.enriquerequena.com\/fr\/wp-json\/wp\/v2\/product_tag?post=13416"}],"curies":[{"name":"wp","href":"https:\/\/api.w.org\/{rel}","templated":true}]}}