{"id":13489,"date":"2020-08-08T09:00:47","date_gmt":"2020-07-31T07:13:47","guid":{"rendered":"https:\/\/www.enriquerequena.com\/?post_type=product&#038;p=13489"},"modified":"2023-02-07T16:16:48","modified_gmt":"2023-02-07T15:16:48","slug":"a6394109406-arbre-de-transmision-cardan-mercedes-vito","status":"publish","type":"product","link":"https:\/\/www.enriquerequena.com\/fr\/tienda-online\/arbre-transmission-cardan\/arbre-transmission-cardan-fourgons\/a6394109406-arbre-de-transmision-cardan-mercedes-vito\/","title":{"rendered":"A6394109406 Arbre De Transmision Cardan Mercedes Vito"},"content":{"rendered":"<p style=\"text-align: justify;\"><span style=\"color: #666699;\"><strong>Arbre de transmission \u00e0 cardan<\/strong> pour<strong> Mercedes Vito <\/strong>avec r\u00e9f\u00e9rence\u00a0<strong>A6394109406, A 6394109406, 6394109406 <\/strong><\/span>\u00a0<span style=\"color: #666699;\">est une <\/span><strong style=\"color: #666699;\">transmission neuve<\/strong><span style=\"color: #666699;\"> \u00e0 cardan de Mercedes Vito avec <\/span><strong style=\"color: #666699;\">une garantie d&rsquo;un an.<\/strong><span style=\"color: #666699;\"> C&rsquo;est le choix le plus \u00e9conomique.<\/span><\/p>\n<p style=\"text-align: justify;\"><span style=\"color: #666699;\">Nos transmissions \u00e1 cardan pour Mercedes Vito <strong>sont d&rsquo;origine<\/strong>, \u00e0 moiti\u00e9 prix parce que nous sommes distribuiteurs de transmissions \u00e1 cardan GKN, premier fabricant de ce composant en <strong>premi\u00e8re \u00e9quipe<\/strong>, c&rsquo;est pour cette raison que nous avons les m\u00eames arbres \u00e1 cardan d&rsquo;origine aux meilleurs prix du march\u00e9.<\/span><\/p>\n<p style=\"text-align: justify;\"><span style=\"color: #666699;\">A est disponible pour Mercedes Vito.\u00a0 Nous vendons des pi\u00e8ces d\u00e9tach\u00e9es ou pi\u00e8ces de rechange pour camionnettes \u00e0 Valence depuis 1950 et nous vendons aussi en ligne dans le monde entier.<\/span><\/p>\n<p style=\"text-align: justify;\"><span style=\"color: #666699;\">N\u00b4h\u00e9sitez pas \u00e0 nous consulter pour d\u00b4autres mod\u00e8les de transmission \u00e0 cardan de tout type de v\u00e9hicule. Nous avons une exp\u00e9rience de 68 ans dans le commerce de transmissions \u00e0 cardan et connaissons tr\u00e8s bien le sujet.<\/span><\/p>\n<p style=\"text-align: justify;\"><span style=\"color: #666699;\">Caract\u00e9ristiques techniques:<\/span><\/p>\n<p style=\"text-align: justify;\"><span style=\"color: #666699;\">&#8211; Pi\u00e8ce de rechange: arbre de transmission \u00e0 cardan<\/span><\/p>\n<p style=\"text-align: justify;\"><span style=\"color: #666699;\">&#8211; Mod\u00e8le: Mercedes Vito<\/span><\/p>\n<p style=\"text-align: justify;\"><span style=\"color: #666699;\">&#8211; Troi pi\u00e8ces d&rsquo;arbre avec cadre de support<\/span><\/p>\n<p style=\"text-align: justify;\"><span style=\"color: #666699;\">&#8211; Longueur: 2152 MM.<\/span><\/p>\n<p style=\"text-align: justify;\"><span style=\"color: #666699;\">&#8211; Num\u00e9ro de r\u00e9f\u00e9rence: A63941094066, A 6394109406, 6394109406<\/span><\/p>\n<p style=\"text-align: justify;\"><span style=\"color: #666699;\">&#8211; Marque: GKN<\/span><\/p>\n<p style=\"text-align: justify;\"><span style=\"color: #666699;\">&#8211; Etat: pi\u00e8ce neuve<\/span><\/p>\n<p style=\"text-align: justify;\"><span style=\"color: #666699;\">&#8211; Garantie d&rsquo;un an<\/span><\/p>\n","protected":false},"excerpt":{"rendered":"<p>A6394109406, A 6394109406, 6394109406 Arbre De Transmision Cardan Mercedes Vito neuve et d&rsquo;origine GKN<\/p>\n","protected":false},"featured_media":13492,"template":"","meta":[],"product_brand":[],"product_cat":[144,159],"product_tag":[],"class_list":{"0":"post-13489","1":"product","2":"type-product","3":"status-publish","4":"has-post-thumbnail","6":"product_cat-arbre-transmission-cardan","7":"product_cat-arbre-transmission-cardan-fourgons","8":"pa_manufacturer-mercedes-benz","9":"pa_tipo-fourgons-et-vehicules-legers","11":"first","12":"instock","13":"featured","14":"taxable","15":"shipping-taxable","16":"purchasable","17":"product-type-simple"},"yoast_head":"<!-- This site is optimized with the Yoast SEO plugin v27.1.1 - https:\/\/yoast.com\/product\/yoast-seo-wordpress\/ -->\n<title>A6394109406 Arbre De Transmision Cardan Mercedes Vito<\/title>\n<meta name=\"description\" content=\"A6394109406 est une transmission neuve \u00e0 cardan de Mercedes Vito avec une garantie dun an. Nos transmissions \u00e1 cardan sont origine, \u00e0 moiti\u00e9 prix\" \/>\n<meta name=\"robots\" content=\"index, follow, max-snippet:-1, max-image-preview:large, max-video-preview:-1\" \/>\n<link rel=\"canonical\" href=\"https:\/\/www.enriquerequena.com\/fr\/tienda-online\/arbre-transmission-cardan\/arbre-transmission-cardan-fourgons\/a6394109406-arbre-de-transmision-cardan-mercedes-vito\/\" \/>\n<meta property=\"og:locale\" content=\"fr_FR\" \/>\n<meta property=\"og:type\" content=\"article\" \/>\n<meta property=\"og:title\" content=\"A6394109406 Arbre De Transmision Cardan Mercedes Vito\" \/>\n<meta property=\"og:description\" content=\"A6394109406 est une transmission neuve \u00e0 cardan de Mercedes Vito avec une garantie dun an. Nos transmissions \u00e1 cardan sont origine, \u00e0 moiti\u00e9 prix\" \/>\n<meta property=\"og:url\" content=\"https:\/\/www.enriquerequena.com\/fr\/tienda-online\/arbre-transmission-cardan\/arbre-transmission-cardan-fourgons\/a6394109406-arbre-de-transmision-cardan-mercedes-vito\/\" \/>\n<meta property=\"og:site_name\" content=\"ENRIQUE REQUENA\" \/>\n<meta property=\"article:modified_time\" content=\"2023-02-07T15:16:48+00:00\" \/>\n<meta property=\"og:image\" content=\"https:\/\/www.enriquerequena.com\/wp-content\/uploads\/2020\/07\/6394109406.jpg\" \/>\n\t<meta property=\"og:image:width\" content=\"800\" \/>\n\t<meta property=\"og:image:height\" content=\"800\" \/>\n\t<meta property=\"og:image:type\" content=\"image\/jpeg\" \/>\n<meta name=\"twitter:card\" content=\"summary_large_image\" \/>\n<meta name=\"twitter:label1\" content=\"Dur\u00e9e de lecture estim\u00e9e\" \/>\n\t<meta name=\"twitter:data1\" content=\"1 minute\" \/>\n<script type=\"application\/ld+json\" class=\"yoast-schema-graph\">{\"@context\":\"https:\/\/schema.org\",\"@graph\":[{\"@type\":\"WebPage\",\"@id\":\"https:\/\/www.enriquerequena.com\/fr\/tienda-online\/arbre-transmission-cardan\/arbre-transmission-cardan-fourgons\/a6394109406-arbre-de-transmision-cardan-mercedes-vito\/\",\"url\":\"https:\/\/www.enriquerequena.com\/fr\/tienda-online\/arbre-transmission-cardan\/arbre-transmission-cardan-fourgons\/a6394109406-arbre-de-transmision-cardan-mercedes-vito\/\",\"name\":\"A6394109406 Arbre De Transmision Cardan Mercedes Vito\",\"isPartOf\":{\"@id\":\"https:\/\/www.enriquerequena.com\/fr\/#website\"},\"primaryImageOfPage\":{\"@id\":\"https:\/\/www.enriquerequena.com\/fr\/tienda-online\/arbre-transmission-cardan\/arbre-transmission-cardan-fourgons\/a6394109406-arbre-de-transmision-cardan-mercedes-vito\/#primaryimage\"},\"image\":{\"@id\":\"https:\/\/www.enriquerequena.com\/fr\/tienda-online\/arbre-transmission-cardan\/arbre-transmission-cardan-fourgons\/a6394109406-arbre-de-transmision-cardan-mercedes-vito\/#primaryimage\"},\"thumbnailUrl\":\"https:\/\/www.enriquerequena.com\/wp-content\/uploads\/2020\/07\/6394109406.jpg\",\"datePublished\":\"2020-07-31T07:13:47+00:00\",\"dateModified\":\"2023-02-07T15:16:48+00:00\",\"description\":\"A6394109406 est une transmission neuve \u00e0 cardan de Mercedes Vito avec une garantie dun an. Nos transmissions \u00e1 cardan sont origine, \u00e0 moiti\u00e9 prix\",\"breadcrumb\":{\"@id\":\"https:\/\/www.enriquerequena.com\/fr\/tienda-online\/arbre-transmission-cardan\/arbre-transmission-cardan-fourgons\/a6394109406-arbre-de-transmision-cardan-mercedes-vito\/#breadcrumb\"},\"inLanguage\":\"fr-FR\",\"potentialAction\":[{\"@type\":\"ReadAction\",\"target\":[\"https:\/\/www.enriquerequena.com\/fr\/tienda-online\/arbre-transmission-cardan\/arbre-transmission-cardan-fourgons\/a6394109406-arbre-de-transmision-cardan-mercedes-vito\/\"]}]},{\"@type\":\"ImageObject\",\"inLanguage\":\"fr-FR\",\"@id\":\"https:\/\/www.enriquerequena.com\/fr\/tienda-online\/arbre-transmission-cardan\/arbre-transmission-cardan-fourgons\/a6394109406-arbre-de-transmision-cardan-mercedes-vito\/#primaryimage\",\"url\":\"https:\/\/www.enriquerequena.com\/wp-content\/uploads\/2020\/07\/6394109406.jpg\",\"contentUrl\":\"https:\/\/www.enriquerequena.com\/wp-content\/uploads\/2020\/07\/6394109406.jpg\",\"width\":800,\"height\":800,\"caption\":\"Transmision Cardan Mercedes Vito A6394106506 - 6394106506\"},{\"@type\":\"WebSite\",\"@id\":\"https:\/\/www.enriquerequena.com\/fr\/#website\",\"url\":\"https:\/\/www.enriquerequena.com\/fr\/\",\"name\":\"ENRIQUE REQUENA\",\"description\":\"Sp\u00e9cialistes des transmissions cardan avec des exp\u00e9ditions dans le monde entier et des pi\u00e8ces d\u00e9tach\u00e9es pour voitures, camions et accessoires \u00e0 Valence, en Espagne. Avec vous depuis 1950!\",\"publisher\":{\"@id\":\"https:\/\/www.enriquerequena.com\/fr\/#organization\"},\"potentialAction\":[{\"@type\":\"SearchAction\",\"target\":{\"@type\":\"EntryPoint\",\"urlTemplate\":\"https:\/\/www.enriquerequena.com\/fr\/?s={search_term_string}\"},\"query-input\":{\"@type\":\"PropertyValueSpecification\",\"valueRequired\":true,\"valueName\":\"search_term_string\"}}],\"inLanguage\":\"fr-FR\"},{\"@type\":\"Organization\",\"@id\":\"https:\/\/www.enriquerequena.com\/fr\/#organization\",\"name\":\"Enrique Requena S.L.\",\"url\":\"https:\/\/www.enriquerequena.com\/fr\/\",\"logo\":{\"@type\":\"ImageObject\",\"inLanguage\":\"fr-FR\",\"@id\":\"https:\/\/www.enriquerequena.com\/fr\/#\/schema\/logo\/image\/\",\"url\":\"https:\/\/www.enriquerequena.com\/wp-content\/uploads\/2019\/11\/enrique-requena-recambios-logotipo.jpg\",\"contentUrl\":\"https:\/\/www.enriquerequena.com\/wp-content\/uploads\/2019\/11\/enrique-requena-recambios-logotipo.jpg\",\"width\":381,\"height\":75,\"caption\":\"Enrique Requena S.L.\"},\"image\":{\"@id\":\"https:\/\/www.enriquerequena.com\/fr\/#\/schema\/logo\/image\/\"}}]}<\/script>\n<!-- \/ Yoast SEO plugin. -->","yoast_head_json":{"title":"A6394109406 Arbre De Transmision Cardan Mercedes Vito","description":"A6394109406 est une transmission neuve \u00e0 cardan de Mercedes Vito avec une garantie dun an. Nos transmissions \u00e1 cardan sont origine, \u00e0 moiti\u00e9 prix","robots":{"index":"index","follow":"follow","max-snippet":"max-snippet:-1","max-image-preview":"max-image-preview:large","max-video-preview":"max-video-preview:-1"},"canonical":"https:\/\/www.enriquerequena.com\/fr\/tienda-online\/arbre-transmission-cardan\/arbre-transmission-cardan-fourgons\/a6394109406-arbre-de-transmision-cardan-mercedes-vito\/","og_locale":"fr_FR","og_type":"article","og_title":"A6394109406 Arbre De Transmision Cardan Mercedes Vito","og_description":"A6394109406 est une transmission neuve \u00e0 cardan de Mercedes Vito avec une garantie dun an. Nos transmissions \u00e1 cardan sont origine, \u00e0 moiti\u00e9 prix","og_url":"https:\/\/www.enriquerequena.com\/fr\/tienda-online\/arbre-transmission-cardan\/arbre-transmission-cardan-fourgons\/a6394109406-arbre-de-transmision-cardan-mercedes-vito\/","og_site_name":"ENRIQUE REQUENA","article_modified_time":"2023-02-07T15:16:48+00:00","og_image":[{"width":800,"height":800,"url":"https:\/\/www.enriquerequena.com\/wp-content\/uploads\/2020\/07\/6394109406.jpg","type":"image\/jpeg"}],"twitter_card":"summary_large_image","twitter_misc":{"Dur\u00e9e de lecture estim\u00e9e":"1 minute"},"schema":{"@context":"https:\/\/schema.org","@graph":[{"@type":"WebPage","@id":"https:\/\/www.enriquerequena.com\/fr\/tienda-online\/arbre-transmission-cardan\/arbre-transmission-cardan-fourgons\/a6394109406-arbre-de-transmision-cardan-mercedes-vito\/","url":"https:\/\/www.enriquerequena.com\/fr\/tienda-online\/arbre-transmission-cardan\/arbre-transmission-cardan-fourgons\/a6394109406-arbre-de-transmision-cardan-mercedes-vito\/","name":"A6394109406 Arbre De Transmision Cardan Mercedes Vito","isPartOf":{"@id":"https:\/\/www.enriquerequena.com\/fr\/#website"},"primaryImageOfPage":{"@id":"https:\/\/www.enriquerequena.com\/fr\/tienda-online\/arbre-transmission-cardan\/arbre-transmission-cardan-fourgons\/a6394109406-arbre-de-transmision-cardan-mercedes-vito\/#primaryimage"},"image":{"@id":"https:\/\/www.enriquerequena.com\/fr\/tienda-online\/arbre-transmission-cardan\/arbre-transmission-cardan-fourgons\/a6394109406-arbre-de-transmision-cardan-mercedes-vito\/#primaryimage"},"thumbnailUrl":"https:\/\/www.enriquerequena.com\/wp-content\/uploads\/2020\/07\/6394109406.jpg","datePublished":"2020-07-31T07:13:47+00:00","dateModified":"2023-02-07T15:16:48+00:00","description":"A6394109406 est une transmission neuve \u00e0 cardan de Mercedes Vito avec une garantie dun an. Nos transmissions \u00e1 cardan sont origine, \u00e0 moiti\u00e9 prix","breadcrumb":{"@id":"https:\/\/www.enriquerequena.com\/fr\/tienda-online\/arbre-transmission-cardan\/arbre-transmission-cardan-fourgons\/a6394109406-arbre-de-transmision-cardan-mercedes-vito\/#breadcrumb"},"inLanguage":"fr-FR","potentialAction":[{"@type":"ReadAction","target":["https:\/\/www.enriquerequena.com\/fr\/tienda-online\/arbre-transmission-cardan\/arbre-transmission-cardan-fourgons\/a6394109406-arbre-de-transmision-cardan-mercedes-vito\/"]}]},{"@type":"ImageObject","inLanguage":"fr-FR","@id":"https:\/\/www.enriquerequena.com\/fr\/tienda-online\/arbre-transmission-cardan\/arbre-transmission-cardan-fourgons\/a6394109406-arbre-de-transmision-cardan-mercedes-vito\/#primaryimage","url":"https:\/\/www.enriquerequena.com\/wp-content\/uploads\/2020\/07\/6394109406.jpg","contentUrl":"https:\/\/www.enriquerequena.com\/wp-content\/uploads\/2020\/07\/6394109406.jpg","width":800,"height":800,"caption":"Transmision Cardan Mercedes Vito A6394106506 - 6394106506"},{"@type":"WebSite","@id":"https:\/\/www.enriquerequena.com\/fr\/#website","url":"https:\/\/www.enriquerequena.com\/fr\/","name":"ENRIQUE REQUENA","description":"Sp\u00e9cialistes des transmissions cardan avec des exp\u00e9ditions dans le monde entier et des pi\u00e8ces d\u00e9tach\u00e9es pour voitures, camions et accessoires \u00e0 Valence, en Espagne. Avec vous depuis 1950!","publisher":{"@id":"https:\/\/www.enriquerequena.com\/fr\/#organization"},"potentialAction":[{"@type":"SearchAction","target":{"@type":"EntryPoint","urlTemplate":"https:\/\/www.enriquerequena.com\/fr\/?s={search_term_string}"},"query-input":{"@type":"PropertyValueSpecification","valueRequired":true,"valueName":"search_term_string"}}],"inLanguage":"fr-FR"},{"@type":"Organization","@id":"https:\/\/www.enriquerequena.com\/fr\/#organization","name":"Enrique Requena S.L.","url":"https:\/\/www.enriquerequena.com\/fr\/","logo":{"@type":"ImageObject","inLanguage":"fr-FR","@id":"https:\/\/www.enriquerequena.com\/fr\/#\/schema\/logo\/image\/","url":"https:\/\/www.enriquerequena.com\/wp-content\/uploads\/2019\/11\/enrique-requena-recambios-logotipo.jpg","contentUrl":"https:\/\/www.enriquerequena.com\/wp-content\/uploads\/2019\/11\/enrique-requena-recambios-logotipo.jpg","width":381,"height":75,"caption":"Enrique Requena S.L."},"image":{"@id":"https:\/\/www.enriquerequena.com\/fr\/#\/schema\/logo\/image\/"}}]}},"_links":{"self":[{"href":"https:\/\/www.enriquerequena.com\/fr\/wp-json\/wp\/v2\/product\/13489","targetHints":{"allow":["GET"]}}],"collection":[{"href":"https:\/\/www.enriquerequena.com\/fr\/wp-json\/wp\/v2\/product"}],"about":[{"href":"https:\/\/www.enriquerequena.com\/fr\/wp-json\/wp\/v2\/types\/product"}],"wp:featuredmedia":[{"embeddable":true,"href":"https:\/\/www.enriquerequena.com\/fr\/wp-json\/wp\/v2\/media\/13492"}],"wp:attachment":[{"href":"https:\/\/www.enriquerequena.com\/fr\/wp-json\/wp\/v2\/media?parent=13489"}],"wp:term":[{"taxonomy":"product_brand","embeddable":true,"href":"https:\/\/www.enriquerequena.com\/fr\/wp-json\/wp\/v2\/product_brand?post=13489"},{"taxonomy":"product_cat","embeddable":true,"href":"https:\/\/www.enriquerequena.com\/fr\/wp-json\/wp\/v2\/product_cat?post=13489"},{"taxonomy":"product_tag","embeddable":true,"href":"https:\/\/www.enriquerequena.com\/fr\/wp-json\/wp\/v2\/product_tag?post=13489"}],"curies":[{"name":"wp","href":"https:\/\/api.w.org\/{rel}","templated":true}]}}