{"id":14466,"date":"2026-04-01T10:00:50","date_gmt":"2026-04-01T08:00:50","guid":{"rendered":"https:\/\/www.enriquerequena.com\/?post_type=product&#038;p=14466"},"modified":"2026-03-29T16:25:38","modified_gmt":"2026-03-29T14:25:38","slug":"soufflet-air-bpw-36k-0542943410","status":"publish","type":"product","link":"https:\/\/www.enriquerequena.com\/fr\/tienda-online\/pieces-de-rechange-suspension\/diapress-fr\/soufflet-air-bpw-36k-0542943410\/","title":{"rendered":"Soufflet \u00c0 Air Suspension Pneumatique BPW 36K 0542943410"},"content":{"rendered":"<div class=\"relative basis-auto flex-col -mb-(--composer-overlap-px) pb-(--composer-overlap-px) [--composer-overlap-px:28px] grow flex\">\n<div class=\"flex flex-col text-sm pb-25\">\n<section class=\"text-token-text-primary w-full focus:outline-none [--shadow-height:45px] has-data-writing-block:pointer-events-none has-data-writing-block:-mt-(--shadow-height) has-data-writing-block:pt-(--shadow-height) [&amp;:has([data-writing-block])&gt;*]:pointer-events-auto scroll-mt-[calc(var(--header-height)+min(200px,max(70px,20svh)))]\" dir=\"auto\" data-turn-id=\"request-6984b7db-f760-838c-b6b2-279a91a4d1b5-5\" data-testid=\"conversation-turn-182\" data-scroll-anchor=\"true\" data-turn=\"assistant\">\n<div class=\"text-base my-auto mx-auto pb-10 [--thread-content-margin:var(--thread-content-margin-xs,calc(var(--spacing)*4))] @w-sm\/main:[--thread-content-margin:var(--thread-content-margin-sm,calc(var(--spacing)*6))] @w-lg\/main:[--thread-content-margin:var(--thread-content-margin-lg,calc(var(--spacing)*16))] px-(--thread-content-margin)\">\n<div class=\"[--thread-content-max-width:40rem] @w-lg\/main:[--thread-content-max-width:48rem] mx-auto max-w-(--thread-content-max-width) flex-1 group\/turn-messages focus-visible:outline-hidden relative flex w-full min-w-0 flex-col agent-turn\">\n<div class=\"flex max-w-full flex-col gap-4 grow\">\n<div class=\"min-h-8 text-message relative flex w-full flex-col items-end gap-2 text-start break-words whitespace-normal outline-none keyboard-focused:focus-ring [.text-message+&amp;]:mt-1\" dir=\"auto\" tabindex=\"0\" data-message-author-role=\"assistant\" data-message-id=\"eb724536-4faa-4597-b15e-6afa5779714c\" data-message-model-slug=\"gpt-5-3\" data-turn-start-message=\"true\">\n<div class=\"flex w-full flex-col gap-1 empty:hidden\">\n<div class=\"markdown prose dark:prose-invert w-full wrap-break-word light markdown-new-styling\">\n<h3 data-section-id=\"t7x6s0\" data-start=\"58\" data-end=\"112\">Soufflet \u00c0 Air Pour Suspension Pneumatique BPW 36K<\/h3>\n<p data-start=\"114\" data-end=\"425\">Le <strong data-start=\"117\" data-end=\"171\">soufflet \u00e0 air pour suspension pneumatique BPW 36K<\/strong> est un \u00e9l\u00e9ment essentiel du syst\u00e8me de suspension des v\u00e9hicules industriels. Il permet d\u2019absorber les irr\u00e9gularit\u00e9s de la route, de maintenir la hauteur du ch\u00e2ssis et d\u2019assurer un confort de conduite optimal ainsi qu\u2019une meilleure stabilit\u00e9 du v\u00e9hicule.<\/p>\n<p data-start=\"427\" data-end=\"709\">La <strong data-start=\"430\" data-end=\"454\">r\u00e9f\u00e9rence 0542943410<\/strong> correspond \u00e0 un soufflet utilis\u00e9 sur des essieux BPW de type 36K, couramment mont\u00e9s sur remorques et semi-remorques. Une suspension en bon \u00e9tat est indispensable pour garantir la s\u00e9curit\u00e9, la tenue de route et la protection des marchandises transport\u00e9es.<\/p>\n<p data-start=\"711\" data-end=\"885\">Le remplacement d\u2019un soufflet us\u00e9 ou endommag\u00e9 permet d\u2019\u00e9viter les pertes de pression, les d\u00e9s\u00e9quilibres de suspension et l\u2019usure pr\u00e9matur\u00e9e des autres composants du syst\u00e8me.<\/p>\n<p data-start=\"887\" data-end=\"1042\">Chaque pi\u00e8ce que nous proposons est s\u00e9lectionn\u00e9e avec soin afin d\u2019assurer un fonctionnement fiable et durable dans des conditions d\u2019utilisation intensives.<\/p>\n<p data-start=\"1044\" data-end=\"1251\">Nous proposons <strong data-start=\"1059\" data-end=\"1115\">des produits de haute qualit\u00e9 \u00e0 des prix comp\u00e9titifs<\/strong>, accompagn\u00e9s d\u2019un service professionnel et d\u2019un conseil personnalis\u00e9 afin de vous aider \u00e0 identifier la pi\u00e8ce adapt\u00e9e \u00e0 votre v\u00e9hicule.<\/p>\n<p data-start=\"1253\" data-end=\"1365\"><strong data-start=\"1253\" data-end=\"1291\">Faites confiance \u00e0 Enrique Requena<\/strong> pour vos besoins en pi\u00e8ces de suspension et composants pour poids lourds.<\/p>\n<p data-start=\"1367\" data-end=\"1484\"><strong data-start=\"1367\" data-end=\"1408\">Passez votre commande d\u00e8s aujourd\u2019hui<\/strong> et assurez le bon fonctionnement de votre suspension avec une pi\u00e8ce fiable.<\/p>\n<h3 data-section-id=\"8be1w6\" data-start=\"1486\" data-end=\"1513\">Informations Techniques<\/h3>\n<p data-start=\"1515\" data-end=\"1721\">Recambio : <strong data-start=\"1526\" data-end=\"1567\">Soufflet \u00e0 air suspension pneumatique<\/strong><br data-start=\"1567\" data-end=\"1570\" \/>Marque : <strong data-start=\"1579\" data-end=\"1586\">BPW<\/strong><br data-start=\"1586\" data-end=\"1589\" \/>Mod\u00e8le : <strong data-start=\"1598\" data-end=\"1605\">36K<\/strong><br data-start=\"1605\" data-end=\"1608\" \/>Garantie : <strong data-start=\"1619\" data-end=\"1627\">1 an<\/strong><br data-start=\"1627\" data-end=\"1630\" \/>\u00c9tat : <strong data-start=\"1637\" data-end=\"1652\">Pi\u00e8ce neuve<\/strong><br data-start=\"1652\" data-end=\"1655\" \/>Qualit\u00e9 : <strong data-start=\"1665\" data-end=\"1680\">Aftermarket<\/strong><br data-start=\"1680\" data-end=\"1683\" \/>R\u00e9f\u00e9rences : <strong data-start=\"1696\" data-end=\"1721\">0542943410, 542943410<\/strong><\/p>\n<h3 data-section-id=\"1xxf4ds\" data-start=\"2048\" data-end=\"2055\">FAQ<\/h3>\n<h4 data-start=\"2057\" data-end=\"2123\">Comment v\u00e9rifier si ce soufflet correspond \u00e0 mon essieu BPW ?<\/h4>\n<p data-start=\"2125\" data-end=\"2278\">Vous pouvez nous envoyer la r\u00e9f\u00e9rence d\u2019origine, le num\u00e9ro de ch\u00e2ssis ou une photo du soufflet mont\u00e9. Nous v\u00e9rifions la compatibilit\u00e9 avant l\u2019exp\u00e9dition.<\/p>\n<h4 data-start=\"2280\" data-end=\"2310\">Le soufflet est-il neuf ?<\/h4>\n<p data-start=\"2312\" data-end=\"2417\">Oui, il s\u2019agit d\u2019une <strong data-start=\"2333\" data-end=\"2371\">pi\u00e8ce neuve de qualit\u00e9 aftermarket<\/strong>, pr\u00eate \u00e0 \u00eatre install\u00e9e sur votre suspension.<\/p>\n<h4 data-start=\"2419\" data-end=\"2468\">Exp\u00e9diez-vous les pi\u00e8ces \u00e0 l\u2019international ?<\/h4>\n<p data-start=\"2470\" data-end=\"2559\">Oui, nous proposons une livraison rapide dans le monde entier avec un emballage s\u00e9curis\u00e9.<\/p>\n<\/div>\n<\/div>\n<\/div>\n<\/div>\n<\/div>\n<\/div>\n<\/section>\n<\/div>\n<\/div>\n","protected":false},"excerpt":{"rendered":"<p>Soufflet \u00e0 air BPW 36K r\u00e9f\u00e9rence 0542943410.<br data-start=\"1791\" data-end=\"1794\" \/><strong data-start=\"1794\" data-end=\"1841\">Pi\u00e8ce neuve aftermarket avec garantie 1 an.<\/strong><br data-start=\"1841\" data-end=\"1844\" \/>Nous <strong data-start=\"1849\" data-end=\"1898\">v\u00e9rifions la compatibilit\u00e9 avant l\u2019exp\u00e9dition<\/strong> avec le VIN, la r\u00e9f\u00e9rence ou une photo de la pi\u00e8ce.<br data-start=\"1950\" data-end=\"1953\" \/>Livraison rapide dans le monde entier, <strong data-start=\"1992\" data-end=\"2045\">qualit\u00e9 et fiabilit\u00e9 au meilleur prix depuis 1950<\/strong>.<\/p>\n","protected":false},"featured_media":34190,"template":"","meta":[],"product_brand":[],"product_cat":[10054,138,216,9836],"product_tag":[],"class_list":{"0":"post-14466","1":"product","2":"type-product","3":"status-publish","4":"has-post-thumbnail","6":"product_cat-diapress-fr","7":"product_cat-pieces-rechange-camions","8":"product_cat-suspension-camion","9":"product_cat-pieces-de-rechange-suspension","10":"pa_tipo-camions-poids-lourds","12":"first","13":"instock","14":"taxable","15":"shipping-taxable","16":"purchasable","17":"product-type-simple"},"yoast_head":"<!-- This site is optimized with the Yoast SEO plugin v27.1.1 - https:\/\/yoast.com\/product\/yoast-seo-wordpress\/ -->\n<title>Soufflet \u00c0 Air BPW 36K 054294341<\/title>\n<meta name=\"description\" content=\"Soufflet \u00e0 air BPW 36K r\u00e9f\u00e9rence 0542943410. Pi\u00e8ce neuve aftermarket garantie 1 an. Livraison rapide.\" \/>\n<meta name=\"robots\" content=\"index, follow, max-snippet:-1, max-image-preview:large, max-video-preview:-1\" \/>\n<link rel=\"canonical\" href=\"https:\/\/www.enriquerequena.com\/fr\/tienda-online\/pieces-de-rechange-suspension\/diapress-fr\/soufflet-air-bpw-36k-0542943410\/\" \/>\n<meta property=\"og:locale\" content=\"fr_FR\" \/>\n<meta property=\"og:type\" content=\"article\" \/>\n<meta property=\"og:title\" content=\"Soufflet \u00c0 Air BPW 36K 054294341\" \/>\n<meta property=\"og:description\" content=\"Soufflet \u00e0 air BPW 36K r\u00e9f\u00e9rence 0542943410. Pi\u00e8ce neuve aftermarket garantie 1 an. Livraison rapide.\" \/>\n<meta property=\"og:url\" content=\"https:\/\/www.enriquerequena.com\/fr\/tienda-online\/pieces-de-rechange-suspension\/diapress-fr\/soufflet-air-bpw-36k-0542943410\/\" \/>\n<meta property=\"og:site_name\" content=\"ENRIQUE REQUENA\" \/>\n<meta property=\"og:image\" content=\"https:\/\/www.enriquerequena.com\/wp-content\/uploads\/2020\/10\/air_spring_800x800.jpg\" \/>\n\t<meta property=\"og:image:width\" content=\"800\" \/>\n\t<meta property=\"og:image:height\" content=\"800\" \/>\n\t<meta property=\"og:image:type\" content=\"image\/jpeg\" \/>\n<meta name=\"twitter:card\" content=\"summary_large_image\" \/>\n<meta name=\"twitter:label1\" content=\"Dur\u00e9e de lecture estim\u00e9e\" \/>\n\t<meta name=\"twitter:data1\" content=\"2 minutes\" \/>\n<script type=\"application\/ld+json\" class=\"yoast-schema-graph\">{\"@context\":\"https:\/\/schema.org\",\"@graph\":[{\"@type\":\"WebPage\",\"@id\":\"https:\/\/www.enriquerequena.com\/fr\/tienda-online\/pieces-de-rechange-suspension\/diapress-fr\/soufflet-air-bpw-36k-0542943410\/\",\"url\":\"https:\/\/www.enriquerequena.com\/fr\/tienda-online\/pieces-de-rechange-suspension\/diapress-fr\/soufflet-air-bpw-36k-0542943410\/\",\"name\":\"Soufflet \u00c0 Air BPW 36K 054294341\",\"isPartOf\":{\"@id\":\"https:\/\/www.enriquerequena.com\/fr\/#website\"},\"primaryImageOfPage\":{\"@id\":\"https:\/\/www.enriquerequena.com\/fr\/tienda-online\/pieces-de-rechange-suspension\/diapress-fr\/soufflet-air-bpw-36k-0542943410\/#primaryimage\"},\"image\":{\"@id\":\"https:\/\/www.enriquerequena.com\/fr\/tienda-online\/pieces-de-rechange-suspension\/diapress-fr\/soufflet-air-bpw-36k-0542943410\/#primaryimage\"},\"thumbnailUrl\":\"https:\/\/www.enriquerequena.com\/wp-content\/uploads\/2020\/10\/air_spring_800x800.jpg\",\"datePublished\":\"2026-04-01T08:00:50+00:00\",\"description\":\"Soufflet \u00e0 air BPW 36K r\u00e9f\u00e9rence 0542943410. Pi\u00e8ce neuve aftermarket garantie 1 an. Livraison rapide.\",\"breadcrumb\":{\"@id\":\"https:\/\/www.enriquerequena.com\/fr\/tienda-online\/pieces-de-rechange-suspension\/diapress-fr\/soufflet-air-bpw-36k-0542943410\/#breadcrumb\"},\"inLanguage\":\"fr-FR\",\"potentialAction\":[{\"@type\":\"ReadAction\",\"target\":[\"https:\/\/www.enriquerequena.com\/fr\/tienda-online\/pieces-de-rechange-suspension\/diapress-fr\/soufflet-air-bpw-36k-0542943410\/\"]}]},{\"@type\":\"ImageObject\",\"inLanguage\":\"fr-FR\",\"@id\":\"https:\/\/www.enriquerequena.com\/fr\/tienda-online\/pieces-de-rechange-suspension\/diapress-fr\/soufflet-air-bpw-36k-0542943410\/#primaryimage\",\"url\":\"https:\/\/www.enriquerequena.com\/wp-content\/uploads\/2020\/10\/air_spring_800x800.jpg\",\"contentUrl\":\"https:\/\/www.enriquerequena.com\/wp-content\/uploads\/2020\/10\/air_spring_800x800.jpg\",\"width\":800,\"height\":800,\"caption\":\"Soufflet \u00e0 air BPW 36K 0542943410\"},{\"@type\":\"WebSite\",\"@id\":\"https:\/\/www.enriquerequena.com\/fr\/#website\",\"url\":\"https:\/\/www.enriquerequena.com\/fr\/\",\"name\":\"ENRIQUE REQUENA\",\"description\":\"Sp\u00e9cialistes des transmissions cardan avec des exp\u00e9ditions dans le monde entier et des pi\u00e8ces d\u00e9tach\u00e9es pour voitures, camions et accessoires \u00e0 Valence, en Espagne. Avec vous depuis 1950!\",\"publisher\":{\"@id\":\"https:\/\/www.enriquerequena.com\/fr\/#organization\"},\"potentialAction\":[{\"@type\":\"SearchAction\",\"target\":{\"@type\":\"EntryPoint\",\"urlTemplate\":\"https:\/\/www.enriquerequena.com\/fr\/?s={search_term_string}\"},\"query-input\":{\"@type\":\"PropertyValueSpecification\",\"valueRequired\":true,\"valueName\":\"search_term_string\"}}],\"inLanguage\":\"fr-FR\"},{\"@type\":\"Organization\",\"@id\":\"https:\/\/www.enriquerequena.com\/fr\/#organization\",\"name\":\"Enrique Requena S.L.\",\"url\":\"https:\/\/www.enriquerequena.com\/fr\/\",\"logo\":{\"@type\":\"ImageObject\",\"inLanguage\":\"fr-FR\",\"@id\":\"https:\/\/www.enriquerequena.com\/fr\/#\/schema\/logo\/image\/\",\"url\":\"https:\/\/www.enriquerequena.com\/wp-content\/uploads\/2019\/11\/enrique-requena-recambios-logotipo.jpg\",\"contentUrl\":\"https:\/\/www.enriquerequena.com\/wp-content\/uploads\/2019\/11\/enrique-requena-recambios-logotipo.jpg\",\"width\":381,\"height\":75,\"caption\":\"Enrique Requena S.L.\"},\"image\":{\"@id\":\"https:\/\/www.enriquerequena.com\/fr\/#\/schema\/logo\/image\/\"}}]}<\/script>\n<!-- \/ Yoast SEO plugin. -->","yoast_head_json":{"title":"Soufflet \u00c0 Air BPW 36K 054294341","description":"Soufflet \u00e0 air BPW 36K r\u00e9f\u00e9rence 0542943410. Pi\u00e8ce neuve aftermarket garantie 1 an. Livraison rapide.","robots":{"index":"index","follow":"follow","max-snippet":"max-snippet:-1","max-image-preview":"max-image-preview:large","max-video-preview":"max-video-preview:-1"},"canonical":"https:\/\/www.enriquerequena.com\/fr\/tienda-online\/pieces-de-rechange-suspension\/diapress-fr\/soufflet-air-bpw-36k-0542943410\/","og_locale":"fr_FR","og_type":"article","og_title":"Soufflet \u00c0 Air BPW 36K 054294341","og_description":"Soufflet \u00e0 air BPW 36K r\u00e9f\u00e9rence 0542943410. Pi\u00e8ce neuve aftermarket garantie 1 an. Livraison rapide.","og_url":"https:\/\/www.enriquerequena.com\/fr\/tienda-online\/pieces-de-rechange-suspension\/diapress-fr\/soufflet-air-bpw-36k-0542943410\/","og_site_name":"ENRIQUE REQUENA","og_image":[{"width":800,"height":800,"url":"https:\/\/www.enriquerequena.com\/wp-content\/uploads\/2020\/10\/air_spring_800x800.jpg","type":"image\/jpeg"}],"twitter_card":"summary_large_image","twitter_misc":{"Dur\u00e9e de lecture estim\u00e9e":"2 minutes"},"schema":{"@context":"https:\/\/schema.org","@graph":[{"@type":"WebPage","@id":"https:\/\/www.enriquerequena.com\/fr\/tienda-online\/pieces-de-rechange-suspension\/diapress-fr\/soufflet-air-bpw-36k-0542943410\/","url":"https:\/\/www.enriquerequena.com\/fr\/tienda-online\/pieces-de-rechange-suspension\/diapress-fr\/soufflet-air-bpw-36k-0542943410\/","name":"Soufflet \u00c0 Air BPW 36K 054294341","isPartOf":{"@id":"https:\/\/www.enriquerequena.com\/fr\/#website"},"primaryImageOfPage":{"@id":"https:\/\/www.enriquerequena.com\/fr\/tienda-online\/pieces-de-rechange-suspension\/diapress-fr\/soufflet-air-bpw-36k-0542943410\/#primaryimage"},"image":{"@id":"https:\/\/www.enriquerequena.com\/fr\/tienda-online\/pieces-de-rechange-suspension\/diapress-fr\/soufflet-air-bpw-36k-0542943410\/#primaryimage"},"thumbnailUrl":"https:\/\/www.enriquerequena.com\/wp-content\/uploads\/2020\/10\/air_spring_800x800.jpg","datePublished":"2026-04-01T08:00:50+00:00","description":"Soufflet \u00e0 air BPW 36K r\u00e9f\u00e9rence 0542943410. Pi\u00e8ce neuve aftermarket garantie 1 an. Livraison rapide.","breadcrumb":{"@id":"https:\/\/www.enriquerequena.com\/fr\/tienda-online\/pieces-de-rechange-suspension\/diapress-fr\/soufflet-air-bpw-36k-0542943410\/#breadcrumb"},"inLanguage":"fr-FR","potentialAction":[{"@type":"ReadAction","target":["https:\/\/www.enriquerequena.com\/fr\/tienda-online\/pieces-de-rechange-suspension\/diapress-fr\/soufflet-air-bpw-36k-0542943410\/"]}]},{"@type":"ImageObject","inLanguage":"fr-FR","@id":"https:\/\/www.enriquerequena.com\/fr\/tienda-online\/pieces-de-rechange-suspension\/diapress-fr\/soufflet-air-bpw-36k-0542943410\/#primaryimage","url":"https:\/\/www.enriquerequena.com\/wp-content\/uploads\/2020\/10\/air_spring_800x800.jpg","contentUrl":"https:\/\/www.enriquerequena.com\/wp-content\/uploads\/2020\/10\/air_spring_800x800.jpg","width":800,"height":800,"caption":"Soufflet \u00e0 air BPW 36K 0542943410"},{"@type":"WebSite","@id":"https:\/\/www.enriquerequena.com\/fr\/#website","url":"https:\/\/www.enriquerequena.com\/fr\/","name":"ENRIQUE REQUENA","description":"Sp\u00e9cialistes des transmissions cardan avec des exp\u00e9ditions dans le monde entier et des pi\u00e8ces d\u00e9tach\u00e9es pour voitures, camions et accessoires \u00e0 Valence, en Espagne. Avec vous depuis 1950!","publisher":{"@id":"https:\/\/www.enriquerequena.com\/fr\/#organization"},"potentialAction":[{"@type":"SearchAction","target":{"@type":"EntryPoint","urlTemplate":"https:\/\/www.enriquerequena.com\/fr\/?s={search_term_string}"},"query-input":{"@type":"PropertyValueSpecification","valueRequired":true,"valueName":"search_term_string"}}],"inLanguage":"fr-FR"},{"@type":"Organization","@id":"https:\/\/www.enriquerequena.com\/fr\/#organization","name":"Enrique Requena S.L.","url":"https:\/\/www.enriquerequena.com\/fr\/","logo":{"@type":"ImageObject","inLanguage":"fr-FR","@id":"https:\/\/www.enriquerequena.com\/fr\/#\/schema\/logo\/image\/","url":"https:\/\/www.enriquerequena.com\/wp-content\/uploads\/2019\/11\/enrique-requena-recambios-logotipo.jpg","contentUrl":"https:\/\/www.enriquerequena.com\/wp-content\/uploads\/2019\/11\/enrique-requena-recambios-logotipo.jpg","width":381,"height":75,"caption":"Enrique Requena S.L."},"image":{"@id":"https:\/\/www.enriquerequena.com\/fr\/#\/schema\/logo\/image\/"}}]}},"_links":{"self":[{"href":"https:\/\/www.enriquerequena.com\/fr\/wp-json\/wp\/v2\/product\/14466","targetHints":{"allow":["GET"]}}],"collection":[{"href":"https:\/\/www.enriquerequena.com\/fr\/wp-json\/wp\/v2\/product"}],"about":[{"href":"https:\/\/www.enriquerequena.com\/fr\/wp-json\/wp\/v2\/types\/product"}],"wp:featuredmedia":[{"embeddable":true,"href":"https:\/\/www.enriquerequena.com\/fr\/wp-json\/wp\/v2\/media\/34190"}],"wp:attachment":[{"href":"https:\/\/www.enriquerequena.com\/fr\/wp-json\/wp\/v2\/media?parent=14466"}],"wp:term":[{"taxonomy":"product_brand","embeddable":true,"href":"https:\/\/www.enriquerequena.com\/fr\/wp-json\/wp\/v2\/product_brand?post=14466"},{"taxonomy":"product_cat","embeddable":true,"href":"https:\/\/www.enriquerequena.com\/fr\/wp-json\/wp\/v2\/product_cat?post=14466"},{"taxonomy":"product_tag","embeddable":true,"href":"https:\/\/www.enriquerequena.com\/fr\/wp-json\/wp\/v2\/product_tag?post=14466"}],"curies":[{"name":"wp","href":"https:\/\/api.w.org\/{rel}","templated":true}]}}