{"id":15417,"date":"2020-11-05T09:16:05","date_gmt":"2020-11-05T08:16:06","guid":{"rendered":"https:\/\/www.enriquerequena.com\/?post_type=product&#038;p=15417"},"modified":"2023-02-07T16:36:05","modified_gmt":"2023-02-07T15:36:05","slug":"arbre-de-transmission-porsche-cayenne-95542102002-95542102003","status":"publish","type":"product","link":"https:\/\/www.enriquerequena.com\/fr\/tienda-online\/arbre-transmission-cardan\/arbre-transmission-cardan-4x4\/arbre-de-transmission-porsche-cayenne-95542102002-95542102003\/","title":{"rendered":"Arbre de transmission Porsche Cayenne 95542102002 95542102003"},"content":{"rendered":"<p>Arbre de transmission pour Porsche Cayenne avec r\u00e9f\u00e9rences 95542102002, 95542102003. est une transmission <strong>neuve et original marque Gkn<\/strong>\u00a0avec <strong>une garantie d&rsquo;un an<\/strong>. C&rsquo;est le choix le plus \u00e9conomique<\/p>\n<p>Nos transmissions pour Porsche Cayenne sont d&rsquo;origine, \u00e0 moiti\u00e9 prix parce que nous sommes distribuiteurs de transmissions GKN, premier fabricant de ce composant en premi\u00e8re \u00e9quipe, c&rsquo;est pour cette raison que nous avons les m\u00eames arbres \u00e1 cardan d&rsquo;origine aux meilleurs prix du march\u00e9.<\/p>\n<p>95542102002, 95542102003, est disponible pour Porsche Cayenne. Nous vendons des pi\u00e8ces d\u00e9tach\u00e9es ou pi\u00e8ces de rechange pour v\u00e9hicules 4&#215;4 \u00e0 Valence depuis 1950 et nous vendons aussi en ligne dans le monde entier.<\/p>\n<p>N\u00b4h\u00e9sitez pas \u00e0 nous consulter pour d\u00b4autres mod\u00e8les de transmission\u00a0 de tout type de v\u00e9hicule. Nous avons une exp\u00e9rience de 70ans dans le commerce de transmissions \u00e0 cardan et connaissons tr\u00e8s bien le sujet.<\/p>\n<ul>\n<li>\n<h6><span class=\"lf\">C\u00f4t\u00e9 d&rsquo;assemblage: <\/span><span class=\"rg\">avant<\/span><\/h6>\n<\/li>\n<li>\n<h6><span class=\"lf\">\u00e0 plusieurs pi\u00e8ces: <\/span><span class=\"rg\">\u00e0 une seule pi\u00e8ce<\/span><\/h6>\n<\/li>\n<li>\n<h6><span class=\"lf\">Cercle de percage -\u00d8 1 [mm]: <\/span><span class=\"rg\">86,00<\/span><\/h6>\n<\/li>\n<li>\n<h6><span class=\"lf\">Al\u00e9sage-\u00d8 1 [mm]: <\/span><span class=\"rg\">10,20<\/span><\/h6>\n<\/li>\n<li>\n<h6><span class=\"lf\">Nombre de trous 1: <\/span><span class=\"rg\">6<\/span><\/h6>\n<\/li>\n<li>\n<h6><span class=\"lf\">Cercle de percage -\u00d8 2 [mm]: <\/span><span class=\"rg\">86,00<\/span><\/h6>\n<\/li>\n<li>\n<h6><span class=\"lf\">Al\u00e9sage-\u00d8 2 [mm]: <\/span><span class=\"rg\">10,20<\/span><\/h6>\n<\/li>\n<li>\n<h6><span class=\"lf\">Nombre de trous 2: <\/span><span class=\"rg\">6<\/span><\/h6>\n<\/li>\n<li>\n<h6><span class=\"lf\">Diam\u00e8tre ext\u00e9rieur 2 [mm]: <\/span><span class=\"rg\">99,47<\/span><\/h6>\n<\/li>\n<li>\n<h6><span class=\"lf\">Pi\u00e8ce neuve<\/span><\/h6>\n<\/li>\n<li>\n<h6><span class=\"lf\">Diam\u00e8tre [mm]: <\/span><span class=\"rg\">99,47<\/span><\/h6>\n<\/li>\n<li>\n<h6>R\u00e9f\u00e9rences: 95542102000, 95542102001, 95542102002, 95542102003<\/h6>\n<\/li>\n<li>\n<h6><span class=\"lc\">L&rsquo;\u00e9tat \u00a0<\/span><span class=\"rc\">Neuf<\/span><\/h6>\n<\/li>\n<\/ul>\n","protected":false},"excerpt":{"rendered":"<p>Arbre de transmission pour Porsche Cayenne avec r\u00e9f\u00e9rences 95542102002 95542102003 est une transmission de Porsche <strong>GKN, neuve et original<\/strong> avec <strong>une garantie d&rsquo;un an<\/strong>. C&rsquo;est le choix le plus \u00e9conomique<\/p>\n","protected":false},"featured_media":15409,"template":"","meta":[],"product_brand":[],"product_cat":[144,156],"product_tag":[],"class_list":{"0":"post-15417","1":"product","2":"type-product","3":"status-publish","4":"has-post-thumbnail","6":"product_cat-arbre-transmission-cardan","7":"product_cat-arbre-transmission-cardan-4x4","8":"pa_manufacturer-porsche","9":"pa_tipo-4x4","11":"first","12":"instock","13":"taxable","14":"shipping-taxable","15":"purchasable","16":"product-type-simple"},"yoast_head":"<!-- This site is optimized with the Yoast SEO plugin v27.1.1 - https:\/\/yoast.com\/product\/yoast-seo-wordpress\/ -->\n<title>Arbre de transmission Porsche Cayenne 95542102002 95542102003<\/title>\n<meta name=\"description\" content=\"Arbre de transmission \u00e0 cardan Arbre de transmission Porsche Cayenne 95542102002 95542102003 origine pour Porsche Cayenne au meilleur prix\" \/>\n<meta name=\"robots\" content=\"index, follow, max-snippet:-1, max-image-preview:large, max-video-preview:-1\" \/>\n<link rel=\"canonical\" href=\"https:\/\/www.enriquerequena.com\/fr\/tienda-online\/arbre-transmission-cardan\/arbre-transmission-cardan-4x4\/arbre-de-transmission-porsche-cayenne-95542102002-95542102003\/\" \/>\n<meta property=\"og:locale\" content=\"fr_FR\" \/>\n<meta property=\"og:type\" content=\"article\" \/>\n<meta property=\"og:title\" content=\"Arbre de transmission Porsche Cayenne 95542102002 95542102003\" \/>\n<meta property=\"og:description\" content=\"Arbre de transmission \u00e0 cardan Arbre de transmission Porsche Cayenne 95542102002 95542102003 origine pour Porsche Cayenne au meilleur prix\" \/>\n<meta property=\"og:url\" content=\"https:\/\/www.enriquerequena.com\/fr\/tienda-online\/arbre-transmission-cardan\/arbre-transmission-cardan-4x4\/arbre-de-transmission-porsche-cayenne-95542102002-95542102003\/\" \/>\n<meta property=\"og:site_name\" content=\"ENRIQUE REQUENA\" \/>\n<meta property=\"article:modified_time\" content=\"2023-02-07T15:36:05+00:00\" \/>\n<meta property=\"og:image\" content=\"https:\/\/www.enriquerequena.com\/wp-content\/uploads\/2020\/11\/CAYENNEDELANTERA.jpg\" \/>\n\t<meta property=\"og:image:width\" content=\"800\" \/>\n\t<meta property=\"og:image:height\" content=\"800\" \/>\n\t<meta property=\"og:image:type\" content=\"image\/jpeg\" \/>\n<meta name=\"twitter:card\" content=\"summary_large_image\" \/>\n<meta name=\"twitter:label1\" content=\"Dur\u00e9e de lecture estim\u00e9e\" \/>\n\t<meta name=\"twitter:data1\" content=\"1 minute\" \/>\n<script type=\"application\/ld+json\" class=\"yoast-schema-graph\">{\"@context\":\"https:\/\/schema.org\",\"@graph\":[{\"@type\":\"WebPage\",\"@id\":\"https:\/\/www.enriquerequena.com\/fr\/tienda-online\/arbre-transmission-cardan\/arbre-transmission-cardan-4x4\/arbre-de-transmission-porsche-cayenne-95542102002-95542102003\/\",\"url\":\"https:\/\/www.enriquerequena.com\/fr\/tienda-online\/arbre-transmission-cardan\/arbre-transmission-cardan-4x4\/arbre-de-transmission-porsche-cayenne-95542102002-95542102003\/\",\"name\":\"Arbre de transmission Porsche Cayenne 95542102002 95542102003\",\"isPartOf\":{\"@id\":\"https:\/\/www.enriquerequena.com\/fr\/#website\"},\"primaryImageOfPage\":{\"@id\":\"https:\/\/www.enriquerequena.com\/fr\/tienda-online\/arbre-transmission-cardan\/arbre-transmission-cardan-4x4\/arbre-de-transmission-porsche-cayenne-95542102002-95542102003\/#primaryimage\"},\"image\":{\"@id\":\"https:\/\/www.enriquerequena.com\/fr\/tienda-online\/arbre-transmission-cardan\/arbre-transmission-cardan-4x4\/arbre-de-transmission-porsche-cayenne-95542102002-95542102003\/#primaryimage\"},\"thumbnailUrl\":\"https:\/\/www.enriquerequena.com\/wp-content\/uploads\/2020\/11\/CAYENNEDELANTERA.jpg\",\"datePublished\":\"2020-11-05T08:16:06+00:00\",\"dateModified\":\"2023-02-07T15:36:05+00:00\",\"description\":\"Arbre de transmission \u00e0 cardan Arbre de transmission Porsche Cayenne 95542102002 95542102003 origine pour Porsche Cayenne au meilleur prix\",\"breadcrumb\":{\"@id\":\"https:\/\/www.enriquerequena.com\/fr\/tienda-online\/arbre-transmission-cardan\/arbre-transmission-cardan-4x4\/arbre-de-transmission-porsche-cayenne-95542102002-95542102003\/#breadcrumb\"},\"inLanguage\":\"fr-FR\",\"potentialAction\":[{\"@type\":\"ReadAction\",\"target\":[\"https:\/\/www.enriquerequena.com\/fr\/tienda-online\/arbre-transmission-cardan\/arbre-transmission-cardan-4x4\/arbre-de-transmission-porsche-cayenne-95542102002-95542102003\/\"]}]},{\"@type\":\"ImageObject\",\"inLanguage\":\"fr-FR\",\"@id\":\"https:\/\/www.enriquerequena.com\/fr\/tienda-online\/arbre-transmission-cardan\/arbre-transmission-cardan-4x4\/arbre-de-transmission-porsche-cayenne-95542102002-95542102003\/#primaryimage\",\"url\":\"https:\/\/www.enriquerequena.com\/wp-content\/uploads\/2020\/11\/CAYENNEDELANTERA.jpg\",\"contentUrl\":\"https:\/\/www.enriquerequena.com\/wp-content\/uploads\/2020\/11\/CAYENNEDELANTERA.jpg\",\"width\":800,\"height\":800,\"caption\":\"Arbre de transmission Volkswagen Touareg 7L0521101 7L0521101A\"},{\"@type\":\"WebSite\",\"@id\":\"https:\/\/www.enriquerequena.com\/fr\/#website\",\"url\":\"https:\/\/www.enriquerequena.com\/fr\/\",\"name\":\"ENRIQUE REQUENA\",\"description\":\"Sp\u00e9cialistes des transmissions cardan avec des exp\u00e9ditions dans le monde entier et des pi\u00e8ces d\u00e9tach\u00e9es pour voitures, camions et accessoires \u00e0 Valence, en Espagne. Avec vous depuis 1950!\",\"publisher\":{\"@id\":\"https:\/\/www.enriquerequena.com\/fr\/#organization\"},\"potentialAction\":[{\"@type\":\"SearchAction\",\"target\":{\"@type\":\"EntryPoint\",\"urlTemplate\":\"https:\/\/www.enriquerequena.com\/fr\/?s={search_term_string}\"},\"query-input\":{\"@type\":\"PropertyValueSpecification\",\"valueRequired\":true,\"valueName\":\"search_term_string\"}}],\"inLanguage\":\"fr-FR\"},{\"@type\":\"Organization\",\"@id\":\"https:\/\/www.enriquerequena.com\/fr\/#organization\",\"name\":\"Enrique Requena S.L.\",\"url\":\"https:\/\/www.enriquerequena.com\/fr\/\",\"logo\":{\"@type\":\"ImageObject\",\"inLanguage\":\"fr-FR\",\"@id\":\"https:\/\/www.enriquerequena.com\/fr\/#\/schema\/logo\/image\/\",\"url\":\"https:\/\/www.enriquerequena.com\/wp-content\/uploads\/2019\/11\/enrique-requena-recambios-logotipo.jpg\",\"contentUrl\":\"https:\/\/www.enriquerequena.com\/wp-content\/uploads\/2019\/11\/enrique-requena-recambios-logotipo.jpg\",\"width\":381,\"height\":75,\"caption\":\"Enrique Requena S.L.\"},\"image\":{\"@id\":\"https:\/\/www.enriquerequena.com\/fr\/#\/schema\/logo\/image\/\"}}]}<\/script>\n<!-- \/ Yoast SEO plugin. -->","yoast_head_json":{"title":"Arbre de transmission Porsche Cayenne 95542102002 95542102003","description":"Arbre de transmission \u00e0 cardan Arbre de transmission Porsche Cayenne 95542102002 95542102003 origine pour Porsche Cayenne au meilleur prix","robots":{"index":"index","follow":"follow","max-snippet":"max-snippet:-1","max-image-preview":"max-image-preview:large","max-video-preview":"max-video-preview:-1"},"canonical":"https:\/\/www.enriquerequena.com\/fr\/tienda-online\/arbre-transmission-cardan\/arbre-transmission-cardan-4x4\/arbre-de-transmission-porsche-cayenne-95542102002-95542102003\/","og_locale":"fr_FR","og_type":"article","og_title":"Arbre de transmission Porsche Cayenne 95542102002 95542102003","og_description":"Arbre de transmission \u00e0 cardan Arbre de transmission Porsche Cayenne 95542102002 95542102003 origine pour Porsche Cayenne au meilleur prix","og_url":"https:\/\/www.enriquerequena.com\/fr\/tienda-online\/arbre-transmission-cardan\/arbre-transmission-cardan-4x4\/arbre-de-transmission-porsche-cayenne-95542102002-95542102003\/","og_site_name":"ENRIQUE REQUENA","article_modified_time":"2023-02-07T15:36:05+00:00","og_image":[{"width":800,"height":800,"url":"https:\/\/www.enriquerequena.com\/wp-content\/uploads\/2020\/11\/CAYENNEDELANTERA.jpg","type":"image\/jpeg"}],"twitter_card":"summary_large_image","twitter_misc":{"Dur\u00e9e de lecture estim\u00e9e":"1 minute"},"schema":{"@context":"https:\/\/schema.org","@graph":[{"@type":"WebPage","@id":"https:\/\/www.enriquerequena.com\/fr\/tienda-online\/arbre-transmission-cardan\/arbre-transmission-cardan-4x4\/arbre-de-transmission-porsche-cayenne-95542102002-95542102003\/","url":"https:\/\/www.enriquerequena.com\/fr\/tienda-online\/arbre-transmission-cardan\/arbre-transmission-cardan-4x4\/arbre-de-transmission-porsche-cayenne-95542102002-95542102003\/","name":"Arbre de transmission Porsche Cayenne 95542102002 95542102003","isPartOf":{"@id":"https:\/\/www.enriquerequena.com\/fr\/#website"},"primaryImageOfPage":{"@id":"https:\/\/www.enriquerequena.com\/fr\/tienda-online\/arbre-transmission-cardan\/arbre-transmission-cardan-4x4\/arbre-de-transmission-porsche-cayenne-95542102002-95542102003\/#primaryimage"},"image":{"@id":"https:\/\/www.enriquerequena.com\/fr\/tienda-online\/arbre-transmission-cardan\/arbre-transmission-cardan-4x4\/arbre-de-transmission-porsche-cayenne-95542102002-95542102003\/#primaryimage"},"thumbnailUrl":"https:\/\/www.enriquerequena.com\/wp-content\/uploads\/2020\/11\/CAYENNEDELANTERA.jpg","datePublished":"2020-11-05T08:16:06+00:00","dateModified":"2023-02-07T15:36:05+00:00","description":"Arbre de transmission \u00e0 cardan Arbre de transmission Porsche Cayenne 95542102002 95542102003 origine pour Porsche Cayenne au meilleur prix","breadcrumb":{"@id":"https:\/\/www.enriquerequena.com\/fr\/tienda-online\/arbre-transmission-cardan\/arbre-transmission-cardan-4x4\/arbre-de-transmission-porsche-cayenne-95542102002-95542102003\/#breadcrumb"},"inLanguage":"fr-FR","potentialAction":[{"@type":"ReadAction","target":["https:\/\/www.enriquerequena.com\/fr\/tienda-online\/arbre-transmission-cardan\/arbre-transmission-cardan-4x4\/arbre-de-transmission-porsche-cayenne-95542102002-95542102003\/"]}]},{"@type":"ImageObject","inLanguage":"fr-FR","@id":"https:\/\/www.enriquerequena.com\/fr\/tienda-online\/arbre-transmission-cardan\/arbre-transmission-cardan-4x4\/arbre-de-transmission-porsche-cayenne-95542102002-95542102003\/#primaryimage","url":"https:\/\/www.enriquerequena.com\/wp-content\/uploads\/2020\/11\/CAYENNEDELANTERA.jpg","contentUrl":"https:\/\/www.enriquerequena.com\/wp-content\/uploads\/2020\/11\/CAYENNEDELANTERA.jpg","width":800,"height":800,"caption":"Arbre de transmission Volkswagen Touareg 7L0521101 7L0521101A"},{"@type":"WebSite","@id":"https:\/\/www.enriquerequena.com\/fr\/#website","url":"https:\/\/www.enriquerequena.com\/fr\/","name":"ENRIQUE REQUENA","description":"Sp\u00e9cialistes des transmissions cardan avec des exp\u00e9ditions dans le monde entier et des pi\u00e8ces d\u00e9tach\u00e9es pour voitures, camions et accessoires \u00e0 Valence, en Espagne. Avec vous depuis 1950!","publisher":{"@id":"https:\/\/www.enriquerequena.com\/fr\/#organization"},"potentialAction":[{"@type":"SearchAction","target":{"@type":"EntryPoint","urlTemplate":"https:\/\/www.enriquerequena.com\/fr\/?s={search_term_string}"},"query-input":{"@type":"PropertyValueSpecification","valueRequired":true,"valueName":"search_term_string"}}],"inLanguage":"fr-FR"},{"@type":"Organization","@id":"https:\/\/www.enriquerequena.com\/fr\/#organization","name":"Enrique Requena S.L.","url":"https:\/\/www.enriquerequena.com\/fr\/","logo":{"@type":"ImageObject","inLanguage":"fr-FR","@id":"https:\/\/www.enriquerequena.com\/fr\/#\/schema\/logo\/image\/","url":"https:\/\/www.enriquerequena.com\/wp-content\/uploads\/2019\/11\/enrique-requena-recambios-logotipo.jpg","contentUrl":"https:\/\/www.enriquerequena.com\/wp-content\/uploads\/2019\/11\/enrique-requena-recambios-logotipo.jpg","width":381,"height":75,"caption":"Enrique Requena S.L."},"image":{"@id":"https:\/\/www.enriquerequena.com\/fr\/#\/schema\/logo\/image\/"}}]}},"_links":{"self":[{"href":"https:\/\/www.enriquerequena.com\/fr\/wp-json\/wp\/v2\/product\/15417","targetHints":{"allow":["GET"]}}],"collection":[{"href":"https:\/\/www.enriquerequena.com\/fr\/wp-json\/wp\/v2\/product"}],"about":[{"href":"https:\/\/www.enriquerequena.com\/fr\/wp-json\/wp\/v2\/types\/product"}],"wp:featuredmedia":[{"embeddable":true,"href":"https:\/\/www.enriquerequena.com\/fr\/wp-json\/wp\/v2\/media\/15409"}],"wp:attachment":[{"href":"https:\/\/www.enriquerequena.com\/fr\/wp-json\/wp\/v2\/media?parent=15417"}],"wp:term":[{"taxonomy":"product_brand","embeddable":true,"href":"https:\/\/www.enriquerequena.com\/fr\/wp-json\/wp\/v2\/product_brand?post=15417"},{"taxonomy":"product_cat","embeddable":true,"href":"https:\/\/www.enriquerequena.com\/fr\/wp-json\/wp\/v2\/product_cat?post=15417"},{"taxonomy":"product_tag","embeddable":true,"href":"https:\/\/www.enriquerequena.com\/fr\/wp-json\/wp\/v2\/product_tag?post=15417"}],"curies":[{"name":"wp","href":"https:\/\/api.w.org\/{rel}","templated":true}]}}