{"id":16565,"date":"2016-09-14T18:50:09","date_gmt":"2021-04-19T09:38:09","guid":{"rendered":"https:\/\/www.enriquerequena.com\/?post_type=product&#038;p=16565"},"modified":"2025-08-06T09:47:49","modified_gmt":"2025-08-06T07:47:49","slug":"huile-pour-moteur-valvoline-5w30-c3-5-litres-max-life","status":"publish","type":"product","link":"https:\/\/www.enriquerequena.com\/fr\/tienda-online\/huiles-additifs-moteur\/lubrifiants-voitures\/huile-pour-moteur-valvoline-5w30-c3-5-litres-max-life\/","title":{"rendered":"Huile pour moteur Valvoline 5w30 C3 5 Litres Max Life"},"content":{"rendered":"<p style=\"text-align: justify;\"><span style=\"color: #3366ff;\">Huile pour moteur Valvoline 5w30 C3 5 Litres Max LifeValvoline max life 5w30 C3 est un produit sp\u00e9cial pour \u00e9conomiser la consommation sp\u00e9cialement formul\u00e9 pour les moteurs \u00e0 kilom\u00e9trage \u00e9lev\u00e9.<\/span><\/p>\n<p style=\"text-align: justify;\"><span style=\"color: #3366ff;\">&#8211; R\u00e9duit les fuites d&rsquo;huile. Ses conditionneurs exceptionnels contribuent \u00e0 am\u00e9liorer l&rsquo;\u00e9lasticit\u00e9 des joints, r\u00e9duisant ainsi les fuites d&rsquo;huile, leur consommation et la formation de d\u00e9p\u00f4ts.<\/span><br \/>\n<span style=\"color: #3366ff;\">&#8211; Moins de consommation d&rsquo;huile. Avec des additifs avanc\u00e9s qui minimisent la d\u00e9composition et la combustion de l&rsquo;huile.<\/span><br \/>\n<span style=\"color: #3366ff;\">&#8211; R\u00e9duction d&rsquo;usure exceptionnelle. Ses incroyables agents modifiant la friction et ses additifs anti-usure aident \u00e0 pr\u00e9venir la d\u00e9t\u00e9rioration et les pannes futures des composants.<\/span><br \/>\n<span style=\"color: #3366ff;\">&#8211; r\u00e9duction de l&rsquo;oxydation. Avec des d\u00e9tergents et des dispersants suppl\u00e9mentaires qui emp\u00eachent la formation de d\u00e9p\u00f4ts nocifs de vernis et de boues qui provoquent l\u2019\u00e9paississement de l\u2019huile.<\/span><br \/>\n<span style=\"color: #3366ff;\">&#8211; Elue meilleur produit de l&rsquo;ann\u00e9e par Lubricant&rsquo;s World, l&rsquo;huile moteur MaxLife est soutenue par le principal organisme de certification ind\u00e9pendant europ\u00e9en: TUV WORLD.<\/span><br \/>\n<span style=\"color: #3366ff;\">Caract\u00e9ristiques:<\/span><br \/>\n<span style=\"color: #3366ff;\">&#8211; Huile formul\u00e9e pour les moteurs EURO 3 et EURO 4 \u00e9quip\u00e9s des technologies DPF et TWC.<\/span><br \/>\n<span style=\"color: #3366ff;\">&#8211; Convient aux moteurs CDI dot\u00e9s de syst\u00e8mes EGR et DPF avec des intervalles de changement longs allant jusqu&rsquo;\u00e0 30000 km.<\/span><br \/>\n<span style=\"color: #3366ff;\">&#8211; Peut \u00eatre utilis\u00e9 dans les moteurs diesel et \u00e0 essence SAUF LES MOTEURS DIESEL GM DURAMAX EXIGEANT UNE HUILE API CJ-4.<\/span><br \/>\n<span style=\"color: #3366ff;\">Sp\u00e9cifications techniques:<\/span><br \/>\n<span style=\"color: #3366ff;\">&#8211; ACEA: &#8211; C3 &#8211; A3 \/ B3 \/ B4 SAUF LORS DE L&rsquo;UTILISATION DU CARBURANT DIESEL CONTENANT PLUS DE 0,5% DE SOUFRE.<\/span><\/p>\n<p style=\"text-align: justify;\"><span style=\"color: #3366ff;\">&#8211; API: SN\/CF<\/span><\/p>\n<p style=\"text-align: justify;\"><span style=\"color: #3366ff;\">&#8211; MB 229.51, MB 229.31<\/span><\/p>\n<p><span style=\"color: #3366ff;\">&#8211; VW 50200 O 50500<\/span><\/p>\n<p><span style=\"color: #3366ff;\">&#8211; GM DEXOS 2<br \/>\n<\/span><\/p>\n","protected":false},"excerpt":{"rendered":"<p>Valvoline Max Life 5W30 C3 est un produit sp\u00e9cial ANTI-CONSOMMATION. Enti\u00e8rement synth\u00e9tique et de haute qualit\u00e9, il poss\u00e8de une formulation unique con\u00e7ue pour prolonger la dur\u00e9e de vie du moteur.<\/p>\n","protected":false},"featured_media":16566,"template":"","meta":[],"product_brand":[9762],"product_cat":[147,174,198],"product_tag":[],"class_list":{"0":"post-16565","1":"product","2":"type-product","3":"status-publish","4":"has-post-thumbnail","6":"product_brand-valvoline","7":"product_cat-huiles-additifs-moteur","8":"product_cat-lubrifiants-voitures","9":"product_cat-moteur-voiture","11":"first","12":"instock","13":"taxable","14":"shipping-taxable","15":"purchasable","16":"product-type-simple"},"yoast_head":"<!-- This site is optimized with the Yoast SEO plugin v27.5 - https:\/\/yoast.com\/product\/yoast-seo-wordpress\/ -->\n<title>Huile pour moteur Valvoline 5w30 C3 5 Litres Max Life - ENRIQUE REQUENA<\/title>\n<meta name=\"description\" content=\"Vous pouvez acheter d huile pour moteur Valvoline 5w30 C3 5 Litres Max Life en ligne ici. Le meilleur prix pour les produits de vos v\u00e9hicules.\" \/>\n<meta name=\"robots\" content=\"index, follow, max-snippet:-1, max-image-preview:large, max-video-preview:-1\" \/>\n<link rel=\"canonical\" href=\"https:\/\/www.enriquerequena.com\/fr\/tienda-online\/huiles-additifs-moteur\/lubrifiants-voitures\/huile-pour-moteur-valvoline-5w30-c3-5-litres-max-life\/\" \/>\n<meta property=\"og:locale\" content=\"fr_FR\" \/>\n<meta property=\"og:type\" content=\"article\" \/>\n<meta property=\"og:title\" content=\"Huile pour moteur Valvoline 5w30 C3 5 Litres Max Life - ENRIQUE REQUENA\" \/>\n<meta property=\"og:description\" content=\"Vous pouvez acheter d huile pour moteur Valvoline 5w30 C3 5 Litres Max Life en ligne ici. Le meilleur prix pour les produits de vos v\u00e9hicules.\" \/>\n<meta property=\"og:url\" content=\"https:\/\/www.enriquerequena.com\/fr\/tienda-online\/huiles-additifs-moteur\/lubrifiants-voitures\/huile-pour-moteur-valvoline-5w30-c3-5-litres-max-life\/\" \/>\n<meta property=\"og:site_name\" content=\"ENRIQUE REQUENA\" \/>\n<meta property=\"article:modified_time\" content=\"2025-08-06T07:47:49+00:00\" \/>\n<meta property=\"og:image\" content=\"https:\/\/www.enriquerequena.com\/wp-content\/uploads\/2019\/10\/products-LATA-ACEITE-MOTOR-HUILE-MOTEUR-ENGINE-OIL-5w30-c3-2-.jpg\" \/>\n\t<meta property=\"og:image:width\" content=\"800\" \/>\n\t<meta property=\"og:image:height\" content=\"800\" \/>\n\t<meta property=\"og:image:type\" content=\"image\/jpeg\" \/>\n<meta name=\"twitter:card\" content=\"summary_large_image\" \/>\n<meta name=\"twitter:label1\" content=\"Dur\u00e9e de lecture estim\u00e9e\" \/>\n\t<meta name=\"twitter:data1\" content=\"2 minutes\" \/>\n<script type=\"application\/ld+json\" class=\"yoast-schema-graph\">{\"@context\":\"https:\\\/\\\/schema.org\",\"@graph\":[{\"@type\":\"WebPage\",\"@id\":\"https:\\\/\\\/www.enriquerequena.com\\\/fr\\\/tienda-online\\\/huiles-additifs-moteur\\\/lubrifiants-voitures\\\/huile-pour-moteur-valvoline-5w30-c3-5-litres-max-life\\\/\",\"url\":\"https:\\\/\\\/www.enriquerequena.com\\\/fr\\\/tienda-online\\\/huiles-additifs-moteur\\\/lubrifiants-voitures\\\/huile-pour-moteur-valvoline-5w30-c3-5-litres-max-life\\\/\",\"name\":\"Huile pour moteur Valvoline 5w30 C3 5 Litres Max Life - ENRIQUE REQUENA\",\"isPartOf\":{\"@id\":\"https:\\\/\\\/www.enriquerequena.com\\\/fr\\\/#website\"},\"primaryImageOfPage\":{\"@id\":\"https:\\\/\\\/www.enriquerequena.com\\\/fr\\\/tienda-online\\\/huiles-additifs-moteur\\\/lubrifiants-voitures\\\/huile-pour-moteur-valvoline-5w30-c3-5-litres-max-life\\\/#primaryimage\"},\"image\":{\"@id\":\"https:\\\/\\\/www.enriquerequena.com\\\/fr\\\/tienda-online\\\/huiles-additifs-moteur\\\/lubrifiants-voitures\\\/huile-pour-moteur-valvoline-5w30-c3-5-litres-max-life\\\/#primaryimage\"},\"thumbnailUrl\":\"https:\\\/\\\/www.enriquerequena.com\\\/wp-content\\\/uploads\\\/2019\\\/10\\\/products-LATA-ACEITE-MOTOR-HUILE-MOTEUR-ENGINE-OIL-5w30-c3-2-.jpg\",\"datePublished\":\"2021-04-19T09:38:09+00:00\",\"dateModified\":\"2025-08-06T07:47:49+00:00\",\"description\":\"Vous pouvez acheter d huile pour moteur Valvoline 5w30 C3 5 Litres Max Life en ligne ici. Le meilleur prix pour les produits de vos v\u00e9hicules.\",\"breadcrumb\":{\"@id\":\"https:\\\/\\\/www.enriquerequena.com\\\/fr\\\/tienda-online\\\/huiles-additifs-moteur\\\/lubrifiants-voitures\\\/huile-pour-moteur-valvoline-5w30-c3-5-litres-max-life\\\/#breadcrumb\"},\"inLanguage\":\"fr-FR\",\"potentialAction\":[{\"@type\":\"ReadAction\",\"target\":[\"https:\\\/\\\/www.enriquerequena.com\\\/fr\\\/tienda-online\\\/huiles-additifs-moteur\\\/lubrifiants-voitures\\\/huile-pour-moteur-valvoline-5w30-c3-5-litres-max-life\\\/\"]}]},{\"@type\":\"ImageObject\",\"inLanguage\":\"fr-FR\",\"@id\":\"https:\\\/\\\/www.enriquerequena.com\\\/fr\\\/tienda-online\\\/huiles-additifs-moteur\\\/lubrifiants-voitures\\\/huile-pour-moteur-valvoline-5w30-c3-5-litres-max-life\\\/#primaryimage\",\"url\":\"https:\\\/\\\/www.enriquerequena.com\\\/wp-content\\\/uploads\\\/2019\\\/10\\\/products-LATA-ACEITE-MOTOR-HUILE-MOTEUR-ENGINE-OIL-5w30-c3-2-.jpg\",\"contentUrl\":\"https:\\\/\\\/www.enriquerequena.com\\\/wp-content\\\/uploads\\\/2019\\\/10\\\/products-LATA-ACEITE-MOTOR-HUILE-MOTEUR-ENGINE-OIL-5w30-c3-2-.jpg\",\"width\":800,\"height\":800},{\"@type\":\"WebSite\",\"@id\":\"https:\\\/\\\/www.enriquerequena.com\\\/fr\\\/#website\",\"url\":\"https:\\\/\\\/www.enriquerequena.com\\\/fr\\\/\",\"name\":\"ENRIQUE REQUENA\",\"description\":\"Sp\u00e9cialistes des transmissions cardan avec des exp\u00e9ditions dans le monde entier et des pi\u00e8ces d\u00e9tach\u00e9es pour voitures, camions et accessoires \u00e0 Valence, en Espagne. Avec vous depuis 1950!\",\"publisher\":{\"@id\":\"https:\\\/\\\/www.enriquerequena.com\\\/fr\\\/#organization\"},\"potentialAction\":[{\"@type\":\"SearchAction\",\"target\":{\"@type\":\"EntryPoint\",\"urlTemplate\":\"https:\\\/\\\/www.enriquerequena.com\\\/fr\\\/?s={search_term_string}\"},\"query-input\":{\"@type\":\"PropertyValueSpecification\",\"valueRequired\":true,\"valueName\":\"search_term_string\"}}],\"inLanguage\":\"fr-FR\"},{\"@type\":\"Organization\",\"@id\":\"https:\\\/\\\/www.enriquerequena.com\\\/fr\\\/#organization\",\"name\":\"Enrique Requena S.L.\",\"url\":\"https:\\\/\\\/www.enriquerequena.com\\\/fr\\\/\",\"logo\":{\"@type\":\"ImageObject\",\"inLanguage\":\"fr-FR\",\"@id\":\"https:\\\/\\\/www.enriquerequena.com\\\/fr\\\/#\\\/schema\\\/logo\\\/image\\\/\",\"url\":\"https:\\\/\\\/www.enriquerequena.com\\\/wp-content\\\/uploads\\\/2019\\\/11\\\/enrique-requena-recambios-logotipo.jpg\",\"contentUrl\":\"https:\\\/\\\/www.enriquerequena.com\\\/wp-content\\\/uploads\\\/2019\\\/11\\\/enrique-requena-recambios-logotipo.jpg\",\"width\":381,\"height\":75,\"caption\":\"Enrique Requena S.L.\"},\"image\":{\"@id\":\"https:\\\/\\\/www.enriquerequena.com\\\/fr\\\/#\\\/schema\\\/logo\\\/image\\\/\"}}]}<\/script>\n<!-- \/ Yoast SEO plugin. -->","yoast_head_json":{"title":"Huile pour moteur Valvoline 5w30 C3 5 Litres Max Life - ENRIQUE REQUENA","description":"Vous pouvez acheter d huile pour moteur Valvoline 5w30 C3 5 Litres Max Life en ligne ici. Le meilleur prix pour les produits de vos v\u00e9hicules.","robots":{"index":"index","follow":"follow","max-snippet":"max-snippet:-1","max-image-preview":"max-image-preview:large","max-video-preview":"max-video-preview:-1"},"canonical":"https:\/\/www.enriquerequena.com\/fr\/tienda-online\/huiles-additifs-moteur\/lubrifiants-voitures\/huile-pour-moteur-valvoline-5w30-c3-5-litres-max-life\/","og_locale":"fr_FR","og_type":"article","og_title":"Huile pour moteur Valvoline 5w30 C3 5 Litres Max Life - ENRIQUE REQUENA","og_description":"Vous pouvez acheter d huile pour moteur Valvoline 5w30 C3 5 Litres Max Life en ligne ici. Le meilleur prix pour les produits de vos v\u00e9hicules.","og_url":"https:\/\/www.enriquerequena.com\/fr\/tienda-online\/huiles-additifs-moteur\/lubrifiants-voitures\/huile-pour-moteur-valvoline-5w30-c3-5-litres-max-life\/","og_site_name":"ENRIQUE REQUENA","article_modified_time":"2025-08-06T07:47:49+00:00","og_image":[{"width":800,"height":800,"url":"https:\/\/www.enriquerequena.com\/wp-content\/uploads\/2019\/10\/products-LATA-ACEITE-MOTOR-HUILE-MOTEUR-ENGINE-OIL-5w30-c3-2-.jpg","type":"image\/jpeg"}],"twitter_card":"summary_large_image","twitter_misc":{"Dur\u00e9e de lecture estim\u00e9e":"2 minutes"},"schema":{"@context":"https:\/\/schema.org","@graph":[{"@type":"WebPage","@id":"https:\/\/www.enriquerequena.com\/fr\/tienda-online\/huiles-additifs-moteur\/lubrifiants-voitures\/huile-pour-moteur-valvoline-5w30-c3-5-litres-max-life\/","url":"https:\/\/www.enriquerequena.com\/fr\/tienda-online\/huiles-additifs-moteur\/lubrifiants-voitures\/huile-pour-moteur-valvoline-5w30-c3-5-litres-max-life\/","name":"Huile pour moteur Valvoline 5w30 C3 5 Litres Max Life - ENRIQUE REQUENA","isPartOf":{"@id":"https:\/\/www.enriquerequena.com\/fr\/#website"},"primaryImageOfPage":{"@id":"https:\/\/www.enriquerequena.com\/fr\/tienda-online\/huiles-additifs-moteur\/lubrifiants-voitures\/huile-pour-moteur-valvoline-5w30-c3-5-litres-max-life\/#primaryimage"},"image":{"@id":"https:\/\/www.enriquerequena.com\/fr\/tienda-online\/huiles-additifs-moteur\/lubrifiants-voitures\/huile-pour-moteur-valvoline-5w30-c3-5-litres-max-life\/#primaryimage"},"thumbnailUrl":"https:\/\/www.enriquerequena.com\/wp-content\/uploads\/2019\/10\/products-LATA-ACEITE-MOTOR-HUILE-MOTEUR-ENGINE-OIL-5w30-c3-2-.jpg","datePublished":"2021-04-19T09:38:09+00:00","dateModified":"2025-08-06T07:47:49+00:00","description":"Vous pouvez acheter d huile pour moteur Valvoline 5w30 C3 5 Litres Max Life en ligne ici. Le meilleur prix pour les produits de vos v\u00e9hicules.","breadcrumb":{"@id":"https:\/\/www.enriquerequena.com\/fr\/tienda-online\/huiles-additifs-moteur\/lubrifiants-voitures\/huile-pour-moteur-valvoline-5w30-c3-5-litres-max-life\/#breadcrumb"},"inLanguage":"fr-FR","potentialAction":[{"@type":"ReadAction","target":["https:\/\/www.enriquerequena.com\/fr\/tienda-online\/huiles-additifs-moteur\/lubrifiants-voitures\/huile-pour-moteur-valvoline-5w30-c3-5-litres-max-life\/"]}]},{"@type":"ImageObject","inLanguage":"fr-FR","@id":"https:\/\/www.enriquerequena.com\/fr\/tienda-online\/huiles-additifs-moteur\/lubrifiants-voitures\/huile-pour-moteur-valvoline-5w30-c3-5-litres-max-life\/#primaryimage","url":"https:\/\/www.enriquerequena.com\/wp-content\/uploads\/2019\/10\/products-LATA-ACEITE-MOTOR-HUILE-MOTEUR-ENGINE-OIL-5w30-c3-2-.jpg","contentUrl":"https:\/\/www.enriquerequena.com\/wp-content\/uploads\/2019\/10\/products-LATA-ACEITE-MOTOR-HUILE-MOTEUR-ENGINE-OIL-5w30-c3-2-.jpg","width":800,"height":800},{"@type":"WebSite","@id":"https:\/\/www.enriquerequena.com\/fr\/#website","url":"https:\/\/www.enriquerequena.com\/fr\/","name":"ENRIQUE REQUENA","description":"Sp\u00e9cialistes des transmissions cardan avec des exp\u00e9ditions dans le monde entier et des pi\u00e8ces d\u00e9tach\u00e9es pour voitures, camions et accessoires \u00e0 Valence, en Espagne. Avec vous depuis 1950!","publisher":{"@id":"https:\/\/www.enriquerequena.com\/fr\/#organization"},"potentialAction":[{"@type":"SearchAction","target":{"@type":"EntryPoint","urlTemplate":"https:\/\/www.enriquerequena.com\/fr\/?s={search_term_string}"},"query-input":{"@type":"PropertyValueSpecification","valueRequired":true,"valueName":"search_term_string"}}],"inLanguage":"fr-FR"},{"@type":"Organization","@id":"https:\/\/www.enriquerequena.com\/fr\/#organization","name":"Enrique Requena S.L.","url":"https:\/\/www.enriquerequena.com\/fr\/","logo":{"@type":"ImageObject","inLanguage":"fr-FR","@id":"https:\/\/www.enriquerequena.com\/fr\/#\/schema\/logo\/image\/","url":"https:\/\/www.enriquerequena.com\/wp-content\/uploads\/2019\/11\/enrique-requena-recambios-logotipo.jpg","contentUrl":"https:\/\/www.enriquerequena.com\/wp-content\/uploads\/2019\/11\/enrique-requena-recambios-logotipo.jpg","width":381,"height":75,"caption":"Enrique Requena S.L."},"image":{"@id":"https:\/\/www.enriquerequena.com\/fr\/#\/schema\/logo\/image\/"}}]}},"_links":{"self":[{"href":"https:\/\/www.enriquerequena.com\/fr\/wp-json\/wp\/v2\/product\/16565","targetHints":{"allow":["GET"]}}],"collection":[{"href":"https:\/\/www.enriquerequena.com\/fr\/wp-json\/wp\/v2\/product"}],"about":[{"href":"https:\/\/www.enriquerequena.com\/fr\/wp-json\/wp\/v2\/types\/product"}],"wp:featuredmedia":[{"embeddable":true,"href":"https:\/\/www.enriquerequena.com\/fr\/wp-json\/wp\/v2\/media\/16566"}],"wp:attachment":[{"href":"https:\/\/www.enriquerequena.com\/fr\/wp-json\/wp\/v2\/media?parent=16565"}],"wp:term":[{"taxonomy":"product_brand","embeddable":true,"href":"https:\/\/www.enriquerequena.com\/fr\/wp-json\/wp\/v2\/product_brand?post=16565"},{"taxonomy":"product_cat","embeddable":true,"href":"https:\/\/www.enriquerequena.com\/fr\/wp-json\/wp\/v2\/product_cat?post=16565"},{"taxonomy":"product_tag","embeddable":true,"href":"https:\/\/www.enriquerequena.com\/fr\/wp-json\/wp\/v2\/product_tag?post=16565"}],"curies":[{"name":"wp","href":"https:\/\/api.w.org\/{rel}","templated":true}]}}