{"id":17122,"date":"2021-05-18T13:52:02","date_gmt":"2021-05-28T08:13:48","guid":{"rendered":"https:\/\/www.enriquerequena.com\/?post_type=product&#038;p=17122"},"modified":"2025-06-18T19:52:05","modified_gmt":"2025-06-18T17:52:05","slug":"collecteur-nissan-cabstar","status":"publish","type":"product","link":"https:\/\/www.enriquerequena.com\/fr\/tienda-online\/pieces-de-rechange-remplacements-echappement\/collecteur-dechappement\/collecteur-nissan-cabstar\/","title":{"rendered":"Collecteur Syst\u00e8me D&rsquo;\u00e9chappement Nissan Cabstar &#8211; 14004MB41B"},"content":{"rendered":"<h2 id=\"tw-target-text\" class=\"tw-data-text tw-text-large XcVN5d tw-ta\" dir=\"ltr\" data-placeholder=\"Traducci\u00f3n\"><span class=\"Y2IQFc\" lang=\"en\"><strong>Collecteur Syst\u00e8me D&rsquo;\u00e9chappement<\/strong> pour Nissan Cabstar.<\/span><\/h2>\n<p class=\"tw-data-text tw-text-large XcVN5d tw-ta\" dir=\"ltr\" data-placeholder=\"Traducci\u00f3n\"><span class=\"Y2IQFc\" lang=\"fr\">N&rsquo;h\u00e9sitez pas \u00e0 nous appeler et \u00e0 nous consulter. 70 ans d&rsquo;exp\u00e9rience garantissent notre professionnalisme dans cet article et dans d&rsquo;autres.<\/span><\/p>\n<p dir=\"ltr\" data-placeholder=\"Traducci\u00f3n\"><strong>Neuf <\/strong>avec\u00a0<strong>une garantie d\u2019un an<\/strong>.<\/p>\n<h3>&gt; REF:<\/h3>\n<p>14004MB41B<br \/>\n14004EB310<br \/>\n14004EB300<br \/>\n14004MB44B<\/p>\n","protected":false},"excerpt":{"rendered":"<p><strong>Collecteur, Syst\u00e8me D&rsquo;\u00e9chappement Nissan Cabstar<\/strong>. Ref:<span class=\"Y2IQFc\" lang=\"en\"> 14004MB41B \/ 14004EB310 \/ 14004EB300 \/ 14004MB44B<\/span>.<strong> Neuf <\/strong>avec\u00a0<strong>une garantie d\u2019un an<\/strong>.<\/p>\n","protected":false},"featured_media":17212,"template":"","meta":[],"product_brand":[],"product_cat":[10071,9857,219,138],"product_tag":[],"class_list":{"0":"post-17122","1":"product","2":"type-product","3":"status-publish","4":"has-post-thumbnail","6":"product_cat-collecteur-dechappement","7":"product_cat-pieces-de-rechange-remplacements-echappement","8":"product_cat-moteur-camion","9":"product_cat-pieces-rechange-camions","10":"pa_manufacturer-nissan","11":"pa_tipo-camions-poids-lourds","13":"first","14":"instock","15":"taxable","16":"shipping-taxable","17":"purchasable","18":"product-type-simple"},"yoast_head":"<!-- This site is optimized with the Yoast SEO plugin v27.1.1 - https:\/\/yoast.com\/product\/yoast-seo-wordpress\/ -->\n<title>Collecteur Syst\u00e8me D&#039;\u00e9chappement Nissan Cabstar - 14004MB41B - ENRIQUE REQUENA<\/title>\n<meta name=\"description\" content=\"Collecteur Syst\u00e8me D&#039;\u00e9chappement pour Nissan Cabstar. 70 ans d&#039;exp\u00e9rience garantissent notre professionnalisme.\" \/>\n<meta name=\"robots\" content=\"index, follow, max-snippet:-1, max-image-preview:large, max-video-preview:-1\" \/>\n<link rel=\"canonical\" href=\"https:\/\/www.enriquerequena.com\/fr\/tienda-online\/pieces-de-rechange-remplacements-echappement\/collecteur-dechappement\/collecteur-nissan-cabstar\/\" \/>\n<meta property=\"og:locale\" content=\"fr_FR\" \/>\n<meta property=\"og:type\" content=\"article\" \/>\n<meta property=\"og:title\" content=\"Collecteur Syst\u00e8me D&#039;\u00e9chappement Nissan Cabstar - 14004MB41B - ENRIQUE REQUENA\" \/>\n<meta property=\"og:description\" content=\"Collecteur Syst\u00e8me D&#039;\u00e9chappement pour Nissan Cabstar. 70 ans d&#039;exp\u00e9rience garantissent notre professionnalisme.\" \/>\n<meta property=\"og:url\" content=\"https:\/\/www.enriquerequena.com\/fr\/tienda-online\/pieces-de-rechange-remplacements-echappement\/collecteur-dechappement\/collecteur-nissan-cabstar\/\" \/>\n<meta property=\"og:site_name\" content=\"ENRIQUE REQUENA\" \/>\n<meta property=\"article:modified_time\" content=\"2025-06-18T17:52:05+00:00\" \/>\n<meta property=\"og:image\" content=\"https:\/\/www.enriquerequena.com\/wp-content\/uploads\/2021\/05\/escape-nissan-cabstar-3.jpg\" \/>\n\t<meta property=\"og:image:width\" content=\"800\" \/>\n\t<meta property=\"og:image:height\" content=\"800\" \/>\n\t<meta property=\"og:image:type\" content=\"image\/jpeg\" \/>\n<meta name=\"twitter:card\" content=\"summary_large_image\" \/>\n<meta name=\"twitter:label1\" content=\"Dur\u00e9e de lecture estim\u00e9e\" \/>\n\t<meta name=\"twitter:data1\" content=\"1 minute\" \/>\n<script type=\"application\/ld+json\" class=\"yoast-schema-graph\">{\"@context\":\"https:\/\/schema.org\",\"@graph\":[{\"@type\":\"WebPage\",\"@id\":\"https:\/\/www.enriquerequena.com\/fr\/tienda-online\/pieces-de-rechange-remplacements-echappement\/collecteur-dechappement\/collecteur-nissan-cabstar\/\",\"url\":\"https:\/\/www.enriquerequena.com\/fr\/tienda-online\/pieces-de-rechange-remplacements-echappement\/collecteur-dechappement\/collecteur-nissan-cabstar\/\",\"name\":\"Collecteur Syst\u00e8me D'\u00e9chappement Nissan Cabstar - 14004MB41B - ENRIQUE REQUENA\",\"isPartOf\":{\"@id\":\"https:\/\/www.enriquerequena.com\/fr\/#website\"},\"primaryImageOfPage\":{\"@id\":\"https:\/\/www.enriquerequena.com\/fr\/tienda-online\/pieces-de-rechange-remplacements-echappement\/collecteur-dechappement\/collecteur-nissan-cabstar\/#primaryimage\"},\"image\":{\"@id\":\"https:\/\/www.enriquerequena.com\/fr\/tienda-online\/pieces-de-rechange-remplacements-echappement\/collecteur-dechappement\/collecteur-nissan-cabstar\/#primaryimage\"},\"thumbnailUrl\":\"https:\/\/www.enriquerequena.com\/wp-content\/uploads\/2021\/05\/escape-nissan-cabstar-3.jpg\",\"datePublished\":\"2021-05-28T08:13:48+00:00\",\"dateModified\":\"2025-06-18T17:52:05+00:00\",\"description\":\"Collecteur Syst\u00e8me D'\u00e9chappement pour Nissan Cabstar. 70 ans d'exp\u00e9rience garantissent notre professionnalisme.\",\"breadcrumb\":{\"@id\":\"https:\/\/www.enriquerequena.com\/fr\/tienda-online\/pieces-de-rechange-remplacements-echappement\/collecteur-dechappement\/collecteur-nissan-cabstar\/#breadcrumb\"},\"inLanguage\":\"fr-FR\",\"potentialAction\":[{\"@type\":\"ReadAction\",\"target\":[\"https:\/\/www.enriquerequena.com\/fr\/tienda-online\/pieces-de-rechange-remplacements-echappement\/collecteur-dechappement\/collecteur-nissan-cabstar\/\"]}]},{\"@type\":\"ImageObject\",\"inLanguage\":\"fr-FR\",\"@id\":\"https:\/\/www.enriquerequena.com\/fr\/tienda-online\/pieces-de-rechange-remplacements-echappement\/collecteur-dechappement\/collecteur-nissan-cabstar\/#primaryimage\",\"url\":\"https:\/\/www.enriquerequena.com\/wp-content\/uploads\/2021\/05\/escape-nissan-cabstar-3.jpg\",\"contentUrl\":\"https:\/\/www.enriquerequena.com\/wp-content\/uploads\/2021\/05\/escape-nissan-cabstar-3.jpg\",\"width\":800,\"height\":800,\"caption\":\"Collecteur du Syst\u00e8me D'\u00e9chappement pour Renault Maxity avec r\u00e9f\u00e9rences 7485113461, 7485133087, est une pi\u00e8ce de Renault neuve avec une garantie d\u2019un an.\"},{\"@type\":\"WebSite\",\"@id\":\"https:\/\/www.enriquerequena.com\/fr\/#website\",\"url\":\"https:\/\/www.enriquerequena.com\/fr\/\",\"name\":\"ENRIQUE REQUENA\",\"description\":\"Sp\u00e9cialistes des transmissions cardan avec des exp\u00e9ditions dans le monde entier et des pi\u00e8ces d\u00e9tach\u00e9es pour voitures, camions et accessoires \u00e0 Valence, en Espagne. Avec vous depuis 1950!\",\"publisher\":{\"@id\":\"https:\/\/www.enriquerequena.com\/fr\/#organization\"},\"potentialAction\":[{\"@type\":\"SearchAction\",\"target\":{\"@type\":\"EntryPoint\",\"urlTemplate\":\"https:\/\/www.enriquerequena.com\/fr\/?s={search_term_string}\"},\"query-input\":{\"@type\":\"PropertyValueSpecification\",\"valueRequired\":true,\"valueName\":\"search_term_string\"}}],\"inLanguage\":\"fr-FR\"},{\"@type\":\"Organization\",\"@id\":\"https:\/\/www.enriquerequena.com\/fr\/#organization\",\"name\":\"Enrique Requena S.L.\",\"url\":\"https:\/\/www.enriquerequena.com\/fr\/\",\"logo\":{\"@type\":\"ImageObject\",\"inLanguage\":\"fr-FR\",\"@id\":\"https:\/\/www.enriquerequena.com\/fr\/#\/schema\/logo\/image\/\",\"url\":\"https:\/\/www.enriquerequena.com\/wp-content\/uploads\/2019\/11\/enrique-requena-recambios-logotipo.jpg\",\"contentUrl\":\"https:\/\/www.enriquerequena.com\/wp-content\/uploads\/2019\/11\/enrique-requena-recambios-logotipo.jpg\",\"width\":381,\"height\":75,\"caption\":\"Enrique Requena S.L.\"},\"image\":{\"@id\":\"https:\/\/www.enriquerequena.com\/fr\/#\/schema\/logo\/image\/\"}}]}<\/script>\n<!-- \/ Yoast SEO plugin. -->","yoast_head_json":{"title":"Collecteur Syst\u00e8me D'\u00e9chappement Nissan Cabstar - 14004MB41B - ENRIQUE REQUENA","description":"Collecteur Syst\u00e8me D'\u00e9chappement pour Nissan Cabstar. 70 ans d'exp\u00e9rience garantissent notre professionnalisme.","robots":{"index":"index","follow":"follow","max-snippet":"max-snippet:-1","max-image-preview":"max-image-preview:large","max-video-preview":"max-video-preview:-1"},"canonical":"https:\/\/www.enriquerequena.com\/fr\/tienda-online\/pieces-de-rechange-remplacements-echappement\/collecteur-dechappement\/collecteur-nissan-cabstar\/","og_locale":"fr_FR","og_type":"article","og_title":"Collecteur Syst\u00e8me D'\u00e9chappement Nissan Cabstar - 14004MB41B - ENRIQUE REQUENA","og_description":"Collecteur Syst\u00e8me D'\u00e9chappement pour Nissan Cabstar. 70 ans d'exp\u00e9rience garantissent notre professionnalisme.","og_url":"https:\/\/www.enriquerequena.com\/fr\/tienda-online\/pieces-de-rechange-remplacements-echappement\/collecteur-dechappement\/collecteur-nissan-cabstar\/","og_site_name":"ENRIQUE REQUENA","article_modified_time":"2025-06-18T17:52:05+00:00","og_image":[{"width":800,"height":800,"url":"https:\/\/www.enriquerequena.com\/wp-content\/uploads\/2021\/05\/escape-nissan-cabstar-3.jpg","type":"image\/jpeg"}],"twitter_card":"summary_large_image","twitter_misc":{"Dur\u00e9e de lecture estim\u00e9e":"1 minute"},"schema":{"@context":"https:\/\/schema.org","@graph":[{"@type":"WebPage","@id":"https:\/\/www.enriquerequena.com\/fr\/tienda-online\/pieces-de-rechange-remplacements-echappement\/collecteur-dechappement\/collecteur-nissan-cabstar\/","url":"https:\/\/www.enriquerequena.com\/fr\/tienda-online\/pieces-de-rechange-remplacements-echappement\/collecteur-dechappement\/collecteur-nissan-cabstar\/","name":"Collecteur Syst\u00e8me D'\u00e9chappement Nissan Cabstar - 14004MB41B - ENRIQUE REQUENA","isPartOf":{"@id":"https:\/\/www.enriquerequena.com\/fr\/#website"},"primaryImageOfPage":{"@id":"https:\/\/www.enriquerequena.com\/fr\/tienda-online\/pieces-de-rechange-remplacements-echappement\/collecteur-dechappement\/collecteur-nissan-cabstar\/#primaryimage"},"image":{"@id":"https:\/\/www.enriquerequena.com\/fr\/tienda-online\/pieces-de-rechange-remplacements-echappement\/collecteur-dechappement\/collecteur-nissan-cabstar\/#primaryimage"},"thumbnailUrl":"https:\/\/www.enriquerequena.com\/wp-content\/uploads\/2021\/05\/escape-nissan-cabstar-3.jpg","datePublished":"2021-05-28T08:13:48+00:00","dateModified":"2025-06-18T17:52:05+00:00","description":"Collecteur Syst\u00e8me D'\u00e9chappement pour Nissan Cabstar. 70 ans d'exp\u00e9rience garantissent notre professionnalisme.","breadcrumb":{"@id":"https:\/\/www.enriquerequena.com\/fr\/tienda-online\/pieces-de-rechange-remplacements-echappement\/collecteur-dechappement\/collecteur-nissan-cabstar\/#breadcrumb"},"inLanguage":"fr-FR","potentialAction":[{"@type":"ReadAction","target":["https:\/\/www.enriquerequena.com\/fr\/tienda-online\/pieces-de-rechange-remplacements-echappement\/collecteur-dechappement\/collecteur-nissan-cabstar\/"]}]},{"@type":"ImageObject","inLanguage":"fr-FR","@id":"https:\/\/www.enriquerequena.com\/fr\/tienda-online\/pieces-de-rechange-remplacements-echappement\/collecteur-dechappement\/collecteur-nissan-cabstar\/#primaryimage","url":"https:\/\/www.enriquerequena.com\/wp-content\/uploads\/2021\/05\/escape-nissan-cabstar-3.jpg","contentUrl":"https:\/\/www.enriquerequena.com\/wp-content\/uploads\/2021\/05\/escape-nissan-cabstar-3.jpg","width":800,"height":800,"caption":"Collecteur du Syst\u00e8me D'\u00e9chappement pour Renault Maxity avec r\u00e9f\u00e9rences 7485113461, 7485133087, est une pi\u00e8ce de Renault neuve avec une garantie d\u2019un an."},{"@type":"WebSite","@id":"https:\/\/www.enriquerequena.com\/fr\/#website","url":"https:\/\/www.enriquerequena.com\/fr\/","name":"ENRIQUE REQUENA","description":"Sp\u00e9cialistes des transmissions cardan avec des exp\u00e9ditions dans le monde entier et des pi\u00e8ces d\u00e9tach\u00e9es pour voitures, camions et accessoires \u00e0 Valence, en Espagne. Avec vous depuis 1950!","publisher":{"@id":"https:\/\/www.enriquerequena.com\/fr\/#organization"},"potentialAction":[{"@type":"SearchAction","target":{"@type":"EntryPoint","urlTemplate":"https:\/\/www.enriquerequena.com\/fr\/?s={search_term_string}"},"query-input":{"@type":"PropertyValueSpecification","valueRequired":true,"valueName":"search_term_string"}}],"inLanguage":"fr-FR"},{"@type":"Organization","@id":"https:\/\/www.enriquerequena.com\/fr\/#organization","name":"Enrique Requena S.L.","url":"https:\/\/www.enriquerequena.com\/fr\/","logo":{"@type":"ImageObject","inLanguage":"fr-FR","@id":"https:\/\/www.enriquerequena.com\/fr\/#\/schema\/logo\/image\/","url":"https:\/\/www.enriquerequena.com\/wp-content\/uploads\/2019\/11\/enrique-requena-recambios-logotipo.jpg","contentUrl":"https:\/\/www.enriquerequena.com\/wp-content\/uploads\/2019\/11\/enrique-requena-recambios-logotipo.jpg","width":381,"height":75,"caption":"Enrique Requena S.L."},"image":{"@id":"https:\/\/www.enriquerequena.com\/fr\/#\/schema\/logo\/image\/"}}]}},"_links":{"self":[{"href":"https:\/\/www.enriquerequena.com\/fr\/wp-json\/wp\/v2\/product\/17122","targetHints":{"allow":["GET"]}}],"collection":[{"href":"https:\/\/www.enriquerequena.com\/fr\/wp-json\/wp\/v2\/product"}],"about":[{"href":"https:\/\/www.enriquerequena.com\/fr\/wp-json\/wp\/v2\/types\/product"}],"wp:featuredmedia":[{"embeddable":true,"href":"https:\/\/www.enriquerequena.com\/fr\/wp-json\/wp\/v2\/media\/17212"}],"wp:attachment":[{"href":"https:\/\/www.enriquerequena.com\/fr\/wp-json\/wp\/v2\/media?parent=17122"}],"wp:term":[{"taxonomy":"product_brand","embeddable":true,"href":"https:\/\/www.enriquerequena.com\/fr\/wp-json\/wp\/v2\/product_brand?post=17122"},{"taxonomy":"product_cat","embeddable":true,"href":"https:\/\/www.enriquerequena.com\/fr\/wp-json\/wp\/v2\/product_cat?post=17122"},{"taxonomy":"product_tag","embeddable":true,"href":"https:\/\/www.enriquerequena.com\/fr\/wp-json\/wp\/v2\/product_tag?post=17122"}],"curies":[{"name":"wp","href":"https:\/\/api.w.org\/{rel}","templated":true}]}}