{"id":17144,"date":"2021-05-24T12:00:35","date_gmt":"2021-05-28T08:04:47","guid":{"rendered":"https:\/\/www.enriquerequena.com\/?post_type=product&#038;p=17144"},"modified":"2023-02-07T16:19:30","modified_gmt":"2023-02-07T15:19:30","slug":"pompe-hydraulique-nissan-renault-49110mb40a-5001874075","status":"publish","type":"product","link":"https:\/\/www.enriquerequena.com\/fr\/tienda-online\/pieces-detachees-de-remplacement-direction-essieux\/direction-assistee\/pompe-hydraulique-nissan-renault-49110mb40a-5001874075\/","title":{"rendered":"Pompe hydraulique Nissan et Renault &#8211; 49110MB40A \/ 5001874075"},"content":{"rendered":"<p class=\"tw-data-text tw-text-large XcVN5d tw-ta\" dir=\"ltr\" data-placeholder=\"Traducci\u00f3n\"><span class=\"Y2IQFc\" lang=\"fr\">&gt; Nous avons <strong>pompe hydraulique pour Nissan et Renault<\/strong>.<\/span><\/p>\n<p class=\"tw-data-text tw-text-large XcVN5d tw-ta\" dir=\"ltr\" data-placeholder=\"Traducci\u00f3n\">&gt; N&rsquo;h\u00e9sitez pas \u00e0 nous appeler et \u00e0 nous consulter. 70 ans d&rsquo;exp\u00e9rience garantissent notre professionnalisme dans cet article et dans d&rsquo;autres.<\/p>\n<p dir=\"ltr\" data-placeholder=\"Traducci\u00f3n\">&gt; <strong>Neuve <\/strong>avec\u00a0<strong>une garantie d\u2019un an<\/strong>.<\/p>\n<p class=\"tw-data-text tw-text-large XcVN5d tw-ta\" dir=\"ltr\" data-placeholder=\"Traducci\u00f3n\"><span class=\"Y2IQFc\" lang=\"fr\">&gt; R\u00e9f\u00e9rences Nissan:<\/span><\/p>\n<p>49110EB700<\/p>\n<p>49110MB400<\/p>\n<p>49110EB300<\/p>\n<p>49110MB40A<\/p>\n<p>&gt; <span class=\"Y2IQFc\" lang=\"fr\">R\u00e9f\u00e9rences <\/span>Renault:<\/p>\n<p>5001874075<\/p>\n","protected":false},"excerpt":{"rendered":"<p><span class=\"Y2IQFc\" lang=\"fr\">Nous avons <strong>pompe hydraulique pour Nissan<\/strong> 49110EB700 \/ 49110MB400 \/ 49110EB300 \/ 49110MB40A et<strong>\u00a0Renault <\/strong>referencia 5001874075.<strong>\u00a0Neuve avec une garantie d\u2019un an.<\/strong><\/span><\/p>\n","protected":false},"featured_media":17221,"template":"","meta":[],"product_brand":[],"product_cat":[213,10050,9827,138],"product_tag":[],"class_list":{"0":"post-17144","1":"product","2":"type-product","3":"status-publish","4":"has-post-thumbnail","6":"product_cat-direction","7":"product_cat-direction-assistee","8":"product_cat-pieces-detachees-de-remplacement-direction-essieux","9":"product_cat-pieces-rechange-camions","10":"pa_manufacturer-nissan","11":"pa_manufacturer-renault","13":"first","14":"instock","15":"taxable","16":"shipping-taxable","17":"purchasable","18":"product-type-simple"},"yoast_head":"<!-- This site is optimized with the Yoast SEO plugin v27.1.1 - https:\/\/yoast.com\/product\/yoast-seo-wordpress\/ -->\n<title>Pompe hydraulique Nissan et Renault - 49110MB40A \/ 5001874075 - ENRIQUE REQUENA<\/title>\n<meta name=\"description\" content=\"Nous avons pompe hydraulique pour Nissan et Renault. 70 ans d&#039;exp\u00e9rience garantissent notre professionnalisme dans cet article.\" \/>\n<meta name=\"robots\" content=\"index, follow, max-snippet:-1, max-image-preview:large, max-video-preview:-1\" \/>\n<link rel=\"canonical\" href=\"https:\/\/www.enriquerequena.com\/fr\/tienda-online\/pieces-detachees-de-remplacement-direction-essieux\/direction-assistee\/pompe-hydraulique-nissan-renault-49110mb40a-5001874075\/\" \/>\n<meta property=\"og:locale\" content=\"fr_FR\" \/>\n<meta property=\"og:type\" content=\"article\" \/>\n<meta property=\"og:title\" content=\"Pompe hydraulique Nissan et Renault - 49110MB40A \/ 5001874075 - ENRIQUE REQUENA\" \/>\n<meta property=\"og:description\" content=\"Nous avons pompe hydraulique pour Nissan et Renault. 70 ans d&#039;exp\u00e9rience garantissent notre professionnalisme dans cet article.\" \/>\n<meta property=\"og:url\" content=\"https:\/\/www.enriquerequena.com\/fr\/tienda-online\/pieces-detachees-de-remplacement-direction-essieux\/direction-assistee\/pompe-hydraulique-nissan-renault-49110mb40a-5001874075\/\" \/>\n<meta property=\"og:site_name\" content=\"ENRIQUE REQUENA\" \/>\n<meta property=\"article:modified_time\" content=\"2023-02-07T15:19:30+00:00\" \/>\n<meta property=\"og:image\" content=\"https:\/\/www.enriquerequena.com\/wp-content\/uploads\/2021\/05\/bomba-hidraulica-nissan-renault-1.jpg\" \/>\n\t<meta property=\"og:image:width\" content=\"800\" \/>\n\t<meta property=\"og:image:height\" content=\"800\" \/>\n\t<meta property=\"og:image:type\" content=\"image\/jpeg\" \/>\n<meta name=\"twitter:card\" content=\"summary_large_image\" \/>\n<meta name=\"twitter:label1\" content=\"Dur\u00e9e de lecture estim\u00e9e\" \/>\n\t<meta name=\"twitter:data1\" content=\"1 minute\" \/>\n<script type=\"application\/ld+json\" class=\"yoast-schema-graph\">{\"@context\":\"https:\/\/schema.org\",\"@graph\":[{\"@type\":\"WebPage\",\"@id\":\"https:\/\/www.enriquerequena.com\/fr\/tienda-online\/pieces-detachees-de-remplacement-direction-essieux\/direction-assistee\/pompe-hydraulique-nissan-renault-49110mb40a-5001874075\/\",\"url\":\"https:\/\/www.enriquerequena.com\/fr\/tienda-online\/pieces-detachees-de-remplacement-direction-essieux\/direction-assistee\/pompe-hydraulique-nissan-renault-49110mb40a-5001874075\/\",\"name\":\"Pompe hydraulique Nissan et Renault - 49110MB40A \/ 5001874075 - ENRIQUE REQUENA\",\"isPartOf\":{\"@id\":\"https:\/\/www.enriquerequena.com\/fr\/#website\"},\"primaryImageOfPage\":{\"@id\":\"https:\/\/www.enriquerequena.com\/fr\/tienda-online\/pieces-detachees-de-remplacement-direction-essieux\/direction-assistee\/pompe-hydraulique-nissan-renault-49110mb40a-5001874075\/#primaryimage\"},\"image\":{\"@id\":\"https:\/\/www.enriquerequena.com\/fr\/tienda-online\/pieces-detachees-de-remplacement-direction-essieux\/direction-assistee\/pompe-hydraulique-nissan-renault-49110mb40a-5001874075\/#primaryimage\"},\"thumbnailUrl\":\"https:\/\/www.enriquerequena.com\/wp-content\/uploads\/2021\/05\/bomba-hidraulica-nissan-renault-1.jpg\",\"datePublished\":\"2021-05-28T08:04:47+00:00\",\"dateModified\":\"2023-02-07T15:19:30+00:00\",\"description\":\"Nous avons pompe hydraulique pour Nissan et Renault. 70 ans d'exp\u00e9rience garantissent notre professionnalisme dans cet article.\",\"breadcrumb\":{\"@id\":\"https:\/\/www.enriquerequena.com\/fr\/tienda-online\/pieces-detachees-de-remplacement-direction-essieux\/direction-assistee\/pompe-hydraulique-nissan-renault-49110mb40a-5001874075\/#breadcrumb\"},\"inLanguage\":\"fr-FR\",\"potentialAction\":[{\"@type\":\"ReadAction\",\"target\":[\"https:\/\/www.enriquerequena.com\/fr\/tienda-online\/pieces-detachees-de-remplacement-direction-essieux\/direction-assistee\/pompe-hydraulique-nissan-renault-49110mb40a-5001874075\/\"]}]},{\"@type\":\"ImageObject\",\"inLanguage\":\"fr-FR\",\"@id\":\"https:\/\/www.enriquerequena.com\/fr\/tienda-online\/pieces-detachees-de-remplacement-direction-essieux\/direction-assistee\/pompe-hydraulique-nissan-renault-49110mb40a-5001874075\/#primaryimage\",\"url\":\"https:\/\/www.enriquerequena.com\/wp-content\/uploads\/2021\/05\/bomba-hidraulica-nissan-renault-1.jpg\",\"contentUrl\":\"https:\/\/www.enriquerequena.com\/wp-content\/uploads\/2021\/05\/bomba-hidraulica-nissan-renault-1.jpg\",\"width\":800,\"height\":800,\"caption\":\"pompe hydraulique pour Nissan 49110EB700 \/ 49110MB400 \/ 49110EB300 \/ 49110MB40A et\u00a0Renault referencia 5001874075\"},{\"@type\":\"WebSite\",\"@id\":\"https:\/\/www.enriquerequena.com\/fr\/#website\",\"url\":\"https:\/\/www.enriquerequena.com\/fr\/\",\"name\":\"ENRIQUE REQUENA\",\"description\":\"Sp\u00e9cialistes des transmissions cardan avec des exp\u00e9ditions dans le monde entier et des pi\u00e8ces d\u00e9tach\u00e9es pour voitures, camions et accessoires \u00e0 Valence, en Espagne. Avec vous depuis 1950!\",\"publisher\":{\"@id\":\"https:\/\/www.enriquerequena.com\/fr\/#organization\"},\"potentialAction\":[{\"@type\":\"SearchAction\",\"target\":{\"@type\":\"EntryPoint\",\"urlTemplate\":\"https:\/\/www.enriquerequena.com\/fr\/?s={search_term_string}\"},\"query-input\":{\"@type\":\"PropertyValueSpecification\",\"valueRequired\":true,\"valueName\":\"search_term_string\"}}],\"inLanguage\":\"fr-FR\"},{\"@type\":\"Organization\",\"@id\":\"https:\/\/www.enriquerequena.com\/fr\/#organization\",\"name\":\"Enrique Requena S.L.\",\"url\":\"https:\/\/www.enriquerequena.com\/fr\/\",\"logo\":{\"@type\":\"ImageObject\",\"inLanguage\":\"fr-FR\",\"@id\":\"https:\/\/www.enriquerequena.com\/fr\/#\/schema\/logo\/image\/\",\"url\":\"https:\/\/www.enriquerequena.com\/wp-content\/uploads\/2019\/11\/enrique-requena-recambios-logotipo.jpg\",\"contentUrl\":\"https:\/\/www.enriquerequena.com\/wp-content\/uploads\/2019\/11\/enrique-requena-recambios-logotipo.jpg\",\"width\":381,\"height\":75,\"caption\":\"Enrique Requena S.L.\"},\"image\":{\"@id\":\"https:\/\/www.enriquerequena.com\/fr\/#\/schema\/logo\/image\/\"}}]}<\/script>\n<!-- \/ Yoast SEO plugin. -->","yoast_head_json":{"title":"Pompe hydraulique Nissan et Renault - 49110MB40A \/ 5001874075 - ENRIQUE REQUENA","description":"Nous avons pompe hydraulique pour Nissan et Renault. 70 ans d'exp\u00e9rience garantissent notre professionnalisme dans cet article.","robots":{"index":"index","follow":"follow","max-snippet":"max-snippet:-1","max-image-preview":"max-image-preview:large","max-video-preview":"max-video-preview:-1"},"canonical":"https:\/\/www.enriquerequena.com\/fr\/tienda-online\/pieces-detachees-de-remplacement-direction-essieux\/direction-assistee\/pompe-hydraulique-nissan-renault-49110mb40a-5001874075\/","og_locale":"fr_FR","og_type":"article","og_title":"Pompe hydraulique Nissan et Renault - 49110MB40A \/ 5001874075 - ENRIQUE REQUENA","og_description":"Nous avons pompe hydraulique pour Nissan et Renault. 70 ans d'exp\u00e9rience garantissent notre professionnalisme dans cet article.","og_url":"https:\/\/www.enriquerequena.com\/fr\/tienda-online\/pieces-detachees-de-remplacement-direction-essieux\/direction-assistee\/pompe-hydraulique-nissan-renault-49110mb40a-5001874075\/","og_site_name":"ENRIQUE REQUENA","article_modified_time":"2023-02-07T15:19:30+00:00","og_image":[{"width":800,"height":800,"url":"https:\/\/www.enriquerequena.com\/wp-content\/uploads\/2021\/05\/bomba-hidraulica-nissan-renault-1.jpg","type":"image\/jpeg"}],"twitter_card":"summary_large_image","twitter_misc":{"Dur\u00e9e de lecture estim\u00e9e":"1 minute"},"schema":{"@context":"https:\/\/schema.org","@graph":[{"@type":"WebPage","@id":"https:\/\/www.enriquerequena.com\/fr\/tienda-online\/pieces-detachees-de-remplacement-direction-essieux\/direction-assistee\/pompe-hydraulique-nissan-renault-49110mb40a-5001874075\/","url":"https:\/\/www.enriquerequena.com\/fr\/tienda-online\/pieces-detachees-de-remplacement-direction-essieux\/direction-assistee\/pompe-hydraulique-nissan-renault-49110mb40a-5001874075\/","name":"Pompe hydraulique Nissan et Renault - 49110MB40A \/ 5001874075 - ENRIQUE REQUENA","isPartOf":{"@id":"https:\/\/www.enriquerequena.com\/fr\/#website"},"primaryImageOfPage":{"@id":"https:\/\/www.enriquerequena.com\/fr\/tienda-online\/pieces-detachees-de-remplacement-direction-essieux\/direction-assistee\/pompe-hydraulique-nissan-renault-49110mb40a-5001874075\/#primaryimage"},"image":{"@id":"https:\/\/www.enriquerequena.com\/fr\/tienda-online\/pieces-detachees-de-remplacement-direction-essieux\/direction-assistee\/pompe-hydraulique-nissan-renault-49110mb40a-5001874075\/#primaryimage"},"thumbnailUrl":"https:\/\/www.enriquerequena.com\/wp-content\/uploads\/2021\/05\/bomba-hidraulica-nissan-renault-1.jpg","datePublished":"2021-05-28T08:04:47+00:00","dateModified":"2023-02-07T15:19:30+00:00","description":"Nous avons pompe hydraulique pour Nissan et Renault. 70 ans d'exp\u00e9rience garantissent notre professionnalisme dans cet article.","breadcrumb":{"@id":"https:\/\/www.enriquerequena.com\/fr\/tienda-online\/pieces-detachees-de-remplacement-direction-essieux\/direction-assistee\/pompe-hydraulique-nissan-renault-49110mb40a-5001874075\/#breadcrumb"},"inLanguage":"fr-FR","potentialAction":[{"@type":"ReadAction","target":["https:\/\/www.enriquerequena.com\/fr\/tienda-online\/pieces-detachees-de-remplacement-direction-essieux\/direction-assistee\/pompe-hydraulique-nissan-renault-49110mb40a-5001874075\/"]}]},{"@type":"ImageObject","inLanguage":"fr-FR","@id":"https:\/\/www.enriquerequena.com\/fr\/tienda-online\/pieces-detachees-de-remplacement-direction-essieux\/direction-assistee\/pompe-hydraulique-nissan-renault-49110mb40a-5001874075\/#primaryimage","url":"https:\/\/www.enriquerequena.com\/wp-content\/uploads\/2021\/05\/bomba-hidraulica-nissan-renault-1.jpg","contentUrl":"https:\/\/www.enriquerequena.com\/wp-content\/uploads\/2021\/05\/bomba-hidraulica-nissan-renault-1.jpg","width":800,"height":800,"caption":"pompe hydraulique pour Nissan 49110EB700 \/ 49110MB400 \/ 49110EB300 \/ 49110MB40A et\u00a0Renault referencia 5001874075"},{"@type":"WebSite","@id":"https:\/\/www.enriquerequena.com\/fr\/#website","url":"https:\/\/www.enriquerequena.com\/fr\/","name":"ENRIQUE REQUENA","description":"Sp\u00e9cialistes des transmissions cardan avec des exp\u00e9ditions dans le monde entier et des pi\u00e8ces d\u00e9tach\u00e9es pour voitures, camions et accessoires \u00e0 Valence, en Espagne. Avec vous depuis 1950!","publisher":{"@id":"https:\/\/www.enriquerequena.com\/fr\/#organization"},"potentialAction":[{"@type":"SearchAction","target":{"@type":"EntryPoint","urlTemplate":"https:\/\/www.enriquerequena.com\/fr\/?s={search_term_string}"},"query-input":{"@type":"PropertyValueSpecification","valueRequired":true,"valueName":"search_term_string"}}],"inLanguage":"fr-FR"},{"@type":"Organization","@id":"https:\/\/www.enriquerequena.com\/fr\/#organization","name":"Enrique Requena S.L.","url":"https:\/\/www.enriquerequena.com\/fr\/","logo":{"@type":"ImageObject","inLanguage":"fr-FR","@id":"https:\/\/www.enriquerequena.com\/fr\/#\/schema\/logo\/image\/","url":"https:\/\/www.enriquerequena.com\/wp-content\/uploads\/2019\/11\/enrique-requena-recambios-logotipo.jpg","contentUrl":"https:\/\/www.enriquerequena.com\/wp-content\/uploads\/2019\/11\/enrique-requena-recambios-logotipo.jpg","width":381,"height":75,"caption":"Enrique Requena S.L."},"image":{"@id":"https:\/\/www.enriquerequena.com\/fr\/#\/schema\/logo\/image\/"}}]}},"_links":{"self":[{"href":"https:\/\/www.enriquerequena.com\/fr\/wp-json\/wp\/v2\/product\/17144","targetHints":{"allow":["GET"]}}],"collection":[{"href":"https:\/\/www.enriquerequena.com\/fr\/wp-json\/wp\/v2\/product"}],"about":[{"href":"https:\/\/www.enriquerequena.com\/fr\/wp-json\/wp\/v2\/types\/product"}],"wp:featuredmedia":[{"embeddable":true,"href":"https:\/\/www.enriquerequena.com\/fr\/wp-json\/wp\/v2\/media\/17221"}],"wp:attachment":[{"href":"https:\/\/www.enriquerequena.com\/fr\/wp-json\/wp\/v2\/media?parent=17144"}],"wp:term":[{"taxonomy":"product_brand","embeddable":true,"href":"https:\/\/www.enriquerequena.com\/fr\/wp-json\/wp\/v2\/product_brand?post=17144"},{"taxonomy":"product_cat","embeddable":true,"href":"https:\/\/www.enriquerequena.com\/fr\/wp-json\/wp\/v2\/product_cat?post=17144"},{"taxonomy":"product_tag","embeddable":true,"href":"https:\/\/www.enriquerequena.com\/fr\/wp-json\/wp\/v2\/product_tag?post=17144"}],"curies":[{"name":"wp","href":"https:\/\/api.w.org\/{rel}","templated":true}]}}