{"id":19501,"date":"2021-10-19T10:24:58","date_gmt":"2021-10-19T08:24:58","guid":{"rendered":"https:\/\/www.enriquerequena.com\/?post_type=product&#038;p=19501"},"modified":"2025-11-19T16:32:45","modified_gmt":"2025-11-19T15:32:45","slug":"maitre-cylindre-de-frein-nissan-atleon-472109x60a","status":"publish","type":"product","link":"https:\/\/www.enriquerequena.com\/fr\/tienda-online\/pieces-detachees-rechanges-frein-freinage\/chambres-de-frein-de-stationnement\/maitre-cylindre-de-frein-nissan-atleon-472109x60a\/","title":{"rendered":"Ma\u00eetre-Cylindre De Frein pour Nissan Atleon &#8211; 472109X60A"},"content":{"rendered":"<p><strong>Ma\u00eetre Cylindre De Frein pour Nissan Atleon <\/strong>avec r\u00e9f\u00e9rences <strong>472109X60A, 472109X404, 472109X403, 064004440 et 06400444-0<\/strong>\u00a0est une pi\u00e8ce de Nissan <strong>neuve avec une garantie d\u2019un an<\/strong>. C\u2019est le choix le plus \u00e9conomique.<\/p>\n<p>Nos pi\u00e9ces de rechange sont similaires \u00e0 ceux des OEM avec les meilleurs prix du march\u00e9.<\/p>\n<p>Nous vendons des pi\u00e8ces d\u00e9tach\u00e9es ou pi\u00e8ces de rechange \u00e0 Valence depuis 1950 et nous vendons aussi en ligne dans le monde entier.<\/p>\n<p>N\u00b4h\u00e9sitez pas \u00e0 nous consulter pour d\u00b4autres mod\u00e8les de tout type de v\u00e9hicule. Nous avons une exp\u00e9rience de 70 ans.<\/p>\n<p>Caract\u00e9ristiques techniques:<\/p>\n<ul>\n<li>Pi\u00e8ce de rechange:<strong> Ma\u00eetre Cylindre De Frein<\/strong><\/li>\n<li>Mod\u00e8le: <strong>Nissan Atleon<\/strong><\/li>\n<li>Etat: pi\u00e8ce neuve<\/li>\n<li>Garantie d\u2019un an<\/li>\n<li><strong>R\u00e9f\u00e9rences:<\/strong>\n<ul>\n<li>472109X60A<\/li>\n<li>472109X404<\/li>\n<li>472109X403<\/li>\n<li>064004440<\/li>\n<li>06400444-0<\/li>\n<\/ul>\n<\/li>\n<\/ul>\n","protected":false},"excerpt":{"rendered":"<p><strong>Ma\u00eetre Cylindre De Frein pour Nissan Atleon <\/strong>avec r\u00e9f\u00e9rences <strong>472109X60A, 472109X404, 472109X403, 064004440 et 06400444-0.<\/strong> Est une pi\u00e8ce de rechange neuve avec une garantie d\u2019un an.<\/p>\n","protected":false},"featured_media":19691,"template":"","meta":[],"product_brand":[],"product_cat":[10036,9848,219,138],"product_tag":[],"class_list":{"0":"post-19501","1":"product","2":"type-product","3":"status-publish","4":"has-post-thumbnail","6":"product_cat-chambres-de-frein-de-stationnement","7":"product_cat-pieces-detachees-rechanges-frein-freinage","8":"product_cat-moteur-camion","9":"product_cat-pieces-rechange-camions","10":"pa_manufacturer-nissan","11":"pa_tipo-4x4","12":"pa_tipo-camions-poids-lourds","14":"first","15":"outofstock","16":"featured","17":"taxable","18":"shipping-taxable","19":"purchasable","20":"product-type-simple"},"yoast_head":"<!-- This site is optimized with the Yoast SEO plugin v27.1.1 - https:\/\/yoast.com\/product\/yoast-seo-wordpress\/ -->\n<title>Ma\u00eetre Cylindre De Frein Atleon - 472109X60A - ENRIQUE REQUENA<\/title>\n<meta name=\"description\" content=\"Ma\u00eetre Cylindre De Frein pour Nissan Atleon avec r\u00e9f\u00e9rences 472109X60A, 472109X404, 472109X403, 064004440 et 06400444-0.\" \/>\n<meta name=\"robots\" content=\"index, follow, max-snippet:-1, max-image-preview:large, max-video-preview:-1\" \/>\n<link rel=\"canonical\" href=\"https:\/\/www.enriquerequena.com\/fr\/tienda-online\/pieces-detachees-rechanges-frein-freinage\/chambres-de-frein-de-stationnement\/maitre-cylindre-de-frein-nissan-atleon-472109x60a\/\" \/>\n<meta property=\"og:locale\" content=\"fr_FR\" \/>\n<meta property=\"og:type\" content=\"article\" \/>\n<meta property=\"og:title\" content=\"Ma\u00eetre Cylindre De Frein Atleon - 472109X60A - ENRIQUE REQUENA\" \/>\n<meta property=\"og:description\" content=\"Ma\u00eetre Cylindre De Frein pour Nissan Atleon avec r\u00e9f\u00e9rences 472109X60A, 472109X404, 472109X403, 064004440 et 06400444-0.\" \/>\n<meta property=\"og:url\" content=\"https:\/\/www.enriquerequena.com\/fr\/tienda-online\/pieces-detachees-rechanges-frein-freinage\/chambres-de-frein-de-stationnement\/maitre-cylindre-de-frein-nissan-atleon-472109x60a\/\" \/>\n<meta property=\"og:site_name\" content=\"ENRIQUE REQUENA\" \/>\n<meta property=\"article:modified_time\" content=\"2025-11-19T15:32:45+00:00\" \/>\n<meta property=\"og:image\" content=\"https:\/\/www.enriquerequena.com\/wp-content\/uploads\/2021\/10\/freno-de-estacionamiento-nissan-atleon-472109X60A-1.jpg\" \/>\n\t<meta property=\"og:image:width\" content=\"800\" \/>\n\t<meta property=\"og:image:height\" content=\"800\" \/>\n\t<meta property=\"og:image:type\" content=\"image\/jpeg\" \/>\n<meta name=\"twitter:card\" content=\"summary_large_image\" \/>\n<meta name=\"twitter:label1\" content=\"Dur\u00e9e de lecture estim\u00e9e\" \/>\n\t<meta name=\"twitter:data1\" content=\"1 minute\" \/>\n<script type=\"application\/ld+json\" class=\"yoast-schema-graph\">{\"@context\":\"https:\/\/schema.org\",\"@graph\":[{\"@type\":\"WebPage\",\"@id\":\"https:\/\/www.enriquerequena.com\/fr\/tienda-online\/pieces-detachees-rechanges-frein-freinage\/chambres-de-frein-de-stationnement\/maitre-cylindre-de-frein-nissan-atleon-472109x60a\/\",\"url\":\"https:\/\/www.enriquerequena.com\/fr\/tienda-online\/pieces-detachees-rechanges-frein-freinage\/chambres-de-frein-de-stationnement\/maitre-cylindre-de-frein-nissan-atleon-472109x60a\/\",\"name\":\"Ma\u00eetre Cylindre De Frein Atleon - 472109X60A - ENRIQUE REQUENA\",\"isPartOf\":{\"@id\":\"https:\/\/www.enriquerequena.com\/fr\/#website\"},\"primaryImageOfPage\":{\"@id\":\"https:\/\/www.enriquerequena.com\/fr\/tienda-online\/pieces-detachees-rechanges-frein-freinage\/chambres-de-frein-de-stationnement\/maitre-cylindre-de-frein-nissan-atleon-472109x60a\/#primaryimage\"},\"image\":{\"@id\":\"https:\/\/www.enriquerequena.com\/fr\/tienda-online\/pieces-detachees-rechanges-frein-freinage\/chambres-de-frein-de-stationnement\/maitre-cylindre-de-frein-nissan-atleon-472109x60a\/#primaryimage\"},\"thumbnailUrl\":\"https:\/\/www.enriquerequena.com\/wp-content\/uploads\/2021\/10\/freno-de-estacionamiento-nissan-atleon-472109X60A-1.jpg\",\"datePublished\":\"2021-10-19T08:24:58+00:00\",\"dateModified\":\"2025-11-19T15:32:45+00:00\",\"description\":\"Ma\u00eetre Cylindre De Frein pour Nissan Atleon avec r\u00e9f\u00e9rences 472109X60A, 472109X404, 472109X403, 064004440 et 06400444-0.\",\"breadcrumb\":{\"@id\":\"https:\/\/www.enriquerequena.com\/fr\/tienda-online\/pieces-detachees-rechanges-frein-freinage\/chambres-de-frein-de-stationnement\/maitre-cylindre-de-frein-nissan-atleon-472109x60a\/#breadcrumb\"},\"inLanguage\":\"fr-FR\",\"potentialAction\":[{\"@type\":\"ReadAction\",\"target\":[\"https:\/\/www.enriquerequena.com\/fr\/tienda-online\/pieces-detachees-rechanges-frein-freinage\/chambres-de-frein-de-stationnement\/maitre-cylindre-de-frein-nissan-atleon-472109x60a\/\"]}]},{\"@type\":\"ImageObject\",\"inLanguage\":\"fr-FR\",\"@id\":\"https:\/\/www.enriquerequena.com\/fr\/tienda-online\/pieces-detachees-rechanges-frein-freinage\/chambres-de-frein-de-stationnement\/maitre-cylindre-de-frein-nissan-atleon-472109x60a\/#primaryimage\",\"url\":\"https:\/\/www.enriquerequena.com\/wp-content\/uploads\/2021\/10\/freno-de-estacionamiento-nissan-atleon-472109X60A-1.jpg\",\"contentUrl\":\"https:\/\/www.enriquerequena.com\/wp-content\/uploads\/2021\/10\/freno-de-estacionamiento-nissan-atleon-472109X60A-1.jpg\",\"width\":800,\"height\":800,\"caption\":\"Freno de Estacionamiento Atleon - 472109X60A\"},{\"@type\":\"WebSite\",\"@id\":\"https:\/\/www.enriquerequena.com\/fr\/#website\",\"url\":\"https:\/\/www.enriquerequena.com\/fr\/\",\"name\":\"ENRIQUE REQUENA\",\"description\":\"Sp\u00e9cialistes des transmissions cardan avec des exp\u00e9ditions dans le monde entier et des pi\u00e8ces d\u00e9tach\u00e9es pour voitures, camions et accessoires \u00e0 Valence, en Espagne. Avec vous depuis 1950!\",\"publisher\":{\"@id\":\"https:\/\/www.enriquerequena.com\/fr\/#organization\"},\"potentialAction\":[{\"@type\":\"SearchAction\",\"target\":{\"@type\":\"EntryPoint\",\"urlTemplate\":\"https:\/\/www.enriquerequena.com\/fr\/?s={search_term_string}\"},\"query-input\":{\"@type\":\"PropertyValueSpecification\",\"valueRequired\":true,\"valueName\":\"search_term_string\"}}],\"inLanguage\":\"fr-FR\"},{\"@type\":\"Organization\",\"@id\":\"https:\/\/www.enriquerequena.com\/fr\/#organization\",\"name\":\"Enrique Requena S.L.\",\"url\":\"https:\/\/www.enriquerequena.com\/fr\/\",\"logo\":{\"@type\":\"ImageObject\",\"inLanguage\":\"fr-FR\",\"@id\":\"https:\/\/www.enriquerequena.com\/fr\/#\/schema\/logo\/image\/\",\"url\":\"https:\/\/www.enriquerequena.com\/wp-content\/uploads\/2019\/11\/enrique-requena-recambios-logotipo.jpg\",\"contentUrl\":\"https:\/\/www.enriquerequena.com\/wp-content\/uploads\/2019\/11\/enrique-requena-recambios-logotipo.jpg\",\"width\":381,\"height\":75,\"caption\":\"Enrique Requena S.L.\"},\"image\":{\"@id\":\"https:\/\/www.enriquerequena.com\/fr\/#\/schema\/logo\/image\/\"}}]}<\/script>\n<!-- \/ Yoast SEO plugin. -->","yoast_head_json":{"title":"Ma\u00eetre Cylindre De Frein Atleon - 472109X60A - ENRIQUE REQUENA","description":"Ma\u00eetre Cylindre De Frein pour Nissan Atleon avec r\u00e9f\u00e9rences 472109X60A, 472109X404, 472109X403, 064004440 et 06400444-0.","robots":{"index":"index","follow":"follow","max-snippet":"max-snippet:-1","max-image-preview":"max-image-preview:large","max-video-preview":"max-video-preview:-1"},"canonical":"https:\/\/www.enriquerequena.com\/fr\/tienda-online\/pieces-detachees-rechanges-frein-freinage\/chambres-de-frein-de-stationnement\/maitre-cylindre-de-frein-nissan-atleon-472109x60a\/","og_locale":"fr_FR","og_type":"article","og_title":"Ma\u00eetre Cylindre De Frein Atleon - 472109X60A - ENRIQUE REQUENA","og_description":"Ma\u00eetre Cylindre De Frein pour Nissan Atleon avec r\u00e9f\u00e9rences 472109X60A, 472109X404, 472109X403, 064004440 et 06400444-0.","og_url":"https:\/\/www.enriquerequena.com\/fr\/tienda-online\/pieces-detachees-rechanges-frein-freinage\/chambres-de-frein-de-stationnement\/maitre-cylindre-de-frein-nissan-atleon-472109x60a\/","og_site_name":"ENRIQUE REQUENA","article_modified_time":"2025-11-19T15:32:45+00:00","og_image":[{"width":800,"height":800,"url":"https:\/\/www.enriquerequena.com\/wp-content\/uploads\/2021\/10\/freno-de-estacionamiento-nissan-atleon-472109X60A-1.jpg","type":"image\/jpeg"}],"twitter_card":"summary_large_image","twitter_misc":{"Dur\u00e9e de lecture estim\u00e9e":"1 minute"},"schema":{"@context":"https:\/\/schema.org","@graph":[{"@type":"WebPage","@id":"https:\/\/www.enriquerequena.com\/fr\/tienda-online\/pieces-detachees-rechanges-frein-freinage\/chambres-de-frein-de-stationnement\/maitre-cylindre-de-frein-nissan-atleon-472109x60a\/","url":"https:\/\/www.enriquerequena.com\/fr\/tienda-online\/pieces-detachees-rechanges-frein-freinage\/chambres-de-frein-de-stationnement\/maitre-cylindre-de-frein-nissan-atleon-472109x60a\/","name":"Ma\u00eetre Cylindre De Frein Atleon - 472109X60A - ENRIQUE REQUENA","isPartOf":{"@id":"https:\/\/www.enriquerequena.com\/fr\/#website"},"primaryImageOfPage":{"@id":"https:\/\/www.enriquerequena.com\/fr\/tienda-online\/pieces-detachees-rechanges-frein-freinage\/chambres-de-frein-de-stationnement\/maitre-cylindre-de-frein-nissan-atleon-472109x60a\/#primaryimage"},"image":{"@id":"https:\/\/www.enriquerequena.com\/fr\/tienda-online\/pieces-detachees-rechanges-frein-freinage\/chambres-de-frein-de-stationnement\/maitre-cylindre-de-frein-nissan-atleon-472109x60a\/#primaryimage"},"thumbnailUrl":"https:\/\/www.enriquerequena.com\/wp-content\/uploads\/2021\/10\/freno-de-estacionamiento-nissan-atleon-472109X60A-1.jpg","datePublished":"2021-10-19T08:24:58+00:00","dateModified":"2025-11-19T15:32:45+00:00","description":"Ma\u00eetre Cylindre De Frein pour Nissan Atleon avec r\u00e9f\u00e9rences 472109X60A, 472109X404, 472109X403, 064004440 et 06400444-0.","breadcrumb":{"@id":"https:\/\/www.enriquerequena.com\/fr\/tienda-online\/pieces-detachees-rechanges-frein-freinage\/chambres-de-frein-de-stationnement\/maitre-cylindre-de-frein-nissan-atleon-472109x60a\/#breadcrumb"},"inLanguage":"fr-FR","potentialAction":[{"@type":"ReadAction","target":["https:\/\/www.enriquerequena.com\/fr\/tienda-online\/pieces-detachees-rechanges-frein-freinage\/chambres-de-frein-de-stationnement\/maitre-cylindre-de-frein-nissan-atleon-472109x60a\/"]}]},{"@type":"ImageObject","inLanguage":"fr-FR","@id":"https:\/\/www.enriquerequena.com\/fr\/tienda-online\/pieces-detachees-rechanges-frein-freinage\/chambres-de-frein-de-stationnement\/maitre-cylindre-de-frein-nissan-atleon-472109x60a\/#primaryimage","url":"https:\/\/www.enriquerequena.com\/wp-content\/uploads\/2021\/10\/freno-de-estacionamiento-nissan-atleon-472109X60A-1.jpg","contentUrl":"https:\/\/www.enriquerequena.com\/wp-content\/uploads\/2021\/10\/freno-de-estacionamiento-nissan-atleon-472109X60A-1.jpg","width":800,"height":800,"caption":"Freno de Estacionamiento Atleon - 472109X60A"},{"@type":"WebSite","@id":"https:\/\/www.enriquerequena.com\/fr\/#website","url":"https:\/\/www.enriquerequena.com\/fr\/","name":"ENRIQUE REQUENA","description":"Sp\u00e9cialistes des transmissions cardan avec des exp\u00e9ditions dans le monde entier et des pi\u00e8ces d\u00e9tach\u00e9es pour voitures, camions et accessoires \u00e0 Valence, en Espagne. Avec vous depuis 1950!","publisher":{"@id":"https:\/\/www.enriquerequena.com\/fr\/#organization"},"potentialAction":[{"@type":"SearchAction","target":{"@type":"EntryPoint","urlTemplate":"https:\/\/www.enriquerequena.com\/fr\/?s={search_term_string}"},"query-input":{"@type":"PropertyValueSpecification","valueRequired":true,"valueName":"search_term_string"}}],"inLanguage":"fr-FR"},{"@type":"Organization","@id":"https:\/\/www.enriquerequena.com\/fr\/#organization","name":"Enrique Requena S.L.","url":"https:\/\/www.enriquerequena.com\/fr\/","logo":{"@type":"ImageObject","inLanguage":"fr-FR","@id":"https:\/\/www.enriquerequena.com\/fr\/#\/schema\/logo\/image\/","url":"https:\/\/www.enriquerequena.com\/wp-content\/uploads\/2019\/11\/enrique-requena-recambios-logotipo.jpg","contentUrl":"https:\/\/www.enriquerequena.com\/wp-content\/uploads\/2019\/11\/enrique-requena-recambios-logotipo.jpg","width":381,"height":75,"caption":"Enrique Requena S.L."},"image":{"@id":"https:\/\/www.enriquerequena.com\/fr\/#\/schema\/logo\/image\/"}}]}},"_links":{"self":[{"href":"https:\/\/www.enriquerequena.com\/fr\/wp-json\/wp\/v2\/product\/19501","targetHints":{"allow":["GET"]}}],"collection":[{"href":"https:\/\/www.enriquerequena.com\/fr\/wp-json\/wp\/v2\/product"}],"about":[{"href":"https:\/\/www.enriquerequena.com\/fr\/wp-json\/wp\/v2\/types\/product"}],"wp:featuredmedia":[{"embeddable":true,"href":"https:\/\/www.enriquerequena.com\/fr\/wp-json\/wp\/v2\/media\/19691"}],"wp:attachment":[{"href":"https:\/\/www.enriquerequena.com\/fr\/wp-json\/wp\/v2\/media?parent=19501"}],"wp:term":[{"taxonomy":"product_brand","embeddable":true,"href":"https:\/\/www.enriquerequena.com\/fr\/wp-json\/wp\/v2\/product_brand?post=19501"},{"taxonomy":"product_cat","embeddable":true,"href":"https:\/\/www.enriquerequena.com\/fr\/wp-json\/wp\/v2\/product_cat?post=19501"},{"taxonomy":"product_tag","embeddable":true,"href":"https:\/\/www.enriquerequena.com\/fr\/wp-json\/wp\/v2\/product_tag?post=19501"}],"curies":[{"name":"wp","href":"https:\/\/api.w.org\/{rel}","templated":true}]}}