{"id":19818,"date":"2021-11-06T12:47:12","date_gmt":"2021-11-06T11:47:12","guid":{"rendered":"https:\/\/www.enriquerequena.com\/?post_type=product&#038;p=19818"},"modified":"2023-02-07T16:13:18","modified_gmt":"2023-02-07T15:13:18","slug":"boite-de-vitesse-manuelle-nissan-344139x203","status":"publish","type":"product","link":"https:\/\/www.enriquerequena.com\/fr\/tienda-online\/pieces-detachees-pieces-de-rechange-boites-de-vitesses-boites-de-transfert\/cables-changement-vitesses\/boite-de-vitesse-manuelle-nissan-344139x203\/","title":{"rendered":"Tirette \u00c0 C\u00e2ble, Bo\u00eete De Vitesse Manuelle Nissan &#8211; 344139X203"},"content":{"rendered":"<p><strong>Tirette \u00c0 C\u00e2ble, Bo\u00eete De Vitesse Manuelle pour Nissan Cabstar <\/strong>avec r\u00e9f\u00e9rences 344139X203, 34413F3902 et 34413F3900 est une pi\u00e8ce de Nissan <strong>neuve avec une garantie d\u2019un an<\/strong>. C\u2019est le choix le plus \u00e9conomique.<\/p>\n<p>Nous vendons des pi\u00e8ces d\u00e9tach\u00e9es ou pi\u00e8ces de rechange \u00e0 Valence depuis 1950 et nous vendons aussi en ligne dans le monde entier.<\/p>\n<p>N\u00b4h\u00e9sitez pas \u00e0 nous consulter pour d\u00b4autres mod\u00e8les de tout type de v\u00e9hicule. Nous avons une exp\u00e9rience de 70 ans.<\/p>\n<p>Nos pi\u00e9ces de rechange sont similaires \u00e0 ceux des OEM avec les meilleurs prix du march\u00e9.<\/p>\n<p>Caract\u00e9ristiques techniques:<\/p>\n<ul>\n<li>Pi\u00e8ce de rechange: Tirette \u00c0 C\u00e2ble, Bo\u00eete De Vitesse Manuelle<\/li>\n<li>Mod\u00e8le: <strong>Nissan Cabstar<\/strong><\/li>\n<li>Etat: pi\u00e8ce neuve<\/li>\n<li>Garantie d\u2019un an<\/li>\n<li>Mesure: 3.036 \/ 3.191 mm<\/li>\n<li><strong>R\u00e9f\u00e9rences:<\/strong>\n<ul>\n<li>344139X203<\/li>\n<li>34413F3902<\/li>\n<li>34413F3900<\/li>\n<\/ul>\n<\/li>\n<\/ul>\n","protected":false},"excerpt":{"rendered":"<p><strong>Tirette \u00c0 C\u00e2ble, Bo\u00eete De Vitesse Manuelle pour Nissan Cabstar <\/strong>avec r\u00e9f\u00e9rences <strong>344139X203, 34413F3902 et 34413F3900.<\/strong> Est une pi\u00e8ce de rechange neuve avec une garantie d\u2019un an.<\/p>\n","protected":false},"featured_media":19821,"template":"","meta":[],"product_brand":[],"product_cat":[222,9833,9874,138],"product_tag":[],"class_list":{"0":"post-19818","1":"product","2":"type-product","3":"status-publish","4":"has-post-thumbnail","6":"product_cat-boite-vitesse","7":"product_cat-pieces-detachees-pieces-de-rechange-boites-de-vitesses-boites-de-transfert","8":"product_cat-cables-changement-vitesses","9":"product_cat-pieces-rechange-camions","10":"pa_manufacturer-nissan","11":"pa_tipo-camions-poids-lourds","13":"first","14":"instock","15":"taxable","16":"shipping-taxable","17":"purchasable","18":"product-type-simple"},"yoast_head":"<!-- This site is optimized with the Yoast SEO plugin v27.1.1 - https:\/\/yoast.com\/product\/yoast-seo-wordpress\/ -->\n<title>Bo\u00eete de Vitesse Manuelle Nissan 344139X203 - ENRIQUE REQUENA<\/title>\n<meta name=\"description\" content=\"Tirette \u00c0 C\u00e2ble, Bo\u00eete De Vitesse Manuelle pour Nissan Cabstar avec r\u00e9f\u00e9rences 344139X203, 34413F3902 et 34413F3900. Pi\u00e8ce neuve.\" \/>\n<meta name=\"robots\" content=\"index, follow, max-snippet:-1, max-image-preview:large, max-video-preview:-1\" \/>\n<link rel=\"canonical\" href=\"https:\/\/www.enriquerequena.com\/fr\/tienda-online\/pieces-detachees-pieces-de-rechange-boites-de-vitesses-boites-de-transfert\/cables-changement-vitesses\/boite-de-vitesse-manuelle-nissan-344139x203\/\" \/>\n<meta property=\"og:locale\" content=\"fr_FR\" \/>\n<meta property=\"og:type\" content=\"article\" \/>\n<meta property=\"og:title\" content=\"Bo\u00eete de Vitesse Manuelle Nissan 344139X203 - ENRIQUE REQUENA\" \/>\n<meta property=\"og:description\" content=\"Tirette \u00c0 C\u00e2ble, Bo\u00eete De Vitesse Manuelle pour Nissan Cabstar avec r\u00e9f\u00e9rences 344139X203, 34413F3902 et 34413F3900. Pi\u00e8ce neuve.\" \/>\n<meta property=\"og:url\" content=\"https:\/\/www.enriquerequena.com\/fr\/tienda-online\/pieces-detachees-pieces-de-rechange-boites-de-vitesses-boites-de-transfert\/cables-changement-vitesses\/boite-de-vitesse-manuelle-nissan-344139x203\/\" \/>\n<meta property=\"og:site_name\" content=\"ENRIQUE REQUENA\" \/>\n<meta property=\"article:modified_time\" content=\"2023-02-07T15:13:18+00:00\" \/>\n<meta property=\"og:image\" content=\"https:\/\/www.enriquerequena.com\/wp-content\/uploads\/2021\/11\/cable-de-cambio-nissan-cabstar-344139X203.jpg\" \/>\n\t<meta property=\"og:image:width\" content=\"800\" \/>\n\t<meta property=\"og:image:height\" content=\"800\" \/>\n\t<meta property=\"og:image:type\" content=\"image\/jpeg\" \/>\n<meta name=\"twitter:card\" content=\"summary_large_image\" \/>\n<meta name=\"twitter:label1\" content=\"Dur\u00e9e de lecture estim\u00e9e\" \/>\n\t<meta name=\"twitter:data1\" content=\"1 minute\" \/>\n<script type=\"application\/ld+json\" class=\"yoast-schema-graph\">{\"@context\":\"https:\/\/schema.org\",\"@graph\":[{\"@type\":\"WebPage\",\"@id\":\"https:\/\/www.enriquerequena.com\/fr\/tienda-online\/pieces-detachees-pieces-de-rechange-boites-de-vitesses-boites-de-transfert\/cables-changement-vitesses\/boite-de-vitesse-manuelle-nissan-344139x203\/\",\"url\":\"https:\/\/www.enriquerequena.com\/fr\/tienda-online\/pieces-detachees-pieces-de-rechange-boites-de-vitesses-boites-de-transfert\/cables-changement-vitesses\/boite-de-vitesse-manuelle-nissan-344139x203\/\",\"name\":\"Bo\u00eete de Vitesse Manuelle Nissan 344139X203 - ENRIQUE REQUENA\",\"isPartOf\":{\"@id\":\"https:\/\/www.enriquerequena.com\/fr\/#website\"},\"primaryImageOfPage\":{\"@id\":\"https:\/\/www.enriquerequena.com\/fr\/tienda-online\/pieces-detachees-pieces-de-rechange-boites-de-vitesses-boites-de-transfert\/cables-changement-vitesses\/boite-de-vitesse-manuelle-nissan-344139x203\/#primaryimage\"},\"image\":{\"@id\":\"https:\/\/www.enriquerequena.com\/fr\/tienda-online\/pieces-detachees-pieces-de-rechange-boites-de-vitesses-boites-de-transfert\/cables-changement-vitesses\/boite-de-vitesse-manuelle-nissan-344139x203\/#primaryimage\"},\"thumbnailUrl\":\"https:\/\/www.enriquerequena.com\/wp-content\/uploads\/2021\/11\/cable-de-cambio-nissan-cabstar-344139X203.jpg\",\"datePublished\":\"2021-11-06T11:47:12+00:00\",\"dateModified\":\"2023-02-07T15:13:18+00:00\",\"description\":\"Tirette \u00c0 C\u00e2ble, Bo\u00eete De Vitesse Manuelle pour Nissan Cabstar avec r\u00e9f\u00e9rences 344139X203, 34413F3902 et 34413F3900. Pi\u00e8ce neuve.\",\"breadcrumb\":{\"@id\":\"https:\/\/www.enriquerequena.com\/fr\/tienda-online\/pieces-detachees-pieces-de-rechange-boites-de-vitesses-boites-de-transfert\/cables-changement-vitesses\/boite-de-vitesse-manuelle-nissan-344139x203\/#breadcrumb\"},\"inLanguage\":\"fr-FR\",\"potentialAction\":[{\"@type\":\"ReadAction\",\"target\":[\"https:\/\/www.enriquerequena.com\/fr\/tienda-online\/pieces-detachees-pieces-de-rechange-boites-de-vitesses-boites-de-transfert\/cables-changement-vitesses\/boite-de-vitesse-manuelle-nissan-344139x203\/\"]}]},{\"@type\":\"ImageObject\",\"inLanguage\":\"fr-FR\",\"@id\":\"https:\/\/www.enriquerequena.com\/fr\/tienda-online\/pieces-detachees-pieces-de-rechange-boites-de-vitesses-boites-de-transfert\/cables-changement-vitesses\/boite-de-vitesse-manuelle-nissan-344139x203\/#primaryimage\",\"url\":\"https:\/\/www.enriquerequena.com\/wp-content\/uploads\/2021\/11\/cable-de-cambio-nissan-cabstar-344139X203.jpg\",\"contentUrl\":\"https:\/\/www.enriquerequena.com\/wp-content\/uploads\/2021\/11\/cable-de-cambio-nissan-cabstar-344139X203.jpg\",\"width\":800,\"height\":800,\"caption\":\"Bo\u00eete de Vitesse Manuelle Nissan 344139X203 \/ Cable de Cambio para Nissan Cabstar con referencias 344139X203, 34413F3902 y 34413F3900\"},{\"@type\":\"WebSite\",\"@id\":\"https:\/\/www.enriquerequena.com\/fr\/#website\",\"url\":\"https:\/\/www.enriquerequena.com\/fr\/\",\"name\":\"ENRIQUE REQUENA\",\"description\":\"Sp\u00e9cialistes des transmissions cardan avec des exp\u00e9ditions dans le monde entier et des pi\u00e8ces d\u00e9tach\u00e9es pour voitures, camions et accessoires \u00e0 Valence, en Espagne. Avec vous depuis 1950!\",\"publisher\":{\"@id\":\"https:\/\/www.enriquerequena.com\/fr\/#organization\"},\"potentialAction\":[{\"@type\":\"SearchAction\",\"target\":{\"@type\":\"EntryPoint\",\"urlTemplate\":\"https:\/\/www.enriquerequena.com\/fr\/?s={search_term_string}\"},\"query-input\":{\"@type\":\"PropertyValueSpecification\",\"valueRequired\":true,\"valueName\":\"search_term_string\"}}],\"inLanguage\":\"fr-FR\"},{\"@type\":\"Organization\",\"@id\":\"https:\/\/www.enriquerequena.com\/fr\/#organization\",\"name\":\"Enrique Requena S.L.\",\"url\":\"https:\/\/www.enriquerequena.com\/fr\/\",\"logo\":{\"@type\":\"ImageObject\",\"inLanguage\":\"fr-FR\",\"@id\":\"https:\/\/www.enriquerequena.com\/fr\/#\/schema\/logo\/image\/\",\"url\":\"https:\/\/www.enriquerequena.com\/wp-content\/uploads\/2019\/11\/enrique-requena-recambios-logotipo.jpg\",\"contentUrl\":\"https:\/\/www.enriquerequena.com\/wp-content\/uploads\/2019\/11\/enrique-requena-recambios-logotipo.jpg\",\"width\":381,\"height\":75,\"caption\":\"Enrique Requena S.L.\"},\"image\":{\"@id\":\"https:\/\/www.enriquerequena.com\/fr\/#\/schema\/logo\/image\/\"}}]}<\/script>\n<!-- \/ Yoast SEO plugin. -->","yoast_head_json":{"title":"Bo\u00eete de Vitesse Manuelle Nissan 344139X203 - ENRIQUE REQUENA","description":"Tirette \u00c0 C\u00e2ble, Bo\u00eete De Vitesse Manuelle pour Nissan Cabstar avec r\u00e9f\u00e9rences 344139X203, 34413F3902 et 34413F3900. Pi\u00e8ce neuve.","robots":{"index":"index","follow":"follow","max-snippet":"max-snippet:-1","max-image-preview":"max-image-preview:large","max-video-preview":"max-video-preview:-1"},"canonical":"https:\/\/www.enriquerequena.com\/fr\/tienda-online\/pieces-detachees-pieces-de-rechange-boites-de-vitesses-boites-de-transfert\/cables-changement-vitesses\/boite-de-vitesse-manuelle-nissan-344139x203\/","og_locale":"fr_FR","og_type":"article","og_title":"Bo\u00eete de Vitesse Manuelle Nissan 344139X203 - ENRIQUE REQUENA","og_description":"Tirette \u00c0 C\u00e2ble, Bo\u00eete De Vitesse Manuelle pour Nissan Cabstar avec r\u00e9f\u00e9rences 344139X203, 34413F3902 et 34413F3900. Pi\u00e8ce neuve.","og_url":"https:\/\/www.enriquerequena.com\/fr\/tienda-online\/pieces-detachees-pieces-de-rechange-boites-de-vitesses-boites-de-transfert\/cables-changement-vitesses\/boite-de-vitesse-manuelle-nissan-344139x203\/","og_site_name":"ENRIQUE REQUENA","article_modified_time":"2023-02-07T15:13:18+00:00","og_image":[{"width":800,"height":800,"url":"https:\/\/www.enriquerequena.com\/wp-content\/uploads\/2021\/11\/cable-de-cambio-nissan-cabstar-344139X203.jpg","type":"image\/jpeg"}],"twitter_card":"summary_large_image","twitter_misc":{"Dur\u00e9e de lecture estim\u00e9e":"1 minute"},"schema":{"@context":"https:\/\/schema.org","@graph":[{"@type":"WebPage","@id":"https:\/\/www.enriquerequena.com\/fr\/tienda-online\/pieces-detachees-pieces-de-rechange-boites-de-vitesses-boites-de-transfert\/cables-changement-vitesses\/boite-de-vitesse-manuelle-nissan-344139x203\/","url":"https:\/\/www.enriquerequena.com\/fr\/tienda-online\/pieces-detachees-pieces-de-rechange-boites-de-vitesses-boites-de-transfert\/cables-changement-vitesses\/boite-de-vitesse-manuelle-nissan-344139x203\/","name":"Bo\u00eete de Vitesse Manuelle Nissan 344139X203 - ENRIQUE REQUENA","isPartOf":{"@id":"https:\/\/www.enriquerequena.com\/fr\/#website"},"primaryImageOfPage":{"@id":"https:\/\/www.enriquerequena.com\/fr\/tienda-online\/pieces-detachees-pieces-de-rechange-boites-de-vitesses-boites-de-transfert\/cables-changement-vitesses\/boite-de-vitesse-manuelle-nissan-344139x203\/#primaryimage"},"image":{"@id":"https:\/\/www.enriquerequena.com\/fr\/tienda-online\/pieces-detachees-pieces-de-rechange-boites-de-vitesses-boites-de-transfert\/cables-changement-vitesses\/boite-de-vitesse-manuelle-nissan-344139x203\/#primaryimage"},"thumbnailUrl":"https:\/\/www.enriquerequena.com\/wp-content\/uploads\/2021\/11\/cable-de-cambio-nissan-cabstar-344139X203.jpg","datePublished":"2021-11-06T11:47:12+00:00","dateModified":"2023-02-07T15:13:18+00:00","description":"Tirette \u00c0 C\u00e2ble, Bo\u00eete De Vitesse Manuelle pour Nissan Cabstar avec r\u00e9f\u00e9rences 344139X203, 34413F3902 et 34413F3900. Pi\u00e8ce neuve.","breadcrumb":{"@id":"https:\/\/www.enriquerequena.com\/fr\/tienda-online\/pieces-detachees-pieces-de-rechange-boites-de-vitesses-boites-de-transfert\/cables-changement-vitesses\/boite-de-vitesse-manuelle-nissan-344139x203\/#breadcrumb"},"inLanguage":"fr-FR","potentialAction":[{"@type":"ReadAction","target":["https:\/\/www.enriquerequena.com\/fr\/tienda-online\/pieces-detachees-pieces-de-rechange-boites-de-vitesses-boites-de-transfert\/cables-changement-vitesses\/boite-de-vitesse-manuelle-nissan-344139x203\/"]}]},{"@type":"ImageObject","inLanguage":"fr-FR","@id":"https:\/\/www.enriquerequena.com\/fr\/tienda-online\/pieces-detachees-pieces-de-rechange-boites-de-vitesses-boites-de-transfert\/cables-changement-vitesses\/boite-de-vitesse-manuelle-nissan-344139x203\/#primaryimage","url":"https:\/\/www.enriquerequena.com\/wp-content\/uploads\/2021\/11\/cable-de-cambio-nissan-cabstar-344139X203.jpg","contentUrl":"https:\/\/www.enriquerequena.com\/wp-content\/uploads\/2021\/11\/cable-de-cambio-nissan-cabstar-344139X203.jpg","width":800,"height":800,"caption":"Bo\u00eete de Vitesse Manuelle Nissan 344139X203 \/ Cable de Cambio para Nissan Cabstar con referencias 344139X203, 34413F3902 y 34413F3900"},{"@type":"WebSite","@id":"https:\/\/www.enriquerequena.com\/fr\/#website","url":"https:\/\/www.enriquerequena.com\/fr\/","name":"ENRIQUE REQUENA","description":"Sp\u00e9cialistes des transmissions cardan avec des exp\u00e9ditions dans le monde entier et des pi\u00e8ces d\u00e9tach\u00e9es pour voitures, camions et accessoires \u00e0 Valence, en Espagne. Avec vous depuis 1950!","publisher":{"@id":"https:\/\/www.enriquerequena.com\/fr\/#organization"},"potentialAction":[{"@type":"SearchAction","target":{"@type":"EntryPoint","urlTemplate":"https:\/\/www.enriquerequena.com\/fr\/?s={search_term_string}"},"query-input":{"@type":"PropertyValueSpecification","valueRequired":true,"valueName":"search_term_string"}}],"inLanguage":"fr-FR"},{"@type":"Organization","@id":"https:\/\/www.enriquerequena.com\/fr\/#organization","name":"Enrique Requena S.L.","url":"https:\/\/www.enriquerequena.com\/fr\/","logo":{"@type":"ImageObject","inLanguage":"fr-FR","@id":"https:\/\/www.enriquerequena.com\/fr\/#\/schema\/logo\/image\/","url":"https:\/\/www.enriquerequena.com\/wp-content\/uploads\/2019\/11\/enrique-requena-recambios-logotipo.jpg","contentUrl":"https:\/\/www.enriquerequena.com\/wp-content\/uploads\/2019\/11\/enrique-requena-recambios-logotipo.jpg","width":381,"height":75,"caption":"Enrique Requena S.L."},"image":{"@id":"https:\/\/www.enriquerequena.com\/fr\/#\/schema\/logo\/image\/"}}]}},"_links":{"self":[{"href":"https:\/\/www.enriquerequena.com\/fr\/wp-json\/wp\/v2\/product\/19818","targetHints":{"allow":["GET"]}}],"collection":[{"href":"https:\/\/www.enriquerequena.com\/fr\/wp-json\/wp\/v2\/product"}],"about":[{"href":"https:\/\/www.enriquerequena.com\/fr\/wp-json\/wp\/v2\/types\/product"}],"wp:featuredmedia":[{"embeddable":true,"href":"https:\/\/www.enriquerequena.com\/fr\/wp-json\/wp\/v2\/media\/19821"}],"wp:attachment":[{"href":"https:\/\/www.enriquerequena.com\/fr\/wp-json\/wp\/v2\/media?parent=19818"}],"wp:term":[{"taxonomy":"product_brand","embeddable":true,"href":"https:\/\/www.enriquerequena.com\/fr\/wp-json\/wp\/v2\/product_brand?post=19818"},{"taxonomy":"product_cat","embeddable":true,"href":"https:\/\/www.enriquerequena.com\/fr\/wp-json\/wp\/v2\/product_cat?post=19818"},{"taxonomy":"product_tag","embeddable":true,"href":"https:\/\/www.enriquerequena.com\/fr\/wp-json\/wp\/v2\/product_tag?post=19818"}],"curies":[{"name":"wp","href":"https:\/\/api.w.org\/{rel}","templated":true}]}}