{"id":20662,"date":"2021-11-30T13:32:27","date_gmt":"2021-11-30T12:32:27","guid":{"rendered":"https:\/\/www.enriquerequena.com\/?post_type=product&#038;p=20662"},"modified":"2023-02-07T15:57:58","modified_gmt":"2023-02-07T14:57:58","slug":"poulie-de-vilebrequin-nissan-atleon-1230369t05","status":"publish","type":"product","link":"https:\/\/www.enriquerequena.com\/fr\/tienda-online\/pieces-detachees-remplacements-moteur\/poulie-de-vilebrequin\/poulie-de-vilebrequin-nissan-atleon-1230369t05\/","title":{"rendered":"Poulie de Vilebrequin Nissan Atleon &#8211; 1230369T05"},"content":{"rendered":"<p><strong>Poulie de Vilebrequin Nissan Atleon <\/strong>avec r\u00e9f\u00e9rence 1230369T05 est une pi\u00e8ce de rechange de Nissan <strong>neuve avec une garantie d\u2019un an<\/strong>. C\u2019est le choix le plus \u00e9conomique.<\/p>\n<p>Nous vendons des pi\u00e8ces de rechange. Nos poulie de vilebrequin sont similaires \u00e0 ceux des OEM avec les meilleurs prix du march\u00e9.<\/p>\n<p>N\u00b4h\u00e9sitez pas \u00e0 nous consulter pour d\u00b4autres mod\u00e8les de poulie de vilebrequin de tout type de v\u00e9hicule. Nous vendons des pi\u00e8ces d\u00e9tach\u00e9es ou pi\u00e8ces de rechange \u00e0 Valence depuis 1950 et nous vendons aussi en ligne dans le monde entier.<\/p>\n<p>Caract\u00e9ristiques techniques:<\/p>\n<ul>\n<li>Pi\u00e8ce de rechange: <strong>Poulie de Vilebrequin<\/strong><\/li>\n<li>Mod\u00e8le: Nissan Atleon<\/li>\n<li>Etat: pi\u00e8ce neuve<\/li>\n<li>Garantie d\u2019un an<\/li>\n<li><strong>R\u00e9f\u00e9rence<\/strong>:\n<ul>\n<li>1230369T05<\/li>\n<\/ul>\n<\/li>\n<\/ul>\n","protected":false},"excerpt":{"rendered":"<p><span class=\"Y2IQFc\" lang=\"fr\"><strong>Poulie de Vilebrequin Nissan Atleon <\/strong>avec r\u00e9f\u00e9rence <strong>1230369T05<\/strong>. Neuve avec\u00a0une garantie d\u2019un an.<\/span><\/p>\n","protected":false},"featured_media":20665,"template":"","meta":[],"product_brand":[],"product_cat":[219,9839,138,9972],"product_tag":[],"class_list":{"0":"post-20662","1":"product","2":"type-product","3":"status-publish","4":"has-post-thumbnail","6":"product_cat-moteur-camion","7":"product_cat-pieces-detachees-remplacements-moteur","8":"product_cat-pieces-rechange-camions","9":"product_cat-poulie-de-vilebrequin","10":"pa_manufacturer-nissan","11":"pa_tipo-camions-poids-lourds","13":"first","14":"instock","15":"taxable","16":"shipping-taxable","17":"purchasable","18":"product-type-simple"},"yoast_head":"<!-- This site is optimized with the Yoast SEO plugin v27.1.1 - https:\/\/yoast.com\/product\/yoast-seo-wordpress\/ -->\n<title>Poulie de Vilebrequin Nissan Atleon - 1230369T05 - ENRIQUE REQUENA<\/title>\n<meta name=\"description\" content=\"Poulie de Vilebrequin Nissan Atleon avec r\u00e9f\u00e9rence 1230369T05. Neuve avec\u00a0une garantie d\u2019un an. C\u2019est le choix le plus \u00e9conomique.\" \/>\n<meta name=\"robots\" content=\"index, follow, max-snippet:-1, max-image-preview:large, max-video-preview:-1\" \/>\n<link rel=\"canonical\" href=\"https:\/\/www.enriquerequena.com\/fr\/tienda-online\/pieces-detachees-remplacements-moteur\/poulie-de-vilebrequin\/poulie-de-vilebrequin-nissan-atleon-1230369t05\/\" \/>\n<meta property=\"og:locale\" content=\"fr_FR\" \/>\n<meta property=\"og:type\" content=\"article\" \/>\n<meta property=\"og:title\" content=\"Poulie de Vilebrequin Nissan Atleon - 1230369T05 - ENRIQUE REQUENA\" \/>\n<meta property=\"og:description\" content=\"Poulie de Vilebrequin Nissan Atleon avec r\u00e9f\u00e9rence 1230369T05. Neuve avec\u00a0une garantie d\u2019un an. C\u2019est le choix le plus \u00e9conomique.\" \/>\n<meta property=\"og:url\" content=\"https:\/\/www.enriquerequena.com\/fr\/tienda-online\/pieces-detachees-remplacements-moteur\/poulie-de-vilebrequin\/poulie-de-vilebrequin-nissan-atleon-1230369t05\/\" \/>\n<meta property=\"og:site_name\" content=\"ENRIQUE REQUENA\" \/>\n<meta property=\"article:modified_time\" content=\"2023-02-07T14:57:58+00:00\" \/>\n<meta property=\"og:image\" content=\"https:\/\/www.enriquerequena.com\/wp-content\/uploads\/2021\/11\/polea-ciguenal-nissan-atleon-1230369T05.jpg\" \/>\n\t<meta property=\"og:image:width\" content=\"800\" \/>\n\t<meta property=\"og:image:height\" content=\"800\" \/>\n\t<meta property=\"og:image:type\" content=\"image\/jpeg\" \/>\n<meta name=\"twitter:card\" content=\"summary_large_image\" \/>\n<meta name=\"twitter:label1\" content=\"Dur\u00e9e de lecture estim\u00e9e\" \/>\n\t<meta name=\"twitter:data1\" content=\"1 minute\" \/>\n<script type=\"application\/ld+json\" class=\"yoast-schema-graph\">{\"@context\":\"https:\/\/schema.org\",\"@graph\":[{\"@type\":\"WebPage\",\"@id\":\"https:\/\/www.enriquerequena.com\/fr\/tienda-online\/pieces-detachees-remplacements-moteur\/poulie-de-vilebrequin\/poulie-de-vilebrequin-nissan-atleon-1230369t05\/\",\"url\":\"https:\/\/www.enriquerequena.com\/fr\/tienda-online\/pieces-detachees-remplacements-moteur\/poulie-de-vilebrequin\/poulie-de-vilebrequin-nissan-atleon-1230369t05\/\",\"name\":\"Poulie de Vilebrequin Nissan Atleon - 1230369T05 - ENRIQUE REQUENA\",\"isPartOf\":{\"@id\":\"https:\/\/www.enriquerequena.com\/fr\/#website\"},\"primaryImageOfPage\":{\"@id\":\"https:\/\/www.enriquerequena.com\/fr\/tienda-online\/pieces-detachees-remplacements-moteur\/poulie-de-vilebrequin\/poulie-de-vilebrequin-nissan-atleon-1230369t05\/#primaryimage\"},\"image\":{\"@id\":\"https:\/\/www.enriquerequena.com\/fr\/tienda-online\/pieces-detachees-remplacements-moteur\/poulie-de-vilebrequin\/poulie-de-vilebrequin-nissan-atleon-1230369t05\/#primaryimage\"},\"thumbnailUrl\":\"https:\/\/www.enriquerequena.com\/wp-content\/uploads\/2021\/11\/polea-ciguenal-nissan-atleon-1230369T05.jpg\",\"datePublished\":\"2021-11-30T12:32:27+00:00\",\"dateModified\":\"2023-02-07T14:57:58+00:00\",\"description\":\"Poulie de Vilebrequin Nissan Atleon avec r\u00e9f\u00e9rence 1230369T05. Neuve avec\u00a0une garantie d\u2019un an. C\u2019est le choix le plus \u00e9conomique.\",\"breadcrumb\":{\"@id\":\"https:\/\/www.enriquerequena.com\/fr\/tienda-online\/pieces-detachees-remplacements-moteur\/poulie-de-vilebrequin\/poulie-de-vilebrequin-nissan-atleon-1230369t05\/#breadcrumb\"},\"inLanguage\":\"fr-FR\",\"potentialAction\":[{\"@type\":\"ReadAction\",\"target\":[\"https:\/\/www.enriquerequena.com\/fr\/tienda-online\/pieces-detachees-remplacements-moteur\/poulie-de-vilebrequin\/poulie-de-vilebrequin-nissan-atleon-1230369t05\/\"]}]},{\"@type\":\"ImageObject\",\"inLanguage\":\"fr-FR\",\"@id\":\"https:\/\/www.enriquerequena.com\/fr\/tienda-online\/pieces-detachees-remplacements-moteur\/poulie-de-vilebrequin\/poulie-de-vilebrequin-nissan-atleon-1230369t05\/#primaryimage\",\"url\":\"https:\/\/www.enriquerequena.com\/wp-content\/uploads\/2021\/11\/polea-ciguenal-nissan-atleon-1230369T05.jpg\",\"contentUrl\":\"https:\/\/www.enriquerequena.com\/wp-content\/uploads\/2021\/11\/polea-ciguenal-nissan-atleon-1230369T05.jpg\",\"width\":800,\"height\":800,\"caption\":\"poulie vilebrequin nissan atleon 1230369T05 \/ polea de cig\u00fce\u00f1al nissan atleon - 1230369T05\"},{\"@type\":\"WebSite\",\"@id\":\"https:\/\/www.enriquerequena.com\/fr\/#website\",\"url\":\"https:\/\/www.enriquerequena.com\/fr\/\",\"name\":\"ENRIQUE REQUENA\",\"description\":\"Sp\u00e9cialistes des transmissions cardan avec des exp\u00e9ditions dans le monde entier et des pi\u00e8ces d\u00e9tach\u00e9es pour voitures, camions et accessoires \u00e0 Valence, en Espagne. Avec vous depuis 1950!\",\"publisher\":{\"@id\":\"https:\/\/www.enriquerequena.com\/fr\/#organization\"},\"potentialAction\":[{\"@type\":\"SearchAction\",\"target\":{\"@type\":\"EntryPoint\",\"urlTemplate\":\"https:\/\/www.enriquerequena.com\/fr\/?s={search_term_string}\"},\"query-input\":{\"@type\":\"PropertyValueSpecification\",\"valueRequired\":true,\"valueName\":\"search_term_string\"}}],\"inLanguage\":\"fr-FR\"},{\"@type\":\"Organization\",\"@id\":\"https:\/\/www.enriquerequena.com\/fr\/#organization\",\"name\":\"Enrique Requena S.L.\",\"url\":\"https:\/\/www.enriquerequena.com\/fr\/\",\"logo\":{\"@type\":\"ImageObject\",\"inLanguage\":\"fr-FR\",\"@id\":\"https:\/\/www.enriquerequena.com\/fr\/#\/schema\/logo\/image\/\",\"url\":\"https:\/\/www.enriquerequena.com\/wp-content\/uploads\/2019\/11\/enrique-requena-recambios-logotipo.jpg\",\"contentUrl\":\"https:\/\/www.enriquerequena.com\/wp-content\/uploads\/2019\/11\/enrique-requena-recambios-logotipo.jpg\",\"width\":381,\"height\":75,\"caption\":\"Enrique Requena S.L.\"},\"image\":{\"@id\":\"https:\/\/www.enriquerequena.com\/fr\/#\/schema\/logo\/image\/\"}}]}<\/script>\n<!-- \/ Yoast SEO plugin. -->","yoast_head_json":{"title":"Poulie de Vilebrequin Nissan Atleon - 1230369T05 - ENRIQUE REQUENA","description":"Poulie de Vilebrequin Nissan Atleon avec r\u00e9f\u00e9rence 1230369T05. Neuve avec\u00a0une garantie d\u2019un an. C\u2019est le choix le plus \u00e9conomique.","robots":{"index":"index","follow":"follow","max-snippet":"max-snippet:-1","max-image-preview":"max-image-preview:large","max-video-preview":"max-video-preview:-1"},"canonical":"https:\/\/www.enriquerequena.com\/fr\/tienda-online\/pieces-detachees-remplacements-moteur\/poulie-de-vilebrequin\/poulie-de-vilebrequin-nissan-atleon-1230369t05\/","og_locale":"fr_FR","og_type":"article","og_title":"Poulie de Vilebrequin Nissan Atleon - 1230369T05 - ENRIQUE REQUENA","og_description":"Poulie de Vilebrequin Nissan Atleon avec r\u00e9f\u00e9rence 1230369T05. Neuve avec\u00a0une garantie d\u2019un an. C\u2019est le choix le plus \u00e9conomique.","og_url":"https:\/\/www.enriquerequena.com\/fr\/tienda-online\/pieces-detachees-remplacements-moteur\/poulie-de-vilebrequin\/poulie-de-vilebrequin-nissan-atleon-1230369t05\/","og_site_name":"ENRIQUE REQUENA","article_modified_time":"2023-02-07T14:57:58+00:00","og_image":[{"width":800,"height":800,"url":"https:\/\/www.enriquerequena.com\/wp-content\/uploads\/2021\/11\/polea-ciguenal-nissan-atleon-1230369T05.jpg","type":"image\/jpeg"}],"twitter_card":"summary_large_image","twitter_misc":{"Dur\u00e9e de lecture estim\u00e9e":"1 minute"},"schema":{"@context":"https:\/\/schema.org","@graph":[{"@type":"WebPage","@id":"https:\/\/www.enriquerequena.com\/fr\/tienda-online\/pieces-detachees-remplacements-moteur\/poulie-de-vilebrequin\/poulie-de-vilebrequin-nissan-atleon-1230369t05\/","url":"https:\/\/www.enriquerequena.com\/fr\/tienda-online\/pieces-detachees-remplacements-moteur\/poulie-de-vilebrequin\/poulie-de-vilebrequin-nissan-atleon-1230369t05\/","name":"Poulie de Vilebrequin Nissan Atleon - 1230369T05 - ENRIQUE REQUENA","isPartOf":{"@id":"https:\/\/www.enriquerequena.com\/fr\/#website"},"primaryImageOfPage":{"@id":"https:\/\/www.enriquerequena.com\/fr\/tienda-online\/pieces-detachees-remplacements-moteur\/poulie-de-vilebrequin\/poulie-de-vilebrequin-nissan-atleon-1230369t05\/#primaryimage"},"image":{"@id":"https:\/\/www.enriquerequena.com\/fr\/tienda-online\/pieces-detachees-remplacements-moteur\/poulie-de-vilebrequin\/poulie-de-vilebrequin-nissan-atleon-1230369t05\/#primaryimage"},"thumbnailUrl":"https:\/\/www.enriquerequena.com\/wp-content\/uploads\/2021\/11\/polea-ciguenal-nissan-atleon-1230369T05.jpg","datePublished":"2021-11-30T12:32:27+00:00","dateModified":"2023-02-07T14:57:58+00:00","description":"Poulie de Vilebrequin Nissan Atleon avec r\u00e9f\u00e9rence 1230369T05. Neuve avec\u00a0une garantie d\u2019un an. C\u2019est le choix le plus \u00e9conomique.","breadcrumb":{"@id":"https:\/\/www.enriquerequena.com\/fr\/tienda-online\/pieces-detachees-remplacements-moteur\/poulie-de-vilebrequin\/poulie-de-vilebrequin-nissan-atleon-1230369t05\/#breadcrumb"},"inLanguage":"fr-FR","potentialAction":[{"@type":"ReadAction","target":["https:\/\/www.enriquerequena.com\/fr\/tienda-online\/pieces-detachees-remplacements-moteur\/poulie-de-vilebrequin\/poulie-de-vilebrequin-nissan-atleon-1230369t05\/"]}]},{"@type":"ImageObject","inLanguage":"fr-FR","@id":"https:\/\/www.enriquerequena.com\/fr\/tienda-online\/pieces-detachees-remplacements-moteur\/poulie-de-vilebrequin\/poulie-de-vilebrequin-nissan-atleon-1230369t05\/#primaryimage","url":"https:\/\/www.enriquerequena.com\/wp-content\/uploads\/2021\/11\/polea-ciguenal-nissan-atleon-1230369T05.jpg","contentUrl":"https:\/\/www.enriquerequena.com\/wp-content\/uploads\/2021\/11\/polea-ciguenal-nissan-atleon-1230369T05.jpg","width":800,"height":800,"caption":"poulie vilebrequin nissan atleon 1230369T05 \/ polea de cig\u00fce\u00f1al nissan atleon - 1230369T05"},{"@type":"WebSite","@id":"https:\/\/www.enriquerequena.com\/fr\/#website","url":"https:\/\/www.enriquerequena.com\/fr\/","name":"ENRIQUE REQUENA","description":"Sp\u00e9cialistes des transmissions cardan avec des exp\u00e9ditions dans le monde entier et des pi\u00e8ces d\u00e9tach\u00e9es pour voitures, camions et accessoires \u00e0 Valence, en Espagne. Avec vous depuis 1950!","publisher":{"@id":"https:\/\/www.enriquerequena.com\/fr\/#organization"},"potentialAction":[{"@type":"SearchAction","target":{"@type":"EntryPoint","urlTemplate":"https:\/\/www.enriquerequena.com\/fr\/?s={search_term_string}"},"query-input":{"@type":"PropertyValueSpecification","valueRequired":true,"valueName":"search_term_string"}}],"inLanguage":"fr-FR"},{"@type":"Organization","@id":"https:\/\/www.enriquerequena.com\/fr\/#organization","name":"Enrique Requena S.L.","url":"https:\/\/www.enriquerequena.com\/fr\/","logo":{"@type":"ImageObject","inLanguage":"fr-FR","@id":"https:\/\/www.enriquerequena.com\/fr\/#\/schema\/logo\/image\/","url":"https:\/\/www.enriquerequena.com\/wp-content\/uploads\/2019\/11\/enrique-requena-recambios-logotipo.jpg","contentUrl":"https:\/\/www.enriquerequena.com\/wp-content\/uploads\/2019\/11\/enrique-requena-recambios-logotipo.jpg","width":381,"height":75,"caption":"Enrique Requena S.L."},"image":{"@id":"https:\/\/www.enriquerequena.com\/fr\/#\/schema\/logo\/image\/"}}]}},"_links":{"self":[{"href":"https:\/\/www.enriquerequena.com\/fr\/wp-json\/wp\/v2\/product\/20662","targetHints":{"allow":["GET"]}}],"collection":[{"href":"https:\/\/www.enriquerequena.com\/fr\/wp-json\/wp\/v2\/product"}],"about":[{"href":"https:\/\/www.enriquerequena.com\/fr\/wp-json\/wp\/v2\/types\/product"}],"wp:featuredmedia":[{"embeddable":true,"href":"https:\/\/www.enriquerequena.com\/fr\/wp-json\/wp\/v2\/media\/20665"}],"wp:attachment":[{"href":"https:\/\/www.enriquerequena.com\/fr\/wp-json\/wp\/v2\/media?parent=20662"}],"wp:term":[{"taxonomy":"product_brand","embeddable":true,"href":"https:\/\/www.enriquerequena.com\/fr\/wp-json\/wp\/v2\/product_brand?post=20662"},{"taxonomy":"product_cat","embeddable":true,"href":"https:\/\/www.enriquerequena.com\/fr\/wp-json\/wp\/v2\/product_cat?post=20662"},{"taxonomy":"product_tag","embeddable":true,"href":"https:\/\/www.enriquerequena.com\/fr\/wp-json\/wp\/v2\/product_tag?post=20662"}],"curies":[{"name":"wp","href":"https:\/\/api.w.org\/{rel}","templated":true}]}}