{"id":23087,"date":"2022-04-23T19:25:28","date_gmt":"2022-04-23T17:25:28","guid":{"rendered":"https:\/\/www.enriquerequena.com\/?post_type=product&#038;p=23087"},"modified":"2023-02-07T16:35:40","modified_gmt":"2023-02-07T15:35:40","slug":"arbre-de-transmission-nissan-qashqai-x-trail-37000jg70b-370003uc3a","status":"publish","type":"product","link":"https:\/\/www.enriquerequena.com\/fr\/tienda-online\/arbre-transmission-cardan\/arbre-transmission-cardan-4x4\/arbre-de-transmission-nissan-qashqai-x-trail-37000jg70b-370003uc3a\/","title":{"rendered":"Arbre de transmission Nissan Qashqai, X-Trail &#8211; 37000JG70B \/ 370003UC3A"},"content":{"rendered":"<p><strong>Arbre de transmission pour Nissan Qashqai, X-Trail<\/strong> avec r\u00e9f\u00e9rences <strong>37000JG70B, 37000-JG70B, 370003UC3A et 37000-3UC3A<\/strong>\u00a0est une pi\u00e8ce de Nissan neuve avec une garantie d\u2019un an.\u00a0C\u2019est le choix le plus \u00e9conomique.<\/p>\n<p>Nous vendons des pi\u00e8ces d\u00e9tach\u00e9es ou pi\u00e8ces de rechange \u00e0 Valence depuis 1950 et nous vendons aussi en ligne dans le monde entier.<\/p>\n<p>N\u00b4h\u00e9sitez pas \u00e0 nous consulter pour d\u00b4autres mod\u00e8les de tout type de v\u00e9hicule. Nous avons une exp\u00e9rience de 70 ans. Nos pi\u00e9ces de rechange sont similaires \u00e0 ceux des OEM avec les meilleurs prix du march\u00e9.<\/p>\n<p>Caract\u00e9ristiques techniques Arbre transmission Nissan Qashqai, X-Trail 37000JG70B:<\/p>\n<ul>\n<li>Pi\u00e8ce de rechange: Arbre de transmission<\/li>\n<li>Mod\u00e8le: Nissan Qashqai, X-Trail<\/li>\n<li>Etat: pi\u00e8ce neuve<\/li>\n<li>Garantie d\u2019un an<\/li>\n<li>R\u00e9f\u00e9rences:\n<ul>\n<li>37000JG70B<\/li>\n<li>37000-JG70B<\/li>\n<li>370003UC3A<\/li>\n<li>37000-3UC3A<\/li>\n<\/ul>\n<\/li>\n<\/ul>\n","protected":false},"excerpt":{"rendered":"<p><strong>Arbre de transmission pour Nissan Qashqai, X-Trail <\/strong>avec r\u00e9f\u00e9rences <strong>37000JG70B, 37000-JG70B, 370003UC3A et 37000-3UC3A.<\/strong>\u00a0Est une pi\u00e8ce de rechange neuve avec une garantie d\u2019un an.<\/p>\n","protected":false},"featured_media":23090,"template":"","meta":[],"product_brand":[],"product_cat":[144,156],"product_tag":[],"class_list":{"0":"post-23087","1":"product","2":"type-product","3":"status-publish","4":"has-post-thumbnail","6":"product_cat-arbre-transmission-cardan","7":"product_cat-arbre-transmission-cardan-4x4","8":"pa_manufacturer-nissan","9":"pa_tipo-4x4","11":"first","12":"instock","13":"taxable","14":"shipping-taxable","15":"purchasable","16":"product-type-simple"},"yoast_head":"<!-- This site is optimized with the Yoast SEO plugin v27.5 - https:\/\/yoast.com\/product\/yoast-seo-wordpress\/ -->\n<title>Transmission Nissan Qashqai X-Trail 37000JG70B 370003UC3A<\/title>\n<meta name=\"description\" content=\"Arbre de transmission pour Nissan Qashqai, X-Trail avec r\u00e9f\u00e9rences 37000JG70B, 37000-JG70B, 370003UC3A et 37000-3UC3A.\u00a0\" \/>\n<meta name=\"robots\" content=\"index, follow, max-snippet:-1, max-image-preview:large, max-video-preview:-1\" \/>\n<link rel=\"canonical\" href=\"https:\/\/www.enriquerequena.com\/fr\/tienda-online\/arbre-transmission-cardan\/arbre-transmission-cardan-4x4\/arbre-de-transmission-nissan-qashqai-x-trail-37000jg70b-370003uc3a\/\" \/>\n<meta property=\"og:locale\" content=\"fr_FR\" \/>\n<meta property=\"og:type\" content=\"article\" \/>\n<meta property=\"og:title\" content=\"Transmission Nissan Qashqai X-Trail 37000JG70B 370003UC3A\" \/>\n<meta property=\"og:description\" content=\"Arbre de transmission pour Nissan Qashqai, X-Trail avec r\u00e9f\u00e9rences 37000JG70B, 37000-JG70B, 370003UC3A et 37000-3UC3A.\u00a0\" \/>\n<meta property=\"og:url\" content=\"https:\/\/www.enriquerequena.com\/fr\/tienda-online\/arbre-transmission-cardan\/arbre-transmission-cardan-4x4\/arbre-de-transmission-nissan-qashqai-x-trail-37000jg70b-370003uc3a\/\" \/>\n<meta property=\"og:site_name\" content=\"ENRIQUE REQUENA\" \/>\n<meta property=\"article:modified_time\" content=\"2023-02-07T15:35:40+00:00\" \/>\n<meta property=\"og:image\" content=\"https:\/\/www.enriquerequena.com\/wp-content\/uploads\/2022\/04\/transmision-cardan-nissan-37000JG70B.png\" \/>\n\t<meta property=\"og:image:width\" content=\"800\" \/>\n\t<meta property=\"og:image:height\" content=\"800\" \/>\n\t<meta property=\"og:image:type\" content=\"image\/png\" \/>\n<meta name=\"twitter:card\" content=\"summary_large_image\" \/>\n<meta name=\"twitter:label1\" content=\"Dur\u00e9e de lecture estim\u00e9e\" \/>\n\t<meta name=\"twitter:data1\" content=\"1 minute\" \/>\n<script type=\"application\/ld+json\" class=\"yoast-schema-graph\">{\"@context\":\"https:\\\/\\\/schema.org\",\"@graph\":[{\"@type\":\"WebPage\",\"@id\":\"https:\\\/\\\/www.enriquerequena.com\\\/fr\\\/tienda-online\\\/arbre-transmission-cardan\\\/arbre-transmission-cardan-4x4\\\/arbre-de-transmission-nissan-qashqai-x-trail-37000jg70b-370003uc3a\\\/\",\"url\":\"https:\\\/\\\/www.enriquerequena.com\\\/fr\\\/tienda-online\\\/arbre-transmission-cardan\\\/arbre-transmission-cardan-4x4\\\/arbre-de-transmission-nissan-qashqai-x-trail-37000jg70b-370003uc3a\\\/\",\"name\":\"Transmission Nissan Qashqai X-Trail 37000JG70B 370003UC3A\",\"isPartOf\":{\"@id\":\"https:\\\/\\\/www.enriquerequena.com\\\/fr\\\/#website\"},\"primaryImageOfPage\":{\"@id\":\"https:\\\/\\\/www.enriquerequena.com\\\/fr\\\/tienda-online\\\/arbre-transmission-cardan\\\/arbre-transmission-cardan-4x4\\\/arbre-de-transmission-nissan-qashqai-x-trail-37000jg70b-370003uc3a\\\/#primaryimage\"},\"image\":{\"@id\":\"https:\\\/\\\/www.enriquerequena.com\\\/fr\\\/tienda-online\\\/arbre-transmission-cardan\\\/arbre-transmission-cardan-4x4\\\/arbre-de-transmission-nissan-qashqai-x-trail-37000jg70b-370003uc3a\\\/#primaryimage\"},\"thumbnailUrl\":\"https:\\\/\\\/www.enriquerequena.com\\\/wp-content\\\/uploads\\\/2022\\\/04\\\/transmision-cardan-nissan-37000JG70B.png\",\"datePublished\":\"2022-04-23T17:25:28+00:00\",\"dateModified\":\"2023-02-07T15:35:40+00:00\",\"description\":\"Arbre de transmission pour Nissan Qashqai, X-Trail avec r\u00e9f\u00e9rences 37000JG70B, 37000-JG70B, 370003UC3A et 37000-3UC3A.\u00a0\",\"breadcrumb\":{\"@id\":\"https:\\\/\\\/www.enriquerequena.com\\\/fr\\\/tienda-online\\\/arbre-transmission-cardan\\\/arbre-transmission-cardan-4x4\\\/arbre-de-transmission-nissan-qashqai-x-trail-37000jg70b-370003uc3a\\\/#breadcrumb\"},\"inLanguage\":\"fr-FR\",\"potentialAction\":[{\"@type\":\"ReadAction\",\"target\":[\"https:\\\/\\\/www.enriquerequena.com\\\/fr\\\/tienda-online\\\/arbre-transmission-cardan\\\/arbre-transmission-cardan-4x4\\\/arbre-de-transmission-nissan-qashqai-x-trail-37000jg70b-370003uc3a\\\/\"]}]},{\"@type\":\"ImageObject\",\"inLanguage\":\"fr-FR\",\"@id\":\"https:\\\/\\\/www.enriquerequena.com\\\/fr\\\/tienda-online\\\/arbre-transmission-cardan\\\/arbre-transmission-cardan-4x4\\\/arbre-de-transmission-nissan-qashqai-x-trail-37000jg70b-370003uc3a\\\/#primaryimage\",\"url\":\"https:\\\/\\\/www.enriquerequena.com\\\/wp-content\\\/uploads\\\/2022\\\/04\\\/transmision-cardan-nissan-37000JG70B.png\",\"contentUrl\":\"https:\\\/\\\/www.enriquerequena.com\\\/wp-content\\\/uploads\\\/2022\\\/04\\\/transmision-cardan-nissan-37000JG70B.png\",\"width\":800,\"height\":800,\"caption\":\"Arbre transmission nissan Qashqai, X-Trail 37000JG70B 370003UC3A \\\/ Transmision Cardan Nissan 37000JG70B\"},{\"@type\":\"WebSite\",\"@id\":\"https:\\\/\\\/www.enriquerequena.com\\\/fr\\\/#website\",\"url\":\"https:\\\/\\\/www.enriquerequena.com\\\/fr\\\/\",\"name\":\"ENRIQUE REQUENA\",\"description\":\"Sp\u00e9cialistes des transmissions cardan avec des exp\u00e9ditions dans le monde entier et des pi\u00e8ces d\u00e9tach\u00e9es pour voitures, camions et accessoires \u00e0 Valence, en Espagne. Avec vous depuis 1950!\",\"publisher\":{\"@id\":\"https:\\\/\\\/www.enriquerequena.com\\\/fr\\\/#organization\"},\"potentialAction\":[{\"@type\":\"SearchAction\",\"target\":{\"@type\":\"EntryPoint\",\"urlTemplate\":\"https:\\\/\\\/www.enriquerequena.com\\\/fr\\\/?s={search_term_string}\"},\"query-input\":{\"@type\":\"PropertyValueSpecification\",\"valueRequired\":true,\"valueName\":\"search_term_string\"}}],\"inLanguage\":\"fr-FR\"},{\"@type\":\"Organization\",\"@id\":\"https:\\\/\\\/www.enriquerequena.com\\\/fr\\\/#organization\",\"name\":\"Enrique Requena S.L.\",\"url\":\"https:\\\/\\\/www.enriquerequena.com\\\/fr\\\/\",\"logo\":{\"@type\":\"ImageObject\",\"inLanguage\":\"fr-FR\",\"@id\":\"https:\\\/\\\/www.enriquerequena.com\\\/fr\\\/#\\\/schema\\\/logo\\\/image\\\/\",\"url\":\"https:\\\/\\\/www.enriquerequena.com\\\/wp-content\\\/uploads\\\/2019\\\/11\\\/enrique-requena-recambios-logotipo.jpg\",\"contentUrl\":\"https:\\\/\\\/www.enriquerequena.com\\\/wp-content\\\/uploads\\\/2019\\\/11\\\/enrique-requena-recambios-logotipo.jpg\",\"width\":381,\"height\":75,\"caption\":\"Enrique Requena S.L.\"},\"image\":{\"@id\":\"https:\\\/\\\/www.enriquerequena.com\\\/fr\\\/#\\\/schema\\\/logo\\\/image\\\/\"}}]}<\/script>\n<!-- \/ Yoast SEO plugin. -->","yoast_head_json":{"title":"Transmission Nissan Qashqai X-Trail 37000JG70B 370003UC3A","description":"Arbre de transmission pour Nissan Qashqai, X-Trail avec r\u00e9f\u00e9rences 37000JG70B, 37000-JG70B, 370003UC3A et 37000-3UC3A.\u00a0","robots":{"index":"index","follow":"follow","max-snippet":"max-snippet:-1","max-image-preview":"max-image-preview:large","max-video-preview":"max-video-preview:-1"},"canonical":"https:\/\/www.enriquerequena.com\/fr\/tienda-online\/arbre-transmission-cardan\/arbre-transmission-cardan-4x4\/arbre-de-transmission-nissan-qashqai-x-trail-37000jg70b-370003uc3a\/","og_locale":"fr_FR","og_type":"article","og_title":"Transmission Nissan Qashqai X-Trail 37000JG70B 370003UC3A","og_description":"Arbre de transmission pour Nissan Qashqai, X-Trail avec r\u00e9f\u00e9rences 37000JG70B, 37000-JG70B, 370003UC3A et 37000-3UC3A.\u00a0","og_url":"https:\/\/www.enriquerequena.com\/fr\/tienda-online\/arbre-transmission-cardan\/arbre-transmission-cardan-4x4\/arbre-de-transmission-nissan-qashqai-x-trail-37000jg70b-370003uc3a\/","og_site_name":"ENRIQUE REQUENA","article_modified_time":"2023-02-07T15:35:40+00:00","og_image":[{"width":800,"height":800,"url":"https:\/\/www.enriquerequena.com\/wp-content\/uploads\/2022\/04\/transmision-cardan-nissan-37000JG70B.png","type":"image\/png"}],"twitter_card":"summary_large_image","twitter_misc":{"Dur\u00e9e de lecture estim\u00e9e":"1 minute"},"schema":{"@context":"https:\/\/schema.org","@graph":[{"@type":"WebPage","@id":"https:\/\/www.enriquerequena.com\/fr\/tienda-online\/arbre-transmission-cardan\/arbre-transmission-cardan-4x4\/arbre-de-transmission-nissan-qashqai-x-trail-37000jg70b-370003uc3a\/","url":"https:\/\/www.enriquerequena.com\/fr\/tienda-online\/arbre-transmission-cardan\/arbre-transmission-cardan-4x4\/arbre-de-transmission-nissan-qashqai-x-trail-37000jg70b-370003uc3a\/","name":"Transmission Nissan Qashqai X-Trail 37000JG70B 370003UC3A","isPartOf":{"@id":"https:\/\/www.enriquerequena.com\/fr\/#website"},"primaryImageOfPage":{"@id":"https:\/\/www.enriquerequena.com\/fr\/tienda-online\/arbre-transmission-cardan\/arbre-transmission-cardan-4x4\/arbre-de-transmission-nissan-qashqai-x-trail-37000jg70b-370003uc3a\/#primaryimage"},"image":{"@id":"https:\/\/www.enriquerequena.com\/fr\/tienda-online\/arbre-transmission-cardan\/arbre-transmission-cardan-4x4\/arbre-de-transmission-nissan-qashqai-x-trail-37000jg70b-370003uc3a\/#primaryimage"},"thumbnailUrl":"https:\/\/www.enriquerequena.com\/wp-content\/uploads\/2022\/04\/transmision-cardan-nissan-37000JG70B.png","datePublished":"2022-04-23T17:25:28+00:00","dateModified":"2023-02-07T15:35:40+00:00","description":"Arbre de transmission pour Nissan Qashqai, X-Trail avec r\u00e9f\u00e9rences 37000JG70B, 37000-JG70B, 370003UC3A et 37000-3UC3A.\u00a0","breadcrumb":{"@id":"https:\/\/www.enriquerequena.com\/fr\/tienda-online\/arbre-transmission-cardan\/arbre-transmission-cardan-4x4\/arbre-de-transmission-nissan-qashqai-x-trail-37000jg70b-370003uc3a\/#breadcrumb"},"inLanguage":"fr-FR","potentialAction":[{"@type":"ReadAction","target":["https:\/\/www.enriquerequena.com\/fr\/tienda-online\/arbre-transmission-cardan\/arbre-transmission-cardan-4x4\/arbre-de-transmission-nissan-qashqai-x-trail-37000jg70b-370003uc3a\/"]}]},{"@type":"ImageObject","inLanguage":"fr-FR","@id":"https:\/\/www.enriquerequena.com\/fr\/tienda-online\/arbre-transmission-cardan\/arbre-transmission-cardan-4x4\/arbre-de-transmission-nissan-qashqai-x-trail-37000jg70b-370003uc3a\/#primaryimage","url":"https:\/\/www.enriquerequena.com\/wp-content\/uploads\/2022\/04\/transmision-cardan-nissan-37000JG70B.png","contentUrl":"https:\/\/www.enriquerequena.com\/wp-content\/uploads\/2022\/04\/transmision-cardan-nissan-37000JG70B.png","width":800,"height":800,"caption":"Arbre transmission nissan Qashqai, X-Trail 37000JG70B 370003UC3A \/ Transmision Cardan Nissan 37000JG70B"},{"@type":"WebSite","@id":"https:\/\/www.enriquerequena.com\/fr\/#website","url":"https:\/\/www.enriquerequena.com\/fr\/","name":"ENRIQUE REQUENA","description":"Sp\u00e9cialistes des transmissions cardan avec des exp\u00e9ditions dans le monde entier et des pi\u00e8ces d\u00e9tach\u00e9es pour voitures, camions et accessoires \u00e0 Valence, en Espagne. Avec vous depuis 1950!","publisher":{"@id":"https:\/\/www.enriquerequena.com\/fr\/#organization"},"potentialAction":[{"@type":"SearchAction","target":{"@type":"EntryPoint","urlTemplate":"https:\/\/www.enriquerequena.com\/fr\/?s={search_term_string}"},"query-input":{"@type":"PropertyValueSpecification","valueRequired":true,"valueName":"search_term_string"}}],"inLanguage":"fr-FR"},{"@type":"Organization","@id":"https:\/\/www.enriquerequena.com\/fr\/#organization","name":"Enrique Requena S.L.","url":"https:\/\/www.enriquerequena.com\/fr\/","logo":{"@type":"ImageObject","inLanguage":"fr-FR","@id":"https:\/\/www.enriquerequena.com\/fr\/#\/schema\/logo\/image\/","url":"https:\/\/www.enriquerequena.com\/wp-content\/uploads\/2019\/11\/enrique-requena-recambios-logotipo.jpg","contentUrl":"https:\/\/www.enriquerequena.com\/wp-content\/uploads\/2019\/11\/enrique-requena-recambios-logotipo.jpg","width":381,"height":75,"caption":"Enrique Requena S.L."},"image":{"@id":"https:\/\/www.enriquerequena.com\/fr\/#\/schema\/logo\/image\/"}}]}},"_links":{"self":[{"href":"https:\/\/www.enriquerequena.com\/fr\/wp-json\/wp\/v2\/product\/23087","targetHints":{"allow":["GET"]}}],"collection":[{"href":"https:\/\/www.enriquerequena.com\/fr\/wp-json\/wp\/v2\/product"}],"about":[{"href":"https:\/\/www.enriquerequena.com\/fr\/wp-json\/wp\/v2\/types\/product"}],"wp:featuredmedia":[{"embeddable":true,"href":"https:\/\/www.enriquerequena.com\/fr\/wp-json\/wp\/v2\/media\/23090"}],"wp:attachment":[{"href":"https:\/\/www.enriquerequena.com\/fr\/wp-json\/wp\/v2\/media?parent=23087"}],"wp:term":[{"taxonomy":"product_brand","embeddable":true,"href":"https:\/\/www.enriquerequena.com\/fr\/wp-json\/wp\/v2\/product_brand?post=23087"},{"taxonomy":"product_cat","embeddable":true,"href":"https:\/\/www.enriquerequena.com\/fr\/wp-json\/wp\/v2\/product_cat?post=23087"},{"taxonomy":"product_tag","embeddable":true,"href":"https:\/\/www.enriquerequena.com\/fr\/wp-json\/wp\/v2\/product_tag?post=23087"}],"curies":[{"name":"wp","href":"https:\/\/api.w.org\/{rel}","templated":true}]}}