{"id":23668,"date":"2022-05-25T10:44:41","date_gmt":"2022-05-25T08:44:41","guid":{"rendered":"https:\/\/www.enriquerequena.com\/?post_type=product&#038;p=23668"},"modified":"2023-02-07T16:13:17","modified_gmt":"2023-02-07T15:13:17","slug":"etrier-de-frein-gauche-opel-movano-4420056-93167652","status":"publish","type":"product","link":"https:\/\/www.enriquerequena.com\/fr\/tienda-online\/pieces-detachees-rechanges-frein-freinage\/etriers-de-frein\/etrier-de-frein-gauche-opel-movano-4420056-93167652\/","title":{"rendered":"\u00c9trier De Frein gauche Opel Movano &#8211; 4420056 \/ 93167652"},"content":{"rendered":"<p><strong>\u00c9trier De Frein gauche pour Opel Movano <\/strong>avec r\u00e9f\u00e9rences <strong>4420056 et 93167652<\/strong>\u00a0est une pi\u00e8ce de Renault neuve avec une garantie d\u2019un an. C\u2019est le choix le plus \u00e9conomique.<\/p>\n<p>Nous vendons des pi\u00e8ces d\u00e9tach\u00e9es ou pi\u00e8ces de rechange \u00e0 Valence depuis 1950 et nous vendons aussi en ligne dans le monde entier.<\/p>\n<p>N\u00b4h\u00e9sitez pas \u00e0 nous consulter pour d\u00b4autres mod\u00e8les de tout type de v\u00e9hicule. Nous avons une exp\u00e9rience de 70 ans. Nos pi\u00e9ces de rechange sont similaires \u00e0 ceux des OEM avec les meilleurs prix du march\u00e9.<\/p>\n<p>Caract\u00e9ristiques techniques \u00c9trier De Frein pour Opel Movano avec r\u00e9f\u00e9rences 4420056 et 93167652:<\/p>\n<ul>\n<li>Pi\u00e8ce de rechange: \u00c9trier De Frein gauche<\/li>\n<li>Mod\u00e8le: <strong>Opel Movano<\/strong><\/li>\n<li>Essieu arri\u00e8re gauche<\/li>\n<li>1 piston<\/li>\n<li>Diam\u00e8tre du v\u00e9rin: 48 mm<\/li>\n<li>Etat: pi\u00e8ce neuve<\/li>\n<li>Garantie d\u2019un an<\/li>\n<li><strong>R\u00e9f\u00e9rences:<\/strong>\n<ul>\n<li>4420056<\/li>\n<li>93167652:<\/li>\n<\/ul>\n<\/li>\n<\/ul>\n","protected":false},"excerpt":{"rendered":"<p><strong>\u00c9trier De Frein gauche pour Opel Movano<\/strong> avec r\u00e9f\u00e9rences <strong>4420056 et 93167652. <\/strong>Eest une pi\u00e8ce de Opel neuve avec une garantie d\u2019un an.<\/p>\n","protected":false},"featured_media":23671,"template":"","meta":[],"product_brand":[],"product_cat":[10014,9848,138],"product_tag":[],"class_list":{"0":"post-23668","1":"product","2":"type-product","3":"status-publish","4":"has-post-thumbnail","6":"product_cat-etriers-de-frein","7":"product_cat-pieces-detachees-rechanges-frein-freinage","8":"product_cat-pieces-rechange-camions","9":"pa_manufacturer-opel-fr","10":"pa_tipo-fourgons-et-vehicules-legers","12":"first","13":"instock","14":"taxable","15":"shipping-taxable","16":"purchasable","17":"product-type-simple"},"yoast_head":"<!-- This site is optimized with the Yoast SEO plugin v27.1.1 - https:\/\/yoast.com\/product\/yoast-seo-wordpress\/ -->\n<title>\u00c9trier De Frein Opel Movano 4420056 - ENRIQUE REQUENA<\/title>\n<meta name=\"description\" content=\"\u00c9trier De Frein gauche pour Opel Movano avec r\u00e9f\u00e9rences 4420056 et 93167652. Eest une pi\u00e8ce de Opel neuve avec une garantie d\u2019un an.\" \/>\n<meta name=\"robots\" content=\"index, follow, max-snippet:-1, max-image-preview:large, max-video-preview:-1\" \/>\n<link rel=\"canonical\" href=\"https:\/\/www.enriquerequena.com\/fr\/tienda-online\/pieces-detachees-rechanges-frein-freinage\/etriers-de-frein\/etrier-de-frein-gauche-opel-movano-4420056-93167652\/\" \/>\n<meta property=\"og:locale\" content=\"fr_FR\" \/>\n<meta property=\"og:type\" content=\"article\" \/>\n<meta property=\"og:title\" content=\"\u00c9trier De Frein Opel Movano 4420056 - ENRIQUE REQUENA\" \/>\n<meta property=\"og:description\" content=\"\u00c9trier De Frein gauche pour Opel Movano avec r\u00e9f\u00e9rences 4420056 et 93167652. Eest une pi\u00e8ce de Opel neuve avec une garantie d\u2019un an.\" \/>\n<meta property=\"og:url\" content=\"https:\/\/www.enriquerequena.com\/fr\/tienda-online\/pieces-detachees-rechanges-frein-freinage\/etriers-de-frein\/etrier-de-frein-gauche-opel-movano-4420056-93167652\/\" \/>\n<meta property=\"og:site_name\" content=\"ENRIQUE REQUENA\" \/>\n<meta property=\"article:modified_time\" content=\"2023-02-07T15:13:17+00:00\" \/>\n<meta property=\"og:image\" content=\"https:\/\/www.enriquerequena.com\/wp-content\/uploads\/2022\/05\/pinza-de-freno-opel-movano-4420056-93167652.png\" \/>\n\t<meta property=\"og:image:width\" content=\"800\" \/>\n\t<meta property=\"og:image:height\" content=\"800\" \/>\n\t<meta property=\"og:image:type\" content=\"image\/png\" \/>\n<meta name=\"twitter:card\" content=\"summary_large_image\" \/>\n<meta name=\"twitter:label1\" content=\"Dur\u00e9e de lecture estim\u00e9e\" \/>\n\t<meta name=\"twitter:data1\" content=\"1 minute\" \/>\n<script type=\"application\/ld+json\" class=\"yoast-schema-graph\">{\"@context\":\"https:\/\/schema.org\",\"@graph\":[{\"@type\":\"WebPage\",\"@id\":\"https:\/\/www.enriquerequena.com\/fr\/tienda-online\/pieces-detachees-rechanges-frein-freinage\/etriers-de-frein\/etrier-de-frein-gauche-opel-movano-4420056-93167652\/\",\"url\":\"https:\/\/www.enriquerequena.com\/fr\/tienda-online\/pieces-detachees-rechanges-frein-freinage\/etriers-de-frein\/etrier-de-frein-gauche-opel-movano-4420056-93167652\/\",\"name\":\"\u00c9trier De Frein Opel Movano 4420056 - ENRIQUE REQUENA\",\"isPartOf\":{\"@id\":\"https:\/\/www.enriquerequena.com\/fr\/#website\"},\"primaryImageOfPage\":{\"@id\":\"https:\/\/www.enriquerequena.com\/fr\/tienda-online\/pieces-detachees-rechanges-frein-freinage\/etriers-de-frein\/etrier-de-frein-gauche-opel-movano-4420056-93167652\/#primaryimage\"},\"image\":{\"@id\":\"https:\/\/www.enriquerequena.com\/fr\/tienda-online\/pieces-detachees-rechanges-frein-freinage\/etriers-de-frein\/etrier-de-frein-gauche-opel-movano-4420056-93167652\/#primaryimage\"},\"thumbnailUrl\":\"https:\/\/www.enriquerequena.com\/wp-content\/uploads\/2022\/05\/pinza-de-freno-opel-movano-4420056-93167652.png\",\"datePublished\":\"2022-05-25T08:44:41+00:00\",\"dateModified\":\"2023-02-07T15:13:17+00:00\",\"description\":\"\u00c9trier De Frein gauche pour Opel Movano avec r\u00e9f\u00e9rences 4420056 et 93167652. Eest une pi\u00e8ce de Opel neuve avec une garantie d\u2019un an.\",\"breadcrumb\":{\"@id\":\"https:\/\/www.enriquerequena.com\/fr\/tienda-online\/pieces-detachees-rechanges-frein-freinage\/etriers-de-frein\/etrier-de-frein-gauche-opel-movano-4420056-93167652\/#breadcrumb\"},\"inLanguage\":\"fr-FR\",\"potentialAction\":[{\"@type\":\"ReadAction\",\"target\":[\"https:\/\/www.enriquerequena.com\/fr\/tienda-online\/pieces-detachees-rechanges-frein-freinage\/etriers-de-frein\/etrier-de-frein-gauche-opel-movano-4420056-93167652\/\"]}]},{\"@type\":\"ImageObject\",\"inLanguage\":\"fr-FR\",\"@id\":\"https:\/\/www.enriquerequena.com\/fr\/tienda-online\/pieces-detachees-rechanges-frein-freinage\/etriers-de-frein\/etrier-de-frein-gauche-opel-movano-4420056-93167652\/#primaryimage\",\"url\":\"https:\/\/www.enriquerequena.com\/wp-content\/uploads\/2022\/05\/pinza-de-freno-opel-movano-4420056-93167652.png\",\"contentUrl\":\"https:\/\/www.enriquerequena.com\/wp-content\/uploads\/2022\/05\/pinza-de-freno-opel-movano-4420056-93167652.png\",\"width\":800,\"height\":800,\"caption\":\"\u00c9trier De Frein gauche pour Opel Movano avec r\u00e9f\u00e9rences 4420056 et 93167652\"},{\"@type\":\"WebSite\",\"@id\":\"https:\/\/www.enriquerequena.com\/fr\/#website\",\"url\":\"https:\/\/www.enriquerequena.com\/fr\/\",\"name\":\"ENRIQUE REQUENA\",\"description\":\"Sp\u00e9cialistes des transmissions cardan avec des exp\u00e9ditions dans le monde entier et des pi\u00e8ces d\u00e9tach\u00e9es pour voitures, camions et accessoires \u00e0 Valence, en Espagne. Avec vous depuis 1950!\",\"publisher\":{\"@id\":\"https:\/\/www.enriquerequena.com\/fr\/#organization\"},\"potentialAction\":[{\"@type\":\"SearchAction\",\"target\":{\"@type\":\"EntryPoint\",\"urlTemplate\":\"https:\/\/www.enriquerequena.com\/fr\/?s={search_term_string}\"},\"query-input\":{\"@type\":\"PropertyValueSpecification\",\"valueRequired\":true,\"valueName\":\"search_term_string\"}}],\"inLanguage\":\"fr-FR\"},{\"@type\":\"Organization\",\"@id\":\"https:\/\/www.enriquerequena.com\/fr\/#organization\",\"name\":\"Enrique Requena S.L.\",\"url\":\"https:\/\/www.enriquerequena.com\/fr\/\",\"logo\":{\"@type\":\"ImageObject\",\"inLanguage\":\"fr-FR\",\"@id\":\"https:\/\/www.enriquerequena.com\/fr\/#\/schema\/logo\/image\/\",\"url\":\"https:\/\/www.enriquerequena.com\/wp-content\/uploads\/2019\/11\/enrique-requena-recambios-logotipo.jpg\",\"contentUrl\":\"https:\/\/www.enriquerequena.com\/wp-content\/uploads\/2019\/11\/enrique-requena-recambios-logotipo.jpg\",\"width\":381,\"height\":75,\"caption\":\"Enrique Requena S.L.\"},\"image\":{\"@id\":\"https:\/\/www.enriquerequena.com\/fr\/#\/schema\/logo\/image\/\"}}]}<\/script>\n<!-- \/ Yoast SEO plugin. -->","yoast_head_json":{"title":"\u00c9trier De Frein Opel Movano 4420056 - ENRIQUE REQUENA","description":"\u00c9trier De Frein gauche pour Opel Movano avec r\u00e9f\u00e9rences 4420056 et 93167652. Eest une pi\u00e8ce de Opel neuve avec une garantie d\u2019un an.","robots":{"index":"index","follow":"follow","max-snippet":"max-snippet:-1","max-image-preview":"max-image-preview:large","max-video-preview":"max-video-preview:-1"},"canonical":"https:\/\/www.enriquerequena.com\/fr\/tienda-online\/pieces-detachees-rechanges-frein-freinage\/etriers-de-frein\/etrier-de-frein-gauche-opel-movano-4420056-93167652\/","og_locale":"fr_FR","og_type":"article","og_title":"\u00c9trier De Frein Opel Movano 4420056 - ENRIQUE REQUENA","og_description":"\u00c9trier De Frein gauche pour Opel Movano avec r\u00e9f\u00e9rences 4420056 et 93167652. Eest une pi\u00e8ce de Opel neuve avec une garantie d\u2019un an.","og_url":"https:\/\/www.enriquerequena.com\/fr\/tienda-online\/pieces-detachees-rechanges-frein-freinage\/etriers-de-frein\/etrier-de-frein-gauche-opel-movano-4420056-93167652\/","og_site_name":"ENRIQUE REQUENA","article_modified_time":"2023-02-07T15:13:17+00:00","og_image":[{"width":800,"height":800,"url":"https:\/\/www.enriquerequena.com\/wp-content\/uploads\/2022\/05\/pinza-de-freno-opel-movano-4420056-93167652.png","type":"image\/png"}],"twitter_card":"summary_large_image","twitter_misc":{"Dur\u00e9e de lecture estim\u00e9e":"1 minute"},"schema":{"@context":"https:\/\/schema.org","@graph":[{"@type":"WebPage","@id":"https:\/\/www.enriquerequena.com\/fr\/tienda-online\/pieces-detachees-rechanges-frein-freinage\/etriers-de-frein\/etrier-de-frein-gauche-opel-movano-4420056-93167652\/","url":"https:\/\/www.enriquerequena.com\/fr\/tienda-online\/pieces-detachees-rechanges-frein-freinage\/etriers-de-frein\/etrier-de-frein-gauche-opel-movano-4420056-93167652\/","name":"\u00c9trier De Frein Opel Movano 4420056 - ENRIQUE REQUENA","isPartOf":{"@id":"https:\/\/www.enriquerequena.com\/fr\/#website"},"primaryImageOfPage":{"@id":"https:\/\/www.enriquerequena.com\/fr\/tienda-online\/pieces-detachees-rechanges-frein-freinage\/etriers-de-frein\/etrier-de-frein-gauche-opel-movano-4420056-93167652\/#primaryimage"},"image":{"@id":"https:\/\/www.enriquerequena.com\/fr\/tienda-online\/pieces-detachees-rechanges-frein-freinage\/etriers-de-frein\/etrier-de-frein-gauche-opel-movano-4420056-93167652\/#primaryimage"},"thumbnailUrl":"https:\/\/www.enriquerequena.com\/wp-content\/uploads\/2022\/05\/pinza-de-freno-opel-movano-4420056-93167652.png","datePublished":"2022-05-25T08:44:41+00:00","dateModified":"2023-02-07T15:13:17+00:00","description":"\u00c9trier De Frein gauche pour Opel Movano avec r\u00e9f\u00e9rences 4420056 et 93167652. Eest une pi\u00e8ce de Opel neuve avec une garantie d\u2019un an.","breadcrumb":{"@id":"https:\/\/www.enriquerequena.com\/fr\/tienda-online\/pieces-detachees-rechanges-frein-freinage\/etriers-de-frein\/etrier-de-frein-gauche-opel-movano-4420056-93167652\/#breadcrumb"},"inLanguage":"fr-FR","potentialAction":[{"@type":"ReadAction","target":["https:\/\/www.enriquerequena.com\/fr\/tienda-online\/pieces-detachees-rechanges-frein-freinage\/etriers-de-frein\/etrier-de-frein-gauche-opel-movano-4420056-93167652\/"]}]},{"@type":"ImageObject","inLanguage":"fr-FR","@id":"https:\/\/www.enriquerequena.com\/fr\/tienda-online\/pieces-detachees-rechanges-frein-freinage\/etriers-de-frein\/etrier-de-frein-gauche-opel-movano-4420056-93167652\/#primaryimage","url":"https:\/\/www.enriquerequena.com\/wp-content\/uploads\/2022\/05\/pinza-de-freno-opel-movano-4420056-93167652.png","contentUrl":"https:\/\/www.enriquerequena.com\/wp-content\/uploads\/2022\/05\/pinza-de-freno-opel-movano-4420056-93167652.png","width":800,"height":800,"caption":"\u00c9trier De Frein gauche pour Opel Movano avec r\u00e9f\u00e9rences 4420056 et 93167652"},{"@type":"WebSite","@id":"https:\/\/www.enriquerequena.com\/fr\/#website","url":"https:\/\/www.enriquerequena.com\/fr\/","name":"ENRIQUE REQUENA","description":"Sp\u00e9cialistes des transmissions cardan avec des exp\u00e9ditions dans le monde entier et des pi\u00e8ces d\u00e9tach\u00e9es pour voitures, camions et accessoires \u00e0 Valence, en Espagne. Avec vous depuis 1950!","publisher":{"@id":"https:\/\/www.enriquerequena.com\/fr\/#organization"},"potentialAction":[{"@type":"SearchAction","target":{"@type":"EntryPoint","urlTemplate":"https:\/\/www.enriquerequena.com\/fr\/?s={search_term_string}"},"query-input":{"@type":"PropertyValueSpecification","valueRequired":true,"valueName":"search_term_string"}}],"inLanguage":"fr-FR"},{"@type":"Organization","@id":"https:\/\/www.enriquerequena.com\/fr\/#organization","name":"Enrique Requena S.L.","url":"https:\/\/www.enriquerequena.com\/fr\/","logo":{"@type":"ImageObject","inLanguage":"fr-FR","@id":"https:\/\/www.enriquerequena.com\/fr\/#\/schema\/logo\/image\/","url":"https:\/\/www.enriquerequena.com\/wp-content\/uploads\/2019\/11\/enrique-requena-recambios-logotipo.jpg","contentUrl":"https:\/\/www.enriquerequena.com\/wp-content\/uploads\/2019\/11\/enrique-requena-recambios-logotipo.jpg","width":381,"height":75,"caption":"Enrique Requena S.L."},"image":{"@id":"https:\/\/www.enriquerequena.com\/fr\/#\/schema\/logo\/image\/"}}]}},"_links":{"self":[{"href":"https:\/\/www.enriquerequena.com\/fr\/wp-json\/wp\/v2\/product\/23668","targetHints":{"allow":["GET"]}}],"collection":[{"href":"https:\/\/www.enriquerequena.com\/fr\/wp-json\/wp\/v2\/product"}],"about":[{"href":"https:\/\/www.enriquerequena.com\/fr\/wp-json\/wp\/v2\/types\/product"}],"wp:featuredmedia":[{"embeddable":true,"href":"https:\/\/www.enriquerequena.com\/fr\/wp-json\/wp\/v2\/media\/23671"}],"wp:attachment":[{"href":"https:\/\/www.enriquerequena.com\/fr\/wp-json\/wp\/v2\/media?parent=23668"}],"wp:term":[{"taxonomy":"product_brand","embeddable":true,"href":"https:\/\/www.enriquerequena.com\/fr\/wp-json\/wp\/v2\/product_brand?post=23668"},{"taxonomy":"product_cat","embeddable":true,"href":"https:\/\/www.enriquerequena.com\/fr\/wp-json\/wp\/v2\/product_cat?post=23668"},{"taxonomy":"product_tag","embeddable":true,"href":"https:\/\/www.enriquerequena.com\/fr\/wp-json\/wp\/v2\/product_tag?post=23668"}],"curies":[{"name":"wp","href":"https:\/\/api.w.org\/{rel}","templated":true}]}}