{"id":23696,"date":"2022-05-28T14:02:06","date_gmt":"2022-05-28T12:02:06","guid":{"rendered":"https:\/\/www.enriquerequena.com\/?post_type=product&#038;p=23696"},"modified":"2024-05-02T09:43:21","modified_gmt":"2024-05-02T07:43:21","slug":"etrier-de-frein-droit-renault-master-440010724r-440010814r","status":"publish","type":"product","link":"https:\/\/www.enriquerequena.com\/fr\/tienda-online\/pieces-detachees-rechanges-frein-freinage\/etriers-de-frein\/etrier-de-frein-droit-renault-master-440010724r-440010814r\/","title":{"rendered":"\u00c9trier De Frein droit Renault Master III &#8211; 440010724R \/ 440010814R"},"content":{"rendered":"<p><strong>\u00c9trier De Frein droit pour Renault Master III <\/strong>avec r\u00e9f\u00e9rences 440010724R et 440010814R est une pi\u00e8ce de Renault neuve avec une garantie d\u2019un an. C\u2019est le choix le plus \u00e9conomique.<\/p>\n<p>Nous vendons des pi\u00e8ces d\u00e9tach\u00e9es ou pi\u00e8ces de rechange \u00e0 Valence depuis 1950 et nous vendons aussi en ligne dans le monde entier.<\/p>\n<p>N\u00b4h\u00e9sitez pas \u00e0 nous consulter pour d\u00b4autres mod\u00e8les de tout type de v\u00e9hicule. Nous avons une exp\u00e9rience de 70 ans. Nos pi\u00e9ces de rechange sont similaires \u00e0 ceux des OEM avec les meilleurs prix du march\u00e9.<\/p>\n<p>Caract\u00e9ristiques techniques \u00c9trier De Frein pour Renault Master 440010724R:<\/p>\n<ul>\n<li>Pi\u00e8ce de rechange: \u00c9trier De Frein droit<\/li>\n<li>Mod\u00e8le: <strong>Renault Master III<\/strong>\n<ul>\n<li>(JV) 2.3 dCi 100 FWD, 110 FWD, 125 FWD, 135 FWD, 145 FWD, 150 FWD, 165 FWD, 170 FWD<\/li>\n<\/ul>\n<\/li>\n<li><strong>Camion plate-forme\/Ch\u00e2ssis<\/strong>:\n<ul>\n<li>(EV, HV, UV) 2.3 dCi 100 FWD, 110 FWD, 125 FWD, 125 RWD, 130 FWD, 130 RWD, 135 FWD, 135 FWD, 145 FWD, 145 RWD, 150 FWD, 150 RWD, 165 FWD, 165 RWD, 170 FWD<\/li>\n<li>(EV, HV, UV) Z.E. (EV1Z, UV1Z)<\/li>\n<\/ul>\n<\/li>\n<li><strong>Camionnette<\/strong>:\n<ul>\n<li>(FV) 2.3 dCi 100 FWD, 100 RWD, 110 FWD, 125 FWD, 125 RWD, 130 FWD, 135 FWD, 135 RWD, 145 RWD, 150 FWD, 150 RWD, 165 FWD, 165 RWD, 170 FWD<\/li>\n<li>(FV) Z.E. (FV1Z)<\/li>\n<\/ul>\n<\/li>\n<li>Essieu arri\u00e8re droit<\/li>\n<li>1 piston<\/li>\n<li>Diam\u00e8tre du v\u00e9rin: 48 mm<\/li>\n<li>Etat: pi\u00e8ce neuve<\/li>\n<li>Garantie d\u2019un an<\/li>\n<li><strong>R\u00e9f\u00e9rences:<\/strong>\n<ul>\n<li>440010724R<\/li>\n<li>440010814R<\/li>\n<\/ul>\n<\/li>\n<\/ul>\n","protected":false},"excerpt":{"rendered":"<p><strong>\u00c9trier De Frein droit <\/strong>pour <strong>Renault Master III <\/strong>avec r\u00e9f\u00e9rences<strong> 440010724R et 440010814R. <\/strong>Est une pi\u00e8ce de Renault neuve avec une garantie d\u2019un an.<\/p>\n","protected":false},"featured_media":23699,"template":"","meta":[],"product_brand":[],"product_cat":[10014,9848,138],"product_tag":[],"class_list":{"0":"post-23696","1":"product","2":"type-product","3":"status-publish","4":"has-post-thumbnail","6":"product_cat-etriers-de-frein","7":"product_cat-pieces-detachees-rechanges-frein-freinage","8":"product_cat-pieces-rechange-camions","9":"pa_manufacturer-renault","10":"pa_tipo-fourgons-et-vehicules-legers","12":"first","13":"instock","14":"taxable","15":"shipping-taxable","16":"purchasable","17":"product-type-simple"},"yoast_head":"<!-- This site is optimized with the Yoast SEO plugin v27.1.1 - https:\/\/yoast.com\/product\/yoast-seo-wordpress\/ -->\n<title>\u00c9trier De Frein droit Renault Master III 440010724R \/ 440010814R<\/title>\n<meta name=\"description\" content=\"\u00c9trier De Frein droit pour Renault Master III avec r\u00e9f\u00e9rences 440010724R et 440010814R. Est une pi\u00e8ce de Renault neuve.\" \/>\n<meta name=\"robots\" content=\"index, follow, max-snippet:-1, max-image-preview:large, max-video-preview:-1\" \/>\n<link rel=\"canonical\" href=\"https:\/\/www.enriquerequena.com\/fr\/tienda-online\/pieces-detachees-rechanges-frein-freinage\/etriers-de-frein\/etrier-de-frein-droit-renault-master-440010724r-440010814r\/\" \/>\n<meta property=\"og:locale\" content=\"fr_FR\" \/>\n<meta property=\"og:type\" content=\"article\" \/>\n<meta property=\"og:title\" content=\"\u00c9trier De Frein droit Renault Master III 440010724R \/ 440010814R\" \/>\n<meta property=\"og:description\" content=\"\u00c9trier De Frein droit pour Renault Master III avec r\u00e9f\u00e9rences 440010724R et 440010814R. Est une pi\u00e8ce de Renault neuve.\" \/>\n<meta property=\"og:url\" content=\"https:\/\/www.enriquerequena.com\/fr\/tienda-online\/pieces-detachees-rechanges-frein-freinage\/etriers-de-frein\/etrier-de-frein-droit-renault-master-440010724r-440010814r\/\" \/>\n<meta property=\"og:site_name\" content=\"ENRIQUE REQUENA\" \/>\n<meta property=\"article:modified_time\" content=\"2024-05-02T07:43:21+00:00\" \/>\n<meta property=\"og:image\" content=\"https:\/\/www.enriquerequena.com\/wp-content\/uploads\/2022\/05\/pinza-de-freno-trasera-derecha-renault-master-440010724R-440010724.png\" \/>\n\t<meta property=\"og:image:width\" content=\"800\" \/>\n\t<meta property=\"og:image:height\" content=\"800\" \/>\n\t<meta property=\"og:image:type\" content=\"image\/png\" \/>\n<meta name=\"twitter:card\" content=\"summary_large_image\" \/>\n<meta name=\"twitter:label1\" content=\"Dur\u00e9e de lecture estim\u00e9e\" \/>\n\t<meta name=\"twitter:data1\" content=\"2 minutes\" \/>\n<script type=\"application\/ld+json\" class=\"yoast-schema-graph\">{\"@context\":\"https:\/\/schema.org\",\"@graph\":[{\"@type\":\"WebPage\",\"@id\":\"https:\/\/www.enriquerequena.com\/fr\/tienda-online\/pieces-detachees-rechanges-frein-freinage\/etriers-de-frein\/etrier-de-frein-droit-renault-master-440010724r-440010814r\/\",\"url\":\"https:\/\/www.enriquerequena.com\/fr\/tienda-online\/pieces-detachees-rechanges-frein-freinage\/etriers-de-frein\/etrier-de-frein-droit-renault-master-440010724r-440010814r\/\",\"name\":\"\u00c9trier De Frein droit Renault Master III 440010724R \/ 440010814R\",\"isPartOf\":{\"@id\":\"https:\/\/www.enriquerequena.com\/fr\/#website\"},\"primaryImageOfPage\":{\"@id\":\"https:\/\/www.enriquerequena.com\/fr\/tienda-online\/pieces-detachees-rechanges-frein-freinage\/etriers-de-frein\/etrier-de-frein-droit-renault-master-440010724r-440010814r\/#primaryimage\"},\"image\":{\"@id\":\"https:\/\/www.enriquerequena.com\/fr\/tienda-online\/pieces-detachees-rechanges-frein-freinage\/etriers-de-frein\/etrier-de-frein-droit-renault-master-440010724r-440010814r\/#primaryimage\"},\"thumbnailUrl\":\"https:\/\/www.enriquerequena.com\/wp-content\/uploads\/2022\/05\/pinza-de-freno-trasera-derecha-renault-master-440010724R-440010724.png\",\"datePublished\":\"2022-05-28T12:02:06+00:00\",\"dateModified\":\"2024-05-02T07:43:21+00:00\",\"description\":\"\u00c9trier De Frein droit pour Renault Master III avec r\u00e9f\u00e9rences 440010724R et 440010814R. Est une pi\u00e8ce de Renault neuve.\",\"breadcrumb\":{\"@id\":\"https:\/\/www.enriquerequena.com\/fr\/tienda-online\/pieces-detachees-rechanges-frein-freinage\/etriers-de-frein\/etrier-de-frein-droit-renault-master-440010724r-440010814r\/#breadcrumb\"},\"inLanguage\":\"fr-FR\",\"potentialAction\":[{\"@type\":\"ReadAction\",\"target\":[\"https:\/\/www.enriquerequena.com\/fr\/tienda-online\/pieces-detachees-rechanges-frein-freinage\/etriers-de-frein\/etrier-de-frein-droit-renault-master-440010724r-440010814r\/\"]}]},{\"@type\":\"ImageObject\",\"inLanguage\":\"fr-FR\",\"@id\":\"https:\/\/www.enriquerequena.com\/fr\/tienda-online\/pieces-detachees-rechanges-frein-freinage\/etriers-de-frein\/etrier-de-frein-droit-renault-master-440010724r-440010814r\/#primaryimage\",\"url\":\"https:\/\/www.enriquerequena.com\/wp-content\/uploads\/2022\/05\/pinza-de-freno-trasera-derecha-renault-master-440010724R-440010724.png\",\"contentUrl\":\"https:\/\/www.enriquerequena.com\/wp-content\/uploads\/2022\/05\/pinza-de-freno-trasera-derecha-renault-master-440010724R-440010724.png\",\"width\":800,\"height\":800,\"caption\":\"440010724R et 440010814R\"},{\"@type\":\"WebSite\",\"@id\":\"https:\/\/www.enriquerequena.com\/fr\/#website\",\"url\":\"https:\/\/www.enriquerequena.com\/fr\/\",\"name\":\"ENRIQUE REQUENA\",\"description\":\"Sp\u00e9cialistes des transmissions cardan avec des exp\u00e9ditions dans le monde entier et des pi\u00e8ces d\u00e9tach\u00e9es pour voitures, camions et accessoires \u00e0 Valence, en Espagne. Avec vous depuis 1950!\",\"publisher\":{\"@id\":\"https:\/\/www.enriquerequena.com\/fr\/#organization\"},\"potentialAction\":[{\"@type\":\"SearchAction\",\"target\":{\"@type\":\"EntryPoint\",\"urlTemplate\":\"https:\/\/www.enriquerequena.com\/fr\/?s={search_term_string}\"},\"query-input\":{\"@type\":\"PropertyValueSpecification\",\"valueRequired\":true,\"valueName\":\"search_term_string\"}}],\"inLanguage\":\"fr-FR\"},{\"@type\":\"Organization\",\"@id\":\"https:\/\/www.enriquerequena.com\/fr\/#organization\",\"name\":\"Enrique Requena S.L.\",\"url\":\"https:\/\/www.enriquerequena.com\/fr\/\",\"logo\":{\"@type\":\"ImageObject\",\"inLanguage\":\"fr-FR\",\"@id\":\"https:\/\/www.enriquerequena.com\/fr\/#\/schema\/logo\/image\/\",\"url\":\"https:\/\/www.enriquerequena.com\/wp-content\/uploads\/2019\/11\/enrique-requena-recambios-logotipo.jpg\",\"contentUrl\":\"https:\/\/www.enriquerequena.com\/wp-content\/uploads\/2019\/11\/enrique-requena-recambios-logotipo.jpg\",\"width\":381,\"height\":75,\"caption\":\"Enrique Requena S.L.\"},\"image\":{\"@id\":\"https:\/\/www.enriquerequena.com\/fr\/#\/schema\/logo\/image\/\"}}]}<\/script>\n<!-- \/ Yoast SEO plugin. -->","yoast_head_json":{"title":"\u00c9trier De Frein droit Renault Master III 440010724R \/ 440010814R","description":"\u00c9trier De Frein droit pour Renault Master III avec r\u00e9f\u00e9rences 440010724R et 440010814R. Est une pi\u00e8ce de Renault neuve.","robots":{"index":"index","follow":"follow","max-snippet":"max-snippet:-1","max-image-preview":"max-image-preview:large","max-video-preview":"max-video-preview:-1"},"canonical":"https:\/\/www.enriquerequena.com\/fr\/tienda-online\/pieces-detachees-rechanges-frein-freinage\/etriers-de-frein\/etrier-de-frein-droit-renault-master-440010724r-440010814r\/","og_locale":"fr_FR","og_type":"article","og_title":"\u00c9trier De Frein droit Renault Master III 440010724R \/ 440010814R","og_description":"\u00c9trier De Frein droit pour Renault Master III avec r\u00e9f\u00e9rences 440010724R et 440010814R. Est une pi\u00e8ce de Renault neuve.","og_url":"https:\/\/www.enriquerequena.com\/fr\/tienda-online\/pieces-detachees-rechanges-frein-freinage\/etriers-de-frein\/etrier-de-frein-droit-renault-master-440010724r-440010814r\/","og_site_name":"ENRIQUE REQUENA","article_modified_time":"2024-05-02T07:43:21+00:00","og_image":[{"width":800,"height":800,"url":"https:\/\/www.enriquerequena.com\/wp-content\/uploads\/2022\/05\/pinza-de-freno-trasera-derecha-renault-master-440010724R-440010724.png","type":"image\/png"}],"twitter_card":"summary_large_image","twitter_misc":{"Dur\u00e9e de lecture estim\u00e9e":"2 minutes"},"schema":{"@context":"https:\/\/schema.org","@graph":[{"@type":"WebPage","@id":"https:\/\/www.enriquerequena.com\/fr\/tienda-online\/pieces-detachees-rechanges-frein-freinage\/etriers-de-frein\/etrier-de-frein-droit-renault-master-440010724r-440010814r\/","url":"https:\/\/www.enriquerequena.com\/fr\/tienda-online\/pieces-detachees-rechanges-frein-freinage\/etriers-de-frein\/etrier-de-frein-droit-renault-master-440010724r-440010814r\/","name":"\u00c9trier De Frein droit Renault Master III 440010724R \/ 440010814R","isPartOf":{"@id":"https:\/\/www.enriquerequena.com\/fr\/#website"},"primaryImageOfPage":{"@id":"https:\/\/www.enriquerequena.com\/fr\/tienda-online\/pieces-detachees-rechanges-frein-freinage\/etriers-de-frein\/etrier-de-frein-droit-renault-master-440010724r-440010814r\/#primaryimage"},"image":{"@id":"https:\/\/www.enriquerequena.com\/fr\/tienda-online\/pieces-detachees-rechanges-frein-freinage\/etriers-de-frein\/etrier-de-frein-droit-renault-master-440010724r-440010814r\/#primaryimage"},"thumbnailUrl":"https:\/\/www.enriquerequena.com\/wp-content\/uploads\/2022\/05\/pinza-de-freno-trasera-derecha-renault-master-440010724R-440010724.png","datePublished":"2022-05-28T12:02:06+00:00","dateModified":"2024-05-02T07:43:21+00:00","description":"\u00c9trier De Frein droit pour Renault Master III avec r\u00e9f\u00e9rences 440010724R et 440010814R. Est une pi\u00e8ce de Renault neuve.","breadcrumb":{"@id":"https:\/\/www.enriquerequena.com\/fr\/tienda-online\/pieces-detachees-rechanges-frein-freinage\/etriers-de-frein\/etrier-de-frein-droit-renault-master-440010724r-440010814r\/#breadcrumb"},"inLanguage":"fr-FR","potentialAction":[{"@type":"ReadAction","target":["https:\/\/www.enriquerequena.com\/fr\/tienda-online\/pieces-detachees-rechanges-frein-freinage\/etriers-de-frein\/etrier-de-frein-droit-renault-master-440010724r-440010814r\/"]}]},{"@type":"ImageObject","inLanguage":"fr-FR","@id":"https:\/\/www.enriquerequena.com\/fr\/tienda-online\/pieces-detachees-rechanges-frein-freinage\/etriers-de-frein\/etrier-de-frein-droit-renault-master-440010724r-440010814r\/#primaryimage","url":"https:\/\/www.enriquerequena.com\/wp-content\/uploads\/2022\/05\/pinza-de-freno-trasera-derecha-renault-master-440010724R-440010724.png","contentUrl":"https:\/\/www.enriquerequena.com\/wp-content\/uploads\/2022\/05\/pinza-de-freno-trasera-derecha-renault-master-440010724R-440010724.png","width":800,"height":800,"caption":"440010724R et 440010814R"},{"@type":"WebSite","@id":"https:\/\/www.enriquerequena.com\/fr\/#website","url":"https:\/\/www.enriquerequena.com\/fr\/","name":"ENRIQUE REQUENA","description":"Sp\u00e9cialistes des transmissions cardan avec des exp\u00e9ditions dans le monde entier et des pi\u00e8ces d\u00e9tach\u00e9es pour voitures, camions et accessoires \u00e0 Valence, en Espagne. Avec vous depuis 1950!","publisher":{"@id":"https:\/\/www.enriquerequena.com\/fr\/#organization"},"potentialAction":[{"@type":"SearchAction","target":{"@type":"EntryPoint","urlTemplate":"https:\/\/www.enriquerequena.com\/fr\/?s={search_term_string}"},"query-input":{"@type":"PropertyValueSpecification","valueRequired":true,"valueName":"search_term_string"}}],"inLanguage":"fr-FR"},{"@type":"Organization","@id":"https:\/\/www.enriquerequena.com\/fr\/#organization","name":"Enrique Requena S.L.","url":"https:\/\/www.enriquerequena.com\/fr\/","logo":{"@type":"ImageObject","inLanguage":"fr-FR","@id":"https:\/\/www.enriquerequena.com\/fr\/#\/schema\/logo\/image\/","url":"https:\/\/www.enriquerequena.com\/wp-content\/uploads\/2019\/11\/enrique-requena-recambios-logotipo.jpg","contentUrl":"https:\/\/www.enriquerequena.com\/wp-content\/uploads\/2019\/11\/enrique-requena-recambios-logotipo.jpg","width":381,"height":75,"caption":"Enrique Requena S.L."},"image":{"@id":"https:\/\/www.enriquerequena.com\/fr\/#\/schema\/logo\/image\/"}}]}},"_links":{"self":[{"href":"https:\/\/www.enriquerequena.com\/fr\/wp-json\/wp\/v2\/product\/23696","targetHints":{"allow":["GET"]}}],"collection":[{"href":"https:\/\/www.enriquerequena.com\/fr\/wp-json\/wp\/v2\/product"}],"about":[{"href":"https:\/\/www.enriquerequena.com\/fr\/wp-json\/wp\/v2\/types\/product"}],"wp:featuredmedia":[{"embeddable":true,"href":"https:\/\/www.enriquerequena.com\/fr\/wp-json\/wp\/v2\/media\/23699"}],"wp:attachment":[{"href":"https:\/\/www.enriquerequena.com\/fr\/wp-json\/wp\/v2\/media?parent=23696"}],"wp:term":[{"taxonomy":"product_brand","embeddable":true,"href":"https:\/\/www.enriquerequena.com\/fr\/wp-json\/wp\/v2\/product_brand?post=23696"},{"taxonomy":"product_cat","embeddable":true,"href":"https:\/\/www.enriquerequena.com\/fr\/wp-json\/wp\/v2\/product_cat?post=23696"},{"taxonomy":"product_tag","embeddable":true,"href":"https:\/\/www.enriquerequena.com\/fr\/wp-json\/wp\/v2\/product_tag?post=23696"}],"curies":[{"name":"wp","href":"https:\/\/api.w.org\/{rel}","templated":true}]}}