{"id":23789,"date":"2022-06-04T17:35:41","date_gmt":"2022-06-04T15:35:41","guid":{"rendered":"https:\/\/www.enriquerequena.com\/?post_type=product&#038;p=23789"},"modified":"2023-02-07T16:35:37","modified_gmt":"2023-02-07T15:35:37","slug":"arbre-de-transmission-audi-a4-all-road-8k0521101aa-8k0521101g-8k0521101n","status":"publish","type":"product","link":"https:\/\/www.enriquerequena.com\/fr\/tienda-online\/arbre-transmission-cardan\/arbre-transmission-cardan-4x4\/arbre-de-transmission-audi-a4-all-road-8k0521101aa-8k0521101g-8k0521101n\/","title":{"rendered":"Arbre de transmission Audi A4 All Road &#8211; 8K0521101AA \/ 8K0521101G \/ 8K0521101N"},"content":{"rendered":"<p><strong>Arbre de transmission pour Audi A4 All Road <\/strong>avec r\u00e9f\u00e9rences 8K0521101AA, 8K0521101G et 8K0521101N. est une transmission de Audi <strong>neuve avec une garantie d\u2019un an<\/strong>.<\/p>\n<p>C\u2019est le choix le plus \u00e9conomique. Nos arbres de transmission \u00e0 cardan sont similaires \u00e0 ceux des OEM avec les meilleurs prix du march\u00e9.<\/p>\n<p>Nous vendons des arbres de transmission ou transmissions pour Audi.\u00a0 Nous vendons des pi\u00e8ces d\u00e9tach\u00e9es ou pi\u00e8ces de rechange \u00e0 Valence depuis 1950 et nous vendons aussi en ligne dans le monde entier.<\/p>\n<p>Nous avons une exp\u00e9rience de 70 ans dans le commerce de transmissions \u00e0 cardan et connaissons tr\u00e8s bien le sujet. N\u00b4h\u00e9sitez pas \u00e0 nous consulter pour d\u00b4autres mod\u00e8les de transmission \u00e0 cardan de tout type de v\u00e9hicule.<\/p>\n<p>Caract\u00e9ristiques techniques Arbre de transmission Audi A4 All Road 8K0521101AA:<\/p>\n<ul>\n<li>Pi\u00e8ce de rechange: arbre de transmission<\/li>\n<li>Mod\u00e8le: <strong>Audi A4 4B All Road B8<\/strong>\n<ul>\n<li>B8 (8KH) 2.0 TDI quattro<\/li>\n<li>B8 (8KH) 2.0 TFSI quattro<\/li>\n<li>B8 (8KH) 3.0 TDI quattro<\/li>\n<li>B8 (8K2) 2.0 TDI quattro<\/li>\n<li>B8 (8K2) 2.0 TFSI quattro<\/li>\n<li>B8 (8K2) 3.0 TDI quattro<\/li>\n<li>B8 (8K2) 3.0 TFSI quattro<\/li>\n<li>B8 (8K2) S4 quattro<\/li>\n<li>B8 Avant (8K5) 2.0 TDI quattro<\/li>\n<li>B8 Avant (8K5) 2.0 TFSI quattro<\/li>\n<li>B8 Avant (8K5) 3.0 TDI quattro<\/li>\n<li>B8 Avant (8K5) 2.0 TFSI quattro<\/li>\n<li>B8 Avant (8K5) S4 quattro<\/li>\n<\/ul>\n<\/li>\n<li>Etat: pi\u00e8ce neuve<\/li>\n<li>Garantie d\u2019un an<\/li>\n<li>\u00c0 deux pi\u00e8ces<\/li>\n<li>Avec serre-flan<\/li>\n<li>Longueur: 1.529 mm<\/li>\n<li>Nombre de dents 1: 25<\/li>\n<li>Cercle de percage-\u00d8 2: 86 mm<\/li>\n<li>Al\u00e9sage -\u00d82: 8.1 mm<\/li>\n<li>Nombre de trous 2: 6<\/li>\n<li>Tuyau-\u00d8: 70 mm<\/li>\n<li>Diam\u00e8tre ext\u00e9rieur 1: 91,5 mm<\/li>\n<li>Diam\u00e8tre ext\u00e9rieur 2: 99.73 mm<\/li>\n<li>R\u00e9f\u00e9rences:\n<ul>\n<li>8K0521101AA<\/li>\n<li>8K0521101G<\/li>\n<li>8K0521101N<\/li>\n<\/ul>\n<\/li>\n<\/ul>\n","protected":false},"excerpt":{"rendered":"<p><strong>Arbre de transmission pour Audi A4 All Road<\/strong> avec r\u00e9f\u00e9rences <strong>8K0521101AA, 8K0521101G et 8K0521101N.<\/strong> Est une transmission de Audi neuve avec une garantie d\u2019un an.<\/p>\n","protected":false},"featured_media":23792,"template":"","meta":[],"product_brand":[],"product_cat":[144,156],"product_tag":[],"class_list":{"0":"post-23789","1":"product","2":"type-product","3":"status-publish","4":"has-post-thumbnail","6":"product_cat-arbre-transmission-cardan","7":"product_cat-arbre-transmission-cardan-4x4","8":"pa_manufacturer-audi","9":"pa_tipo-auto","11":"first","12":"instock","13":"taxable","14":"shipping-taxable","15":"purchasable","16":"product-type-simple"},"yoast_head":"<!-- This site is optimized with the Yoast SEO plugin v27.5 - https:\/\/yoast.com\/product\/yoast-seo-wordpress\/ -->\n<title>Arbre transmission Audi A4 All Road 8K0521101AA - ENRIQUE REQUENA<\/title>\n<meta name=\"description\" content=\"Arbre de transmission pour Audi A4 All Road avec r\u00e9f\u00e9rences 8K0521101AA, 8K0521101G et 8K0521101N. Est une transmission de Audi neuve.\" \/>\n<meta name=\"robots\" content=\"index, follow, max-snippet:-1, max-image-preview:large, max-video-preview:-1\" \/>\n<link rel=\"canonical\" href=\"https:\/\/www.enriquerequena.com\/fr\/tienda-online\/arbre-transmission-cardan\/arbre-transmission-cardan-4x4\/arbre-de-transmission-audi-a4-all-road-8k0521101aa-8k0521101g-8k0521101n\/\" \/>\n<meta property=\"og:locale\" content=\"fr_FR\" \/>\n<meta property=\"og:type\" content=\"article\" \/>\n<meta property=\"og:title\" content=\"Arbre transmission Audi A4 All Road 8K0521101AA - ENRIQUE REQUENA\" \/>\n<meta property=\"og:description\" content=\"Arbre de transmission pour Audi A4 All Road avec r\u00e9f\u00e9rences 8K0521101AA, 8K0521101G et 8K0521101N. Est une transmission de Audi neuve.\" \/>\n<meta property=\"og:url\" content=\"https:\/\/www.enriquerequena.com\/fr\/tienda-online\/arbre-transmission-cardan\/arbre-transmission-cardan-4x4\/arbre-de-transmission-audi-a4-all-road-8k0521101aa-8k0521101g-8k0521101n\/\" \/>\n<meta property=\"og:site_name\" content=\"ENRIQUE REQUENA\" \/>\n<meta property=\"article:modified_time\" content=\"2023-02-07T15:35:37+00:00\" \/>\n<meta property=\"og:image\" content=\"https:\/\/www.enriquerequena.com\/wp-content\/uploads\/2022\/06\/transmision-cardan-audi-a4-all-road-8K0521101AA-8K0521101G-8K0521101N.png\" \/>\n\t<meta property=\"og:image:width\" content=\"800\" \/>\n\t<meta property=\"og:image:height\" content=\"800\" \/>\n\t<meta property=\"og:image:type\" content=\"image\/png\" \/>\n<meta name=\"twitter:card\" content=\"summary_large_image\" \/>\n<meta name=\"twitter:label1\" content=\"Dur\u00e9e de lecture estim\u00e9e\" \/>\n\t<meta name=\"twitter:data1\" content=\"2 minutes\" \/>\n<script type=\"application\/ld+json\" class=\"yoast-schema-graph\">{\"@context\":\"https:\\\/\\\/schema.org\",\"@graph\":[{\"@type\":\"WebPage\",\"@id\":\"https:\\\/\\\/www.enriquerequena.com\\\/fr\\\/tienda-online\\\/arbre-transmission-cardan\\\/arbre-transmission-cardan-4x4\\\/arbre-de-transmission-audi-a4-all-road-8k0521101aa-8k0521101g-8k0521101n\\\/\",\"url\":\"https:\\\/\\\/www.enriquerequena.com\\\/fr\\\/tienda-online\\\/arbre-transmission-cardan\\\/arbre-transmission-cardan-4x4\\\/arbre-de-transmission-audi-a4-all-road-8k0521101aa-8k0521101g-8k0521101n\\\/\",\"name\":\"Arbre transmission Audi A4 All Road 8K0521101AA - ENRIQUE REQUENA\",\"isPartOf\":{\"@id\":\"https:\\\/\\\/www.enriquerequena.com\\\/fr\\\/#website\"},\"primaryImageOfPage\":{\"@id\":\"https:\\\/\\\/www.enriquerequena.com\\\/fr\\\/tienda-online\\\/arbre-transmission-cardan\\\/arbre-transmission-cardan-4x4\\\/arbre-de-transmission-audi-a4-all-road-8k0521101aa-8k0521101g-8k0521101n\\\/#primaryimage\"},\"image\":{\"@id\":\"https:\\\/\\\/www.enriquerequena.com\\\/fr\\\/tienda-online\\\/arbre-transmission-cardan\\\/arbre-transmission-cardan-4x4\\\/arbre-de-transmission-audi-a4-all-road-8k0521101aa-8k0521101g-8k0521101n\\\/#primaryimage\"},\"thumbnailUrl\":\"https:\\\/\\\/www.enriquerequena.com\\\/wp-content\\\/uploads\\\/2022\\\/06\\\/transmision-cardan-audi-a4-all-road-8K0521101AA-8K0521101G-8K0521101N.png\",\"datePublished\":\"2022-06-04T15:35:41+00:00\",\"dateModified\":\"2023-02-07T15:35:37+00:00\",\"description\":\"Arbre de transmission pour Audi A4 All Road avec r\u00e9f\u00e9rences 8K0521101AA, 8K0521101G et 8K0521101N. Est une transmission de Audi neuve.\",\"breadcrumb\":{\"@id\":\"https:\\\/\\\/www.enriquerequena.com\\\/fr\\\/tienda-online\\\/arbre-transmission-cardan\\\/arbre-transmission-cardan-4x4\\\/arbre-de-transmission-audi-a4-all-road-8k0521101aa-8k0521101g-8k0521101n\\\/#breadcrumb\"},\"inLanguage\":\"fr-FR\",\"potentialAction\":[{\"@type\":\"ReadAction\",\"target\":[\"https:\\\/\\\/www.enriquerequena.com\\\/fr\\\/tienda-online\\\/arbre-transmission-cardan\\\/arbre-transmission-cardan-4x4\\\/arbre-de-transmission-audi-a4-all-road-8k0521101aa-8k0521101g-8k0521101n\\\/\"]}]},{\"@type\":\"ImageObject\",\"inLanguage\":\"fr-FR\",\"@id\":\"https:\\\/\\\/www.enriquerequena.com\\\/fr\\\/tienda-online\\\/arbre-transmission-cardan\\\/arbre-transmission-cardan-4x4\\\/arbre-de-transmission-audi-a4-all-road-8k0521101aa-8k0521101g-8k0521101n\\\/#primaryimage\",\"url\":\"https:\\\/\\\/www.enriquerequena.com\\\/wp-content\\\/uploads\\\/2022\\\/06\\\/transmision-cardan-audi-a4-all-road-8K0521101AA-8K0521101G-8K0521101N.png\",\"contentUrl\":\"https:\\\/\\\/www.enriquerequena.com\\\/wp-content\\\/uploads\\\/2022\\\/06\\\/transmision-cardan-audi-a4-all-road-8K0521101AA-8K0521101G-8K0521101N.png\",\"width\":800,\"height\":800,\"caption\":\"Arbre de transmission pour Audi A4 All Road avec r\u00e9f\u00e9rences 8K0521101AA, 8K0521101G et 8K0521101N\"},{\"@type\":\"WebSite\",\"@id\":\"https:\\\/\\\/www.enriquerequena.com\\\/fr\\\/#website\",\"url\":\"https:\\\/\\\/www.enriquerequena.com\\\/fr\\\/\",\"name\":\"ENRIQUE REQUENA\",\"description\":\"Sp\u00e9cialistes des transmissions cardan avec des exp\u00e9ditions dans le monde entier et des pi\u00e8ces d\u00e9tach\u00e9es pour voitures, camions et accessoires \u00e0 Valence, en Espagne. Avec vous depuis 1950!\",\"publisher\":{\"@id\":\"https:\\\/\\\/www.enriquerequena.com\\\/fr\\\/#organization\"},\"potentialAction\":[{\"@type\":\"SearchAction\",\"target\":{\"@type\":\"EntryPoint\",\"urlTemplate\":\"https:\\\/\\\/www.enriquerequena.com\\\/fr\\\/?s={search_term_string}\"},\"query-input\":{\"@type\":\"PropertyValueSpecification\",\"valueRequired\":true,\"valueName\":\"search_term_string\"}}],\"inLanguage\":\"fr-FR\"},{\"@type\":\"Organization\",\"@id\":\"https:\\\/\\\/www.enriquerequena.com\\\/fr\\\/#organization\",\"name\":\"Enrique Requena S.L.\",\"url\":\"https:\\\/\\\/www.enriquerequena.com\\\/fr\\\/\",\"logo\":{\"@type\":\"ImageObject\",\"inLanguage\":\"fr-FR\",\"@id\":\"https:\\\/\\\/www.enriquerequena.com\\\/fr\\\/#\\\/schema\\\/logo\\\/image\\\/\",\"url\":\"https:\\\/\\\/www.enriquerequena.com\\\/wp-content\\\/uploads\\\/2019\\\/11\\\/enrique-requena-recambios-logotipo.jpg\",\"contentUrl\":\"https:\\\/\\\/www.enriquerequena.com\\\/wp-content\\\/uploads\\\/2019\\\/11\\\/enrique-requena-recambios-logotipo.jpg\",\"width\":381,\"height\":75,\"caption\":\"Enrique Requena S.L.\"},\"image\":{\"@id\":\"https:\\\/\\\/www.enriquerequena.com\\\/fr\\\/#\\\/schema\\\/logo\\\/image\\\/\"}}]}<\/script>\n<!-- \/ Yoast SEO plugin. -->","yoast_head_json":{"title":"Arbre transmission Audi A4 All Road 8K0521101AA - ENRIQUE REQUENA","description":"Arbre de transmission pour Audi A4 All Road avec r\u00e9f\u00e9rences 8K0521101AA, 8K0521101G et 8K0521101N. Est une transmission de Audi neuve.","robots":{"index":"index","follow":"follow","max-snippet":"max-snippet:-1","max-image-preview":"max-image-preview:large","max-video-preview":"max-video-preview:-1"},"canonical":"https:\/\/www.enriquerequena.com\/fr\/tienda-online\/arbre-transmission-cardan\/arbre-transmission-cardan-4x4\/arbre-de-transmission-audi-a4-all-road-8k0521101aa-8k0521101g-8k0521101n\/","og_locale":"fr_FR","og_type":"article","og_title":"Arbre transmission Audi A4 All Road 8K0521101AA - ENRIQUE REQUENA","og_description":"Arbre de transmission pour Audi A4 All Road avec r\u00e9f\u00e9rences 8K0521101AA, 8K0521101G et 8K0521101N. Est une transmission de Audi neuve.","og_url":"https:\/\/www.enriquerequena.com\/fr\/tienda-online\/arbre-transmission-cardan\/arbre-transmission-cardan-4x4\/arbre-de-transmission-audi-a4-all-road-8k0521101aa-8k0521101g-8k0521101n\/","og_site_name":"ENRIQUE REQUENA","article_modified_time":"2023-02-07T15:35:37+00:00","og_image":[{"width":800,"height":800,"url":"https:\/\/www.enriquerequena.com\/wp-content\/uploads\/2022\/06\/transmision-cardan-audi-a4-all-road-8K0521101AA-8K0521101G-8K0521101N.png","type":"image\/png"}],"twitter_card":"summary_large_image","twitter_misc":{"Dur\u00e9e de lecture estim\u00e9e":"2 minutes"},"schema":{"@context":"https:\/\/schema.org","@graph":[{"@type":"WebPage","@id":"https:\/\/www.enriquerequena.com\/fr\/tienda-online\/arbre-transmission-cardan\/arbre-transmission-cardan-4x4\/arbre-de-transmission-audi-a4-all-road-8k0521101aa-8k0521101g-8k0521101n\/","url":"https:\/\/www.enriquerequena.com\/fr\/tienda-online\/arbre-transmission-cardan\/arbre-transmission-cardan-4x4\/arbre-de-transmission-audi-a4-all-road-8k0521101aa-8k0521101g-8k0521101n\/","name":"Arbre transmission Audi A4 All Road 8K0521101AA - ENRIQUE REQUENA","isPartOf":{"@id":"https:\/\/www.enriquerequena.com\/fr\/#website"},"primaryImageOfPage":{"@id":"https:\/\/www.enriquerequena.com\/fr\/tienda-online\/arbre-transmission-cardan\/arbre-transmission-cardan-4x4\/arbre-de-transmission-audi-a4-all-road-8k0521101aa-8k0521101g-8k0521101n\/#primaryimage"},"image":{"@id":"https:\/\/www.enriquerequena.com\/fr\/tienda-online\/arbre-transmission-cardan\/arbre-transmission-cardan-4x4\/arbre-de-transmission-audi-a4-all-road-8k0521101aa-8k0521101g-8k0521101n\/#primaryimage"},"thumbnailUrl":"https:\/\/www.enriquerequena.com\/wp-content\/uploads\/2022\/06\/transmision-cardan-audi-a4-all-road-8K0521101AA-8K0521101G-8K0521101N.png","datePublished":"2022-06-04T15:35:41+00:00","dateModified":"2023-02-07T15:35:37+00:00","description":"Arbre de transmission pour Audi A4 All Road avec r\u00e9f\u00e9rences 8K0521101AA, 8K0521101G et 8K0521101N. Est une transmission de Audi neuve.","breadcrumb":{"@id":"https:\/\/www.enriquerequena.com\/fr\/tienda-online\/arbre-transmission-cardan\/arbre-transmission-cardan-4x4\/arbre-de-transmission-audi-a4-all-road-8k0521101aa-8k0521101g-8k0521101n\/#breadcrumb"},"inLanguage":"fr-FR","potentialAction":[{"@type":"ReadAction","target":["https:\/\/www.enriquerequena.com\/fr\/tienda-online\/arbre-transmission-cardan\/arbre-transmission-cardan-4x4\/arbre-de-transmission-audi-a4-all-road-8k0521101aa-8k0521101g-8k0521101n\/"]}]},{"@type":"ImageObject","inLanguage":"fr-FR","@id":"https:\/\/www.enriquerequena.com\/fr\/tienda-online\/arbre-transmission-cardan\/arbre-transmission-cardan-4x4\/arbre-de-transmission-audi-a4-all-road-8k0521101aa-8k0521101g-8k0521101n\/#primaryimage","url":"https:\/\/www.enriquerequena.com\/wp-content\/uploads\/2022\/06\/transmision-cardan-audi-a4-all-road-8K0521101AA-8K0521101G-8K0521101N.png","contentUrl":"https:\/\/www.enriquerequena.com\/wp-content\/uploads\/2022\/06\/transmision-cardan-audi-a4-all-road-8K0521101AA-8K0521101G-8K0521101N.png","width":800,"height":800,"caption":"Arbre de transmission pour Audi A4 All Road avec r\u00e9f\u00e9rences 8K0521101AA, 8K0521101G et 8K0521101N"},{"@type":"WebSite","@id":"https:\/\/www.enriquerequena.com\/fr\/#website","url":"https:\/\/www.enriquerequena.com\/fr\/","name":"ENRIQUE REQUENA","description":"Sp\u00e9cialistes des transmissions cardan avec des exp\u00e9ditions dans le monde entier et des pi\u00e8ces d\u00e9tach\u00e9es pour voitures, camions et accessoires \u00e0 Valence, en Espagne. Avec vous depuis 1950!","publisher":{"@id":"https:\/\/www.enriquerequena.com\/fr\/#organization"},"potentialAction":[{"@type":"SearchAction","target":{"@type":"EntryPoint","urlTemplate":"https:\/\/www.enriquerequena.com\/fr\/?s={search_term_string}"},"query-input":{"@type":"PropertyValueSpecification","valueRequired":true,"valueName":"search_term_string"}}],"inLanguage":"fr-FR"},{"@type":"Organization","@id":"https:\/\/www.enriquerequena.com\/fr\/#organization","name":"Enrique Requena S.L.","url":"https:\/\/www.enriquerequena.com\/fr\/","logo":{"@type":"ImageObject","inLanguage":"fr-FR","@id":"https:\/\/www.enriquerequena.com\/fr\/#\/schema\/logo\/image\/","url":"https:\/\/www.enriquerequena.com\/wp-content\/uploads\/2019\/11\/enrique-requena-recambios-logotipo.jpg","contentUrl":"https:\/\/www.enriquerequena.com\/wp-content\/uploads\/2019\/11\/enrique-requena-recambios-logotipo.jpg","width":381,"height":75,"caption":"Enrique Requena S.L."},"image":{"@id":"https:\/\/www.enriquerequena.com\/fr\/#\/schema\/logo\/image\/"}}]}},"_links":{"self":[{"href":"https:\/\/www.enriquerequena.com\/fr\/wp-json\/wp\/v2\/product\/23789","targetHints":{"allow":["GET"]}}],"collection":[{"href":"https:\/\/www.enriquerequena.com\/fr\/wp-json\/wp\/v2\/product"}],"about":[{"href":"https:\/\/www.enriquerequena.com\/fr\/wp-json\/wp\/v2\/types\/product"}],"wp:featuredmedia":[{"embeddable":true,"href":"https:\/\/www.enriquerequena.com\/fr\/wp-json\/wp\/v2\/media\/23792"}],"wp:attachment":[{"href":"https:\/\/www.enriquerequena.com\/fr\/wp-json\/wp\/v2\/media?parent=23789"}],"wp:term":[{"taxonomy":"product_brand","embeddable":true,"href":"https:\/\/www.enriquerequena.com\/fr\/wp-json\/wp\/v2\/product_brand?post=23789"},{"taxonomy":"product_cat","embeddable":true,"href":"https:\/\/www.enriquerequena.com\/fr\/wp-json\/wp\/v2\/product_cat?post=23789"},{"taxonomy":"product_tag","embeddable":true,"href":"https:\/\/www.enriquerequena.com\/fr\/wp-json\/wp\/v2\/product_tag?post=23789"}],"curies":[{"name":"wp","href":"https:\/\/api.w.org\/{rel}","templated":true}]}}