{"id":24750,"date":"2022-08-05T12:50:40","date_gmt":"2022-08-05T10:50:40","guid":{"rendered":"https:\/\/www.enriquerequena.com\/?post_type=product&#038;p=24750"},"modified":"2025-01-08T18:17:32","modified_gmt":"2025-01-08T17:17:32","slug":"reservoir-additif-fap-dorigine-peugeot-citroen-9672419980-1500-pj-9672052180","status":"publish","type":"product","link":"https:\/\/www.enriquerequena.com\/fr\/tienda-online\/pieces-de-rechange-remplacements-echappement\/reservoirs-fap\/reservoir-additif-fap-dorigine-peugeot-citroen-9672419980-1500-pj-9672052180\/","title":{"rendered":"Reservoir Additif Fap D`origine Peugeot Citroen 9672419980, 1500 PJ, 9672052180."},"content":{"rendered":"<div class=\"wpb-content-wrapper\"><p>[vc_row][vc_column][vc_column_text woodmart_inline=\u00a0\u00bbno\u00a0\u00bb text_larger=\u00a0\u00bbno\u00a0\u00bb]<strong>Reservoir Additif Fap D`origine Peugeot Citroen\u00a0<\/strong>avec r\u00e9f\u00e9rence<strong> 9672419980, 1500 PJ, 9672052180.\u00a0<\/strong>est une pi\u00e8ce\u00a0<strong>neuve et d\u2019origine<\/strong>\u00a0avec une garantie d\u2019un an.\u00a0C\u2019est le choix le plus \u00e9conomique.<\/p>\n<p>Nous vendons des pi\u00e8ces d\u00e9tach\u00e9es ou pi\u00e8ces de rechange \u00e0 Valence depuis 1950 et nous vendons aussi en ligne dans le monde entier.<\/p>\n<p>N\u00b4h\u00e9sitez pas \u00e0 nous consulter pour d\u00b4autres mod\u00e8les de tout type de v\u00e9hicule. Nous avons une exp\u00e9rience de 70 ans. Nos pi\u00e9ces de rechange sont similaires \u00e0 ceux des OEM avec les meilleurs prix du march\u00e9.<\/p>\n<h5>-Caract\u00e9ristiques techniques:<\/h5>\n<h5>-Reservoir Additif Fap D`origine Peugeot Citroen 9672419980, 1500 PJ, 9672052180.<\/h5>\n<ul>\n<li>Pi\u00e8ce de rechange: Reservoir Additif Fap<\/li>\n<\/ul>\n<h5>-Mod\u00e8le:<\/h5>\n<p>BERLINGO Camion plate-forme\/Ch\u00e2ssis (B9) 1.6 HDi 90 16V<\/p>\n<p>BERLINGO Camionnette\/Monospace (B9) 1.6 BlueHDi 100<\/p>\n<p>BERLINGO Camionnette\/Monospace (B9) 1.6 BlueHDi 120<\/p>\n<p>BERLINGO Camionnette\/Monospace (B9) 1.6 HDi \/ BlueHDi 75<\/p>\n<p>BERLINGO Camionnette\/Monospace (B9) 1.6 HDi 110<\/p>\n<p>BERLINGO Camionnette\/Monospace (B9) 1.6 HDi 110<\/p>\n<p>BERLINGO Camionnette\/Monospace (B9) 1.6 HDi 115<\/p>\n<p>BERLINGO Camionnette\/Monospace (B9) 1.6 HDi 75<\/p>\n<p>BERLINGO Camionnette\/Monospace (B9) 1.6 HDi 90<\/p>\n<p>BERLINGO Camionnette\/Monospace (B9) 1.6 HDi 90<\/p>\n<p>BERLINGO Camionnette\/Monospace (B9) 1.6 HDi 90 16V<\/p>\n<p>BERLINGO MULTISPACE (B9) 1.6 BlueHDi 100<\/p>\n<p>BERLINGO MULTISPACE (B9) 1.6 BlueHDi 120<\/p>\n<p>BERLINGO MULTISPACE (B9) 1.6 HDi 110<\/p>\n<p>BERLINGO MULTISPACE (B9) 1.6 HDi 110<\/p>\n<p>BERLINGO MULTISPACE (B9) 1.6 HDi 115<\/p>\n<p>BERLINGO MULTISPACE (B9) 1.6 HDi 75 \/ BlueHDi 75<\/p>\n<p>BERLINGO MULTISPACE (B9) 1.6 HDi 75 16V<\/p>\n<p>BERLINGO MULTISPACE (B9) 1.6 HDi 90<\/p>\n<p>BERLINGO MULTISPACE (B9) 1.6 HDi 90 4&#215;4<\/p>\n<p>C4 PICASSO I Monospace (UD_) 1.6 HDi 110<\/p>\n<p>C4 PICASSO I Monospace (UD_) 2.0 HDi 138<\/p>\n<p>C4 PICASSO I Monospace (UD_) 2.0 HDi 150<\/p>\n<p>C4 PICASSO I Monospace (UD_) 2.0 HDi 165<\/p>\n<p>DS5 1.6 BlueHDi 120<\/p>\n<p>DS5 1.6 HDi<\/p>\n<p>DS5 1.6 HDi 110<\/p>\n<p>DS5 1.6 HDi 115<\/p>\n<p>DS5 2.0 BlueHDi 150<\/p>\n<p>DS5 2.0 BlueHDi 180<\/p>\n<p>DS5 2.0 HDi 135<\/p>\n<p>DS5 2.0 HDi 165<\/p>\n<p>DS5 2.0 HDi 165 Hybrid4 4&#215;4<\/p>\n<p>5008 (0U_, 0E_) 1.6 BlueHDi 120<\/p>\n<p>5008 (0U_, 0E_) 1.6 HDi<\/p>\n<p>5008 (0U_, 0E_) 1.6 HDi<\/p>\n<p>5008 (0U_, 0E_) 1.6 HDi<\/p>\n<p>5008 (0U_, 0E_) 2.0 HDi<\/p>\n<p>5008 (0U_, 0E_) 2.0 HDi 136 \/ BlueHDi 136<\/p>\n<p>5008 (0U_, 0E_) 2.0 HDi 150 \/ BlueHDi 150<\/p>\n<p>PARTNER Camionnette\/Monospace 1.6 BlueHDi 100<\/p>\n<p>PARTNER Camionnette\/Monospace 1.6 BlueHDi 120<\/p>\n<p>PARTNER Camionnette\/Monospace 1.6 HDi<\/p>\n<p>PARTNER Camionnette\/Monospace 1.6 HDi<\/p>\n<p>PARTNER Camionnette\/Monospace 1.6 HDi<\/p>\n<p>PARTNER Camionnette\/Monospace 1.6 HDi \/ BlueHDi 75<\/p>\n<p>PARTNER Camionnette\/Monospace 1.6 HDi 16V<\/p>\n<p>PARTNER Camionnette\/Monospace 1.6 HDi 90<\/p>\n<p>PARTNER TEPEE 1.6 BlueHDi 100<\/p>\n<p>PARTNER TEPEE 1.6 BlueHDi 120<\/p>\n<p>PARTNER TEPEE 1.6 HDi<\/p>\n<p>PARTNER TEPEE 1.6 HDi<\/p>\n<p>PARTNER TEPEE 1.6 HDi<\/p>\n<p>PARTNER TEPEE 1.6 HDi \/ BlueHDi 75<\/p>\n<p>PARTNER TEPEE 1.6 HDi 16V<\/p>\n<p>PARTNER TEPEE 1.6 HDi 90<\/p>\n<ul>\n<li>Etat: pi\u00e8ce neuve et d\u2019origine<\/li>\n<li>Garantie d\u2019un an<\/li>\n<li>R\u00e9f\u00e9rence: 9672419980, 1500 PJ, 9672052180<\/li>\n<\/ul>\n<p>[\/vc_column_text][\/vc_column][\/vc_row]<\/p>\n<\/div>","protected":false},"excerpt":{"rendered":"<p><strong>Reservoir Additif Fap D`origine pour Peugeot Citroen<\/strong> avec r\u00e9f\u00e9rence 9672419980, 1500 PJ, 9672052180<strong>.<\/strong> Est une pi\u00e8ce \u00a0<strong>neuve et d\u2019origine<\/strong>\u00a0avec une garantie d\u2019un an.<\/p>\n","protected":false},"featured_media":24756,"template":"","meta":[],"product_brand":[],"product_cat":[9857,147,9886],"product_tag":[],"class_list":{"0":"post-24750","1":"product","2":"type-product","3":"status-publish","4":"has-post-thumbnail","6":"product_cat-pieces-de-rechange-remplacements-echappement","7":"product_cat-huiles-additifs-moteur","8":"product_cat-reservoirs-fap","9":"pa_manufacturer-citroen","10":"pa_manufacturer-peugeot","12":"first","13":"outofstock","14":"taxable","15":"shipping-taxable","16":"purchasable","17":"product-type-simple"},"yoast_head":"<!-- This site is optimized with the Yoast SEO plugin v27.5 - https:\/\/yoast.com\/product\/yoast-seo-wordpress\/ -->\n<title>Reservoir Additif Fap D`origine Peugeot Citroen 9672419980, 1500 PJ, 9672052180.<\/title>\n<meta name=\"description\" content=\"Reservoir Additif Fap D`origine Peugeot Citroen\u00a0avec r\u00e9f\u00e9rence 9672419980, 1500 PJ, 9672052180\u00a0est une pi\u00e8ce\u00a0neuve et d\u2019origine\u00a0avec une garantie d\u2019un an.\" \/>\n<meta name=\"robots\" content=\"index, follow, max-snippet:-1, max-image-preview:large, max-video-preview:-1\" \/>\n<link rel=\"canonical\" href=\"https:\/\/www.enriquerequena.com\/fr\/tienda-online\/pieces-de-rechange-remplacements-echappement\/reservoirs-fap\/reservoir-additif-fap-dorigine-peugeot-citroen-9672419980-1500-pj-9672052180\/\" \/>\n<meta property=\"og:locale\" content=\"fr_FR\" \/>\n<meta property=\"og:type\" content=\"article\" \/>\n<meta property=\"og:title\" content=\"Reservoir Additif Fap D`origine Peugeot Citroen 9672419980, 1500 PJ, 9672052180.\" \/>\n<meta property=\"og:description\" content=\"Reservoir Additif Fap D`origine Peugeot Citroen\u00a0avec r\u00e9f\u00e9rence 9672419980, 1500 PJ, 9672052180\u00a0est une pi\u00e8ce\u00a0neuve et d\u2019origine\u00a0avec une garantie d\u2019un an.\" \/>\n<meta property=\"og:url\" content=\"https:\/\/www.enriquerequena.com\/fr\/tienda-online\/pieces-de-rechange-remplacements-echappement\/reservoirs-fap\/reservoir-additif-fap-dorigine-peugeot-citroen-9672419980-1500-pj-9672052180\/\" \/>\n<meta property=\"og:site_name\" content=\"ENRIQUE REQUENA\" \/>\n<meta property=\"article:modified_time\" content=\"2025-01-08T17:17:32+00:00\" \/>\n<meta property=\"og:image\" content=\"https:\/\/www.enriquerequena.com\/wp-content\/uploads\/2022\/08\/Deposito-FAP-Original-Peugeot-Citroen-9672419980-1500-PJ-9672052180-3.jpg\" \/>\n\t<meta property=\"og:image:width\" content=\"800\" \/>\n\t<meta property=\"og:image:height\" content=\"800\" \/>\n\t<meta property=\"og:image:type\" content=\"image\/jpeg\" \/>\n<meta name=\"twitter:card\" content=\"summary_large_image\" \/>\n<meta name=\"twitter:label1\" content=\"Dur\u00e9e de lecture estim\u00e9e\" \/>\n\t<meta name=\"twitter:data1\" content=\"3 minutes\" \/>\n<script type=\"application\/ld+json\" class=\"yoast-schema-graph\">{\"@context\":\"https:\\\/\\\/schema.org\",\"@graph\":[{\"@type\":\"WebPage\",\"@id\":\"https:\\\/\\\/www.enriquerequena.com\\\/fr\\\/tienda-online\\\/pieces-de-rechange-remplacements-echappement\\\/reservoirs-fap\\\/reservoir-additif-fap-dorigine-peugeot-citroen-9672419980-1500-pj-9672052180\\\/\",\"url\":\"https:\\\/\\\/www.enriquerequena.com\\\/fr\\\/tienda-online\\\/pieces-de-rechange-remplacements-echappement\\\/reservoirs-fap\\\/reservoir-additif-fap-dorigine-peugeot-citroen-9672419980-1500-pj-9672052180\\\/\",\"name\":\"Reservoir Additif Fap D`origine Peugeot Citroen 9672419980, 1500 PJ, 9672052180.\",\"isPartOf\":{\"@id\":\"https:\\\/\\\/www.enriquerequena.com\\\/fr\\\/#website\"},\"primaryImageOfPage\":{\"@id\":\"https:\\\/\\\/www.enriquerequena.com\\\/fr\\\/tienda-online\\\/pieces-de-rechange-remplacements-echappement\\\/reservoirs-fap\\\/reservoir-additif-fap-dorigine-peugeot-citroen-9672419980-1500-pj-9672052180\\\/#primaryimage\"},\"image\":{\"@id\":\"https:\\\/\\\/www.enriquerequena.com\\\/fr\\\/tienda-online\\\/pieces-de-rechange-remplacements-echappement\\\/reservoirs-fap\\\/reservoir-additif-fap-dorigine-peugeot-citroen-9672419980-1500-pj-9672052180\\\/#primaryimage\"},\"thumbnailUrl\":\"https:\\\/\\\/www.enriquerequena.com\\\/wp-content\\\/uploads\\\/2022\\\/08\\\/Deposito-FAP-Original-Peugeot-Citroen-9672419980-1500-PJ-9672052180-3.jpg\",\"datePublished\":\"2022-08-05T10:50:40+00:00\",\"dateModified\":\"2025-01-08T17:17:32+00:00\",\"description\":\"Reservoir Additif Fap D`origine Peugeot Citroen\u00a0avec r\u00e9f\u00e9rence 9672419980, 1500 PJ, 9672052180\u00a0est une pi\u00e8ce\u00a0neuve et d\u2019origine\u00a0avec une garantie d\u2019un an.\",\"breadcrumb\":{\"@id\":\"https:\\\/\\\/www.enriquerequena.com\\\/fr\\\/tienda-online\\\/pieces-de-rechange-remplacements-echappement\\\/reservoirs-fap\\\/reservoir-additif-fap-dorigine-peugeot-citroen-9672419980-1500-pj-9672052180\\\/#breadcrumb\"},\"inLanguage\":\"fr-FR\",\"potentialAction\":[{\"@type\":\"ReadAction\",\"target\":[\"https:\\\/\\\/www.enriquerequena.com\\\/fr\\\/tienda-online\\\/pieces-de-rechange-remplacements-echappement\\\/reservoirs-fap\\\/reservoir-additif-fap-dorigine-peugeot-citroen-9672419980-1500-pj-9672052180\\\/\"]}]},{\"@type\":\"ImageObject\",\"inLanguage\":\"fr-FR\",\"@id\":\"https:\\\/\\\/www.enriquerequena.com\\\/fr\\\/tienda-online\\\/pieces-de-rechange-remplacements-echappement\\\/reservoirs-fap\\\/reservoir-additif-fap-dorigine-peugeot-citroen-9672419980-1500-pj-9672052180\\\/#primaryimage\",\"url\":\"https:\\\/\\\/www.enriquerequena.com\\\/wp-content\\\/uploads\\\/2022\\\/08\\\/Deposito-FAP-Original-Peugeot-Citroen-9672419980-1500-PJ-9672052180-3.jpg\",\"contentUrl\":\"https:\\\/\\\/www.enriquerequena.com\\\/wp-content\\\/uploads\\\/2022\\\/08\\\/Deposito-FAP-Original-Peugeot-Citroen-9672419980-1500-PJ-9672052180-3.jpg\",\"width\":800,\"height\":800,\"caption\":\"Reservoir Additif Fap D`origine Peugeot Citroen 9672419980, 1500 PJ, 9672052180.\"},{\"@type\":\"WebSite\",\"@id\":\"https:\\\/\\\/www.enriquerequena.com\\\/fr\\\/#website\",\"url\":\"https:\\\/\\\/www.enriquerequena.com\\\/fr\\\/\",\"name\":\"ENRIQUE REQUENA\",\"description\":\"Sp\u00e9cialistes des transmissions cardan avec des exp\u00e9ditions dans le monde entier et des pi\u00e8ces d\u00e9tach\u00e9es pour voitures, camions et accessoires \u00e0 Valence, en Espagne. Avec vous depuis 1950!\",\"publisher\":{\"@id\":\"https:\\\/\\\/www.enriquerequena.com\\\/fr\\\/#organization\"},\"potentialAction\":[{\"@type\":\"SearchAction\",\"target\":{\"@type\":\"EntryPoint\",\"urlTemplate\":\"https:\\\/\\\/www.enriquerequena.com\\\/fr\\\/?s={search_term_string}\"},\"query-input\":{\"@type\":\"PropertyValueSpecification\",\"valueRequired\":true,\"valueName\":\"search_term_string\"}}],\"inLanguage\":\"fr-FR\"},{\"@type\":\"Organization\",\"@id\":\"https:\\\/\\\/www.enriquerequena.com\\\/fr\\\/#organization\",\"name\":\"Enrique Requena S.L.\",\"url\":\"https:\\\/\\\/www.enriquerequena.com\\\/fr\\\/\",\"logo\":{\"@type\":\"ImageObject\",\"inLanguage\":\"fr-FR\",\"@id\":\"https:\\\/\\\/www.enriquerequena.com\\\/fr\\\/#\\\/schema\\\/logo\\\/image\\\/\",\"url\":\"https:\\\/\\\/www.enriquerequena.com\\\/wp-content\\\/uploads\\\/2019\\\/11\\\/enrique-requena-recambios-logotipo.jpg\",\"contentUrl\":\"https:\\\/\\\/www.enriquerequena.com\\\/wp-content\\\/uploads\\\/2019\\\/11\\\/enrique-requena-recambios-logotipo.jpg\",\"width\":381,\"height\":75,\"caption\":\"Enrique Requena S.L.\"},\"image\":{\"@id\":\"https:\\\/\\\/www.enriquerequena.com\\\/fr\\\/#\\\/schema\\\/logo\\\/image\\\/\"}}]}<\/script>\n<!-- \/ Yoast SEO plugin. -->","yoast_head_json":{"title":"Reservoir Additif Fap D`origine Peugeot Citroen 9672419980, 1500 PJ, 9672052180.","description":"Reservoir Additif Fap D`origine Peugeot Citroen\u00a0avec r\u00e9f\u00e9rence 9672419980, 1500 PJ, 9672052180\u00a0est une pi\u00e8ce\u00a0neuve et d\u2019origine\u00a0avec une garantie d\u2019un an.","robots":{"index":"index","follow":"follow","max-snippet":"max-snippet:-1","max-image-preview":"max-image-preview:large","max-video-preview":"max-video-preview:-1"},"canonical":"https:\/\/www.enriquerequena.com\/fr\/tienda-online\/pieces-de-rechange-remplacements-echappement\/reservoirs-fap\/reservoir-additif-fap-dorigine-peugeot-citroen-9672419980-1500-pj-9672052180\/","og_locale":"fr_FR","og_type":"article","og_title":"Reservoir Additif Fap D`origine Peugeot Citroen 9672419980, 1500 PJ, 9672052180.","og_description":"Reservoir Additif Fap D`origine Peugeot Citroen\u00a0avec r\u00e9f\u00e9rence 9672419980, 1500 PJ, 9672052180\u00a0est une pi\u00e8ce\u00a0neuve et d\u2019origine\u00a0avec une garantie d\u2019un an.","og_url":"https:\/\/www.enriquerequena.com\/fr\/tienda-online\/pieces-de-rechange-remplacements-echappement\/reservoirs-fap\/reservoir-additif-fap-dorigine-peugeot-citroen-9672419980-1500-pj-9672052180\/","og_site_name":"ENRIQUE REQUENA","article_modified_time":"2025-01-08T17:17:32+00:00","og_image":[{"width":800,"height":800,"url":"https:\/\/www.enriquerequena.com\/wp-content\/uploads\/2022\/08\/Deposito-FAP-Original-Peugeot-Citroen-9672419980-1500-PJ-9672052180-3.jpg","type":"image\/jpeg"}],"twitter_card":"summary_large_image","twitter_misc":{"Dur\u00e9e de lecture estim\u00e9e":"3 minutes"},"schema":{"@context":"https:\/\/schema.org","@graph":[{"@type":"WebPage","@id":"https:\/\/www.enriquerequena.com\/fr\/tienda-online\/pieces-de-rechange-remplacements-echappement\/reservoirs-fap\/reservoir-additif-fap-dorigine-peugeot-citroen-9672419980-1500-pj-9672052180\/","url":"https:\/\/www.enriquerequena.com\/fr\/tienda-online\/pieces-de-rechange-remplacements-echappement\/reservoirs-fap\/reservoir-additif-fap-dorigine-peugeot-citroen-9672419980-1500-pj-9672052180\/","name":"Reservoir Additif Fap D`origine Peugeot Citroen 9672419980, 1500 PJ, 9672052180.","isPartOf":{"@id":"https:\/\/www.enriquerequena.com\/fr\/#website"},"primaryImageOfPage":{"@id":"https:\/\/www.enriquerequena.com\/fr\/tienda-online\/pieces-de-rechange-remplacements-echappement\/reservoirs-fap\/reservoir-additif-fap-dorigine-peugeot-citroen-9672419980-1500-pj-9672052180\/#primaryimage"},"image":{"@id":"https:\/\/www.enriquerequena.com\/fr\/tienda-online\/pieces-de-rechange-remplacements-echappement\/reservoirs-fap\/reservoir-additif-fap-dorigine-peugeot-citroen-9672419980-1500-pj-9672052180\/#primaryimage"},"thumbnailUrl":"https:\/\/www.enriquerequena.com\/wp-content\/uploads\/2022\/08\/Deposito-FAP-Original-Peugeot-Citroen-9672419980-1500-PJ-9672052180-3.jpg","datePublished":"2022-08-05T10:50:40+00:00","dateModified":"2025-01-08T17:17:32+00:00","description":"Reservoir Additif Fap D`origine Peugeot Citroen\u00a0avec r\u00e9f\u00e9rence 9672419980, 1500 PJ, 9672052180\u00a0est une pi\u00e8ce\u00a0neuve et d\u2019origine\u00a0avec une garantie d\u2019un an.","breadcrumb":{"@id":"https:\/\/www.enriquerequena.com\/fr\/tienda-online\/pieces-de-rechange-remplacements-echappement\/reservoirs-fap\/reservoir-additif-fap-dorigine-peugeot-citroen-9672419980-1500-pj-9672052180\/#breadcrumb"},"inLanguage":"fr-FR","potentialAction":[{"@type":"ReadAction","target":["https:\/\/www.enriquerequena.com\/fr\/tienda-online\/pieces-de-rechange-remplacements-echappement\/reservoirs-fap\/reservoir-additif-fap-dorigine-peugeot-citroen-9672419980-1500-pj-9672052180\/"]}]},{"@type":"ImageObject","inLanguage":"fr-FR","@id":"https:\/\/www.enriquerequena.com\/fr\/tienda-online\/pieces-de-rechange-remplacements-echappement\/reservoirs-fap\/reservoir-additif-fap-dorigine-peugeot-citroen-9672419980-1500-pj-9672052180\/#primaryimage","url":"https:\/\/www.enriquerequena.com\/wp-content\/uploads\/2022\/08\/Deposito-FAP-Original-Peugeot-Citroen-9672419980-1500-PJ-9672052180-3.jpg","contentUrl":"https:\/\/www.enriquerequena.com\/wp-content\/uploads\/2022\/08\/Deposito-FAP-Original-Peugeot-Citroen-9672419980-1500-PJ-9672052180-3.jpg","width":800,"height":800,"caption":"Reservoir Additif Fap D`origine Peugeot Citroen 9672419980, 1500 PJ, 9672052180."},{"@type":"WebSite","@id":"https:\/\/www.enriquerequena.com\/fr\/#website","url":"https:\/\/www.enriquerequena.com\/fr\/","name":"ENRIQUE REQUENA","description":"Sp\u00e9cialistes des transmissions cardan avec des exp\u00e9ditions dans le monde entier et des pi\u00e8ces d\u00e9tach\u00e9es pour voitures, camions et accessoires \u00e0 Valence, en Espagne. Avec vous depuis 1950!","publisher":{"@id":"https:\/\/www.enriquerequena.com\/fr\/#organization"},"potentialAction":[{"@type":"SearchAction","target":{"@type":"EntryPoint","urlTemplate":"https:\/\/www.enriquerequena.com\/fr\/?s={search_term_string}"},"query-input":{"@type":"PropertyValueSpecification","valueRequired":true,"valueName":"search_term_string"}}],"inLanguage":"fr-FR"},{"@type":"Organization","@id":"https:\/\/www.enriquerequena.com\/fr\/#organization","name":"Enrique Requena S.L.","url":"https:\/\/www.enriquerequena.com\/fr\/","logo":{"@type":"ImageObject","inLanguage":"fr-FR","@id":"https:\/\/www.enriquerequena.com\/fr\/#\/schema\/logo\/image\/","url":"https:\/\/www.enriquerequena.com\/wp-content\/uploads\/2019\/11\/enrique-requena-recambios-logotipo.jpg","contentUrl":"https:\/\/www.enriquerequena.com\/wp-content\/uploads\/2019\/11\/enrique-requena-recambios-logotipo.jpg","width":381,"height":75,"caption":"Enrique Requena S.L."},"image":{"@id":"https:\/\/www.enriquerequena.com\/fr\/#\/schema\/logo\/image\/"}}]}},"_links":{"self":[{"href":"https:\/\/www.enriquerequena.com\/fr\/wp-json\/wp\/v2\/product\/24750","targetHints":{"allow":["GET"]}}],"collection":[{"href":"https:\/\/www.enriquerequena.com\/fr\/wp-json\/wp\/v2\/product"}],"about":[{"href":"https:\/\/www.enriquerequena.com\/fr\/wp-json\/wp\/v2\/types\/product"}],"wp:featuredmedia":[{"embeddable":true,"href":"https:\/\/www.enriquerequena.com\/fr\/wp-json\/wp\/v2\/media\/24756"}],"wp:attachment":[{"href":"https:\/\/www.enriquerequena.com\/fr\/wp-json\/wp\/v2\/media?parent=24750"}],"wp:term":[{"taxonomy":"product_brand","embeddable":true,"href":"https:\/\/www.enriquerequena.com\/fr\/wp-json\/wp\/v2\/product_brand?post=24750"},{"taxonomy":"product_cat","embeddable":true,"href":"https:\/\/www.enriquerequena.com\/fr\/wp-json\/wp\/v2\/product_cat?post=24750"},{"taxonomy":"product_tag","embeddable":true,"href":"https:\/\/www.enriquerequena.com\/fr\/wp-json\/wp\/v2\/product_tag?post=24750"}],"curies":[{"name":"wp","href":"https:\/\/api.w.org\/{rel}","templated":true}]}}