{"id":25649,"date":"2022-11-10T15:43:43","date_gmt":"2022-11-10T14:43:43","guid":{"rendered":"https:\/\/www.enriquerequena.com\/?post_type=product&#038;p=25649"},"modified":"2023-03-14T09:59:36","modified_gmt":"2023-03-14T08:59:36","slug":"kit-dembrayage-renault-maxity-7485141512-7485141511-30210lc60a-30100lc60a","status":"publish","type":"product","link":"https:\/\/www.enriquerequena.com\/fr\/tienda-online\/pieces-detachees-pieces-de-rechange-boites-de-vitesses-boites-de-transfert\/kits-embrayage\/kit-dembrayage-renault-maxity-7485141512-7485141511-30210lc60a-30100lc60a\/","title":{"rendered":"Kit D&rsquo;Embrayage Renault Maxity &#8211; 7485141512 \/ 7485141511"},"content":{"rendered":"<p><strong>Kit D&rsquo;Embrayage pour Renault Maxity <\/strong>avec r\u00e9f\u00e9rences <strong>7485141512, 7485141511, 30210LC60A et 30100LC60A<\/strong> est une pi\u00e8ce de Renault <strong>neuve avec une garantie d\u2019un an<\/strong>.\u00a0C\u2019est le choix le plus \u00e9conomique.<\/p>\n<p>Le kit d&#8217;embrayage se compose de <strong>M\u00e9canisme, Disque D&rsquo;Embrayage et But\u00e9e de D\u00e9brayage.<\/strong><\/p>\n<p>Nous vendons des pi\u00e8ces d\u00e9tach\u00e9es ou pi\u00e8ces de rechange \u00e0 Valence depuis 1950 et nous vendons aussi en ligne dans le monde entier.<\/p>\n<p>N\u00b4h\u00e9sitez pas \u00e0 nous consulter pour d\u00b4autres mod\u00e8les de tout type de v\u00e9hicule. Nous avons une exp\u00e9rience de 70 ans. Nos pi\u00e9ces de rechange sont similaires \u00e0 ceux des OEM avec les meilleurs prix du march\u00e9.<\/p>\n<p>Caract\u00e9ristiques techniques Kit D&rsquo;Embrayage pour Renault Maxity 7485141512:<\/p>\n<ul>\n<li>Pi\u00e8ce de rechange: Kit D&rsquo;Embrayage<\/li>\n<li>Mod\u00e8le: <strong>Renault Maxity<\/strong><\/li>\n<li>Etat: pi\u00e8ce neuve<\/li>\n<li>Garantie d\u2019un an<\/li>\n<li>Diam\u00e8tre: 275 mm<\/li>\n<li><strong>R\u00e9f\u00e9rences:<\/strong>\n<ul>\n<li>M\u00c9CANISME:\n<ul>\n<li>7485141512<\/li>\n<li>30210LC60A<\/li>\n<\/ul>\n<\/li>\n<li>DISQUE D\u00b4EMBRAYAGE:\n<ul>\n<li>7485141511<\/li>\n<li>30100LC60A<\/li>\n<\/ul>\n<\/li>\n<li>BUT\u00c9E DE D\u00c9BRAYAGE:\n<ul>\n<li>5001870666<\/li>\n<li>7485152389<\/li>\n<li>3050269F10<\/li>\n<li>3050269F00<\/li>\n<li>3050269F1A<\/li>\n<\/ul>\n<\/li>\n<\/ul>\n<\/li>\n<\/ul>\n","protected":false},"excerpt":{"rendered":"<p><strong>Kit D&rsquo;Embrayage pour Renault Maxity <\/strong>avec r\u00e9f\u00e9rences <strong>7485141512, 7485141511, 30210LC60A et 30100LC60A<\/strong> est une pi\u00e8ce de Renault neuve avec une garantie d\u2019un an. C\u2019est le choix le plus \u00e9conomique. Le kit d&#8217;embrayage se compose de <strong>M\u00e9canisme, Disque D&rsquo;Embrayage et But\u00e9e de D\u00e9brayage.<\/strong><\/p>\n","protected":false},"featured_media":25652,"template":"","meta":[],"product_brand":[],"product_cat":[222,9833,9864,138],"product_tag":[],"class_list":{"0":"post-25649","1":"product","2":"type-product","3":"status-publish","4":"has-post-thumbnail","6":"product_cat-boite-vitesse","7":"product_cat-pieces-detachees-pieces-de-rechange-boites-de-vitesses-boites-de-transfert","8":"product_cat-kits-embrayage","9":"product_cat-pieces-rechange-camions","10":"pa_manufacturer-renault","11":"pa_tipo-fourgons-et-vehicules-legers","13":"first","14":"instock","15":"taxable","16":"shipping-taxable","17":"purchasable","18":"product-type-simple"},"yoast_head":"<!-- This site is optimized with the Yoast SEO plugin v27.1.1 - https:\/\/yoast.com\/product\/yoast-seo-wordpress\/ -->\n<title>Kit D&#039;Embrayage Renault Maxity 7485141512<\/title>\n<meta name=\"description\" content=\"Kit D&#039;Embrayage pour Renault Maxity avec r\u00e9f\u00e9rences 7485141512, 7485141511, 30210LC60A et 30100LC60A. M\u00e9canisme, Disque D&#039;Embrayage et But\u00e9e de D\u00e9brayage.\" \/>\n<meta name=\"robots\" content=\"index, follow, max-snippet:-1, max-image-preview:large, max-video-preview:-1\" \/>\n<link rel=\"canonical\" href=\"https:\/\/www.enriquerequena.com\/fr\/tienda-online\/pieces-detachees-pieces-de-rechange-boites-de-vitesses-boites-de-transfert\/kits-embrayage\/kit-dembrayage-renault-maxity-7485141512-7485141511-30210lc60a-30100lc60a\/\" \/>\n<meta property=\"og:locale\" content=\"fr_FR\" \/>\n<meta property=\"og:type\" content=\"article\" \/>\n<meta property=\"og:title\" content=\"Kit D&#039;Embrayage Renault Maxity 7485141512\" \/>\n<meta property=\"og:description\" content=\"Kit D&#039;Embrayage pour Renault Maxity avec r\u00e9f\u00e9rences 7485141512, 7485141511, 30210LC60A et 30100LC60A. M\u00e9canisme, Disque D&#039;Embrayage et But\u00e9e de D\u00e9brayage.\" \/>\n<meta property=\"og:url\" content=\"https:\/\/www.enriquerequena.com\/fr\/tienda-online\/pieces-detachees-pieces-de-rechange-boites-de-vitesses-boites-de-transfert\/kits-embrayage\/kit-dembrayage-renault-maxity-7485141512-7485141511-30210lc60a-30100lc60a\/\" \/>\n<meta property=\"og:site_name\" content=\"ENRIQUE REQUENA\" \/>\n<meta property=\"article:modified_time\" content=\"2023-03-14T08:59:36+00:00\" \/>\n<meta property=\"og:image\" content=\"https:\/\/www.enriquerequena.com\/wp-content\/uploads\/2022\/11\/kit-de-embrague-renault-maxity-7485141512-7485141511-30210LC60A-30100LC60A.png\" \/>\n\t<meta property=\"og:image:width\" content=\"800\" \/>\n\t<meta property=\"og:image:height\" content=\"800\" \/>\n\t<meta property=\"og:image:type\" content=\"image\/png\" \/>\n<meta name=\"twitter:card\" content=\"summary_large_image\" \/>\n<meta name=\"twitter:label1\" content=\"Dur\u00e9e de lecture estim\u00e9e\" \/>\n\t<meta name=\"twitter:data1\" content=\"1 minute\" \/>\n<script type=\"application\/ld+json\" class=\"yoast-schema-graph\">{\"@context\":\"https:\/\/schema.org\",\"@graph\":[{\"@type\":\"WebPage\",\"@id\":\"https:\/\/www.enriquerequena.com\/fr\/tienda-online\/pieces-detachees-pieces-de-rechange-boites-de-vitesses-boites-de-transfert\/kits-embrayage\/kit-dembrayage-renault-maxity-7485141512-7485141511-30210lc60a-30100lc60a\/\",\"url\":\"https:\/\/www.enriquerequena.com\/fr\/tienda-online\/pieces-detachees-pieces-de-rechange-boites-de-vitesses-boites-de-transfert\/kits-embrayage\/kit-dembrayage-renault-maxity-7485141512-7485141511-30210lc60a-30100lc60a\/\",\"name\":\"Kit D'Embrayage Renault Maxity 7485141512\",\"isPartOf\":{\"@id\":\"https:\/\/www.enriquerequena.com\/fr\/#website\"},\"primaryImageOfPage\":{\"@id\":\"https:\/\/www.enriquerequena.com\/fr\/tienda-online\/pieces-detachees-pieces-de-rechange-boites-de-vitesses-boites-de-transfert\/kits-embrayage\/kit-dembrayage-renault-maxity-7485141512-7485141511-30210lc60a-30100lc60a\/#primaryimage\"},\"image\":{\"@id\":\"https:\/\/www.enriquerequena.com\/fr\/tienda-online\/pieces-detachees-pieces-de-rechange-boites-de-vitesses-boites-de-transfert\/kits-embrayage\/kit-dembrayage-renault-maxity-7485141512-7485141511-30210lc60a-30100lc60a\/#primaryimage\"},\"thumbnailUrl\":\"https:\/\/www.enriquerequena.com\/wp-content\/uploads\/2022\/11\/kit-de-embrague-renault-maxity-7485141512-7485141511-30210LC60A-30100LC60A.png\",\"datePublished\":\"2022-11-10T14:43:43+00:00\",\"dateModified\":\"2023-03-14T08:59:36+00:00\",\"description\":\"Kit D'Embrayage pour Renault Maxity avec r\u00e9f\u00e9rences 7485141512, 7485141511, 30210LC60A et 30100LC60A. M\u00e9canisme, Disque D'Embrayage et But\u00e9e de D\u00e9brayage.\",\"breadcrumb\":{\"@id\":\"https:\/\/www.enriquerequena.com\/fr\/tienda-online\/pieces-detachees-pieces-de-rechange-boites-de-vitesses-boites-de-transfert\/kits-embrayage\/kit-dembrayage-renault-maxity-7485141512-7485141511-30210lc60a-30100lc60a\/#breadcrumb\"},\"inLanguage\":\"fr-FR\",\"potentialAction\":[{\"@type\":\"ReadAction\",\"target\":[\"https:\/\/www.enriquerequena.com\/fr\/tienda-online\/pieces-detachees-pieces-de-rechange-boites-de-vitesses-boites-de-transfert\/kits-embrayage\/kit-dembrayage-renault-maxity-7485141512-7485141511-30210lc60a-30100lc60a\/\"]}]},{\"@type\":\"ImageObject\",\"inLanguage\":\"fr-FR\",\"@id\":\"https:\/\/www.enriquerequena.com\/fr\/tienda-online\/pieces-detachees-pieces-de-rechange-boites-de-vitesses-boites-de-transfert\/kits-embrayage\/kit-dembrayage-renault-maxity-7485141512-7485141511-30210lc60a-30100lc60a\/#primaryimage\",\"url\":\"https:\/\/www.enriquerequena.com\/wp-content\/uploads\/2022\/11\/kit-de-embrague-renault-maxity-7485141512-7485141511-30210LC60A-30100LC60A.png\",\"contentUrl\":\"https:\/\/www.enriquerequena.com\/wp-content\/uploads\/2022\/11\/kit-de-embrague-renault-maxity-7485141512-7485141511-30210LC60A-30100LC60A.png\",\"width\":800,\"height\":800,\"caption\":\"Kit D'Embrayage pour Renault Maxity avec r\u00e9f\u00e9rences 7485141512, 7485141511, 30210LC60A et 30100LC60A\"},{\"@type\":\"WebSite\",\"@id\":\"https:\/\/www.enriquerequena.com\/fr\/#website\",\"url\":\"https:\/\/www.enriquerequena.com\/fr\/\",\"name\":\"ENRIQUE REQUENA\",\"description\":\"Sp\u00e9cialistes des transmissions cardan avec des exp\u00e9ditions dans le monde entier et des pi\u00e8ces d\u00e9tach\u00e9es pour voitures, camions et accessoires \u00e0 Valence, en Espagne. Avec vous depuis 1950!\",\"publisher\":{\"@id\":\"https:\/\/www.enriquerequena.com\/fr\/#organization\"},\"potentialAction\":[{\"@type\":\"SearchAction\",\"target\":{\"@type\":\"EntryPoint\",\"urlTemplate\":\"https:\/\/www.enriquerequena.com\/fr\/?s={search_term_string}\"},\"query-input\":{\"@type\":\"PropertyValueSpecification\",\"valueRequired\":true,\"valueName\":\"search_term_string\"}}],\"inLanguage\":\"fr-FR\"},{\"@type\":\"Organization\",\"@id\":\"https:\/\/www.enriquerequena.com\/fr\/#organization\",\"name\":\"Enrique Requena S.L.\",\"url\":\"https:\/\/www.enriquerequena.com\/fr\/\",\"logo\":{\"@type\":\"ImageObject\",\"inLanguage\":\"fr-FR\",\"@id\":\"https:\/\/www.enriquerequena.com\/fr\/#\/schema\/logo\/image\/\",\"url\":\"https:\/\/www.enriquerequena.com\/wp-content\/uploads\/2019\/11\/enrique-requena-recambios-logotipo.jpg\",\"contentUrl\":\"https:\/\/www.enriquerequena.com\/wp-content\/uploads\/2019\/11\/enrique-requena-recambios-logotipo.jpg\",\"width\":381,\"height\":75,\"caption\":\"Enrique Requena S.L.\"},\"image\":{\"@id\":\"https:\/\/www.enriquerequena.com\/fr\/#\/schema\/logo\/image\/\"}}]}<\/script>\n<!-- \/ Yoast SEO plugin. -->","yoast_head_json":{"title":"Kit D'Embrayage Renault Maxity 7485141512","description":"Kit D'Embrayage pour Renault Maxity avec r\u00e9f\u00e9rences 7485141512, 7485141511, 30210LC60A et 30100LC60A. M\u00e9canisme, Disque D'Embrayage et But\u00e9e de D\u00e9brayage.","robots":{"index":"index","follow":"follow","max-snippet":"max-snippet:-1","max-image-preview":"max-image-preview:large","max-video-preview":"max-video-preview:-1"},"canonical":"https:\/\/www.enriquerequena.com\/fr\/tienda-online\/pieces-detachees-pieces-de-rechange-boites-de-vitesses-boites-de-transfert\/kits-embrayage\/kit-dembrayage-renault-maxity-7485141512-7485141511-30210lc60a-30100lc60a\/","og_locale":"fr_FR","og_type":"article","og_title":"Kit D'Embrayage Renault Maxity 7485141512","og_description":"Kit D'Embrayage pour Renault Maxity avec r\u00e9f\u00e9rences 7485141512, 7485141511, 30210LC60A et 30100LC60A. M\u00e9canisme, Disque D'Embrayage et But\u00e9e de D\u00e9brayage.","og_url":"https:\/\/www.enriquerequena.com\/fr\/tienda-online\/pieces-detachees-pieces-de-rechange-boites-de-vitesses-boites-de-transfert\/kits-embrayage\/kit-dembrayage-renault-maxity-7485141512-7485141511-30210lc60a-30100lc60a\/","og_site_name":"ENRIQUE REQUENA","article_modified_time":"2023-03-14T08:59:36+00:00","og_image":[{"width":800,"height":800,"url":"https:\/\/www.enriquerequena.com\/wp-content\/uploads\/2022\/11\/kit-de-embrague-renault-maxity-7485141512-7485141511-30210LC60A-30100LC60A.png","type":"image\/png"}],"twitter_card":"summary_large_image","twitter_misc":{"Dur\u00e9e de lecture estim\u00e9e":"1 minute"},"schema":{"@context":"https:\/\/schema.org","@graph":[{"@type":"WebPage","@id":"https:\/\/www.enriquerequena.com\/fr\/tienda-online\/pieces-detachees-pieces-de-rechange-boites-de-vitesses-boites-de-transfert\/kits-embrayage\/kit-dembrayage-renault-maxity-7485141512-7485141511-30210lc60a-30100lc60a\/","url":"https:\/\/www.enriquerequena.com\/fr\/tienda-online\/pieces-detachees-pieces-de-rechange-boites-de-vitesses-boites-de-transfert\/kits-embrayage\/kit-dembrayage-renault-maxity-7485141512-7485141511-30210lc60a-30100lc60a\/","name":"Kit D'Embrayage Renault Maxity 7485141512","isPartOf":{"@id":"https:\/\/www.enriquerequena.com\/fr\/#website"},"primaryImageOfPage":{"@id":"https:\/\/www.enriquerequena.com\/fr\/tienda-online\/pieces-detachees-pieces-de-rechange-boites-de-vitesses-boites-de-transfert\/kits-embrayage\/kit-dembrayage-renault-maxity-7485141512-7485141511-30210lc60a-30100lc60a\/#primaryimage"},"image":{"@id":"https:\/\/www.enriquerequena.com\/fr\/tienda-online\/pieces-detachees-pieces-de-rechange-boites-de-vitesses-boites-de-transfert\/kits-embrayage\/kit-dembrayage-renault-maxity-7485141512-7485141511-30210lc60a-30100lc60a\/#primaryimage"},"thumbnailUrl":"https:\/\/www.enriquerequena.com\/wp-content\/uploads\/2022\/11\/kit-de-embrague-renault-maxity-7485141512-7485141511-30210LC60A-30100LC60A.png","datePublished":"2022-11-10T14:43:43+00:00","dateModified":"2023-03-14T08:59:36+00:00","description":"Kit D'Embrayage pour Renault Maxity avec r\u00e9f\u00e9rences 7485141512, 7485141511, 30210LC60A et 30100LC60A. M\u00e9canisme, Disque D'Embrayage et But\u00e9e de D\u00e9brayage.","breadcrumb":{"@id":"https:\/\/www.enriquerequena.com\/fr\/tienda-online\/pieces-detachees-pieces-de-rechange-boites-de-vitesses-boites-de-transfert\/kits-embrayage\/kit-dembrayage-renault-maxity-7485141512-7485141511-30210lc60a-30100lc60a\/#breadcrumb"},"inLanguage":"fr-FR","potentialAction":[{"@type":"ReadAction","target":["https:\/\/www.enriquerequena.com\/fr\/tienda-online\/pieces-detachees-pieces-de-rechange-boites-de-vitesses-boites-de-transfert\/kits-embrayage\/kit-dembrayage-renault-maxity-7485141512-7485141511-30210lc60a-30100lc60a\/"]}]},{"@type":"ImageObject","inLanguage":"fr-FR","@id":"https:\/\/www.enriquerequena.com\/fr\/tienda-online\/pieces-detachees-pieces-de-rechange-boites-de-vitesses-boites-de-transfert\/kits-embrayage\/kit-dembrayage-renault-maxity-7485141512-7485141511-30210lc60a-30100lc60a\/#primaryimage","url":"https:\/\/www.enriquerequena.com\/wp-content\/uploads\/2022\/11\/kit-de-embrague-renault-maxity-7485141512-7485141511-30210LC60A-30100LC60A.png","contentUrl":"https:\/\/www.enriquerequena.com\/wp-content\/uploads\/2022\/11\/kit-de-embrague-renault-maxity-7485141512-7485141511-30210LC60A-30100LC60A.png","width":800,"height":800,"caption":"Kit D'Embrayage pour Renault Maxity avec r\u00e9f\u00e9rences 7485141512, 7485141511, 30210LC60A et 30100LC60A"},{"@type":"WebSite","@id":"https:\/\/www.enriquerequena.com\/fr\/#website","url":"https:\/\/www.enriquerequena.com\/fr\/","name":"ENRIQUE REQUENA","description":"Sp\u00e9cialistes des transmissions cardan avec des exp\u00e9ditions dans le monde entier et des pi\u00e8ces d\u00e9tach\u00e9es pour voitures, camions et accessoires \u00e0 Valence, en Espagne. Avec vous depuis 1950!","publisher":{"@id":"https:\/\/www.enriquerequena.com\/fr\/#organization"},"potentialAction":[{"@type":"SearchAction","target":{"@type":"EntryPoint","urlTemplate":"https:\/\/www.enriquerequena.com\/fr\/?s={search_term_string}"},"query-input":{"@type":"PropertyValueSpecification","valueRequired":true,"valueName":"search_term_string"}}],"inLanguage":"fr-FR"},{"@type":"Organization","@id":"https:\/\/www.enriquerequena.com\/fr\/#organization","name":"Enrique Requena S.L.","url":"https:\/\/www.enriquerequena.com\/fr\/","logo":{"@type":"ImageObject","inLanguage":"fr-FR","@id":"https:\/\/www.enriquerequena.com\/fr\/#\/schema\/logo\/image\/","url":"https:\/\/www.enriquerequena.com\/wp-content\/uploads\/2019\/11\/enrique-requena-recambios-logotipo.jpg","contentUrl":"https:\/\/www.enriquerequena.com\/wp-content\/uploads\/2019\/11\/enrique-requena-recambios-logotipo.jpg","width":381,"height":75,"caption":"Enrique Requena S.L."},"image":{"@id":"https:\/\/www.enriquerequena.com\/fr\/#\/schema\/logo\/image\/"}}]}},"_links":{"self":[{"href":"https:\/\/www.enriquerequena.com\/fr\/wp-json\/wp\/v2\/product\/25649","targetHints":{"allow":["GET"]}}],"collection":[{"href":"https:\/\/www.enriquerequena.com\/fr\/wp-json\/wp\/v2\/product"}],"about":[{"href":"https:\/\/www.enriquerequena.com\/fr\/wp-json\/wp\/v2\/types\/product"}],"wp:featuredmedia":[{"embeddable":true,"href":"https:\/\/www.enriquerequena.com\/fr\/wp-json\/wp\/v2\/media\/25652"}],"wp:attachment":[{"href":"https:\/\/www.enriquerequena.com\/fr\/wp-json\/wp\/v2\/media?parent=25649"}],"wp:term":[{"taxonomy":"product_brand","embeddable":true,"href":"https:\/\/www.enriquerequena.com\/fr\/wp-json\/wp\/v2\/product_brand?post=25649"},{"taxonomy":"product_cat","embeddable":true,"href":"https:\/\/www.enriquerequena.com\/fr\/wp-json\/wp\/v2\/product_cat?post=25649"},{"taxonomy":"product_tag","embeddable":true,"href":"https:\/\/www.enriquerequena.com\/fr\/wp-json\/wp\/v2\/product_tag?post=25649"}],"curies":[{"name":"wp","href":"https:\/\/api.w.org\/{rel}","templated":true}]}}