{"id":25934,"date":"2023-01-03T12:41:02","date_gmt":"2023-01-03T11:41:02","guid":{"rendered":"https:\/\/www.enriquerequena.com\/?post_type=product&#038;p=25934"},"modified":"2023-02-08T13:29:23","modified_gmt":"2023-02-08T12:29:23","slug":"bras-de-liaison-suspension-de-roue-gauche-nissan-cabstar-54501lc10a","status":"publish","type":"product","link":"https:\/\/www.enriquerequena.com\/fr\/tienda-online\/pieces-de-rechange-suspension\/bras-de-suspension\/bras-de-liaison-suspension-de-roue-gauche-nissan-cabstar-54501lc10a\/","title":{"rendered":"Bras De Liaison Suspension De Roue gauche Nissan Cabstar &#8211; 54501LC10A"},"content":{"rendered":"<p><strong>Bras De Liaison Suspension De Roue gauche pour Nissan Cabstar <\/strong>avec r\u00e9f\u00e9rence 54501LC10A est une pi\u00e8ce de Nissan <strong>neuve avec une garantie d\u2019un an<\/strong>. Sp\u00e9cifiquement, Bras De Liaison Suspension De Roue <strong>gauche.<\/strong> C\u2019est le choix le plus \u00e9conomique.<\/p>\n<p>Nous vendons des pi\u00e8ces d\u00e9tach\u00e9es ou pi\u00e8ces de rechange \u00e0 Valence depuis 1950 et nous vendons aussi en ligne dans le monde entier.<\/p>\n<p>N\u00b4h\u00e9sitez pas \u00e0 nous consulter pour d\u00b4autres mod\u00e8les de tout type de v\u00e9hicule. Nous avons une exp\u00e9rience de 70 ans. Nos pi\u00e9ces de rechange sont similaires \u00e0 ceux des OEM avec les meilleurs prix du march\u00e9.<\/p>\n<p>Caract\u00e9ristiques techniques Bras De Liaison Suspension De Roue gauche pour Nissan Cabstar 54501LC10A:<\/p>\n<ul>\n<li>Pi\u00e8ce de rechange: Bras De Liaison Suspension De Roue gauche<\/li>\n<li>Mod\u00e8le: <strong>Nissan Cabstar<\/strong><\/li>\n<li>Etat: pi\u00e8ce neuve<\/li>\n<li>Garantie d\u2019un an<\/li>\n<li>Valable pour les v\u00e9hicules fabriqu\u00e9s entre 1998 et 2013<\/li>\n<li>Endroit d&rsquo;assemblage: sup\u00e9rieur, avant gauche<\/li>\n<li>Type de bras oscillant: barre oscillant transversal<\/li>\n<li><strong>R\u00e9f\u00e9rence:<\/strong>\n<ul>\n<li>54501LC10A<\/li>\n<\/ul>\n<\/li>\n<\/ul>\n","protected":false},"excerpt":{"rendered":"<p><strong>Bras De Liaison Suspension De Roue gauche pour Nissan Cabstar <\/strong>avec r\u00e9f\u00e9rence 54501LC10A. Est une pi\u00e8ce de Nissan neuve avec une garantie d\u2019un an.<\/p>\n","protected":false},"featured_media":26244,"template":"","meta":[],"product_brand":[],"product_cat":[9952,138,216,9836],"product_tag":[],"class_list":{"0":"post-25934","1":"product","2":"type-product","3":"status-publish","4":"has-post-thumbnail","6":"product_cat-bras-de-suspension","7":"product_cat-pieces-rechange-camions","8":"product_cat-suspension-camion","9":"product_cat-pieces-de-rechange-suspension","10":"pa_tipo-camions-poids-lourds","12":"first","13":"instock","14":"taxable","15":"shipping-taxable","16":"purchasable","17":"product-type-simple"},"yoast_head":"<!-- This site is optimized with the Yoast SEO plugin v27.1.1 - https:\/\/yoast.com\/product\/yoast-seo-wordpress\/ -->\n<title>Bras Liaison Suspension Roue gauche Nissan Cabstar 54501LC10A<\/title>\n<meta name=\"description\" content=\"Bras De Liaison Suspension De Roue gauche pour Nissan Cabstar avec r\u00e9f\u00e9rence 54501LC10A. Est une pi\u00e8ce de Nissan neuve avec une garantie d\u2019un an.\" \/>\n<meta name=\"robots\" content=\"index, follow, max-snippet:-1, max-image-preview:large, max-video-preview:-1\" \/>\n<link rel=\"canonical\" href=\"https:\/\/www.enriquerequena.com\/fr\/tienda-online\/pieces-de-rechange-suspension\/bras-de-suspension\/bras-de-liaison-suspension-de-roue-gauche-nissan-cabstar-54501lc10a\/\" \/>\n<meta property=\"og:locale\" content=\"fr_FR\" \/>\n<meta property=\"og:type\" content=\"article\" \/>\n<meta property=\"og:title\" content=\"Bras Liaison Suspension Roue gauche Nissan Cabstar 54501LC10A\" \/>\n<meta property=\"og:description\" content=\"Bras De Liaison Suspension De Roue gauche pour Nissan Cabstar avec r\u00e9f\u00e9rence 54501LC10A. Est une pi\u00e8ce de Nissan neuve avec une garantie d\u2019un an.\" \/>\n<meta property=\"og:url\" content=\"https:\/\/www.enriquerequena.com\/fr\/tienda-online\/pieces-de-rechange-suspension\/bras-de-suspension\/bras-de-liaison-suspension-de-roue-gauche-nissan-cabstar-54501lc10a\/\" \/>\n<meta property=\"og:site_name\" content=\"ENRIQUE REQUENA\" \/>\n<meta property=\"article:modified_time\" content=\"2023-02-08T12:29:23+00:00\" \/>\n<meta property=\"og:image\" content=\"https:\/\/www.enriquerequena.com\/wp-content\/uploads\/2022\/11\/trapecio-brazo-suspension-inferior-izquierdo-nissan-cabstar-54501LC10A.png\" \/>\n\t<meta property=\"og:image:width\" content=\"535\" \/>\n\t<meta property=\"og:image:height\" content=\"532\" \/>\n\t<meta property=\"og:image:type\" content=\"image\/png\" \/>\n<meta name=\"twitter:card\" content=\"summary_large_image\" \/>\n<meta name=\"twitter:label1\" content=\"Dur\u00e9e de lecture estim\u00e9e\" \/>\n\t<meta name=\"twitter:data1\" content=\"1 minute\" \/>\n<script type=\"application\/ld+json\" class=\"yoast-schema-graph\">{\"@context\":\"https:\/\/schema.org\",\"@graph\":[{\"@type\":\"WebPage\",\"@id\":\"https:\/\/www.enriquerequena.com\/fr\/tienda-online\/pieces-de-rechange-suspension\/bras-de-suspension\/bras-de-liaison-suspension-de-roue-gauche-nissan-cabstar-54501lc10a\/\",\"url\":\"https:\/\/www.enriquerequena.com\/fr\/tienda-online\/pieces-de-rechange-suspension\/bras-de-suspension\/bras-de-liaison-suspension-de-roue-gauche-nissan-cabstar-54501lc10a\/\",\"name\":\"Bras Liaison Suspension Roue gauche Nissan Cabstar 54501LC10A\",\"isPartOf\":{\"@id\":\"https:\/\/www.enriquerequena.com\/fr\/#website\"},\"primaryImageOfPage\":{\"@id\":\"https:\/\/www.enriquerequena.com\/fr\/tienda-online\/pieces-de-rechange-suspension\/bras-de-suspension\/bras-de-liaison-suspension-de-roue-gauche-nissan-cabstar-54501lc10a\/#primaryimage\"},\"image\":{\"@id\":\"https:\/\/www.enriquerequena.com\/fr\/tienda-online\/pieces-de-rechange-suspension\/bras-de-suspension\/bras-de-liaison-suspension-de-roue-gauche-nissan-cabstar-54501lc10a\/#primaryimage\"},\"thumbnailUrl\":\"https:\/\/www.enriquerequena.com\/wp-content\/uploads\/2022\/11\/trapecio-brazo-suspension-inferior-izquierdo-nissan-cabstar-54501LC10A.png\",\"datePublished\":\"2023-01-03T11:41:02+00:00\",\"dateModified\":\"2023-02-08T12:29:23+00:00\",\"description\":\"Bras De Liaison Suspension De Roue gauche pour Nissan Cabstar avec r\u00e9f\u00e9rence 54501LC10A. Est une pi\u00e8ce de Nissan neuve avec une garantie d\u2019un an.\",\"breadcrumb\":{\"@id\":\"https:\/\/www.enriquerequena.com\/fr\/tienda-online\/pieces-de-rechange-suspension\/bras-de-suspension\/bras-de-liaison-suspension-de-roue-gauche-nissan-cabstar-54501lc10a\/#breadcrumb\"},\"inLanguage\":\"fr-FR\",\"potentialAction\":[{\"@type\":\"ReadAction\",\"target\":[\"https:\/\/www.enriquerequena.com\/fr\/tienda-online\/pieces-de-rechange-suspension\/bras-de-suspension\/bras-de-liaison-suspension-de-roue-gauche-nissan-cabstar-54501lc10a\/\"]}]},{\"@type\":\"ImageObject\",\"inLanguage\":\"fr-FR\",\"@id\":\"https:\/\/www.enriquerequena.com\/fr\/tienda-online\/pieces-de-rechange-suspension\/bras-de-suspension\/bras-de-liaison-suspension-de-roue-gauche-nissan-cabstar-54501lc10a\/#primaryimage\",\"url\":\"https:\/\/www.enriquerequena.com\/wp-content\/uploads\/2022\/11\/trapecio-brazo-suspension-inferior-izquierdo-nissan-cabstar-54501LC10A.png\",\"contentUrl\":\"https:\/\/www.enriquerequena.com\/wp-content\/uploads\/2022\/11\/trapecio-brazo-suspension-inferior-izquierdo-nissan-cabstar-54501LC10A.png\",\"width\":535,\"height\":532,\"caption\":\"Bras Liaison Suspension Roue gauche Nissan Cabstar 54501LC10A\"},{\"@type\":\"WebSite\",\"@id\":\"https:\/\/www.enriquerequena.com\/fr\/#website\",\"url\":\"https:\/\/www.enriquerequena.com\/fr\/\",\"name\":\"ENRIQUE REQUENA\",\"description\":\"Sp\u00e9cialistes des transmissions cardan avec des exp\u00e9ditions dans le monde entier et des pi\u00e8ces d\u00e9tach\u00e9es pour voitures, camions et accessoires \u00e0 Valence, en Espagne. Avec vous depuis 1950!\",\"publisher\":{\"@id\":\"https:\/\/www.enriquerequena.com\/fr\/#organization\"},\"potentialAction\":[{\"@type\":\"SearchAction\",\"target\":{\"@type\":\"EntryPoint\",\"urlTemplate\":\"https:\/\/www.enriquerequena.com\/fr\/?s={search_term_string}\"},\"query-input\":{\"@type\":\"PropertyValueSpecification\",\"valueRequired\":true,\"valueName\":\"search_term_string\"}}],\"inLanguage\":\"fr-FR\"},{\"@type\":\"Organization\",\"@id\":\"https:\/\/www.enriquerequena.com\/fr\/#organization\",\"name\":\"Enrique Requena S.L.\",\"url\":\"https:\/\/www.enriquerequena.com\/fr\/\",\"logo\":{\"@type\":\"ImageObject\",\"inLanguage\":\"fr-FR\",\"@id\":\"https:\/\/www.enriquerequena.com\/fr\/#\/schema\/logo\/image\/\",\"url\":\"https:\/\/www.enriquerequena.com\/wp-content\/uploads\/2019\/11\/enrique-requena-recambios-logotipo.jpg\",\"contentUrl\":\"https:\/\/www.enriquerequena.com\/wp-content\/uploads\/2019\/11\/enrique-requena-recambios-logotipo.jpg\",\"width\":381,\"height\":75,\"caption\":\"Enrique Requena S.L.\"},\"image\":{\"@id\":\"https:\/\/www.enriquerequena.com\/fr\/#\/schema\/logo\/image\/\"}}]}<\/script>\n<!-- \/ Yoast SEO plugin. -->","yoast_head_json":{"title":"Bras Liaison Suspension Roue gauche Nissan Cabstar 54501LC10A","description":"Bras De Liaison Suspension De Roue gauche pour Nissan Cabstar avec r\u00e9f\u00e9rence 54501LC10A. Est une pi\u00e8ce de Nissan neuve avec une garantie d\u2019un an.","robots":{"index":"index","follow":"follow","max-snippet":"max-snippet:-1","max-image-preview":"max-image-preview:large","max-video-preview":"max-video-preview:-1"},"canonical":"https:\/\/www.enriquerequena.com\/fr\/tienda-online\/pieces-de-rechange-suspension\/bras-de-suspension\/bras-de-liaison-suspension-de-roue-gauche-nissan-cabstar-54501lc10a\/","og_locale":"fr_FR","og_type":"article","og_title":"Bras Liaison Suspension Roue gauche Nissan Cabstar 54501LC10A","og_description":"Bras De Liaison Suspension De Roue gauche pour Nissan Cabstar avec r\u00e9f\u00e9rence 54501LC10A. Est une pi\u00e8ce de Nissan neuve avec une garantie d\u2019un an.","og_url":"https:\/\/www.enriquerequena.com\/fr\/tienda-online\/pieces-de-rechange-suspension\/bras-de-suspension\/bras-de-liaison-suspension-de-roue-gauche-nissan-cabstar-54501lc10a\/","og_site_name":"ENRIQUE REQUENA","article_modified_time":"2023-02-08T12:29:23+00:00","og_image":[{"width":535,"height":532,"url":"https:\/\/www.enriquerequena.com\/wp-content\/uploads\/2022\/11\/trapecio-brazo-suspension-inferior-izquierdo-nissan-cabstar-54501LC10A.png","type":"image\/png"}],"twitter_card":"summary_large_image","twitter_misc":{"Dur\u00e9e de lecture estim\u00e9e":"1 minute"},"schema":{"@context":"https:\/\/schema.org","@graph":[{"@type":"WebPage","@id":"https:\/\/www.enriquerequena.com\/fr\/tienda-online\/pieces-de-rechange-suspension\/bras-de-suspension\/bras-de-liaison-suspension-de-roue-gauche-nissan-cabstar-54501lc10a\/","url":"https:\/\/www.enriquerequena.com\/fr\/tienda-online\/pieces-de-rechange-suspension\/bras-de-suspension\/bras-de-liaison-suspension-de-roue-gauche-nissan-cabstar-54501lc10a\/","name":"Bras Liaison Suspension Roue gauche Nissan Cabstar 54501LC10A","isPartOf":{"@id":"https:\/\/www.enriquerequena.com\/fr\/#website"},"primaryImageOfPage":{"@id":"https:\/\/www.enriquerequena.com\/fr\/tienda-online\/pieces-de-rechange-suspension\/bras-de-suspension\/bras-de-liaison-suspension-de-roue-gauche-nissan-cabstar-54501lc10a\/#primaryimage"},"image":{"@id":"https:\/\/www.enriquerequena.com\/fr\/tienda-online\/pieces-de-rechange-suspension\/bras-de-suspension\/bras-de-liaison-suspension-de-roue-gauche-nissan-cabstar-54501lc10a\/#primaryimage"},"thumbnailUrl":"https:\/\/www.enriquerequena.com\/wp-content\/uploads\/2022\/11\/trapecio-brazo-suspension-inferior-izquierdo-nissan-cabstar-54501LC10A.png","datePublished":"2023-01-03T11:41:02+00:00","dateModified":"2023-02-08T12:29:23+00:00","description":"Bras De Liaison Suspension De Roue gauche pour Nissan Cabstar avec r\u00e9f\u00e9rence 54501LC10A. Est une pi\u00e8ce de Nissan neuve avec une garantie d\u2019un an.","breadcrumb":{"@id":"https:\/\/www.enriquerequena.com\/fr\/tienda-online\/pieces-de-rechange-suspension\/bras-de-suspension\/bras-de-liaison-suspension-de-roue-gauche-nissan-cabstar-54501lc10a\/#breadcrumb"},"inLanguage":"fr-FR","potentialAction":[{"@type":"ReadAction","target":["https:\/\/www.enriquerequena.com\/fr\/tienda-online\/pieces-de-rechange-suspension\/bras-de-suspension\/bras-de-liaison-suspension-de-roue-gauche-nissan-cabstar-54501lc10a\/"]}]},{"@type":"ImageObject","inLanguage":"fr-FR","@id":"https:\/\/www.enriquerequena.com\/fr\/tienda-online\/pieces-de-rechange-suspension\/bras-de-suspension\/bras-de-liaison-suspension-de-roue-gauche-nissan-cabstar-54501lc10a\/#primaryimage","url":"https:\/\/www.enriquerequena.com\/wp-content\/uploads\/2022\/11\/trapecio-brazo-suspension-inferior-izquierdo-nissan-cabstar-54501LC10A.png","contentUrl":"https:\/\/www.enriquerequena.com\/wp-content\/uploads\/2022\/11\/trapecio-brazo-suspension-inferior-izquierdo-nissan-cabstar-54501LC10A.png","width":535,"height":532,"caption":"Bras Liaison Suspension Roue gauche Nissan Cabstar 54501LC10A"},{"@type":"WebSite","@id":"https:\/\/www.enriquerequena.com\/fr\/#website","url":"https:\/\/www.enriquerequena.com\/fr\/","name":"ENRIQUE REQUENA","description":"Sp\u00e9cialistes des transmissions cardan avec des exp\u00e9ditions dans le monde entier et des pi\u00e8ces d\u00e9tach\u00e9es pour voitures, camions et accessoires \u00e0 Valence, en Espagne. Avec vous depuis 1950!","publisher":{"@id":"https:\/\/www.enriquerequena.com\/fr\/#organization"},"potentialAction":[{"@type":"SearchAction","target":{"@type":"EntryPoint","urlTemplate":"https:\/\/www.enriquerequena.com\/fr\/?s={search_term_string}"},"query-input":{"@type":"PropertyValueSpecification","valueRequired":true,"valueName":"search_term_string"}}],"inLanguage":"fr-FR"},{"@type":"Organization","@id":"https:\/\/www.enriquerequena.com\/fr\/#organization","name":"Enrique Requena S.L.","url":"https:\/\/www.enriquerequena.com\/fr\/","logo":{"@type":"ImageObject","inLanguage":"fr-FR","@id":"https:\/\/www.enriquerequena.com\/fr\/#\/schema\/logo\/image\/","url":"https:\/\/www.enriquerequena.com\/wp-content\/uploads\/2019\/11\/enrique-requena-recambios-logotipo.jpg","contentUrl":"https:\/\/www.enriquerequena.com\/wp-content\/uploads\/2019\/11\/enrique-requena-recambios-logotipo.jpg","width":381,"height":75,"caption":"Enrique Requena S.L."},"image":{"@id":"https:\/\/www.enriquerequena.com\/fr\/#\/schema\/logo\/image\/"}}]}},"_links":{"self":[{"href":"https:\/\/www.enriquerequena.com\/fr\/wp-json\/wp\/v2\/product\/25934","targetHints":{"allow":["GET"]}}],"collection":[{"href":"https:\/\/www.enriquerequena.com\/fr\/wp-json\/wp\/v2\/product"}],"about":[{"href":"https:\/\/www.enriquerequena.com\/fr\/wp-json\/wp\/v2\/types\/product"}],"wp:featuredmedia":[{"embeddable":true,"href":"https:\/\/www.enriquerequena.com\/fr\/wp-json\/wp\/v2\/media\/26244"}],"wp:attachment":[{"href":"https:\/\/www.enriquerequena.com\/fr\/wp-json\/wp\/v2\/media?parent=25934"}],"wp:term":[{"taxonomy":"product_brand","embeddable":true,"href":"https:\/\/www.enriquerequena.com\/fr\/wp-json\/wp\/v2\/product_brand?post=25934"},{"taxonomy":"product_cat","embeddable":true,"href":"https:\/\/www.enriquerequena.com\/fr\/wp-json\/wp\/v2\/product_cat?post=25934"},{"taxonomy":"product_tag","embeddable":true,"href":"https:\/\/www.enriquerequena.com\/fr\/wp-json\/wp\/v2\/product_tag?post=25934"}],"curies":[{"name":"wp","href":"https:\/\/api.w.org\/{rel}","templated":true}]}}