{"id":26420,"date":"2023-01-18T15:42:24","date_gmt":"2023-01-18T14:42:24","guid":{"rendered":"https:\/\/www.enriquerequena.com\/?post_type=product&#038;p=26420"},"modified":"2025-09-29T18:17:58","modified_gmt":"2025-09-29T16:17:58","slug":"reservoir-additif-fap-d-origine-ford-1674614","status":"publish","type":"product","link":"https:\/\/www.enriquerequena.com\/fr\/tienda-online\/pieces-de-rechange-remplacements-echappement\/reservoirs-fap\/reservoir-additif-fap-d-origine-ford-1674614\/","title":{"rendered":"Reservoir Additif Fap d&rsquo;origine Ford &#8211; 1674614"},"content":{"rendered":"<p><strong>Reservoir Additif Fap d&rsquo;origine Ford <\/strong>avec r\u00e9f\u00e9rence 1674614 est une pi\u00e8ce de Ford <strong>neuve et original <\/strong>avec une garantie d\u2019un an.\u00a0C\u2019est le choix le plus \u00e9conomique.<\/p>\n<p>Nous vendons des pi\u00e8ces d\u00e9tach\u00e9es ou pi\u00e8ces de rechange \u00e0 Valence depuis 1950 et nous vendons aussi en ligne dans le monde entier.<\/p>\n<p>N\u00b4h\u00e9sitez pas \u00e0 nous consulter pour d\u00b4autres mod\u00e8les de tout type de v\u00e9hicule. Nous avons une exp\u00e9rience de 72 ans. Nos pi\u00e9ces de rechange sont similaires \u00e0 ceux des OEM avec les meilleurs prix du march\u00e9.<\/p>\n<p>Caract\u00e9ristiques techniques Reservoir Additif Fap d&rsquo;origine Ford 1674614:<\/p>\n<ul>\n<li>Pi\u00e8ce de rechange: Reservoir Additif Fap<\/li>\n<li>Mod\u00e8le: <strong>Ford (divers mod\u00e8les)<\/strong>\n<ul>\n<li>C-MAX (DM2) 1.6 TDCi<\/li>\n<li>C-MAX (DM2) 2.0 TDCi<\/li>\n<li>FOCUS C-MAX (DM2) 2.0 TDCi<\/li>\n<li>FOCUS C-MAX (DM2) 2.0 TDCi<\/li>\n<li>FOCUS II (DA_, HCP, DP) 1.6 TDCi<\/li>\n<li>FOCUS II (DA_, HCP, DP) 2.0 TDCi<\/li>\n<li>FOCUS II D\u00e9capotable 2.0 TDCi<\/li>\n<li>FOCUS II Sed\u00e1n (DB_, FCH, DH) 1.6 TDCi<\/li>\n<li>FOCUS II Sed\u00e1n (DB_, FCH, DH) 2.0 TDCi<\/li>\n<li>FOCUS II Turnier (DA_, FFS, DS) 1.6 TDCi<\/li>\n<li>FOCUS II Turnier (DA_, FFS, DS) 2.0 TDCi<\/li>\n<\/ul>\n<\/li>\n<li>Etat: pi\u00e8ce neuve et original<\/li>\n<li>Garantie d\u2019un an<\/li>\n<li><strong>R\u00e9f\u00e9rences:<\/strong>\n<ul>\n<li>1674614<\/li>\n<li>3M519C103AK<\/li>\n<li>1559287<\/li>\n<li>3M519C103AJ<\/li>\n<li>1384505<\/li>\n<li>3M519C103AL<\/li>\n<\/ul>\n<\/li>\n<\/ul>\n","protected":false},"excerpt":{"rendered":"<p><strong>Reservoir Additif Fap d&rsquo;origine Ford <\/strong>avec r\u00e9f\u00e9rence <strong>1674614<\/strong> est une pi\u00e8ce de Ford <strong>neuve et original <\/strong>avec une garantie d\u2019un an.<\/p>\n","protected":false},"featured_media":26423,"template":"","meta":[],"product_brand":[],"product_cat":[9857,147,9886],"product_tag":[],"class_list":{"0":"post-26420","1":"product","2":"type-product","3":"status-publish","4":"has-post-thumbnail","6":"product_cat-pieces-de-rechange-remplacements-echappement","7":"product_cat-huiles-additifs-moteur","8":"product_cat-reservoirs-fap","9":"pa_manufacturer-ford","11":"first","12":"outofstock","13":"taxable","14":"shipping-taxable","15":"purchasable","16":"product-type-simple"},"yoast_head":"<!-- This site is optimized with the Yoast SEO plugin v27.5 - https:\/\/yoast.com\/product\/yoast-seo-wordpress\/ -->\n<title>Reservoir Additif Fap d&#039;origine Ford 1674614 - Enrique Requena<\/title>\n<meta name=\"description\" content=\"Reservoir Additif Fap d&#039;origine Ford avec r\u00e9f\u00e9rence 1674614 est une pi\u00e8ce de Ford neuve et original avec une garantie d\u2019un an.\" \/>\n<meta name=\"robots\" content=\"index, follow, max-snippet:-1, max-image-preview:large, max-video-preview:-1\" \/>\n<link rel=\"canonical\" href=\"https:\/\/www.enriquerequena.com\/fr\/tienda-online\/pieces-de-rechange-remplacements-echappement\/reservoirs-fap\/reservoir-additif-fap-d-origine-ford-1674614\/\" \/>\n<meta property=\"og:locale\" content=\"fr_FR\" \/>\n<meta property=\"og:type\" content=\"article\" \/>\n<meta property=\"og:title\" content=\"Reservoir Additif Fap d&#039;origine Ford 1674614 - Enrique Requena\" \/>\n<meta property=\"og:description\" content=\"Reservoir Additif Fap d&#039;origine Ford avec r\u00e9f\u00e9rence 1674614 est une pi\u00e8ce de Ford neuve et original avec une garantie d\u2019un an.\" \/>\n<meta property=\"og:url\" content=\"https:\/\/www.enriquerequena.com\/fr\/tienda-online\/pieces-de-rechange-remplacements-echappement\/reservoirs-fap\/reservoir-additif-fap-d-origine-ford-1674614\/\" \/>\n<meta property=\"og:site_name\" content=\"ENRIQUE REQUENA\" \/>\n<meta property=\"article:modified_time\" content=\"2025-09-29T16:17:58+00:00\" \/>\n<meta property=\"og:image\" content=\"https:\/\/www.enriquerequena.com\/wp-content\/uploads\/2023\/01\/deposito-fap-ford-1674614.png\" \/>\n\t<meta property=\"og:image:width\" content=\"800\" \/>\n\t<meta property=\"og:image:height\" content=\"800\" \/>\n\t<meta property=\"og:image:type\" content=\"image\/png\" \/>\n<meta name=\"twitter:card\" content=\"summary_large_image\" \/>\n<meta name=\"twitter:label1\" content=\"Dur\u00e9e de lecture estim\u00e9e\" \/>\n\t<meta name=\"twitter:data1\" content=\"1 minute\" \/>\n<script type=\"application\/ld+json\" class=\"yoast-schema-graph\">{\"@context\":\"https:\\\/\\\/schema.org\",\"@graph\":[{\"@type\":\"WebPage\",\"@id\":\"https:\\\/\\\/www.enriquerequena.com\\\/fr\\\/tienda-online\\\/pieces-de-rechange-remplacements-echappement\\\/reservoirs-fap\\\/reservoir-additif-fap-d-origine-ford-1674614\\\/\",\"url\":\"https:\\\/\\\/www.enriquerequena.com\\\/fr\\\/tienda-online\\\/pieces-de-rechange-remplacements-echappement\\\/reservoirs-fap\\\/reservoir-additif-fap-d-origine-ford-1674614\\\/\",\"name\":\"Reservoir Additif Fap d'origine Ford 1674614 - Enrique Requena\",\"isPartOf\":{\"@id\":\"https:\\\/\\\/www.enriquerequena.com\\\/fr\\\/#website\"},\"primaryImageOfPage\":{\"@id\":\"https:\\\/\\\/www.enriquerequena.com\\\/fr\\\/tienda-online\\\/pieces-de-rechange-remplacements-echappement\\\/reservoirs-fap\\\/reservoir-additif-fap-d-origine-ford-1674614\\\/#primaryimage\"},\"image\":{\"@id\":\"https:\\\/\\\/www.enriquerequena.com\\\/fr\\\/tienda-online\\\/pieces-de-rechange-remplacements-echappement\\\/reservoirs-fap\\\/reservoir-additif-fap-d-origine-ford-1674614\\\/#primaryimage\"},\"thumbnailUrl\":\"https:\\\/\\\/www.enriquerequena.com\\\/wp-content\\\/uploads\\\/2023\\\/01\\\/deposito-fap-ford-1674614.png\",\"datePublished\":\"2023-01-18T14:42:24+00:00\",\"dateModified\":\"2025-09-29T16:17:58+00:00\",\"description\":\"Reservoir Additif Fap d'origine Ford avec r\u00e9f\u00e9rence 1674614 est une pi\u00e8ce de Ford neuve et original avec une garantie d\u2019un an.\",\"breadcrumb\":{\"@id\":\"https:\\\/\\\/www.enriquerequena.com\\\/fr\\\/tienda-online\\\/pieces-de-rechange-remplacements-echappement\\\/reservoirs-fap\\\/reservoir-additif-fap-d-origine-ford-1674614\\\/#breadcrumb\"},\"inLanguage\":\"fr-FR\",\"potentialAction\":[{\"@type\":\"ReadAction\",\"target\":[\"https:\\\/\\\/www.enriquerequena.com\\\/fr\\\/tienda-online\\\/pieces-de-rechange-remplacements-echappement\\\/reservoirs-fap\\\/reservoir-additif-fap-d-origine-ford-1674614\\\/\"]}]},{\"@type\":\"ImageObject\",\"inLanguage\":\"fr-FR\",\"@id\":\"https:\\\/\\\/www.enriquerequena.com\\\/fr\\\/tienda-online\\\/pieces-de-rechange-remplacements-echappement\\\/reservoirs-fap\\\/reservoir-additif-fap-d-origine-ford-1674614\\\/#primaryimage\",\"url\":\"https:\\\/\\\/www.enriquerequena.com\\\/wp-content\\\/uploads\\\/2023\\\/01\\\/deposito-fap-ford-1674614.png\",\"contentUrl\":\"https:\\\/\\\/www.enriquerequena.com\\\/wp-content\\\/uploads\\\/2023\\\/01\\\/deposito-fap-ford-1674614.png\",\"width\":800,\"height\":800,\"caption\":\"Reservoir Additif Fap d'origine Ford 1674614\"},{\"@type\":\"WebSite\",\"@id\":\"https:\\\/\\\/www.enriquerequena.com\\\/fr\\\/#website\",\"url\":\"https:\\\/\\\/www.enriquerequena.com\\\/fr\\\/\",\"name\":\"ENRIQUE REQUENA\",\"description\":\"Sp\u00e9cialistes des transmissions cardan avec des exp\u00e9ditions dans le monde entier et des pi\u00e8ces d\u00e9tach\u00e9es pour voitures, camions et accessoires \u00e0 Valence, en Espagne. Avec vous depuis 1950!\",\"publisher\":{\"@id\":\"https:\\\/\\\/www.enriquerequena.com\\\/fr\\\/#organization\"},\"potentialAction\":[{\"@type\":\"SearchAction\",\"target\":{\"@type\":\"EntryPoint\",\"urlTemplate\":\"https:\\\/\\\/www.enriquerequena.com\\\/fr\\\/?s={search_term_string}\"},\"query-input\":{\"@type\":\"PropertyValueSpecification\",\"valueRequired\":true,\"valueName\":\"search_term_string\"}}],\"inLanguage\":\"fr-FR\"},{\"@type\":\"Organization\",\"@id\":\"https:\\\/\\\/www.enriquerequena.com\\\/fr\\\/#organization\",\"name\":\"Enrique Requena S.L.\",\"url\":\"https:\\\/\\\/www.enriquerequena.com\\\/fr\\\/\",\"logo\":{\"@type\":\"ImageObject\",\"inLanguage\":\"fr-FR\",\"@id\":\"https:\\\/\\\/www.enriquerequena.com\\\/fr\\\/#\\\/schema\\\/logo\\\/image\\\/\",\"url\":\"https:\\\/\\\/www.enriquerequena.com\\\/wp-content\\\/uploads\\\/2019\\\/11\\\/enrique-requena-recambios-logotipo.jpg\",\"contentUrl\":\"https:\\\/\\\/www.enriquerequena.com\\\/wp-content\\\/uploads\\\/2019\\\/11\\\/enrique-requena-recambios-logotipo.jpg\",\"width\":381,\"height\":75,\"caption\":\"Enrique Requena S.L.\"},\"image\":{\"@id\":\"https:\\\/\\\/www.enriquerequena.com\\\/fr\\\/#\\\/schema\\\/logo\\\/image\\\/\"}}]}<\/script>\n<!-- \/ Yoast SEO plugin. -->","yoast_head_json":{"title":"Reservoir Additif Fap d'origine Ford 1674614 - Enrique Requena","description":"Reservoir Additif Fap d'origine Ford avec r\u00e9f\u00e9rence 1674614 est une pi\u00e8ce de Ford neuve et original avec une garantie d\u2019un an.","robots":{"index":"index","follow":"follow","max-snippet":"max-snippet:-1","max-image-preview":"max-image-preview:large","max-video-preview":"max-video-preview:-1"},"canonical":"https:\/\/www.enriquerequena.com\/fr\/tienda-online\/pieces-de-rechange-remplacements-echappement\/reservoirs-fap\/reservoir-additif-fap-d-origine-ford-1674614\/","og_locale":"fr_FR","og_type":"article","og_title":"Reservoir Additif Fap d'origine Ford 1674614 - Enrique Requena","og_description":"Reservoir Additif Fap d'origine Ford avec r\u00e9f\u00e9rence 1674614 est une pi\u00e8ce de Ford neuve et original avec une garantie d\u2019un an.","og_url":"https:\/\/www.enriquerequena.com\/fr\/tienda-online\/pieces-de-rechange-remplacements-echappement\/reservoirs-fap\/reservoir-additif-fap-d-origine-ford-1674614\/","og_site_name":"ENRIQUE REQUENA","article_modified_time":"2025-09-29T16:17:58+00:00","og_image":[{"width":800,"height":800,"url":"https:\/\/www.enriquerequena.com\/wp-content\/uploads\/2023\/01\/deposito-fap-ford-1674614.png","type":"image\/png"}],"twitter_card":"summary_large_image","twitter_misc":{"Dur\u00e9e de lecture estim\u00e9e":"1 minute"},"schema":{"@context":"https:\/\/schema.org","@graph":[{"@type":"WebPage","@id":"https:\/\/www.enriquerequena.com\/fr\/tienda-online\/pieces-de-rechange-remplacements-echappement\/reservoirs-fap\/reservoir-additif-fap-d-origine-ford-1674614\/","url":"https:\/\/www.enriquerequena.com\/fr\/tienda-online\/pieces-de-rechange-remplacements-echappement\/reservoirs-fap\/reservoir-additif-fap-d-origine-ford-1674614\/","name":"Reservoir Additif Fap d'origine Ford 1674614 - Enrique Requena","isPartOf":{"@id":"https:\/\/www.enriquerequena.com\/fr\/#website"},"primaryImageOfPage":{"@id":"https:\/\/www.enriquerequena.com\/fr\/tienda-online\/pieces-de-rechange-remplacements-echappement\/reservoirs-fap\/reservoir-additif-fap-d-origine-ford-1674614\/#primaryimage"},"image":{"@id":"https:\/\/www.enriquerequena.com\/fr\/tienda-online\/pieces-de-rechange-remplacements-echappement\/reservoirs-fap\/reservoir-additif-fap-d-origine-ford-1674614\/#primaryimage"},"thumbnailUrl":"https:\/\/www.enriquerequena.com\/wp-content\/uploads\/2023\/01\/deposito-fap-ford-1674614.png","datePublished":"2023-01-18T14:42:24+00:00","dateModified":"2025-09-29T16:17:58+00:00","description":"Reservoir Additif Fap d'origine Ford avec r\u00e9f\u00e9rence 1674614 est une pi\u00e8ce de Ford neuve et original avec une garantie d\u2019un an.","breadcrumb":{"@id":"https:\/\/www.enriquerequena.com\/fr\/tienda-online\/pieces-de-rechange-remplacements-echappement\/reservoirs-fap\/reservoir-additif-fap-d-origine-ford-1674614\/#breadcrumb"},"inLanguage":"fr-FR","potentialAction":[{"@type":"ReadAction","target":["https:\/\/www.enriquerequena.com\/fr\/tienda-online\/pieces-de-rechange-remplacements-echappement\/reservoirs-fap\/reservoir-additif-fap-d-origine-ford-1674614\/"]}]},{"@type":"ImageObject","inLanguage":"fr-FR","@id":"https:\/\/www.enriquerequena.com\/fr\/tienda-online\/pieces-de-rechange-remplacements-echappement\/reservoirs-fap\/reservoir-additif-fap-d-origine-ford-1674614\/#primaryimage","url":"https:\/\/www.enriquerequena.com\/wp-content\/uploads\/2023\/01\/deposito-fap-ford-1674614.png","contentUrl":"https:\/\/www.enriquerequena.com\/wp-content\/uploads\/2023\/01\/deposito-fap-ford-1674614.png","width":800,"height":800,"caption":"Reservoir Additif Fap d'origine Ford 1674614"},{"@type":"WebSite","@id":"https:\/\/www.enriquerequena.com\/fr\/#website","url":"https:\/\/www.enriquerequena.com\/fr\/","name":"ENRIQUE REQUENA","description":"Sp\u00e9cialistes des transmissions cardan avec des exp\u00e9ditions dans le monde entier et des pi\u00e8ces d\u00e9tach\u00e9es pour voitures, camions et accessoires \u00e0 Valence, en Espagne. Avec vous depuis 1950!","publisher":{"@id":"https:\/\/www.enriquerequena.com\/fr\/#organization"},"potentialAction":[{"@type":"SearchAction","target":{"@type":"EntryPoint","urlTemplate":"https:\/\/www.enriquerequena.com\/fr\/?s={search_term_string}"},"query-input":{"@type":"PropertyValueSpecification","valueRequired":true,"valueName":"search_term_string"}}],"inLanguage":"fr-FR"},{"@type":"Organization","@id":"https:\/\/www.enriquerequena.com\/fr\/#organization","name":"Enrique Requena S.L.","url":"https:\/\/www.enriquerequena.com\/fr\/","logo":{"@type":"ImageObject","inLanguage":"fr-FR","@id":"https:\/\/www.enriquerequena.com\/fr\/#\/schema\/logo\/image\/","url":"https:\/\/www.enriquerequena.com\/wp-content\/uploads\/2019\/11\/enrique-requena-recambios-logotipo.jpg","contentUrl":"https:\/\/www.enriquerequena.com\/wp-content\/uploads\/2019\/11\/enrique-requena-recambios-logotipo.jpg","width":381,"height":75,"caption":"Enrique Requena S.L."},"image":{"@id":"https:\/\/www.enriquerequena.com\/fr\/#\/schema\/logo\/image\/"}}]}},"_links":{"self":[{"href":"https:\/\/www.enriquerequena.com\/fr\/wp-json\/wp\/v2\/product\/26420","targetHints":{"allow":["GET"]}}],"collection":[{"href":"https:\/\/www.enriquerequena.com\/fr\/wp-json\/wp\/v2\/product"}],"about":[{"href":"https:\/\/www.enriquerequena.com\/fr\/wp-json\/wp\/v2\/types\/product"}],"wp:featuredmedia":[{"embeddable":true,"href":"https:\/\/www.enriquerequena.com\/fr\/wp-json\/wp\/v2\/media\/26423"}],"wp:attachment":[{"href":"https:\/\/www.enriquerequena.com\/fr\/wp-json\/wp\/v2\/media?parent=26420"}],"wp:term":[{"taxonomy":"product_brand","embeddable":true,"href":"https:\/\/www.enriquerequena.com\/fr\/wp-json\/wp\/v2\/product_brand?post=26420"},{"taxonomy":"product_cat","embeddable":true,"href":"https:\/\/www.enriquerequena.com\/fr\/wp-json\/wp\/v2\/product_cat?post=26420"},{"taxonomy":"product_tag","embeddable":true,"href":"https:\/\/www.enriquerequena.com\/fr\/wp-json\/wp\/v2\/product_tag?post=26420"}],"curies":[{"name":"wp","href":"https:\/\/api.w.org\/{rel}","templated":true}]}}