{"id":26528,"date":"2023-01-27T19:30:07","date_gmt":"2023-01-27T18:30:07","guid":{"rendered":"https:\/\/www.enriquerequena.com\/?post_type=product&#038;p=26528"},"modified":"2024-02-22T13:12:15","modified_gmt":"2024-02-22T12:12:15","slug":"moyeu-de-roue-nissan-cabstar-40204lc12a-40202lc12a","status":"publish","type":"product","link":"https:\/\/www.enriquerequena.com\/fr\/tienda-online\/pieces-rechange-camions\/direction\/moyeu-de-roue-nissan-cabstar-40204lc12a-40202lc12a\/","title":{"rendered":"Moyeu de Roue Nissan Cabstar  40204LC12A  40202LC12A"},"content":{"rendered":"<p><strong>Moyeu de roue pour Nissan Cabstar <\/strong>avec r\u00e9f\u00e9rences 40204LC12A, 40202LC12A est une pi\u00e8ce de Nissan <strong>neuve avec une garantie d\u2019un an<\/strong>.\u00a0C\u2019est le choix le plus \u00e9conomique.<\/p>\n<p>Nous vendons des pi\u00e8ces d\u00e9tach\u00e9es ou pi\u00e8ces de rechange \u00e0 Valence depuis 1950 et nous vendons aussi en ligne dans le monde entier.<\/p>\n<p>N\u00b4h\u00e9sitez pas \u00e0 nous consulter pour d\u00b4autres mod\u00e8les de tout type de v\u00e9hicule. Nous avons une exp\u00e9rience de 70 ans. Nos pi\u00e9ces de rechange sont similaires \u00e0 ceux des OEM avec les meilleurs prix du march\u00e9.<\/p>\n<p>Caract\u00e9ristiques techniques Moyeu de roue pour Nissan Cabstar 40204LC12A:<\/p>\n<ul>\n<li>Pi\u00e8ce de rechange: Moyeu de roue<\/li>\n<li>Mod\u00e8le: <strong>Nissan Cabstar<\/strong><\/li>\n<li>Etat: pi\u00e8ce neuve<\/li>\n<li>Garantie d\u2019un an<\/li>\n<li><strong>R\u00e9f\u00e9rences:<\/strong>\n<ul>\n<li>40204LC12A<\/li>\n<li>40202LC12A<\/li>\n<\/ul>\n<\/li>\n<\/ul>\n","protected":false},"excerpt":{"rendered":"<p><strong>Moyeu de roue pour Nissan Cabstar <\/strong>avec r\u00e9f\u00e9rences <strong>40204LC12A, 40202LC12A<\/strong>. Est une pi\u00e8ce de Nissan neuve avec une garantie d\u2019un an.<\/p>\n","protected":false},"featured_media":26531,"template":"","meta":[],"product_brand":[],"product_cat":[213,9827,138],"product_tag":[],"class_list":{"0":"post-26528","1":"product","2":"type-product","3":"status-publish","4":"has-post-thumbnail","6":"product_cat-direction","7":"product_cat-pieces-detachees-de-remplacement-direction-essieux","8":"product_cat-pieces-rechange-camions","9":"pa_manufacturer-nissan","10":"pa_tipo-camions-poids-lourds","12":"first","13":"instock","14":"taxable","15":"shipping-taxable","16":"purchasable","17":"product-type-simple"},"yoast_head":"<!-- This site is optimized with the Yoast SEO plugin v27.5 - https:\/\/yoast.com\/product\/yoast-seo-wordpress\/ -->\n<title>Moyeu Roue Nissan Cabstar 40204LC12A - Enrique Requena<\/title>\n<meta name=\"description\" content=\"Moyeu de roue pour Nissan Cabstar avec r\u00e9f\u00e9rences 40204LC12A, 40202LC12A. Est une pi\u00e8ce de Nissan neuve.\" \/>\n<meta name=\"robots\" content=\"index, follow, max-snippet:-1, max-image-preview:large, max-video-preview:-1\" \/>\n<link rel=\"canonical\" href=\"https:\/\/www.enriquerequena.com\/fr\/tienda-online\/pieces-rechange-camions\/direction\/moyeu-de-roue-nissan-cabstar-40204lc12a-40202lc12a\/\" \/>\n<meta property=\"og:locale\" content=\"fr_FR\" \/>\n<meta property=\"og:type\" content=\"article\" \/>\n<meta property=\"og:title\" content=\"Moyeu Roue Nissan Cabstar 40204LC12A - Enrique Requena\" \/>\n<meta property=\"og:description\" content=\"Moyeu de roue pour Nissan Cabstar avec r\u00e9f\u00e9rences 40204LC12A, 40202LC12A. Est une pi\u00e8ce de Nissan neuve.\" \/>\n<meta property=\"og:url\" content=\"https:\/\/www.enriquerequena.com\/fr\/tienda-online\/pieces-rechange-camions\/direction\/moyeu-de-roue-nissan-cabstar-40204lc12a-40202lc12a\/\" \/>\n<meta property=\"og:site_name\" content=\"ENRIQUE REQUENA\" \/>\n<meta property=\"article:modified_time\" content=\"2024-02-22T12:12:15+00:00\" \/>\n<meta property=\"og:image\" content=\"https:\/\/www.enriquerequena.com\/wp-content\/uploads\/2023\/01\/buje-rueda-nissan-cabstar-40204LC12A-40202LC12A-40202MB400-40202MA50A.png\" \/>\n\t<meta property=\"og:image:width\" content=\"800\" \/>\n\t<meta property=\"og:image:height\" content=\"800\" \/>\n\t<meta property=\"og:image:type\" content=\"image\/png\" \/>\n<meta name=\"twitter:card\" content=\"summary_large_image\" \/>\n<meta name=\"twitter:label1\" content=\"Dur\u00e9e de lecture estim\u00e9e\" \/>\n\t<meta name=\"twitter:data1\" content=\"1 minute\" \/>\n<script type=\"application\/ld+json\" class=\"yoast-schema-graph\">{\"@context\":\"https:\\\/\\\/schema.org\",\"@graph\":[{\"@type\":\"WebPage\",\"@id\":\"https:\\\/\\\/www.enriquerequena.com\\\/fr\\\/tienda-online\\\/pieces-rechange-camions\\\/direction\\\/moyeu-de-roue-nissan-cabstar-40204lc12a-40202lc12a\\\/\",\"url\":\"https:\\\/\\\/www.enriquerequena.com\\\/fr\\\/tienda-online\\\/pieces-rechange-camions\\\/direction\\\/moyeu-de-roue-nissan-cabstar-40204lc12a-40202lc12a\\\/\",\"name\":\"Moyeu Roue Nissan Cabstar 40204LC12A - Enrique Requena\",\"isPartOf\":{\"@id\":\"https:\\\/\\\/www.enriquerequena.com\\\/fr\\\/#website\"},\"primaryImageOfPage\":{\"@id\":\"https:\\\/\\\/www.enriquerequena.com\\\/fr\\\/tienda-online\\\/pieces-rechange-camions\\\/direction\\\/moyeu-de-roue-nissan-cabstar-40204lc12a-40202lc12a\\\/#primaryimage\"},\"image\":{\"@id\":\"https:\\\/\\\/www.enriquerequena.com\\\/fr\\\/tienda-online\\\/pieces-rechange-camions\\\/direction\\\/moyeu-de-roue-nissan-cabstar-40204lc12a-40202lc12a\\\/#primaryimage\"},\"thumbnailUrl\":\"https:\\\/\\\/www.enriquerequena.com\\\/wp-content\\\/uploads\\\/2023\\\/01\\\/buje-rueda-nissan-cabstar-40204LC12A-40202LC12A-40202MB400-40202MA50A.png\",\"datePublished\":\"2023-01-27T18:30:07+00:00\",\"dateModified\":\"2024-02-22T12:12:15+00:00\",\"description\":\"Moyeu de roue pour Nissan Cabstar avec r\u00e9f\u00e9rences 40204LC12A, 40202LC12A. Est une pi\u00e8ce de Nissan neuve.\",\"breadcrumb\":{\"@id\":\"https:\\\/\\\/www.enriquerequena.com\\\/fr\\\/tienda-online\\\/pieces-rechange-camions\\\/direction\\\/moyeu-de-roue-nissan-cabstar-40204lc12a-40202lc12a\\\/#breadcrumb\"},\"inLanguage\":\"fr-FR\",\"potentialAction\":[{\"@type\":\"ReadAction\",\"target\":[\"https:\\\/\\\/www.enriquerequena.com\\\/fr\\\/tienda-online\\\/pieces-rechange-camions\\\/direction\\\/moyeu-de-roue-nissan-cabstar-40204lc12a-40202lc12a\\\/\"]}]},{\"@type\":\"ImageObject\",\"inLanguage\":\"fr-FR\",\"@id\":\"https:\\\/\\\/www.enriquerequena.com\\\/fr\\\/tienda-online\\\/pieces-rechange-camions\\\/direction\\\/moyeu-de-roue-nissan-cabstar-40204lc12a-40202lc12a\\\/#primaryimage\",\"url\":\"https:\\\/\\\/www.enriquerequena.com\\\/wp-content\\\/uploads\\\/2023\\\/01\\\/buje-rueda-nissan-cabstar-40204LC12A-40202LC12A-40202MB400-40202MA50A.png\",\"contentUrl\":\"https:\\\/\\\/www.enriquerequena.com\\\/wp-content\\\/uploads\\\/2023\\\/01\\\/buje-rueda-nissan-cabstar-40204LC12A-40202LC12A-40202MB400-40202MA50A.png\",\"width\":800,\"height\":800,\"caption\":\"Moyeu de roue pour Nissan Cabstar avec r\u00e9f\u00e9rences 40204LC12A, 40202LC12A, 40202MB400 et 40202MA50A\"},{\"@type\":\"WebSite\",\"@id\":\"https:\\\/\\\/www.enriquerequena.com\\\/fr\\\/#website\",\"url\":\"https:\\\/\\\/www.enriquerequena.com\\\/fr\\\/\",\"name\":\"ENRIQUE REQUENA\",\"description\":\"Sp\u00e9cialistes des transmissions cardan avec des exp\u00e9ditions dans le monde entier et des pi\u00e8ces d\u00e9tach\u00e9es pour voitures, camions et accessoires \u00e0 Valence, en Espagne. Avec vous depuis 1950!\",\"publisher\":{\"@id\":\"https:\\\/\\\/www.enriquerequena.com\\\/fr\\\/#organization\"},\"potentialAction\":[{\"@type\":\"SearchAction\",\"target\":{\"@type\":\"EntryPoint\",\"urlTemplate\":\"https:\\\/\\\/www.enriquerequena.com\\\/fr\\\/?s={search_term_string}\"},\"query-input\":{\"@type\":\"PropertyValueSpecification\",\"valueRequired\":true,\"valueName\":\"search_term_string\"}}],\"inLanguage\":\"fr-FR\"},{\"@type\":\"Organization\",\"@id\":\"https:\\\/\\\/www.enriquerequena.com\\\/fr\\\/#organization\",\"name\":\"Enrique Requena S.L.\",\"url\":\"https:\\\/\\\/www.enriquerequena.com\\\/fr\\\/\",\"logo\":{\"@type\":\"ImageObject\",\"inLanguage\":\"fr-FR\",\"@id\":\"https:\\\/\\\/www.enriquerequena.com\\\/fr\\\/#\\\/schema\\\/logo\\\/image\\\/\",\"url\":\"https:\\\/\\\/www.enriquerequena.com\\\/wp-content\\\/uploads\\\/2019\\\/11\\\/enrique-requena-recambios-logotipo.jpg\",\"contentUrl\":\"https:\\\/\\\/www.enriquerequena.com\\\/wp-content\\\/uploads\\\/2019\\\/11\\\/enrique-requena-recambios-logotipo.jpg\",\"width\":381,\"height\":75,\"caption\":\"Enrique Requena S.L.\"},\"image\":{\"@id\":\"https:\\\/\\\/www.enriquerequena.com\\\/fr\\\/#\\\/schema\\\/logo\\\/image\\\/\"}}]}<\/script>\n<!-- \/ Yoast SEO plugin. -->","yoast_head_json":{"title":"Moyeu Roue Nissan Cabstar 40204LC12A - Enrique Requena","description":"Moyeu de roue pour Nissan Cabstar avec r\u00e9f\u00e9rences 40204LC12A, 40202LC12A. Est une pi\u00e8ce de Nissan neuve.","robots":{"index":"index","follow":"follow","max-snippet":"max-snippet:-1","max-image-preview":"max-image-preview:large","max-video-preview":"max-video-preview:-1"},"canonical":"https:\/\/www.enriquerequena.com\/fr\/tienda-online\/pieces-rechange-camions\/direction\/moyeu-de-roue-nissan-cabstar-40204lc12a-40202lc12a\/","og_locale":"fr_FR","og_type":"article","og_title":"Moyeu Roue Nissan Cabstar 40204LC12A - Enrique Requena","og_description":"Moyeu de roue pour Nissan Cabstar avec r\u00e9f\u00e9rences 40204LC12A, 40202LC12A. Est une pi\u00e8ce de Nissan neuve.","og_url":"https:\/\/www.enriquerequena.com\/fr\/tienda-online\/pieces-rechange-camions\/direction\/moyeu-de-roue-nissan-cabstar-40204lc12a-40202lc12a\/","og_site_name":"ENRIQUE REQUENA","article_modified_time":"2024-02-22T12:12:15+00:00","og_image":[{"width":800,"height":800,"url":"https:\/\/www.enriquerequena.com\/wp-content\/uploads\/2023\/01\/buje-rueda-nissan-cabstar-40204LC12A-40202LC12A-40202MB400-40202MA50A.png","type":"image\/png"}],"twitter_card":"summary_large_image","twitter_misc":{"Dur\u00e9e de lecture estim\u00e9e":"1 minute"},"schema":{"@context":"https:\/\/schema.org","@graph":[{"@type":"WebPage","@id":"https:\/\/www.enriquerequena.com\/fr\/tienda-online\/pieces-rechange-camions\/direction\/moyeu-de-roue-nissan-cabstar-40204lc12a-40202lc12a\/","url":"https:\/\/www.enriquerequena.com\/fr\/tienda-online\/pieces-rechange-camions\/direction\/moyeu-de-roue-nissan-cabstar-40204lc12a-40202lc12a\/","name":"Moyeu Roue Nissan Cabstar 40204LC12A - Enrique Requena","isPartOf":{"@id":"https:\/\/www.enriquerequena.com\/fr\/#website"},"primaryImageOfPage":{"@id":"https:\/\/www.enriquerequena.com\/fr\/tienda-online\/pieces-rechange-camions\/direction\/moyeu-de-roue-nissan-cabstar-40204lc12a-40202lc12a\/#primaryimage"},"image":{"@id":"https:\/\/www.enriquerequena.com\/fr\/tienda-online\/pieces-rechange-camions\/direction\/moyeu-de-roue-nissan-cabstar-40204lc12a-40202lc12a\/#primaryimage"},"thumbnailUrl":"https:\/\/www.enriquerequena.com\/wp-content\/uploads\/2023\/01\/buje-rueda-nissan-cabstar-40204LC12A-40202LC12A-40202MB400-40202MA50A.png","datePublished":"2023-01-27T18:30:07+00:00","dateModified":"2024-02-22T12:12:15+00:00","description":"Moyeu de roue pour Nissan Cabstar avec r\u00e9f\u00e9rences 40204LC12A, 40202LC12A. Est une pi\u00e8ce de Nissan neuve.","breadcrumb":{"@id":"https:\/\/www.enriquerequena.com\/fr\/tienda-online\/pieces-rechange-camions\/direction\/moyeu-de-roue-nissan-cabstar-40204lc12a-40202lc12a\/#breadcrumb"},"inLanguage":"fr-FR","potentialAction":[{"@type":"ReadAction","target":["https:\/\/www.enriquerequena.com\/fr\/tienda-online\/pieces-rechange-camions\/direction\/moyeu-de-roue-nissan-cabstar-40204lc12a-40202lc12a\/"]}]},{"@type":"ImageObject","inLanguage":"fr-FR","@id":"https:\/\/www.enriquerequena.com\/fr\/tienda-online\/pieces-rechange-camions\/direction\/moyeu-de-roue-nissan-cabstar-40204lc12a-40202lc12a\/#primaryimage","url":"https:\/\/www.enriquerequena.com\/wp-content\/uploads\/2023\/01\/buje-rueda-nissan-cabstar-40204LC12A-40202LC12A-40202MB400-40202MA50A.png","contentUrl":"https:\/\/www.enriquerequena.com\/wp-content\/uploads\/2023\/01\/buje-rueda-nissan-cabstar-40204LC12A-40202LC12A-40202MB400-40202MA50A.png","width":800,"height":800,"caption":"Moyeu de roue pour Nissan Cabstar avec r\u00e9f\u00e9rences 40204LC12A, 40202LC12A, 40202MB400 et 40202MA50A"},{"@type":"WebSite","@id":"https:\/\/www.enriquerequena.com\/fr\/#website","url":"https:\/\/www.enriquerequena.com\/fr\/","name":"ENRIQUE REQUENA","description":"Sp\u00e9cialistes des transmissions cardan avec des exp\u00e9ditions dans le monde entier et des pi\u00e8ces d\u00e9tach\u00e9es pour voitures, camions et accessoires \u00e0 Valence, en Espagne. Avec vous depuis 1950!","publisher":{"@id":"https:\/\/www.enriquerequena.com\/fr\/#organization"},"potentialAction":[{"@type":"SearchAction","target":{"@type":"EntryPoint","urlTemplate":"https:\/\/www.enriquerequena.com\/fr\/?s={search_term_string}"},"query-input":{"@type":"PropertyValueSpecification","valueRequired":true,"valueName":"search_term_string"}}],"inLanguage":"fr-FR"},{"@type":"Organization","@id":"https:\/\/www.enriquerequena.com\/fr\/#organization","name":"Enrique Requena S.L.","url":"https:\/\/www.enriquerequena.com\/fr\/","logo":{"@type":"ImageObject","inLanguage":"fr-FR","@id":"https:\/\/www.enriquerequena.com\/fr\/#\/schema\/logo\/image\/","url":"https:\/\/www.enriquerequena.com\/wp-content\/uploads\/2019\/11\/enrique-requena-recambios-logotipo.jpg","contentUrl":"https:\/\/www.enriquerequena.com\/wp-content\/uploads\/2019\/11\/enrique-requena-recambios-logotipo.jpg","width":381,"height":75,"caption":"Enrique Requena S.L."},"image":{"@id":"https:\/\/www.enriquerequena.com\/fr\/#\/schema\/logo\/image\/"}}]}},"_links":{"self":[{"href":"https:\/\/www.enriquerequena.com\/fr\/wp-json\/wp\/v2\/product\/26528","targetHints":{"allow":["GET"]}}],"collection":[{"href":"https:\/\/www.enriquerequena.com\/fr\/wp-json\/wp\/v2\/product"}],"about":[{"href":"https:\/\/www.enriquerequena.com\/fr\/wp-json\/wp\/v2\/types\/product"}],"wp:featuredmedia":[{"embeddable":true,"href":"https:\/\/www.enriquerequena.com\/fr\/wp-json\/wp\/v2\/media\/26531"}],"wp:attachment":[{"href":"https:\/\/www.enriquerequena.com\/fr\/wp-json\/wp\/v2\/media?parent=26528"}],"wp:term":[{"taxonomy":"product_brand","embeddable":true,"href":"https:\/\/www.enriquerequena.com\/fr\/wp-json\/wp\/v2\/product_brand?post=26528"},{"taxonomy":"product_cat","embeddable":true,"href":"https:\/\/www.enriquerequena.com\/fr\/wp-json\/wp\/v2\/product_cat?post=26528"},{"taxonomy":"product_tag","embeddable":true,"href":"https:\/\/www.enriquerequena.com\/fr\/wp-json\/wp\/v2\/product_tag?post=26528"}],"curies":[{"name":"wp","href":"https:\/\/api.w.org\/{rel}","templated":true}]}}