{"id":26913,"date":"2023-03-01T08:36:30","date_gmt":"2023-03-01T07:36:30","guid":{"rendered":"https:\/\/www.enriquerequena.com\/?post_type=product&#038;p=26913"},"modified":"2023-03-02T12:00:11","modified_gmt":"2023-03-02T11:00:11","slug":"arbre-de-transmission-mercedes-sprinter-9064100501-9064100201-9064101601-9064102301","status":"publish","type":"product","link":"https:\/\/www.enriquerequena.com\/fr\/tienda-online\/arbre-transmission-cardan\/arbre-transmission-cardan-fourgons\/arbre-de-transmission-mercedes-sprinter-9064100501-9064100201-9064101601-9064102301\/","title":{"rendered":"Arbre de transmission Mercedes Sprinter &#8211; 9064100501 \/ 9064100201 \/ 9064101601 \/ 9064102301"},"content":{"rendered":"<p><strong>Arbre de transmission pour Mercedes Sprinter <\/strong>avec r\u00e9f\u00e9rences 9064100501, 9064100201, 9064101601 et 9064102301 est une transmission de Mercedes <strong>neuve et original<\/strong>\u00a0avec une garantie d\u2019un an. C\u2019est le choix le plus \u00e9conomique.<\/p>\n<p>N\u00b4h\u00e9sitez pas \u00e0 nous consulter pour d\u00b4autres mod\u00e8les de transmission \u00e0 cardan de tout type de v\u00e9hicule. Nous avons une exp\u00e9rience de 70 ans dans le commerce de transmissions \u00e0 cardan et connaissons tr\u00e8s bien le sujet.<\/p>\n<p>Nous vendons des pi\u00e8ces d\u00e9tach\u00e9es ou pi\u00e8ces de rechange \u00e0 Valence depuis 1950 et nous vendons aussi en ligne dans le monde entier.<\/p>\n<p>Nos arbres de transmission \u00e0 cardan sont similaires \u00e0 ceux des OEM avec les meilleurs prix du march\u00e9.<\/p>\n<p>Caract\u00e9ristiques techniques Arbre de transmission pour Mercedes Sprinter 9064100501:<\/p>\n<ul>\n<li>Pi\u00e8ce de rechange:<strong> arbre de transmission<\/strong><\/li>\n<li>Mod\u00e8le: <strong>Mercedes Sprinter<\/strong>\n<ul>\n<li>SPRINTER 3,5-t Bus (B906) 311 CDI (906.731, 906.733, 906.735)<\/li>\n<li>SPRINTER 3,5-t Bus (B906) 315 CDI (906.731, 906.733, 906.735)<\/li>\n<li>SPRINTER 3,5-t Chassis (B906) 309 CDI (906.131, 906.133, 906.135, 906.231, 906.233,&#8230;<\/li>\n<li>SPRINTER 3,5-t Chassis (B906) 313 CDI (906.131, 906.133, 906.135, 906.231, 906.233,&#8230;<\/li>\n<li>SPRINTER 3,5-t Chassis (B906) 315 CDI (906.131, 906.133, 906.135, 906.231, 906.233,&#8230;<\/li>\n<li>SPRINTER 3,5-t Chassis (B906) 316 (906.133, 906.135, 906.233, 906.235)<\/li>\n<li>SPRINTER 3,5-t Chassis (B906) 316 LGT (906.133, 906.135, 906.233, 906.235)<\/li>\n<li>SPRINTER 3,5-t Fourgon (B906) 309 CDI (906.631, 906.633, 906.635, 906.637)<\/li>\n<li>SPRINTER 3,5-t Fourgon (B906) 311 CDI (906.631, 906.633, 906.635, 906.637)<\/li>\n<li>SPRINTER 3,5-t Fourgon (B906) 313 CDI (906.631, 906.633, 906.635, 906.637)<\/li>\n<li>SPRINTER 3,5-t Fourgon (B906) 315 CDI (906.631, 906.633, 906.635, 906.637)<\/li>\n<li>SPRINTER 3,5-t Fourgon (B906) 316 (906.635, 906.633)<\/li>\n<li>SPRINTER 3-t Chassis (B906) 209 CDI (906.111, 906.113, 906.211, 906.213)<\/li>\n<li>SPRINTER 3-t Chassis (B906) 211 CDI (906.111, 906.113, 906.211, 906.213)<\/li>\n<li>SPRINTER 3-t Chassis (B906) 213 CDI (906.111, 906.113, 906.211, 906.213)<\/li>\n<li>SPRINTER 3-t Chassis (B906) 215 CDI (906.111, 906.113, 906.211, 906.213)<\/li>\n<li>SPRINTER 3-t Chassis (B906) 216 (906.113, 906.213)<\/li>\n<li>SPRINTER 4,6-t Chassis (B906) 411 CDI (906.153, 906.155, 906.253, 906.255)<\/li>\n<li>SPRINTER 4,6-t Chassis (B906) 415 CDI (906.153, 906.155, 906.253, 906.255)<\/li>\n<li>SPRINTER 4,6-t Fourgon (B906) 411 CDI (906.653, 906.655, 906.657)<\/li>\n<li>SPRINTER 4,6-t Fourgon (B906) 415 CDI (906.653, 906.655, 906.657)<\/li>\n<li>SPRINTER 5-t Chassis (B906) 509 CDI (906.153, 906.155, 906.253, 906.255)<\/li>\n<li>SPRINTER 5-t Chassis (B906) 511 CDI (906.153, 906.155, 906.253, 906.255)<\/li>\n<li>SPRINTER 5-t Chassis (B906) 513 CDI (906.155, 906.253, 906.255)<\/li>\n<li>SPRINTER 5-t Chassis (B906) 515 CDI (906.153, 906.155, 906.253, 906.255)<\/li>\n<li>SPRINTER 5-t Chassis (B906) 516 (906.153, 906.155, 906.253, 906.255)<\/li>\n<li>SPRINTER 5-t Fourgon (B906) 509 CDI (906.653, 906.655, 906.657)<\/li>\n<li>SPRINTER 5-t Fourgon (B906) 511 CDI (906.653, 906.655, 906.657)<\/li>\n<li>SPRINTER 5-t Fourgon (B906) 513 CDI (906.653, 906.655, 906.657)<\/li>\n<li>SPRINTER 5-t Fourgon (B906) 515 CDI (906.653, 906.655, 906.657)<\/li>\n<\/ul>\n<\/li>\n<li>\u00c9tat: pi\u00e8ce <strong>neuve et original<\/strong><\/li>\n<li>Garantie d\u2019un an<\/li>\n<li>Longueur: 885 mm<\/li>\n<li><strong>R\u00e9f\u00e9rences:<\/strong>\n<ul>\n<li>9064100501<\/li>\n<li>9064100201<\/li>\n<li>9064101601<\/li>\n<li>9064102301<\/li>\n<\/ul>\n<\/li>\n<\/ul>\n","protected":false},"excerpt":{"rendered":"<p><strong>Arbre de transmission pour Mercedes Sprinter <\/strong>avec r\u00e9f\u00e9rences <strong>9064100501, 9064100201, 9064101601 et 9064102301<\/strong>. Est une transmission de Mercedes neuve et <strong>original<\/strong> avec une garantie d\u2019un an.<\/p>\n","protected":false},"featured_media":26916,"template":"","meta":[],"product_brand":[],"product_cat":[144,159],"product_tag":[],"class_list":{"0":"post-26913","1":"product","2":"type-product","3":"status-publish","4":"has-post-thumbnail","6":"product_cat-arbre-transmission-cardan","7":"product_cat-arbre-transmission-cardan-fourgons","8":"pa_manufacturer-mercedes-benz","9":"pa_tipo-fourgons-et-vehicules-legers","11":"first","12":"instock","13":"taxable","14":"shipping-taxable","15":"purchasable","16":"product-type-simple"},"yoast_head":"<!-- This site is optimized with the Yoast SEO plugin v27.1.1 - https:\/\/yoast.com\/product\/yoast-seo-wordpress\/ -->\n<title>Arbre de Transmission Mercedes Sprinter 9064100501<\/title>\n<meta name=\"description\" content=\"Arbre de transmission pour Mercedes Sprinter avec r\u00e9f\u00e9rences 9064100501, 9064100201, 9064101601 et 9064102301. Est une transmission original.\" \/>\n<meta name=\"robots\" content=\"index, follow, max-snippet:-1, max-image-preview:large, max-video-preview:-1\" \/>\n<link rel=\"canonical\" href=\"https:\/\/www.enriquerequena.com\/fr\/tienda-online\/arbre-transmission-cardan\/arbre-transmission-cardan-fourgons\/arbre-de-transmission-mercedes-sprinter-9064100501-9064100201-9064101601-9064102301\/\" \/>\n<meta property=\"og:locale\" content=\"fr_FR\" \/>\n<meta property=\"og:type\" content=\"article\" \/>\n<meta property=\"og:title\" content=\"Arbre de Transmission Mercedes Sprinter 9064100501\" \/>\n<meta property=\"og:description\" content=\"Arbre de transmission pour Mercedes Sprinter avec r\u00e9f\u00e9rences 9064100501, 9064100201, 9064101601 et 9064102301. Est une transmission original.\" \/>\n<meta property=\"og:url\" content=\"https:\/\/www.enriquerequena.com\/fr\/tienda-online\/arbre-transmission-cardan\/arbre-transmission-cardan-fourgons\/arbre-de-transmission-mercedes-sprinter-9064100501-9064100201-9064101601-9064102301\/\" \/>\n<meta property=\"og:site_name\" content=\"ENRIQUE REQUENA\" \/>\n<meta property=\"article:modified_time\" content=\"2023-03-02T11:00:11+00:00\" \/>\n<meta property=\"og:image\" content=\"https:\/\/www.enriquerequena.com\/wp-content\/uploads\/2023\/02\/transmision-cardan-mercedes-sprinter-9064100501-9064100201-9064101601-9064102301.png\" \/>\n\t<meta property=\"og:image:width\" content=\"800\" \/>\n\t<meta property=\"og:image:height\" content=\"800\" \/>\n\t<meta property=\"og:image:type\" content=\"image\/png\" \/>\n<meta name=\"twitter:card\" content=\"summary_large_image\" \/>\n<meta name=\"twitter:label1\" content=\"Dur\u00e9e de lecture estim\u00e9e\" \/>\n\t<meta name=\"twitter:data1\" content=\"2 minutes\" \/>\n<script type=\"application\/ld+json\" class=\"yoast-schema-graph\">{\"@context\":\"https:\/\/schema.org\",\"@graph\":[{\"@type\":\"WebPage\",\"@id\":\"https:\/\/www.enriquerequena.com\/fr\/tienda-online\/arbre-transmission-cardan\/arbre-transmission-cardan-fourgons\/arbre-de-transmission-mercedes-sprinter-9064100501-9064100201-9064101601-9064102301\/\",\"url\":\"https:\/\/www.enriquerequena.com\/fr\/tienda-online\/arbre-transmission-cardan\/arbre-transmission-cardan-fourgons\/arbre-de-transmission-mercedes-sprinter-9064100501-9064100201-9064101601-9064102301\/\",\"name\":\"Arbre de Transmission Mercedes Sprinter 9064100501\",\"isPartOf\":{\"@id\":\"https:\/\/www.enriquerequena.com\/fr\/#website\"},\"primaryImageOfPage\":{\"@id\":\"https:\/\/www.enriquerequena.com\/fr\/tienda-online\/arbre-transmission-cardan\/arbre-transmission-cardan-fourgons\/arbre-de-transmission-mercedes-sprinter-9064100501-9064100201-9064101601-9064102301\/#primaryimage\"},\"image\":{\"@id\":\"https:\/\/www.enriquerequena.com\/fr\/tienda-online\/arbre-transmission-cardan\/arbre-transmission-cardan-fourgons\/arbre-de-transmission-mercedes-sprinter-9064100501-9064100201-9064101601-9064102301\/#primaryimage\"},\"thumbnailUrl\":\"https:\/\/www.enriquerequena.com\/wp-content\/uploads\/2023\/02\/transmision-cardan-mercedes-sprinter-9064100501-9064100201-9064101601-9064102301.png\",\"datePublished\":\"2023-03-01T07:36:30+00:00\",\"dateModified\":\"2023-03-02T11:00:11+00:00\",\"description\":\"Arbre de transmission pour Mercedes Sprinter avec r\u00e9f\u00e9rences 9064100501, 9064100201, 9064101601 et 9064102301. Est une transmission original.\",\"breadcrumb\":{\"@id\":\"https:\/\/www.enriquerequena.com\/fr\/tienda-online\/arbre-transmission-cardan\/arbre-transmission-cardan-fourgons\/arbre-de-transmission-mercedes-sprinter-9064100501-9064100201-9064101601-9064102301\/#breadcrumb\"},\"inLanguage\":\"fr-FR\",\"potentialAction\":[{\"@type\":\"ReadAction\",\"target\":[\"https:\/\/www.enriquerequena.com\/fr\/tienda-online\/arbre-transmission-cardan\/arbre-transmission-cardan-fourgons\/arbre-de-transmission-mercedes-sprinter-9064100501-9064100201-9064101601-9064102301\/\"]}]},{\"@type\":\"ImageObject\",\"inLanguage\":\"fr-FR\",\"@id\":\"https:\/\/www.enriquerequena.com\/fr\/tienda-online\/arbre-transmission-cardan\/arbre-transmission-cardan-fourgons\/arbre-de-transmission-mercedes-sprinter-9064100501-9064100201-9064101601-9064102301\/#primaryimage\",\"url\":\"https:\/\/www.enriquerequena.com\/wp-content\/uploads\/2023\/02\/transmision-cardan-mercedes-sprinter-9064100501-9064100201-9064101601-9064102301.png\",\"contentUrl\":\"https:\/\/www.enriquerequena.com\/wp-content\/uploads\/2023\/02\/transmision-cardan-mercedes-sprinter-9064100501-9064100201-9064101601-9064102301.png\",\"width\":800,\"height\":800,\"caption\":\"Arbre de transmission pour Mercedes Sprinter avec r\u00e9f\u00e9rences 9064100501, 9064100201, 9064101601 et 9064102301\"},{\"@type\":\"WebSite\",\"@id\":\"https:\/\/www.enriquerequena.com\/fr\/#website\",\"url\":\"https:\/\/www.enriquerequena.com\/fr\/\",\"name\":\"ENRIQUE REQUENA\",\"description\":\"Sp\u00e9cialistes des transmissions cardan avec des exp\u00e9ditions dans le monde entier et des pi\u00e8ces d\u00e9tach\u00e9es pour voitures, camions et accessoires \u00e0 Valence, en Espagne. Avec vous depuis 1950!\",\"publisher\":{\"@id\":\"https:\/\/www.enriquerequena.com\/fr\/#organization\"},\"potentialAction\":[{\"@type\":\"SearchAction\",\"target\":{\"@type\":\"EntryPoint\",\"urlTemplate\":\"https:\/\/www.enriquerequena.com\/fr\/?s={search_term_string}\"},\"query-input\":{\"@type\":\"PropertyValueSpecification\",\"valueRequired\":true,\"valueName\":\"search_term_string\"}}],\"inLanguage\":\"fr-FR\"},{\"@type\":\"Organization\",\"@id\":\"https:\/\/www.enriquerequena.com\/fr\/#organization\",\"name\":\"Enrique Requena S.L.\",\"url\":\"https:\/\/www.enriquerequena.com\/fr\/\",\"logo\":{\"@type\":\"ImageObject\",\"inLanguage\":\"fr-FR\",\"@id\":\"https:\/\/www.enriquerequena.com\/fr\/#\/schema\/logo\/image\/\",\"url\":\"https:\/\/www.enriquerequena.com\/wp-content\/uploads\/2019\/11\/enrique-requena-recambios-logotipo.jpg\",\"contentUrl\":\"https:\/\/www.enriquerequena.com\/wp-content\/uploads\/2019\/11\/enrique-requena-recambios-logotipo.jpg\",\"width\":381,\"height\":75,\"caption\":\"Enrique Requena S.L.\"},\"image\":{\"@id\":\"https:\/\/www.enriquerequena.com\/fr\/#\/schema\/logo\/image\/\"}}]}<\/script>\n<!-- \/ Yoast SEO plugin. -->","yoast_head_json":{"title":"Arbre de Transmission Mercedes Sprinter 9064100501","description":"Arbre de transmission pour Mercedes Sprinter avec r\u00e9f\u00e9rences 9064100501, 9064100201, 9064101601 et 9064102301. Est une transmission original.","robots":{"index":"index","follow":"follow","max-snippet":"max-snippet:-1","max-image-preview":"max-image-preview:large","max-video-preview":"max-video-preview:-1"},"canonical":"https:\/\/www.enriquerequena.com\/fr\/tienda-online\/arbre-transmission-cardan\/arbre-transmission-cardan-fourgons\/arbre-de-transmission-mercedes-sprinter-9064100501-9064100201-9064101601-9064102301\/","og_locale":"fr_FR","og_type":"article","og_title":"Arbre de Transmission Mercedes Sprinter 9064100501","og_description":"Arbre de transmission pour Mercedes Sprinter avec r\u00e9f\u00e9rences 9064100501, 9064100201, 9064101601 et 9064102301. Est une transmission original.","og_url":"https:\/\/www.enriquerequena.com\/fr\/tienda-online\/arbre-transmission-cardan\/arbre-transmission-cardan-fourgons\/arbre-de-transmission-mercedes-sprinter-9064100501-9064100201-9064101601-9064102301\/","og_site_name":"ENRIQUE REQUENA","article_modified_time":"2023-03-02T11:00:11+00:00","og_image":[{"width":800,"height":800,"url":"https:\/\/www.enriquerequena.com\/wp-content\/uploads\/2023\/02\/transmision-cardan-mercedes-sprinter-9064100501-9064100201-9064101601-9064102301.png","type":"image\/png"}],"twitter_card":"summary_large_image","twitter_misc":{"Dur\u00e9e de lecture estim\u00e9e":"2 minutes"},"schema":{"@context":"https:\/\/schema.org","@graph":[{"@type":"WebPage","@id":"https:\/\/www.enriquerequena.com\/fr\/tienda-online\/arbre-transmission-cardan\/arbre-transmission-cardan-fourgons\/arbre-de-transmission-mercedes-sprinter-9064100501-9064100201-9064101601-9064102301\/","url":"https:\/\/www.enriquerequena.com\/fr\/tienda-online\/arbre-transmission-cardan\/arbre-transmission-cardan-fourgons\/arbre-de-transmission-mercedes-sprinter-9064100501-9064100201-9064101601-9064102301\/","name":"Arbre de Transmission Mercedes Sprinter 9064100501","isPartOf":{"@id":"https:\/\/www.enriquerequena.com\/fr\/#website"},"primaryImageOfPage":{"@id":"https:\/\/www.enriquerequena.com\/fr\/tienda-online\/arbre-transmission-cardan\/arbre-transmission-cardan-fourgons\/arbre-de-transmission-mercedes-sprinter-9064100501-9064100201-9064101601-9064102301\/#primaryimage"},"image":{"@id":"https:\/\/www.enriquerequena.com\/fr\/tienda-online\/arbre-transmission-cardan\/arbre-transmission-cardan-fourgons\/arbre-de-transmission-mercedes-sprinter-9064100501-9064100201-9064101601-9064102301\/#primaryimage"},"thumbnailUrl":"https:\/\/www.enriquerequena.com\/wp-content\/uploads\/2023\/02\/transmision-cardan-mercedes-sprinter-9064100501-9064100201-9064101601-9064102301.png","datePublished":"2023-03-01T07:36:30+00:00","dateModified":"2023-03-02T11:00:11+00:00","description":"Arbre de transmission pour Mercedes Sprinter avec r\u00e9f\u00e9rences 9064100501, 9064100201, 9064101601 et 9064102301. Est une transmission original.","breadcrumb":{"@id":"https:\/\/www.enriquerequena.com\/fr\/tienda-online\/arbre-transmission-cardan\/arbre-transmission-cardan-fourgons\/arbre-de-transmission-mercedes-sprinter-9064100501-9064100201-9064101601-9064102301\/#breadcrumb"},"inLanguage":"fr-FR","potentialAction":[{"@type":"ReadAction","target":["https:\/\/www.enriquerequena.com\/fr\/tienda-online\/arbre-transmission-cardan\/arbre-transmission-cardan-fourgons\/arbre-de-transmission-mercedes-sprinter-9064100501-9064100201-9064101601-9064102301\/"]}]},{"@type":"ImageObject","inLanguage":"fr-FR","@id":"https:\/\/www.enriquerequena.com\/fr\/tienda-online\/arbre-transmission-cardan\/arbre-transmission-cardan-fourgons\/arbre-de-transmission-mercedes-sprinter-9064100501-9064100201-9064101601-9064102301\/#primaryimage","url":"https:\/\/www.enriquerequena.com\/wp-content\/uploads\/2023\/02\/transmision-cardan-mercedes-sprinter-9064100501-9064100201-9064101601-9064102301.png","contentUrl":"https:\/\/www.enriquerequena.com\/wp-content\/uploads\/2023\/02\/transmision-cardan-mercedes-sprinter-9064100501-9064100201-9064101601-9064102301.png","width":800,"height":800,"caption":"Arbre de transmission pour Mercedes Sprinter avec r\u00e9f\u00e9rences 9064100501, 9064100201, 9064101601 et 9064102301"},{"@type":"WebSite","@id":"https:\/\/www.enriquerequena.com\/fr\/#website","url":"https:\/\/www.enriquerequena.com\/fr\/","name":"ENRIQUE REQUENA","description":"Sp\u00e9cialistes des transmissions cardan avec des exp\u00e9ditions dans le monde entier et des pi\u00e8ces d\u00e9tach\u00e9es pour voitures, camions et accessoires \u00e0 Valence, en Espagne. Avec vous depuis 1950!","publisher":{"@id":"https:\/\/www.enriquerequena.com\/fr\/#organization"},"potentialAction":[{"@type":"SearchAction","target":{"@type":"EntryPoint","urlTemplate":"https:\/\/www.enriquerequena.com\/fr\/?s={search_term_string}"},"query-input":{"@type":"PropertyValueSpecification","valueRequired":true,"valueName":"search_term_string"}}],"inLanguage":"fr-FR"},{"@type":"Organization","@id":"https:\/\/www.enriquerequena.com\/fr\/#organization","name":"Enrique Requena S.L.","url":"https:\/\/www.enriquerequena.com\/fr\/","logo":{"@type":"ImageObject","inLanguage":"fr-FR","@id":"https:\/\/www.enriquerequena.com\/fr\/#\/schema\/logo\/image\/","url":"https:\/\/www.enriquerequena.com\/wp-content\/uploads\/2019\/11\/enrique-requena-recambios-logotipo.jpg","contentUrl":"https:\/\/www.enriquerequena.com\/wp-content\/uploads\/2019\/11\/enrique-requena-recambios-logotipo.jpg","width":381,"height":75,"caption":"Enrique Requena S.L."},"image":{"@id":"https:\/\/www.enriquerequena.com\/fr\/#\/schema\/logo\/image\/"}}]}},"_links":{"self":[{"href":"https:\/\/www.enriquerequena.com\/fr\/wp-json\/wp\/v2\/product\/26913","targetHints":{"allow":["GET"]}}],"collection":[{"href":"https:\/\/www.enriquerequena.com\/fr\/wp-json\/wp\/v2\/product"}],"about":[{"href":"https:\/\/www.enriquerequena.com\/fr\/wp-json\/wp\/v2\/types\/product"}],"wp:featuredmedia":[{"embeddable":true,"href":"https:\/\/www.enriquerequena.com\/fr\/wp-json\/wp\/v2\/media\/26916"}],"wp:attachment":[{"href":"https:\/\/www.enriquerequena.com\/fr\/wp-json\/wp\/v2\/media?parent=26913"}],"wp:term":[{"taxonomy":"product_brand","embeddable":true,"href":"https:\/\/www.enriquerequena.com\/fr\/wp-json\/wp\/v2\/product_brand?post=26913"},{"taxonomy":"product_cat","embeddable":true,"href":"https:\/\/www.enriquerequena.com\/fr\/wp-json\/wp\/v2\/product_cat?post=26913"},{"taxonomy":"product_tag","embeddable":true,"href":"https:\/\/www.enriquerequena.com\/fr\/wp-json\/wp\/v2\/product_tag?post=26913"}],"curies":[{"name":"wp","href":"https:\/\/api.w.org\/{rel}","templated":true}]}}