{"id":26969,"date":"2023-03-04T18:34:39","date_gmt":"2023-03-04T17:34:39","guid":{"rendered":"https:\/\/www.enriquerequena.com\/?post_type=product&#038;p=26969"},"modified":"2024-10-23T18:16:53","modified_gmt":"2024-10-23T16:16:53","slug":"cable-de-boite-de-vitesse-nissan-cabstar-nissan-atleon-344139x603-344139x60c","status":"publish","type":"product","link":"https:\/\/www.enriquerequena.com\/fr\/tienda-online\/pieces-detachees-pieces-de-rechange-boites-de-vitesses-boites-de-transfert\/cables-changement-vitesses\/cable-de-boite-de-vitesse-nissan-cabstar-nissan-atleon-344139x603-344139x60c\/","title":{"rendered":"C\u00e2ble de boite de Vitesse Nissan Cabstar Nissan Atleon &#8211; 344139X603 \/ 344139X60C"},"content":{"rendered":"<p><strong>C\u00e2ble de boite de Vitesse pour Nissan Atleon <\/strong>avec r\u00e9f\u00e9rences<strong> 344139X603, 344139X60C<\/strong> est une rechange de Nissan <strong>neuf avec une garantie d\u2019un an<\/strong>. C\u2019est le choix le plus \u00e9conomique.<\/p>\n<p>Nos C\u00e2bles de boite de Vitesse\u00a0sont similaires \u00e0 ceux des OEM avec les meilleurs prix du march\u00e9.<\/p>\n<p>Nous vendons des pi\u00e8ces d\u00e9tach\u00e9es ou pi\u00e8ces de rechange \u00e0 Valence depuis 1950 et nous vendons aussi en ligne dans le monde entier.<\/p>\n<p>N\u00b4h\u00e9sitez pas \u00e0 nous consulter pour d\u00b4autres mod\u00e8les de transmission \u00e0 cardan de tout type de v\u00e9hicule. Nous avons une exp\u00e9rience de 70 ans dans le commerce de transmissions \u00e0 cardan.<\/p>\n<p>Caract\u00e9ristiques techniques &#8211; C\u00e2ble de boite de Vitesse pour Nissan Atleon 344139X603 et 344139X60C:<\/p>\n<ul>\n<li>Pi\u00e8ce de rechange:<strong> C\u00e2ble de boite de Vitesse<\/strong><\/li>\n<li>Mod\u00e8le: <strong>Nissan Atleon\u00a0<\/strong><\/li>\n<li>Etat: pi\u00e8ce neuve<\/li>\n<li>Garantie d\u2019un an<\/li>\n<li>Longueur 1: 3210\/2995 mm<\/li>\n<li>Longueur 2: 3175\/2980 mm<\/li>\n<li><strong>R\u00e9f\u00e9rences:<\/strong>\n<ul>\n<li>344139X603<\/li>\n<li>344139X60C<\/li>\n<\/ul>\n<\/li>\n<\/ul>\n","protected":false},"excerpt":{"rendered":"<p><strong>C\u00e2ble de boite de Vitesse pour Nissan Atleon <\/strong>avec r\u00e9f\u00e9rences<strong> 344139X603, 344139X60C<\/strong> est une rechange de Nissan <strong>neuf avec une garantie d\u2019un an<\/strong><\/p>\n","protected":false},"featured_media":26972,"template":"","meta":[],"product_brand":[],"product_cat":[222,9833,9874,138],"product_tag":[],"class_list":{"0":"post-26969","1":"product","2":"type-product","3":"status-publish","4":"has-post-thumbnail","6":"product_cat-boite-vitesse","7":"product_cat-pieces-detachees-pieces-de-rechange-boites-de-vitesses-boites-de-transfert","8":"product_cat-cables-changement-vitesses","9":"product_cat-pieces-rechange-camions","10":"pa_manufacturer-nissan","11":"pa_tipo-4x4","12":"pa_tipo-camions-poids-lourds","14":"first","15":"instock","16":"taxable","17":"shipping-taxable","18":"purchasable","19":"product-type-simple"},"yoast_head":"<!-- This site is optimized with the Yoast SEO plugin v27.1.1 - https:\/\/yoast.com\/product\/yoast-seo-wordpress\/ -->\n<title>Arbre de transmission Nissan Atleon 344139X603 \/ 344139X60C<\/title>\n<meta name=\"description\" content=\"C\u00e2ble de boite de Vitesse pour Nissan Atleon avec r\u00e9f\u00e9rences 344139X603, 344139X60C est une rechange de Nissan neuf avec une garantie d\u2019un an.\" \/>\n<meta name=\"robots\" content=\"index, follow, max-snippet:-1, max-image-preview:large, max-video-preview:-1\" \/>\n<link rel=\"canonical\" href=\"https:\/\/www.enriquerequena.com\/fr\/tienda-online\/pieces-detachees-pieces-de-rechange-boites-de-vitesses-boites-de-transfert\/cables-changement-vitesses\/cable-de-boite-de-vitesse-nissan-cabstar-nissan-atleon-344139x603-344139x60c\/\" \/>\n<meta property=\"og:locale\" content=\"fr_FR\" \/>\n<meta property=\"og:type\" content=\"article\" \/>\n<meta property=\"og:title\" content=\"Arbre de transmission Nissan Atleon 344139X603 \/ 344139X60C\" \/>\n<meta property=\"og:description\" content=\"C\u00e2ble de boite de Vitesse pour Nissan Atleon avec r\u00e9f\u00e9rences 344139X603, 344139X60C est une rechange de Nissan neuf avec une garantie d\u2019un an.\" \/>\n<meta property=\"og:url\" content=\"https:\/\/www.enriquerequena.com\/fr\/tienda-online\/pieces-detachees-pieces-de-rechange-boites-de-vitesses-boites-de-transfert\/cables-changement-vitesses\/cable-de-boite-de-vitesse-nissan-cabstar-nissan-atleon-344139x603-344139x60c\/\" \/>\n<meta property=\"og:site_name\" content=\"ENRIQUE REQUENA\" \/>\n<meta property=\"article:modified_time\" content=\"2024-10-23T16:16:53+00:00\" \/>\n<meta property=\"og:image\" content=\"https:\/\/www.enriquerequena.com\/wp-content\/uploads\/2023\/03\/transmision-cardan-central-nissan-atleon-344139X603-344139X60C.png\" \/>\n\t<meta property=\"og:image:width\" content=\"800\" \/>\n\t<meta property=\"og:image:height\" content=\"800\" \/>\n\t<meta property=\"og:image:type\" content=\"image\/png\" \/>\n<meta name=\"twitter:card\" content=\"summary_large_image\" \/>\n<meta name=\"twitter:label1\" content=\"Dur\u00e9e de lecture estim\u00e9e\" \/>\n\t<meta name=\"twitter:data1\" content=\"1 minute\" \/>\n<script type=\"application\/ld+json\" class=\"yoast-schema-graph\">{\"@context\":\"https:\/\/schema.org\",\"@graph\":[{\"@type\":\"WebPage\",\"@id\":\"https:\/\/www.enriquerequena.com\/fr\/tienda-online\/pieces-detachees-pieces-de-rechange-boites-de-vitesses-boites-de-transfert\/cables-changement-vitesses\/cable-de-boite-de-vitesse-nissan-cabstar-nissan-atleon-344139x603-344139x60c\/\",\"url\":\"https:\/\/www.enriquerequena.com\/fr\/tienda-online\/pieces-detachees-pieces-de-rechange-boites-de-vitesses-boites-de-transfert\/cables-changement-vitesses\/cable-de-boite-de-vitesse-nissan-cabstar-nissan-atleon-344139x603-344139x60c\/\",\"name\":\"Arbre de transmission Nissan Atleon 344139X603 \/ 344139X60C\",\"isPartOf\":{\"@id\":\"https:\/\/www.enriquerequena.com\/fr\/#website\"},\"primaryImageOfPage\":{\"@id\":\"https:\/\/www.enriquerequena.com\/fr\/tienda-online\/pieces-detachees-pieces-de-rechange-boites-de-vitesses-boites-de-transfert\/cables-changement-vitesses\/cable-de-boite-de-vitesse-nissan-cabstar-nissan-atleon-344139x603-344139x60c\/#primaryimage\"},\"image\":{\"@id\":\"https:\/\/www.enriquerequena.com\/fr\/tienda-online\/pieces-detachees-pieces-de-rechange-boites-de-vitesses-boites-de-transfert\/cables-changement-vitesses\/cable-de-boite-de-vitesse-nissan-cabstar-nissan-atleon-344139x603-344139x60c\/#primaryimage\"},\"thumbnailUrl\":\"https:\/\/www.enriquerequena.com\/wp-content\/uploads\/2023\/03\/transmision-cardan-central-nissan-atleon-344139X603-344139X60C.png\",\"datePublished\":\"2023-03-04T17:34:39+00:00\",\"dateModified\":\"2024-10-23T16:16:53+00:00\",\"description\":\"C\u00e2ble de boite de Vitesse pour Nissan Atleon avec r\u00e9f\u00e9rences 344139X603, 344139X60C est une rechange de Nissan neuf avec une garantie d\u2019un an.\",\"breadcrumb\":{\"@id\":\"https:\/\/www.enriquerequena.com\/fr\/tienda-online\/pieces-detachees-pieces-de-rechange-boites-de-vitesses-boites-de-transfert\/cables-changement-vitesses\/cable-de-boite-de-vitesse-nissan-cabstar-nissan-atleon-344139x603-344139x60c\/#breadcrumb\"},\"inLanguage\":\"fr-FR\",\"potentialAction\":[{\"@type\":\"ReadAction\",\"target\":[\"https:\/\/www.enriquerequena.com\/fr\/tienda-online\/pieces-detachees-pieces-de-rechange-boites-de-vitesses-boites-de-transfert\/cables-changement-vitesses\/cable-de-boite-de-vitesse-nissan-cabstar-nissan-atleon-344139x603-344139x60c\/\"]}]},{\"@type\":\"ImageObject\",\"inLanguage\":\"fr-FR\",\"@id\":\"https:\/\/www.enriquerequena.com\/fr\/tienda-online\/pieces-detachees-pieces-de-rechange-boites-de-vitesses-boites-de-transfert\/cables-changement-vitesses\/cable-de-boite-de-vitesse-nissan-cabstar-nissan-atleon-344139x603-344139x60c\/#primaryimage\",\"url\":\"https:\/\/www.enriquerequena.com\/wp-content\/uploads\/2023\/03\/transmision-cardan-central-nissan-atleon-344139X603-344139X60C.png\",\"contentUrl\":\"https:\/\/www.enriquerequena.com\/wp-content\/uploads\/2023\/03\/transmision-cardan-central-nissan-atleon-344139X603-344139X60C.png\",\"width\":800,\"height\":800,\"caption\":\"C\u00e2ble de boite de Vitesse Nissan Cabstar Nissan Atleon - 344139X603 \/ 344139X60C\"},{\"@type\":\"WebSite\",\"@id\":\"https:\/\/www.enriquerequena.com\/fr\/#website\",\"url\":\"https:\/\/www.enriquerequena.com\/fr\/\",\"name\":\"ENRIQUE REQUENA\",\"description\":\"Sp\u00e9cialistes des transmissions cardan avec des exp\u00e9ditions dans le monde entier et des pi\u00e8ces d\u00e9tach\u00e9es pour voitures, camions et accessoires \u00e0 Valence, en Espagne. Avec vous depuis 1950!\",\"publisher\":{\"@id\":\"https:\/\/www.enriquerequena.com\/fr\/#organization\"},\"potentialAction\":[{\"@type\":\"SearchAction\",\"target\":{\"@type\":\"EntryPoint\",\"urlTemplate\":\"https:\/\/www.enriquerequena.com\/fr\/?s={search_term_string}\"},\"query-input\":{\"@type\":\"PropertyValueSpecification\",\"valueRequired\":true,\"valueName\":\"search_term_string\"}}],\"inLanguage\":\"fr-FR\"},{\"@type\":\"Organization\",\"@id\":\"https:\/\/www.enriquerequena.com\/fr\/#organization\",\"name\":\"Enrique Requena S.L.\",\"url\":\"https:\/\/www.enriquerequena.com\/fr\/\",\"logo\":{\"@type\":\"ImageObject\",\"inLanguage\":\"fr-FR\",\"@id\":\"https:\/\/www.enriquerequena.com\/fr\/#\/schema\/logo\/image\/\",\"url\":\"https:\/\/www.enriquerequena.com\/wp-content\/uploads\/2019\/11\/enrique-requena-recambios-logotipo.jpg\",\"contentUrl\":\"https:\/\/www.enriquerequena.com\/wp-content\/uploads\/2019\/11\/enrique-requena-recambios-logotipo.jpg\",\"width\":381,\"height\":75,\"caption\":\"Enrique Requena S.L.\"},\"image\":{\"@id\":\"https:\/\/www.enriquerequena.com\/fr\/#\/schema\/logo\/image\/\"}}]}<\/script>\n<!-- \/ Yoast SEO plugin. -->","yoast_head_json":{"title":"Arbre de transmission Nissan Atleon 344139X603 \/ 344139X60C","description":"C\u00e2ble de boite de Vitesse pour Nissan Atleon avec r\u00e9f\u00e9rences 344139X603, 344139X60C est une rechange de Nissan neuf avec une garantie d\u2019un an.","robots":{"index":"index","follow":"follow","max-snippet":"max-snippet:-1","max-image-preview":"max-image-preview:large","max-video-preview":"max-video-preview:-1"},"canonical":"https:\/\/www.enriquerequena.com\/fr\/tienda-online\/pieces-detachees-pieces-de-rechange-boites-de-vitesses-boites-de-transfert\/cables-changement-vitesses\/cable-de-boite-de-vitesse-nissan-cabstar-nissan-atleon-344139x603-344139x60c\/","og_locale":"fr_FR","og_type":"article","og_title":"Arbre de transmission Nissan Atleon 344139X603 \/ 344139X60C","og_description":"C\u00e2ble de boite de Vitesse pour Nissan Atleon avec r\u00e9f\u00e9rences 344139X603, 344139X60C est une rechange de Nissan neuf avec une garantie d\u2019un an.","og_url":"https:\/\/www.enriquerequena.com\/fr\/tienda-online\/pieces-detachees-pieces-de-rechange-boites-de-vitesses-boites-de-transfert\/cables-changement-vitesses\/cable-de-boite-de-vitesse-nissan-cabstar-nissan-atleon-344139x603-344139x60c\/","og_site_name":"ENRIQUE REQUENA","article_modified_time":"2024-10-23T16:16:53+00:00","og_image":[{"width":800,"height":800,"url":"https:\/\/www.enriquerequena.com\/wp-content\/uploads\/2023\/03\/transmision-cardan-central-nissan-atleon-344139X603-344139X60C.png","type":"image\/png"}],"twitter_card":"summary_large_image","twitter_misc":{"Dur\u00e9e de lecture estim\u00e9e":"1 minute"},"schema":{"@context":"https:\/\/schema.org","@graph":[{"@type":"WebPage","@id":"https:\/\/www.enriquerequena.com\/fr\/tienda-online\/pieces-detachees-pieces-de-rechange-boites-de-vitesses-boites-de-transfert\/cables-changement-vitesses\/cable-de-boite-de-vitesse-nissan-cabstar-nissan-atleon-344139x603-344139x60c\/","url":"https:\/\/www.enriquerequena.com\/fr\/tienda-online\/pieces-detachees-pieces-de-rechange-boites-de-vitesses-boites-de-transfert\/cables-changement-vitesses\/cable-de-boite-de-vitesse-nissan-cabstar-nissan-atleon-344139x603-344139x60c\/","name":"Arbre de transmission Nissan Atleon 344139X603 \/ 344139X60C","isPartOf":{"@id":"https:\/\/www.enriquerequena.com\/fr\/#website"},"primaryImageOfPage":{"@id":"https:\/\/www.enriquerequena.com\/fr\/tienda-online\/pieces-detachees-pieces-de-rechange-boites-de-vitesses-boites-de-transfert\/cables-changement-vitesses\/cable-de-boite-de-vitesse-nissan-cabstar-nissan-atleon-344139x603-344139x60c\/#primaryimage"},"image":{"@id":"https:\/\/www.enriquerequena.com\/fr\/tienda-online\/pieces-detachees-pieces-de-rechange-boites-de-vitesses-boites-de-transfert\/cables-changement-vitesses\/cable-de-boite-de-vitesse-nissan-cabstar-nissan-atleon-344139x603-344139x60c\/#primaryimage"},"thumbnailUrl":"https:\/\/www.enriquerequena.com\/wp-content\/uploads\/2023\/03\/transmision-cardan-central-nissan-atleon-344139X603-344139X60C.png","datePublished":"2023-03-04T17:34:39+00:00","dateModified":"2024-10-23T16:16:53+00:00","description":"C\u00e2ble de boite de Vitesse pour Nissan Atleon avec r\u00e9f\u00e9rences 344139X603, 344139X60C est une rechange de Nissan neuf avec une garantie d\u2019un an.","breadcrumb":{"@id":"https:\/\/www.enriquerequena.com\/fr\/tienda-online\/pieces-detachees-pieces-de-rechange-boites-de-vitesses-boites-de-transfert\/cables-changement-vitesses\/cable-de-boite-de-vitesse-nissan-cabstar-nissan-atleon-344139x603-344139x60c\/#breadcrumb"},"inLanguage":"fr-FR","potentialAction":[{"@type":"ReadAction","target":["https:\/\/www.enriquerequena.com\/fr\/tienda-online\/pieces-detachees-pieces-de-rechange-boites-de-vitesses-boites-de-transfert\/cables-changement-vitesses\/cable-de-boite-de-vitesse-nissan-cabstar-nissan-atleon-344139x603-344139x60c\/"]}]},{"@type":"ImageObject","inLanguage":"fr-FR","@id":"https:\/\/www.enriquerequena.com\/fr\/tienda-online\/pieces-detachees-pieces-de-rechange-boites-de-vitesses-boites-de-transfert\/cables-changement-vitesses\/cable-de-boite-de-vitesse-nissan-cabstar-nissan-atleon-344139x603-344139x60c\/#primaryimage","url":"https:\/\/www.enriquerequena.com\/wp-content\/uploads\/2023\/03\/transmision-cardan-central-nissan-atleon-344139X603-344139X60C.png","contentUrl":"https:\/\/www.enriquerequena.com\/wp-content\/uploads\/2023\/03\/transmision-cardan-central-nissan-atleon-344139X603-344139X60C.png","width":800,"height":800,"caption":"C\u00e2ble de boite de Vitesse Nissan Cabstar Nissan Atleon - 344139X603 \/ 344139X60C"},{"@type":"WebSite","@id":"https:\/\/www.enriquerequena.com\/fr\/#website","url":"https:\/\/www.enriquerequena.com\/fr\/","name":"ENRIQUE REQUENA","description":"Sp\u00e9cialistes des transmissions cardan avec des exp\u00e9ditions dans le monde entier et des pi\u00e8ces d\u00e9tach\u00e9es pour voitures, camions et accessoires \u00e0 Valence, en Espagne. Avec vous depuis 1950!","publisher":{"@id":"https:\/\/www.enriquerequena.com\/fr\/#organization"},"potentialAction":[{"@type":"SearchAction","target":{"@type":"EntryPoint","urlTemplate":"https:\/\/www.enriquerequena.com\/fr\/?s={search_term_string}"},"query-input":{"@type":"PropertyValueSpecification","valueRequired":true,"valueName":"search_term_string"}}],"inLanguage":"fr-FR"},{"@type":"Organization","@id":"https:\/\/www.enriquerequena.com\/fr\/#organization","name":"Enrique Requena S.L.","url":"https:\/\/www.enriquerequena.com\/fr\/","logo":{"@type":"ImageObject","inLanguage":"fr-FR","@id":"https:\/\/www.enriquerequena.com\/fr\/#\/schema\/logo\/image\/","url":"https:\/\/www.enriquerequena.com\/wp-content\/uploads\/2019\/11\/enrique-requena-recambios-logotipo.jpg","contentUrl":"https:\/\/www.enriquerequena.com\/wp-content\/uploads\/2019\/11\/enrique-requena-recambios-logotipo.jpg","width":381,"height":75,"caption":"Enrique Requena S.L."},"image":{"@id":"https:\/\/www.enriquerequena.com\/fr\/#\/schema\/logo\/image\/"}}]}},"_links":{"self":[{"href":"https:\/\/www.enriquerequena.com\/fr\/wp-json\/wp\/v2\/product\/26969","targetHints":{"allow":["GET"]}}],"collection":[{"href":"https:\/\/www.enriquerequena.com\/fr\/wp-json\/wp\/v2\/product"}],"about":[{"href":"https:\/\/www.enriquerequena.com\/fr\/wp-json\/wp\/v2\/types\/product"}],"wp:featuredmedia":[{"embeddable":true,"href":"https:\/\/www.enriquerequena.com\/fr\/wp-json\/wp\/v2\/media\/26972"}],"wp:attachment":[{"href":"https:\/\/www.enriquerequena.com\/fr\/wp-json\/wp\/v2\/media?parent=26969"}],"wp:term":[{"taxonomy":"product_brand","embeddable":true,"href":"https:\/\/www.enriquerequena.com\/fr\/wp-json\/wp\/v2\/product_brand?post=26969"},{"taxonomy":"product_cat","embeddable":true,"href":"https:\/\/www.enriquerequena.com\/fr\/wp-json\/wp\/v2\/product_cat?post=26969"},{"taxonomy":"product_tag","embeddable":true,"href":"https:\/\/www.enriquerequena.com\/fr\/wp-json\/wp\/v2\/product_tag?post=26969"}],"curies":[{"name":"wp","href":"https:\/\/api.w.org\/{rel}","templated":true}]}}