{"id":27061,"date":"2023-03-16T14:27:05","date_gmt":"2023-03-16T13:27:05","guid":{"rendered":"https:\/\/www.enriquerequena.com\/?post_type=product&#038;p=27061"},"modified":"2023-09-06T12:05:32","modified_gmt":"2023-09-06T10:05:32","slug":"kit-dassemblage-pivot-de-fusee-dessieu-citroen-2-cv-5451858-5451858","status":"publish","type":"product","link":"https:\/\/www.enriquerequena.com\/fr\/tienda-online\/pieces-detachees-de-remplacement-direction-essieux\/kits-axes-pivot-fusee\/kit-dassemblage-pivot-de-fusee-dessieu-citroen-2-cv-5451858-5451858\/","title":{"rendered":"Kit d&rsquo;assemblage, pivot de fus\u00e9e d&rsquo;essieu Citro\u00ebn 2 CV &#8211; 5451858 \/ A4135A"},"content":{"rendered":"<p><strong>Kit d&rsquo;assemblage, pivot de fus\u00e9e d&rsquo;essieu pour Citro\u00ebn 2 CV <\/strong>avec r\u00e9f\u00e9rences 5451858 et A4135A. Est une piece une pi\u00e8ce de Citro\u00ebn <strong>neuve avec une garantie d\u2019un an<\/strong>.\u00a0C\u2019est le choix le plus \u00e9conomique.<\/p>\n<p>Nous vendons des pi\u00e8ces d\u00e9tach\u00e9es ou pi\u00e8ces de rechange \u00e0 Valence depuis 1950 et nous vendons aussi en ligne dans le monde entier.<\/p>\n<p>N\u00b4h\u00e9sitez pas \u00e0 nous consulter pour d\u00b4autres mod\u00e8les de tout type de v\u00e9hicule. Nous avons une exp\u00e9rience de 70 ans. Nos pi\u00e9ces de rechange sont similaires \u00e0 ceux des OEM avec les meilleurs prix du march\u00e9.<\/p>\n<p>Caract\u00e9ristiques techniques <strong>Kit pivot de fus\u00e9e d&rsquo;essieu pour Citro\u00ebn 2 CV 5451858<\/strong>:<\/p>\n<ul>\n<li>Pi\u00e8ce de rechange: Kit d&rsquo;assemblage, pivot de fus\u00e9e d&rsquo;essieu<\/li>\n<li>Mod\u00e8le: <strong>Citro\u00ebn 2 CV<\/strong>\n<ul>\n<li><strong><span lang=\"EN-US\">2 CV TT, DYANE TT, AM 16 TT, AM 18 TT, C-250, C-400, MEHARI, ACADYANE<\/span><\/strong><\/li>\n<\/ul>\n<\/li>\n<li>Etat: pi\u00e8ce neuve<\/li>\n<li>Garantie d\u2019un an<\/li>\n<li>Nombre d&rsquo;unit\u00e9s contenues dans le kit:\n<ul>\n<li>2 Axe: 17*110 mm. Ref: A 413 &#8211; 5 A<\/li>\n<li>2 Bague: 17*21*19 mm. Ref: A 413 &#8211; 3 B<\/li>\n<li>2 Bague: 17*21*31 mm. Ref A 413 &#8211; 2<\/li>\n<li>2 Roulement \u00e0 Friction<\/li>\n<li>4 Rondelle d&rsquo;appui<\/li>\n<li>2 Rondelle d&rsquo;appui<\/li>\n<li>2 Couvercle<\/li>\n<li>2 Bouchon<\/li>\n<\/ul>\n<\/li>\n<li><strong>R\u00e9f\u00e9rences:<\/strong>\n<ul>\n<li>5451858<\/li>\n<li>A4135A<\/li>\n<\/ul>\n<\/li>\n<\/ul>\n<p>Demandez-nous le prix par quantit\u00e9 d&rsquo;unit\u00e9s.<\/p>\n","protected":false},"excerpt":{"rendered":"<p><strong>Kit d&rsquo;assemblage, pivot de fus\u00e9e d&rsquo;essieu pour Citro\u00ebn 2 CV <\/strong>avec r\u00e9f\u00e9rences <strong>5451858 et A4135A.<\/strong> Est une pi\u00e8ce de Citro\u00ebn neuve avec une garantie d\u2019un an.<\/p>\n<ul>\n<li>Nombre d&rsquo;unit\u00e9s contenues dans le kit:\n<ul>\n<li>2 Axe: 17*110 mm. Ref: A 413 &#8211; 5 A<\/li>\n<li>2 Bague: 17*21*19 mm. Ref: A 413 &#8211; 3 B<\/li>\n<li>2 Bague: 17*21*31 mm. Ref A 413 &#8211; 2<\/li>\n<li>2 Roulement \u00e0 Friction<\/li>\n<li>4 Rondelle d&rsquo;appui<\/li>\n<li>2 Rondelle d&rsquo;appui<\/li>\n<li>2 Couvercle<\/li>\n<li>2 Bouchon<\/li>\n<\/ul>\n<\/li>\n<\/ul>\n<p>Demandez-nous le prix par quantit\u00e9 d&rsquo;unit\u00e9s.<\/p>\n","protected":false},"featured_media":27064,"template":"","meta":[],"product_brand":[],"product_cat":[9827,9938,135],"product_tag":[],"class_list":{"0":"post-27061","1":"product","2":"type-product","3":"status-publish","4":"has-post-thumbnail","6":"product_cat-pieces-detachees-de-remplacement-direction-essieux","7":"product_cat-kits-axes-pivot-fusee","8":"product_cat-pieces-rechange-voiture","9":"pa_manufacturer-citroen","10":"pa_tipo-auto","12":"first","13":"instock","14":"taxable","15":"shipping-taxable","16":"purchasable","17":"product-type-simple"},"yoast_head":"<!-- This site is optimized with the Yoast SEO plugin v27.1.1 - https:\/\/yoast.com\/product\/yoast-seo-wordpress\/ -->\n<title>Kit pivot fus\u00e9e d&#039;essieu Citro\u00ebn 2 CV 5451858 - Enrique Requena<\/title>\n<meta name=\"description\" content=\"Kit d&#039;assemblage, pivot de fus\u00e9e d&#039;essieu pour Citro\u00ebn 2 CV avec r\u00e9f\u00e9rences 5451858 et A4135A. Est une pi\u00e8ce de Citro\u00ebn neuve avec une garantie d\u2019un an.\u00a0\" \/>\n<meta name=\"robots\" content=\"index, follow, max-snippet:-1, max-image-preview:large, max-video-preview:-1\" \/>\n<link rel=\"canonical\" href=\"https:\/\/www.enriquerequena.com\/fr\/tienda-online\/pieces-detachees-de-remplacement-direction-essieux\/kits-axes-pivot-fusee\/kit-dassemblage-pivot-de-fusee-dessieu-citroen-2-cv-5451858-5451858\/\" \/>\n<meta property=\"og:locale\" content=\"fr_FR\" \/>\n<meta property=\"og:type\" content=\"article\" \/>\n<meta property=\"og:title\" content=\"Kit pivot fus\u00e9e d&#039;essieu Citro\u00ebn 2 CV 5451858 - Enrique Requena\" \/>\n<meta property=\"og:description\" content=\"Kit d&#039;assemblage, pivot de fus\u00e9e d&#039;essieu pour Citro\u00ebn 2 CV avec r\u00e9f\u00e9rences 5451858 et A4135A. Est une pi\u00e8ce de Citro\u00ebn neuve avec une garantie d\u2019un an.\u00a0\" \/>\n<meta property=\"og:url\" content=\"https:\/\/www.enriquerequena.com\/fr\/tienda-online\/pieces-detachees-de-remplacement-direction-essieux\/kits-axes-pivot-fusee\/kit-dassemblage-pivot-de-fusee-dessieu-citroen-2-cv-5451858-5451858\/\" \/>\n<meta property=\"og:site_name\" content=\"ENRIQUE REQUENA\" \/>\n<meta property=\"article:modified_time\" content=\"2023-09-06T10:05:32+00:00\" \/>\n<meta property=\"og:image\" content=\"https:\/\/www.enriquerequena.com\/wp-content\/uploads\/2023\/03\/kit-de-bulones-citroen-2-cv-5451858-A4135A.png\" \/>\n\t<meta property=\"og:image:width\" content=\"800\" \/>\n\t<meta property=\"og:image:height\" content=\"800\" \/>\n\t<meta property=\"og:image:type\" content=\"image\/png\" \/>\n<meta name=\"twitter:card\" content=\"summary_large_image\" \/>\n<meta name=\"twitter:label1\" content=\"Dur\u00e9e de lecture estim\u00e9e\" \/>\n\t<meta name=\"twitter:data1\" content=\"1 minute\" \/>\n<script type=\"application\/ld+json\" class=\"yoast-schema-graph\">{\"@context\":\"https:\/\/schema.org\",\"@graph\":[{\"@type\":\"WebPage\",\"@id\":\"https:\/\/www.enriquerequena.com\/fr\/tienda-online\/pieces-detachees-de-remplacement-direction-essieux\/kits-axes-pivot-fusee\/kit-dassemblage-pivot-de-fusee-dessieu-citroen-2-cv-5451858-5451858\/\",\"url\":\"https:\/\/www.enriquerequena.com\/fr\/tienda-online\/pieces-detachees-de-remplacement-direction-essieux\/kits-axes-pivot-fusee\/kit-dassemblage-pivot-de-fusee-dessieu-citroen-2-cv-5451858-5451858\/\",\"name\":\"Kit pivot fus\u00e9e d'essieu Citro\u00ebn 2 CV 5451858 - Enrique Requena\",\"isPartOf\":{\"@id\":\"https:\/\/www.enriquerequena.com\/fr\/#website\"},\"primaryImageOfPage\":{\"@id\":\"https:\/\/www.enriquerequena.com\/fr\/tienda-online\/pieces-detachees-de-remplacement-direction-essieux\/kits-axes-pivot-fusee\/kit-dassemblage-pivot-de-fusee-dessieu-citroen-2-cv-5451858-5451858\/#primaryimage\"},\"image\":{\"@id\":\"https:\/\/www.enriquerequena.com\/fr\/tienda-online\/pieces-detachees-de-remplacement-direction-essieux\/kits-axes-pivot-fusee\/kit-dassemblage-pivot-de-fusee-dessieu-citroen-2-cv-5451858-5451858\/#primaryimage\"},\"thumbnailUrl\":\"https:\/\/www.enriquerequena.com\/wp-content\/uploads\/2023\/03\/kit-de-bulones-citroen-2-cv-5451858-A4135A.png\",\"datePublished\":\"2023-03-16T13:27:05+00:00\",\"dateModified\":\"2023-09-06T10:05:32+00:00\",\"description\":\"Kit d'assemblage, pivot de fus\u00e9e d'essieu pour Citro\u00ebn 2 CV avec r\u00e9f\u00e9rences 5451858 et A4135A. Est une pi\u00e8ce de Citro\u00ebn neuve avec une garantie d\u2019un an.\u00a0\",\"breadcrumb\":{\"@id\":\"https:\/\/www.enriquerequena.com\/fr\/tienda-online\/pieces-detachees-de-remplacement-direction-essieux\/kits-axes-pivot-fusee\/kit-dassemblage-pivot-de-fusee-dessieu-citroen-2-cv-5451858-5451858\/#breadcrumb\"},\"inLanguage\":\"fr-FR\",\"potentialAction\":[{\"@type\":\"ReadAction\",\"target\":[\"https:\/\/www.enriquerequena.com\/fr\/tienda-online\/pieces-detachees-de-remplacement-direction-essieux\/kits-axes-pivot-fusee\/kit-dassemblage-pivot-de-fusee-dessieu-citroen-2-cv-5451858-5451858\/\"]}]},{\"@type\":\"ImageObject\",\"inLanguage\":\"fr-FR\",\"@id\":\"https:\/\/www.enriquerequena.com\/fr\/tienda-online\/pieces-detachees-de-remplacement-direction-essieux\/kits-axes-pivot-fusee\/kit-dassemblage-pivot-de-fusee-dessieu-citroen-2-cv-5451858-5451858\/#primaryimage\",\"url\":\"https:\/\/www.enriquerequena.com\/wp-content\/uploads\/2023\/03\/kit-de-bulones-citroen-2-cv-5451858-A4135A.png\",\"contentUrl\":\"https:\/\/www.enriquerequena.com\/wp-content\/uploads\/2023\/03\/kit-de-bulones-citroen-2-cv-5451858-A4135A.png\",\"width\":800,\"height\":800,\"caption\":\"Kit d'assemblage, pivot de fus\u00e9e d'essieu pour Citro\u00ebn 2 CV avec r\u00e9f\u00e9rences 5451858 et A4135A.\"},{\"@type\":\"WebSite\",\"@id\":\"https:\/\/www.enriquerequena.com\/fr\/#website\",\"url\":\"https:\/\/www.enriquerequena.com\/fr\/\",\"name\":\"ENRIQUE REQUENA\",\"description\":\"Sp\u00e9cialistes des transmissions cardan avec des exp\u00e9ditions dans le monde entier et des pi\u00e8ces d\u00e9tach\u00e9es pour voitures, camions et accessoires \u00e0 Valence, en Espagne. Avec vous depuis 1950!\",\"publisher\":{\"@id\":\"https:\/\/www.enriquerequena.com\/fr\/#organization\"},\"potentialAction\":[{\"@type\":\"SearchAction\",\"target\":{\"@type\":\"EntryPoint\",\"urlTemplate\":\"https:\/\/www.enriquerequena.com\/fr\/?s={search_term_string}\"},\"query-input\":{\"@type\":\"PropertyValueSpecification\",\"valueRequired\":true,\"valueName\":\"search_term_string\"}}],\"inLanguage\":\"fr-FR\"},{\"@type\":\"Organization\",\"@id\":\"https:\/\/www.enriquerequena.com\/fr\/#organization\",\"name\":\"Enrique Requena S.L.\",\"url\":\"https:\/\/www.enriquerequena.com\/fr\/\",\"logo\":{\"@type\":\"ImageObject\",\"inLanguage\":\"fr-FR\",\"@id\":\"https:\/\/www.enriquerequena.com\/fr\/#\/schema\/logo\/image\/\",\"url\":\"https:\/\/www.enriquerequena.com\/wp-content\/uploads\/2019\/11\/enrique-requena-recambios-logotipo.jpg\",\"contentUrl\":\"https:\/\/www.enriquerequena.com\/wp-content\/uploads\/2019\/11\/enrique-requena-recambios-logotipo.jpg\",\"width\":381,\"height\":75,\"caption\":\"Enrique Requena S.L.\"},\"image\":{\"@id\":\"https:\/\/www.enriquerequena.com\/fr\/#\/schema\/logo\/image\/\"}}]}<\/script>\n<!-- \/ Yoast SEO plugin. -->","yoast_head_json":{"title":"Kit pivot fus\u00e9e d'essieu Citro\u00ebn 2 CV 5451858 - Enrique Requena","description":"Kit d'assemblage, pivot de fus\u00e9e d'essieu pour Citro\u00ebn 2 CV avec r\u00e9f\u00e9rences 5451858 et A4135A. Est une pi\u00e8ce de Citro\u00ebn neuve avec une garantie d\u2019un an.\u00a0","robots":{"index":"index","follow":"follow","max-snippet":"max-snippet:-1","max-image-preview":"max-image-preview:large","max-video-preview":"max-video-preview:-1"},"canonical":"https:\/\/www.enriquerequena.com\/fr\/tienda-online\/pieces-detachees-de-remplacement-direction-essieux\/kits-axes-pivot-fusee\/kit-dassemblage-pivot-de-fusee-dessieu-citroen-2-cv-5451858-5451858\/","og_locale":"fr_FR","og_type":"article","og_title":"Kit pivot fus\u00e9e d'essieu Citro\u00ebn 2 CV 5451858 - Enrique Requena","og_description":"Kit d'assemblage, pivot de fus\u00e9e d'essieu pour Citro\u00ebn 2 CV avec r\u00e9f\u00e9rences 5451858 et A4135A. Est une pi\u00e8ce de Citro\u00ebn neuve avec une garantie d\u2019un an.\u00a0","og_url":"https:\/\/www.enriquerequena.com\/fr\/tienda-online\/pieces-detachees-de-remplacement-direction-essieux\/kits-axes-pivot-fusee\/kit-dassemblage-pivot-de-fusee-dessieu-citroen-2-cv-5451858-5451858\/","og_site_name":"ENRIQUE REQUENA","article_modified_time":"2023-09-06T10:05:32+00:00","og_image":[{"width":800,"height":800,"url":"https:\/\/www.enriquerequena.com\/wp-content\/uploads\/2023\/03\/kit-de-bulones-citroen-2-cv-5451858-A4135A.png","type":"image\/png"}],"twitter_card":"summary_large_image","twitter_misc":{"Dur\u00e9e de lecture estim\u00e9e":"1 minute"},"schema":{"@context":"https:\/\/schema.org","@graph":[{"@type":"WebPage","@id":"https:\/\/www.enriquerequena.com\/fr\/tienda-online\/pieces-detachees-de-remplacement-direction-essieux\/kits-axes-pivot-fusee\/kit-dassemblage-pivot-de-fusee-dessieu-citroen-2-cv-5451858-5451858\/","url":"https:\/\/www.enriquerequena.com\/fr\/tienda-online\/pieces-detachees-de-remplacement-direction-essieux\/kits-axes-pivot-fusee\/kit-dassemblage-pivot-de-fusee-dessieu-citroen-2-cv-5451858-5451858\/","name":"Kit pivot fus\u00e9e d'essieu Citro\u00ebn 2 CV 5451858 - Enrique Requena","isPartOf":{"@id":"https:\/\/www.enriquerequena.com\/fr\/#website"},"primaryImageOfPage":{"@id":"https:\/\/www.enriquerequena.com\/fr\/tienda-online\/pieces-detachees-de-remplacement-direction-essieux\/kits-axes-pivot-fusee\/kit-dassemblage-pivot-de-fusee-dessieu-citroen-2-cv-5451858-5451858\/#primaryimage"},"image":{"@id":"https:\/\/www.enriquerequena.com\/fr\/tienda-online\/pieces-detachees-de-remplacement-direction-essieux\/kits-axes-pivot-fusee\/kit-dassemblage-pivot-de-fusee-dessieu-citroen-2-cv-5451858-5451858\/#primaryimage"},"thumbnailUrl":"https:\/\/www.enriquerequena.com\/wp-content\/uploads\/2023\/03\/kit-de-bulones-citroen-2-cv-5451858-A4135A.png","datePublished":"2023-03-16T13:27:05+00:00","dateModified":"2023-09-06T10:05:32+00:00","description":"Kit d'assemblage, pivot de fus\u00e9e d'essieu pour Citro\u00ebn 2 CV avec r\u00e9f\u00e9rences 5451858 et A4135A. Est une pi\u00e8ce de Citro\u00ebn neuve avec une garantie d\u2019un an.\u00a0","breadcrumb":{"@id":"https:\/\/www.enriquerequena.com\/fr\/tienda-online\/pieces-detachees-de-remplacement-direction-essieux\/kits-axes-pivot-fusee\/kit-dassemblage-pivot-de-fusee-dessieu-citroen-2-cv-5451858-5451858\/#breadcrumb"},"inLanguage":"fr-FR","potentialAction":[{"@type":"ReadAction","target":["https:\/\/www.enriquerequena.com\/fr\/tienda-online\/pieces-detachees-de-remplacement-direction-essieux\/kits-axes-pivot-fusee\/kit-dassemblage-pivot-de-fusee-dessieu-citroen-2-cv-5451858-5451858\/"]}]},{"@type":"ImageObject","inLanguage":"fr-FR","@id":"https:\/\/www.enriquerequena.com\/fr\/tienda-online\/pieces-detachees-de-remplacement-direction-essieux\/kits-axes-pivot-fusee\/kit-dassemblage-pivot-de-fusee-dessieu-citroen-2-cv-5451858-5451858\/#primaryimage","url":"https:\/\/www.enriquerequena.com\/wp-content\/uploads\/2023\/03\/kit-de-bulones-citroen-2-cv-5451858-A4135A.png","contentUrl":"https:\/\/www.enriquerequena.com\/wp-content\/uploads\/2023\/03\/kit-de-bulones-citroen-2-cv-5451858-A4135A.png","width":800,"height":800,"caption":"Kit d'assemblage, pivot de fus\u00e9e d'essieu pour Citro\u00ebn 2 CV avec r\u00e9f\u00e9rences 5451858 et A4135A."},{"@type":"WebSite","@id":"https:\/\/www.enriquerequena.com\/fr\/#website","url":"https:\/\/www.enriquerequena.com\/fr\/","name":"ENRIQUE REQUENA","description":"Sp\u00e9cialistes des transmissions cardan avec des exp\u00e9ditions dans le monde entier et des pi\u00e8ces d\u00e9tach\u00e9es pour voitures, camions et accessoires \u00e0 Valence, en Espagne. Avec vous depuis 1950!","publisher":{"@id":"https:\/\/www.enriquerequena.com\/fr\/#organization"},"potentialAction":[{"@type":"SearchAction","target":{"@type":"EntryPoint","urlTemplate":"https:\/\/www.enriquerequena.com\/fr\/?s={search_term_string}"},"query-input":{"@type":"PropertyValueSpecification","valueRequired":true,"valueName":"search_term_string"}}],"inLanguage":"fr-FR"},{"@type":"Organization","@id":"https:\/\/www.enriquerequena.com\/fr\/#organization","name":"Enrique Requena S.L.","url":"https:\/\/www.enriquerequena.com\/fr\/","logo":{"@type":"ImageObject","inLanguage":"fr-FR","@id":"https:\/\/www.enriquerequena.com\/fr\/#\/schema\/logo\/image\/","url":"https:\/\/www.enriquerequena.com\/wp-content\/uploads\/2019\/11\/enrique-requena-recambios-logotipo.jpg","contentUrl":"https:\/\/www.enriquerequena.com\/wp-content\/uploads\/2019\/11\/enrique-requena-recambios-logotipo.jpg","width":381,"height":75,"caption":"Enrique Requena S.L."},"image":{"@id":"https:\/\/www.enriquerequena.com\/fr\/#\/schema\/logo\/image\/"}}]}},"_links":{"self":[{"href":"https:\/\/www.enriquerequena.com\/fr\/wp-json\/wp\/v2\/product\/27061","targetHints":{"allow":["GET"]}}],"collection":[{"href":"https:\/\/www.enriquerequena.com\/fr\/wp-json\/wp\/v2\/product"}],"about":[{"href":"https:\/\/www.enriquerequena.com\/fr\/wp-json\/wp\/v2\/types\/product"}],"wp:featuredmedia":[{"embeddable":true,"href":"https:\/\/www.enriquerequena.com\/fr\/wp-json\/wp\/v2\/media\/27064"}],"wp:attachment":[{"href":"https:\/\/www.enriquerequena.com\/fr\/wp-json\/wp\/v2\/media?parent=27061"}],"wp:term":[{"taxonomy":"product_brand","embeddable":true,"href":"https:\/\/www.enriquerequena.com\/fr\/wp-json\/wp\/v2\/product_brand?post=27061"},{"taxonomy":"product_cat","embeddable":true,"href":"https:\/\/www.enriquerequena.com\/fr\/wp-json\/wp\/v2\/product_cat?post=27061"},{"taxonomy":"product_tag","embeddable":true,"href":"https:\/\/www.enriquerequena.com\/fr\/wp-json\/wp\/v2\/product_tag?post=27061"}],"curies":[{"name":"wp","href":"https:\/\/api.w.org\/{rel}","templated":true}]}}