{"id":27742,"date":"2023-05-27T11:23:23","date_gmt":"2023-05-27T09:23:23","guid":{"rendered":"https:\/\/www.enriquerequena.com\/?post_type=product&#038;p=27742"},"modified":"2023-09-06T12:05:05","modified_gmt":"2023-09-06T10:05:05","slug":"collecteur-dadmission-bmw-serie-3-4-5-6-7-x3-x4-x5-x6-11617811909","status":"publish","type":"product","link":"https:\/\/www.enriquerequena.com\/fr\/tienda-online\/pieces-detachees-remplacements-moteur\/collecteurs-dadmission\/collecteur-dadmission-bmw-serie-3-4-5-6-7-x3-x4-x5-x6-11617811909\/","title":{"rendered":"Collecteur D&rsquo;Admission BMW Serie 3, 4, 5, 6, 7, X3, X4, X5 et X6 &#8211; 11617811909"},"content":{"rendered":"<p><strong>Collecteur d&rsquo;admission pour BMW Serie 3, 4, 5, 6, 7, X3, X4, X5 et X6 <\/strong>avec r\u00e9f\u00e9rence 11617811909. Est une piece <strong>neuve avec une garantie d\u2019un an<\/strong>. C\u2019est le choix le plus \u00e9conomique.<\/p>\n<p>Nos pi\u00e8ces sont similaires \u00e0 ceux des OEM avec les meilleurs prix du march\u00e9.<\/p>\n<p>Nous avons une exp\u00e9rience de 70 ans dans le commerce de pi\u00e8ces et connaissons tr\u00e8s bien le sujet.<\/p>\n<p>N\u00b4h\u00e9sitez pas \u00e0 nous consulter pour d\u00b4autres mod\u00e8les de tout type de v\u00e9hicule. Nous vendons des pi\u00e8ces d\u00e9tach\u00e9es ou pi\u00e8ces de rechange \u00e0 Valence depuis 1950 et nous vendons aussi en ligne dans le monde entier.<\/p>\n<p>Caract\u00e9ristiques techniques Collecteur d&rsquo;admission BMW 11617811909:<\/p>\n<ul>\n<li>Pi\u00e8ce de rechange: Collecteur D&rsquo;Admission<\/li>\n<li>Mod\u00e8le:\n<ul>\n<li>BMW Serie 3<\/li>\n<li>BMW Serie 4<\/li>\n<li>BMW Serie 5<\/li>\n<li>BMW Serie 6<\/li>\n<li>BMW Serie 7<\/li>\n<li>BMW X3<\/li>\n<li>BMW X4<\/li>\n<li>BMW X5<\/li>\n<li>BMW X6<\/li>\n<\/ul>\n<\/li>\n<li>Etat: pi\u00e8ce neuve<\/li>\n<li>Garantie d\u2019un an<\/li>\n<li>Couleur: noir<\/li>\n<li>Mat\u00e9riel: Mati\u00e8re plastique<\/li>\n<li>Poids: 2.03 kg<\/li>\n<li>Article compl\u00e9mentaire\/Info compl\u00e9mentaire: avec joints<\/li>\n<li>R\u00e9f\u00e9rence:\n<ul>\n<li>11617811909<\/li>\n<\/ul>\n<\/li>\n<\/ul>\n","protected":false},"excerpt":{"rendered":"<p><strong>Collecteur d&rsquo;admission pour BMW Serie 3, 4, 5, 6, 7, X3, X4, X5 et X6 <\/strong>avec r\u00e9f\u00e9rence<strong> 11617811909. <\/strong>Est une piece de BMW neuve avec une garantie d\u2019un an.<\/p>\n","protected":false},"featured_media":27748,"template":"","meta":[],"product_brand":[],"product_cat":[10077,9839,198,135],"product_tag":[],"class_list":{"0":"post-27742","1":"product","2":"type-product","3":"status-publish","4":"has-post-thumbnail","6":"product_cat-collecteurs-dadmission","7":"product_cat-pieces-detachees-remplacements-moteur","8":"product_cat-moteur-voiture","9":"product_cat-pieces-rechange-voiture","10":"pa_manufacturer-bmw","11":"pa_tipo-4x4","13":"first","14":"instock","15":"taxable","16":"shipping-taxable","17":"purchasable","18":"product-type-simple"},"yoast_head":"<!-- This site is optimized with the Yoast SEO plugin v27.1.1 - https:\/\/yoast.com\/product\/yoast-seo-wordpress\/ -->\n<title>Collecteur d&#039;admission BMW 11617811909 - Enrique Requena<\/title>\n<meta name=\"description\" content=\"Collecteur d&#039;admission pour BMW Serie 3, 4, 5, 6, 7, X3, X4, X5 et X6 avec r\u00e9f\u00e9rence 11617811909. Est une piece de BMW neuve avec une garantie d\u2019un an.\" \/>\n<meta name=\"robots\" content=\"index, follow, max-snippet:-1, max-image-preview:large, max-video-preview:-1\" \/>\n<link rel=\"canonical\" href=\"https:\/\/www.enriquerequena.com\/fr\/tienda-online\/pieces-detachees-remplacements-moteur\/collecteurs-dadmission\/collecteur-dadmission-bmw-serie-3-4-5-6-7-x3-x4-x5-x6-11617811909\/\" \/>\n<meta property=\"og:locale\" content=\"fr_FR\" \/>\n<meta property=\"og:type\" content=\"article\" \/>\n<meta property=\"og:title\" content=\"Collecteur d&#039;admission BMW 11617811909 - Enrique Requena\" \/>\n<meta property=\"og:description\" content=\"Collecteur d&#039;admission pour BMW Serie 3, 4, 5, 6, 7, X3, X4, X5 et X6 avec r\u00e9f\u00e9rence 11617811909. Est une piece de BMW neuve avec une garantie d\u2019un an.\" \/>\n<meta property=\"og:url\" content=\"https:\/\/www.enriquerequena.com\/fr\/tienda-online\/pieces-detachees-remplacements-moteur\/collecteurs-dadmission\/collecteur-dadmission-bmw-serie-3-4-5-6-7-x3-x4-x5-x6-11617811909\/\" \/>\n<meta property=\"og:site_name\" content=\"ENRIQUE REQUENA\" \/>\n<meta property=\"article:modified_time\" content=\"2023-09-06T10:05:05+00:00\" \/>\n<meta property=\"og:image\" content=\"https:\/\/www.enriquerequena.com\/wp-content\/uploads\/2023\/05\/colector-admision-bmw-serie-3-4-5-6-7-x3-x4-x5-x6-11617811909-1.png\" \/>\n\t<meta property=\"og:image:width\" content=\"800\" \/>\n\t<meta property=\"og:image:height\" content=\"800\" \/>\n\t<meta property=\"og:image:type\" content=\"image\/png\" \/>\n<meta name=\"twitter:card\" content=\"summary_large_image\" \/>\n<meta name=\"twitter:label1\" content=\"Dur\u00e9e de lecture estim\u00e9e\" \/>\n\t<meta name=\"twitter:data1\" content=\"1 minute\" \/>\n<script type=\"application\/ld+json\" class=\"yoast-schema-graph\">{\"@context\":\"https:\/\/schema.org\",\"@graph\":[{\"@type\":\"WebPage\",\"@id\":\"https:\/\/www.enriquerequena.com\/fr\/tienda-online\/pieces-detachees-remplacements-moteur\/collecteurs-dadmission\/collecteur-dadmission-bmw-serie-3-4-5-6-7-x3-x4-x5-x6-11617811909\/\",\"url\":\"https:\/\/www.enriquerequena.com\/fr\/tienda-online\/pieces-detachees-remplacements-moteur\/collecteurs-dadmission\/collecteur-dadmission-bmw-serie-3-4-5-6-7-x3-x4-x5-x6-11617811909\/\",\"name\":\"Collecteur d'admission BMW 11617811909 - Enrique Requena\",\"isPartOf\":{\"@id\":\"https:\/\/www.enriquerequena.com\/fr\/#website\"},\"primaryImageOfPage\":{\"@id\":\"https:\/\/www.enriquerequena.com\/fr\/tienda-online\/pieces-detachees-remplacements-moteur\/collecteurs-dadmission\/collecteur-dadmission-bmw-serie-3-4-5-6-7-x3-x4-x5-x6-11617811909\/#primaryimage\"},\"image\":{\"@id\":\"https:\/\/www.enriquerequena.com\/fr\/tienda-online\/pieces-detachees-remplacements-moteur\/collecteurs-dadmission\/collecteur-dadmission-bmw-serie-3-4-5-6-7-x3-x4-x5-x6-11617811909\/#primaryimage\"},\"thumbnailUrl\":\"https:\/\/www.enriquerequena.com\/wp-content\/uploads\/2023\/05\/colector-admision-bmw-serie-3-4-5-6-7-x3-x4-x5-x6-11617811909-1.png\",\"datePublished\":\"2023-05-27T09:23:23+00:00\",\"dateModified\":\"2023-09-06T10:05:05+00:00\",\"description\":\"Collecteur d'admission pour BMW Serie 3, 4, 5, 6, 7, X3, X4, X5 et X6 avec r\u00e9f\u00e9rence 11617811909. Est une piece de BMW neuve avec une garantie d\u2019un an.\",\"breadcrumb\":{\"@id\":\"https:\/\/www.enriquerequena.com\/fr\/tienda-online\/pieces-detachees-remplacements-moteur\/collecteurs-dadmission\/collecteur-dadmission-bmw-serie-3-4-5-6-7-x3-x4-x5-x6-11617811909\/#breadcrumb\"},\"inLanguage\":\"fr-FR\",\"potentialAction\":[{\"@type\":\"ReadAction\",\"target\":[\"https:\/\/www.enriquerequena.com\/fr\/tienda-online\/pieces-detachees-remplacements-moteur\/collecteurs-dadmission\/collecteur-dadmission-bmw-serie-3-4-5-6-7-x3-x4-x5-x6-11617811909\/\"]}]},{\"@type\":\"ImageObject\",\"inLanguage\":\"fr-FR\",\"@id\":\"https:\/\/www.enriquerequena.com\/fr\/tienda-online\/pieces-detachees-remplacements-moteur\/collecteurs-dadmission\/collecteur-dadmission-bmw-serie-3-4-5-6-7-x3-x4-x5-x6-11617811909\/#primaryimage\",\"url\":\"https:\/\/www.enriquerequena.com\/wp-content\/uploads\/2023\/05\/colector-admision-bmw-serie-3-4-5-6-7-x3-x4-x5-x6-11617811909-1.png\",\"contentUrl\":\"https:\/\/www.enriquerequena.com\/wp-content\/uploads\/2023\/05\/colector-admision-bmw-serie-3-4-5-6-7-x3-x4-x5-x6-11617811909-1.png\",\"width\":800,\"height\":800,\"caption\":\"Collecteur d'admission pour BMW Serie 3, 4, 5, 6, 7, X3, X4, X5 et X6 avec r\u00e9f\u00e9rence 11617811909.\"},{\"@type\":\"WebSite\",\"@id\":\"https:\/\/www.enriquerequena.com\/fr\/#website\",\"url\":\"https:\/\/www.enriquerequena.com\/fr\/\",\"name\":\"ENRIQUE REQUENA\",\"description\":\"Sp\u00e9cialistes des transmissions cardan avec des exp\u00e9ditions dans le monde entier et des pi\u00e8ces d\u00e9tach\u00e9es pour voitures, camions et accessoires \u00e0 Valence, en Espagne. Avec vous depuis 1950!\",\"publisher\":{\"@id\":\"https:\/\/www.enriquerequena.com\/fr\/#organization\"},\"potentialAction\":[{\"@type\":\"SearchAction\",\"target\":{\"@type\":\"EntryPoint\",\"urlTemplate\":\"https:\/\/www.enriquerequena.com\/fr\/?s={search_term_string}\"},\"query-input\":{\"@type\":\"PropertyValueSpecification\",\"valueRequired\":true,\"valueName\":\"search_term_string\"}}],\"inLanguage\":\"fr-FR\"},{\"@type\":\"Organization\",\"@id\":\"https:\/\/www.enriquerequena.com\/fr\/#organization\",\"name\":\"Enrique Requena S.L.\",\"url\":\"https:\/\/www.enriquerequena.com\/fr\/\",\"logo\":{\"@type\":\"ImageObject\",\"inLanguage\":\"fr-FR\",\"@id\":\"https:\/\/www.enriquerequena.com\/fr\/#\/schema\/logo\/image\/\",\"url\":\"https:\/\/www.enriquerequena.com\/wp-content\/uploads\/2019\/11\/enrique-requena-recambios-logotipo.jpg\",\"contentUrl\":\"https:\/\/www.enriquerequena.com\/wp-content\/uploads\/2019\/11\/enrique-requena-recambios-logotipo.jpg\",\"width\":381,\"height\":75,\"caption\":\"Enrique Requena S.L.\"},\"image\":{\"@id\":\"https:\/\/www.enriquerequena.com\/fr\/#\/schema\/logo\/image\/\"}}]}<\/script>\n<!-- \/ Yoast SEO plugin. -->","yoast_head_json":{"title":"Collecteur d'admission BMW 11617811909 - Enrique Requena","description":"Collecteur d'admission pour BMW Serie 3, 4, 5, 6, 7, X3, X4, X5 et X6 avec r\u00e9f\u00e9rence 11617811909. Est une piece de BMW neuve avec une garantie d\u2019un an.","robots":{"index":"index","follow":"follow","max-snippet":"max-snippet:-1","max-image-preview":"max-image-preview:large","max-video-preview":"max-video-preview:-1"},"canonical":"https:\/\/www.enriquerequena.com\/fr\/tienda-online\/pieces-detachees-remplacements-moteur\/collecteurs-dadmission\/collecteur-dadmission-bmw-serie-3-4-5-6-7-x3-x4-x5-x6-11617811909\/","og_locale":"fr_FR","og_type":"article","og_title":"Collecteur d'admission BMW 11617811909 - Enrique Requena","og_description":"Collecteur d'admission pour BMW Serie 3, 4, 5, 6, 7, X3, X4, X5 et X6 avec r\u00e9f\u00e9rence 11617811909. Est une piece de BMW neuve avec une garantie d\u2019un an.","og_url":"https:\/\/www.enriquerequena.com\/fr\/tienda-online\/pieces-detachees-remplacements-moteur\/collecteurs-dadmission\/collecteur-dadmission-bmw-serie-3-4-5-6-7-x3-x4-x5-x6-11617811909\/","og_site_name":"ENRIQUE REQUENA","article_modified_time":"2023-09-06T10:05:05+00:00","og_image":[{"width":800,"height":800,"url":"https:\/\/www.enriquerequena.com\/wp-content\/uploads\/2023\/05\/colector-admision-bmw-serie-3-4-5-6-7-x3-x4-x5-x6-11617811909-1.png","type":"image\/png"}],"twitter_card":"summary_large_image","twitter_misc":{"Dur\u00e9e de lecture estim\u00e9e":"1 minute"},"schema":{"@context":"https:\/\/schema.org","@graph":[{"@type":"WebPage","@id":"https:\/\/www.enriquerequena.com\/fr\/tienda-online\/pieces-detachees-remplacements-moteur\/collecteurs-dadmission\/collecteur-dadmission-bmw-serie-3-4-5-6-7-x3-x4-x5-x6-11617811909\/","url":"https:\/\/www.enriquerequena.com\/fr\/tienda-online\/pieces-detachees-remplacements-moteur\/collecteurs-dadmission\/collecteur-dadmission-bmw-serie-3-4-5-6-7-x3-x4-x5-x6-11617811909\/","name":"Collecteur d'admission BMW 11617811909 - Enrique Requena","isPartOf":{"@id":"https:\/\/www.enriquerequena.com\/fr\/#website"},"primaryImageOfPage":{"@id":"https:\/\/www.enriquerequena.com\/fr\/tienda-online\/pieces-detachees-remplacements-moteur\/collecteurs-dadmission\/collecteur-dadmission-bmw-serie-3-4-5-6-7-x3-x4-x5-x6-11617811909\/#primaryimage"},"image":{"@id":"https:\/\/www.enriquerequena.com\/fr\/tienda-online\/pieces-detachees-remplacements-moteur\/collecteurs-dadmission\/collecteur-dadmission-bmw-serie-3-4-5-6-7-x3-x4-x5-x6-11617811909\/#primaryimage"},"thumbnailUrl":"https:\/\/www.enriquerequena.com\/wp-content\/uploads\/2023\/05\/colector-admision-bmw-serie-3-4-5-6-7-x3-x4-x5-x6-11617811909-1.png","datePublished":"2023-05-27T09:23:23+00:00","dateModified":"2023-09-06T10:05:05+00:00","description":"Collecteur d'admission pour BMW Serie 3, 4, 5, 6, 7, X3, X4, X5 et X6 avec r\u00e9f\u00e9rence 11617811909. Est une piece de BMW neuve avec une garantie d\u2019un an.","breadcrumb":{"@id":"https:\/\/www.enriquerequena.com\/fr\/tienda-online\/pieces-detachees-remplacements-moteur\/collecteurs-dadmission\/collecteur-dadmission-bmw-serie-3-4-5-6-7-x3-x4-x5-x6-11617811909\/#breadcrumb"},"inLanguage":"fr-FR","potentialAction":[{"@type":"ReadAction","target":["https:\/\/www.enriquerequena.com\/fr\/tienda-online\/pieces-detachees-remplacements-moteur\/collecteurs-dadmission\/collecteur-dadmission-bmw-serie-3-4-5-6-7-x3-x4-x5-x6-11617811909\/"]}]},{"@type":"ImageObject","inLanguage":"fr-FR","@id":"https:\/\/www.enriquerequena.com\/fr\/tienda-online\/pieces-detachees-remplacements-moteur\/collecteurs-dadmission\/collecteur-dadmission-bmw-serie-3-4-5-6-7-x3-x4-x5-x6-11617811909\/#primaryimage","url":"https:\/\/www.enriquerequena.com\/wp-content\/uploads\/2023\/05\/colector-admision-bmw-serie-3-4-5-6-7-x3-x4-x5-x6-11617811909-1.png","contentUrl":"https:\/\/www.enriquerequena.com\/wp-content\/uploads\/2023\/05\/colector-admision-bmw-serie-3-4-5-6-7-x3-x4-x5-x6-11617811909-1.png","width":800,"height":800,"caption":"Collecteur d'admission pour BMW Serie 3, 4, 5, 6, 7, X3, X4, X5 et X6 avec r\u00e9f\u00e9rence 11617811909."},{"@type":"WebSite","@id":"https:\/\/www.enriquerequena.com\/fr\/#website","url":"https:\/\/www.enriquerequena.com\/fr\/","name":"ENRIQUE REQUENA","description":"Sp\u00e9cialistes des transmissions cardan avec des exp\u00e9ditions dans le monde entier et des pi\u00e8ces d\u00e9tach\u00e9es pour voitures, camions et accessoires \u00e0 Valence, en Espagne. Avec vous depuis 1950!","publisher":{"@id":"https:\/\/www.enriquerequena.com\/fr\/#organization"},"potentialAction":[{"@type":"SearchAction","target":{"@type":"EntryPoint","urlTemplate":"https:\/\/www.enriquerequena.com\/fr\/?s={search_term_string}"},"query-input":{"@type":"PropertyValueSpecification","valueRequired":true,"valueName":"search_term_string"}}],"inLanguage":"fr-FR"},{"@type":"Organization","@id":"https:\/\/www.enriquerequena.com\/fr\/#organization","name":"Enrique Requena S.L.","url":"https:\/\/www.enriquerequena.com\/fr\/","logo":{"@type":"ImageObject","inLanguage":"fr-FR","@id":"https:\/\/www.enriquerequena.com\/fr\/#\/schema\/logo\/image\/","url":"https:\/\/www.enriquerequena.com\/wp-content\/uploads\/2019\/11\/enrique-requena-recambios-logotipo.jpg","contentUrl":"https:\/\/www.enriquerequena.com\/wp-content\/uploads\/2019\/11\/enrique-requena-recambios-logotipo.jpg","width":381,"height":75,"caption":"Enrique Requena S.L."},"image":{"@id":"https:\/\/www.enriquerequena.com\/fr\/#\/schema\/logo\/image\/"}}]}},"_links":{"self":[{"href":"https:\/\/www.enriquerequena.com\/fr\/wp-json\/wp\/v2\/product\/27742","targetHints":{"allow":["GET"]}}],"collection":[{"href":"https:\/\/www.enriquerequena.com\/fr\/wp-json\/wp\/v2\/product"}],"about":[{"href":"https:\/\/www.enriquerequena.com\/fr\/wp-json\/wp\/v2\/types\/product"}],"wp:featuredmedia":[{"embeddable":true,"href":"https:\/\/www.enriquerequena.com\/fr\/wp-json\/wp\/v2\/media\/27748"}],"wp:attachment":[{"href":"https:\/\/www.enriquerequena.com\/fr\/wp-json\/wp\/v2\/media?parent=27742"}],"wp:term":[{"taxonomy":"product_brand","embeddable":true,"href":"https:\/\/www.enriquerequena.com\/fr\/wp-json\/wp\/v2\/product_brand?post=27742"},{"taxonomy":"product_cat","embeddable":true,"href":"https:\/\/www.enriquerequena.com\/fr\/wp-json\/wp\/v2\/product_cat?post=27742"},{"taxonomy":"product_tag","embeddable":true,"href":"https:\/\/www.enriquerequena.com\/fr\/wp-json\/wp\/v2\/product_tag?post=27742"}],"curies":[{"name":"wp","href":"https:\/\/api.w.org\/{rel}","templated":true}]}}