{"id":27770,"date":"2023-06-02T17:31:36","date_gmt":"2023-06-02T15:31:36","guid":{"rendered":"https:\/\/www.enriquerequena.com\/?post_type=product&#038;p=27770"},"modified":"2023-09-06T12:04:53","modified_gmt":"2023-09-06T10:04:53","slug":"collecteur-dadmission-mercedes-clase-c-e-m-clk-6120900337-6120901937-6120901037","status":"publish","type":"product","link":"https:\/\/www.enriquerequena.com\/fr\/tienda-online\/pieces-detachees-remplacements-moteur\/collecteurs-dadmission\/collecteur-dadmission-mercedes-clase-c-e-m-clk-6120900337-6120901937-6120901037\/","title":{"rendered":"Collecteur D&rsquo;Admission Mercedes CLASE C, E, M and CLK &#8211; 6120900337 \/ 6120901937 \/ 6120901037"},"content":{"rendered":"<p><strong>Collecteur d&rsquo;admission pour Mercedes CLASE C, E, M and CLK <\/strong>avec r\u00e9f\u00e9rences 6120900337, 6120901937 et 6120901037. Est une piece <strong>neuve avec une garantie d\u2019un an<\/strong>. C\u2019est le choix le plus \u00e9conomique.<\/p>\n<p>Nos pi\u00e8ces sont similaires \u00e0 ceux des OEM avec les meilleurs prix du march\u00e9.<\/p>\n<p>Nous avons une exp\u00e9rience de 70 ans dans le commerce de pi\u00e8ces et connaissons tr\u00e8s bien le sujet.<\/p>\n<p>N\u00b4h\u00e9sitez pas \u00e0 nous consulter pour d\u00b4autres mod\u00e8les de tout type de v\u00e9hicule. Nous vendons des pi\u00e8ces d\u00e9tach\u00e9es ou pi\u00e8ces de rechange \u00e0 Valence depuis 1950 et nous vendons aussi en ligne dans le monde entier.<\/p>\n<p>Caract\u00e9ristiques techniques Collecteur d&rsquo;admission Mercedes 6120900337:<\/p>\n<ul>\n<li>Pi\u00e8ce de rechange: Collecteur D&rsquo;Admission<\/li>\n<li>Mod\u00e8le:\n<ul>\n<li>CLASE C (W203) C 270 CDI (203.016)<\/li>\n<li>CLASE C T-Model (S203) C 270 CDI (203.216)<\/li>\n<li>CLASE E (W210) E 270 CDI (210.016)<\/li>\n<li>CLASE E (W211) E 270 CDI (211.016)<\/li>\n<li>CLASE E T-Model (S210) E 270 T CDI (210.216)<\/li>\n<li>CLASE E T-Model (S211) E 270 T CDI (211.216)<\/li>\n<li>CLASE M (W163) ML 270 CDI (163.113)<\/li>\n<li>CLK (C209) CLK 270 CDI (209.316)<\/li>\n<\/ul>\n<\/li>\n<li>Etat: pi\u00e8ce neuve<\/li>\n<li>Garantie d\u2019un an<\/li>\n<li>Hauteur de l&#8217;emballage: 20,5 cm<\/li>\n<li>Article compl\u00e9mentaire\/Info compl\u00e9mentaire: avec joints<\/li>\n<li>Largeur de l&#8217;emballage: 36,3 cm<\/li>\n<li>Mat\u00e9riau du bo\u00eetier Polyamide: 6.6<\/li>\n<li>Poids: 4,339 kg<\/li>\n<li>Type de carburant: Diesel<\/li>\n<li>R\u00e9f\u00e9rences:\n<ul>\n<li>\u00a06120900337<\/li>\n<li>\u00a06120901937<\/li>\n<li>6120901037<\/li>\n<\/ul>\n<\/li>\n<\/ul>\n","protected":false},"excerpt":{"rendered":"<p><strong>Collecteur d&rsquo;admission pour Mercedes CLASE C, E, M and CLK<\/strong> avec r\u00e9f\u00e9rences <strong>6120900337, 6120901937 et 6120901037. <\/strong>Est une piece de BMW neuve avec une garantie d\u2019un an.<\/p>\n","protected":false},"featured_media":27773,"template":"","meta":[],"product_brand":[],"product_cat":[10077,9839,198,135],"product_tag":[],"class_list":{"0":"post-27770","1":"product","2":"type-product","3":"status-publish","4":"has-post-thumbnail","6":"product_cat-collecteurs-dadmission","7":"product_cat-pieces-detachees-remplacements-moteur","8":"product_cat-moteur-voiture","9":"product_cat-pieces-rechange-voiture","10":"pa_manufacturer-mercedes-benz","11":"pa_tipo-4x4","13":"first","14":"instock","15":"taxable","16":"shipping-taxable","17":"purchasable","18":"product-type-simple"},"yoast_head":"<!-- This site is optimized with the Yoast SEO plugin v27.1.1 - https:\/\/yoast.com\/product\/yoast-seo-wordpress\/ -->\n<title>Collecteur d&#039;admission Mercedes 6120900337 - Enrique Requena<\/title>\n<meta name=\"description\" content=\"Collecteur d&#039;admission pour Mercedes CLASE C, E, M and CLK avec r\u00e9f\u00e9rences 6120900337, 6120901937 et 6120901037. Est une piece de BMW neuve.\" \/>\n<meta name=\"robots\" content=\"index, follow, max-snippet:-1, max-image-preview:large, max-video-preview:-1\" \/>\n<link rel=\"canonical\" href=\"https:\/\/www.enriquerequena.com\/fr\/tienda-online\/pieces-detachees-remplacements-moteur\/collecteurs-dadmission\/collecteur-dadmission-mercedes-clase-c-e-m-clk-6120900337-6120901937-6120901037\/\" \/>\n<meta property=\"og:locale\" content=\"fr_FR\" \/>\n<meta property=\"og:type\" content=\"article\" \/>\n<meta property=\"og:title\" content=\"Collecteur d&#039;admission Mercedes 6120900337 - Enrique Requena\" \/>\n<meta property=\"og:description\" content=\"Collecteur d&#039;admission pour Mercedes CLASE C, E, M and CLK avec r\u00e9f\u00e9rences 6120900337, 6120901937 et 6120901037. Est une piece de BMW neuve.\" \/>\n<meta property=\"og:url\" content=\"https:\/\/www.enriquerequena.com\/fr\/tienda-online\/pieces-detachees-remplacements-moteur\/collecteurs-dadmission\/collecteur-dadmission-mercedes-clase-c-e-m-clk-6120900337-6120901937-6120901037\/\" \/>\n<meta property=\"og:site_name\" content=\"ENRIQUE REQUENA\" \/>\n<meta property=\"article:modified_time\" content=\"2023-09-06T10:04:53+00:00\" \/>\n<meta property=\"og:image\" content=\"https:\/\/www.enriquerequena.com\/wp-content\/uploads\/2023\/05\/colector-admision-bmw-clase-c-e-m-clk-6120900337-6120901937-6120901037.png\" \/>\n\t<meta property=\"og:image:width\" content=\"800\" \/>\n\t<meta property=\"og:image:height\" content=\"800\" \/>\n\t<meta property=\"og:image:type\" content=\"image\/png\" \/>\n<meta name=\"twitter:card\" content=\"summary_large_image\" \/>\n<meta name=\"twitter:label1\" content=\"Dur\u00e9e de lecture estim\u00e9e\" \/>\n\t<meta name=\"twitter:data1\" content=\"1 minute\" \/>\n<script type=\"application\/ld+json\" class=\"yoast-schema-graph\">{\"@context\":\"https:\/\/schema.org\",\"@graph\":[{\"@type\":\"WebPage\",\"@id\":\"https:\/\/www.enriquerequena.com\/fr\/tienda-online\/pieces-detachees-remplacements-moteur\/collecteurs-dadmission\/collecteur-dadmission-mercedes-clase-c-e-m-clk-6120900337-6120901937-6120901037\/\",\"url\":\"https:\/\/www.enriquerequena.com\/fr\/tienda-online\/pieces-detachees-remplacements-moteur\/collecteurs-dadmission\/collecteur-dadmission-mercedes-clase-c-e-m-clk-6120900337-6120901937-6120901037\/\",\"name\":\"Collecteur d'admission Mercedes 6120900337 - Enrique Requena\",\"isPartOf\":{\"@id\":\"https:\/\/www.enriquerequena.com\/fr\/#website\"},\"primaryImageOfPage\":{\"@id\":\"https:\/\/www.enriquerequena.com\/fr\/tienda-online\/pieces-detachees-remplacements-moteur\/collecteurs-dadmission\/collecteur-dadmission-mercedes-clase-c-e-m-clk-6120900337-6120901937-6120901037\/#primaryimage\"},\"image\":{\"@id\":\"https:\/\/www.enriquerequena.com\/fr\/tienda-online\/pieces-detachees-remplacements-moteur\/collecteurs-dadmission\/collecteur-dadmission-mercedes-clase-c-e-m-clk-6120900337-6120901937-6120901037\/#primaryimage\"},\"thumbnailUrl\":\"https:\/\/www.enriquerequena.com\/wp-content\/uploads\/2023\/05\/colector-admision-bmw-clase-c-e-m-clk-6120900337-6120901937-6120901037.png\",\"datePublished\":\"2023-06-02T15:31:36+00:00\",\"dateModified\":\"2023-09-06T10:04:53+00:00\",\"description\":\"Collecteur d'admission pour Mercedes CLASE C, E, M and CLK avec r\u00e9f\u00e9rences 6120900337, 6120901937 et 6120901037. Est une piece de BMW neuve.\",\"breadcrumb\":{\"@id\":\"https:\/\/www.enriquerequena.com\/fr\/tienda-online\/pieces-detachees-remplacements-moteur\/collecteurs-dadmission\/collecteur-dadmission-mercedes-clase-c-e-m-clk-6120900337-6120901937-6120901037\/#breadcrumb\"},\"inLanguage\":\"fr-FR\",\"potentialAction\":[{\"@type\":\"ReadAction\",\"target\":[\"https:\/\/www.enriquerequena.com\/fr\/tienda-online\/pieces-detachees-remplacements-moteur\/collecteurs-dadmission\/collecteur-dadmission-mercedes-clase-c-e-m-clk-6120900337-6120901937-6120901037\/\"]}]},{\"@type\":\"ImageObject\",\"inLanguage\":\"fr-FR\",\"@id\":\"https:\/\/www.enriquerequena.com\/fr\/tienda-online\/pieces-detachees-remplacements-moteur\/collecteurs-dadmission\/collecteur-dadmission-mercedes-clase-c-e-m-clk-6120900337-6120901937-6120901037\/#primaryimage\",\"url\":\"https:\/\/www.enriquerequena.com\/wp-content\/uploads\/2023\/05\/colector-admision-bmw-clase-c-e-m-clk-6120900337-6120901937-6120901037.png\",\"contentUrl\":\"https:\/\/www.enriquerequena.com\/wp-content\/uploads\/2023\/05\/colector-admision-bmw-clase-c-e-m-clk-6120900337-6120901937-6120901037.png\",\"width\":800,\"height\":800,\"caption\":\"Collecteur d'admission pour Mercedes CLASE C, E, M and CLK avec r\u00e9f\u00e9rences 6120900337, 6120901937 et 6120901037.\"},{\"@type\":\"WebSite\",\"@id\":\"https:\/\/www.enriquerequena.com\/fr\/#website\",\"url\":\"https:\/\/www.enriquerequena.com\/fr\/\",\"name\":\"ENRIQUE REQUENA\",\"description\":\"Sp\u00e9cialistes des transmissions cardan avec des exp\u00e9ditions dans le monde entier et des pi\u00e8ces d\u00e9tach\u00e9es pour voitures, camions et accessoires \u00e0 Valence, en Espagne. Avec vous depuis 1950!\",\"publisher\":{\"@id\":\"https:\/\/www.enriquerequena.com\/fr\/#organization\"},\"potentialAction\":[{\"@type\":\"SearchAction\",\"target\":{\"@type\":\"EntryPoint\",\"urlTemplate\":\"https:\/\/www.enriquerequena.com\/fr\/?s={search_term_string}\"},\"query-input\":{\"@type\":\"PropertyValueSpecification\",\"valueRequired\":true,\"valueName\":\"search_term_string\"}}],\"inLanguage\":\"fr-FR\"},{\"@type\":\"Organization\",\"@id\":\"https:\/\/www.enriquerequena.com\/fr\/#organization\",\"name\":\"Enrique Requena S.L.\",\"url\":\"https:\/\/www.enriquerequena.com\/fr\/\",\"logo\":{\"@type\":\"ImageObject\",\"inLanguage\":\"fr-FR\",\"@id\":\"https:\/\/www.enriquerequena.com\/fr\/#\/schema\/logo\/image\/\",\"url\":\"https:\/\/www.enriquerequena.com\/wp-content\/uploads\/2019\/11\/enrique-requena-recambios-logotipo.jpg\",\"contentUrl\":\"https:\/\/www.enriquerequena.com\/wp-content\/uploads\/2019\/11\/enrique-requena-recambios-logotipo.jpg\",\"width\":381,\"height\":75,\"caption\":\"Enrique Requena S.L.\"},\"image\":{\"@id\":\"https:\/\/www.enriquerequena.com\/fr\/#\/schema\/logo\/image\/\"}}]}<\/script>\n<!-- \/ Yoast SEO plugin. -->","yoast_head_json":{"title":"Collecteur d'admission Mercedes 6120900337 - Enrique Requena","description":"Collecteur d'admission pour Mercedes CLASE C, E, M and CLK avec r\u00e9f\u00e9rences 6120900337, 6120901937 et 6120901037. Est une piece de BMW neuve.","robots":{"index":"index","follow":"follow","max-snippet":"max-snippet:-1","max-image-preview":"max-image-preview:large","max-video-preview":"max-video-preview:-1"},"canonical":"https:\/\/www.enriquerequena.com\/fr\/tienda-online\/pieces-detachees-remplacements-moteur\/collecteurs-dadmission\/collecteur-dadmission-mercedes-clase-c-e-m-clk-6120900337-6120901937-6120901037\/","og_locale":"fr_FR","og_type":"article","og_title":"Collecteur d'admission Mercedes 6120900337 - Enrique Requena","og_description":"Collecteur d'admission pour Mercedes CLASE C, E, M and CLK avec r\u00e9f\u00e9rences 6120900337, 6120901937 et 6120901037. Est une piece de BMW neuve.","og_url":"https:\/\/www.enriquerequena.com\/fr\/tienda-online\/pieces-detachees-remplacements-moteur\/collecteurs-dadmission\/collecteur-dadmission-mercedes-clase-c-e-m-clk-6120900337-6120901937-6120901037\/","og_site_name":"ENRIQUE REQUENA","article_modified_time":"2023-09-06T10:04:53+00:00","og_image":[{"width":800,"height":800,"url":"https:\/\/www.enriquerequena.com\/wp-content\/uploads\/2023\/05\/colector-admision-bmw-clase-c-e-m-clk-6120900337-6120901937-6120901037.png","type":"image\/png"}],"twitter_card":"summary_large_image","twitter_misc":{"Dur\u00e9e de lecture estim\u00e9e":"1 minute"},"schema":{"@context":"https:\/\/schema.org","@graph":[{"@type":"WebPage","@id":"https:\/\/www.enriquerequena.com\/fr\/tienda-online\/pieces-detachees-remplacements-moteur\/collecteurs-dadmission\/collecteur-dadmission-mercedes-clase-c-e-m-clk-6120900337-6120901937-6120901037\/","url":"https:\/\/www.enriquerequena.com\/fr\/tienda-online\/pieces-detachees-remplacements-moteur\/collecteurs-dadmission\/collecteur-dadmission-mercedes-clase-c-e-m-clk-6120900337-6120901937-6120901037\/","name":"Collecteur d'admission Mercedes 6120900337 - Enrique Requena","isPartOf":{"@id":"https:\/\/www.enriquerequena.com\/fr\/#website"},"primaryImageOfPage":{"@id":"https:\/\/www.enriquerequena.com\/fr\/tienda-online\/pieces-detachees-remplacements-moteur\/collecteurs-dadmission\/collecteur-dadmission-mercedes-clase-c-e-m-clk-6120900337-6120901937-6120901037\/#primaryimage"},"image":{"@id":"https:\/\/www.enriquerequena.com\/fr\/tienda-online\/pieces-detachees-remplacements-moteur\/collecteurs-dadmission\/collecteur-dadmission-mercedes-clase-c-e-m-clk-6120900337-6120901937-6120901037\/#primaryimage"},"thumbnailUrl":"https:\/\/www.enriquerequena.com\/wp-content\/uploads\/2023\/05\/colector-admision-bmw-clase-c-e-m-clk-6120900337-6120901937-6120901037.png","datePublished":"2023-06-02T15:31:36+00:00","dateModified":"2023-09-06T10:04:53+00:00","description":"Collecteur d'admission pour Mercedes CLASE C, E, M and CLK avec r\u00e9f\u00e9rences 6120900337, 6120901937 et 6120901037. Est une piece de BMW neuve.","breadcrumb":{"@id":"https:\/\/www.enriquerequena.com\/fr\/tienda-online\/pieces-detachees-remplacements-moteur\/collecteurs-dadmission\/collecteur-dadmission-mercedes-clase-c-e-m-clk-6120900337-6120901937-6120901037\/#breadcrumb"},"inLanguage":"fr-FR","potentialAction":[{"@type":"ReadAction","target":["https:\/\/www.enriquerequena.com\/fr\/tienda-online\/pieces-detachees-remplacements-moteur\/collecteurs-dadmission\/collecteur-dadmission-mercedes-clase-c-e-m-clk-6120900337-6120901937-6120901037\/"]}]},{"@type":"ImageObject","inLanguage":"fr-FR","@id":"https:\/\/www.enriquerequena.com\/fr\/tienda-online\/pieces-detachees-remplacements-moteur\/collecteurs-dadmission\/collecteur-dadmission-mercedes-clase-c-e-m-clk-6120900337-6120901937-6120901037\/#primaryimage","url":"https:\/\/www.enriquerequena.com\/wp-content\/uploads\/2023\/05\/colector-admision-bmw-clase-c-e-m-clk-6120900337-6120901937-6120901037.png","contentUrl":"https:\/\/www.enriquerequena.com\/wp-content\/uploads\/2023\/05\/colector-admision-bmw-clase-c-e-m-clk-6120900337-6120901937-6120901037.png","width":800,"height":800,"caption":"Collecteur d'admission pour Mercedes CLASE C, E, M and CLK avec r\u00e9f\u00e9rences 6120900337, 6120901937 et 6120901037."},{"@type":"WebSite","@id":"https:\/\/www.enriquerequena.com\/fr\/#website","url":"https:\/\/www.enriquerequena.com\/fr\/","name":"ENRIQUE REQUENA","description":"Sp\u00e9cialistes des transmissions cardan avec des exp\u00e9ditions dans le monde entier et des pi\u00e8ces d\u00e9tach\u00e9es pour voitures, camions et accessoires \u00e0 Valence, en Espagne. Avec vous depuis 1950!","publisher":{"@id":"https:\/\/www.enriquerequena.com\/fr\/#organization"},"potentialAction":[{"@type":"SearchAction","target":{"@type":"EntryPoint","urlTemplate":"https:\/\/www.enriquerequena.com\/fr\/?s={search_term_string}"},"query-input":{"@type":"PropertyValueSpecification","valueRequired":true,"valueName":"search_term_string"}}],"inLanguage":"fr-FR"},{"@type":"Organization","@id":"https:\/\/www.enriquerequena.com\/fr\/#organization","name":"Enrique Requena S.L.","url":"https:\/\/www.enriquerequena.com\/fr\/","logo":{"@type":"ImageObject","inLanguage":"fr-FR","@id":"https:\/\/www.enriquerequena.com\/fr\/#\/schema\/logo\/image\/","url":"https:\/\/www.enriquerequena.com\/wp-content\/uploads\/2019\/11\/enrique-requena-recambios-logotipo.jpg","contentUrl":"https:\/\/www.enriquerequena.com\/wp-content\/uploads\/2019\/11\/enrique-requena-recambios-logotipo.jpg","width":381,"height":75,"caption":"Enrique Requena S.L."},"image":{"@id":"https:\/\/www.enriquerequena.com\/fr\/#\/schema\/logo\/image\/"}}]}},"_links":{"self":[{"href":"https:\/\/www.enriquerequena.com\/fr\/wp-json\/wp\/v2\/product\/27770","targetHints":{"allow":["GET"]}}],"collection":[{"href":"https:\/\/www.enriquerequena.com\/fr\/wp-json\/wp\/v2\/product"}],"about":[{"href":"https:\/\/www.enriquerequena.com\/fr\/wp-json\/wp\/v2\/types\/product"}],"wp:featuredmedia":[{"embeddable":true,"href":"https:\/\/www.enriquerequena.com\/fr\/wp-json\/wp\/v2\/media\/27773"}],"wp:attachment":[{"href":"https:\/\/www.enriquerequena.com\/fr\/wp-json\/wp\/v2\/media?parent=27770"}],"wp:term":[{"taxonomy":"product_brand","embeddable":true,"href":"https:\/\/www.enriquerequena.com\/fr\/wp-json\/wp\/v2\/product_brand?post=27770"},{"taxonomy":"product_cat","embeddable":true,"href":"https:\/\/www.enriquerequena.com\/fr\/wp-json\/wp\/v2\/product_cat?post=27770"},{"taxonomy":"product_tag","embeddable":true,"href":"https:\/\/www.enriquerequena.com\/fr\/wp-json\/wp\/v2\/product_tag?post=27770"}],"curies":[{"name":"wp","href":"https:\/\/api.w.org\/{rel}","templated":true}]}}