{"id":27794,"date":"2023-06-05T12:23:55","date_gmt":"2023-06-05T10:23:55","guid":{"rendered":"https:\/\/www.enriquerequena.com\/?post_type=product&#038;p=27794"},"modified":"2024-05-03T10:54:52","modified_gmt":"2024-05-03T08:54:52","slug":"element-dajustage-soupapes-turburlence-mercedes-clase-c-e-g-m-clc-clk-6111500294-6111500194-6111500094","status":"publish","type":"product","link":"https:\/\/www.enriquerequena.com\/fr\/tienda-online\/pieces-rechange-voiture\/moteur-voiture\/element-dajustage-soupapes-turburlence-mercedes-clase-c-e-g-m-clc-clk-6111500294-6111500194-6111500094\/","title":{"rendered":"Element d&rsquo;ajustage soupapes turburlence Mercedes CLASE C, E, G, M, CLK et CLC &#8211; 6111500294 \/ 6111500194 \/ 6111500094"},"content":{"rendered":"<p><strong>Element d&rsquo;ajustage soupapes turburlence pour Collecteur d&rsquo;admission pour Mercedes CLASE C, E, G, M, CLK et CLC <\/strong>avec r\u00e9f\u00e9rences 6111500294, 6111500194 et 6111500094 est <strong>neuve avec une garantie d\u2019un an<\/strong>. C\u2019est le choix le plus \u00e9conomique.<\/p>\n<p>Nos pi\u00e8ces sont similaires \u00e0 ceux des OEM avec les meilleurs prix du march\u00e9.<\/p>\n<p>Nous avons une exp\u00e9rience de 70 ans dans le commerce de pi\u00e8ces et connaissons tr\u00e8s bien le sujet.<\/p>\n<p>N\u00b4h\u00e9sitez pas \u00e0 nous consulter pour d\u00b4autres mod\u00e8les de tout type de v\u00e9hicule. Nous vendons des pi\u00e8ces d\u00e9tach\u00e9es ou pi\u00e8ces de rechange \u00e0 Valence depuis 1950 et nous vendons aussi en ligne dans le monde entier.<\/p>\n<p>Caract\u00e9ristiques techniques Element d&rsquo;ajustage soupapes turburlence Mercedes 6111500294:<\/p>\n<ul>\n<li>Pi\u00e8ce de rechange: Element d&rsquo;ajustage soupapes turburlence pour Collecteur d&rsquo;admission<\/li>\n<li>Mod\u00e8le:\n<ul>\n<li>CLASE C (W203) C 200 CDI (203.004)<\/li>\n<li>CLASE C (W203) C 200 CDI (203.004)<\/li>\n<li>CLASE C (W203) C 200 CDI (203.007)<\/li>\n<li>CLASE C (W203) C 220 CDI (203.006)<\/li>\n<li>CLASE C (W203) C 220 CDI (203.006, 203.008)<\/li>\n<li>CLASE C (W203) C 220 CDI (203.008)<\/li>\n<li>CLASE C (W203) C 270 CDI (203.016)<\/li>\n<li>CLASE C Coup\u00e9 (CL203) C 200 CDI (203.707)<\/li>\n<li>CLASE C Coup\u00e9 (CL203) C 220 CDI (203.706)<\/li>\n<li>CLASE C Coup\u00e9 (CL203) C 220 CDI (203.708)<\/li>\n<li>CLASE C T-Model (S203) C 200 CDI (203.204)<\/li>\n<li>CLASE C T-Model (S203) C 200 CDI (203.204)<\/li>\n<li>CLASE C T-Model (S203) C 200 CDI (203.207)<\/li>\n<li>CLASE C T-Model (S203) C 220 CDI (203.206, 203.208)<\/li>\n<li>CLASE C T-Model (S203) C 220 CDI (203.208)<\/li>\n<li>CLASE C T-Model (S203) C 220 CDI (203.208)<\/li>\n<li>CLASE C T-Model (S203) C 270 CDI (203.216)<\/li>\n<li>CLASE CLC (CL203) CLC 200 CDI (203.707)<\/li>\n<li>CLASE CLC (CL203) CLC 220 CDI (203.708)<\/li>\n<li>CLASE E (W210) E 200 CDI (210.007)<\/li>\n<li>CLASE E (W210) E 200 CDI (210.007)<\/li>\n<li>CLASE E (W210) E 220 CDI (210.006)<\/li>\n<li>CLASE E (W210) E 220 CDI (210.006)<\/li>\n<li>CLASE E (W210) E 220 CDI (210.006)<\/li>\n<li>CLASE E (W210) E 270 CDI (210.016)<\/li>\n<li>CLASE E (W211) E 200 CDI (211.004)<\/li>\n<li>CLASE E (W211) E 200 CDI (211.004)<\/li>\n<li>CLASE E (W211) E 220 CDI (211.006)<\/li>\n<li>CLASE E (W211) E 220 CDI (211.006)<\/li>\n<li>CLASE E (W211) E 270 CDI (211.016)<\/li>\n<li>CLASE E (W211) E 270 CDI (211.016)<\/li>\n<li>CLASE E T-Model (S210) E 220 T CDI (210.206)<\/li>\n<li>CLASE E T-Model (S210) E 220 T CDI (210.206)<\/li>\n<li>CLASE E T-Model (S210) E 270 T CDI<\/li>\n<li>CLASE E T-Model (S210) E 270 T CDI (210.216)<\/li>\n<li>CLASE E T-Model (S211) E 220 CDI (211.206)<\/li>\n<li>CLASE E T-Model (S211) E 220 T CDI (211.206)<\/li>\n<li>CLASE E T-Model (S211) E 270 T CDI (211.216)<\/li>\n<li>CLASE E T-Model (S211) E 270 T CDI (211.216)<\/li>\n<li>CLASE G (W463) G 270 CDI (463.322, 463.323)<\/li>\n<li>CLASE M (W163) ML 270 CDI (163.113)<\/li>\n<li>CLK (C209) CLK 220 CDI (209.308)<\/li>\n<li>CLK (C209) CLK 220 CDI (209.308)<\/li>\n<li>CLK (C209) CLK 270 CDI (209.316)<\/li>\n<\/ul>\n<\/li>\n<li>Etat: pi\u00e8ce neuve<\/li>\n<li>Garantie d\u2019un an<\/li>\n<li>R\u00e9f\u00e9rences:\n<ul>\n<li>6111500294<\/li>\n<li>6111500194<\/li>\n<li>6111500094<\/li>\n<\/ul>\n<\/li>\n<\/ul>\n","protected":false},"excerpt":{"rendered":"<p><strong>Element d&rsquo;ajustage soupapes turburlence pour Collecteur d&rsquo;admission pour Mercedes CLASE C, E, G, M, CLK et CLC <\/strong>avec r\u00e9f\u00e9rences<strong> 6111500294, 6111500194 et 6111500094. <\/strong>Est une piece neuve avec une garantie d\u2019un an.<\/p>\n","protected":false},"featured_media":27798,"template":"","meta":[],"product_brand":[],"product_cat":[198,135],"product_tag":[],"class_list":{"0":"post-27794","1":"product","2":"type-product","3":"status-publish","4":"has-post-thumbnail","6":"product_cat-moteur-voiture","7":"product_cat-pieces-rechange-voiture","8":"pa_manufacturer-mercedes-benz","9":"pa_tipo-4x4","11":"first","12":"outofstock","13":"taxable","14":"shipping-taxable","15":"purchasable","16":"product-type-simple"},"yoast_head":"<!-- This site is optimized with the Yoast SEO plugin v27.5 - https:\/\/yoast.com\/product\/yoast-seo-wordpress\/ -->\n<title>Element d&#039;ajustage soupapes turburlence Mercedes 6111500294<\/title>\n<meta name=\"description\" content=\"Element d&#039;ajustage soupapes turburlence pour Collecteur d&#039;admission pour Mercedes CLASE C, E, G, M, CLK et CLC 6111500294, 6111500194 et 6111500094.\" \/>\n<meta name=\"robots\" content=\"index, follow, max-snippet:-1, max-image-preview:large, max-video-preview:-1\" \/>\n<link rel=\"canonical\" href=\"https:\/\/www.enriquerequena.com\/fr\/tienda-online\/pieces-rechange-voiture\/moteur-voiture\/element-dajustage-soupapes-turburlence-mercedes-clase-c-e-g-m-clc-clk-6111500294-6111500194-6111500094\/\" \/>\n<meta property=\"og:locale\" content=\"fr_FR\" \/>\n<meta property=\"og:type\" content=\"article\" \/>\n<meta property=\"og:title\" content=\"Element d&#039;ajustage soupapes turburlence Mercedes 6111500294\" \/>\n<meta property=\"og:description\" content=\"Element d&#039;ajustage soupapes turburlence pour Collecteur d&#039;admission pour Mercedes CLASE C, E, G, M, CLK et CLC 6111500294, 6111500194 et 6111500094.\" \/>\n<meta property=\"og:url\" content=\"https:\/\/www.enriquerequena.com\/fr\/tienda-online\/pieces-rechange-voiture\/moteur-voiture\/element-dajustage-soupapes-turburlence-mercedes-clase-c-e-g-m-clc-clk-6111500294-6111500194-6111500094\/\" \/>\n<meta property=\"og:site_name\" content=\"ENRIQUE REQUENA\" \/>\n<meta property=\"article:modified_time\" content=\"2024-05-03T08:54:52+00:00\" \/>\n<meta property=\"og:image\" content=\"https:\/\/www.enriquerequena.com\/wp-content\/uploads\/2023\/06\/motor-actuador-mercedes-clase-c-e-g-m-clc-clk-6111500294-6111500194-6111500094.png\" \/>\n\t<meta property=\"og:image:width\" content=\"800\" \/>\n\t<meta property=\"og:image:height\" content=\"800\" \/>\n\t<meta property=\"og:image:type\" content=\"image\/png\" \/>\n<meta name=\"twitter:card\" content=\"summary_large_image\" \/>\n<meta name=\"twitter:label1\" content=\"Dur\u00e9e de lecture estim\u00e9e\" \/>\n\t<meta name=\"twitter:data1\" content=\"3 minutes\" \/>\n<script type=\"application\/ld+json\" class=\"yoast-schema-graph\">{\"@context\":\"https:\\\/\\\/schema.org\",\"@graph\":[{\"@type\":\"WebPage\",\"@id\":\"https:\\\/\\\/www.enriquerequena.com\\\/fr\\\/tienda-online\\\/pieces-rechange-voiture\\\/moteur-voiture\\\/element-dajustage-soupapes-turburlence-mercedes-clase-c-e-g-m-clc-clk-6111500294-6111500194-6111500094\\\/\",\"url\":\"https:\\\/\\\/www.enriquerequena.com\\\/fr\\\/tienda-online\\\/pieces-rechange-voiture\\\/moteur-voiture\\\/element-dajustage-soupapes-turburlence-mercedes-clase-c-e-g-m-clc-clk-6111500294-6111500194-6111500094\\\/\",\"name\":\"Element d'ajustage soupapes turburlence Mercedes 6111500294\",\"isPartOf\":{\"@id\":\"https:\\\/\\\/www.enriquerequena.com\\\/fr\\\/#website\"},\"primaryImageOfPage\":{\"@id\":\"https:\\\/\\\/www.enriquerequena.com\\\/fr\\\/tienda-online\\\/pieces-rechange-voiture\\\/moteur-voiture\\\/element-dajustage-soupapes-turburlence-mercedes-clase-c-e-g-m-clc-clk-6111500294-6111500194-6111500094\\\/#primaryimage\"},\"image\":{\"@id\":\"https:\\\/\\\/www.enriquerequena.com\\\/fr\\\/tienda-online\\\/pieces-rechange-voiture\\\/moteur-voiture\\\/element-dajustage-soupapes-turburlence-mercedes-clase-c-e-g-m-clc-clk-6111500294-6111500194-6111500094\\\/#primaryimage\"},\"thumbnailUrl\":\"https:\\\/\\\/www.enriquerequena.com\\\/wp-content\\\/uploads\\\/2023\\\/06\\\/motor-actuador-mercedes-clase-c-e-g-m-clc-clk-6111500294-6111500194-6111500094.png\",\"datePublished\":\"2023-06-05T10:23:55+00:00\",\"dateModified\":\"2024-05-03T08:54:52+00:00\",\"description\":\"Element d'ajustage soupapes turburlence pour Collecteur d'admission pour Mercedes CLASE C, E, G, M, CLK et CLC 6111500294, 6111500194 et 6111500094.\",\"breadcrumb\":{\"@id\":\"https:\\\/\\\/www.enriquerequena.com\\\/fr\\\/tienda-online\\\/pieces-rechange-voiture\\\/moteur-voiture\\\/element-dajustage-soupapes-turburlence-mercedes-clase-c-e-g-m-clc-clk-6111500294-6111500194-6111500094\\\/#breadcrumb\"},\"inLanguage\":\"fr-FR\",\"potentialAction\":[{\"@type\":\"ReadAction\",\"target\":[\"https:\\\/\\\/www.enriquerequena.com\\\/fr\\\/tienda-online\\\/pieces-rechange-voiture\\\/moteur-voiture\\\/element-dajustage-soupapes-turburlence-mercedes-clase-c-e-g-m-clc-clk-6111500294-6111500194-6111500094\\\/\"]}]},{\"@type\":\"ImageObject\",\"inLanguage\":\"fr-FR\",\"@id\":\"https:\\\/\\\/www.enriquerequena.com\\\/fr\\\/tienda-online\\\/pieces-rechange-voiture\\\/moteur-voiture\\\/element-dajustage-soupapes-turburlence-mercedes-clase-c-e-g-m-clc-clk-6111500294-6111500194-6111500094\\\/#primaryimage\",\"url\":\"https:\\\/\\\/www.enriquerequena.com\\\/wp-content\\\/uploads\\\/2023\\\/06\\\/motor-actuador-mercedes-clase-c-e-g-m-clc-clk-6111500294-6111500194-6111500094.png\",\"contentUrl\":\"https:\\\/\\\/www.enriquerequena.com\\\/wp-content\\\/uploads\\\/2023\\\/06\\\/motor-actuador-mercedes-clase-c-e-g-m-clc-clk-6111500294-6111500194-6111500094.png\",\"width\":800,\"height\":800,\"caption\":\"Element d'ajustage soupapes turburlence pour Collecteur d'admission pour Mercedes CLASE C, E, G, M, CLK et CLC 6111500294, 6111500194 et 6111500094.\"},{\"@type\":\"WebSite\",\"@id\":\"https:\\\/\\\/www.enriquerequena.com\\\/fr\\\/#website\",\"url\":\"https:\\\/\\\/www.enriquerequena.com\\\/fr\\\/\",\"name\":\"ENRIQUE REQUENA\",\"description\":\"Sp\u00e9cialistes des transmissions cardan avec des exp\u00e9ditions dans le monde entier et des pi\u00e8ces d\u00e9tach\u00e9es pour voitures, camions et accessoires \u00e0 Valence, en Espagne. Avec vous depuis 1950!\",\"publisher\":{\"@id\":\"https:\\\/\\\/www.enriquerequena.com\\\/fr\\\/#organization\"},\"potentialAction\":[{\"@type\":\"SearchAction\",\"target\":{\"@type\":\"EntryPoint\",\"urlTemplate\":\"https:\\\/\\\/www.enriquerequena.com\\\/fr\\\/?s={search_term_string}\"},\"query-input\":{\"@type\":\"PropertyValueSpecification\",\"valueRequired\":true,\"valueName\":\"search_term_string\"}}],\"inLanguage\":\"fr-FR\"},{\"@type\":\"Organization\",\"@id\":\"https:\\\/\\\/www.enriquerequena.com\\\/fr\\\/#organization\",\"name\":\"Enrique Requena S.L.\",\"url\":\"https:\\\/\\\/www.enriquerequena.com\\\/fr\\\/\",\"logo\":{\"@type\":\"ImageObject\",\"inLanguage\":\"fr-FR\",\"@id\":\"https:\\\/\\\/www.enriquerequena.com\\\/fr\\\/#\\\/schema\\\/logo\\\/image\\\/\",\"url\":\"https:\\\/\\\/www.enriquerequena.com\\\/wp-content\\\/uploads\\\/2019\\\/11\\\/enrique-requena-recambios-logotipo.jpg\",\"contentUrl\":\"https:\\\/\\\/www.enriquerequena.com\\\/wp-content\\\/uploads\\\/2019\\\/11\\\/enrique-requena-recambios-logotipo.jpg\",\"width\":381,\"height\":75,\"caption\":\"Enrique Requena S.L.\"},\"image\":{\"@id\":\"https:\\\/\\\/www.enriquerequena.com\\\/fr\\\/#\\\/schema\\\/logo\\\/image\\\/\"}}]}<\/script>\n<!-- \/ Yoast SEO plugin. -->","yoast_head_json":{"title":"Element d'ajustage soupapes turburlence Mercedes 6111500294","description":"Element d'ajustage soupapes turburlence pour Collecteur d'admission pour Mercedes CLASE C, E, G, M, CLK et CLC 6111500294, 6111500194 et 6111500094.","robots":{"index":"index","follow":"follow","max-snippet":"max-snippet:-1","max-image-preview":"max-image-preview:large","max-video-preview":"max-video-preview:-1"},"canonical":"https:\/\/www.enriquerequena.com\/fr\/tienda-online\/pieces-rechange-voiture\/moteur-voiture\/element-dajustage-soupapes-turburlence-mercedes-clase-c-e-g-m-clc-clk-6111500294-6111500194-6111500094\/","og_locale":"fr_FR","og_type":"article","og_title":"Element d'ajustage soupapes turburlence Mercedes 6111500294","og_description":"Element d'ajustage soupapes turburlence pour Collecteur d'admission pour Mercedes CLASE C, E, G, M, CLK et CLC 6111500294, 6111500194 et 6111500094.","og_url":"https:\/\/www.enriquerequena.com\/fr\/tienda-online\/pieces-rechange-voiture\/moteur-voiture\/element-dajustage-soupapes-turburlence-mercedes-clase-c-e-g-m-clc-clk-6111500294-6111500194-6111500094\/","og_site_name":"ENRIQUE REQUENA","article_modified_time":"2024-05-03T08:54:52+00:00","og_image":[{"width":800,"height":800,"url":"https:\/\/www.enriquerequena.com\/wp-content\/uploads\/2023\/06\/motor-actuador-mercedes-clase-c-e-g-m-clc-clk-6111500294-6111500194-6111500094.png","type":"image\/png"}],"twitter_card":"summary_large_image","twitter_misc":{"Dur\u00e9e de lecture estim\u00e9e":"3 minutes"},"schema":{"@context":"https:\/\/schema.org","@graph":[{"@type":"WebPage","@id":"https:\/\/www.enriquerequena.com\/fr\/tienda-online\/pieces-rechange-voiture\/moteur-voiture\/element-dajustage-soupapes-turburlence-mercedes-clase-c-e-g-m-clc-clk-6111500294-6111500194-6111500094\/","url":"https:\/\/www.enriquerequena.com\/fr\/tienda-online\/pieces-rechange-voiture\/moteur-voiture\/element-dajustage-soupapes-turburlence-mercedes-clase-c-e-g-m-clc-clk-6111500294-6111500194-6111500094\/","name":"Element d'ajustage soupapes turburlence Mercedes 6111500294","isPartOf":{"@id":"https:\/\/www.enriquerequena.com\/fr\/#website"},"primaryImageOfPage":{"@id":"https:\/\/www.enriquerequena.com\/fr\/tienda-online\/pieces-rechange-voiture\/moteur-voiture\/element-dajustage-soupapes-turburlence-mercedes-clase-c-e-g-m-clc-clk-6111500294-6111500194-6111500094\/#primaryimage"},"image":{"@id":"https:\/\/www.enriquerequena.com\/fr\/tienda-online\/pieces-rechange-voiture\/moteur-voiture\/element-dajustage-soupapes-turburlence-mercedes-clase-c-e-g-m-clc-clk-6111500294-6111500194-6111500094\/#primaryimage"},"thumbnailUrl":"https:\/\/www.enriquerequena.com\/wp-content\/uploads\/2023\/06\/motor-actuador-mercedes-clase-c-e-g-m-clc-clk-6111500294-6111500194-6111500094.png","datePublished":"2023-06-05T10:23:55+00:00","dateModified":"2024-05-03T08:54:52+00:00","description":"Element d'ajustage soupapes turburlence pour Collecteur d'admission pour Mercedes CLASE C, E, G, M, CLK et CLC 6111500294, 6111500194 et 6111500094.","breadcrumb":{"@id":"https:\/\/www.enriquerequena.com\/fr\/tienda-online\/pieces-rechange-voiture\/moteur-voiture\/element-dajustage-soupapes-turburlence-mercedes-clase-c-e-g-m-clc-clk-6111500294-6111500194-6111500094\/#breadcrumb"},"inLanguage":"fr-FR","potentialAction":[{"@type":"ReadAction","target":["https:\/\/www.enriquerequena.com\/fr\/tienda-online\/pieces-rechange-voiture\/moteur-voiture\/element-dajustage-soupapes-turburlence-mercedes-clase-c-e-g-m-clc-clk-6111500294-6111500194-6111500094\/"]}]},{"@type":"ImageObject","inLanguage":"fr-FR","@id":"https:\/\/www.enriquerequena.com\/fr\/tienda-online\/pieces-rechange-voiture\/moteur-voiture\/element-dajustage-soupapes-turburlence-mercedes-clase-c-e-g-m-clc-clk-6111500294-6111500194-6111500094\/#primaryimage","url":"https:\/\/www.enriquerequena.com\/wp-content\/uploads\/2023\/06\/motor-actuador-mercedes-clase-c-e-g-m-clc-clk-6111500294-6111500194-6111500094.png","contentUrl":"https:\/\/www.enriquerequena.com\/wp-content\/uploads\/2023\/06\/motor-actuador-mercedes-clase-c-e-g-m-clc-clk-6111500294-6111500194-6111500094.png","width":800,"height":800,"caption":"Element d'ajustage soupapes turburlence pour Collecteur d'admission pour Mercedes CLASE C, E, G, M, CLK et CLC 6111500294, 6111500194 et 6111500094."},{"@type":"WebSite","@id":"https:\/\/www.enriquerequena.com\/fr\/#website","url":"https:\/\/www.enriquerequena.com\/fr\/","name":"ENRIQUE REQUENA","description":"Sp\u00e9cialistes des transmissions cardan avec des exp\u00e9ditions dans le monde entier et des pi\u00e8ces d\u00e9tach\u00e9es pour voitures, camions et accessoires \u00e0 Valence, en Espagne. Avec vous depuis 1950!","publisher":{"@id":"https:\/\/www.enriquerequena.com\/fr\/#organization"},"potentialAction":[{"@type":"SearchAction","target":{"@type":"EntryPoint","urlTemplate":"https:\/\/www.enriquerequena.com\/fr\/?s={search_term_string}"},"query-input":{"@type":"PropertyValueSpecification","valueRequired":true,"valueName":"search_term_string"}}],"inLanguage":"fr-FR"},{"@type":"Organization","@id":"https:\/\/www.enriquerequena.com\/fr\/#organization","name":"Enrique Requena S.L.","url":"https:\/\/www.enriquerequena.com\/fr\/","logo":{"@type":"ImageObject","inLanguage":"fr-FR","@id":"https:\/\/www.enriquerequena.com\/fr\/#\/schema\/logo\/image\/","url":"https:\/\/www.enriquerequena.com\/wp-content\/uploads\/2019\/11\/enrique-requena-recambios-logotipo.jpg","contentUrl":"https:\/\/www.enriquerequena.com\/wp-content\/uploads\/2019\/11\/enrique-requena-recambios-logotipo.jpg","width":381,"height":75,"caption":"Enrique Requena S.L."},"image":{"@id":"https:\/\/www.enriquerequena.com\/fr\/#\/schema\/logo\/image\/"}}]}},"_links":{"self":[{"href":"https:\/\/www.enriquerequena.com\/fr\/wp-json\/wp\/v2\/product\/27794","targetHints":{"allow":["GET"]}}],"collection":[{"href":"https:\/\/www.enriquerequena.com\/fr\/wp-json\/wp\/v2\/product"}],"about":[{"href":"https:\/\/www.enriquerequena.com\/fr\/wp-json\/wp\/v2\/types\/product"}],"wp:featuredmedia":[{"embeddable":true,"href":"https:\/\/www.enriquerequena.com\/fr\/wp-json\/wp\/v2\/media\/27798"}],"wp:attachment":[{"href":"https:\/\/www.enriquerequena.com\/fr\/wp-json\/wp\/v2\/media?parent=27794"}],"wp:term":[{"taxonomy":"product_brand","embeddable":true,"href":"https:\/\/www.enriquerequena.com\/fr\/wp-json\/wp\/v2\/product_brand?post=27794"},{"taxonomy":"product_cat","embeddable":true,"href":"https:\/\/www.enriquerequena.com\/fr\/wp-json\/wp\/v2\/product_cat?post=27794"},{"taxonomy":"product_tag","embeddable":true,"href":"https:\/\/www.enriquerequena.com\/fr\/wp-json\/wp\/v2\/product_tag?post=27794"}],"curies":[{"name":"wp","href":"https:\/\/api.w.org\/{rel}","templated":true}]}}