{"id":27822,"date":"2023-06-14T19:37:09","date_gmt":"2023-06-14T17:37:09","guid":{"rendered":"https:\/\/www.enriquerequena.com\/?post_type=product&#038;p=27822"},"modified":"2023-09-06T12:04:11","modified_gmt":"2023-09-06T10:04:11","slug":"collecteur-systeme-dechappement-citroen-peugeot-0341f9","status":"publish","type":"product","link":"https:\/\/www.enriquerequena.com\/fr\/tienda-online\/pieces-de-rechange-remplacements-echappement\/collecteur-dechappement\/collecteur-systeme-dechappement-citroen-peugeot-0341f9\/","title":{"rendered":"Collecteur, syst\u00e8me d&rsquo;\u00e9chappement Citro\u00ebn et Peugeot &#8211; 0341F9"},"content":{"rendered":"<p><strong>Collecteur, syst\u00e8me d&rsquo;\u00e9chappement pour Citro\u00ebn et Peugeot <\/strong>avec r\u00e9f\u00e9rence 0341F9. Est une pi\u00e8ce <strong>neuve avec une garantie d\u2019un an<\/strong>. C\u2019est le choix le plus \u00e9conomique.<\/p>\n<p>Nos pi\u00e8ces sont similaires \u00e0 ceux des OEM avec les meilleurs prix du march\u00e9.<\/p>\n<p>Nous avons une exp\u00e9rience de 70 ans dans le commerce de pi\u00e8ces et connaissons tr\u00e8s bien le sujet.<\/p>\n<p>N\u00b4h\u00e9sitez pas \u00e0 nous consulter pour d\u00b4autres mod\u00e8les de tout type de v\u00e9hicule. Nous vendons des pi\u00e8ces d\u00e9tach\u00e9es ou pi\u00e8ces de rechange \u00e0 Valence depuis 1950 et nous vendons aussi en ligne dans le monde entier.<\/p>\n<p>Caract\u00e9ristiques techniques Collecteur, syst\u00e8me d&rsquo;\u00e9chappement Citro\u00ebn et Peugeot 0341F9:<\/p>\n<ul>\n<li>Pi\u00e8ce de rechange: Collecteur D&rsquo;Admission<\/li>\n<li>Mod\u00e8le:\n<ul>\n<li>Citro\u00ebn:\n<ul>\n<li>BERLINGO \/ BERLINGO FIRST Furgoneta\/monovolumen (M_) 1.4 i (MBKFX, MBKFW)<\/li>\n<li>BERLINGO \/ BERLINGO FIRST Monospace (MF_, GJK_, GFK_) 1.1 i (MFHDZ, MFHFX)<\/li>\n<li>BERLINGO \/ BERLINGO FIRST Monospace (MF_, GJK_, GFK_) 1.4 i (MFKFX, MFKFW, GJKFWB, GJKFWC, GFKFWC)<\/li>\n<li>C2 (JM_) 1.1<\/li>\n<li>C2 (JM_) 1.4<\/li>\n<li>C3 I (FC_, FN_) 1.1 i<\/li>\n<li>C3 I (FC_, FN_) 1.4 i<\/li>\n<li>C3 I (FC_, FN_) 1.4 i Bivalent<\/li>\n<li>C3 II (SC_) 1.4<\/li>\n<li>C3 Pluriel (HB_) 1.4<\/li>\n<li>NEMO Furgoneta\/monovolumen (AA_) 1.4<\/li>\n<li>NEMO Monospace 1.4<\/li>\n<li>SAXO (S0, S1) 1.1 X, SX<\/li>\n<li>SAXO (S0, S1) 1.4 VTS<\/li>\n<li>SAXO (S0, S1) 1.6<\/li>\n<li>SAXO (S0, S1) 1.6 VTL, VTR<\/li>\n<li>XSARA (N1) 1.4 i<\/li>\n<li>XSARA (N1) 1.6 i<\/li>\n<li>XSARA Break (N2) 1.4 i<\/li>\n<li>XSARA Break (N2) 1.6 i<\/li>\n<li>XSARA Coup\u00e9 (N0) 1.4 i<\/li>\n<li>XSARA PICASSO (N68) 1.6<\/li>\n<\/ul>\n<\/li>\n<li>Peugeot:\n<ul>\n<li>1007 (KM_) 1.4<\/li>\n<li>106 II (1A_, 1C_) 1.1 i<\/li>\n<li>106 II (1A_, 1C_) 1.4 i<\/li>\n<li>206 Fastback (2A\/C) 1.1 i<\/li>\n<li>206 Fastback (2A\/C) 1.4 i<\/li>\n<li>206 SW (2E\/K) 1.1<\/li>\n<li>206 SW (2E\/K) 1.4<\/li>\n<li>206+ (2L_, 2M_) 1.1<\/li>\n<li>206+ (2L_, 2M_) 1.4 i<\/li>\n<li>206+ (2L_, 2M_) 1.4 i (2LKFWA, 2MKFWA)<\/li>\n<li>207 SW (WK_) 1.4<\/li>\n<li>207\/207+ (WA_, WC_) 1.4<\/li>\n<li>306 (7B, N3, N5) 1.4 SL<\/li>\n<li>306 (7B, N3, N5) 1.6 SR<\/li>\n<li>306 Break (7E, N3, N5) 1.4<\/li>\n<li>306 Break (7E, N3, N5) 1.6<\/li>\n<li>306 Descapotable (7D, N3, N5) 1.6<\/li>\n<li>306 Fastback (7A, 7C, N3, N5) 1.4<\/li>\n<li>306 Fastback (7A, 7C, N3, N5) 1.6<\/li>\n<li>307 (3A\/C) 1.4<\/li>\n<li>BIPPER (AA_) 1.4<\/li>\n<li>BIPPER TEPEE 1.4<\/li>\n<li>PARTNER Furgoneta\/monovolumen (5_, G_) 1.4<\/li>\n<li>PARTNER Monospace (5_, G_) 1.1<\/li>\n<li>PARTNER Monospace (5_, G_) 1.4<\/li>\n<\/ul>\n<\/li>\n<\/ul>\n<\/li>\n<li>Etat: pi\u00e8ce neuve<\/li>\n<li>Garantie d\u2019un an<\/li>\n<li>R\u00e9f\u00e9rence:\n<ul>\n<li>0341F9<\/li>\n<\/ul>\n<\/li>\n<\/ul>\n","protected":false},"excerpt":{"rendered":"<p><strong>Collecteur, syst\u00e8me d&rsquo;\u00e9chappement pour Citro\u00ebn et Peugeot <\/strong>avec r\u00e9f\u00e9rence <strong>0341F9. <\/strong>Est une piece neuve avec une garantie d\u2019un an.<\/p>\n","protected":false},"featured_media":27825,"template":"","meta":[],"product_brand":[],"product_cat":[10071,9857,198,135],"product_tag":[],"class_list":{"0":"post-27822","1":"product","2":"type-product","3":"status-publish","4":"has-post-thumbnail","6":"product_cat-collecteur-dechappement","7":"product_cat-pieces-de-rechange-remplacements-echappement","8":"product_cat-moteur-voiture","9":"product_cat-pieces-rechange-voiture","10":"pa_manufacturer-citroen","11":"pa_manufacturer-peugeot","13":"first","14":"instock","15":"taxable","16":"shipping-taxable","17":"purchasable","18":"product-type-simple"},"yoast_head":"<!-- This site is optimized with the Yoast SEO plugin v27.1.1 - https:\/\/yoast.com\/product\/yoast-seo-wordpress\/ -->\n<title>Collecteur Citro\u00ebn Peugeot 0341F9 - Enrique Requena<\/title>\n<meta name=\"description\" content=\"Collecteur, syst\u00e8me d&#039;\u00e9chappement pour Citro\u00ebn et Peugeot avec r\u00e9f\u00e9rence 0341F9. Est une piece neuve avec une garantie d\u2019un an.\" \/>\n<meta name=\"robots\" content=\"index, follow, max-snippet:-1, max-image-preview:large, max-video-preview:-1\" \/>\n<link rel=\"canonical\" href=\"https:\/\/www.enriquerequena.com\/fr\/tienda-online\/pieces-de-rechange-remplacements-echappement\/collecteur-dechappement\/collecteur-systeme-dechappement-citroen-peugeot-0341f9\/\" \/>\n<meta property=\"og:locale\" content=\"fr_FR\" \/>\n<meta property=\"og:type\" content=\"article\" \/>\n<meta property=\"og:title\" content=\"Collecteur Citro\u00ebn Peugeot 0341F9 - Enrique Requena\" \/>\n<meta property=\"og:description\" content=\"Collecteur, syst\u00e8me d&#039;\u00e9chappement pour Citro\u00ebn et Peugeot avec r\u00e9f\u00e9rence 0341F9. Est une piece neuve avec une garantie d\u2019un an.\" \/>\n<meta property=\"og:url\" content=\"https:\/\/www.enriquerequena.com\/fr\/tienda-online\/pieces-de-rechange-remplacements-echappement\/collecteur-dechappement\/collecteur-systeme-dechappement-citroen-peugeot-0341f9\/\" \/>\n<meta property=\"og:site_name\" content=\"ENRIQUE REQUENA\" \/>\n<meta property=\"article:modified_time\" content=\"2023-09-06T10:04:11+00:00\" \/>\n<meta property=\"og:image\" content=\"https:\/\/www.enriquerequena.com\/wp-content\/uploads\/2023\/06\/colector-escape-citroen-peugeot-0341F9.png\" \/>\n\t<meta property=\"og:image:width\" content=\"800\" \/>\n\t<meta property=\"og:image:height\" content=\"800\" \/>\n\t<meta property=\"og:image:type\" content=\"image\/png\" \/>\n<meta name=\"twitter:card\" content=\"summary_large_image\" \/>\n<meta name=\"twitter:label1\" content=\"Dur\u00e9e de lecture estim\u00e9e\" \/>\n\t<meta name=\"twitter:data1\" content=\"2 minutes\" \/>\n<script type=\"application\/ld+json\" class=\"yoast-schema-graph\">{\"@context\":\"https:\/\/schema.org\",\"@graph\":[{\"@type\":\"WebPage\",\"@id\":\"https:\/\/www.enriquerequena.com\/fr\/tienda-online\/pieces-de-rechange-remplacements-echappement\/collecteur-dechappement\/collecteur-systeme-dechappement-citroen-peugeot-0341f9\/\",\"url\":\"https:\/\/www.enriquerequena.com\/fr\/tienda-online\/pieces-de-rechange-remplacements-echappement\/collecteur-dechappement\/collecteur-systeme-dechappement-citroen-peugeot-0341f9\/\",\"name\":\"Collecteur Citro\u00ebn Peugeot 0341F9 - Enrique Requena\",\"isPartOf\":{\"@id\":\"https:\/\/www.enriquerequena.com\/fr\/#website\"},\"primaryImageOfPage\":{\"@id\":\"https:\/\/www.enriquerequena.com\/fr\/tienda-online\/pieces-de-rechange-remplacements-echappement\/collecteur-dechappement\/collecteur-systeme-dechappement-citroen-peugeot-0341f9\/#primaryimage\"},\"image\":{\"@id\":\"https:\/\/www.enriquerequena.com\/fr\/tienda-online\/pieces-de-rechange-remplacements-echappement\/collecteur-dechappement\/collecteur-systeme-dechappement-citroen-peugeot-0341f9\/#primaryimage\"},\"thumbnailUrl\":\"https:\/\/www.enriquerequena.com\/wp-content\/uploads\/2023\/06\/colector-escape-citroen-peugeot-0341F9.png\",\"datePublished\":\"2023-06-14T17:37:09+00:00\",\"dateModified\":\"2023-09-06T10:04:11+00:00\",\"description\":\"Collecteur, syst\u00e8me d'\u00e9chappement pour Citro\u00ebn et Peugeot avec r\u00e9f\u00e9rence 0341F9. Est une piece neuve avec une garantie d\u2019un an.\",\"breadcrumb\":{\"@id\":\"https:\/\/www.enriquerequena.com\/fr\/tienda-online\/pieces-de-rechange-remplacements-echappement\/collecteur-dechappement\/collecteur-systeme-dechappement-citroen-peugeot-0341f9\/#breadcrumb\"},\"inLanguage\":\"fr-FR\",\"potentialAction\":[{\"@type\":\"ReadAction\",\"target\":[\"https:\/\/www.enriquerequena.com\/fr\/tienda-online\/pieces-de-rechange-remplacements-echappement\/collecteur-dechappement\/collecteur-systeme-dechappement-citroen-peugeot-0341f9\/\"]}]},{\"@type\":\"ImageObject\",\"inLanguage\":\"fr-FR\",\"@id\":\"https:\/\/www.enriquerequena.com\/fr\/tienda-online\/pieces-de-rechange-remplacements-echappement\/collecteur-dechappement\/collecteur-systeme-dechappement-citroen-peugeot-0341f9\/#primaryimage\",\"url\":\"https:\/\/www.enriquerequena.com\/wp-content\/uploads\/2023\/06\/colector-escape-citroen-peugeot-0341F9.png\",\"contentUrl\":\"https:\/\/www.enriquerequena.com\/wp-content\/uploads\/2023\/06\/colector-escape-citroen-peugeot-0341F9.png\",\"width\":800,\"height\":800,\"caption\":\"Collecteur, syst\u00e8me d'\u00e9chappement pour Citro\u00ebn et Peugeot avec r\u00e9f\u00e9rence 0341F9\"},{\"@type\":\"WebSite\",\"@id\":\"https:\/\/www.enriquerequena.com\/fr\/#website\",\"url\":\"https:\/\/www.enriquerequena.com\/fr\/\",\"name\":\"ENRIQUE REQUENA\",\"description\":\"Sp\u00e9cialistes des transmissions cardan avec des exp\u00e9ditions dans le monde entier et des pi\u00e8ces d\u00e9tach\u00e9es pour voitures, camions et accessoires \u00e0 Valence, en Espagne. Avec vous depuis 1950!\",\"publisher\":{\"@id\":\"https:\/\/www.enriquerequena.com\/fr\/#organization\"},\"potentialAction\":[{\"@type\":\"SearchAction\",\"target\":{\"@type\":\"EntryPoint\",\"urlTemplate\":\"https:\/\/www.enriquerequena.com\/fr\/?s={search_term_string}\"},\"query-input\":{\"@type\":\"PropertyValueSpecification\",\"valueRequired\":true,\"valueName\":\"search_term_string\"}}],\"inLanguage\":\"fr-FR\"},{\"@type\":\"Organization\",\"@id\":\"https:\/\/www.enriquerequena.com\/fr\/#organization\",\"name\":\"Enrique Requena S.L.\",\"url\":\"https:\/\/www.enriquerequena.com\/fr\/\",\"logo\":{\"@type\":\"ImageObject\",\"inLanguage\":\"fr-FR\",\"@id\":\"https:\/\/www.enriquerequena.com\/fr\/#\/schema\/logo\/image\/\",\"url\":\"https:\/\/www.enriquerequena.com\/wp-content\/uploads\/2019\/11\/enrique-requena-recambios-logotipo.jpg\",\"contentUrl\":\"https:\/\/www.enriquerequena.com\/wp-content\/uploads\/2019\/11\/enrique-requena-recambios-logotipo.jpg\",\"width\":381,\"height\":75,\"caption\":\"Enrique Requena S.L.\"},\"image\":{\"@id\":\"https:\/\/www.enriquerequena.com\/fr\/#\/schema\/logo\/image\/\"}}]}<\/script>\n<!-- \/ Yoast SEO plugin. -->","yoast_head_json":{"title":"Collecteur Citro\u00ebn Peugeot 0341F9 - Enrique Requena","description":"Collecteur, syst\u00e8me d'\u00e9chappement pour Citro\u00ebn et Peugeot avec r\u00e9f\u00e9rence 0341F9. Est une piece neuve avec une garantie d\u2019un an.","robots":{"index":"index","follow":"follow","max-snippet":"max-snippet:-1","max-image-preview":"max-image-preview:large","max-video-preview":"max-video-preview:-1"},"canonical":"https:\/\/www.enriquerequena.com\/fr\/tienda-online\/pieces-de-rechange-remplacements-echappement\/collecteur-dechappement\/collecteur-systeme-dechappement-citroen-peugeot-0341f9\/","og_locale":"fr_FR","og_type":"article","og_title":"Collecteur Citro\u00ebn Peugeot 0341F9 - Enrique Requena","og_description":"Collecteur, syst\u00e8me d'\u00e9chappement pour Citro\u00ebn et Peugeot avec r\u00e9f\u00e9rence 0341F9. Est une piece neuve avec une garantie d\u2019un an.","og_url":"https:\/\/www.enriquerequena.com\/fr\/tienda-online\/pieces-de-rechange-remplacements-echappement\/collecteur-dechappement\/collecteur-systeme-dechappement-citroen-peugeot-0341f9\/","og_site_name":"ENRIQUE REQUENA","article_modified_time":"2023-09-06T10:04:11+00:00","og_image":[{"width":800,"height":800,"url":"https:\/\/www.enriquerequena.com\/wp-content\/uploads\/2023\/06\/colector-escape-citroen-peugeot-0341F9.png","type":"image\/png"}],"twitter_card":"summary_large_image","twitter_misc":{"Dur\u00e9e de lecture estim\u00e9e":"2 minutes"},"schema":{"@context":"https:\/\/schema.org","@graph":[{"@type":"WebPage","@id":"https:\/\/www.enriquerequena.com\/fr\/tienda-online\/pieces-de-rechange-remplacements-echappement\/collecteur-dechappement\/collecteur-systeme-dechappement-citroen-peugeot-0341f9\/","url":"https:\/\/www.enriquerequena.com\/fr\/tienda-online\/pieces-de-rechange-remplacements-echappement\/collecteur-dechappement\/collecteur-systeme-dechappement-citroen-peugeot-0341f9\/","name":"Collecteur Citro\u00ebn Peugeot 0341F9 - Enrique Requena","isPartOf":{"@id":"https:\/\/www.enriquerequena.com\/fr\/#website"},"primaryImageOfPage":{"@id":"https:\/\/www.enriquerequena.com\/fr\/tienda-online\/pieces-de-rechange-remplacements-echappement\/collecteur-dechappement\/collecteur-systeme-dechappement-citroen-peugeot-0341f9\/#primaryimage"},"image":{"@id":"https:\/\/www.enriquerequena.com\/fr\/tienda-online\/pieces-de-rechange-remplacements-echappement\/collecteur-dechappement\/collecteur-systeme-dechappement-citroen-peugeot-0341f9\/#primaryimage"},"thumbnailUrl":"https:\/\/www.enriquerequena.com\/wp-content\/uploads\/2023\/06\/colector-escape-citroen-peugeot-0341F9.png","datePublished":"2023-06-14T17:37:09+00:00","dateModified":"2023-09-06T10:04:11+00:00","description":"Collecteur, syst\u00e8me d'\u00e9chappement pour Citro\u00ebn et Peugeot avec r\u00e9f\u00e9rence 0341F9. Est une piece neuve avec une garantie d\u2019un an.","breadcrumb":{"@id":"https:\/\/www.enriquerequena.com\/fr\/tienda-online\/pieces-de-rechange-remplacements-echappement\/collecteur-dechappement\/collecteur-systeme-dechappement-citroen-peugeot-0341f9\/#breadcrumb"},"inLanguage":"fr-FR","potentialAction":[{"@type":"ReadAction","target":["https:\/\/www.enriquerequena.com\/fr\/tienda-online\/pieces-de-rechange-remplacements-echappement\/collecteur-dechappement\/collecteur-systeme-dechappement-citroen-peugeot-0341f9\/"]}]},{"@type":"ImageObject","inLanguage":"fr-FR","@id":"https:\/\/www.enriquerequena.com\/fr\/tienda-online\/pieces-de-rechange-remplacements-echappement\/collecteur-dechappement\/collecteur-systeme-dechappement-citroen-peugeot-0341f9\/#primaryimage","url":"https:\/\/www.enriquerequena.com\/wp-content\/uploads\/2023\/06\/colector-escape-citroen-peugeot-0341F9.png","contentUrl":"https:\/\/www.enriquerequena.com\/wp-content\/uploads\/2023\/06\/colector-escape-citroen-peugeot-0341F9.png","width":800,"height":800,"caption":"Collecteur, syst\u00e8me d'\u00e9chappement pour Citro\u00ebn et Peugeot avec r\u00e9f\u00e9rence 0341F9"},{"@type":"WebSite","@id":"https:\/\/www.enriquerequena.com\/fr\/#website","url":"https:\/\/www.enriquerequena.com\/fr\/","name":"ENRIQUE REQUENA","description":"Sp\u00e9cialistes des transmissions cardan avec des exp\u00e9ditions dans le monde entier et des pi\u00e8ces d\u00e9tach\u00e9es pour voitures, camions et accessoires \u00e0 Valence, en Espagne. Avec vous depuis 1950!","publisher":{"@id":"https:\/\/www.enriquerequena.com\/fr\/#organization"},"potentialAction":[{"@type":"SearchAction","target":{"@type":"EntryPoint","urlTemplate":"https:\/\/www.enriquerequena.com\/fr\/?s={search_term_string}"},"query-input":{"@type":"PropertyValueSpecification","valueRequired":true,"valueName":"search_term_string"}}],"inLanguage":"fr-FR"},{"@type":"Organization","@id":"https:\/\/www.enriquerequena.com\/fr\/#organization","name":"Enrique Requena S.L.","url":"https:\/\/www.enriquerequena.com\/fr\/","logo":{"@type":"ImageObject","inLanguage":"fr-FR","@id":"https:\/\/www.enriquerequena.com\/fr\/#\/schema\/logo\/image\/","url":"https:\/\/www.enriquerequena.com\/wp-content\/uploads\/2019\/11\/enrique-requena-recambios-logotipo.jpg","contentUrl":"https:\/\/www.enriquerequena.com\/wp-content\/uploads\/2019\/11\/enrique-requena-recambios-logotipo.jpg","width":381,"height":75,"caption":"Enrique Requena S.L."},"image":{"@id":"https:\/\/www.enriquerequena.com\/fr\/#\/schema\/logo\/image\/"}}]}},"_links":{"self":[{"href":"https:\/\/www.enriquerequena.com\/fr\/wp-json\/wp\/v2\/product\/27822","targetHints":{"allow":["GET"]}}],"collection":[{"href":"https:\/\/www.enriquerequena.com\/fr\/wp-json\/wp\/v2\/product"}],"about":[{"href":"https:\/\/www.enriquerequena.com\/fr\/wp-json\/wp\/v2\/types\/product"}],"wp:featuredmedia":[{"embeddable":true,"href":"https:\/\/www.enriquerequena.com\/fr\/wp-json\/wp\/v2\/media\/27825"}],"wp:attachment":[{"href":"https:\/\/www.enriquerequena.com\/fr\/wp-json\/wp\/v2\/media?parent=27822"}],"wp:term":[{"taxonomy":"product_brand","embeddable":true,"href":"https:\/\/www.enriquerequena.com\/fr\/wp-json\/wp\/v2\/product_brand?post=27822"},{"taxonomy":"product_cat","embeddable":true,"href":"https:\/\/www.enriquerequena.com\/fr\/wp-json\/wp\/v2\/product_cat?post=27822"},{"taxonomy":"product_tag","embeddable":true,"href":"https:\/\/www.enriquerequena.com\/fr\/wp-json\/wp\/v2\/product_tag?post=27822"}],"curies":[{"name":"wp","href":"https:\/\/api.w.org\/{rel}","templated":true}]}}