{"id":27843,"date":"2023-06-20T12:54:39","date_gmt":"2023-06-20T10:54:39","guid":{"rendered":"https:\/\/www.enriquerequena.com\/?post_type=product&#038;p=27843"},"modified":"2023-09-06T12:03:44","modified_gmt":"2023-09-06T10:03:44","slug":"collecteur-dadmission-audi-volkswagen-059129711af-059129711ag","status":"publish","type":"product","link":"https:\/\/www.enriquerequena.com\/fr\/tienda-online\/pieces-detachees-remplacements-moteur\/collecteurs-dadmission\/collecteur-dadmission-audi-volkswagen-059129711af-059129711ag\/","title":{"rendered":"Collecteur D&rsquo;Admission Audi et Volkswagen &#8211; 059129711AF \/ 059129711AG"},"content":{"rendered":"<p><strong>Collecteur D&rsquo;Admission pour Audi et Volkswagen <\/strong>avec r\u00e9f\u00e9rences 059129711AF et 059129711AG. Est une pi\u00e8ce <strong>neuve avec une garantie d\u2019un an<\/strong>. C\u2019est le choix le plus \u00e9conomique.<\/p>\n<p>Nos pi\u00e8ces sont similaires \u00e0 ceux des OEM avec les meilleurs prix du march\u00e9.<\/p>\n<p>Nous avons une exp\u00e9rience de 70 ans dans le commerce de pi\u00e8ces et connaissons tr\u00e8s bien le sujet.<\/p>\n<p>N\u00b4h\u00e9sitez pas \u00e0 nous consulter pour d\u00b4autres mod\u00e8les de tout type de v\u00e9hicule. Nous vendons des pi\u00e8ces d\u00e9tach\u00e9es ou pi\u00e8ces de rechange \u00e0 Valence depuis 1950 et nous vendons aussi en ligne dans le monde entier.<\/p>\n<p>Caract\u00e9ristiques techniques Collecteur D&rsquo;Admission Audi et Volkswagen 059129711AF:<\/p>\n<ul>\n<li>Pi\u00e8ce de rechange: Collecteur D&rsquo;Admission<\/li>\n<li>Mod\u00e8le:\n<ul>\n<li>Audi:\n<ul>\n<li>A4 B7 (8EC) 2.7 TDI<\/li>\n<li>A4 B7 (8EC) 2.7 TDI<\/li>\n<li>A4 B7 (8EC) 3.0 TDI quattro<\/li>\n<li>A4 B7 (8EC) 3.0 TDI quattro<\/li>\n<li>A4 B7 Avant (8ED) 2.7 TDI<\/li>\n<li>A4 B7 Avant (8ED) 2.7 TDi<\/li>\n<li>A4 B7 Avant (8ED) 3.0 TDI quattro<\/li>\n<li>A4 B7 Avant (8ED) 3.0 TDI quattro<\/li>\n<li>A4 B7 Descapotable (8HE) 2.7 TDI<\/li>\n<li>A4 B7 Descapotable (8HE) 3.0 TDI quattro<\/li>\n<li>A4 B7 Descapotable (8HE) 3.0 TDI quattro<\/li>\n<li>A6 Allroad C6 (4FH) 2.7 TDI quattro<\/li>\n<li>A6 Allroad C6 (4FH) 2.7 TDI quattro<\/li>\n<li>A6 Allroad C6 (4FH) 3.0 TDI quattro<\/li>\n<li>A6 Allroad C6 (4FH) 3.0 TDI quattro<\/li>\n<li>A6 C6 (4F2) 2.7 TDI<\/li>\n<li>A6 C6 (4F2) 2.7 TDI<\/li>\n<li>A6 C6 (4F2) 2.7 TDI quattro<\/li>\n<li>A6 C6 (4F2) 2.7 TDI quattro<\/li>\n<li>A6 C6 (4F2) 3.0 TDI quattro<\/li>\n<li>A6 C6 (4F2) 3.0 TDI quattro<\/li>\n<li>A6 C6 (4F2) 3.0 TDI quattro<\/li>\n<li>A6 C6 Avant (4F5) 2.7 TDI<\/li>\n<li>A6 C6 Avant (4F5) 2.7 TDI<\/li>\n<li>A6 C6 Avant (4F5) 2.7 TDI quattro<\/li>\n<li>A6 C6 Avant (4F5) 2.7 TDI quattro<\/li>\n<li>A6 C6 Avant (4F5) 3.0 TDI quattro<\/li>\n<li>A6 C6 Avant (4F5) 3.0 TDI quattro<\/li>\n<li>A6 C6 Avant (4F5) 3.0 TDI quattro<\/li>\n<li>A8 D3 (4E2, 4E8) 3.0 TDI quattro<\/li>\n<li>A8 D3 (4E2, 4E8) 3.0 TDI quattro<\/li>\n<li>Q7 (4LB) 3.0 TDI quattro<\/li>\n<li>Q7 (4LB) 3.0 TDI quattro<\/li>\n<\/ul>\n<\/li>\n<li>Volkswagen:\n<ul>\n<li>PHAETON (3D1, 3D2, 3D3, 3D4, 3D6, 3D7, 3D8, 3D9) 3.0 V6 TDI 4motion<\/li>\n<li>TOUAREG (7LA, 7L6, 7L7) 3.0 V6 TDI<\/li>\n<\/ul>\n<\/li>\n<\/ul>\n<\/li>\n<li>Etat: pi\u00e8ce neuve<\/li>\n<li>Garantie d\u2019un an<\/li>\n<li>R\u00e9f\u00e9rences:\n<ul>\n<li>059129711AF<\/li>\n<li>059129711AG<\/li>\n<\/ul>\n<\/li>\n<\/ul>\n","protected":false},"excerpt":{"rendered":"<p><strong>Collecteur D&rsquo;Admission pour Audi et Volkswagen<\/strong> avec r\u00e9f\u00e9rences <strong>059129711AF et 059129711AG.<\/strong> Est une pi\u00e8ce neuve avec une garantie d\u2019un an.<\/p>\n","protected":false},"featured_media":27846,"template":"","meta":[],"product_brand":[],"product_cat":[10077,9839,198,135],"product_tag":[],"class_list":{"0":"post-27843","1":"product","2":"type-product","3":"status-publish","4":"has-post-thumbnail","6":"product_cat-collecteurs-dadmission","7":"product_cat-pieces-detachees-remplacements-moteur","8":"product_cat-moteur-voiture","9":"product_cat-pieces-rechange-voiture","10":"pa_manufacturer-audi","11":"pa_manufacturer-volkswagen","13":"first","14":"instock","15":"taxable","16":"shipping-taxable","17":"purchasable","18":"product-type-simple"},"yoast_head":"<!-- This site is optimized with the Yoast SEO plugin v27.1.1 - https:\/\/yoast.com\/product\/yoast-seo-wordpress\/ -->\n<title>Collecteur Audi Volkswagen 059129711AF - Enrique Requena<\/title>\n<meta name=\"description\" content=\"Collecteur D&#039;Admission pour Audi et Volkswagen avec r\u00e9f\u00e9rences 059129711AF et 059129711AG. Est neuve avec une garantie d\u2019un an.\" \/>\n<meta name=\"robots\" content=\"index, follow, max-snippet:-1, max-image-preview:large, max-video-preview:-1\" \/>\n<link rel=\"canonical\" href=\"https:\/\/www.enriquerequena.com\/fr\/tienda-online\/pieces-detachees-remplacements-moteur\/collecteurs-dadmission\/collecteur-dadmission-audi-volkswagen-059129711af-059129711ag\/\" \/>\n<meta property=\"og:locale\" content=\"fr_FR\" \/>\n<meta property=\"og:type\" content=\"article\" \/>\n<meta property=\"og:title\" content=\"Collecteur Audi Volkswagen 059129711AF - Enrique Requena\" \/>\n<meta property=\"og:description\" content=\"Collecteur D&#039;Admission pour Audi et Volkswagen avec r\u00e9f\u00e9rences 059129711AF et 059129711AG. Est neuve avec une garantie d\u2019un an.\" \/>\n<meta property=\"og:url\" content=\"https:\/\/www.enriquerequena.com\/fr\/tienda-online\/pieces-detachees-remplacements-moteur\/collecteurs-dadmission\/collecteur-dadmission-audi-volkswagen-059129711af-059129711ag\/\" \/>\n<meta property=\"og:site_name\" content=\"ENRIQUE REQUENA\" \/>\n<meta property=\"article:modified_time\" content=\"2023-09-06T10:03:44+00:00\" \/>\n<meta property=\"og:image\" content=\"https:\/\/www.enriquerequena.com\/wp-content\/uploads\/2023\/06\/colector-admision-audi-volkswagen-059129711AF-059129711AG.png\" \/>\n\t<meta property=\"og:image:width\" content=\"800\" \/>\n\t<meta property=\"og:image:height\" content=\"800\" \/>\n\t<meta property=\"og:image:type\" content=\"image\/png\" \/>\n<meta name=\"twitter:card\" content=\"summary_large_image\" \/>\n<meta name=\"twitter:label1\" content=\"Dur\u00e9e de lecture estim\u00e9e\" \/>\n\t<meta name=\"twitter:data1\" content=\"2 minutes\" \/>\n<script type=\"application\/ld+json\" class=\"yoast-schema-graph\">{\"@context\":\"https:\/\/schema.org\",\"@graph\":[{\"@type\":\"WebPage\",\"@id\":\"https:\/\/www.enriquerequena.com\/fr\/tienda-online\/pieces-detachees-remplacements-moteur\/collecteurs-dadmission\/collecteur-dadmission-audi-volkswagen-059129711af-059129711ag\/\",\"url\":\"https:\/\/www.enriquerequena.com\/fr\/tienda-online\/pieces-detachees-remplacements-moteur\/collecteurs-dadmission\/collecteur-dadmission-audi-volkswagen-059129711af-059129711ag\/\",\"name\":\"Collecteur Audi Volkswagen 059129711AF - Enrique Requena\",\"isPartOf\":{\"@id\":\"https:\/\/www.enriquerequena.com\/fr\/#website\"},\"primaryImageOfPage\":{\"@id\":\"https:\/\/www.enriquerequena.com\/fr\/tienda-online\/pieces-detachees-remplacements-moteur\/collecteurs-dadmission\/collecteur-dadmission-audi-volkswagen-059129711af-059129711ag\/#primaryimage\"},\"image\":{\"@id\":\"https:\/\/www.enriquerequena.com\/fr\/tienda-online\/pieces-detachees-remplacements-moteur\/collecteurs-dadmission\/collecteur-dadmission-audi-volkswagen-059129711af-059129711ag\/#primaryimage\"},\"thumbnailUrl\":\"https:\/\/www.enriquerequena.com\/wp-content\/uploads\/2023\/06\/colector-admision-audi-volkswagen-059129711AF-059129711AG.png\",\"datePublished\":\"2023-06-20T10:54:39+00:00\",\"dateModified\":\"2023-09-06T10:03:44+00:00\",\"description\":\"Collecteur D'Admission pour Audi et Volkswagen avec r\u00e9f\u00e9rences 059129711AF et 059129711AG. Est neuve avec une garantie d\u2019un an.\",\"breadcrumb\":{\"@id\":\"https:\/\/www.enriquerequena.com\/fr\/tienda-online\/pieces-detachees-remplacements-moteur\/collecteurs-dadmission\/collecteur-dadmission-audi-volkswagen-059129711af-059129711ag\/#breadcrumb\"},\"inLanguage\":\"fr-FR\",\"potentialAction\":[{\"@type\":\"ReadAction\",\"target\":[\"https:\/\/www.enriquerequena.com\/fr\/tienda-online\/pieces-detachees-remplacements-moteur\/collecteurs-dadmission\/collecteur-dadmission-audi-volkswagen-059129711af-059129711ag\/\"]}]},{\"@type\":\"ImageObject\",\"inLanguage\":\"fr-FR\",\"@id\":\"https:\/\/www.enriquerequena.com\/fr\/tienda-online\/pieces-detachees-remplacements-moteur\/collecteurs-dadmission\/collecteur-dadmission-audi-volkswagen-059129711af-059129711ag\/#primaryimage\",\"url\":\"https:\/\/www.enriquerequena.com\/wp-content\/uploads\/2023\/06\/colector-admision-audi-volkswagen-059129711AF-059129711AG.png\",\"contentUrl\":\"https:\/\/www.enriquerequena.com\/wp-content\/uploads\/2023\/06\/colector-admision-audi-volkswagen-059129711AF-059129711AG.png\",\"width\":800,\"height\":800,\"caption\":\"Collecteur D'Admission pour Audi et Volkswagen avec r\u00e9f\u00e9rences 059129711AF et 059129711AG\"},{\"@type\":\"WebSite\",\"@id\":\"https:\/\/www.enriquerequena.com\/fr\/#website\",\"url\":\"https:\/\/www.enriquerequena.com\/fr\/\",\"name\":\"ENRIQUE REQUENA\",\"description\":\"Sp\u00e9cialistes des transmissions cardan avec des exp\u00e9ditions dans le monde entier et des pi\u00e8ces d\u00e9tach\u00e9es pour voitures, camions et accessoires \u00e0 Valence, en Espagne. Avec vous depuis 1950!\",\"publisher\":{\"@id\":\"https:\/\/www.enriquerequena.com\/fr\/#organization\"},\"potentialAction\":[{\"@type\":\"SearchAction\",\"target\":{\"@type\":\"EntryPoint\",\"urlTemplate\":\"https:\/\/www.enriquerequena.com\/fr\/?s={search_term_string}\"},\"query-input\":{\"@type\":\"PropertyValueSpecification\",\"valueRequired\":true,\"valueName\":\"search_term_string\"}}],\"inLanguage\":\"fr-FR\"},{\"@type\":\"Organization\",\"@id\":\"https:\/\/www.enriquerequena.com\/fr\/#organization\",\"name\":\"Enrique Requena S.L.\",\"url\":\"https:\/\/www.enriquerequena.com\/fr\/\",\"logo\":{\"@type\":\"ImageObject\",\"inLanguage\":\"fr-FR\",\"@id\":\"https:\/\/www.enriquerequena.com\/fr\/#\/schema\/logo\/image\/\",\"url\":\"https:\/\/www.enriquerequena.com\/wp-content\/uploads\/2019\/11\/enrique-requena-recambios-logotipo.jpg\",\"contentUrl\":\"https:\/\/www.enriquerequena.com\/wp-content\/uploads\/2019\/11\/enrique-requena-recambios-logotipo.jpg\",\"width\":381,\"height\":75,\"caption\":\"Enrique Requena S.L.\"},\"image\":{\"@id\":\"https:\/\/www.enriquerequena.com\/fr\/#\/schema\/logo\/image\/\"}}]}<\/script>\n<!-- \/ Yoast SEO plugin. -->","yoast_head_json":{"title":"Collecteur Audi Volkswagen 059129711AF - Enrique Requena","description":"Collecteur D'Admission pour Audi et Volkswagen avec r\u00e9f\u00e9rences 059129711AF et 059129711AG. Est neuve avec une garantie d\u2019un an.","robots":{"index":"index","follow":"follow","max-snippet":"max-snippet:-1","max-image-preview":"max-image-preview:large","max-video-preview":"max-video-preview:-1"},"canonical":"https:\/\/www.enriquerequena.com\/fr\/tienda-online\/pieces-detachees-remplacements-moteur\/collecteurs-dadmission\/collecteur-dadmission-audi-volkswagen-059129711af-059129711ag\/","og_locale":"fr_FR","og_type":"article","og_title":"Collecteur Audi Volkswagen 059129711AF - Enrique Requena","og_description":"Collecteur D'Admission pour Audi et Volkswagen avec r\u00e9f\u00e9rences 059129711AF et 059129711AG. Est neuve avec une garantie d\u2019un an.","og_url":"https:\/\/www.enriquerequena.com\/fr\/tienda-online\/pieces-detachees-remplacements-moteur\/collecteurs-dadmission\/collecteur-dadmission-audi-volkswagen-059129711af-059129711ag\/","og_site_name":"ENRIQUE REQUENA","article_modified_time":"2023-09-06T10:03:44+00:00","og_image":[{"width":800,"height":800,"url":"https:\/\/www.enriquerequena.com\/wp-content\/uploads\/2023\/06\/colector-admision-audi-volkswagen-059129711AF-059129711AG.png","type":"image\/png"}],"twitter_card":"summary_large_image","twitter_misc":{"Dur\u00e9e de lecture estim\u00e9e":"2 minutes"},"schema":{"@context":"https:\/\/schema.org","@graph":[{"@type":"WebPage","@id":"https:\/\/www.enriquerequena.com\/fr\/tienda-online\/pieces-detachees-remplacements-moteur\/collecteurs-dadmission\/collecteur-dadmission-audi-volkswagen-059129711af-059129711ag\/","url":"https:\/\/www.enriquerequena.com\/fr\/tienda-online\/pieces-detachees-remplacements-moteur\/collecteurs-dadmission\/collecteur-dadmission-audi-volkswagen-059129711af-059129711ag\/","name":"Collecteur Audi Volkswagen 059129711AF - Enrique Requena","isPartOf":{"@id":"https:\/\/www.enriquerequena.com\/fr\/#website"},"primaryImageOfPage":{"@id":"https:\/\/www.enriquerequena.com\/fr\/tienda-online\/pieces-detachees-remplacements-moteur\/collecteurs-dadmission\/collecteur-dadmission-audi-volkswagen-059129711af-059129711ag\/#primaryimage"},"image":{"@id":"https:\/\/www.enriquerequena.com\/fr\/tienda-online\/pieces-detachees-remplacements-moteur\/collecteurs-dadmission\/collecteur-dadmission-audi-volkswagen-059129711af-059129711ag\/#primaryimage"},"thumbnailUrl":"https:\/\/www.enriquerequena.com\/wp-content\/uploads\/2023\/06\/colector-admision-audi-volkswagen-059129711AF-059129711AG.png","datePublished":"2023-06-20T10:54:39+00:00","dateModified":"2023-09-06T10:03:44+00:00","description":"Collecteur D'Admission pour Audi et Volkswagen avec r\u00e9f\u00e9rences 059129711AF et 059129711AG. Est neuve avec une garantie d\u2019un an.","breadcrumb":{"@id":"https:\/\/www.enriquerequena.com\/fr\/tienda-online\/pieces-detachees-remplacements-moteur\/collecteurs-dadmission\/collecteur-dadmission-audi-volkswagen-059129711af-059129711ag\/#breadcrumb"},"inLanguage":"fr-FR","potentialAction":[{"@type":"ReadAction","target":["https:\/\/www.enriquerequena.com\/fr\/tienda-online\/pieces-detachees-remplacements-moteur\/collecteurs-dadmission\/collecteur-dadmission-audi-volkswagen-059129711af-059129711ag\/"]}]},{"@type":"ImageObject","inLanguage":"fr-FR","@id":"https:\/\/www.enriquerequena.com\/fr\/tienda-online\/pieces-detachees-remplacements-moteur\/collecteurs-dadmission\/collecteur-dadmission-audi-volkswagen-059129711af-059129711ag\/#primaryimage","url":"https:\/\/www.enriquerequena.com\/wp-content\/uploads\/2023\/06\/colector-admision-audi-volkswagen-059129711AF-059129711AG.png","contentUrl":"https:\/\/www.enriquerequena.com\/wp-content\/uploads\/2023\/06\/colector-admision-audi-volkswagen-059129711AF-059129711AG.png","width":800,"height":800,"caption":"Collecteur D'Admission pour Audi et Volkswagen avec r\u00e9f\u00e9rences 059129711AF et 059129711AG"},{"@type":"WebSite","@id":"https:\/\/www.enriquerequena.com\/fr\/#website","url":"https:\/\/www.enriquerequena.com\/fr\/","name":"ENRIQUE REQUENA","description":"Sp\u00e9cialistes des transmissions cardan avec des exp\u00e9ditions dans le monde entier et des pi\u00e8ces d\u00e9tach\u00e9es pour voitures, camions et accessoires \u00e0 Valence, en Espagne. Avec vous depuis 1950!","publisher":{"@id":"https:\/\/www.enriquerequena.com\/fr\/#organization"},"potentialAction":[{"@type":"SearchAction","target":{"@type":"EntryPoint","urlTemplate":"https:\/\/www.enriquerequena.com\/fr\/?s={search_term_string}"},"query-input":{"@type":"PropertyValueSpecification","valueRequired":true,"valueName":"search_term_string"}}],"inLanguage":"fr-FR"},{"@type":"Organization","@id":"https:\/\/www.enriquerequena.com\/fr\/#organization","name":"Enrique Requena S.L.","url":"https:\/\/www.enriquerequena.com\/fr\/","logo":{"@type":"ImageObject","inLanguage":"fr-FR","@id":"https:\/\/www.enriquerequena.com\/fr\/#\/schema\/logo\/image\/","url":"https:\/\/www.enriquerequena.com\/wp-content\/uploads\/2019\/11\/enrique-requena-recambios-logotipo.jpg","contentUrl":"https:\/\/www.enriquerequena.com\/wp-content\/uploads\/2019\/11\/enrique-requena-recambios-logotipo.jpg","width":381,"height":75,"caption":"Enrique Requena S.L."},"image":{"@id":"https:\/\/www.enriquerequena.com\/fr\/#\/schema\/logo\/image\/"}}]}},"_links":{"self":[{"href":"https:\/\/www.enriquerequena.com\/fr\/wp-json\/wp\/v2\/product\/27843","targetHints":{"allow":["GET"]}}],"collection":[{"href":"https:\/\/www.enriquerequena.com\/fr\/wp-json\/wp\/v2\/product"}],"about":[{"href":"https:\/\/www.enriquerequena.com\/fr\/wp-json\/wp\/v2\/types\/product"}],"wp:featuredmedia":[{"embeddable":true,"href":"https:\/\/www.enriquerequena.com\/fr\/wp-json\/wp\/v2\/media\/27846"}],"wp:attachment":[{"href":"https:\/\/www.enriquerequena.com\/fr\/wp-json\/wp\/v2\/media?parent=27843"}],"wp:term":[{"taxonomy":"product_brand","embeddable":true,"href":"https:\/\/www.enriquerequena.com\/fr\/wp-json\/wp\/v2\/product_brand?post=27843"},{"taxonomy":"product_cat","embeddable":true,"href":"https:\/\/www.enriquerequena.com\/fr\/wp-json\/wp\/v2\/product_cat?post=27843"},{"taxonomy":"product_tag","embeddable":true,"href":"https:\/\/www.enriquerequena.com\/fr\/wp-json\/wp\/v2\/product_tag?post=27843"}],"curies":[{"name":"wp","href":"https:\/\/api.w.org\/{rel}","templated":true}]}}