{"id":27861,"date":"2023-06-23T08:53:03","date_gmt":"2023-06-23T06:53:03","guid":{"rendered":"https:\/\/www.enriquerequena.com\/?post_type=product&#038;p=27861"},"modified":"2023-09-06T12:03:29","modified_gmt":"2023-09-06T10:03:29","slug":"collecteur-dadmission-mercedes-clase-a-b-c-e-s-cla-cls-a6510900037-a6510900037sk","status":"publish","type":"product","link":"https:\/\/www.enriquerequena.com\/fr\/tienda-online\/pieces-detachees-remplacements-moteur\/collecteurs-dadmission\/collecteur-dadmission-mercedes-clase-a-b-c-e-s-cla-cls-a6510900037-a6510900037sk\/","title":{"rendered":"Collecteur D&rsquo;Admission Mercedes CLASE A, B, C, E, S, CLA et CLS &#8211; A6510900037 \/ A6510900037SK"},"content":{"rendered":"<p><strong>Collecteur d&rsquo;admission pour Mercedes CLASE A, B, C, E, S, CLA et CLS <\/strong>avec r\u00e9f\u00e9rences A6510900037 et A6510900037SK. Est une pi\u00e8ce <strong>neuve<\/strong><strong>\u00a0avec une garantie d\u2019un an<\/strong>. C\u2019est le choix le plus \u00e9conomique.<\/p>\n<p>Nos pi\u00e8ces sont similaires \u00e0 ceux des OEM avec les meilleurs prix du march\u00e9.<\/p>\n<p>Nous avons une exp\u00e9rience de 70 ans dans le commerce de pi\u00e8ces et connaissons tr\u00e8s bien le sujet.<\/p>\n<p>N\u00b4h\u00e9sitez pas \u00e0 nous consulter pour d\u00b4autres mod\u00e8les de tout type de v\u00e9hicule. Nous vendons des pi\u00e8ces d\u00e9tach\u00e9es ou pi\u00e8ces de rechange \u00e0 Valence depuis 1950 et nous vendons aussi en ligne dans le monde entier.<\/p>\n<p>Caract\u00e9ristiques techniques Collecteur d&rsquo;admission Mercedes A6510900037:<\/p>\n<ul>\n<li>Pi\u00e8ce de rechange: Collecteur D&rsquo;Admission<\/li>\n<li>Mod\u00e8le:\n<ul>\n<li>CLA Coup\u00e9 (C117) CLA 200 CDI \/ d 4-matic (117.302)<\/li>\n<li>CLA Coup\u00e9 (C117) CLA 220 CDI \/ d (117.303)<\/li>\n<li>CLA Coup\u00e9 (C117) CLA 220 CDI \/ d (117.303)<\/li>\n<li>CLA Coup\u00e9 (C117) CLA 220 CDI \/ d (117.303)<\/li>\n<li>CLA Coup\u00e9 (C117) CLA 220 CDI \/ d 4-matic (117.305)<\/li>\n<li>CLA Coup\u00e9 (C117) CLA 220 CDI \/ d 4-matic (117.305)<\/li>\n<li>CLA Coup\u00e9 (C117) CLA 220 CDI 4-matic (117.305)<\/li>\n<li>CLA Shooting Brake (X117) CLA 200 CDI \/ d (117.908)<\/li>\n<li>CLA Shooting Brake (X117) CLA 200 CDI \/ d 4-matic (117.902)<\/li>\n<li>CLA Shooting Brake (X117) CLA 220 CDI \/ d (117.903)<\/li>\n<li>CLA Shooting Brake (X117) CLA 220 CDI \/ d 4-matic (117.905)<\/li>\n<li>CLA Shooting Brake (X117) CLA 220 d (117.903)<\/li>\n<li>CLA Shooting Brake (X117) CLA 220 d 4-matic (117.905)<\/li>\n<li>CLASE A (W176) A 180 CDI (176.000)<\/li>\n<li>CLASE A (W176) A 200 CDI (176.001)<\/li>\n<li>CLASE A (W176) A 200 CDI \/ d (176.008)<\/li>\n<li>CLASE A (W176) A 200 CDI \/ d 4-matic (176.002)<\/li>\n<li>CLASE A (W176) A 220 CDI (176.003)<\/li>\n<li>CLASE A (W176) A 220 CDI 4-matic (176.005)<\/li>\n<li>CLASE A (W176) A 220 d (176.003)<\/li>\n<li>CLASE A (W176) A 220 d 4-matic (176.005)<\/li>\n<li>CLASE B Sports Tourer (W246, W242) B 180 CDI (246.200)<\/li>\n<li>CLASE B Sports Tourer (W246, W242) B 200 CDI (246.201)<\/li>\n<li>CLASE B Sports Tourer (W246, W242) B 200 CDI \/ d (246.208)<\/li>\n<li>CLASE B Sports Tourer (W246, W242) B 200 CDI \/ d 4-matic (246.202)<\/li>\n<li>CLASE B Sports Tourer (W246, W242) B 220 CDI \/ d (246.203)<\/li>\n<li>CLASE B Sports Tourer (W246, W242) B 220 CDI \/ d (246.203)<\/li>\n<li>CLASE B Sports Tourer (W246, W242) B 220 CDI \/ d 4-matic (246.205)<\/li>\n<li>CLASE B Sports Tourer (W246, W242) B 220 d 4-matic (246.205)<\/li>\n<li>CLASE C (W204) C 180 CDI (204.000)<\/li>\n<li>CLASE C (W204) C 200 CDI (204.001)<\/li>\n<li>CLASE C (W204) C 220 CDI (204.002)<\/li>\n<li>CLASE C (W204) C 220 CDI (204.002)<\/li>\n<li>CLASE C (W204) C 220 CDI 4-matic (204.084)<\/li>\n<li>CLASE C (W204) C 250 CDI (204.003)<\/li>\n<li>CLASE C (W204) C 250 CDI 4-matic (204.082)<\/li>\n<li>CLASE C (W205) C 200 d (205.007)<\/li>\n<li>CLASE C (W205) C 220 BlueTEC \/ d (205.002, 205.004)<\/li>\n<li>CLASE C (W205) C 220 BlueTEC \/ d (205.003)<\/li>\n<li>CLASE C (W205) C 220 d 4-matic (205.005)<\/li>\n<li>CLASE C (W205) C 250 BlueTEC \/ d (205.008, 205.006)<\/li>\n<li>CLASE C (W205) C 250 BlueTEC \/ d 4-matic (205.009)<\/li>\n<li>CLASE C (W205) C 300 BlueTEC Hybrid \/ h (205.012)<\/li>\n<li>CLASE C Coup\u00e9 (C204) C 220 CDI (204.302)<\/li>\n<li>CLASE C Coup\u00e9 (C204) C 220 CDI (204.302)<\/li>\n<li>CLASE C Coup\u00e9 (C204) C 250 CDI (204.303)<\/li>\n<li>CLASE C Coup\u00e9 (C205) C 220 d (205.304)<\/li>\n<li>CLASE C Coup\u00e9 (C205) C 220 d 4-matic (205.305)<\/li>\n<li>CLASE C Coup\u00e9 (C205) C 250 d (205.308)<\/li>\n<li>CLASE C Coup\u00e9 (C205) C 250 d 4-matic (205.309)<\/li>\n<li>CLASE C Descapotable (A205) C 220 d (205.404)<\/li>\n<li>CLASE C Descapotable (A205) C 220 d 4-matic (205.405)<\/li>\n<li>CLASE C Descapotable (A205) C 250 d (205.408)<\/li>\n<li>CLASE C T-Model (S204) C 180 CDI (204.200)<\/li>\n<li>CLASE C T-Model (S204) C 200 CDI (204.201)<\/li>\n<li>CLASE C T-Model (S204) C 220 CDI (204.202)<\/li>\n<li>CLASE C T-Model (S204) C 220 CDI (204.202)<\/li>\n<li>CLASE C T-Model (S204) C 220 CDI 4-matic (204.284)<\/li>\n<li>CLASE C T-Model (S204) C 250 CDI (204.203)<\/li>\n<li>CLASE C T-Model (S204) C 250 CDI 4-matic (204.282)<\/li>\n<li>CLASE C T-Model (S205) C 200 d (205.207)<\/li>\n<li>CLASE C T-Model (S205) C 220 BlueTEC \/ d (205.204)<\/li>\n<li>CLASE C T-Model (S205) C 220 BlueTEC \/ d (205.204)<\/li>\n<li>CLASE C T-Model (S205) C 220 d 4-matic (205.205)<\/li>\n<li>CLASE C T-Model (S205) C 250 BlueTEC \/ d (205.208)<\/li>\n<li>CLASE C T-Model (S205) C 250 BlueTEC \/ d 4-matic (205.209)<\/li>\n<li>CLASE C T-Model (S205) C 300 BlueTEC Hybrid \/ h (205.212)<\/li>\n<li>CLASE E (W212) E 200 CDI \/ BlueTEC (212.005, 212.006)<\/li>\n<li>CLASE E (W212) E 220 BlueTEC 4-matic (212.011)<\/li>\n<li>CLASE E (W212) E 220 CDI<\/li>\n<li>CLASE E (W212) E 220 CDI \/ BlueTEC (212.001, 212.002)<\/li>\n<li>CLASE E (W212) E 250 CDI \/ BlueTEC (212.003, 212.004)<\/li>\n<li>CLASE E (W212) E 250 CDI \/ BlueTEC 4-matic (212.082, 212.097)<\/li>\n<li>CLASE E (W212) E 300 Hybrid \/ BlueTEC Hybrid (212.098)<\/li>\n<li>CLASE E Coup\u00e9 (C207) E 220 CDI (207.302)<\/li>\n<li>CLASE E Coup\u00e9 (C207) E 220 CDI \/ d (207.302, 207.301)<\/li>\n<li>CLASE E Coup\u00e9 (C207) E 250 CDI \/ BlueTEC \/ d (207.303, 207.304)<\/li>\n<li>CLASE E Descapotable (A207) E 220 CDI \/ BlueTEC \/ d (207.402, 207.401)<\/li>\n<li>CLASE E Descapotable (A207) E 250 CDI \/ BlueTEC \/ d (207.403, 207.404)<\/li>\n<li>CLASE E T-Model (S212) E 200 CDI \/ BlueTEC (212.205, 212.206)<\/li>\n<li>CLASE E T-Model (S212) E 220 BlueTEC 4-matic (212.211)<\/li>\n<li>CLASE E T-Model (S212) E 220 CDI (212.202)<\/li>\n<li>CLASE E T-Model (S212) E 220 CDI \/ BlueTEC (212.202, 212.201)<\/li>\n<li>CLASE E T-Model (S212) E 250 CDI \/ BlueTEC (212.203, 212.204)<\/li>\n<li>CLASE E T-Model (S212) E 250 CDI \/ BlueTEC 4-matic (212.282, 212.297)<\/li>\n<li>CLASE E T-Model (S212) E 300 Hybrid \/ BlueTEC Hybrid (212.298)<\/li>\n<li>CLASE M (W166) ML 250 CDI \/ BlueTEC 4-matic (166.004, 166.003)<\/li>\n<li>CLASE S (W221) S 250 CDI (221.003, 221.103)<\/li>\n<li>CLASE S (W222, V222, X222) S 300 BlueTEC Hybrid \/ h (222.104, 222.004)<\/li>\n<li>CLS (C218) CLS 220 BlueTEC \/ d (218.301)<\/li>\n<li>CLS (C218) CLS 250 BlueTEC \/ d 4-matic (218.397)<\/li>\n<li>CLS (C218) CLS 250 CDI \/ BlueTEC \/ d (218.303, 218.304)<\/li>\n<li>CLS Shooting Brake (X218) CLS 220 BlueTEC \/ d (218.901)<\/li>\n<li>CLS Shooting Brake (X218) CLS 250 BlueTEC \/ d 4-matic (218.997)<\/li>\n<li>CLS Shooting Brake (X218) CLS 250 CDI \/ BlueTEC \/ d (218.903, 218.904)<\/li>\n<\/ul>\n<\/li>\n<li>Etat: pi\u00e8ce neuve<\/li>\n<li>Garantie d\u2019un an<\/li>\n<li>Poids: 1.373<\/li>\n<li>R\u00e9f\u00e9rences:\n<ul>\n<li>A6510900037<\/li>\n<li>A6510900037SK<\/li>\n<\/ul>\n<\/li>\n<\/ul>\n","protected":false},"excerpt":{"rendered":"<p><strong>Collecteur d&rsquo;admission pour Mercedes CLASE A, B, C, E, S, CLA et CLS <\/strong>avec r\u00e9f\u00e9rences <strong>A6510900037 et A6510900037SK. <\/strong>Est une piece neuve avec une garantie d\u2019un an.<\/p>\n","protected":false},"featured_media":27864,"template":"","meta":[],"product_brand":[],"product_cat":[10077,9839,198,135],"product_tag":[],"class_list":{"0":"post-27861","1":"product","2":"type-product","3":"status-publish","4":"has-post-thumbnail","6":"product_cat-collecteurs-dadmission","7":"product_cat-pieces-detachees-remplacements-moteur","8":"product_cat-moteur-voiture","9":"product_cat-pieces-rechange-voiture","10":"pa_manufacturer-mercedes-benz","11":"pa_tipo-auto","13":"first","14":"instock","15":"taxable","16":"shipping-taxable","17":"purchasable","18":"product-type-simple"},"yoast_head":"<!-- This site is optimized with the Yoast SEO plugin v27.1.1 - https:\/\/yoast.com\/product\/yoast-seo-wordpress\/ -->\n<title>Collecteur d&#039;admission Mercedes A6510900037 - Enrique Requena<\/title>\n<meta name=\"description\" content=\"Collecteur d&#039;admission pour Mercedes CLASE A, B, C, E, S, CLA et CLS avec r\u00e9f\u00e9rences A6510900037 et A6510900037SK. Appelez-nous et consultez-nous.\" \/>\n<meta name=\"robots\" content=\"index, follow, max-snippet:-1, max-image-preview:large, max-video-preview:-1\" \/>\n<link rel=\"canonical\" href=\"https:\/\/www.enriquerequena.com\/fr\/tienda-online\/pieces-detachees-remplacements-moteur\/collecteurs-dadmission\/collecteur-dadmission-mercedes-clase-a-b-c-e-s-cla-cls-a6510900037-a6510900037sk\/\" \/>\n<meta property=\"og:locale\" content=\"fr_FR\" \/>\n<meta property=\"og:type\" content=\"article\" \/>\n<meta property=\"og:title\" content=\"Collecteur d&#039;admission Mercedes A6510900037 - Enrique Requena\" \/>\n<meta property=\"og:description\" content=\"Collecteur d&#039;admission pour Mercedes CLASE A, B, C, E, S, CLA et CLS avec r\u00e9f\u00e9rences A6510900037 et A6510900037SK. Appelez-nous et consultez-nous.\" \/>\n<meta property=\"og:url\" content=\"https:\/\/www.enriquerequena.com\/fr\/tienda-online\/pieces-detachees-remplacements-moteur\/collecteurs-dadmission\/collecteur-dadmission-mercedes-clase-a-b-c-e-s-cla-cls-a6510900037-a6510900037sk\/\" \/>\n<meta property=\"og:site_name\" content=\"ENRIQUE REQUENA\" \/>\n<meta property=\"article:modified_time\" content=\"2023-09-06T10:03:29+00:00\" \/>\n<meta property=\"og:image\" content=\"https:\/\/www.enriquerequena.com\/wp-content\/uploads\/2023\/06\/colector-admision-mercedes-clase-a-b-c-e-s-cla-cls-A6510900037-A6510900037SK.png\" \/>\n\t<meta property=\"og:image:width\" content=\"800\" \/>\n\t<meta property=\"og:image:height\" content=\"800\" \/>\n\t<meta property=\"og:image:type\" content=\"image\/png\" \/>\n<meta name=\"twitter:card\" content=\"summary_large_image\" \/>\n<meta name=\"twitter:label1\" content=\"Dur\u00e9e de lecture estim\u00e9e\" \/>\n\t<meta name=\"twitter:data1\" content=\"5 minutes\" \/>\n<script type=\"application\/ld+json\" class=\"yoast-schema-graph\">{\"@context\":\"https:\/\/schema.org\",\"@graph\":[{\"@type\":\"WebPage\",\"@id\":\"https:\/\/www.enriquerequena.com\/fr\/tienda-online\/pieces-detachees-remplacements-moteur\/collecteurs-dadmission\/collecteur-dadmission-mercedes-clase-a-b-c-e-s-cla-cls-a6510900037-a6510900037sk\/\",\"url\":\"https:\/\/www.enriquerequena.com\/fr\/tienda-online\/pieces-detachees-remplacements-moteur\/collecteurs-dadmission\/collecteur-dadmission-mercedes-clase-a-b-c-e-s-cla-cls-a6510900037-a6510900037sk\/\",\"name\":\"Collecteur d'admission Mercedes A6510900037 - Enrique Requena\",\"isPartOf\":{\"@id\":\"https:\/\/www.enriquerequena.com\/fr\/#website\"},\"primaryImageOfPage\":{\"@id\":\"https:\/\/www.enriquerequena.com\/fr\/tienda-online\/pieces-detachees-remplacements-moteur\/collecteurs-dadmission\/collecteur-dadmission-mercedes-clase-a-b-c-e-s-cla-cls-a6510900037-a6510900037sk\/#primaryimage\"},\"image\":{\"@id\":\"https:\/\/www.enriquerequena.com\/fr\/tienda-online\/pieces-detachees-remplacements-moteur\/collecteurs-dadmission\/collecteur-dadmission-mercedes-clase-a-b-c-e-s-cla-cls-a6510900037-a6510900037sk\/#primaryimage\"},\"thumbnailUrl\":\"https:\/\/www.enriquerequena.com\/wp-content\/uploads\/2023\/06\/colector-admision-mercedes-clase-a-b-c-e-s-cla-cls-A6510900037-A6510900037SK.png\",\"datePublished\":\"2023-06-23T06:53:03+00:00\",\"dateModified\":\"2023-09-06T10:03:29+00:00\",\"description\":\"Collecteur d'admission pour Mercedes CLASE A, B, C, E, S, CLA et CLS avec r\u00e9f\u00e9rences A6510900037 et A6510900037SK. Appelez-nous et consultez-nous.\",\"breadcrumb\":{\"@id\":\"https:\/\/www.enriquerequena.com\/fr\/tienda-online\/pieces-detachees-remplacements-moteur\/collecteurs-dadmission\/collecteur-dadmission-mercedes-clase-a-b-c-e-s-cla-cls-a6510900037-a6510900037sk\/#breadcrumb\"},\"inLanguage\":\"fr-FR\",\"potentialAction\":[{\"@type\":\"ReadAction\",\"target\":[\"https:\/\/www.enriquerequena.com\/fr\/tienda-online\/pieces-detachees-remplacements-moteur\/collecteurs-dadmission\/collecteur-dadmission-mercedes-clase-a-b-c-e-s-cla-cls-a6510900037-a6510900037sk\/\"]}]},{\"@type\":\"ImageObject\",\"inLanguage\":\"fr-FR\",\"@id\":\"https:\/\/www.enriquerequena.com\/fr\/tienda-online\/pieces-detachees-remplacements-moteur\/collecteurs-dadmission\/collecteur-dadmission-mercedes-clase-a-b-c-e-s-cla-cls-a6510900037-a6510900037sk\/#primaryimage\",\"url\":\"https:\/\/www.enriquerequena.com\/wp-content\/uploads\/2023\/06\/colector-admision-mercedes-clase-a-b-c-e-s-cla-cls-A6510900037-A6510900037SK.png\",\"contentUrl\":\"https:\/\/www.enriquerequena.com\/wp-content\/uploads\/2023\/06\/colector-admision-mercedes-clase-a-b-c-e-s-cla-cls-A6510900037-A6510900037SK.png\",\"width\":800,\"height\":800,\"caption\":\"Collecteur d'admission pour Mercedes CLASE A, B, C, E, S, CLA et CLS avec r\u00e9f\u00e9rences A6510900037 et A6510900037SK.\"},{\"@type\":\"WebSite\",\"@id\":\"https:\/\/www.enriquerequena.com\/fr\/#website\",\"url\":\"https:\/\/www.enriquerequena.com\/fr\/\",\"name\":\"ENRIQUE REQUENA\",\"description\":\"Sp\u00e9cialistes des transmissions cardan avec des exp\u00e9ditions dans le monde entier et des pi\u00e8ces d\u00e9tach\u00e9es pour voitures, camions et accessoires \u00e0 Valence, en Espagne. Avec vous depuis 1950!\",\"publisher\":{\"@id\":\"https:\/\/www.enriquerequena.com\/fr\/#organization\"},\"potentialAction\":[{\"@type\":\"SearchAction\",\"target\":{\"@type\":\"EntryPoint\",\"urlTemplate\":\"https:\/\/www.enriquerequena.com\/fr\/?s={search_term_string}\"},\"query-input\":{\"@type\":\"PropertyValueSpecification\",\"valueRequired\":true,\"valueName\":\"search_term_string\"}}],\"inLanguage\":\"fr-FR\"},{\"@type\":\"Organization\",\"@id\":\"https:\/\/www.enriquerequena.com\/fr\/#organization\",\"name\":\"Enrique Requena S.L.\",\"url\":\"https:\/\/www.enriquerequena.com\/fr\/\",\"logo\":{\"@type\":\"ImageObject\",\"inLanguage\":\"fr-FR\",\"@id\":\"https:\/\/www.enriquerequena.com\/fr\/#\/schema\/logo\/image\/\",\"url\":\"https:\/\/www.enriquerequena.com\/wp-content\/uploads\/2019\/11\/enrique-requena-recambios-logotipo.jpg\",\"contentUrl\":\"https:\/\/www.enriquerequena.com\/wp-content\/uploads\/2019\/11\/enrique-requena-recambios-logotipo.jpg\",\"width\":381,\"height\":75,\"caption\":\"Enrique Requena S.L.\"},\"image\":{\"@id\":\"https:\/\/www.enriquerequena.com\/fr\/#\/schema\/logo\/image\/\"}}]}<\/script>\n<!-- \/ Yoast SEO plugin. -->","yoast_head_json":{"title":"Collecteur d'admission Mercedes A6510900037 - Enrique Requena","description":"Collecteur d'admission pour Mercedes CLASE A, B, C, E, S, CLA et CLS avec r\u00e9f\u00e9rences A6510900037 et A6510900037SK. Appelez-nous et consultez-nous.","robots":{"index":"index","follow":"follow","max-snippet":"max-snippet:-1","max-image-preview":"max-image-preview:large","max-video-preview":"max-video-preview:-1"},"canonical":"https:\/\/www.enriquerequena.com\/fr\/tienda-online\/pieces-detachees-remplacements-moteur\/collecteurs-dadmission\/collecteur-dadmission-mercedes-clase-a-b-c-e-s-cla-cls-a6510900037-a6510900037sk\/","og_locale":"fr_FR","og_type":"article","og_title":"Collecteur d'admission Mercedes A6510900037 - Enrique Requena","og_description":"Collecteur d'admission pour Mercedes CLASE A, B, C, E, S, CLA et CLS avec r\u00e9f\u00e9rences A6510900037 et A6510900037SK. Appelez-nous et consultez-nous.","og_url":"https:\/\/www.enriquerequena.com\/fr\/tienda-online\/pieces-detachees-remplacements-moteur\/collecteurs-dadmission\/collecteur-dadmission-mercedes-clase-a-b-c-e-s-cla-cls-a6510900037-a6510900037sk\/","og_site_name":"ENRIQUE REQUENA","article_modified_time":"2023-09-06T10:03:29+00:00","og_image":[{"width":800,"height":800,"url":"https:\/\/www.enriquerequena.com\/wp-content\/uploads\/2023\/06\/colector-admision-mercedes-clase-a-b-c-e-s-cla-cls-A6510900037-A6510900037SK.png","type":"image\/png"}],"twitter_card":"summary_large_image","twitter_misc":{"Dur\u00e9e de lecture estim\u00e9e":"5 minutes"},"schema":{"@context":"https:\/\/schema.org","@graph":[{"@type":"WebPage","@id":"https:\/\/www.enriquerequena.com\/fr\/tienda-online\/pieces-detachees-remplacements-moteur\/collecteurs-dadmission\/collecteur-dadmission-mercedes-clase-a-b-c-e-s-cla-cls-a6510900037-a6510900037sk\/","url":"https:\/\/www.enriquerequena.com\/fr\/tienda-online\/pieces-detachees-remplacements-moteur\/collecteurs-dadmission\/collecteur-dadmission-mercedes-clase-a-b-c-e-s-cla-cls-a6510900037-a6510900037sk\/","name":"Collecteur d'admission Mercedes A6510900037 - Enrique Requena","isPartOf":{"@id":"https:\/\/www.enriquerequena.com\/fr\/#website"},"primaryImageOfPage":{"@id":"https:\/\/www.enriquerequena.com\/fr\/tienda-online\/pieces-detachees-remplacements-moteur\/collecteurs-dadmission\/collecteur-dadmission-mercedes-clase-a-b-c-e-s-cla-cls-a6510900037-a6510900037sk\/#primaryimage"},"image":{"@id":"https:\/\/www.enriquerequena.com\/fr\/tienda-online\/pieces-detachees-remplacements-moteur\/collecteurs-dadmission\/collecteur-dadmission-mercedes-clase-a-b-c-e-s-cla-cls-a6510900037-a6510900037sk\/#primaryimage"},"thumbnailUrl":"https:\/\/www.enriquerequena.com\/wp-content\/uploads\/2023\/06\/colector-admision-mercedes-clase-a-b-c-e-s-cla-cls-A6510900037-A6510900037SK.png","datePublished":"2023-06-23T06:53:03+00:00","dateModified":"2023-09-06T10:03:29+00:00","description":"Collecteur d'admission pour Mercedes CLASE A, B, C, E, S, CLA et CLS avec r\u00e9f\u00e9rences A6510900037 et A6510900037SK. Appelez-nous et consultez-nous.","breadcrumb":{"@id":"https:\/\/www.enriquerequena.com\/fr\/tienda-online\/pieces-detachees-remplacements-moteur\/collecteurs-dadmission\/collecteur-dadmission-mercedes-clase-a-b-c-e-s-cla-cls-a6510900037-a6510900037sk\/#breadcrumb"},"inLanguage":"fr-FR","potentialAction":[{"@type":"ReadAction","target":["https:\/\/www.enriquerequena.com\/fr\/tienda-online\/pieces-detachees-remplacements-moteur\/collecteurs-dadmission\/collecteur-dadmission-mercedes-clase-a-b-c-e-s-cla-cls-a6510900037-a6510900037sk\/"]}]},{"@type":"ImageObject","inLanguage":"fr-FR","@id":"https:\/\/www.enriquerequena.com\/fr\/tienda-online\/pieces-detachees-remplacements-moteur\/collecteurs-dadmission\/collecteur-dadmission-mercedes-clase-a-b-c-e-s-cla-cls-a6510900037-a6510900037sk\/#primaryimage","url":"https:\/\/www.enriquerequena.com\/wp-content\/uploads\/2023\/06\/colector-admision-mercedes-clase-a-b-c-e-s-cla-cls-A6510900037-A6510900037SK.png","contentUrl":"https:\/\/www.enriquerequena.com\/wp-content\/uploads\/2023\/06\/colector-admision-mercedes-clase-a-b-c-e-s-cla-cls-A6510900037-A6510900037SK.png","width":800,"height":800,"caption":"Collecteur d'admission pour Mercedes CLASE A, B, C, E, S, CLA et CLS avec r\u00e9f\u00e9rences A6510900037 et A6510900037SK."},{"@type":"WebSite","@id":"https:\/\/www.enriquerequena.com\/fr\/#website","url":"https:\/\/www.enriquerequena.com\/fr\/","name":"ENRIQUE REQUENA","description":"Sp\u00e9cialistes des transmissions cardan avec des exp\u00e9ditions dans le monde entier et des pi\u00e8ces d\u00e9tach\u00e9es pour voitures, camions et accessoires \u00e0 Valence, en Espagne. Avec vous depuis 1950!","publisher":{"@id":"https:\/\/www.enriquerequena.com\/fr\/#organization"},"potentialAction":[{"@type":"SearchAction","target":{"@type":"EntryPoint","urlTemplate":"https:\/\/www.enriquerequena.com\/fr\/?s={search_term_string}"},"query-input":{"@type":"PropertyValueSpecification","valueRequired":true,"valueName":"search_term_string"}}],"inLanguage":"fr-FR"},{"@type":"Organization","@id":"https:\/\/www.enriquerequena.com\/fr\/#organization","name":"Enrique Requena S.L.","url":"https:\/\/www.enriquerequena.com\/fr\/","logo":{"@type":"ImageObject","inLanguage":"fr-FR","@id":"https:\/\/www.enriquerequena.com\/fr\/#\/schema\/logo\/image\/","url":"https:\/\/www.enriquerequena.com\/wp-content\/uploads\/2019\/11\/enrique-requena-recambios-logotipo.jpg","contentUrl":"https:\/\/www.enriquerequena.com\/wp-content\/uploads\/2019\/11\/enrique-requena-recambios-logotipo.jpg","width":381,"height":75,"caption":"Enrique Requena S.L."},"image":{"@id":"https:\/\/www.enriquerequena.com\/fr\/#\/schema\/logo\/image\/"}}]}},"_links":{"self":[{"href":"https:\/\/www.enriquerequena.com\/fr\/wp-json\/wp\/v2\/product\/27861","targetHints":{"allow":["GET"]}}],"collection":[{"href":"https:\/\/www.enriquerequena.com\/fr\/wp-json\/wp\/v2\/product"}],"about":[{"href":"https:\/\/www.enriquerequena.com\/fr\/wp-json\/wp\/v2\/types\/product"}],"wp:featuredmedia":[{"embeddable":true,"href":"https:\/\/www.enriquerequena.com\/fr\/wp-json\/wp\/v2\/media\/27864"}],"wp:attachment":[{"href":"https:\/\/www.enriquerequena.com\/fr\/wp-json\/wp\/v2\/media?parent=27861"}],"wp:term":[{"taxonomy":"product_brand","embeddable":true,"href":"https:\/\/www.enriquerequena.com\/fr\/wp-json\/wp\/v2\/product_brand?post=27861"},{"taxonomy":"product_cat","embeddable":true,"href":"https:\/\/www.enriquerequena.com\/fr\/wp-json\/wp\/v2\/product_cat?post=27861"},{"taxonomy":"product_tag","embeddable":true,"href":"https:\/\/www.enriquerequena.com\/fr\/wp-json\/wp\/v2\/product_tag?post=27861"}],"curies":[{"name":"wp","href":"https:\/\/api.w.org\/{rel}","templated":true}]}}