{"id":28022,"date":"2023-08-04T18:01:45","date_gmt":"2023-08-04T16:01:45","guid":{"rendered":"https:\/\/www.enriquerequena.com\/?post_type=product&#038;p=28022"},"modified":"2023-07-28T11:55:08","modified_gmt":"2023-07-28T09:55:08","slug":"kit-plaquettes-frein-nissan-nt500-d1060lc55a","status":"publish","type":"product","link":"https:\/\/www.enriquerequena.com\/fr\/tienda-online\/pieces-detachees-rechanges-frein-freinage\/plaquettes-de-frein\/kit-plaquettes-frein-nissan-nt500-d1060lc55a\/","title":{"rendered":"Kit de plaquettes de frein Nissan NT500 6.5T &#8211; D1060LC55A"},"content":{"rendered":"<p><strong>Kit de plaquettes de frein pour Nissan NT500 <\/strong>avec r\u00e9f\u00e9rence D1060LC55A est une pi\u00e8ce de Nissan <strong>neuve avec une garantie d\u2019un an<\/strong>.\u00a0C\u2019est le choix le plus \u00e9conomique.<\/p>\n<p>Nous vendons des pi\u00e8ces d\u00e9tach\u00e9es ou pi\u00e8ces de rechange \u00e0 Valence depuis 1950 et nous vendons aussi en ligne dans le monde entier.<\/p>\n<p>N\u00b4h\u00e9sitez pas \u00e0 nous consulter pour d\u00b4autres mod\u00e8les de tout type de v\u00e9hicule. Nous avons une exp\u00e9rience de 70 ans. Nos pi\u00e9ces de rechange sont similaires \u00e0 ceux des OEM avec les meilleurs prix du march\u00e9.<\/p>\n<p>Caract\u00e9ristiques techniques Kit de plaquettes de frein Nissan NT500 D1060LC55A:<\/p>\n<ul>\n<li>Pi\u00e8ce de rechange: Kit de plaquettes de frein<\/li>\n<li>Mod\u00e8le: Nissan NT500<\/li>\n<li>Etat: pi\u00e8ce neuve<\/li>\n<li>Garantie d\u2019un an<\/li>\n<li>C\u00f4t\u00e9 d&rsquo;assemblage: c\u00f4t\u00e9 conducteur + passager av.<\/li>\n<li>Syst\u00e8me de freinage: KNORR SB\/SN5<\/li>\n<li>Longueur: 185 mm<\/li>\n<li>Hauteur: 84 mm<\/li>\n<li>Marque de conformit\u00e9: E9 90R &#8211; 01166\/645<\/li>\n<li>Poids: 6,535 kg<\/li>\n<li><strong>R\u00e9f\u00e9rence:<\/strong>\n<ul>\n<li>D1060LC55A<\/li>\n<\/ul>\n<\/li>\n<\/ul>\n","protected":false},"excerpt":{"rendered":"<p><strong>Kit de plaquettes de frein pour Nissan NT500 <\/strong>avec r\u00e9f\u00e9rence<strong> D1060LC55A<\/strong>. Est une pi\u00e8ce de Nissan neuve avec une garantie d\u2019un an.<\/p>\n","protected":false},"featured_media":28025,"template":"","meta":[],"product_brand":[],"product_cat":[9848,219,138,10005],"product_tag":[],"class_list":{"0":"post-28022","1":"product","2":"type-product","3":"status-publish","4":"has-post-thumbnail","6":"product_cat-pieces-detachees-rechanges-frein-freinage","7":"product_cat-moteur-camion","8":"product_cat-pieces-rechange-camions","9":"product_cat-plaquettes-de-frein","10":"pa_manufacturer-nissan","11":"pa_tipo-camions-poids-lourds","12":"pa_tipo-fourgons-et-vehicules-legers","14":"first","15":"instock","16":"taxable","17":"shipping-taxable","18":"purchasable","19":"product-type-simple"},"yoast_head":"<!-- This site is optimized with the Yoast SEO plugin v27.1.1 - https:\/\/yoast.com\/product\/yoast-seo-wordpress\/ -->\n<title>Kit plaquettes frein Nissan NT500 D1060LC55A - ENRIQUE REQUENA<\/title>\n<meta name=\"description\" content=\"Kit de plaquettes de frein pour Nissan NT500 avec r\u00e9f\u00e9rence D1060LC55A. Est une pi\u00e8ce de Nissan neuve avec une garantie d\u2019un an.\" \/>\n<meta name=\"robots\" content=\"index, follow, max-snippet:-1, max-image-preview:large, max-video-preview:-1\" \/>\n<link rel=\"canonical\" href=\"https:\/\/www.enriquerequena.com\/fr\/tienda-online\/pieces-detachees-rechanges-frein-freinage\/plaquettes-de-frein\/kit-plaquettes-frein-nissan-nt500-d1060lc55a\/\" \/>\n<meta property=\"og:locale\" content=\"fr_FR\" \/>\n<meta property=\"og:type\" content=\"article\" \/>\n<meta property=\"og:title\" content=\"Kit plaquettes frein Nissan NT500 D1060LC55A - ENRIQUE REQUENA\" \/>\n<meta property=\"og:description\" content=\"Kit de plaquettes de frein pour Nissan NT500 avec r\u00e9f\u00e9rence D1060LC55A. Est une pi\u00e8ce de Nissan neuve avec une garantie d\u2019un an.\" \/>\n<meta property=\"og:url\" content=\"https:\/\/www.enriquerequena.com\/fr\/tienda-online\/pieces-detachees-rechanges-frein-freinage\/plaquettes-de-frein\/kit-plaquettes-frein-nissan-nt500-d1060lc55a\/\" \/>\n<meta property=\"og:site_name\" content=\"ENRIQUE REQUENA\" \/>\n<meta property=\"og:image\" content=\"https:\/\/www.enriquerequena.com\/wp-content\/uploads\/2023\/07\/pastilla-freno-delantero-trasero-nissan-nt500-D1060LC55A.png\" \/>\n\t<meta property=\"og:image:width\" content=\"800\" \/>\n\t<meta property=\"og:image:height\" content=\"800\" \/>\n\t<meta property=\"og:image:type\" content=\"image\/png\" \/>\n<meta name=\"twitter:card\" content=\"summary_large_image\" \/>\n<meta name=\"twitter:label1\" content=\"Dur\u00e9e de lecture estim\u00e9e\" \/>\n\t<meta name=\"twitter:data1\" content=\"1 minute\" \/>\n<script type=\"application\/ld+json\" class=\"yoast-schema-graph\">{\"@context\":\"https:\/\/schema.org\",\"@graph\":[{\"@type\":\"WebPage\",\"@id\":\"https:\/\/www.enriquerequena.com\/fr\/tienda-online\/pieces-detachees-rechanges-frein-freinage\/plaquettes-de-frein\/kit-plaquettes-frein-nissan-nt500-d1060lc55a\/\",\"url\":\"https:\/\/www.enriquerequena.com\/fr\/tienda-online\/pieces-detachees-rechanges-frein-freinage\/plaquettes-de-frein\/kit-plaquettes-frein-nissan-nt500-d1060lc55a\/\",\"name\":\"Kit plaquettes frein Nissan NT500 D1060LC55A - ENRIQUE REQUENA\",\"isPartOf\":{\"@id\":\"https:\/\/www.enriquerequena.com\/fr\/#website\"},\"primaryImageOfPage\":{\"@id\":\"https:\/\/www.enriquerequena.com\/fr\/tienda-online\/pieces-detachees-rechanges-frein-freinage\/plaquettes-de-frein\/kit-plaquettes-frein-nissan-nt500-d1060lc55a\/#primaryimage\"},\"image\":{\"@id\":\"https:\/\/www.enriquerequena.com\/fr\/tienda-online\/pieces-detachees-rechanges-frein-freinage\/plaquettes-de-frein\/kit-plaquettes-frein-nissan-nt500-d1060lc55a\/#primaryimage\"},\"thumbnailUrl\":\"https:\/\/www.enriquerequena.com\/wp-content\/uploads\/2023\/07\/pastilla-freno-delantero-trasero-nissan-nt500-D1060LC55A.png\",\"datePublished\":\"2023-08-04T16:01:45+00:00\",\"description\":\"Kit de plaquettes de frein pour Nissan NT500 avec r\u00e9f\u00e9rence D1060LC55A. Est une pi\u00e8ce de Nissan neuve avec une garantie d\u2019un an.\",\"breadcrumb\":{\"@id\":\"https:\/\/www.enriquerequena.com\/fr\/tienda-online\/pieces-detachees-rechanges-frein-freinage\/plaquettes-de-frein\/kit-plaquettes-frein-nissan-nt500-d1060lc55a\/#breadcrumb\"},\"inLanguage\":\"fr-FR\",\"potentialAction\":[{\"@type\":\"ReadAction\",\"target\":[\"https:\/\/www.enriquerequena.com\/fr\/tienda-online\/pieces-detachees-rechanges-frein-freinage\/plaquettes-de-frein\/kit-plaquettes-frein-nissan-nt500-d1060lc55a\/\"]}]},{\"@type\":\"ImageObject\",\"inLanguage\":\"fr-FR\",\"@id\":\"https:\/\/www.enriquerequena.com\/fr\/tienda-online\/pieces-detachees-rechanges-frein-freinage\/plaquettes-de-frein\/kit-plaquettes-frein-nissan-nt500-d1060lc55a\/#primaryimage\",\"url\":\"https:\/\/www.enriquerequena.com\/wp-content\/uploads\/2023\/07\/pastilla-freno-delantero-trasero-nissan-nt500-D1060LC55A.png\",\"contentUrl\":\"https:\/\/www.enriquerequena.com\/wp-content\/uploads\/2023\/07\/pastilla-freno-delantero-trasero-nissan-nt500-D1060LC55A.png\",\"width\":800,\"height\":800,\"caption\":\"Kit de plaquettes de frein\"},{\"@type\":\"WebSite\",\"@id\":\"https:\/\/www.enriquerequena.com\/fr\/#website\",\"url\":\"https:\/\/www.enriquerequena.com\/fr\/\",\"name\":\"ENRIQUE REQUENA\",\"description\":\"Sp\u00e9cialistes des transmissions cardan avec des exp\u00e9ditions dans le monde entier et des pi\u00e8ces d\u00e9tach\u00e9es pour voitures, camions et accessoires \u00e0 Valence, en Espagne. Avec vous depuis 1950!\",\"publisher\":{\"@id\":\"https:\/\/www.enriquerequena.com\/fr\/#organization\"},\"potentialAction\":[{\"@type\":\"SearchAction\",\"target\":{\"@type\":\"EntryPoint\",\"urlTemplate\":\"https:\/\/www.enriquerequena.com\/fr\/?s={search_term_string}\"},\"query-input\":{\"@type\":\"PropertyValueSpecification\",\"valueRequired\":true,\"valueName\":\"search_term_string\"}}],\"inLanguage\":\"fr-FR\"},{\"@type\":\"Organization\",\"@id\":\"https:\/\/www.enriquerequena.com\/fr\/#organization\",\"name\":\"Enrique Requena S.L.\",\"url\":\"https:\/\/www.enriquerequena.com\/fr\/\",\"logo\":{\"@type\":\"ImageObject\",\"inLanguage\":\"fr-FR\",\"@id\":\"https:\/\/www.enriquerequena.com\/fr\/#\/schema\/logo\/image\/\",\"url\":\"https:\/\/www.enriquerequena.com\/wp-content\/uploads\/2019\/11\/enrique-requena-recambios-logotipo.jpg\",\"contentUrl\":\"https:\/\/www.enriquerequena.com\/wp-content\/uploads\/2019\/11\/enrique-requena-recambios-logotipo.jpg\",\"width\":381,\"height\":75,\"caption\":\"Enrique Requena S.L.\"},\"image\":{\"@id\":\"https:\/\/www.enriquerequena.com\/fr\/#\/schema\/logo\/image\/\"}}]}<\/script>\n<!-- \/ Yoast SEO plugin. -->","yoast_head_json":{"title":"Kit plaquettes frein Nissan NT500 D1060LC55A - ENRIQUE REQUENA","description":"Kit de plaquettes de frein pour Nissan NT500 avec r\u00e9f\u00e9rence D1060LC55A. Est une pi\u00e8ce de Nissan neuve avec une garantie d\u2019un an.","robots":{"index":"index","follow":"follow","max-snippet":"max-snippet:-1","max-image-preview":"max-image-preview:large","max-video-preview":"max-video-preview:-1"},"canonical":"https:\/\/www.enriquerequena.com\/fr\/tienda-online\/pieces-detachees-rechanges-frein-freinage\/plaquettes-de-frein\/kit-plaquettes-frein-nissan-nt500-d1060lc55a\/","og_locale":"fr_FR","og_type":"article","og_title":"Kit plaquettes frein Nissan NT500 D1060LC55A - ENRIQUE REQUENA","og_description":"Kit de plaquettes de frein pour Nissan NT500 avec r\u00e9f\u00e9rence D1060LC55A. Est une pi\u00e8ce de Nissan neuve avec une garantie d\u2019un an.","og_url":"https:\/\/www.enriquerequena.com\/fr\/tienda-online\/pieces-detachees-rechanges-frein-freinage\/plaquettes-de-frein\/kit-plaquettes-frein-nissan-nt500-d1060lc55a\/","og_site_name":"ENRIQUE REQUENA","og_image":[{"width":800,"height":800,"url":"https:\/\/www.enriquerequena.com\/wp-content\/uploads\/2023\/07\/pastilla-freno-delantero-trasero-nissan-nt500-D1060LC55A.png","type":"image\/png"}],"twitter_card":"summary_large_image","twitter_misc":{"Dur\u00e9e de lecture estim\u00e9e":"1 minute"},"schema":{"@context":"https:\/\/schema.org","@graph":[{"@type":"WebPage","@id":"https:\/\/www.enriquerequena.com\/fr\/tienda-online\/pieces-detachees-rechanges-frein-freinage\/plaquettes-de-frein\/kit-plaquettes-frein-nissan-nt500-d1060lc55a\/","url":"https:\/\/www.enriquerequena.com\/fr\/tienda-online\/pieces-detachees-rechanges-frein-freinage\/plaquettes-de-frein\/kit-plaquettes-frein-nissan-nt500-d1060lc55a\/","name":"Kit plaquettes frein Nissan NT500 D1060LC55A - ENRIQUE REQUENA","isPartOf":{"@id":"https:\/\/www.enriquerequena.com\/fr\/#website"},"primaryImageOfPage":{"@id":"https:\/\/www.enriquerequena.com\/fr\/tienda-online\/pieces-detachees-rechanges-frein-freinage\/plaquettes-de-frein\/kit-plaquettes-frein-nissan-nt500-d1060lc55a\/#primaryimage"},"image":{"@id":"https:\/\/www.enriquerequena.com\/fr\/tienda-online\/pieces-detachees-rechanges-frein-freinage\/plaquettes-de-frein\/kit-plaquettes-frein-nissan-nt500-d1060lc55a\/#primaryimage"},"thumbnailUrl":"https:\/\/www.enriquerequena.com\/wp-content\/uploads\/2023\/07\/pastilla-freno-delantero-trasero-nissan-nt500-D1060LC55A.png","datePublished":"2023-08-04T16:01:45+00:00","description":"Kit de plaquettes de frein pour Nissan NT500 avec r\u00e9f\u00e9rence D1060LC55A. Est une pi\u00e8ce de Nissan neuve avec une garantie d\u2019un an.","breadcrumb":{"@id":"https:\/\/www.enriquerequena.com\/fr\/tienda-online\/pieces-detachees-rechanges-frein-freinage\/plaquettes-de-frein\/kit-plaquettes-frein-nissan-nt500-d1060lc55a\/#breadcrumb"},"inLanguage":"fr-FR","potentialAction":[{"@type":"ReadAction","target":["https:\/\/www.enriquerequena.com\/fr\/tienda-online\/pieces-detachees-rechanges-frein-freinage\/plaquettes-de-frein\/kit-plaquettes-frein-nissan-nt500-d1060lc55a\/"]}]},{"@type":"ImageObject","inLanguage":"fr-FR","@id":"https:\/\/www.enriquerequena.com\/fr\/tienda-online\/pieces-detachees-rechanges-frein-freinage\/plaquettes-de-frein\/kit-plaquettes-frein-nissan-nt500-d1060lc55a\/#primaryimage","url":"https:\/\/www.enriquerequena.com\/wp-content\/uploads\/2023\/07\/pastilla-freno-delantero-trasero-nissan-nt500-D1060LC55A.png","contentUrl":"https:\/\/www.enriquerequena.com\/wp-content\/uploads\/2023\/07\/pastilla-freno-delantero-trasero-nissan-nt500-D1060LC55A.png","width":800,"height":800,"caption":"Kit de plaquettes de frein"},{"@type":"WebSite","@id":"https:\/\/www.enriquerequena.com\/fr\/#website","url":"https:\/\/www.enriquerequena.com\/fr\/","name":"ENRIQUE REQUENA","description":"Sp\u00e9cialistes des transmissions cardan avec des exp\u00e9ditions dans le monde entier et des pi\u00e8ces d\u00e9tach\u00e9es pour voitures, camions et accessoires \u00e0 Valence, en Espagne. Avec vous depuis 1950!","publisher":{"@id":"https:\/\/www.enriquerequena.com\/fr\/#organization"},"potentialAction":[{"@type":"SearchAction","target":{"@type":"EntryPoint","urlTemplate":"https:\/\/www.enriquerequena.com\/fr\/?s={search_term_string}"},"query-input":{"@type":"PropertyValueSpecification","valueRequired":true,"valueName":"search_term_string"}}],"inLanguage":"fr-FR"},{"@type":"Organization","@id":"https:\/\/www.enriquerequena.com\/fr\/#organization","name":"Enrique Requena S.L.","url":"https:\/\/www.enriquerequena.com\/fr\/","logo":{"@type":"ImageObject","inLanguage":"fr-FR","@id":"https:\/\/www.enriquerequena.com\/fr\/#\/schema\/logo\/image\/","url":"https:\/\/www.enriquerequena.com\/wp-content\/uploads\/2019\/11\/enrique-requena-recambios-logotipo.jpg","contentUrl":"https:\/\/www.enriquerequena.com\/wp-content\/uploads\/2019\/11\/enrique-requena-recambios-logotipo.jpg","width":381,"height":75,"caption":"Enrique Requena S.L."},"image":{"@id":"https:\/\/www.enriquerequena.com\/fr\/#\/schema\/logo\/image\/"}}]}},"_links":{"self":[{"href":"https:\/\/www.enriquerequena.com\/fr\/wp-json\/wp\/v2\/product\/28022","targetHints":{"allow":["GET"]}}],"collection":[{"href":"https:\/\/www.enriquerequena.com\/fr\/wp-json\/wp\/v2\/product"}],"about":[{"href":"https:\/\/www.enriquerequena.com\/fr\/wp-json\/wp\/v2\/types\/product"}],"wp:featuredmedia":[{"embeddable":true,"href":"https:\/\/www.enriquerequena.com\/fr\/wp-json\/wp\/v2\/media\/28025"}],"wp:attachment":[{"href":"https:\/\/www.enriquerequena.com\/fr\/wp-json\/wp\/v2\/media?parent=28022"}],"wp:term":[{"taxonomy":"product_brand","embeddable":true,"href":"https:\/\/www.enriquerequena.com\/fr\/wp-json\/wp\/v2\/product_brand?post=28022"},{"taxonomy":"product_cat","embeddable":true,"href":"https:\/\/www.enriquerequena.com\/fr\/wp-json\/wp\/v2\/product_cat?post=28022"},{"taxonomy":"product_tag","embeddable":true,"href":"https:\/\/www.enriquerequena.com\/fr\/wp-json\/wp\/v2\/product_tag?post=28022"}],"curies":[{"name":"wp","href":"https:\/\/api.w.org\/{rel}","templated":true}]}}