{"id":28088,"date":"2023-08-25T14:42:15","date_gmt":"2023-08-25T12:42:15","guid":{"rendered":"https:\/\/www.enriquerequena.com\/?post_type=product&#038;p=28088"},"modified":"2024-03-22T19:35:24","modified_gmt":"2024-03-22T18:35:24","slug":"arbre-de-transmission-mercedes-sprinter-9064101306-9064100016-a9064101306-a9064100016","status":"publish","type":"product","link":"https:\/\/www.enriquerequena.com\/fr\/tienda-online\/arbre-transmission-cardan\/arbre-transmission-cardan-fourgons\/arbre-de-transmission-mercedes-sprinter-9064101306-9064100016-a9064101306-a9064100016\/","title":{"rendered":"Arbre de transmission Mercedes Sprinter &#8211; 9064101306 \/ 9064100016 \/ A9064101306 \/ A9064100016"},"content":{"rendered":"<p><strong>Arbre de transmission pour Mercedes Sprinter <\/strong>avec r\u00e9f\u00e9rences 9064101306, 9064100016, A9064101306 et A9064100016 est une transmission de Mercedes <strong>neuve <\/strong>avec une garantie d\u2019un an. C\u2019est le choix le plus \u00e9conomique.<\/p>\n<p>N\u00b4h\u00e9sitez pas \u00e0 nous consulter pour d\u00b4autres mod\u00e8les de transmission \u00e0 cardan de tout type de v\u00e9hicule. Nous avons une exp\u00e9rience de 70 ans dans le commerce de transmissions \u00e0 cardan et connaissons tr\u00e8s bien le sujet.<\/p>\n<p>Nous vendons des pi\u00e8ces d\u00e9tach\u00e9es ou pi\u00e8ces de rechange \u00e0 Valence depuis 1950 et nous vendons aussi en ligne dans le monde entier.<\/p>\n<p>Nos arbres de transmission \u00e0 cardan sont similaires \u00e0 ceux des OEM avec les meilleurs prix du march\u00e9.<\/p>\n<p>Caract\u00e9ristiques techniques Arbre de transmission pour Mercedes Sprinter 9064101306:<\/p>\n<ul>\n<li>Pi\u00e8ce de rechange: arbre de transmission<\/li>\n<li>Mod\u00e8le: Mercedes Sprinter\n<ul>\n<li>SPRINTER 3,5-t Autob\u00fas (B906) 310 CDI (906.731, 906.733, 906.735)<\/li>\n<li>SPRINTER 3,5-t Autob\u00fas (B906) 311 CDI (906.731, 906.733, 906.735)<\/li>\n<li>SPRINTER 3,5-t Autob\u00fas (B906) 311 CDI (906.731, 906.733, 906.735)<\/li>\n<li>SPRINTER 3,5-t Autob\u00fas (B906) 313 CDI (906.731, 906.733, 906.735)<\/li>\n<li>SPRINTER 3,5-t Autob\u00fas (B906) 314 CDI (906.731, 906.733, 906.735)<\/li>\n<li>SPRINTER 3,5-t Autob\u00fas (B906) 315 CDI (906.731, 906.733, 906.735)<\/li>\n<li>SPRINTER 3,5-t Caja\/Chasis (B906) 310 CDI (906.131, 906.133, 906.135, 906.231, 906.233,&#8230;<\/li>\n<li>SPRINTER 3,5-t Caja\/Chasis (B906) 311 CDI (906.131, 906.133, 906.135, 906.231, 906.233,&#8230;<\/li>\n<li>SPRINTER 3,5-t Caja\/Chasis (B906) 313 CDI (906.131, 906.133, 906.135, 906.231, 906.233,&#8230;<\/li>\n<li>SPRINTER 3,5-t Caja\/Chasis (B906) 313 CDI (906.131, 906.133, 906.135, 906.231, 906.233,&#8230;<\/li>\n<li>SPRINTER 3,5-t Caja\/Chasis (B906) 314 CDI (906.131, 906.133, 906.135, 906.231, 906.233,&#8230;<\/li>\n<li>SPRINTER 3,5-t Caja\/Chasis (B906) 315 CDI (906.131, 906.133, 906.135, 906.231, 906.233,&#8230;<\/li>\n<li>SPRINTER 3,5-t Furg\u00f3n (B906) 309 CDI (906.631, 906.633, 906.635, 906.637)<\/li>\n<li>SPRINTER 3,5-t Furg\u00f3n (B906) 310 CDI (906.631, 906.633, 906.635, 906.637)<\/li>\n<li>SPRINTER 3,5-t Furg\u00f3n (B906) 311 CDI (906.631, 906.633, 906.635, 906.637)<\/li>\n<li>SPRINTER 3,5-t Furg\u00f3n (B906) 311 CDI (906.631, 906.633, 906.635, 906.637)<\/li>\n<li>SPRINTER 3,5-t Furg\u00f3n (B906) 313 CDI (906.631, 906.633, 906.635, 906.637)<\/li>\n<li>SPRINTER 3,5-t Furg\u00f3n (B906) 313 CDI (906.631, 906.633, 906.635, 906.637)<\/li>\n<li>SPRINTER 3,5-t Furg\u00f3n (B906) 314 CDI (906.631, 906.633, 906.635, 906.637)<\/li>\n<li>SPRINTER 3,5-t Furg\u00f3n (B906) 315 CDI (906.631, 906.633, 906.635, 906.637)<\/li>\n<li>SPRINTER 3-t Autob\u00fas (B906) 210 CDI (906.711, 906.713)<\/li>\n<li>SPRINTER 3-t Autob\u00fas (B906) 211 CDI (906.711, 906.713)<\/li>\n<li>SPRINTER 3-t Autob\u00fas (B906) 211 CDI (906.711, 906.713)<\/li>\n<li>SPRINTER 3-t Autob\u00fas (B906) 214 CDI (906.711, 906.713)<\/li>\n<li>SPRINTER 3-t Autob\u00fas (B906) 215 CDI (906.711, 906.713)<\/li>\n<li>SPRINTER 3-t Caja\/Chasis (B906) 210 CDI (906.111, 906.113, 906.211, 906.213)<\/li>\n<li>SPRINTER 3-t Caja\/Chasis (B906) 211 CDI (906.111, 906.113, 906.211, 906.213)<\/li>\n<li>SPRINTER 3-t Caja\/Chasis (B906) 213 CDI (906.111, 906.113, 906.211, 906.213)<\/li>\n<li>SPRINTER 3-t Caja\/Chasis (B906) 213 CDI (906.111, 906.113, 906.211, 906.213)<\/li>\n<li>SPRINTER 3-t Caja\/Chasis (B906) 214 CDI (906.111, 906.113, 906.211, 906.213)<\/li>\n<li>SPRINTER 3-t Caja\/Chasis (B906) 215 CDI (906.111, 906.113, 906.211, 906.213)<\/li>\n<li>SPRINTER 3-t Furg\u00f3n (B906) 209 CDI (906.611, 906.613)<\/li>\n<li>SPRINTER 3-t Furg\u00f3n (B906) 210 CDI (906.611, 906.613)<\/li>\n<li>SPRINTER 3-t Furg\u00f3n (B906) 211 CDI (906.611, 906.613)<\/li>\n<li>SPRINTER 3-t Furg\u00f3n (B906) 211 CDI (906.611, 906.613)<\/li>\n<li>SPRINTER 3-t Furg\u00f3n (B906) 213 CDI (906.611, 906.613)<\/li>\n<li>SPRINTER 3-t Furg\u00f3n (B906) 213 CDI (906.611, 906.613)<\/li>\n<li>SPRINTER 3-t Furg\u00f3n (B906) 214 CDI (906.611, 906.613)<\/li>\n<li>SPRINTER 3-t Furg\u00f3n (B906) 215 CDI (906.611, 906.613)<\/li>\n<li>SPRINTER 4,6-t Caja\/Chasis (B906) 411 CDI (906.153, 906.155, 906.253, 906.255)<\/li>\n<li>SPRINTER 4,6-t Caja\/Chasis (B906) 411 CDI (906.153, 906.155, 906.253, 906.255)<\/li>\n<li>SPRINTER 4,6-t Caja\/Chasis (B906) 413 CDI (906.153, 906.155, 906.253, 906.255)<\/li>\n<li>SPRINTER 4,6-t Caja\/Chasis (B906) 414 CDI (906.153, 906.155, 906.253, 906.255)<\/li>\n<li>SPRINTER 4,6-t Caja\/Chasis (B906) 415 CDI (906.153, 906.155, 906.253, 906.255)<\/li>\n<li>SPRINTER 4,6-t Furg\u00f3n (B906) 411 CDI (906.653, 906.655, 906.657)<\/li>\n<li>SPRINTER 4,6-t Furg\u00f3n (B906) 413 CDI (906.653, 906.655, 906.657)<\/li>\n<li>SPRINTER 4,6-t Furg\u00f3n (B906) 414 CDI (906.653, 906.655, 906.657)<\/li>\n<li>SPRINTER 4,6-t Furg\u00f3n (B906) 415 CDI (906.653, 906.655, 906.657)<\/li>\n<li>SPRINTER 5-t Caja\/Chasis (B906) 509 CDI (906.153, 906.155, 906.253, 906.255)<\/li>\n<li>SPRINTER 5-t Caja\/Chasis (B906) 510 CDI (906.153, 906.155, 906.253, 906.255)<\/li>\n<li>SPRINTER 5-t Caja\/Chasis (B906) 511 CDI (906.153, 906.155, 906.253, 906.255)<\/li>\n<li>SPRINTER 5-t Caja\/Chasis (B906) 511 CDI (906.153, 906.155, 906.253, 906.255)<\/li>\n<li>SPRINTER 5-t Caja\/Chasis (B906) 513 CDI (906.155, 906.253, 906.255)<\/li>\n<li>SPRINTER 5-t Caja\/Chasis (B906) 513 CDI (906.155, 906.253, 906.255, 906.153)<\/li>\n<li>SPRINTER 5-t Caja\/Chasis (B906) 514 CDI (906.153, 906.155, 906.253, 906.255)<\/li>\n<li>SPRINTER 5-t Caja\/Chasis (B906) 515 CDI (906.153, 906.155, 906.253, 906.255)<\/li>\n<li>SPRINTER 5-t Furg\u00f3n (B906) 509 CDI (906.653, 906.655, 906.657)<\/li>\n<li>SPRINTER 5-t Furg\u00f3n (B906) 510 CDI (906.653, 906.655, 906.657)<\/li>\n<li>SPRINTER 5-t Furg\u00f3n (B906) 511 CDI (906.653, 906.655, 906.657)<\/li>\n<li>SPRINTER 5-t Furg\u00f3n (B906) 511 CDI (906.653, 906.655, 906.657)<\/li>\n<li>SPRINTER 5-t Furg\u00f3n (B906) 513 CDI (906.653, 906.655, 906.657)<\/li>\n<li>SPRINTER 5-t Furg\u00f3n (B906) 513 CDI (906.653, 906.655, 906.657)<\/li>\n<li>SPRINTER 5-t Furg\u00f3n (B906) 514 CDI (906.653, 906.655, 906.657)<\/li>\n<li>SPRINTER 5-t Furg\u00f3n (B906) 515 CDI (906.653, 906.655, 906.657)<\/li>\n<\/ul>\n<\/li>\n<li>\u00c9tat: pi\u00e8ce neuve<\/li>\n<li>Garantie d\u2019un an<\/li>\n<li>Longueur: 2.582 mm<\/li>\n<li>Deux pi\u00e8ces<\/li>\n<li>Avec cadre de support<\/li>\n<li>R\u00e9f\u00e9rences:\n<ul>\n<li>9064101306<\/li>\n<li>9064100016<\/li>\n<li>A9064101306<\/li>\n<li>A9064100016<\/li>\n<\/ul>\n<\/li>\n<\/ul>\n","protected":false},"excerpt":{"rendered":"<p><strong>Arbre de transmission pour Mercedes Sprinter<\/strong> avec r\u00e9f\u00e9rences<strong> 9064101306, 9064100016, A9064101306 et A9064100016.<\/strong> Est une transmission de Mercedes neuve avec une garantie d\u2019un an.<\/p>\n","protected":false},"featured_media":28091,"template":"","meta":[],"product_brand":[],"product_cat":[144,159],"product_tag":[],"class_list":{"0":"post-28088","1":"product","2":"type-product","3":"status-publish","4":"has-post-thumbnail","6":"product_cat-arbre-transmission-cardan","7":"product_cat-arbre-transmission-cardan-fourgons","8":"pa_manufacturer-mercedes-benz","9":"pa_tipo-fourgons-et-vehicules-legers","11":"first","12":"instock","13":"taxable","14":"shipping-taxable","15":"purchasable","16":"product-type-simple"},"yoast_head":"<!-- This site is optimized with the Yoast SEO plugin v27.5 - https:\/\/yoast.com\/product\/yoast-seo-wordpress\/ -->\n<title>Arbre de Transmission Mercedes Sprinter 9064101306<\/title>\n<meta name=\"description\" content=\"Arbre de transmission pour Mercedes Sprinter avec r\u00e9f\u00e9rences 9064101306, 9064100016, A9064101306 et A9064100016. Est une transmission de neuve.\" \/>\n<meta name=\"robots\" content=\"index, follow, max-snippet:-1, max-image-preview:large, max-video-preview:-1\" \/>\n<link rel=\"canonical\" href=\"https:\/\/www.enriquerequena.com\/fr\/tienda-online\/arbre-transmission-cardan\/arbre-transmission-cardan-fourgons\/arbre-de-transmission-mercedes-sprinter-9064101306-9064100016-a9064101306-a9064100016\/\" \/>\n<meta property=\"og:locale\" content=\"fr_FR\" \/>\n<meta property=\"og:type\" content=\"article\" \/>\n<meta property=\"og:title\" content=\"Arbre de Transmission Mercedes Sprinter 9064101306\" \/>\n<meta property=\"og:description\" content=\"Arbre de transmission pour Mercedes Sprinter avec r\u00e9f\u00e9rences 9064101306, 9064100016, A9064101306 et A9064100016. Est une transmission de neuve.\" \/>\n<meta property=\"og:url\" content=\"https:\/\/www.enriquerequena.com\/fr\/tienda-online\/arbre-transmission-cardan\/arbre-transmission-cardan-fourgons\/arbre-de-transmission-mercedes-sprinter-9064101306-9064100016-a9064101306-a9064100016\/\" \/>\n<meta property=\"og:site_name\" content=\"ENRIQUE REQUENA\" \/>\n<meta property=\"article:modified_time\" content=\"2024-03-22T18:35:24+00:00\" \/>\n<meta property=\"og:image\" content=\"https:\/\/www.enriquerequena.com\/wp-content\/uploads\/2023\/08\/transmision-cardan-mercedes-sprinter-9064101306-9064100016-A9064101306-A9064100016.png\" \/>\n\t<meta property=\"og:image:width\" content=\"800\" \/>\n\t<meta property=\"og:image:height\" content=\"800\" \/>\n\t<meta property=\"og:image:type\" content=\"image\/png\" \/>\n<meta name=\"twitter:card\" content=\"summary_large_image\" \/>\n<meta name=\"twitter:label1\" content=\"Dur\u00e9e de lecture estim\u00e9e\" \/>\n\t<meta name=\"twitter:data1\" content=\"4 minutes\" \/>\n<script type=\"application\/ld+json\" class=\"yoast-schema-graph\">{\"@context\":\"https:\\\/\\\/schema.org\",\"@graph\":[{\"@type\":\"WebPage\",\"@id\":\"https:\\\/\\\/www.enriquerequena.com\\\/fr\\\/tienda-online\\\/arbre-transmission-cardan\\\/arbre-transmission-cardan-fourgons\\\/arbre-de-transmission-mercedes-sprinter-9064101306-9064100016-a9064101306-a9064100016\\\/\",\"url\":\"https:\\\/\\\/www.enriquerequena.com\\\/fr\\\/tienda-online\\\/arbre-transmission-cardan\\\/arbre-transmission-cardan-fourgons\\\/arbre-de-transmission-mercedes-sprinter-9064101306-9064100016-a9064101306-a9064100016\\\/\",\"name\":\"Arbre de Transmission Mercedes Sprinter 9064101306\",\"isPartOf\":{\"@id\":\"https:\\\/\\\/www.enriquerequena.com\\\/fr\\\/#website\"},\"primaryImageOfPage\":{\"@id\":\"https:\\\/\\\/www.enriquerequena.com\\\/fr\\\/tienda-online\\\/arbre-transmission-cardan\\\/arbre-transmission-cardan-fourgons\\\/arbre-de-transmission-mercedes-sprinter-9064101306-9064100016-a9064101306-a9064100016\\\/#primaryimage\"},\"image\":{\"@id\":\"https:\\\/\\\/www.enriquerequena.com\\\/fr\\\/tienda-online\\\/arbre-transmission-cardan\\\/arbre-transmission-cardan-fourgons\\\/arbre-de-transmission-mercedes-sprinter-9064101306-9064100016-a9064101306-a9064100016\\\/#primaryimage\"},\"thumbnailUrl\":\"https:\\\/\\\/www.enriquerequena.com\\\/wp-content\\\/uploads\\\/2023\\\/08\\\/transmision-cardan-mercedes-sprinter-9064101306-9064100016-A9064101306-A9064100016.png\",\"datePublished\":\"2023-08-25T12:42:15+00:00\",\"dateModified\":\"2024-03-22T18:35:24+00:00\",\"description\":\"Arbre de transmission pour Mercedes Sprinter avec r\u00e9f\u00e9rences 9064101306, 9064100016, A9064101306 et A9064100016. Est une transmission de neuve.\",\"breadcrumb\":{\"@id\":\"https:\\\/\\\/www.enriquerequena.com\\\/fr\\\/tienda-online\\\/arbre-transmission-cardan\\\/arbre-transmission-cardan-fourgons\\\/arbre-de-transmission-mercedes-sprinter-9064101306-9064100016-a9064101306-a9064100016\\\/#breadcrumb\"},\"inLanguage\":\"fr-FR\",\"potentialAction\":[{\"@type\":\"ReadAction\",\"target\":[\"https:\\\/\\\/www.enriquerequena.com\\\/fr\\\/tienda-online\\\/arbre-transmission-cardan\\\/arbre-transmission-cardan-fourgons\\\/arbre-de-transmission-mercedes-sprinter-9064101306-9064100016-a9064101306-a9064100016\\\/\"]}]},{\"@type\":\"ImageObject\",\"inLanguage\":\"fr-FR\",\"@id\":\"https:\\\/\\\/www.enriquerequena.com\\\/fr\\\/tienda-online\\\/arbre-transmission-cardan\\\/arbre-transmission-cardan-fourgons\\\/arbre-de-transmission-mercedes-sprinter-9064101306-9064100016-a9064101306-a9064100016\\\/#primaryimage\",\"url\":\"https:\\\/\\\/www.enriquerequena.com\\\/wp-content\\\/uploads\\\/2023\\\/08\\\/transmision-cardan-mercedes-sprinter-9064101306-9064100016-A9064101306-A9064100016.png\",\"contentUrl\":\"https:\\\/\\\/www.enriquerequena.com\\\/wp-content\\\/uploads\\\/2023\\\/08\\\/transmision-cardan-mercedes-sprinter-9064101306-9064100016-A9064101306-A9064100016.png\",\"width\":800,\"height\":800,\"caption\":\"Arbre de transmission pour Mercedes Sprinter avec r\u00e9f\u00e9rences 9064101306, 9064100016, A9064101306 et A9064100016\"},{\"@type\":\"WebSite\",\"@id\":\"https:\\\/\\\/www.enriquerequena.com\\\/fr\\\/#website\",\"url\":\"https:\\\/\\\/www.enriquerequena.com\\\/fr\\\/\",\"name\":\"ENRIQUE REQUENA\",\"description\":\"Sp\u00e9cialistes des transmissions cardan avec des exp\u00e9ditions dans le monde entier et des pi\u00e8ces d\u00e9tach\u00e9es pour voitures, camions et accessoires \u00e0 Valence, en Espagne. Avec vous depuis 1950!\",\"publisher\":{\"@id\":\"https:\\\/\\\/www.enriquerequena.com\\\/fr\\\/#organization\"},\"potentialAction\":[{\"@type\":\"SearchAction\",\"target\":{\"@type\":\"EntryPoint\",\"urlTemplate\":\"https:\\\/\\\/www.enriquerequena.com\\\/fr\\\/?s={search_term_string}\"},\"query-input\":{\"@type\":\"PropertyValueSpecification\",\"valueRequired\":true,\"valueName\":\"search_term_string\"}}],\"inLanguage\":\"fr-FR\"},{\"@type\":\"Organization\",\"@id\":\"https:\\\/\\\/www.enriquerequena.com\\\/fr\\\/#organization\",\"name\":\"Enrique Requena S.L.\",\"url\":\"https:\\\/\\\/www.enriquerequena.com\\\/fr\\\/\",\"logo\":{\"@type\":\"ImageObject\",\"inLanguage\":\"fr-FR\",\"@id\":\"https:\\\/\\\/www.enriquerequena.com\\\/fr\\\/#\\\/schema\\\/logo\\\/image\\\/\",\"url\":\"https:\\\/\\\/www.enriquerequena.com\\\/wp-content\\\/uploads\\\/2019\\\/11\\\/enrique-requena-recambios-logotipo.jpg\",\"contentUrl\":\"https:\\\/\\\/www.enriquerequena.com\\\/wp-content\\\/uploads\\\/2019\\\/11\\\/enrique-requena-recambios-logotipo.jpg\",\"width\":381,\"height\":75,\"caption\":\"Enrique Requena S.L.\"},\"image\":{\"@id\":\"https:\\\/\\\/www.enriquerequena.com\\\/fr\\\/#\\\/schema\\\/logo\\\/image\\\/\"}}]}<\/script>\n<!-- \/ Yoast SEO plugin. -->","yoast_head_json":{"title":"Arbre de Transmission Mercedes Sprinter 9064101306","description":"Arbre de transmission pour Mercedes Sprinter avec r\u00e9f\u00e9rences 9064101306, 9064100016, A9064101306 et A9064100016. Est une transmission de neuve.","robots":{"index":"index","follow":"follow","max-snippet":"max-snippet:-1","max-image-preview":"max-image-preview:large","max-video-preview":"max-video-preview:-1"},"canonical":"https:\/\/www.enriquerequena.com\/fr\/tienda-online\/arbre-transmission-cardan\/arbre-transmission-cardan-fourgons\/arbre-de-transmission-mercedes-sprinter-9064101306-9064100016-a9064101306-a9064100016\/","og_locale":"fr_FR","og_type":"article","og_title":"Arbre de Transmission Mercedes Sprinter 9064101306","og_description":"Arbre de transmission pour Mercedes Sprinter avec r\u00e9f\u00e9rences 9064101306, 9064100016, A9064101306 et A9064100016. Est une transmission de neuve.","og_url":"https:\/\/www.enriquerequena.com\/fr\/tienda-online\/arbre-transmission-cardan\/arbre-transmission-cardan-fourgons\/arbre-de-transmission-mercedes-sprinter-9064101306-9064100016-a9064101306-a9064100016\/","og_site_name":"ENRIQUE REQUENA","article_modified_time":"2024-03-22T18:35:24+00:00","og_image":[{"width":800,"height":800,"url":"https:\/\/www.enriquerequena.com\/wp-content\/uploads\/2023\/08\/transmision-cardan-mercedes-sprinter-9064101306-9064100016-A9064101306-A9064100016.png","type":"image\/png"}],"twitter_card":"summary_large_image","twitter_misc":{"Dur\u00e9e de lecture estim\u00e9e":"4 minutes"},"schema":{"@context":"https:\/\/schema.org","@graph":[{"@type":"WebPage","@id":"https:\/\/www.enriquerequena.com\/fr\/tienda-online\/arbre-transmission-cardan\/arbre-transmission-cardan-fourgons\/arbre-de-transmission-mercedes-sprinter-9064101306-9064100016-a9064101306-a9064100016\/","url":"https:\/\/www.enriquerequena.com\/fr\/tienda-online\/arbre-transmission-cardan\/arbre-transmission-cardan-fourgons\/arbre-de-transmission-mercedes-sprinter-9064101306-9064100016-a9064101306-a9064100016\/","name":"Arbre de Transmission Mercedes Sprinter 9064101306","isPartOf":{"@id":"https:\/\/www.enriquerequena.com\/fr\/#website"},"primaryImageOfPage":{"@id":"https:\/\/www.enriquerequena.com\/fr\/tienda-online\/arbre-transmission-cardan\/arbre-transmission-cardan-fourgons\/arbre-de-transmission-mercedes-sprinter-9064101306-9064100016-a9064101306-a9064100016\/#primaryimage"},"image":{"@id":"https:\/\/www.enriquerequena.com\/fr\/tienda-online\/arbre-transmission-cardan\/arbre-transmission-cardan-fourgons\/arbre-de-transmission-mercedes-sprinter-9064101306-9064100016-a9064101306-a9064100016\/#primaryimage"},"thumbnailUrl":"https:\/\/www.enriquerequena.com\/wp-content\/uploads\/2023\/08\/transmision-cardan-mercedes-sprinter-9064101306-9064100016-A9064101306-A9064100016.png","datePublished":"2023-08-25T12:42:15+00:00","dateModified":"2024-03-22T18:35:24+00:00","description":"Arbre de transmission pour Mercedes Sprinter avec r\u00e9f\u00e9rences 9064101306, 9064100016, A9064101306 et A9064100016. Est une transmission de neuve.","breadcrumb":{"@id":"https:\/\/www.enriquerequena.com\/fr\/tienda-online\/arbre-transmission-cardan\/arbre-transmission-cardan-fourgons\/arbre-de-transmission-mercedes-sprinter-9064101306-9064100016-a9064101306-a9064100016\/#breadcrumb"},"inLanguage":"fr-FR","potentialAction":[{"@type":"ReadAction","target":["https:\/\/www.enriquerequena.com\/fr\/tienda-online\/arbre-transmission-cardan\/arbre-transmission-cardan-fourgons\/arbre-de-transmission-mercedes-sprinter-9064101306-9064100016-a9064101306-a9064100016\/"]}]},{"@type":"ImageObject","inLanguage":"fr-FR","@id":"https:\/\/www.enriquerequena.com\/fr\/tienda-online\/arbre-transmission-cardan\/arbre-transmission-cardan-fourgons\/arbre-de-transmission-mercedes-sprinter-9064101306-9064100016-a9064101306-a9064100016\/#primaryimage","url":"https:\/\/www.enriquerequena.com\/wp-content\/uploads\/2023\/08\/transmision-cardan-mercedes-sprinter-9064101306-9064100016-A9064101306-A9064100016.png","contentUrl":"https:\/\/www.enriquerequena.com\/wp-content\/uploads\/2023\/08\/transmision-cardan-mercedes-sprinter-9064101306-9064100016-A9064101306-A9064100016.png","width":800,"height":800,"caption":"Arbre de transmission pour Mercedes Sprinter avec r\u00e9f\u00e9rences 9064101306, 9064100016, A9064101306 et A9064100016"},{"@type":"WebSite","@id":"https:\/\/www.enriquerequena.com\/fr\/#website","url":"https:\/\/www.enriquerequena.com\/fr\/","name":"ENRIQUE REQUENA","description":"Sp\u00e9cialistes des transmissions cardan avec des exp\u00e9ditions dans le monde entier et des pi\u00e8ces d\u00e9tach\u00e9es pour voitures, camions et accessoires \u00e0 Valence, en Espagne. Avec vous depuis 1950!","publisher":{"@id":"https:\/\/www.enriquerequena.com\/fr\/#organization"},"potentialAction":[{"@type":"SearchAction","target":{"@type":"EntryPoint","urlTemplate":"https:\/\/www.enriquerequena.com\/fr\/?s={search_term_string}"},"query-input":{"@type":"PropertyValueSpecification","valueRequired":true,"valueName":"search_term_string"}}],"inLanguage":"fr-FR"},{"@type":"Organization","@id":"https:\/\/www.enriquerequena.com\/fr\/#organization","name":"Enrique Requena S.L.","url":"https:\/\/www.enriquerequena.com\/fr\/","logo":{"@type":"ImageObject","inLanguage":"fr-FR","@id":"https:\/\/www.enriquerequena.com\/fr\/#\/schema\/logo\/image\/","url":"https:\/\/www.enriquerequena.com\/wp-content\/uploads\/2019\/11\/enrique-requena-recambios-logotipo.jpg","contentUrl":"https:\/\/www.enriquerequena.com\/wp-content\/uploads\/2019\/11\/enrique-requena-recambios-logotipo.jpg","width":381,"height":75,"caption":"Enrique Requena S.L."},"image":{"@id":"https:\/\/www.enriquerequena.com\/fr\/#\/schema\/logo\/image\/"}}]}},"_links":{"self":[{"href":"https:\/\/www.enriquerequena.com\/fr\/wp-json\/wp\/v2\/product\/28088","targetHints":{"allow":["GET"]}}],"collection":[{"href":"https:\/\/www.enriquerequena.com\/fr\/wp-json\/wp\/v2\/product"}],"about":[{"href":"https:\/\/www.enriquerequena.com\/fr\/wp-json\/wp\/v2\/types\/product"}],"wp:featuredmedia":[{"embeddable":true,"href":"https:\/\/www.enriquerequena.com\/fr\/wp-json\/wp\/v2\/media\/28091"}],"wp:attachment":[{"href":"https:\/\/www.enriquerequena.com\/fr\/wp-json\/wp\/v2\/media?parent=28088"}],"wp:term":[{"taxonomy":"product_brand","embeddable":true,"href":"https:\/\/www.enriquerequena.com\/fr\/wp-json\/wp\/v2\/product_brand?post=28088"},{"taxonomy":"product_cat","embeddable":true,"href":"https:\/\/www.enriquerequena.com\/fr\/wp-json\/wp\/v2\/product_cat?post=28088"},{"taxonomy":"product_tag","embeddable":true,"href":"https:\/\/www.enriquerequena.com\/fr\/wp-json\/wp\/v2\/product_tag?post=28088"}],"curies":[{"name":"wp","href":"https:\/\/api.w.org\/{rel}","templated":true}]}}