{"id":28116,"date":"2023-09-03T15:52:54","date_gmt":"2023-09-03T13:52:54","guid":{"rendered":"https:\/\/www.enriquerequena.com\/?post_type=product&#038;p=28116"},"modified":"2024-03-22T19:35:23","modified_gmt":"2024-03-22T18:35:23","slug":"arbre-de-transmission-nissan-x-trail-370001da0d-370001df0b-370001df0d-370003ud3b","status":"publish","type":"product","link":"https:\/\/www.enriquerequena.com\/fr\/tienda-online\/arbre-transmission-cardan\/arbre-transmission-cardan-4x4\/arbre-de-transmission-nissan-x-trail-370001da0d-370001df0b-370001df0d-370003ud3b\/","title":{"rendered":"Arbre de transmission Nissan X-TRAIL &#8211; 370001DA0D \/ 370001DF0B \/ 370001DF0D \/ 370003UD3B"},"content":{"rendered":"<p><strong>Arbre de transmission cardan pour Nissan X-TRAIL <\/strong>avec r\u00e9f\u00e9rences<strong> 370001DA0D, 370001DF0B, 370001DF0D et 370003UD3B<\/strong>\u00a0est une transmission de Nissan neuve avec une garantie d\u2019un an. C\u2019est le choix le plus \u00e9conomique.<\/p>\n<p>Nos arbres de transmission \u00e0 cardan sont similaires \u00e0 ceux des OEM avec les meilleurs prix du march\u00e9.<\/p>\n<p>Nous vendons des pi\u00e8ces d\u00e9tach\u00e9es ou pi\u00e8ces de rechange \u00e0 Valence depuis 1950 et nous vendons aussi en ligne dans le monde entier.<\/p>\n<p>N\u00b4h\u00e9sitez pas \u00e0 nous consulter pour d\u00b4autres mod\u00e8les de transmission \u00e0 cardan de tout type de v\u00e9hicule. Nous avons une exp\u00e9rience de 70 ans dans le commerce de transmissions \u00e0 cardan.<\/p>\n<p>Caract\u00e9ristiques techniques Arbre de transmission cardan Nissan X-TRAIL 370001DA0D:<\/p>\n<ul>\n<li>Pi\u00e8ce de rechange: arbre de transmission cardan<\/li>\n<li>Mod\u00e8le: Nissan X-TRAIL II (T31) 2.0 4&#215;4<\/li>\n<li>Etat: pi\u00e8ce neuve<\/li>\n<li>Garantie d\u2019un an<\/li>\n<li>Longueur: 1.980 mm<\/li>\n<li><strong>R\u00e9f\u00e9rences:<\/strong>\n<ul>\n<li>370001DA0D<\/li>\n<li>370001DF0B<\/li>\n<li>370001DF0D<\/li>\n<li>370003UD3B<\/li>\n<\/ul>\n<\/li>\n<\/ul>\n","protected":false},"excerpt":{"rendered":"<p><strong>Arbre de transmission cardan pour Nissan X-TRAIL<\/strong> avec r\u00e9f\u00e9rences <strong>370001DA0D, 370001DF0B, 370001DF0D et 370003UD3B<\/strong>. Est une transmission neuve avec une garantie d\u2019un an.<\/p>\n","protected":false},"featured_media":28119,"template":"","meta":[],"product_brand":[],"product_cat":[144,156],"product_tag":[],"class_list":{"0":"post-28116","1":"product","2":"type-product","3":"status-publish","4":"has-post-thumbnail","6":"product_cat-arbre-transmission-cardan","7":"product_cat-arbre-transmission-cardan-4x4","8":"pa_manufacturer-nissan","9":"pa_tipo-4x4","11":"first","12":"instock","13":"taxable","14":"shipping-taxable","15":"purchasable","16":"product-type-simple"},"yoast_head":"<!-- This site is optimized with the Yoast SEO plugin v27.5 - https:\/\/yoast.com\/product\/yoast-seo-wordpress\/ -->\n<title>Arbre de transmission Nissan X-TRAIL 370001DA0D<\/title>\n<meta name=\"description\" content=\"Arbre de transmission cardan pour Nissan X-TRAIL avec r\u00e9f\u00e9rences 370001DA0D, 370001DF0B, 370001DF0D et 370003UD3B. Est une transmission neuve.\" \/>\n<meta name=\"robots\" content=\"index, follow, max-snippet:-1, max-image-preview:large, max-video-preview:-1\" \/>\n<link rel=\"canonical\" href=\"https:\/\/www.enriquerequena.com\/fr\/tienda-online\/arbre-transmission-cardan\/arbre-transmission-cardan-4x4\/arbre-de-transmission-nissan-x-trail-370001da0d-370001df0b-370001df0d-370003ud3b\/\" \/>\n<meta property=\"og:locale\" content=\"fr_FR\" \/>\n<meta property=\"og:type\" content=\"article\" \/>\n<meta property=\"og:title\" content=\"Arbre de transmission Nissan X-TRAIL 370001DA0D\" \/>\n<meta property=\"og:description\" content=\"Arbre de transmission cardan pour Nissan X-TRAIL avec r\u00e9f\u00e9rences 370001DA0D, 370001DF0B, 370001DF0D et 370003UD3B. Est une transmission neuve.\" \/>\n<meta property=\"og:url\" content=\"https:\/\/www.enriquerequena.com\/fr\/tienda-online\/arbre-transmission-cardan\/arbre-transmission-cardan-4x4\/arbre-de-transmission-nissan-x-trail-370001da0d-370001df0b-370001df0d-370003ud3b\/\" \/>\n<meta property=\"og:site_name\" content=\"ENRIQUE REQUENA\" \/>\n<meta property=\"article:modified_time\" content=\"2024-03-22T18:35:23+00:00\" \/>\n<meta property=\"og:image\" content=\"https:\/\/www.enriquerequena.com\/wp-content\/uploads\/2023\/08\/transmision-cardan-nissan-x-trail-370001DA0D-370001DF0B-370001DF0D-370003UD3B.png\" \/>\n\t<meta property=\"og:image:width\" content=\"800\" \/>\n\t<meta property=\"og:image:height\" content=\"800\" \/>\n\t<meta property=\"og:image:type\" content=\"image\/png\" \/>\n<meta name=\"twitter:card\" content=\"summary_large_image\" \/>\n<meta name=\"twitter:label1\" content=\"Dur\u00e9e de lecture estim\u00e9e\" \/>\n\t<meta name=\"twitter:data1\" content=\"1 minute\" \/>\n<script type=\"application\/ld+json\" class=\"yoast-schema-graph\">{\"@context\":\"https:\\\/\\\/schema.org\",\"@graph\":[{\"@type\":\"WebPage\",\"@id\":\"https:\\\/\\\/www.enriquerequena.com\\\/fr\\\/tienda-online\\\/arbre-transmission-cardan\\\/arbre-transmission-cardan-4x4\\\/arbre-de-transmission-nissan-x-trail-370001da0d-370001df0b-370001df0d-370003ud3b\\\/\",\"url\":\"https:\\\/\\\/www.enriquerequena.com\\\/fr\\\/tienda-online\\\/arbre-transmission-cardan\\\/arbre-transmission-cardan-4x4\\\/arbre-de-transmission-nissan-x-trail-370001da0d-370001df0b-370001df0d-370003ud3b\\\/\",\"name\":\"Arbre de transmission Nissan X-TRAIL 370001DA0D\",\"isPartOf\":{\"@id\":\"https:\\\/\\\/www.enriquerequena.com\\\/fr\\\/#website\"},\"primaryImageOfPage\":{\"@id\":\"https:\\\/\\\/www.enriquerequena.com\\\/fr\\\/tienda-online\\\/arbre-transmission-cardan\\\/arbre-transmission-cardan-4x4\\\/arbre-de-transmission-nissan-x-trail-370001da0d-370001df0b-370001df0d-370003ud3b\\\/#primaryimage\"},\"image\":{\"@id\":\"https:\\\/\\\/www.enriquerequena.com\\\/fr\\\/tienda-online\\\/arbre-transmission-cardan\\\/arbre-transmission-cardan-4x4\\\/arbre-de-transmission-nissan-x-trail-370001da0d-370001df0b-370001df0d-370003ud3b\\\/#primaryimage\"},\"thumbnailUrl\":\"https:\\\/\\\/www.enriquerequena.com\\\/wp-content\\\/uploads\\\/2023\\\/08\\\/transmision-cardan-nissan-x-trail-370001DA0D-370001DF0B-370001DF0D-370003UD3B.png\",\"datePublished\":\"2023-09-03T13:52:54+00:00\",\"dateModified\":\"2024-03-22T18:35:23+00:00\",\"description\":\"Arbre de transmission cardan pour Nissan X-TRAIL avec r\u00e9f\u00e9rences 370001DA0D, 370001DF0B, 370001DF0D et 370003UD3B. Est une transmission neuve.\",\"breadcrumb\":{\"@id\":\"https:\\\/\\\/www.enriquerequena.com\\\/fr\\\/tienda-online\\\/arbre-transmission-cardan\\\/arbre-transmission-cardan-4x4\\\/arbre-de-transmission-nissan-x-trail-370001da0d-370001df0b-370001df0d-370003ud3b\\\/#breadcrumb\"},\"inLanguage\":\"fr-FR\",\"potentialAction\":[{\"@type\":\"ReadAction\",\"target\":[\"https:\\\/\\\/www.enriquerequena.com\\\/fr\\\/tienda-online\\\/arbre-transmission-cardan\\\/arbre-transmission-cardan-4x4\\\/arbre-de-transmission-nissan-x-trail-370001da0d-370001df0b-370001df0d-370003ud3b\\\/\"]}]},{\"@type\":\"ImageObject\",\"inLanguage\":\"fr-FR\",\"@id\":\"https:\\\/\\\/www.enriquerequena.com\\\/fr\\\/tienda-online\\\/arbre-transmission-cardan\\\/arbre-transmission-cardan-4x4\\\/arbre-de-transmission-nissan-x-trail-370001da0d-370001df0b-370001df0d-370003ud3b\\\/#primaryimage\",\"url\":\"https:\\\/\\\/www.enriquerequena.com\\\/wp-content\\\/uploads\\\/2023\\\/08\\\/transmision-cardan-nissan-x-trail-370001DA0D-370001DF0B-370001DF0D-370003UD3B.png\",\"contentUrl\":\"https:\\\/\\\/www.enriquerequena.com\\\/wp-content\\\/uploads\\\/2023\\\/08\\\/transmision-cardan-nissan-x-trail-370001DA0D-370001DF0B-370001DF0D-370003UD3B.png\",\"width\":800,\"height\":800,\"caption\":\"Arbre de transmission cardan pour Nissan X-TRAIL avec r\u00e9f\u00e9rences 370001DA0D, 370001DF0B, 370001DF0D et 370003UD3B\"},{\"@type\":\"WebSite\",\"@id\":\"https:\\\/\\\/www.enriquerequena.com\\\/fr\\\/#website\",\"url\":\"https:\\\/\\\/www.enriquerequena.com\\\/fr\\\/\",\"name\":\"ENRIQUE REQUENA\",\"description\":\"Sp\u00e9cialistes des transmissions cardan avec des exp\u00e9ditions dans le monde entier et des pi\u00e8ces d\u00e9tach\u00e9es pour voitures, camions et accessoires \u00e0 Valence, en Espagne. Avec vous depuis 1950!\",\"publisher\":{\"@id\":\"https:\\\/\\\/www.enriquerequena.com\\\/fr\\\/#organization\"},\"potentialAction\":[{\"@type\":\"SearchAction\",\"target\":{\"@type\":\"EntryPoint\",\"urlTemplate\":\"https:\\\/\\\/www.enriquerequena.com\\\/fr\\\/?s={search_term_string}\"},\"query-input\":{\"@type\":\"PropertyValueSpecification\",\"valueRequired\":true,\"valueName\":\"search_term_string\"}}],\"inLanguage\":\"fr-FR\"},{\"@type\":\"Organization\",\"@id\":\"https:\\\/\\\/www.enriquerequena.com\\\/fr\\\/#organization\",\"name\":\"Enrique Requena S.L.\",\"url\":\"https:\\\/\\\/www.enriquerequena.com\\\/fr\\\/\",\"logo\":{\"@type\":\"ImageObject\",\"inLanguage\":\"fr-FR\",\"@id\":\"https:\\\/\\\/www.enriquerequena.com\\\/fr\\\/#\\\/schema\\\/logo\\\/image\\\/\",\"url\":\"https:\\\/\\\/www.enriquerequena.com\\\/wp-content\\\/uploads\\\/2019\\\/11\\\/enrique-requena-recambios-logotipo.jpg\",\"contentUrl\":\"https:\\\/\\\/www.enriquerequena.com\\\/wp-content\\\/uploads\\\/2019\\\/11\\\/enrique-requena-recambios-logotipo.jpg\",\"width\":381,\"height\":75,\"caption\":\"Enrique Requena S.L.\"},\"image\":{\"@id\":\"https:\\\/\\\/www.enriquerequena.com\\\/fr\\\/#\\\/schema\\\/logo\\\/image\\\/\"}}]}<\/script>\n<!-- \/ Yoast SEO plugin. -->","yoast_head_json":{"title":"Arbre de transmission Nissan X-TRAIL 370001DA0D","description":"Arbre de transmission cardan pour Nissan X-TRAIL avec r\u00e9f\u00e9rences 370001DA0D, 370001DF0B, 370001DF0D et 370003UD3B. Est une transmission neuve.","robots":{"index":"index","follow":"follow","max-snippet":"max-snippet:-1","max-image-preview":"max-image-preview:large","max-video-preview":"max-video-preview:-1"},"canonical":"https:\/\/www.enriquerequena.com\/fr\/tienda-online\/arbre-transmission-cardan\/arbre-transmission-cardan-4x4\/arbre-de-transmission-nissan-x-trail-370001da0d-370001df0b-370001df0d-370003ud3b\/","og_locale":"fr_FR","og_type":"article","og_title":"Arbre de transmission Nissan X-TRAIL 370001DA0D","og_description":"Arbre de transmission cardan pour Nissan X-TRAIL avec r\u00e9f\u00e9rences 370001DA0D, 370001DF0B, 370001DF0D et 370003UD3B. Est une transmission neuve.","og_url":"https:\/\/www.enriquerequena.com\/fr\/tienda-online\/arbre-transmission-cardan\/arbre-transmission-cardan-4x4\/arbre-de-transmission-nissan-x-trail-370001da0d-370001df0b-370001df0d-370003ud3b\/","og_site_name":"ENRIQUE REQUENA","article_modified_time":"2024-03-22T18:35:23+00:00","og_image":[{"width":800,"height":800,"url":"https:\/\/www.enriquerequena.com\/wp-content\/uploads\/2023\/08\/transmision-cardan-nissan-x-trail-370001DA0D-370001DF0B-370001DF0D-370003UD3B.png","type":"image\/png"}],"twitter_card":"summary_large_image","twitter_misc":{"Dur\u00e9e de lecture estim\u00e9e":"1 minute"},"schema":{"@context":"https:\/\/schema.org","@graph":[{"@type":"WebPage","@id":"https:\/\/www.enriquerequena.com\/fr\/tienda-online\/arbre-transmission-cardan\/arbre-transmission-cardan-4x4\/arbre-de-transmission-nissan-x-trail-370001da0d-370001df0b-370001df0d-370003ud3b\/","url":"https:\/\/www.enriquerequena.com\/fr\/tienda-online\/arbre-transmission-cardan\/arbre-transmission-cardan-4x4\/arbre-de-transmission-nissan-x-trail-370001da0d-370001df0b-370001df0d-370003ud3b\/","name":"Arbre de transmission Nissan X-TRAIL 370001DA0D","isPartOf":{"@id":"https:\/\/www.enriquerequena.com\/fr\/#website"},"primaryImageOfPage":{"@id":"https:\/\/www.enriquerequena.com\/fr\/tienda-online\/arbre-transmission-cardan\/arbre-transmission-cardan-4x4\/arbre-de-transmission-nissan-x-trail-370001da0d-370001df0b-370001df0d-370003ud3b\/#primaryimage"},"image":{"@id":"https:\/\/www.enriquerequena.com\/fr\/tienda-online\/arbre-transmission-cardan\/arbre-transmission-cardan-4x4\/arbre-de-transmission-nissan-x-trail-370001da0d-370001df0b-370001df0d-370003ud3b\/#primaryimage"},"thumbnailUrl":"https:\/\/www.enriquerequena.com\/wp-content\/uploads\/2023\/08\/transmision-cardan-nissan-x-trail-370001DA0D-370001DF0B-370001DF0D-370003UD3B.png","datePublished":"2023-09-03T13:52:54+00:00","dateModified":"2024-03-22T18:35:23+00:00","description":"Arbre de transmission cardan pour Nissan X-TRAIL avec r\u00e9f\u00e9rences 370001DA0D, 370001DF0B, 370001DF0D et 370003UD3B. Est une transmission neuve.","breadcrumb":{"@id":"https:\/\/www.enriquerequena.com\/fr\/tienda-online\/arbre-transmission-cardan\/arbre-transmission-cardan-4x4\/arbre-de-transmission-nissan-x-trail-370001da0d-370001df0b-370001df0d-370003ud3b\/#breadcrumb"},"inLanguage":"fr-FR","potentialAction":[{"@type":"ReadAction","target":["https:\/\/www.enriquerequena.com\/fr\/tienda-online\/arbre-transmission-cardan\/arbre-transmission-cardan-4x4\/arbre-de-transmission-nissan-x-trail-370001da0d-370001df0b-370001df0d-370003ud3b\/"]}]},{"@type":"ImageObject","inLanguage":"fr-FR","@id":"https:\/\/www.enriquerequena.com\/fr\/tienda-online\/arbre-transmission-cardan\/arbre-transmission-cardan-4x4\/arbre-de-transmission-nissan-x-trail-370001da0d-370001df0b-370001df0d-370003ud3b\/#primaryimage","url":"https:\/\/www.enriquerequena.com\/wp-content\/uploads\/2023\/08\/transmision-cardan-nissan-x-trail-370001DA0D-370001DF0B-370001DF0D-370003UD3B.png","contentUrl":"https:\/\/www.enriquerequena.com\/wp-content\/uploads\/2023\/08\/transmision-cardan-nissan-x-trail-370001DA0D-370001DF0B-370001DF0D-370003UD3B.png","width":800,"height":800,"caption":"Arbre de transmission cardan pour Nissan X-TRAIL avec r\u00e9f\u00e9rences 370001DA0D, 370001DF0B, 370001DF0D et 370003UD3B"},{"@type":"WebSite","@id":"https:\/\/www.enriquerequena.com\/fr\/#website","url":"https:\/\/www.enriquerequena.com\/fr\/","name":"ENRIQUE REQUENA","description":"Sp\u00e9cialistes des transmissions cardan avec des exp\u00e9ditions dans le monde entier et des pi\u00e8ces d\u00e9tach\u00e9es pour voitures, camions et accessoires \u00e0 Valence, en Espagne. Avec vous depuis 1950!","publisher":{"@id":"https:\/\/www.enriquerequena.com\/fr\/#organization"},"potentialAction":[{"@type":"SearchAction","target":{"@type":"EntryPoint","urlTemplate":"https:\/\/www.enriquerequena.com\/fr\/?s={search_term_string}"},"query-input":{"@type":"PropertyValueSpecification","valueRequired":true,"valueName":"search_term_string"}}],"inLanguage":"fr-FR"},{"@type":"Organization","@id":"https:\/\/www.enriquerequena.com\/fr\/#organization","name":"Enrique Requena S.L.","url":"https:\/\/www.enriquerequena.com\/fr\/","logo":{"@type":"ImageObject","inLanguage":"fr-FR","@id":"https:\/\/www.enriquerequena.com\/fr\/#\/schema\/logo\/image\/","url":"https:\/\/www.enriquerequena.com\/wp-content\/uploads\/2019\/11\/enrique-requena-recambios-logotipo.jpg","contentUrl":"https:\/\/www.enriquerequena.com\/wp-content\/uploads\/2019\/11\/enrique-requena-recambios-logotipo.jpg","width":381,"height":75,"caption":"Enrique Requena S.L."},"image":{"@id":"https:\/\/www.enriquerequena.com\/fr\/#\/schema\/logo\/image\/"}}]}},"_links":{"self":[{"href":"https:\/\/www.enriquerequena.com\/fr\/wp-json\/wp\/v2\/product\/28116","targetHints":{"allow":["GET"]}}],"collection":[{"href":"https:\/\/www.enriquerequena.com\/fr\/wp-json\/wp\/v2\/product"}],"about":[{"href":"https:\/\/www.enriquerequena.com\/fr\/wp-json\/wp\/v2\/types\/product"}],"wp:featuredmedia":[{"embeddable":true,"href":"https:\/\/www.enriquerequena.com\/fr\/wp-json\/wp\/v2\/media\/28119"}],"wp:attachment":[{"href":"https:\/\/www.enriquerequena.com\/fr\/wp-json\/wp\/v2\/media?parent=28116"}],"wp:term":[{"taxonomy":"product_brand","embeddable":true,"href":"https:\/\/www.enriquerequena.com\/fr\/wp-json\/wp\/v2\/product_brand?post=28116"},{"taxonomy":"product_cat","embeddable":true,"href":"https:\/\/www.enriquerequena.com\/fr\/wp-json\/wp\/v2\/product_cat?post=28116"},{"taxonomy":"product_tag","embeddable":true,"href":"https:\/\/www.enriquerequena.com\/fr\/wp-json\/wp\/v2\/product_tag?post=28116"}],"curies":[{"name":"wp","href":"https:\/\/api.w.org\/{rel}","templated":true}]}}