{"id":28223,"date":"2023-09-24T19:45:25","date_gmt":"2023-09-24T17:45:25","guid":{"rendered":"https:\/\/www.enriquerequena.com\/?post_type=product&#038;p=28223"},"modified":"2023-09-26T12:16:07","modified_gmt":"2023-09-26T10:16:07","slug":"jeu-machoires-frein-nissan-cabstar-440629x126-440609x129-441009x125","status":"publish","type":"product","link":"https:\/\/www.enriquerequena.com\/fr\/tienda-online\/pieces-detachees-rechanges-frein-freinage\/kits-de-machoires-de-frein\/jeu-machoires-frein-nissan-cabstar-440629x126-440609x129-441009x125\/","title":{"rendered":"Jeu de m\u00e2choires de frein Nissan Cabstar &#8211; 440629X126 \/ 440609X129 \/ 441009X125"},"content":{"rendered":"<p><strong>Jeu de m\u00e2choires de frein pour Nissan Cabstar <\/strong>avec r\u00e9f\u00e9rences 440629X126, 440609X129 et 441009X125 est une pi\u00e8ce de Nissan neuve avec une garantie d\u2019un an. C\u2019est le choix le plus \u00e9conomique.<\/p>\n<p>Nous vendons des pi\u00e8ces d\u00e9tach\u00e9es ou pi\u00e8ces de rechange \u00e0 Valence depuis 1950 et nous vendons aussi en ligne dans le monde entier.<\/p>\n<p>N\u00b4h\u00e9sitez pas \u00e0 nous consulter pour d\u00b4autres mod\u00e8les de tout type de v\u00e9hicule. Nous avons une exp\u00e9rience de 70 ans. Nos pi\u00e9ces de rechange sont similaires \u00e0 ceux des OEM avec les meilleurs prix du march\u00e9.<\/p>\n<p>Caract\u00e9ristiques techniques Jeu de m\u00e2choires de frein pour Nissan Cabstar 440629X126:<\/p>\n<ul>\n<li>Pi\u00e8ce de rechange: Jeu de m\u00e2choires de frein<\/li>\n<li>Mod\u00e8le: Nissan Cabstar<\/li>\n<li>Etat: pi\u00e8ce neuve<\/li>\n<li>Garantie d\u2019un an<\/li>\n<li>C\u00f4t\u00e9 d&rsquo;assemblage: Essieu arri\u00e8re<\/li>\n<li>\u00d8: 280 mm<\/li>\n<li>Largeur: 65 mm<\/li>\n<li><strong>R\u00e9f\u00e9rences:<\/strong>\n<ul>\n<li>440629X126<\/li>\n<li>440609X129<\/li>\n<li>441009X125<\/li>\n<\/ul>\n<\/li>\n<\/ul>\n","protected":false},"excerpt":{"rendered":"<p><strong>Jeu de m\u00e2choires de frein pour Nissan Cabstar <\/strong>avec r\u00e9f\u00e9rences<strong> 440629X126, 440609X129 et 441009X125. <\/strong>Est une pi\u00e8ce de Nissan neuve avec une garantie d\u2019un an.<\/p>\n","protected":false},"featured_media":28226,"template":"","meta":[],"product_brand":[],"product_cat":[9848,10033,138],"product_tag":[],"class_list":{"0":"post-28223","1":"product","2":"type-product","3":"status-publish","4":"has-post-thumbnail","6":"product_cat-pieces-detachees-rechanges-frein-freinage","7":"product_cat-kits-de-machoires-de-frein","8":"product_cat-pieces-rechange-camions","9":"pa_manufacturer-nissan","10":"pa_tipo-4x4","11":"pa_tipo-camions-poids-lourds","13":"first","14":"instock","15":"taxable","16":"shipping-taxable","17":"purchasable","18":"product-type-simple"},"yoast_head":"<!-- This site is optimized with the Yoast SEO plugin v27.1.1 - https:\/\/yoast.com\/product\/yoast-seo-wordpress\/ -->\n<title>Jeu m\u00e2choires frein Nissan Cabstar 440629x126<\/title>\n<meta name=\"description\" content=\"Jeu de m\u00e2choires de frein pour Nissan Cabstar avec r\u00e9f\u00e9rences 440629X126, 440609X129 et 441009X125. Est une pi\u00e8ce de Nissan neuve avec une garantie d\u2019un an.\" \/>\n<meta name=\"robots\" content=\"index, follow, max-snippet:-1, max-image-preview:large, max-video-preview:-1\" \/>\n<link rel=\"canonical\" href=\"https:\/\/www.enriquerequena.com\/fr\/tienda-online\/pieces-detachees-rechanges-frein-freinage\/kits-de-machoires-de-frein\/jeu-machoires-frein-nissan-cabstar-440629x126-440609x129-441009x125\/\" \/>\n<meta property=\"og:locale\" content=\"fr_FR\" \/>\n<meta property=\"og:type\" content=\"article\" \/>\n<meta property=\"og:title\" content=\"Jeu m\u00e2choires frein Nissan Cabstar 440629x126\" \/>\n<meta property=\"og:description\" content=\"Jeu de m\u00e2choires de frein pour Nissan Cabstar avec r\u00e9f\u00e9rences 440629X126, 440609X129 et 441009X125. Est une pi\u00e8ce de Nissan neuve avec une garantie d\u2019un an.\" \/>\n<meta property=\"og:url\" content=\"https:\/\/www.enriquerequena.com\/fr\/tienda-online\/pieces-detachees-rechanges-frein-freinage\/kits-de-machoires-de-frein\/jeu-machoires-frein-nissan-cabstar-440629x126-440609x129-441009x125\/\" \/>\n<meta property=\"og:site_name\" content=\"ENRIQUE REQUENA\" \/>\n<meta property=\"article:modified_time\" content=\"2023-09-26T10:16:07+00:00\" \/>\n<meta property=\"og:image\" content=\"https:\/\/www.enriquerequena.com\/wp-content\/uploads\/2023\/09\/kit-premontado-completo-mordazas-cilintros-trasero-nissan-cabstar-440629X126-440609X129-441009X125.png\" \/>\n\t<meta property=\"og:image:width\" content=\"800\" \/>\n\t<meta property=\"og:image:height\" content=\"800\" \/>\n\t<meta property=\"og:image:type\" content=\"image\/png\" \/>\n<meta name=\"twitter:card\" content=\"summary_large_image\" \/>\n<meta name=\"twitter:label1\" content=\"Dur\u00e9e de lecture estim\u00e9e\" \/>\n\t<meta name=\"twitter:data1\" content=\"1 minute\" \/>\n<script type=\"application\/ld+json\" class=\"yoast-schema-graph\">{\"@context\":\"https:\/\/schema.org\",\"@graph\":[{\"@type\":\"WebPage\",\"@id\":\"https:\/\/www.enriquerequena.com\/fr\/tienda-online\/pieces-detachees-rechanges-frein-freinage\/kits-de-machoires-de-frein\/jeu-machoires-frein-nissan-cabstar-440629x126-440609x129-441009x125\/\",\"url\":\"https:\/\/www.enriquerequena.com\/fr\/tienda-online\/pieces-detachees-rechanges-frein-freinage\/kits-de-machoires-de-frein\/jeu-machoires-frein-nissan-cabstar-440629x126-440609x129-441009x125\/\",\"name\":\"Jeu m\u00e2choires frein Nissan Cabstar 440629x126\",\"isPartOf\":{\"@id\":\"https:\/\/www.enriquerequena.com\/fr\/#website\"},\"primaryImageOfPage\":{\"@id\":\"https:\/\/www.enriquerequena.com\/fr\/tienda-online\/pieces-detachees-rechanges-frein-freinage\/kits-de-machoires-de-frein\/jeu-machoires-frein-nissan-cabstar-440629x126-440609x129-441009x125\/#primaryimage\"},\"image\":{\"@id\":\"https:\/\/www.enriquerequena.com\/fr\/tienda-online\/pieces-detachees-rechanges-frein-freinage\/kits-de-machoires-de-frein\/jeu-machoires-frein-nissan-cabstar-440629x126-440609x129-441009x125\/#primaryimage\"},\"thumbnailUrl\":\"https:\/\/www.enriquerequena.com\/wp-content\/uploads\/2023\/09\/kit-premontado-completo-mordazas-cilintros-trasero-nissan-cabstar-440629X126-440609X129-441009X125.png\",\"datePublished\":\"2023-09-24T17:45:25+00:00\",\"dateModified\":\"2023-09-26T10:16:07+00:00\",\"description\":\"Jeu de m\u00e2choires de frein pour Nissan Cabstar avec r\u00e9f\u00e9rences 440629X126, 440609X129 et 441009X125. Est une pi\u00e8ce de Nissan neuve avec une garantie d\u2019un an.\",\"breadcrumb\":{\"@id\":\"https:\/\/www.enriquerequena.com\/fr\/tienda-online\/pieces-detachees-rechanges-frein-freinage\/kits-de-machoires-de-frein\/jeu-machoires-frein-nissan-cabstar-440629x126-440609x129-441009x125\/#breadcrumb\"},\"inLanguage\":\"fr-FR\",\"potentialAction\":[{\"@type\":\"ReadAction\",\"target\":[\"https:\/\/www.enriquerequena.com\/fr\/tienda-online\/pieces-detachees-rechanges-frein-freinage\/kits-de-machoires-de-frein\/jeu-machoires-frein-nissan-cabstar-440629x126-440609x129-441009x125\/\"]}]},{\"@type\":\"ImageObject\",\"inLanguage\":\"fr-FR\",\"@id\":\"https:\/\/www.enriquerequena.com\/fr\/tienda-online\/pieces-detachees-rechanges-frein-freinage\/kits-de-machoires-de-frein\/jeu-machoires-frein-nissan-cabstar-440629x126-440609x129-441009x125\/#primaryimage\",\"url\":\"https:\/\/www.enriquerequena.com\/wp-content\/uploads\/2023\/09\/kit-premontado-completo-mordazas-cilintros-trasero-nissan-cabstar-440629X126-440609X129-441009X125.png\",\"contentUrl\":\"https:\/\/www.enriquerequena.com\/wp-content\/uploads\/2023\/09\/kit-premontado-completo-mordazas-cilintros-trasero-nissan-cabstar-440629X126-440609X129-441009X125.png\",\"width\":800,\"height\":800,\"caption\":\"Jeu de m\u00e2choires de frein pour Nissan Cabstar avec r\u00e9f\u00e9rences 440629X126, 440609X129 et 441009X125.\"},{\"@type\":\"WebSite\",\"@id\":\"https:\/\/www.enriquerequena.com\/fr\/#website\",\"url\":\"https:\/\/www.enriquerequena.com\/fr\/\",\"name\":\"ENRIQUE REQUENA\",\"description\":\"Sp\u00e9cialistes des transmissions cardan avec des exp\u00e9ditions dans le monde entier et des pi\u00e8ces d\u00e9tach\u00e9es pour voitures, camions et accessoires \u00e0 Valence, en Espagne. Avec vous depuis 1950!\",\"publisher\":{\"@id\":\"https:\/\/www.enriquerequena.com\/fr\/#organization\"},\"potentialAction\":[{\"@type\":\"SearchAction\",\"target\":{\"@type\":\"EntryPoint\",\"urlTemplate\":\"https:\/\/www.enriquerequena.com\/fr\/?s={search_term_string}\"},\"query-input\":{\"@type\":\"PropertyValueSpecification\",\"valueRequired\":true,\"valueName\":\"search_term_string\"}}],\"inLanguage\":\"fr-FR\"},{\"@type\":\"Organization\",\"@id\":\"https:\/\/www.enriquerequena.com\/fr\/#organization\",\"name\":\"Enrique Requena S.L.\",\"url\":\"https:\/\/www.enriquerequena.com\/fr\/\",\"logo\":{\"@type\":\"ImageObject\",\"inLanguage\":\"fr-FR\",\"@id\":\"https:\/\/www.enriquerequena.com\/fr\/#\/schema\/logo\/image\/\",\"url\":\"https:\/\/www.enriquerequena.com\/wp-content\/uploads\/2019\/11\/enrique-requena-recambios-logotipo.jpg\",\"contentUrl\":\"https:\/\/www.enriquerequena.com\/wp-content\/uploads\/2019\/11\/enrique-requena-recambios-logotipo.jpg\",\"width\":381,\"height\":75,\"caption\":\"Enrique Requena S.L.\"},\"image\":{\"@id\":\"https:\/\/www.enriquerequena.com\/fr\/#\/schema\/logo\/image\/\"}}]}<\/script>\n<!-- \/ Yoast SEO plugin. -->","yoast_head_json":{"title":"Jeu m\u00e2choires frein Nissan Cabstar 440629x126","description":"Jeu de m\u00e2choires de frein pour Nissan Cabstar avec r\u00e9f\u00e9rences 440629X126, 440609X129 et 441009X125. Est une pi\u00e8ce de Nissan neuve avec une garantie d\u2019un an.","robots":{"index":"index","follow":"follow","max-snippet":"max-snippet:-1","max-image-preview":"max-image-preview:large","max-video-preview":"max-video-preview:-1"},"canonical":"https:\/\/www.enriquerequena.com\/fr\/tienda-online\/pieces-detachees-rechanges-frein-freinage\/kits-de-machoires-de-frein\/jeu-machoires-frein-nissan-cabstar-440629x126-440609x129-441009x125\/","og_locale":"fr_FR","og_type":"article","og_title":"Jeu m\u00e2choires frein Nissan Cabstar 440629x126","og_description":"Jeu de m\u00e2choires de frein pour Nissan Cabstar avec r\u00e9f\u00e9rences 440629X126, 440609X129 et 441009X125. Est une pi\u00e8ce de Nissan neuve avec une garantie d\u2019un an.","og_url":"https:\/\/www.enriquerequena.com\/fr\/tienda-online\/pieces-detachees-rechanges-frein-freinage\/kits-de-machoires-de-frein\/jeu-machoires-frein-nissan-cabstar-440629x126-440609x129-441009x125\/","og_site_name":"ENRIQUE REQUENA","article_modified_time":"2023-09-26T10:16:07+00:00","og_image":[{"width":800,"height":800,"url":"https:\/\/www.enriquerequena.com\/wp-content\/uploads\/2023\/09\/kit-premontado-completo-mordazas-cilintros-trasero-nissan-cabstar-440629X126-440609X129-441009X125.png","type":"image\/png"}],"twitter_card":"summary_large_image","twitter_misc":{"Dur\u00e9e de lecture estim\u00e9e":"1 minute"},"schema":{"@context":"https:\/\/schema.org","@graph":[{"@type":"WebPage","@id":"https:\/\/www.enriquerequena.com\/fr\/tienda-online\/pieces-detachees-rechanges-frein-freinage\/kits-de-machoires-de-frein\/jeu-machoires-frein-nissan-cabstar-440629x126-440609x129-441009x125\/","url":"https:\/\/www.enriquerequena.com\/fr\/tienda-online\/pieces-detachees-rechanges-frein-freinage\/kits-de-machoires-de-frein\/jeu-machoires-frein-nissan-cabstar-440629x126-440609x129-441009x125\/","name":"Jeu m\u00e2choires frein Nissan Cabstar 440629x126","isPartOf":{"@id":"https:\/\/www.enriquerequena.com\/fr\/#website"},"primaryImageOfPage":{"@id":"https:\/\/www.enriquerequena.com\/fr\/tienda-online\/pieces-detachees-rechanges-frein-freinage\/kits-de-machoires-de-frein\/jeu-machoires-frein-nissan-cabstar-440629x126-440609x129-441009x125\/#primaryimage"},"image":{"@id":"https:\/\/www.enriquerequena.com\/fr\/tienda-online\/pieces-detachees-rechanges-frein-freinage\/kits-de-machoires-de-frein\/jeu-machoires-frein-nissan-cabstar-440629x126-440609x129-441009x125\/#primaryimage"},"thumbnailUrl":"https:\/\/www.enriquerequena.com\/wp-content\/uploads\/2023\/09\/kit-premontado-completo-mordazas-cilintros-trasero-nissan-cabstar-440629X126-440609X129-441009X125.png","datePublished":"2023-09-24T17:45:25+00:00","dateModified":"2023-09-26T10:16:07+00:00","description":"Jeu de m\u00e2choires de frein pour Nissan Cabstar avec r\u00e9f\u00e9rences 440629X126, 440609X129 et 441009X125. Est une pi\u00e8ce de Nissan neuve avec une garantie d\u2019un an.","breadcrumb":{"@id":"https:\/\/www.enriquerequena.com\/fr\/tienda-online\/pieces-detachees-rechanges-frein-freinage\/kits-de-machoires-de-frein\/jeu-machoires-frein-nissan-cabstar-440629x126-440609x129-441009x125\/#breadcrumb"},"inLanguage":"fr-FR","potentialAction":[{"@type":"ReadAction","target":["https:\/\/www.enriquerequena.com\/fr\/tienda-online\/pieces-detachees-rechanges-frein-freinage\/kits-de-machoires-de-frein\/jeu-machoires-frein-nissan-cabstar-440629x126-440609x129-441009x125\/"]}]},{"@type":"ImageObject","inLanguage":"fr-FR","@id":"https:\/\/www.enriquerequena.com\/fr\/tienda-online\/pieces-detachees-rechanges-frein-freinage\/kits-de-machoires-de-frein\/jeu-machoires-frein-nissan-cabstar-440629x126-440609x129-441009x125\/#primaryimage","url":"https:\/\/www.enriquerequena.com\/wp-content\/uploads\/2023\/09\/kit-premontado-completo-mordazas-cilintros-trasero-nissan-cabstar-440629X126-440609X129-441009X125.png","contentUrl":"https:\/\/www.enriquerequena.com\/wp-content\/uploads\/2023\/09\/kit-premontado-completo-mordazas-cilintros-trasero-nissan-cabstar-440629X126-440609X129-441009X125.png","width":800,"height":800,"caption":"Jeu de m\u00e2choires de frein pour Nissan Cabstar avec r\u00e9f\u00e9rences 440629X126, 440609X129 et 441009X125."},{"@type":"WebSite","@id":"https:\/\/www.enriquerequena.com\/fr\/#website","url":"https:\/\/www.enriquerequena.com\/fr\/","name":"ENRIQUE REQUENA","description":"Sp\u00e9cialistes des transmissions cardan avec des exp\u00e9ditions dans le monde entier et des pi\u00e8ces d\u00e9tach\u00e9es pour voitures, camions et accessoires \u00e0 Valence, en Espagne. Avec vous depuis 1950!","publisher":{"@id":"https:\/\/www.enriquerequena.com\/fr\/#organization"},"potentialAction":[{"@type":"SearchAction","target":{"@type":"EntryPoint","urlTemplate":"https:\/\/www.enriquerequena.com\/fr\/?s={search_term_string}"},"query-input":{"@type":"PropertyValueSpecification","valueRequired":true,"valueName":"search_term_string"}}],"inLanguage":"fr-FR"},{"@type":"Organization","@id":"https:\/\/www.enriquerequena.com\/fr\/#organization","name":"Enrique Requena S.L.","url":"https:\/\/www.enriquerequena.com\/fr\/","logo":{"@type":"ImageObject","inLanguage":"fr-FR","@id":"https:\/\/www.enriquerequena.com\/fr\/#\/schema\/logo\/image\/","url":"https:\/\/www.enriquerequena.com\/wp-content\/uploads\/2019\/11\/enrique-requena-recambios-logotipo.jpg","contentUrl":"https:\/\/www.enriquerequena.com\/wp-content\/uploads\/2019\/11\/enrique-requena-recambios-logotipo.jpg","width":381,"height":75,"caption":"Enrique Requena S.L."},"image":{"@id":"https:\/\/www.enriquerequena.com\/fr\/#\/schema\/logo\/image\/"}}]}},"_links":{"self":[{"href":"https:\/\/www.enriquerequena.com\/fr\/wp-json\/wp\/v2\/product\/28223","targetHints":{"allow":["GET"]}}],"collection":[{"href":"https:\/\/www.enriquerequena.com\/fr\/wp-json\/wp\/v2\/product"}],"about":[{"href":"https:\/\/www.enriquerequena.com\/fr\/wp-json\/wp\/v2\/types\/product"}],"wp:featuredmedia":[{"embeddable":true,"href":"https:\/\/www.enriquerequena.com\/fr\/wp-json\/wp\/v2\/media\/28226"}],"wp:attachment":[{"href":"https:\/\/www.enriquerequena.com\/fr\/wp-json\/wp\/v2\/media?parent=28223"}],"wp:term":[{"taxonomy":"product_brand","embeddable":true,"href":"https:\/\/www.enriquerequena.com\/fr\/wp-json\/wp\/v2\/product_brand?post=28223"},{"taxonomy":"product_cat","embeddable":true,"href":"https:\/\/www.enriquerequena.com\/fr\/wp-json\/wp\/v2\/product_cat?post=28223"},{"taxonomy":"product_tag","embeddable":true,"href":"https:\/\/www.enriquerequena.com\/fr\/wp-json\/wp\/v2\/product_tag?post=28223"}],"curies":[{"name":"wp","href":"https:\/\/api.w.org\/{rel}","templated":true}]}}