{"id":28255,"date":"2023-10-03T10:46:06","date_gmt":"2023-10-03T08:46:06","guid":{"rendered":"https:\/\/www.enriquerequena.com\/?post_type=product&#038;p=28255"},"modified":"2023-11-14T17:06:42","modified_gmt":"2023-11-14T16:06:42","slug":"vase-dexpansion-nissan-cabstar-21710lc10a-21710mb40c-21720mb40a-5001873788","status":"publish","type":"product","link":"https:\/\/www.enriquerequena.com\/fr\/tienda-online\/pieces-detachees-pieces-de-rechange-refrigeration\/reservoirs-dexpansion\/vase-dexpansion-nissan-cabstar-21710lc10a-21710mb40c-21720mb40a-5001873788\/","title":{"rendered":"Vase d&rsquo;expansion Nissan Cabstar &#8211; 21710LC10A \/ 21710MB40C \/ 21720MB40A \/ 5001873788"},"content":{"rendered":"<p><strong>Vase d&rsquo;expansion pour Nissan Cabstar <\/strong>avec r\u00e9f\u00e9rences 21710LC10A, 21710MB40C, 21720MB40A et 5001873788 est une pi\u00e8ce de Nissan neuve avec une garantie d\u2019un an. C\u2019est le choix le plus \u00e9conomique.<\/p>\n<p>Nous vendons des pi\u00e8ces d\u00e9tach\u00e9es ou pi\u00e8ces de rechange \u00e0 Valence depuis 1950 et nous vendons aussi en ligne dans le monde entier.<\/p>\n<p>N\u00b4h\u00e9sitez pas \u00e0 nous consulter pour d\u00b4autres mod\u00e8les de tout type de v\u00e9hicule. Nous avons une exp\u00e9rience de 70 ans. Nos pi\u00e9ces de rechange sont similaires \u00e0 ceux des OEM avec les meilleurs prix du march\u00e9.<\/p>\n<p>Caract\u00e9ristiques techniques Vase d&rsquo;expansion pour Nissan Cabstar 21710LC10A:<\/p>\n<ul>\n<li>Pi\u00e8ce de rechange: Vase d&rsquo;expansion<\/li>\n<li>Mod\u00e8le: Nissan Cabstar<\/li>\n<li>Etat: pi\u00e8ce neuve<\/li>\n<li>Garantie d\u2019un an<\/li>\n<li><strong>R\u00e9f\u00e9rences:<\/strong>\n<ul>\n<li>21710LC10A<\/li>\n<li>21710MB40C<\/li>\n<li>21720MB40A<\/li>\n<li>5001873788<\/li>\n<\/ul>\n<\/li>\n<\/ul>\n","protected":false},"excerpt":{"rendered":"<p><strong>Vase d&rsquo;expansion pour Nissan Cabstar <\/strong>avec r\u00e9f\u00e9rences <strong>21710LC10A, 21710MB40C, 21720MB40A et 5001873788. <\/strong>Est une pi\u00e8ce de Nissan neuve avec une garantie d\u2019un an.<\/p>\n","protected":false},"featured_media":28258,"template":"","meta":[],"product_brand":[],"product_cat":[138,225,9842,9987],"product_tag":[],"class_list":{"0":"post-28255","1":"product","2":"type-product","3":"status-publish","4":"has-post-thumbnail","6":"product_cat-pieces-rechange-camions","7":"product_cat-refrigeration-camion","8":"product_cat-pieces-detachees-pieces-de-rechange-refrigeration","9":"product_cat-reservoirs-dexpansion","10":"pa_manufacturer-nissan","11":"pa_tipo-camions-poids-lourds","13":"first","14":"instock","15":"taxable","16":"shipping-taxable","17":"purchasable","18":"product-type-simple"},"yoast_head":"<!-- This site is optimized with the Yoast SEO plugin v27.1.1 - https:\/\/yoast.com\/product\/yoast-seo-wordpress\/ -->\n<title>Vase d&#039;expansion Nissan Cabstar 21710LC10A - Enrique Requena<\/title>\n<meta name=\"description\" content=\"Vase d&#039;expansion pour Nissan Cabstar avec r\u00e9f\u00e9rences 21710LC10A, 21710MB40C, 21720MB40A et 5001873788. Est une pi\u00e8ce de Nissan neuve.\" \/>\n<meta name=\"robots\" content=\"index, follow, max-snippet:-1, max-image-preview:large, max-video-preview:-1\" \/>\n<link rel=\"canonical\" href=\"https:\/\/www.enriquerequena.com\/fr\/tienda-online\/pieces-detachees-pieces-de-rechange-refrigeration\/reservoirs-dexpansion\/vase-dexpansion-nissan-cabstar-21710lc10a-21710mb40c-21720mb40a-5001873788\/\" \/>\n<meta property=\"og:locale\" content=\"fr_FR\" \/>\n<meta property=\"og:type\" content=\"article\" \/>\n<meta property=\"og:title\" content=\"Vase d&#039;expansion Nissan Cabstar 21710LC10A - Enrique Requena\" \/>\n<meta property=\"og:description\" content=\"Vase d&#039;expansion pour Nissan Cabstar avec r\u00e9f\u00e9rences 21710LC10A, 21710MB40C, 21720MB40A et 5001873788. Est une pi\u00e8ce de Nissan neuve.\" \/>\n<meta property=\"og:url\" content=\"https:\/\/www.enriquerequena.com\/fr\/tienda-online\/pieces-detachees-pieces-de-rechange-refrigeration\/reservoirs-dexpansion\/vase-dexpansion-nissan-cabstar-21710lc10a-21710mb40c-21720mb40a-5001873788\/\" \/>\n<meta property=\"og:site_name\" content=\"ENRIQUE REQUENA\" \/>\n<meta property=\"article:modified_time\" content=\"2023-11-14T16:06:42+00:00\" \/>\n<meta property=\"og:image\" content=\"https:\/\/www.enriquerequena.com\/wp-content\/uploads\/2023\/09\/deposito-expansion-nissan-cabstar-21710LC10A-21710MB40C-21720MB40A-5001873788.png\" \/>\n\t<meta property=\"og:image:width\" content=\"800\" \/>\n\t<meta property=\"og:image:height\" content=\"800\" \/>\n\t<meta property=\"og:image:type\" content=\"image\/png\" \/>\n<meta name=\"twitter:card\" content=\"summary_large_image\" \/>\n<meta name=\"twitter:label1\" content=\"Dur\u00e9e de lecture estim\u00e9e\" \/>\n\t<meta name=\"twitter:data1\" content=\"1 minute\" \/>\n<script type=\"application\/ld+json\" class=\"yoast-schema-graph\">{\"@context\":\"https:\/\/schema.org\",\"@graph\":[{\"@type\":\"WebPage\",\"@id\":\"https:\/\/www.enriquerequena.com\/fr\/tienda-online\/pieces-detachees-pieces-de-rechange-refrigeration\/reservoirs-dexpansion\/vase-dexpansion-nissan-cabstar-21710lc10a-21710mb40c-21720mb40a-5001873788\/\",\"url\":\"https:\/\/www.enriquerequena.com\/fr\/tienda-online\/pieces-detachees-pieces-de-rechange-refrigeration\/reservoirs-dexpansion\/vase-dexpansion-nissan-cabstar-21710lc10a-21710mb40c-21720mb40a-5001873788\/\",\"name\":\"Vase d'expansion Nissan Cabstar 21710LC10A - Enrique Requena\",\"isPartOf\":{\"@id\":\"https:\/\/www.enriquerequena.com\/fr\/#website\"},\"primaryImageOfPage\":{\"@id\":\"https:\/\/www.enriquerequena.com\/fr\/tienda-online\/pieces-detachees-pieces-de-rechange-refrigeration\/reservoirs-dexpansion\/vase-dexpansion-nissan-cabstar-21710lc10a-21710mb40c-21720mb40a-5001873788\/#primaryimage\"},\"image\":{\"@id\":\"https:\/\/www.enriquerequena.com\/fr\/tienda-online\/pieces-detachees-pieces-de-rechange-refrigeration\/reservoirs-dexpansion\/vase-dexpansion-nissan-cabstar-21710lc10a-21710mb40c-21720mb40a-5001873788\/#primaryimage\"},\"thumbnailUrl\":\"https:\/\/www.enriquerequena.com\/wp-content\/uploads\/2023\/09\/deposito-expansion-nissan-cabstar-21710LC10A-21710MB40C-21720MB40A-5001873788.png\",\"datePublished\":\"2023-10-03T08:46:06+00:00\",\"dateModified\":\"2023-11-14T16:06:42+00:00\",\"description\":\"Vase d'expansion pour Nissan Cabstar avec r\u00e9f\u00e9rences 21710LC10A, 21710MB40C, 21720MB40A et 5001873788. Est une pi\u00e8ce de Nissan neuve.\",\"breadcrumb\":{\"@id\":\"https:\/\/www.enriquerequena.com\/fr\/tienda-online\/pieces-detachees-pieces-de-rechange-refrigeration\/reservoirs-dexpansion\/vase-dexpansion-nissan-cabstar-21710lc10a-21710mb40c-21720mb40a-5001873788\/#breadcrumb\"},\"inLanguage\":\"fr-FR\",\"potentialAction\":[{\"@type\":\"ReadAction\",\"target\":[\"https:\/\/www.enriquerequena.com\/fr\/tienda-online\/pieces-detachees-pieces-de-rechange-refrigeration\/reservoirs-dexpansion\/vase-dexpansion-nissan-cabstar-21710lc10a-21710mb40c-21720mb40a-5001873788\/\"]}]},{\"@type\":\"ImageObject\",\"inLanguage\":\"fr-FR\",\"@id\":\"https:\/\/www.enriquerequena.com\/fr\/tienda-online\/pieces-detachees-pieces-de-rechange-refrigeration\/reservoirs-dexpansion\/vase-dexpansion-nissan-cabstar-21710lc10a-21710mb40c-21720mb40a-5001873788\/#primaryimage\",\"url\":\"https:\/\/www.enriquerequena.com\/wp-content\/uploads\/2023\/09\/deposito-expansion-nissan-cabstar-21710LC10A-21710MB40C-21720MB40A-5001873788.png\",\"contentUrl\":\"https:\/\/www.enriquerequena.com\/wp-content\/uploads\/2023\/09\/deposito-expansion-nissan-cabstar-21710LC10A-21710MB40C-21720MB40A-5001873788.png\",\"width\":800,\"height\":800,\"caption\":\"Vase d'expansion pour Nissan Cabstar avec r\u00e9f\u00e9rences 21710LC10A, 21710MB40C, 21720MB40A et 5001873788\"},{\"@type\":\"WebSite\",\"@id\":\"https:\/\/www.enriquerequena.com\/fr\/#website\",\"url\":\"https:\/\/www.enriquerequena.com\/fr\/\",\"name\":\"ENRIQUE REQUENA\",\"description\":\"Sp\u00e9cialistes des transmissions cardan avec des exp\u00e9ditions dans le monde entier et des pi\u00e8ces d\u00e9tach\u00e9es pour voitures, camions et accessoires \u00e0 Valence, en Espagne. Avec vous depuis 1950!\",\"publisher\":{\"@id\":\"https:\/\/www.enriquerequena.com\/fr\/#organization\"},\"potentialAction\":[{\"@type\":\"SearchAction\",\"target\":{\"@type\":\"EntryPoint\",\"urlTemplate\":\"https:\/\/www.enriquerequena.com\/fr\/?s={search_term_string}\"},\"query-input\":{\"@type\":\"PropertyValueSpecification\",\"valueRequired\":true,\"valueName\":\"search_term_string\"}}],\"inLanguage\":\"fr-FR\"},{\"@type\":\"Organization\",\"@id\":\"https:\/\/www.enriquerequena.com\/fr\/#organization\",\"name\":\"Enrique Requena S.L.\",\"url\":\"https:\/\/www.enriquerequena.com\/fr\/\",\"logo\":{\"@type\":\"ImageObject\",\"inLanguage\":\"fr-FR\",\"@id\":\"https:\/\/www.enriquerequena.com\/fr\/#\/schema\/logo\/image\/\",\"url\":\"https:\/\/www.enriquerequena.com\/wp-content\/uploads\/2019\/11\/enrique-requena-recambios-logotipo.jpg\",\"contentUrl\":\"https:\/\/www.enriquerequena.com\/wp-content\/uploads\/2019\/11\/enrique-requena-recambios-logotipo.jpg\",\"width\":381,\"height\":75,\"caption\":\"Enrique Requena S.L.\"},\"image\":{\"@id\":\"https:\/\/www.enriquerequena.com\/fr\/#\/schema\/logo\/image\/\"}}]}<\/script>\n<!-- \/ Yoast SEO plugin. -->","yoast_head_json":{"title":"Vase d'expansion Nissan Cabstar 21710LC10A - Enrique Requena","description":"Vase d'expansion pour Nissan Cabstar avec r\u00e9f\u00e9rences 21710LC10A, 21710MB40C, 21720MB40A et 5001873788. Est une pi\u00e8ce de Nissan neuve.","robots":{"index":"index","follow":"follow","max-snippet":"max-snippet:-1","max-image-preview":"max-image-preview:large","max-video-preview":"max-video-preview:-1"},"canonical":"https:\/\/www.enriquerequena.com\/fr\/tienda-online\/pieces-detachees-pieces-de-rechange-refrigeration\/reservoirs-dexpansion\/vase-dexpansion-nissan-cabstar-21710lc10a-21710mb40c-21720mb40a-5001873788\/","og_locale":"fr_FR","og_type":"article","og_title":"Vase d'expansion Nissan Cabstar 21710LC10A - Enrique Requena","og_description":"Vase d'expansion pour Nissan Cabstar avec r\u00e9f\u00e9rences 21710LC10A, 21710MB40C, 21720MB40A et 5001873788. Est une pi\u00e8ce de Nissan neuve.","og_url":"https:\/\/www.enriquerequena.com\/fr\/tienda-online\/pieces-detachees-pieces-de-rechange-refrigeration\/reservoirs-dexpansion\/vase-dexpansion-nissan-cabstar-21710lc10a-21710mb40c-21720mb40a-5001873788\/","og_site_name":"ENRIQUE REQUENA","article_modified_time":"2023-11-14T16:06:42+00:00","og_image":[{"width":800,"height":800,"url":"https:\/\/www.enriquerequena.com\/wp-content\/uploads\/2023\/09\/deposito-expansion-nissan-cabstar-21710LC10A-21710MB40C-21720MB40A-5001873788.png","type":"image\/png"}],"twitter_card":"summary_large_image","twitter_misc":{"Dur\u00e9e de lecture estim\u00e9e":"1 minute"},"schema":{"@context":"https:\/\/schema.org","@graph":[{"@type":"WebPage","@id":"https:\/\/www.enriquerequena.com\/fr\/tienda-online\/pieces-detachees-pieces-de-rechange-refrigeration\/reservoirs-dexpansion\/vase-dexpansion-nissan-cabstar-21710lc10a-21710mb40c-21720mb40a-5001873788\/","url":"https:\/\/www.enriquerequena.com\/fr\/tienda-online\/pieces-detachees-pieces-de-rechange-refrigeration\/reservoirs-dexpansion\/vase-dexpansion-nissan-cabstar-21710lc10a-21710mb40c-21720mb40a-5001873788\/","name":"Vase d'expansion Nissan Cabstar 21710LC10A - Enrique Requena","isPartOf":{"@id":"https:\/\/www.enriquerequena.com\/fr\/#website"},"primaryImageOfPage":{"@id":"https:\/\/www.enriquerequena.com\/fr\/tienda-online\/pieces-detachees-pieces-de-rechange-refrigeration\/reservoirs-dexpansion\/vase-dexpansion-nissan-cabstar-21710lc10a-21710mb40c-21720mb40a-5001873788\/#primaryimage"},"image":{"@id":"https:\/\/www.enriquerequena.com\/fr\/tienda-online\/pieces-detachees-pieces-de-rechange-refrigeration\/reservoirs-dexpansion\/vase-dexpansion-nissan-cabstar-21710lc10a-21710mb40c-21720mb40a-5001873788\/#primaryimage"},"thumbnailUrl":"https:\/\/www.enriquerequena.com\/wp-content\/uploads\/2023\/09\/deposito-expansion-nissan-cabstar-21710LC10A-21710MB40C-21720MB40A-5001873788.png","datePublished":"2023-10-03T08:46:06+00:00","dateModified":"2023-11-14T16:06:42+00:00","description":"Vase d'expansion pour Nissan Cabstar avec r\u00e9f\u00e9rences 21710LC10A, 21710MB40C, 21720MB40A et 5001873788. Est une pi\u00e8ce de Nissan neuve.","breadcrumb":{"@id":"https:\/\/www.enriquerequena.com\/fr\/tienda-online\/pieces-detachees-pieces-de-rechange-refrigeration\/reservoirs-dexpansion\/vase-dexpansion-nissan-cabstar-21710lc10a-21710mb40c-21720mb40a-5001873788\/#breadcrumb"},"inLanguage":"fr-FR","potentialAction":[{"@type":"ReadAction","target":["https:\/\/www.enriquerequena.com\/fr\/tienda-online\/pieces-detachees-pieces-de-rechange-refrigeration\/reservoirs-dexpansion\/vase-dexpansion-nissan-cabstar-21710lc10a-21710mb40c-21720mb40a-5001873788\/"]}]},{"@type":"ImageObject","inLanguage":"fr-FR","@id":"https:\/\/www.enriquerequena.com\/fr\/tienda-online\/pieces-detachees-pieces-de-rechange-refrigeration\/reservoirs-dexpansion\/vase-dexpansion-nissan-cabstar-21710lc10a-21710mb40c-21720mb40a-5001873788\/#primaryimage","url":"https:\/\/www.enriquerequena.com\/wp-content\/uploads\/2023\/09\/deposito-expansion-nissan-cabstar-21710LC10A-21710MB40C-21720MB40A-5001873788.png","contentUrl":"https:\/\/www.enriquerequena.com\/wp-content\/uploads\/2023\/09\/deposito-expansion-nissan-cabstar-21710LC10A-21710MB40C-21720MB40A-5001873788.png","width":800,"height":800,"caption":"Vase d'expansion pour Nissan Cabstar avec r\u00e9f\u00e9rences 21710LC10A, 21710MB40C, 21720MB40A et 5001873788"},{"@type":"WebSite","@id":"https:\/\/www.enriquerequena.com\/fr\/#website","url":"https:\/\/www.enriquerequena.com\/fr\/","name":"ENRIQUE REQUENA","description":"Sp\u00e9cialistes des transmissions cardan avec des exp\u00e9ditions dans le monde entier et des pi\u00e8ces d\u00e9tach\u00e9es pour voitures, camions et accessoires \u00e0 Valence, en Espagne. Avec vous depuis 1950!","publisher":{"@id":"https:\/\/www.enriquerequena.com\/fr\/#organization"},"potentialAction":[{"@type":"SearchAction","target":{"@type":"EntryPoint","urlTemplate":"https:\/\/www.enriquerequena.com\/fr\/?s={search_term_string}"},"query-input":{"@type":"PropertyValueSpecification","valueRequired":true,"valueName":"search_term_string"}}],"inLanguage":"fr-FR"},{"@type":"Organization","@id":"https:\/\/www.enriquerequena.com\/fr\/#organization","name":"Enrique Requena S.L.","url":"https:\/\/www.enriquerequena.com\/fr\/","logo":{"@type":"ImageObject","inLanguage":"fr-FR","@id":"https:\/\/www.enriquerequena.com\/fr\/#\/schema\/logo\/image\/","url":"https:\/\/www.enriquerequena.com\/wp-content\/uploads\/2019\/11\/enrique-requena-recambios-logotipo.jpg","contentUrl":"https:\/\/www.enriquerequena.com\/wp-content\/uploads\/2019\/11\/enrique-requena-recambios-logotipo.jpg","width":381,"height":75,"caption":"Enrique Requena S.L."},"image":{"@id":"https:\/\/www.enriquerequena.com\/fr\/#\/schema\/logo\/image\/"}}]}},"_links":{"self":[{"href":"https:\/\/www.enriquerequena.com\/fr\/wp-json\/wp\/v2\/product\/28255","targetHints":{"allow":["GET"]}}],"collection":[{"href":"https:\/\/www.enriquerequena.com\/fr\/wp-json\/wp\/v2\/product"}],"about":[{"href":"https:\/\/www.enriquerequena.com\/fr\/wp-json\/wp\/v2\/types\/product"}],"wp:featuredmedia":[{"embeddable":true,"href":"https:\/\/www.enriquerequena.com\/fr\/wp-json\/wp\/v2\/media\/28258"}],"wp:attachment":[{"href":"https:\/\/www.enriquerequena.com\/fr\/wp-json\/wp\/v2\/media?parent=28255"}],"wp:term":[{"taxonomy":"product_brand","embeddable":true,"href":"https:\/\/www.enriquerequena.com\/fr\/wp-json\/wp\/v2\/product_brand?post=28255"},{"taxonomy":"product_cat","embeddable":true,"href":"https:\/\/www.enriquerequena.com\/fr\/wp-json\/wp\/v2\/product_cat?post=28255"},{"taxonomy":"product_tag","embeddable":true,"href":"https:\/\/www.enriquerequena.com\/fr\/wp-json\/wp\/v2\/product_tag?post=28255"}],"curies":[{"name":"wp","href":"https:\/\/api.w.org\/{rel}","templated":true}]}}