{"id":28330,"date":"2023-10-12T12:05:12","date_gmt":"2023-10-12T10:05:12","guid":{"rendered":"https:\/\/www.enriquerequena.com\/?post_type=product&#038;p=28330"},"modified":"2024-03-22T19:35:21","modified_gmt":"2024-03-22T18:35:21","slug":"arbre-de-transmission-toyota-land-cruiser-371106a460-37110-6a460","status":"publish","type":"product","link":"https:\/\/www.enriquerequena.com\/fr\/tienda-online\/arbre-transmission-cardan\/arbre-transmission-cardan-4x4\/arbre-de-transmission-toyota-land-cruiser-371106a460-37110-6a460\/","title":{"rendered":"Arbre de transmission Toyota Land Cruiser &#8211; 371106A460 \/ 37110-6A460"},"content":{"rendered":"<p><strong>Arbre de transmission pour Toyota Land Cruiser <\/strong>avec r\u00e9f\u00e9rences 371106A460 et 37110-6A460 est une pi\u00e8ce de Toyota <strong>neuve et originale<\/strong><strong>\u00a0avec une garantie d\u2019un an<\/strong>. C\u2019est le choix le plus \u00e9conomique.<\/p>\n<p>Nous vendons des pi\u00e8ces d\u00e9tach\u00e9es ou pi\u00e8ces de rechange \u00e0 Valence depuis 1950 et nous vendons aussi en ligne dans le monde entier.<\/p>\n<p>Nos pi\u00e9ces de rechange sont similaires \u00e0 ceux des OEM avec les meilleurs prix du march\u00e9.<\/p>\n<p>N\u00b4h\u00e9sitez pas \u00e0 nous consulter pour d\u00b4autres mod\u00e8les de tout type de v\u00e9hicule. Nous avons une exp\u00e9rience de 70 ans.<\/p>\n<p>Caract\u00e9ristiques techniques Arbre de transmission Toyota Land Cruiser 371106A460:<\/p>\n<ul>\n<li>Pi\u00e8ce de rechange: Arbre de transmission<\/li>\n<li>Mod\u00e8le: Toyota Land Cruiser<\/li>\n<li>Etat: pi\u00e8ce neuve\u00a0<strong>et originale\u00a0<\/strong><\/li>\n<li>Garantie d\u2019un an<\/li>\n<li>Section: Partie arri\u00e8re<\/li>\n<li>Longueur coque 1:\u202f163 mm<\/li>\n<li>Moyeux- \u00d8 1: 46 mm<\/li>\n<li>Moyeux- \u00d8 2: 46 mm<\/li>\n<li>Cercle de percage \u00d8 1: 94 mm<\/li>\n<li>Al\u00e9sage -\u00d81: 10,3 mm<\/li>\n<li>Nombre de trous 1: 4<\/li>\n<li>Cercle de percage-\u00d8 2: 94 mm<\/li>\n<li>Al\u00e9sage -\u00d82: 10,3 mm<\/li>\n<li>Nombre de trous 2: 4<\/li>\n<li>Tuyau-\u00d8: 65 mm<\/li>\n<li>Diam\u00e8tre ext\u00e9rieur 1: 88 mm<\/li>\n<li>Diam\u00e8tre int\u00e9rieur 1: 88 mm<\/li>\n<li><strong>R\u00e9f\u00e9rences:<\/strong>\n<ul>\n<li>371106A460<\/li>\n<li>37110-6A460<\/li>\n<\/ul>\n<\/li>\n<\/ul>\n","protected":false},"excerpt":{"rendered":"<p><strong>Arbre de transmission pour Toyota Land Cruiser <\/strong>avec r\u00e9f\u00e9rences <strong>371106A460 et 37110-6A460.<\/strong> Est une pi\u00e8ce <strong>neuve et originale<\/strong><strong>\u00a0avec une garantie d\u2019un an<\/strong>.<\/p>\n","protected":false},"featured_media":28333,"template":"","meta":[],"product_brand":[],"product_cat":[144,156],"product_tag":[],"class_list":{"0":"post-28330","1":"product","2":"type-product","3":"status-publish","4":"has-post-thumbnail","6":"product_cat-arbre-transmission-cardan","7":"product_cat-arbre-transmission-cardan-4x4","8":"pa_manufacturer-toyota","9":"pa_tipo-4x4","11":"first","12":"instock","13":"taxable","14":"shipping-taxable","15":"purchasable","16":"product-type-simple"},"yoast_head":"<!-- This site is optimized with the Yoast SEO plugin v27.1.1 - https:\/\/yoast.com\/product\/yoast-seo-wordpress\/ -->\n<title>Arbre Transmission Toyota Land Cruiser 371106A460<\/title>\n<meta name=\"description\" content=\"Arbre de transmission pour Toyota Land Cruiser avec r\u00e9f\u00e9rences 371106A460 et 37110-6A460. Est une pi\u00e8ce neuve et originale\u00a0avec une garantie d\u2019un an.\" \/>\n<meta name=\"robots\" content=\"index, follow, max-snippet:-1, max-image-preview:large, max-video-preview:-1\" \/>\n<link rel=\"canonical\" href=\"https:\/\/www.enriquerequena.com\/fr\/tienda-online\/arbre-transmission-cardan\/arbre-transmission-cardan-4x4\/arbre-de-transmission-toyota-land-cruiser-371106a460-37110-6a460\/\" \/>\n<meta property=\"og:locale\" content=\"fr_FR\" \/>\n<meta property=\"og:type\" content=\"article\" \/>\n<meta property=\"og:title\" content=\"Arbre Transmission Toyota Land Cruiser 371106A460\" \/>\n<meta property=\"og:description\" content=\"Arbre de transmission pour Toyota Land Cruiser avec r\u00e9f\u00e9rences 371106A460 et 37110-6A460. Est une pi\u00e8ce neuve et originale\u00a0avec une garantie d\u2019un an.\" \/>\n<meta property=\"og:url\" content=\"https:\/\/www.enriquerequena.com\/fr\/tienda-online\/arbre-transmission-cardan\/arbre-transmission-cardan-4x4\/arbre-de-transmission-toyota-land-cruiser-371106a460-37110-6a460\/\" \/>\n<meta property=\"og:site_name\" content=\"ENRIQUE REQUENA\" \/>\n<meta property=\"article:modified_time\" content=\"2024-03-22T18:35:21+00:00\" \/>\n<meta property=\"og:image\" content=\"https:\/\/www.enriquerequena.com\/wp-content\/uploads\/2023\/10\/transmision-cardan-toyota-land-cruiser-371106A460-37110-6A460.png\" \/>\n\t<meta property=\"og:image:width\" content=\"800\" \/>\n\t<meta property=\"og:image:height\" content=\"800\" \/>\n\t<meta property=\"og:image:type\" content=\"image\/png\" \/>\n<meta name=\"twitter:card\" content=\"summary_large_image\" \/>\n<meta name=\"twitter:label1\" content=\"Dur\u00e9e de lecture estim\u00e9e\" \/>\n\t<meta name=\"twitter:data1\" content=\"1 minute\" \/>\n<script type=\"application\/ld+json\" class=\"yoast-schema-graph\">{\"@context\":\"https:\/\/schema.org\",\"@graph\":[{\"@type\":\"WebPage\",\"@id\":\"https:\/\/www.enriquerequena.com\/fr\/tienda-online\/arbre-transmission-cardan\/arbre-transmission-cardan-4x4\/arbre-de-transmission-toyota-land-cruiser-371106a460-37110-6a460\/\",\"url\":\"https:\/\/www.enriquerequena.com\/fr\/tienda-online\/arbre-transmission-cardan\/arbre-transmission-cardan-4x4\/arbre-de-transmission-toyota-land-cruiser-371106a460-37110-6a460\/\",\"name\":\"Arbre Transmission Toyota Land Cruiser 371106A460\",\"isPartOf\":{\"@id\":\"https:\/\/www.enriquerequena.com\/fr\/#website\"},\"primaryImageOfPage\":{\"@id\":\"https:\/\/www.enriquerequena.com\/fr\/tienda-online\/arbre-transmission-cardan\/arbre-transmission-cardan-4x4\/arbre-de-transmission-toyota-land-cruiser-371106a460-37110-6a460\/#primaryimage\"},\"image\":{\"@id\":\"https:\/\/www.enriquerequena.com\/fr\/tienda-online\/arbre-transmission-cardan\/arbre-transmission-cardan-4x4\/arbre-de-transmission-toyota-land-cruiser-371106a460-37110-6a460\/#primaryimage\"},\"thumbnailUrl\":\"https:\/\/www.enriquerequena.com\/wp-content\/uploads\/2023\/10\/transmision-cardan-toyota-land-cruiser-371106A460-37110-6A460.png\",\"datePublished\":\"2023-10-12T10:05:12+00:00\",\"dateModified\":\"2024-03-22T18:35:21+00:00\",\"description\":\"Arbre de transmission pour Toyota Land Cruiser avec r\u00e9f\u00e9rences 371106A460 et 37110-6A460. Est une pi\u00e8ce neuve et originale\u00a0avec une garantie d\u2019un an.\",\"breadcrumb\":{\"@id\":\"https:\/\/www.enriquerequena.com\/fr\/tienda-online\/arbre-transmission-cardan\/arbre-transmission-cardan-4x4\/arbre-de-transmission-toyota-land-cruiser-371106a460-37110-6a460\/#breadcrumb\"},\"inLanguage\":\"fr-FR\",\"potentialAction\":[{\"@type\":\"ReadAction\",\"target\":[\"https:\/\/www.enriquerequena.com\/fr\/tienda-online\/arbre-transmission-cardan\/arbre-transmission-cardan-4x4\/arbre-de-transmission-toyota-land-cruiser-371106a460-37110-6a460\/\"]}]},{\"@type\":\"ImageObject\",\"inLanguage\":\"fr-FR\",\"@id\":\"https:\/\/www.enriquerequena.com\/fr\/tienda-online\/arbre-transmission-cardan\/arbre-transmission-cardan-4x4\/arbre-de-transmission-toyota-land-cruiser-371106a460-37110-6a460\/#primaryimage\",\"url\":\"https:\/\/www.enriquerequena.com\/wp-content\/uploads\/2023\/10\/transmision-cardan-toyota-land-cruiser-371106A460-37110-6A460.png\",\"contentUrl\":\"https:\/\/www.enriquerequena.com\/wp-content\/uploads\/2023\/10\/transmision-cardan-toyota-land-cruiser-371106A460-37110-6A460.png\",\"width\":800,\"height\":800,\"caption\":\"Arbre de transmission pour Toyota Land Cruiser avec r\u00e9f\u00e9rences 371106A460 et 37110-6A460.\"},{\"@type\":\"WebSite\",\"@id\":\"https:\/\/www.enriquerequena.com\/fr\/#website\",\"url\":\"https:\/\/www.enriquerequena.com\/fr\/\",\"name\":\"ENRIQUE REQUENA\",\"description\":\"Sp\u00e9cialistes des transmissions cardan avec des exp\u00e9ditions dans le monde entier et des pi\u00e8ces d\u00e9tach\u00e9es pour voitures, camions et accessoires \u00e0 Valence, en Espagne. Avec vous depuis 1950!\",\"publisher\":{\"@id\":\"https:\/\/www.enriquerequena.com\/fr\/#organization\"},\"potentialAction\":[{\"@type\":\"SearchAction\",\"target\":{\"@type\":\"EntryPoint\",\"urlTemplate\":\"https:\/\/www.enriquerequena.com\/fr\/?s={search_term_string}\"},\"query-input\":{\"@type\":\"PropertyValueSpecification\",\"valueRequired\":true,\"valueName\":\"search_term_string\"}}],\"inLanguage\":\"fr-FR\"},{\"@type\":\"Organization\",\"@id\":\"https:\/\/www.enriquerequena.com\/fr\/#organization\",\"name\":\"Enrique Requena S.L.\",\"url\":\"https:\/\/www.enriquerequena.com\/fr\/\",\"logo\":{\"@type\":\"ImageObject\",\"inLanguage\":\"fr-FR\",\"@id\":\"https:\/\/www.enriquerequena.com\/fr\/#\/schema\/logo\/image\/\",\"url\":\"https:\/\/www.enriquerequena.com\/wp-content\/uploads\/2019\/11\/enrique-requena-recambios-logotipo.jpg\",\"contentUrl\":\"https:\/\/www.enriquerequena.com\/wp-content\/uploads\/2019\/11\/enrique-requena-recambios-logotipo.jpg\",\"width\":381,\"height\":75,\"caption\":\"Enrique Requena S.L.\"},\"image\":{\"@id\":\"https:\/\/www.enriquerequena.com\/fr\/#\/schema\/logo\/image\/\"}}]}<\/script>\n<!-- \/ Yoast SEO plugin. -->","yoast_head_json":{"title":"Arbre Transmission Toyota Land Cruiser 371106A460","description":"Arbre de transmission pour Toyota Land Cruiser avec r\u00e9f\u00e9rences 371106A460 et 37110-6A460. Est une pi\u00e8ce neuve et originale\u00a0avec une garantie d\u2019un an.","robots":{"index":"index","follow":"follow","max-snippet":"max-snippet:-1","max-image-preview":"max-image-preview:large","max-video-preview":"max-video-preview:-1"},"canonical":"https:\/\/www.enriquerequena.com\/fr\/tienda-online\/arbre-transmission-cardan\/arbre-transmission-cardan-4x4\/arbre-de-transmission-toyota-land-cruiser-371106a460-37110-6a460\/","og_locale":"fr_FR","og_type":"article","og_title":"Arbre Transmission Toyota Land Cruiser 371106A460","og_description":"Arbre de transmission pour Toyota Land Cruiser avec r\u00e9f\u00e9rences 371106A460 et 37110-6A460. Est une pi\u00e8ce neuve et originale\u00a0avec une garantie d\u2019un an.","og_url":"https:\/\/www.enriquerequena.com\/fr\/tienda-online\/arbre-transmission-cardan\/arbre-transmission-cardan-4x4\/arbre-de-transmission-toyota-land-cruiser-371106a460-37110-6a460\/","og_site_name":"ENRIQUE REQUENA","article_modified_time":"2024-03-22T18:35:21+00:00","og_image":[{"width":800,"height":800,"url":"https:\/\/www.enriquerequena.com\/wp-content\/uploads\/2023\/10\/transmision-cardan-toyota-land-cruiser-371106A460-37110-6A460.png","type":"image\/png"}],"twitter_card":"summary_large_image","twitter_misc":{"Dur\u00e9e de lecture estim\u00e9e":"1 minute"},"schema":{"@context":"https:\/\/schema.org","@graph":[{"@type":"WebPage","@id":"https:\/\/www.enriquerequena.com\/fr\/tienda-online\/arbre-transmission-cardan\/arbre-transmission-cardan-4x4\/arbre-de-transmission-toyota-land-cruiser-371106a460-37110-6a460\/","url":"https:\/\/www.enriquerequena.com\/fr\/tienda-online\/arbre-transmission-cardan\/arbre-transmission-cardan-4x4\/arbre-de-transmission-toyota-land-cruiser-371106a460-37110-6a460\/","name":"Arbre Transmission Toyota Land Cruiser 371106A460","isPartOf":{"@id":"https:\/\/www.enriquerequena.com\/fr\/#website"},"primaryImageOfPage":{"@id":"https:\/\/www.enriquerequena.com\/fr\/tienda-online\/arbre-transmission-cardan\/arbre-transmission-cardan-4x4\/arbre-de-transmission-toyota-land-cruiser-371106a460-37110-6a460\/#primaryimage"},"image":{"@id":"https:\/\/www.enriquerequena.com\/fr\/tienda-online\/arbre-transmission-cardan\/arbre-transmission-cardan-4x4\/arbre-de-transmission-toyota-land-cruiser-371106a460-37110-6a460\/#primaryimage"},"thumbnailUrl":"https:\/\/www.enriquerequena.com\/wp-content\/uploads\/2023\/10\/transmision-cardan-toyota-land-cruiser-371106A460-37110-6A460.png","datePublished":"2023-10-12T10:05:12+00:00","dateModified":"2024-03-22T18:35:21+00:00","description":"Arbre de transmission pour Toyota Land Cruiser avec r\u00e9f\u00e9rences 371106A460 et 37110-6A460. Est une pi\u00e8ce neuve et originale\u00a0avec une garantie d\u2019un an.","breadcrumb":{"@id":"https:\/\/www.enriquerequena.com\/fr\/tienda-online\/arbre-transmission-cardan\/arbre-transmission-cardan-4x4\/arbre-de-transmission-toyota-land-cruiser-371106a460-37110-6a460\/#breadcrumb"},"inLanguage":"fr-FR","potentialAction":[{"@type":"ReadAction","target":["https:\/\/www.enriquerequena.com\/fr\/tienda-online\/arbre-transmission-cardan\/arbre-transmission-cardan-4x4\/arbre-de-transmission-toyota-land-cruiser-371106a460-37110-6a460\/"]}]},{"@type":"ImageObject","inLanguage":"fr-FR","@id":"https:\/\/www.enriquerequena.com\/fr\/tienda-online\/arbre-transmission-cardan\/arbre-transmission-cardan-4x4\/arbre-de-transmission-toyota-land-cruiser-371106a460-37110-6a460\/#primaryimage","url":"https:\/\/www.enriquerequena.com\/wp-content\/uploads\/2023\/10\/transmision-cardan-toyota-land-cruiser-371106A460-37110-6A460.png","contentUrl":"https:\/\/www.enriquerequena.com\/wp-content\/uploads\/2023\/10\/transmision-cardan-toyota-land-cruiser-371106A460-37110-6A460.png","width":800,"height":800,"caption":"Arbre de transmission pour Toyota Land Cruiser avec r\u00e9f\u00e9rences 371106A460 et 37110-6A460."},{"@type":"WebSite","@id":"https:\/\/www.enriquerequena.com\/fr\/#website","url":"https:\/\/www.enriquerequena.com\/fr\/","name":"ENRIQUE REQUENA","description":"Sp\u00e9cialistes des transmissions cardan avec des exp\u00e9ditions dans le monde entier et des pi\u00e8ces d\u00e9tach\u00e9es pour voitures, camions et accessoires \u00e0 Valence, en Espagne. Avec vous depuis 1950!","publisher":{"@id":"https:\/\/www.enriquerequena.com\/fr\/#organization"},"potentialAction":[{"@type":"SearchAction","target":{"@type":"EntryPoint","urlTemplate":"https:\/\/www.enriquerequena.com\/fr\/?s={search_term_string}"},"query-input":{"@type":"PropertyValueSpecification","valueRequired":true,"valueName":"search_term_string"}}],"inLanguage":"fr-FR"},{"@type":"Organization","@id":"https:\/\/www.enriquerequena.com\/fr\/#organization","name":"Enrique Requena S.L.","url":"https:\/\/www.enriquerequena.com\/fr\/","logo":{"@type":"ImageObject","inLanguage":"fr-FR","@id":"https:\/\/www.enriquerequena.com\/fr\/#\/schema\/logo\/image\/","url":"https:\/\/www.enriquerequena.com\/wp-content\/uploads\/2019\/11\/enrique-requena-recambios-logotipo.jpg","contentUrl":"https:\/\/www.enriquerequena.com\/wp-content\/uploads\/2019\/11\/enrique-requena-recambios-logotipo.jpg","width":381,"height":75,"caption":"Enrique Requena S.L."},"image":{"@id":"https:\/\/www.enriquerequena.com\/fr\/#\/schema\/logo\/image\/"}}]}},"_links":{"self":[{"href":"https:\/\/www.enriquerequena.com\/fr\/wp-json\/wp\/v2\/product\/28330","targetHints":{"allow":["GET"]}}],"collection":[{"href":"https:\/\/www.enriquerequena.com\/fr\/wp-json\/wp\/v2\/product"}],"about":[{"href":"https:\/\/www.enriquerequena.com\/fr\/wp-json\/wp\/v2\/types\/product"}],"wp:featuredmedia":[{"embeddable":true,"href":"https:\/\/www.enriquerequena.com\/fr\/wp-json\/wp\/v2\/media\/28333"}],"wp:attachment":[{"href":"https:\/\/www.enriquerequena.com\/fr\/wp-json\/wp\/v2\/media?parent=28330"}],"wp:term":[{"taxonomy":"product_brand","embeddable":true,"href":"https:\/\/www.enriquerequena.com\/fr\/wp-json\/wp\/v2\/product_brand?post=28330"},{"taxonomy":"product_cat","embeddable":true,"href":"https:\/\/www.enriquerequena.com\/fr\/wp-json\/wp\/v2\/product_cat?post=28330"},{"taxonomy":"product_tag","embeddable":true,"href":"https:\/\/www.enriquerequena.com\/fr\/wp-json\/wp\/v2\/product_tag?post=28330"}],"curies":[{"name":"wp","href":"https:\/\/api.w.org\/{rel}","templated":true}]}}