{"id":28365,"date":"2023-10-21T14:58:50","date_gmt":"2023-10-21T12:58:50","guid":{"rendered":"https:\/\/www.enriquerequena.com\/?post_type=product&#038;p=28365"},"modified":"2023-11-14T17:06:40","modified_gmt":"2023-11-14T16:06:40","slug":"valvoline-dpf-cleaner-regenerator-prix-par-boite-de-12-unites","status":"publish","type":"product","link":"https:\/\/www.enriquerequena.com\/fr\/tienda-online\/huiles-additifs-moteur\/lubrifiants-voitures\/valvoline-dpf-cleaner-regenerator-prix-par-boite-de-12-unites\/","title":{"rendered":"Valvoline DPF Cleaner &#038; Regenerator (Prix par bo\u00eete de 12 unit\u00e9s)"},"content":{"rendered":"<p>Nous commercialisons<strong> Valvoline DPF Cleaner &amp; Regenerator<\/strong>, un nettoyant ultra-performant qui utilise des additifs de qualit\u00e9 pour r\u00e9duire la temp\u00e9rature de combustion de la suie dans le filtre \u00e0 particules diesel (DPF). Il est \u00e9labor\u00e9 pour favoriser la combustion de la suie au niveau du filtre \u00e0 particules lorsqu&rsquo;elle est expos\u00e9e \u00e0 des temp\u00e9ratures de gaz d&rsquo;\u00e9chappement plus basses, ce qui permet au filtre \u00e0 particules.<\/p>\n<h2>Applications Valvoline DPF Cleaner &amp; Regenerator<\/h2>\n<p>Est recommand\u00e9 pour tous les types de moteurs diesel qui utilisent des filtres \u00e0 particules diesel de rechange ou d&rsquo;origine.<\/p>\n<p>Doit \u00eatre appliqu\u00e9 en mesure pr\u00e9ventive dans le cadre de l&rsquo;entretien r\u00e9gulier pour le bon fonctionnement du DPF. En outre, il doit \u00eatre appliqu\u00e9 chaque fois que le DPF fait l&rsquo;objet d&rsquo;une quelconque intervention de nettoyage sp\u00e9cialis\u00e9e.<\/p>\n<p>Ce produit est particuli\u00e8rement recommand\u00e9 dans les conditions de conduite d\u00e9favorables (embouteillages, conduite en ville sur de longues distances, conduite avec arr\u00eats\/d\u00e9marrages fr\u00e9quentes, etc.).<\/p>\n<h2>Avantages Valvoline DPF Cleaner &amp; Regenerator<\/h2>\n<p>Est sp\u00e9cialement con\u00e7u pour permettre la r\u00e9g\u00e9n\u00e9ration in-situ du filtre \u00e0 particules diesel. En voici les principaux avantages:<\/p>\n<p>Aide \u00e0 am\u00e9liorer les performances globales du filtre \u00e0 particules diesel, essentiel au bon fonctionnement du moteur et aux \u00e9missions de gaz d&rsquo;\u00e9chappement. R\u00e9duit le co\u00fbt total d&rsquo;entretien en gardant le DPF en bon \u00e9tat de fonctionnement. Id\u00e9al dans les conditions de conduite d\u00e9favorables.<\/p>\n<h2>Mode d&#8217;emploi<\/h2>\n<p>Est facile \u00e0 utiliser et ne n\u00e9cessite pas d&rsquo;outil particulier. Il convient de verser un flacon m\u00e9tallique de 300 ml de Valvoline DPF Cleaner &amp; Regenerator dans un r\u00e9servoir contenant 40 \u00e0 80 litres de diesel. Le r\u00e9servoir de carburant doit contenir au moins 10 litres de diesel.<\/p>\n<h3>Remarque importante<\/h3>\n<p>Ne pas surdoser le produit et ne pas l&rsquo;appliquer aux v\u00e9hicules \u00e9quip\u00e9s d&rsquo;un syst\u00e8me d&rsquo;additif OEM qui utilise de l&rsquo;AdBlue ou un produit similaire, comme certains mod\u00e8les Renault, Peugeot, Citro\u00ebn, VW, Audi, BMW, MB, Opel, Ford, Toyota, et Mazda.<\/p>\n","protected":false},"excerpt":{"rendered":"<p><strong>Valvoline DPF Cleaner &amp; Regenerator<\/strong> est un nettoyant ultra-performant qui utilise des additifs de qualit\u00e9 pour r\u00e9duire la temp\u00e9rature de combustion de la suie dans le filtre \u00e0 particules diesel (DPF).<\/p>\n","protected":false},"featured_media":28369,"template":"","meta":[],"product_brand":[],"product_cat":[147,174],"product_tag":[],"class_list":{"0":"post-28365","1":"product","2":"type-product","3":"status-publish","4":"has-post-thumbnail","6":"product_cat-huiles-additifs-moteur","7":"product_cat-lubrifiants-voitures","9":"first","10":"instock","11":"taxable","12":"shipping-taxable","13":"purchasable","14":"product-type-simple"},"yoast_head":"<!-- This site is optimized with the Yoast SEO plugin v27.5 - https:\/\/yoast.com\/product\/yoast-seo-wordpress\/ -->\n<title>Valvoline DPF Cleaner Regenerator - Enrique Requena<\/title>\n<meta name=\"description\" content=\"Valvoline DPF Cleaner &amp; Regenerator est un nettoyant ultra-performant qui utilise des additifs de qualit\u00e9 pour r\u00e9duire la temp\u00e9rature de combustion.\" \/>\n<meta name=\"robots\" content=\"index, follow, max-snippet:-1, max-image-preview:large, max-video-preview:-1\" \/>\n<link rel=\"canonical\" href=\"https:\/\/www.enriquerequena.com\/fr\/tienda-online\/huiles-additifs-moteur\/lubrifiants-voitures\/valvoline-dpf-cleaner-regenerator-prix-par-boite-de-12-unites\/\" \/>\n<meta property=\"og:locale\" content=\"fr_FR\" \/>\n<meta property=\"og:type\" content=\"article\" \/>\n<meta property=\"og:title\" content=\"Valvoline DPF Cleaner Regenerator - Enrique Requena\" \/>\n<meta property=\"og:description\" content=\"Valvoline DPF Cleaner &amp; Regenerator est un nettoyant ultra-performant qui utilise des additifs de qualit\u00e9 pour r\u00e9duire la temp\u00e9rature de combustion.\" \/>\n<meta property=\"og:url\" content=\"https:\/\/www.enriquerequena.com\/fr\/tienda-online\/huiles-additifs-moteur\/lubrifiants-voitures\/valvoline-dpf-cleaner-regenerator-prix-par-boite-de-12-unites\/\" \/>\n<meta property=\"og:site_name\" content=\"ENRIQUE REQUENA\" \/>\n<meta property=\"article:modified_time\" content=\"2023-11-14T16:06:40+00:00\" \/>\n<meta property=\"og:image\" content=\"https:\/\/www.enriquerequena.com\/wp-content\/uploads\/2023\/10\/Regenerador-limpiador-filtro-particulas-Valvoline.png\" \/>\n\t<meta property=\"og:image:width\" content=\"800\" \/>\n\t<meta property=\"og:image:height\" content=\"800\" \/>\n\t<meta property=\"og:image:type\" content=\"image\/png\" \/>\n<meta name=\"twitter:card\" content=\"summary_large_image\" \/>\n<meta name=\"twitter:label1\" content=\"Dur\u00e9e de lecture estim\u00e9e\" \/>\n\t<meta name=\"twitter:data1\" content=\"2 minutes\" \/>\n<script type=\"application\/ld+json\" class=\"yoast-schema-graph\">{\"@context\":\"https:\\\/\\\/schema.org\",\"@graph\":[{\"@type\":\"WebPage\",\"@id\":\"https:\\\/\\\/www.enriquerequena.com\\\/fr\\\/tienda-online\\\/huiles-additifs-moteur\\\/lubrifiants-voitures\\\/valvoline-dpf-cleaner-regenerator-prix-par-boite-de-12-unites\\\/\",\"url\":\"https:\\\/\\\/www.enriquerequena.com\\\/fr\\\/tienda-online\\\/huiles-additifs-moteur\\\/lubrifiants-voitures\\\/valvoline-dpf-cleaner-regenerator-prix-par-boite-de-12-unites\\\/\",\"name\":\"Valvoline DPF Cleaner Regenerator - Enrique Requena\",\"isPartOf\":{\"@id\":\"https:\\\/\\\/www.enriquerequena.com\\\/fr\\\/#website\"},\"primaryImageOfPage\":{\"@id\":\"https:\\\/\\\/www.enriquerequena.com\\\/fr\\\/tienda-online\\\/huiles-additifs-moteur\\\/lubrifiants-voitures\\\/valvoline-dpf-cleaner-regenerator-prix-par-boite-de-12-unites\\\/#primaryimage\"},\"image\":{\"@id\":\"https:\\\/\\\/www.enriquerequena.com\\\/fr\\\/tienda-online\\\/huiles-additifs-moteur\\\/lubrifiants-voitures\\\/valvoline-dpf-cleaner-regenerator-prix-par-boite-de-12-unites\\\/#primaryimage\"},\"thumbnailUrl\":\"https:\\\/\\\/www.enriquerequena.com\\\/wp-content\\\/uploads\\\/2023\\\/10\\\/Regenerador-limpiador-filtro-particulas-Valvoline.png\",\"datePublished\":\"2023-10-21T12:58:50+00:00\",\"dateModified\":\"2023-11-14T16:06:40+00:00\",\"description\":\"Valvoline DPF Cleaner & Regenerator est un nettoyant ultra-performant qui utilise des additifs de qualit\u00e9 pour r\u00e9duire la temp\u00e9rature de combustion.\",\"breadcrumb\":{\"@id\":\"https:\\\/\\\/www.enriquerequena.com\\\/fr\\\/tienda-online\\\/huiles-additifs-moteur\\\/lubrifiants-voitures\\\/valvoline-dpf-cleaner-regenerator-prix-par-boite-de-12-unites\\\/#breadcrumb\"},\"inLanguage\":\"fr-FR\",\"potentialAction\":[{\"@type\":\"ReadAction\",\"target\":[\"https:\\\/\\\/www.enriquerequena.com\\\/fr\\\/tienda-online\\\/huiles-additifs-moteur\\\/lubrifiants-voitures\\\/valvoline-dpf-cleaner-regenerator-prix-par-boite-de-12-unites\\\/\"]}]},{\"@type\":\"ImageObject\",\"inLanguage\":\"fr-FR\",\"@id\":\"https:\\\/\\\/www.enriquerequena.com\\\/fr\\\/tienda-online\\\/huiles-additifs-moteur\\\/lubrifiants-voitures\\\/valvoline-dpf-cleaner-regenerator-prix-par-boite-de-12-unites\\\/#primaryimage\",\"url\":\"https:\\\/\\\/www.enriquerequena.com\\\/wp-content\\\/uploads\\\/2023\\\/10\\\/Regenerador-limpiador-filtro-particulas-Valvoline.png\",\"contentUrl\":\"https:\\\/\\\/www.enriquerequena.com\\\/wp-content\\\/uploads\\\/2023\\\/10\\\/Regenerador-limpiador-filtro-particulas-Valvoline.png\",\"width\":800,\"height\":800,\"caption\":\"Valvoline DPF Cleaner & Regenerator\"},{\"@type\":\"WebSite\",\"@id\":\"https:\\\/\\\/www.enriquerequena.com\\\/fr\\\/#website\",\"url\":\"https:\\\/\\\/www.enriquerequena.com\\\/fr\\\/\",\"name\":\"ENRIQUE REQUENA\",\"description\":\"Sp\u00e9cialistes des transmissions cardan avec des exp\u00e9ditions dans le monde entier et des pi\u00e8ces d\u00e9tach\u00e9es pour voitures, camions et accessoires \u00e0 Valence, en Espagne. Avec vous depuis 1950!\",\"publisher\":{\"@id\":\"https:\\\/\\\/www.enriquerequena.com\\\/fr\\\/#organization\"},\"potentialAction\":[{\"@type\":\"SearchAction\",\"target\":{\"@type\":\"EntryPoint\",\"urlTemplate\":\"https:\\\/\\\/www.enriquerequena.com\\\/fr\\\/?s={search_term_string}\"},\"query-input\":{\"@type\":\"PropertyValueSpecification\",\"valueRequired\":true,\"valueName\":\"search_term_string\"}}],\"inLanguage\":\"fr-FR\"},{\"@type\":\"Organization\",\"@id\":\"https:\\\/\\\/www.enriquerequena.com\\\/fr\\\/#organization\",\"name\":\"Enrique Requena S.L.\",\"url\":\"https:\\\/\\\/www.enriquerequena.com\\\/fr\\\/\",\"logo\":{\"@type\":\"ImageObject\",\"inLanguage\":\"fr-FR\",\"@id\":\"https:\\\/\\\/www.enriquerequena.com\\\/fr\\\/#\\\/schema\\\/logo\\\/image\\\/\",\"url\":\"https:\\\/\\\/www.enriquerequena.com\\\/wp-content\\\/uploads\\\/2019\\\/11\\\/enrique-requena-recambios-logotipo.jpg\",\"contentUrl\":\"https:\\\/\\\/www.enriquerequena.com\\\/wp-content\\\/uploads\\\/2019\\\/11\\\/enrique-requena-recambios-logotipo.jpg\",\"width\":381,\"height\":75,\"caption\":\"Enrique Requena S.L.\"},\"image\":{\"@id\":\"https:\\\/\\\/www.enriquerequena.com\\\/fr\\\/#\\\/schema\\\/logo\\\/image\\\/\"}}]}<\/script>\n<!-- \/ Yoast SEO plugin. -->","yoast_head_json":{"title":"Valvoline DPF Cleaner Regenerator - Enrique Requena","description":"Valvoline DPF Cleaner & Regenerator est un nettoyant ultra-performant qui utilise des additifs de qualit\u00e9 pour r\u00e9duire la temp\u00e9rature de combustion.","robots":{"index":"index","follow":"follow","max-snippet":"max-snippet:-1","max-image-preview":"max-image-preview:large","max-video-preview":"max-video-preview:-1"},"canonical":"https:\/\/www.enriquerequena.com\/fr\/tienda-online\/huiles-additifs-moteur\/lubrifiants-voitures\/valvoline-dpf-cleaner-regenerator-prix-par-boite-de-12-unites\/","og_locale":"fr_FR","og_type":"article","og_title":"Valvoline DPF Cleaner Regenerator - Enrique Requena","og_description":"Valvoline DPF Cleaner & Regenerator est un nettoyant ultra-performant qui utilise des additifs de qualit\u00e9 pour r\u00e9duire la temp\u00e9rature de combustion.","og_url":"https:\/\/www.enriquerequena.com\/fr\/tienda-online\/huiles-additifs-moteur\/lubrifiants-voitures\/valvoline-dpf-cleaner-regenerator-prix-par-boite-de-12-unites\/","og_site_name":"ENRIQUE REQUENA","article_modified_time":"2023-11-14T16:06:40+00:00","og_image":[{"width":800,"height":800,"url":"https:\/\/www.enriquerequena.com\/wp-content\/uploads\/2023\/10\/Regenerador-limpiador-filtro-particulas-Valvoline.png","type":"image\/png"}],"twitter_card":"summary_large_image","twitter_misc":{"Dur\u00e9e de lecture estim\u00e9e":"2 minutes"},"schema":{"@context":"https:\/\/schema.org","@graph":[{"@type":"WebPage","@id":"https:\/\/www.enriquerequena.com\/fr\/tienda-online\/huiles-additifs-moteur\/lubrifiants-voitures\/valvoline-dpf-cleaner-regenerator-prix-par-boite-de-12-unites\/","url":"https:\/\/www.enriquerequena.com\/fr\/tienda-online\/huiles-additifs-moteur\/lubrifiants-voitures\/valvoline-dpf-cleaner-regenerator-prix-par-boite-de-12-unites\/","name":"Valvoline DPF Cleaner Regenerator - Enrique Requena","isPartOf":{"@id":"https:\/\/www.enriquerequena.com\/fr\/#website"},"primaryImageOfPage":{"@id":"https:\/\/www.enriquerequena.com\/fr\/tienda-online\/huiles-additifs-moteur\/lubrifiants-voitures\/valvoline-dpf-cleaner-regenerator-prix-par-boite-de-12-unites\/#primaryimage"},"image":{"@id":"https:\/\/www.enriquerequena.com\/fr\/tienda-online\/huiles-additifs-moteur\/lubrifiants-voitures\/valvoline-dpf-cleaner-regenerator-prix-par-boite-de-12-unites\/#primaryimage"},"thumbnailUrl":"https:\/\/www.enriquerequena.com\/wp-content\/uploads\/2023\/10\/Regenerador-limpiador-filtro-particulas-Valvoline.png","datePublished":"2023-10-21T12:58:50+00:00","dateModified":"2023-11-14T16:06:40+00:00","description":"Valvoline DPF Cleaner & Regenerator est un nettoyant ultra-performant qui utilise des additifs de qualit\u00e9 pour r\u00e9duire la temp\u00e9rature de combustion.","breadcrumb":{"@id":"https:\/\/www.enriquerequena.com\/fr\/tienda-online\/huiles-additifs-moteur\/lubrifiants-voitures\/valvoline-dpf-cleaner-regenerator-prix-par-boite-de-12-unites\/#breadcrumb"},"inLanguage":"fr-FR","potentialAction":[{"@type":"ReadAction","target":["https:\/\/www.enriquerequena.com\/fr\/tienda-online\/huiles-additifs-moteur\/lubrifiants-voitures\/valvoline-dpf-cleaner-regenerator-prix-par-boite-de-12-unites\/"]}]},{"@type":"ImageObject","inLanguage":"fr-FR","@id":"https:\/\/www.enriquerequena.com\/fr\/tienda-online\/huiles-additifs-moteur\/lubrifiants-voitures\/valvoline-dpf-cleaner-regenerator-prix-par-boite-de-12-unites\/#primaryimage","url":"https:\/\/www.enriquerequena.com\/wp-content\/uploads\/2023\/10\/Regenerador-limpiador-filtro-particulas-Valvoline.png","contentUrl":"https:\/\/www.enriquerequena.com\/wp-content\/uploads\/2023\/10\/Regenerador-limpiador-filtro-particulas-Valvoline.png","width":800,"height":800,"caption":"Valvoline DPF Cleaner & Regenerator"},{"@type":"WebSite","@id":"https:\/\/www.enriquerequena.com\/fr\/#website","url":"https:\/\/www.enriquerequena.com\/fr\/","name":"ENRIQUE REQUENA","description":"Sp\u00e9cialistes des transmissions cardan avec des exp\u00e9ditions dans le monde entier et des pi\u00e8ces d\u00e9tach\u00e9es pour voitures, camions et accessoires \u00e0 Valence, en Espagne. Avec vous depuis 1950!","publisher":{"@id":"https:\/\/www.enriquerequena.com\/fr\/#organization"},"potentialAction":[{"@type":"SearchAction","target":{"@type":"EntryPoint","urlTemplate":"https:\/\/www.enriquerequena.com\/fr\/?s={search_term_string}"},"query-input":{"@type":"PropertyValueSpecification","valueRequired":true,"valueName":"search_term_string"}}],"inLanguage":"fr-FR"},{"@type":"Organization","@id":"https:\/\/www.enriquerequena.com\/fr\/#organization","name":"Enrique Requena S.L.","url":"https:\/\/www.enriquerequena.com\/fr\/","logo":{"@type":"ImageObject","inLanguage":"fr-FR","@id":"https:\/\/www.enriquerequena.com\/fr\/#\/schema\/logo\/image\/","url":"https:\/\/www.enriquerequena.com\/wp-content\/uploads\/2019\/11\/enrique-requena-recambios-logotipo.jpg","contentUrl":"https:\/\/www.enriquerequena.com\/wp-content\/uploads\/2019\/11\/enrique-requena-recambios-logotipo.jpg","width":381,"height":75,"caption":"Enrique Requena S.L."},"image":{"@id":"https:\/\/www.enriquerequena.com\/fr\/#\/schema\/logo\/image\/"}}]}},"_links":{"self":[{"href":"https:\/\/www.enriquerequena.com\/fr\/wp-json\/wp\/v2\/product\/28365","targetHints":{"allow":["GET"]}}],"collection":[{"href":"https:\/\/www.enriquerequena.com\/fr\/wp-json\/wp\/v2\/product"}],"about":[{"href":"https:\/\/www.enriquerequena.com\/fr\/wp-json\/wp\/v2\/types\/product"}],"wp:featuredmedia":[{"embeddable":true,"href":"https:\/\/www.enriquerequena.com\/fr\/wp-json\/wp\/v2\/media\/28369"}],"wp:attachment":[{"href":"https:\/\/www.enriquerequena.com\/fr\/wp-json\/wp\/v2\/media?parent=28365"}],"wp:term":[{"taxonomy":"product_brand","embeddable":true,"href":"https:\/\/www.enriquerequena.com\/fr\/wp-json\/wp\/v2\/product_brand?post=28365"},{"taxonomy":"product_cat","embeddable":true,"href":"https:\/\/www.enriquerequena.com\/fr\/wp-json\/wp\/v2\/product_cat?post=28365"},{"taxonomy":"product_tag","embeddable":true,"href":"https:\/\/www.enriquerequena.com\/fr\/wp-json\/wp\/v2\/product_tag?post=28365"}],"curies":[{"name":"wp","href":"https:\/\/api.w.org\/{rel}","templated":true}]}}