{"id":2859,"date":"2016-02-28T12:26:57","date_gmt":"2016-02-28T11:26:57","guid":{"rendered":"https:\/\/www.enriquerequena.com\/?post_type=product&#038;p=2859"},"modified":"2025-06-23T19:15:03","modified_gmt":"2025-06-23T17:15:03","slug":"arbre-transmission-cardan-renault-kangoo-4x4-8200149811","status":"publish","type":"product","link":"https:\/\/www.enriquerequena.com\/fr\/tienda-online\/arbre-transmission-cardan\/arbre-transmission-cardan-4x4\/arbre-transmission-cardan-renault-kangoo-4x4-8200149811\/","title":{"rendered":"Arbre de transmission \u00e0 cardan Renault Kangoo 4&#215;4 8200149811"},"content":{"rendered":"<h2>Arbre de transmission Renault Kangoo 4&#215;4.<\/h2>\n<p>Arbre de transmission pour Renault Kangoo 4&#215;4 avec r\u00e9f\u00e9rences 8200149811, \u00a08200144401, 320006394R, est un arbre de transmission<strong> neuf<\/strong> de Renault avec <strong>une garantie d&rsquo;un an<\/strong>. C&rsquo;est le choix le plus \u00e9conomique<\/p>\n<p>Nous vendons des arbres de transmission pour Renault Kangoo 4&#215;4. Nos arbres de transmission sont similaires \u00e0 ceux des OEM avec les meilleurs prix du march\u00e9.<\/p>\n<p><span class=\"HwtZe\" lang=\"fr\"><span class=\"jCAhz ChMk0b\"><span class=\"ryNqvb\">Cet arbre de transmission r\u00e9sout les probl\u00e8mes du flecteur et de l\u00b4amortisseur anti-vibration central de la transmission d&rsquo;origine de Renault, puisque nous les avons supprim\u00e9s et renforc\u00e9 la transmission.<\/span><\/span><\/span><\/p>\n<p>8200149811 est disponible pour Renault Kangoo 4&#215;4. Nous vendons des pi\u00e8ces d\u00e9tach\u00e9es ou pi\u00e8ces de rechange pour v\u00e9hicules 4&#215;4 \u00e0 Valence depuis 1950 et nous vendons aussi en ligne dans le monde entier.<\/p>\n<p><strong>N\u00b4h\u00e9sitez pas \u00e0 nous consulter<\/strong> pour d\u00b4autres mod\u00e8les de transmission de tout type de v\u00e9hicule. Nous avons une exp\u00e9rience de 68 ans dans le commerce de transmissions et <strong>connaissons tr\u00e8s bien le sujet.<\/strong><\/p>\n<h3>Caract\u00e9ristiques techniques:<\/h3>\n<p>&#8211; Pi\u00e8ce de rechange: arbre de transmission<\/p>\n<p>&#8211; Mod\u00e8le: Renault Kangoo 4&#215;4<\/p>\n<p>&#8211; Trois pi\u00e8ces<\/p>\n<p>&#8211; Longueur: 1978 MM.<\/p>\n<p>&#8211; Num\u00e9ro de r\u00e9f\u00e9rence: 8200149811 &#8211; 8200144401 &#8211; 320006394R<\/p>\n<p>&#8211; Etat: <strong>pi\u00e8ce neuve<\/strong><\/p>\n<p>&#8211;<strong> Garantie d&rsquo;un an<\/strong><\/p>\n","protected":false},"excerpt":{"rendered":"<p>Arbre de transmission pour Renault Kangoo 4&#215;4 avec r\u00e9f\u00e9rence 8200149811, \u00a08200144401, 320006394R, est un arbre de transmission<strong> neuf<\/strong> de Renault avec <strong>une garantie d&rsquo;un an<\/strong><\/p>\n","protected":false},"featured_media":11208,"template":"","meta":[],"product_brand":[90],"product_cat":[144,156],"product_tag":[],"class_list":{"0":"post-2859","1":"product","2":"type-product","3":"status-publish","4":"has-post-thumbnail","6":"product_brand-renault","7":"product_cat-arbre-transmission-cardan","8":"product_cat-arbre-transmission-cardan-4x4","9":"pa_manufacturer-renault","10":"pa_tipo-4x4","11":"pa_tipo-fourgons-et-vehicules-legers","13":"first","14":"instock","15":"featured","16":"taxable","17":"shipping-taxable","18":"purchasable","19":"product-type-simple"},"yoast_head":"<!-- This site is optimized with the Yoast SEO plugin v27.5 - https:\/\/yoast.com\/product\/yoast-seo-wordpress\/ -->\n<title>Arbre de transmission Renault Kangoo 4x4 8200149811.<\/title>\n<meta name=\"description\" content=\"Arbre de transmission pour Renault Kangoo 4x4 avec r\u00e9f\u00e9rence 8200149811 est un arbre de transmission neuf de Renault avec une garantie d&#039;un an.\" \/>\n<meta name=\"robots\" content=\"index, follow, max-snippet:-1, max-image-preview:large, max-video-preview:-1\" \/>\n<link rel=\"canonical\" href=\"https:\/\/www.enriquerequena.com\/fr\/tienda-online\/arbre-transmission-cardan\/arbre-transmission-cardan-4x4\/arbre-transmission-cardan-renault-kangoo-4x4-8200149811\/\" \/>\n<meta property=\"og:locale\" content=\"fr_FR\" \/>\n<meta property=\"og:type\" content=\"article\" \/>\n<meta property=\"og:title\" content=\"Arbre de transmission Renault Kangoo 4x4 8200149811.\" \/>\n<meta property=\"og:description\" content=\"Arbre de transmission pour Renault Kangoo 4x4 avec r\u00e9f\u00e9rence 8200149811 est un arbre de transmission neuf de Renault avec une garantie d&#039;un an.\" \/>\n<meta property=\"og:url\" content=\"https:\/\/www.enriquerequena.com\/fr\/tienda-online\/arbre-transmission-cardan\/arbre-transmission-cardan-4x4\/arbre-transmission-cardan-renault-kangoo-4x4-8200149811\/\" \/>\n<meta property=\"og:site_name\" content=\"ENRIQUE REQUENA\" \/>\n<meta property=\"article:modified_time\" content=\"2025-06-23T17:15:03+00:00\" \/>\n<meta property=\"og:image\" content=\"https:\/\/www.enriquerequena.com\/wp-content\/uploads\/2019\/10\/products-TRANSMISION-KANGOO-4X4-2-.jpg\" \/>\n\t<meta property=\"og:image:width\" content=\"800\" \/>\n\t<meta property=\"og:image:height\" content=\"800\" \/>\n\t<meta property=\"og:image:type\" content=\"image\/jpeg\" \/>\n<meta name=\"twitter:card\" content=\"summary_large_image\" \/>\n<meta name=\"twitter:label1\" content=\"Dur\u00e9e de lecture estim\u00e9e\" \/>\n\t<meta name=\"twitter:data1\" content=\"2 minutes\" \/>\n<script type=\"application\/ld+json\" class=\"yoast-schema-graph\">{\"@context\":\"https:\\\/\\\/schema.org\",\"@graph\":[{\"@type\":\"WebPage\",\"@id\":\"https:\\\/\\\/www.enriquerequena.com\\\/fr\\\/tienda-online\\\/arbre-transmission-cardan\\\/arbre-transmission-cardan-4x4\\\/arbre-transmission-cardan-renault-kangoo-4x4-8200149811\\\/\",\"url\":\"https:\\\/\\\/www.enriquerequena.com\\\/fr\\\/tienda-online\\\/arbre-transmission-cardan\\\/arbre-transmission-cardan-4x4\\\/arbre-transmission-cardan-renault-kangoo-4x4-8200149811\\\/\",\"name\":\"Arbre de transmission Renault Kangoo 4x4 8200149811.\",\"isPartOf\":{\"@id\":\"https:\\\/\\\/www.enriquerequena.com\\\/fr\\\/#website\"},\"primaryImageOfPage\":{\"@id\":\"https:\\\/\\\/www.enriquerequena.com\\\/fr\\\/tienda-online\\\/arbre-transmission-cardan\\\/arbre-transmission-cardan-4x4\\\/arbre-transmission-cardan-renault-kangoo-4x4-8200149811\\\/#primaryimage\"},\"image\":{\"@id\":\"https:\\\/\\\/www.enriquerequena.com\\\/fr\\\/tienda-online\\\/arbre-transmission-cardan\\\/arbre-transmission-cardan-4x4\\\/arbre-transmission-cardan-renault-kangoo-4x4-8200149811\\\/#primaryimage\"},\"thumbnailUrl\":\"https:\\\/\\\/www.enriquerequena.com\\\/wp-content\\\/uploads\\\/2019\\\/10\\\/products-TRANSMISION-KANGOO-4X4-2-.jpg\",\"datePublished\":\"2016-02-28T11:26:57+00:00\",\"dateModified\":\"2025-06-23T17:15:03+00:00\",\"description\":\"Arbre de transmission pour Renault Kangoo 4x4 avec r\u00e9f\u00e9rence 8200149811 est un arbre de transmission neuf de Renault avec une garantie d'un an.\",\"breadcrumb\":{\"@id\":\"https:\\\/\\\/www.enriquerequena.com\\\/fr\\\/tienda-online\\\/arbre-transmission-cardan\\\/arbre-transmission-cardan-4x4\\\/arbre-transmission-cardan-renault-kangoo-4x4-8200149811\\\/#breadcrumb\"},\"inLanguage\":\"fr-FR\",\"potentialAction\":[{\"@type\":\"ReadAction\",\"target\":[\"https:\\\/\\\/www.enriquerequena.com\\\/fr\\\/tienda-online\\\/arbre-transmission-cardan\\\/arbre-transmission-cardan-4x4\\\/arbre-transmission-cardan-renault-kangoo-4x4-8200149811\\\/\"]}]},{\"@type\":\"ImageObject\",\"inLanguage\":\"fr-FR\",\"@id\":\"https:\\\/\\\/www.enriquerequena.com\\\/fr\\\/tienda-online\\\/arbre-transmission-cardan\\\/arbre-transmission-cardan-4x4\\\/arbre-transmission-cardan-renault-kangoo-4x4-8200149811\\\/#primaryimage\",\"url\":\"https:\\\/\\\/www.enriquerequena.com\\\/wp-content\\\/uploads\\\/2019\\\/10\\\/products-TRANSMISION-KANGOO-4X4-2-.jpg\",\"contentUrl\":\"https:\\\/\\\/www.enriquerequena.com\\\/wp-content\\\/uploads\\\/2019\\\/10\\\/products-TRANSMISION-KANGOO-4X4-2-.jpg\",\"width\":800,\"height\":800,\"caption\":\"Arbre de transmission \u00e0 cardan Renault Kangoo 4x4 8200149811\"},{\"@type\":\"WebSite\",\"@id\":\"https:\\\/\\\/www.enriquerequena.com\\\/fr\\\/#website\",\"url\":\"https:\\\/\\\/www.enriquerequena.com\\\/fr\\\/\",\"name\":\"ENRIQUE REQUENA\",\"description\":\"Sp\u00e9cialistes des transmissions cardan avec des exp\u00e9ditions dans le monde entier et des pi\u00e8ces d\u00e9tach\u00e9es pour voitures, camions et accessoires \u00e0 Valence, en Espagne. Avec vous depuis 1950!\",\"publisher\":{\"@id\":\"https:\\\/\\\/www.enriquerequena.com\\\/fr\\\/#organization\"},\"potentialAction\":[{\"@type\":\"SearchAction\",\"target\":{\"@type\":\"EntryPoint\",\"urlTemplate\":\"https:\\\/\\\/www.enriquerequena.com\\\/fr\\\/?s={search_term_string}\"},\"query-input\":{\"@type\":\"PropertyValueSpecification\",\"valueRequired\":true,\"valueName\":\"search_term_string\"}}],\"inLanguage\":\"fr-FR\"},{\"@type\":\"Organization\",\"@id\":\"https:\\\/\\\/www.enriquerequena.com\\\/fr\\\/#organization\",\"name\":\"Enrique Requena S.L.\",\"url\":\"https:\\\/\\\/www.enriquerequena.com\\\/fr\\\/\",\"logo\":{\"@type\":\"ImageObject\",\"inLanguage\":\"fr-FR\",\"@id\":\"https:\\\/\\\/www.enriquerequena.com\\\/fr\\\/#\\\/schema\\\/logo\\\/image\\\/\",\"url\":\"https:\\\/\\\/www.enriquerequena.com\\\/wp-content\\\/uploads\\\/2019\\\/11\\\/enrique-requena-recambios-logotipo.jpg\",\"contentUrl\":\"https:\\\/\\\/www.enriquerequena.com\\\/wp-content\\\/uploads\\\/2019\\\/11\\\/enrique-requena-recambios-logotipo.jpg\",\"width\":381,\"height\":75,\"caption\":\"Enrique Requena S.L.\"},\"image\":{\"@id\":\"https:\\\/\\\/www.enriquerequena.com\\\/fr\\\/#\\\/schema\\\/logo\\\/image\\\/\"}}]}<\/script>\n<!-- \/ Yoast SEO plugin. -->","yoast_head_json":{"title":"Arbre de transmission Renault Kangoo 4x4 8200149811.","description":"Arbre de transmission pour Renault Kangoo 4x4 avec r\u00e9f\u00e9rence 8200149811 est un arbre de transmission neuf de Renault avec une garantie d'un an.","robots":{"index":"index","follow":"follow","max-snippet":"max-snippet:-1","max-image-preview":"max-image-preview:large","max-video-preview":"max-video-preview:-1"},"canonical":"https:\/\/www.enriquerequena.com\/fr\/tienda-online\/arbre-transmission-cardan\/arbre-transmission-cardan-4x4\/arbre-transmission-cardan-renault-kangoo-4x4-8200149811\/","og_locale":"fr_FR","og_type":"article","og_title":"Arbre de transmission Renault Kangoo 4x4 8200149811.","og_description":"Arbre de transmission pour Renault Kangoo 4x4 avec r\u00e9f\u00e9rence 8200149811 est un arbre de transmission neuf de Renault avec une garantie d'un an.","og_url":"https:\/\/www.enriquerequena.com\/fr\/tienda-online\/arbre-transmission-cardan\/arbre-transmission-cardan-4x4\/arbre-transmission-cardan-renault-kangoo-4x4-8200149811\/","og_site_name":"ENRIQUE REQUENA","article_modified_time":"2025-06-23T17:15:03+00:00","og_image":[{"width":800,"height":800,"url":"https:\/\/www.enriquerequena.com\/wp-content\/uploads\/2019\/10\/products-TRANSMISION-KANGOO-4X4-2-.jpg","type":"image\/jpeg"}],"twitter_card":"summary_large_image","twitter_misc":{"Dur\u00e9e de lecture estim\u00e9e":"2 minutes"},"schema":{"@context":"https:\/\/schema.org","@graph":[{"@type":"WebPage","@id":"https:\/\/www.enriquerequena.com\/fr\/tienda-online\/arbre-transmission-cardan\/arbre-transmission-cardan-4x4\/arbre-transmission-cardan-renault-kangoo-4x4-8200149811\/","url":"https:\/\/www.enriquerequena.com\/fr\/tienda-online\/arbre-transmission-cardan\/arbre-transmission-cardan-4x4\/arbre-transmission-cardan-renault-kangoo-4x4-8200149811\/","name":"Arbre de transmission Renault Kangoo 4x4 8200149811.","isPartOf":{"@id":"https:\/\/www.enriquerequena.com\/fr\/#website"},"primaryImageOfPage":{"@id":"https:\/\/www.enriquerequena.com\/fr\/tienda-online\/arbre-transmission-cardan\/arbre-transmission-cardan-4x4\/arbre-transmission-cardan-renault-kangoo-4x4-8200149811\/#primaryimage"},"image":{"@id":"https:\/\/www.enriquerequena.com\/fr\/tienda-online\/arbre-transmission-cardan\/arbre-transmission-cardan-4x4\/arbre-transmission-cardan-renault-kangoo-4x4-8200149811\/#primaryimage"},"thumbnailUrl":"https:\/\/www.enriquerequena.com\/wp-content\/uploads\/2019\/10\/products-TRANSMISION-KANGOO-4X4-2-.jpg","datePublished":"2016-02-28T11:26:57+00:00","dateModified":"2025-06-23T17:15:03+00:00","description":"Arbre de transmission pour Renault Kangoo 4x4 avec r\u00e9f\u00e9rence 8200149811 est un arbre de transmission neuf de Renault avec une garantie d'un an.","breadcrumb":{"@id":"https:\/\/www.enriquerequena.com\/fr\/tienda-online\/arbre-transmission-cardan\/arbre-transmission-cardan-4x4\/arbre-transmission-cardan-renault-kangoo-4x4-8200149811\/#breadcrumb"},"inLanguage":"fr-FR","potentialAction":[{"@type":"ReadAction","target":["https:\/\/www.enriquerequena.com\/fr\/tienda-online\/arbre-transmission-cardan\/arbre-transmission-cardan-4x4\/arbre-transmission-cardan-renault-kangoo-4x4-8200149811\/"]}]},{"@type":"ImageObject","inLanguage":"fr-FR","@id":"https:\/\/www.enriquerequena.com\/fr\/tienda-online\/arbre-transmission-cardan\/arbre-transmission-cardan-4x4\/arbre-transmission-cardan-renault-kangoo-4x4-8200149811\/#primaryimage","url":"https:\/\/www.enriquerequena.com\/wp-content\/uploads\/2019\/10\/products-TRANSMISION-KANGOO-4X4-2-.jpg","contentUrl":"https:\/\/www.enriquerequena.com\/wp-content\/uploads\/2019\/10\/products-TRANSMISION-KANGOO-4X4-2-.jpg","width":800,"height":800,"caption":"Arbre de transmission \u00e0 cardan Renault Kangoo 4x4 8200149811"},{"@type":"WebSite","@id":"https:\/\/www.enriquerequena.com\/fr\/#website","url":"https:\/\/www.enriquerequena.com\/fr\/","name":"ENRIQUE REQUENA","description":"Sp\u00e9cialistes des transmissions cardan avec des exp\u00e9ditions dans le monde entier et des pi\u00e8ces d\u00e9tach\u00e9es pour voitures, camions et accessoires \u00e0 Valence, en Espagne. Avec vous depuis 1950!","publisher":{"@id":"https:\/\/www.enriquerequena.com\/fr\/#organization"},"potentialAction":[{"@type":"SearchAction","target":{"@type":"EntryPoint","urlTemplate":"https:\/\/www.enriquerequena.com\/fr\/?s={search_term_string}"},"query-input":{"@type":"PropertyValueSpecification","valueRequired":true,"valueName":"search_term_string"}}],"inLanguage":"fr-FR"},{"@type":"Organization","@id":"https:\/\/www.enriquerequena.com\/fr\/#organization","name":"Enrique Requena S.L.","url":"https:\/\/www.enriquerequena.com\/fr\/","logo":{"@type":"ImageObject","inLanguage":"fr-FR","@id":"https:\/\/www.enriquerequena.com\/fr\/#\/schema\/logo\/image\/","url":"https:\/\/www.enriquerequena.com\/wp-content\/uploads\/2019\/11\/enrique-requena-recambios-logotipo.jpg","contentUrl":"https:\/\/www.enriquerequena.com\/wp-content\/uploads\/2019\/11\/enrique-requena-recambios-logotipo.jpg","width":381,"height":75,"caption":"Enrique Requena S.L."},"image":{"@id":"https:\/\/www.enriquerequena.com\/fr\/#\/schema\/logo\/image\/"}}]}},"_links":{"self":[{"href":"https:\/\/www.enriquerequena.com\/fr\/wp-json\/wp\/v2\/product\/2859","targetHints":{"allow":["GET"]}}],"collection":[{"href":"https:\/\/www.enriquerequena.com\/fr\/wp-json\/wp\/v2\/product"}],"about":[{"href":"https:\/\/www.enriquerequena.com\/fr\/wp-json\/wp\/v2\/types\/product"}],"wp:featuredmedia":[{"embeddable":true,"href":"https:\/\/www.enriquerequena.com\/fr\/wp-json\/wp\/v2\/media\/11208"}],"wp:attachment":[{"href":"https:\/\/www.enriquerequena.com\/fr\/wp-json\/wp\/v2\/media?parent=2859"}],"wp:term":[{"taxonomy":"product_brand","embeddable":true,"href":"https:\/\/www.enriquerequena.com\/fr\/wp-json\/wp\/v2\/product_brand?post=2859"},{"taxonomy":"product_cat","embeddable":true,"href":"https:\/\/www.enriquerequena.com\/fr\/wp-json\/wp\/v2\/product_cat?post=2859"},{"taxonomy":"product_tag","embeddable":true,"href":"https:\/\/www.enriquerequena.com\/fr\/wp-json\/wp\/v2\/product_tag?post=2859"}],"curies":[{"name":"wp","href":"https:\/\/api.w.org\/{rel}","templated":true}]}}