{"id":28743,"date":"2023-12-20T13:36:38","date_gmt":"2023-12-20T12:36:38","guid":{"rendered":"https:\/\/www.enriquerequena.com\/?post_type=product&#038;p=28743"},"modified":"2024-03-22T19:38:05","modified_gmt":"2024-03-22T18:38:05","slug":"arbre-de-transmission-volvo-s60-v60-xc60-31367784-31325194-31367159-31367461-31367840","status":"publish","type":"product","link":"https:\/\/www.enriquerequena.com\/fr\/tienda-online\/arbre-transmission-cardan\/arbre-transmission-cardan-4x4\/arbre-de-transmission-volvo-s60-v60-xc60-31367784-31325194-31367159-31367461-31367840\/","title":{"rendered":"Arbre de transmission Volvo S60, V60 et XC60 &#8211; 31367784 \/ 31325194 \/ 31367159 \/ 31367461 \/ 31367840"},"content":{"rendered":"<p><strong>Arbre de transmission pour Volvo S60, V60 et XC60 <\/strong>avec r\u00e9f\u00e9rences 31367784, 31325194, 31367159, 31367461 et 31367840. est une pi\u00e8ce de Volvo <strong>neuve et original<\/strong>\u00a0avec une garantie d\u2019un an.\u00a0C\u2019est le choix le plus \u00e9conomique.<\/p>\n<p>Nous vendons des pi\u00e8ces d\u00e9tach\u00e9es ou pi\u00e8ces de rechange \u00e0 Valence depuis 1950 et nous vendons aussi en ligne dans le monde entier.<\/p>\n<p>N\u00b4h\u00e9sitez pas \u00e0 nous consulter pour d\u00b4autres mod\u00e8les de tout type de v\u00e9hicule. Nous avons une exp\u00e9rience de 70 ans. Nos pi\u00e9ces de rechange sont similaires \u00e0 ceux des OEM avec les meilleurs prix du march\u00e9.<\/p>\n<p>Caract\u00e9ristiques techniques Arbre transmission Volvo S60, V60 et XC60 31367784:<\/p>\n<ul>\n<li>Pi\u00e8ce de rechange: Arbre de transmission<\/li>\n<li>Mod\u00e8le:\n<ul>\n<li>S60 II (134) 3.0 T AWD<\/li>\n<li>S60 II (134) D5 AWD<\/li>\n<li>S60 II (134) D5 AWD<\/li>\n<li>S60 II (134) T6 AWD<\/li>\n<li>S60 II (134) T6 AWD<\/li>\n<li>V60 I (155) 3.0 T AWD<\/li>\n<li>V60 I (155) D4 AWD<\/li>\n<li>V60 I (155) D4 AWD<\/li>\n<li>V60 I (155) D5 AWD<\/li>\n<li>V60 I (155) D5 AWD<\/li>\n<li>V60 I (155) T6 AWD<\/li>\n<li>V60 I (155) T6 AWD<\/li>\n<li>XC60 I SUV (156) 2.4 D \/ D3 \/ D4 AWD<\/li>\n<li>XC60 I SUV (156) 3.2 AWD<\/li>\n<li>XC60 I SUV (156) D4 AWD<\/li>\n<li>XC60 I SUV (156) D5 AWD<\/li>\n<li>XC60 I SUV (156) D5 AWD<\/li>\n<li>XC60 I SUV (156) T6 AWD<\/li>\n<li>XC60 I SUV (156) T6 AWD<\/li>\n<\/ul>\n<\/li>\n<li>Etat: <strong>pi\u00e8ce neuve et original<\/strong><\/li>\n<li>Longueur coque 2\u202f144 mm<\/li>\n<li>Longueur 1 754 mm<\/li>\n<li>Longueur 2 764 mm<\/li>\n<li>Longueur 3 626 mm<\/li>\n<li>Cercle de percage \u00d8 1 66 mm<\/li>\n<li>Al\u00e9sage -\u00d81 8,2 mm<\/li>\n<li>Nombre de trous 1 6<\/li>\n<li>Cercle de percage-\u00d8 2 66 mm<\/li>\n<li>Al\u00e9sage -\u00d82 8,2 mm<\/li>\n<li>Nombre de trous 2 6<\/li>\n<li>Tuyau-\u00d8 60 mm<\/li>\n<li>Diam\u00e8tre ext\u00e9rieur 1 78 mm<\/li>\n<li>Diam\u00e8tre ext\u00e9rieur 2 78 mm<\/li>\n<li>Garantie d\u2019un an<\/li>\n<li><strong>R\u00e9f\u00e9rences<\/strong>:\n<ul>\n<li>31367784<\/li>\n<li>31325194<\/li>\n<li>31367159<\/li>\n<li>31367461<\/li>\n<li>31367840<\/li>\n<\/ul>\n<\/li>\n<\/ul>\n","protected":false},"excerpt":{"rendered":"<p><strong>Arbre de transmission pour Volvo S60, V60 et XC60 <\/strong>avec r\u00e9f\u00e9rences <strong>31367784, 31325194, 31367159, 31367461 et 31367840<\/strong>. Est une pi\u00e8ce de Volvo <strong>neuve et original<\/strong> avec une garantie d\u2019un an.<\/p>\n","protected":false},"featured_media":28746,"template":"","meta":[],"product_brand":[],"product_cat":[144,156],"product_tag":[],"class_list":{"0":"post-28743","1":"product","2":"type-product","3":"status-publish","4":"has-post-thumbnail","6":"product_cat-arbre-transmission-cardan","7":"product_cat-arbre-transmission-cardan-4x4","8":"pa_manufacturer-volvo","9":"pa_tipo-auto","11":"first","12":"instock","13":"taxable","14":"shipping-taxable","15":"purchasable","16":"product-type-simple"},"yoast_head":"<!-- This site is optimized with the Yoast SEO plugin v27.5 - https:\/\/yoast.com\/product\/yoast-seo-wordpress\/ -->\n<title>Arbre transmission Volvo S60 V60 XC60 31367784<\/title>\n<meta name=\"description\" content=\"Arbre de transmission pour Volvo S60, V60 et XC60 avec r\u00e9f\u00e9rences 31367784, 31325194, 31367159, 31367461 et 31367840. Est une pi\u00e8ce neuve et original.\" \/>\n<meta name=\"robots\" content=\"index, follow, max-snippet:-1, max-image-preview:large, max-video-preview:-1\" \/>\n<link rel=\"canonical\" href=\"https:\/\/www.enriquerequena.com\/fr\/tienda-online\/arbre-transmission-cardan\/arbre-transmission-cardan-4x4\/arbre-de-transmission-volvo-s60-v60-xc60-31367784-31325194-31367159-31367461-31367840\/\" \/>\n<meta property=\"og:locale\" content=\"fr_FR\" \/>\n<meta property=\"og:type\" content=\"article\" \/>\n<meta property=\"og:title\" content=\"Arbre transmission Volvo S60 V60 XC60 31367784\" \/>\n<meta property=\"og:description\" content=\"Arbre de transmission pour Volvo S60, V60 et XC60 avec r\u00e9f\u00e9rences 31367784, 31325194, 31367159, 31367461 et 31367840. Est une pi\u00e8ce neuve et original.\" \/>\n<meta property=\"og:url\" content=\"https:\/\/www.enriquerequena.com\/fr\/tienda-online\/arbre-transmission-cardan\/arbre-transmission-cardan-4x4\/arbre-de-transmission-volvo-s60-v60-xc60-31367784-31325194-31367159-31367461-31367840\/\" \/>\n<meta property=\"og:site_name\" content=\"ENRIQUE REQUENA\" \/>\n<meta property=\"article:modified_time\" content=\"2024-03-22T18:38:05+00:00\" \/>\n<meta property=\"og:image\" content=\"https:\/\/www.enriquerequena.com\/wp-content\/uploads\/2023\/12\/transmision-cardan-volvo-s60-v60-xc60-31367784-31325194-31367159-31367461-31367840.png\" \/>\n\t<meta property=\"og:image:width\" content=\"800\" \/>\n\t<meta property=\"og:image:height\" content=\"800\" \/>\n\t<meta property=\"og:image:type\" content=\"image\/png\" \/>\n<meta name=\"twitter:card\" content=\"summary_large_image\" \/>\n<meta name=\"twitter:label1\" content=\"Dur\u00e9e de lecture estim\u00e9e\" \/>\n\t<meta name=\"twitter:data1\" content=\"2 minutes\" \/>\n<script type=\"application\/ld+json\" class=\"yoast-schema-graph\">{\"@context\":\"https:\\\/\\\/schema.org\",\"@graph\":[{\"@type\":\"WebPage\",\"@id\":\"https:\\\/\\\/www.enriquerequena.com\\\/fr\\\/tienda-online\\\/arbre-transmission-cardan\\\/arbre-transmission-cardan-4x4\\\/arbre-de-transmission-volvo-s60-v60-xc60-31367784-31325194-31367159-31367461-31367840\\\/\",\"url\":\"https:\\\/\\\/www.enriquerequena.com\\\/fr\\\/tienda-online\\\/arbre-transmission-cardan\\\/arbre-transmission-cardan-4x4\\\/arbre-de-transmission-volvo-s60-v60-xc60-31367784-31325194-31367159-31367461-31367840\\\/\",\"name\":\"Arbre transmission Volvo S60 V60 XC60 31367784\",\"isPartOf\":{\"@id\":\"https:\\\/\\\/www.enriquerequena.com\\\/fr\\\/#website\"},\"primaryImageOfPage\":{\"@id\":\"https:\\\/\\\/www.enriquerequena.com\\\/fr\\\/tienda-online\\\/arbre-transmission-cardan\\\/arbre-transmission-cardan-4x4\\\/arbre-de-transmission-volvo-s60-v60-xc60-31367784-31325194-31367159-31367461-31367840\\\/#primaryimage\"},\"image\":{\"@id\":\"https:\\\/\\\/www.enriquerequena.com\\\/fr\\\/tienda-online\\\/arbre-transmission-cardan\\\/arbre-transmission-cardan-4x4\\\/arbre-de-transmission-volvo-s60-v60-xc60-31367784-31325194-31367159-31367461-31367840\\\/#primaryimage\"},\"thumbnailUrl\":\"https:\\\/\\\/www.enriquerequena.com\\\/wp-content\\\/uploads\\\/2023\\\/12\\\/transmision-cardan-volvo-s60-v60-xc60-31367784-31325194-31367159-31367461-31367840.png\",\"datePublished\":\"2023-12-20T12:36:38+00:00\",\"dateModified\":\"2024-03-22T18:38:05+00:00\",\"description\":\"Arbre de transmission pour Volvo S60, V60 et XC60 avec r\u00e9f\u00e9rences 31367784, 31325194, 31367159, 31367461 et 31367840. Est une pi\u00e8ce neuve et original.\",\"breadcrumb\":{\"@id\":\"https:\\\/\\\/www.enriquerequena.com\\\/fr\\\/tienda-online\\\/arbre-transmission-cardan\\\/arbre-transmission-cardan-4x4\\\/arbre-de-transmission-volvo-s60-v60-xc60-31367784-31325194-31367159-31367461-31367840\\\/#breadcrumb\"},\"inLanguage\":\"fr-FR\",\"potentialAction\":[{\"@type\":\"ReadAction\",\"target\":[\"https:\\\/\\\/www.enriquerequena.com\\\/fr\\\/tienda-online\\\/arbre-transmission-cardan\\\/arbre-transmission-cardan-4x4\\\/arbre-de-transmission-volvo-s60-v60-xc60-31367784-31325194-31367159-31367461-31367840\\\/\"]}]},{\"@type\":\"ImageObject\",\"inLanguage\":\"fr-FR\",\"@id\":\"https:\\\/\\\/www.enriquerequena.com\\\/fr\\\/tienda-online\\\/arbre-transmission-cardan\\\/arbre-transmission-cardan-4x4\\\/arbre-de-transmission-volvo-s60-v60-xc60-31367784-31325194-31367159-31367461-31367840\\\/#primaryimage\",\"url\":\"https:\\\/\\\/www.enriquerequena.com\\\/wp-content\\\/uploads\\\/2023\\\/12\\\/transmision-cardan-volvo-s60-v60-xc60-31367784-31325194-31367159-31367461-31367840.png\",\"contentUrl\":\"https:\\\/\\\/www.enriquerequena.com\\\/wp-content\\\/uploads\\\/2023\\\/12\\\/transmision-cardan-volvo-s60-v60-xc60-31367784-31325194-31367159-31367461-31367840.png\",\"width\":800,\"height\":800,\"caption\":\"Arbre de transmission pour Volvo S60, V60 et XC60 avec r\u00e9f\u00e9rences 31367784, 31325194, 31367159, 31367461 et 31367840\"},{\"@type\":\"WebSite\",\"@id\":\"https:\\\/\\\/www.enriquerequena.com\\\/fr\\\/#website\",\"url\":\"https:\\\/\\\/www.enriquerequena.com\\\/fr\\\/\",\"name\":\"ENRIQUE REQUENA\",\"description\":\"Sp\u00e9cialistes des transmissions cardan avec des exp\u00e9ditions dans le monde entier et des pi\u00e8ces d\u00e9tach\u00e9es pour voitures, camions et accessoires \u00e0 Valence, en Espagne. Avec vous depuis 1950!\",\"publisher\":{\"@id\":\"https:\\\/\\\/www.enriquerequena.com\\\/fr\\\/#organization\"},\"potentialAction\":[{\"@type\":\"SearchAction\",\"target\":{\"@type\":\"EntryPoint\",\"urlTemplate\":\"https:\\\/\\\/www.enriquerequena.com\\\/fr\\\/?s={search_term_string}\"},\"query-input\":{\"@type\":\"PropertyValueSpecification\",\"valueRequired\":true,\"valueName\":\"search_term_string\"}}],\"inLanguage\":\"fr-FR\"},{\"@type\":\"Organization\",\"@id\":\"https:\\\/\\\/www.enriquerequena.com\\\/fr\\\/#organization\",\"name\":\"Enrique Requena S.L.\",\"url\":\"https:\\\/\\\/www.enriquerequena.com\\\/fr\\\/\",\"logo\":{\"@type\":\"ImageObject\",\"inLanguage\":\"fr-FR\",\"@id\":\"https:\\\/\\\/www.enriquerequena.com\\\/fr\\\/#\\\/schema\\\/logo\\\/image\\\/\",\"url\":\"https:\\\/\\\/www.enriquerequena.com\\\/wp-content\\\/uploads\\\/2019\\\/11\\\/enrique-requena-recambios-logotipo.jpg\",\"contentUrl\":\"https:\\\/\\\/www.enriquerequena.com\\\/wp-content\\\/uploads\\\/2019\\\/11\\\/enrique-requena-recambios-logotipo.jpg\",\"width\":381,\"height\":75,\"caption\":\"Enrique Requena S.L.\"},\"image\":{\"@id\":\"https:\\\/\\\/www.enriquerequena.com\\\/fr\\\/#\\\/schema\\\/logo\\\/image\\\/\"}}]}<\/script>\n<!-- \/ Yoast SEO plugin. -->","yoast_head_json":{"title":"Arbre transmission Volvo S60 V60 XC60 31367784","description":"Arbre de transmission pour Volvo S60, V60 et XC60 avec r\u00e9f\u00e9rences 31367784, 31325194, 31367159, 31367461 et 31367840. Est une pi\u00e8ce neuve et original.","robots":{"index":"index","follow":"follow","max-snippet":"max-snippet:-1","max-image-preview":"max-image-preview:large","max-video-preview":"max-video-preview:-1"},"canonical":"https:\/\/www.enriquerequena.com\/fr\/tienda-online\/arbre-transmission-cardan\/arbre-transmission-cardan-4x4\/arbre-de-transmission-volvo-s60-v60-xc60-31367784-31325194-31367159-31367461-31367840\/","og_locale":"fr_FR","og_type":"article","og_title":"Arbre transmission Volvo S60 V60 XC60 31367784","og_description":"Arbre de transmission pour Volvo S60, V60 et XC60 avec r\u00e9f\u00e9rences 31367784, 31325194, 31367159, 31367461 et 31367840. Est une pi\u00e8ce neuve et original.","og_url":"https:\/\/www.enriquerequena.com\/fr\/tienda-online\/arbre-transmission-cardan\/arbre-transmission-cardan-4x4\/arbre-de-transmission-volvo-s60-v60-xc60-31367784-31325194-31367159-31367461-31367840\/","og_site_name":"ENRIQUE REQUENA","article_modified_time":"2024-03-22T18:38:05+00:00","og_image":[{"width":800,"height":800,"url":"https:\/\/www.enriquerequena.com\/wp-content\/uploads\/2023\/12\/transmision-cardan-volvo-s60-v60-xc60-31367784-31325194-31367159-31367461-31367840.png","type":"image\/png"}],"twitter_card":"summary_large_image","twitter_misc":{"Dur\u00e9e de lecture estim\u00e9e":"2 minutes"},"schema":{"@context":"https:\/\/schema.org","@graph":[{"@type":"WebPage","@id":"https:\/\/www.enriquerequena.com\/fr\/tienda-online\/arbre-transmission-cardan\/arbre-transmission-cardan-4x4\/arbre-de-transmission-volvo-s60-v60-xc60-31367784-31325194-31367159-31367461-31367840\/","url":"https:\/\/www.enriquerequena.com\/fr\/tienda-online\/arbre-transmission-cardan\/arbre-transmission-cardan-4x4\/arbre-de-transmission-volvo-s60-v60-xc60-31367784-31325194-31367159-31367461-31367840\/","name":"Arbre transmission Volvo S60 V60 XC60 31367784","isPartOf":{"@id":"https:\/\/www.enriquerequena.com\/fr\/#website"},"primaryImageOfPage":{"@id":"https:\/\/www.enriquerequena.com\/fr\/tienda-online\/arbre-transmission-cardan\/arbre-transmission-cardan-4x4\/arbre-de-transmission-volvo-s60-v60-xc60-31367784-31325194-31367159-31367461-31367840\/#primaryimage"},"image":{"@id":"https:\/\/www.enriquerequena.com\/fr\/tienda-online\/arbre-transmission-cardan\/arbre-transmission-cardan-4x4\/arbre-de-transmission-volvo-s60-v60-xc60-31367784-31325194-31367159-31367461-31367840\/#primaryimage"},"thumbnailUrl":"https:\/\/www.enriquerequena.com\/wp-content\/uploads\/2023\/12\/transmision-cardan-volvo-s60-v60-xc60-31367784-31325194-31367159-31367461-31367840.png","datePublished":"2023-12-20T12:36:38+00:00","dateModified":"2024-03-22T18:38:05+00:00","description":"Arbre de transmission pour Volvo S60, V60 et XC60 avec r\u00e9f\u00e9rences 31367784, 31325194, 31367159, 31367461 et 31367840. Est une pi\u00e8ce neuve et original.","breadcrumb":{"@id":"https:\/\/www.enriquerequena.com\/fr\/tienda-online\/arbre-transmission-cardan\/arbre-transmission-cardan-4x4\/arbre-de-transmission-volvo-s60-v60-xc60-31367784-31325194-31367159-31367461-31367840\/#breadcrumb"},"inLanguage":"fr-FR","potentialAction":[{"@type":"ReadAction","target":["https:\/\/www.enriquerequena.com\/fr\/tienda-online\/arbre-transmission-cardan\/arbre-transmission-cardan-4x4\/arbre-de-transmission-volvo-s60-v60-xc60-31367784-31325194-31367159-31367461-31367840\/"]}]},{"@type":"ImageObject","inLanguage":"fr-FR","@id":"https:\/\/www.enriquerequena.com\/fr\/tienda-online\/arbre-transmission-cardan\/arbre-transmission-cardan-4x4\/arbre-de-transmission-volvo-s60-v60-xc60-31367784-31325194-31367159-31367461-31367840\/#primaryimage","url":"https:\/\/www.enriquerequena.com\/wp-content\/uploads\/2023\/12\/transmision-cardan-volvo-s60-v60-xc60-31367784-31325194-31367159-31367461-31367840.png","contentUrl":"https:\/\/www.enriquerequena.com\/wp-content\/uploads\/2023\/12\/transmision-cardan-volvo-s60-v60-xc60-31367784-31325194-31367159-31367461-31367840.png","width":800,"height":800,"caption":"Arbre de transmission pour Volvo S60, V60 et XC60 avec r\u00e9f\u00e9rences 31367784, 31325194, 31367159, 31367461 et 31367840"},{"@type":"WebSite","@id":"https:\/\/www.enriquerequena.com\/fr\/#website","url":"https:\/\/www.enriquerequena.com\/fr\/","name":"ENRIQUE REQUENA","description":"Sp\u00e9cialistes des transmissions cardan avec des exp\u00e9ditions dans le monde entier et des pi\u00e8ces d\u00e9tach\u00e9es pour voitures, camions et accessoires \u00e0 Valence, en Espagne. Avec vous depuis 1950!","publisher":{"@id":"https:\/\/www.enriquerequena.com\/fr\/#organization"},"potentialAction":[{"@type":"SearchAction","target":{"@type":"EntryPoint","urlTemplate":"https:\/\/www.enriquerequena.com\/fr\/?s={search_term_string}"},"query-input":{"@type":"PropertyValueSpecification","valueRequired":true,"valueName":"search_term_string"}}],"inLanguage":"fr-FR"},{"@type":"Organization","@id":"https:\/\/www.enriquerequena.com\/fr\/#organization","name":"Enrique Requena S.L.","url":"https:\/\/www.enriquerequena.com\/fr\/","logo":{"@type":"ImageObject","inLanguage":"fr-FR","@id":"https:\/\/www.enriquerequena.com\/fr\/#\/schema\/logo\/image\/","url":"https:\/\/www.enriquerequena.com\/wp-content\/uploads\/2019\/11\/enrique-requena-recambios-logotipo.jpg","contentUrl":"https:\/\/www.enriquerequena.com\/wp-content\/uploads\/2019\/11\/enrique-requena-recambios-logotipo.jpg","width":381,"height":75,"caption":"Enrique Requena S.L."},"image":{"@id":"https:\/\/www.enriquerequena.com\/fr\/#\/schema\/logo\/image\/"}}]}},"_links":{"self":[{"href":"https:\/\/www.enriquerequena.com\/fr\/wp-json\/wp\/v2\/product\/28743","targetHints":{"allow":["GET"]}}],"collection":[{"href":"https:\/\/www.enriquerequena.com\/fr\/wp-json\/wp\/v2\/product"}],"about":[{"href":"https:\/\/www.enriquerequena.com\/fr\/wp-json\/wp\/v2\/types\/product"}],"wp:featuredmedia":[{"embeddable":true,"href":"https:\/\/www.enriquerequena.com\/fr\/wp-json\/wp\/v2\/media\/28746"}],"wp:attachment":[{"href":"https:\/\/www.enriquerequena.com\/fr\/wp-json\/wp\/v2\/media?parent=28743"}],"wp:term":[{"taxonomy":"product_brand","embeddable":true,"href":"https:\/\/www.enriquerequena.com\/fr\/wp-json\/wp\/v2\/product_brand?post=28743"},{"taxonomy":"product_cat","embeddable":true,"href":"https:\/\/www.enriquerequena.com\/fr\/wp-json\/wp\/v2\/product_cat?post=28743"},{"taxonomy":"product_tag","embeddable":true,"href":"https:\/\/www.enriquerequena.com\/fr\/wp-json\/wp\/v2\/product_tag?post=28743"}],"curies":[{"name":"wp","href":"https:\/\/api.w.org\/{rel}","templated":true}]}}