{"id":28888,"date":"2024-01-16T19:07:24","date_gmt":"2024-01-16T18:07:24","guid":{"rendered":"https:\/\/www.enriquerequena.com\/?post_type=product&#038;p=28888"},"modified":"2024-03-22T19:54:18","modified_gmt":"2024-03-22T18:54:18","slug":"arbre-de-transmission-toyota-rav-4-37100-42080-3710042080","status":"publish","type":"product","link":"https:\/\/www.enriquerequena.com\/fr\/tienda-online\/arbre-transmission-cardan\/arbre-transmission-cardan-4x4\/arbre-de-transmission-toyota-rav-4-37100-42080-3710042080\/","title":{"rendered":"Arbre de transmission Toyota RAV 4 &#8211; 37100-42080 \/ 3710042080"},"content":{"rendered":"<p><strong>Arbre de transmission pour Toyota RAV 4 <\/strong>avec r\u00e9f\u00e9rences 37100-42080 et 3710042080. Est une transmission de Toyota <strong>neuve avec une garantie d\u2019un an<\/strong>.<\/p>\n<p>C\u2019est le choix le plus \u00e9conomique. Nos arbres de transmission \u00e0 cardan sont similaires \u00e0 ceux des OEM avec les meilleurs prix du march\u00e9.<\/p>\n<p>Nous vendons des arbres de transmission ou transmissions pour Toyota. Nous vendons des pi\u00e8ces d\u00e9tach\u00e9es ou pi\u00e8ces de rechange \u00e0 Valence depuis 1950 et nous vendons aussi en ligne dans le monde entier.<\/p>\n<p>Nous avons une exp\u00e9rience de 70 ans dans le commerce de transmissions \u00e0 cardan et connaissons tr\u00e8s bien le sujet. N\u00b4h\u00e9sitez pas \u00e0 nous consulter pour d\u00b4autres mod\u00e8les de transmission \u00e0 cardan de tout type de v\u00e9hicule.<\/p>\n<p>Caract\u00e9ristiques techniques Arbre de transmission Toyota RAV 4 37100-42080:<\/p>\n<ul>\n<li>Pi\u00e8ce de rechange: arbre de transmission<\/li>\n<li>Mod\u00e8le: <strong>Toyota RAV 4<\/strong>\n<ul>\n<li>RAV 4 III (_A3_) 2.0 4WD (ACA30_)<\/li>\n<li>RAV 4 III (_A3_) 2.0 4WD (ZSA30_)<\/li>\n<li>RAV 4 III (_A3_) 2.2 D 4WD (ALA30)<\/li>\n<li>RAV 4 III (_A3_) 2.2 D 4WD (ALA30_)<\/li>\n<li>RAV 4 III (_A3_) 2.2 D 4WD (ALA30_)<\/li>\n<li>RAV 4 III (_A3_) 2.2 D 4WD (ALA30_)<\/li>\n<li>RAV 4 III (_A3_) 2.4 4WD (ACA31, ACA33)<\/li>\n<\/ul>\n<\/li>\n<li>Etat: pi\u00e8ce neuve<\/li>\n<li>Garantie d\u2019un an<\/li>\n<li>Total Length: 2,019 mm<\/li>\n<li>Hub \u00d8 1: 46 mm<\/li>\n<li>Hub \u00d8 2: 46 mm<\/li>\n<li>Bolt Hole Circle \u00d8 1: 78 mm<\/li>\n<li>Bore \u00d8 1: 8 mm<\/li>\n<li>No. of holes 1: 4<\/li>\n<li>Bolt Hole Circle \u00d8 2: 78 mm<\/li>\n<li>Bore \u00d8 2: 8 mm<\/li>\n<li>No. of holes 2: 4<\/li>\n<li>Outer Diameter 1: 74 mm<\/li>\n<li>Inner Diameter 1: 74 mm<\/li>\n<li>R\u00e9f\u00e9rences:\n<ul>\n<li>37100-42080<\/li>\n<li>3710042080<\/li>\n<\/ul>\n<\/li>\n<\/ul>\n","protected":false},"excerpt":{"rendered":"<p><strong>Arbre de transmission pour Toyota RAV 4 <\/strong>avec r\u00e9f\u00e9rences <strong>37100-42080 et 3710042080<\/strong>. Est une transmission de Toyota neuve avec une garantie d\u2019un an.<\/p>\n","protected":false},"featured_media":28891,"template":"","meta":[],"product_brand":[],"product_cat":[144,156],"product_tag":[],"class_list":{"0":"post-28888","1":"product","2":"type-product","3":"status-publish","4":"has-post-thumbnail","6":"product_cat-arbre-transmission-cardan","7":"product_cat-arbre-transmission-cardan-4x4","8":"pa_manufacturer-toyota","9":"pa_tipo-4x4","11":"first","12":"instock","13":"taxable","14":"shipping-taxable","15":"purchasable","16":"product-type-simple"},"yoast_head":"<!-- This site is optimized with the Yoast SEO plugin v27.5 - https:\/\/yoast.com\/product\/yoast-seo-wordpress\/ -->\n<title>Arbre de transmission Toyota RAV 4 37100-42080 3710042080<\/title>\n<meta name=\"description\" content=\"Arbre de transmission pour Toyota RAV 4 avec r\u00e9f\u00e9rences 37100-42080 et 3710042080. Est une transmission de Toyota neuve avec une garantie d\u2019un an.\" \/>\n<meta name=\"robots\" content=\"index, follow, max-snippet:-1, max-image-preview:large, max-video-preview:-1\" \/>\n<link rel=\"canonical\" href=\"https:\/\/www.enriquerequena.com\/fr\/tienda-online\/arbre-transmission-cardan\/arbre-transmission-cardan-4x4\/arbre-de-transmission-toyota-rav-4-37100-42080-3710042080\/\" \/>\n<meta property=\"og:locale\" content=\"fr_FR\" \/>\n<meta property=\"og:type\" content=\"article\" \/>\n<meta property=\"og:title\" content=\"Arbre de transmission Toyota RAV 4 37100-42080 3710042080\" \/>\n<meta property=\"og:description\" content=\"Arbre de transmission pour Toyota RAV 4 avec r\u00e9f\u00e9rences 37100-42080 et 3710042080. Est une transmission de Toyota neuve avec une garantie d\u2019un an.\" \/>\n<meta property=\"og:url\" content=\"https:\/\/www.enriquerequena.com\/fr\/tienda-online\/arbre-transmission-cardan\/arbre-transmission-cardan-4x4\/arbre-de-transmission-toyota-rav-4-37100-42080-3710042080\/\" \/>\n<meta property=\"og:site_name\" content=\"ENRIQUE REQUENA\" \/>\n<meta property=\"article:modified_time\" content=\"2024-03-22T18:54:18+00:00\" \/>\n<meta property=\"og:image\" content=\"https:\/\/www.enriquerequena.com\/wp-content\/uploads\/2024\/01\/transmision-cardan-toyota-rav-4-37100-42080-3710042080.png\" \/>\n\t<meta property=\"og:image:width\" content=\"800\" \/>\n\t<meta property=\"og:image:height\" content=\"800\" \/>\n\t<meta property=\"og:image:type\" content=\"image\/png\" \/>\n<meta name=\"twitter:card\" content=\"summary_large_image\" \/>\n<meta name=\"twitter:label1\" content=\"Dur\u00e9e de lecture estim\u00e9e\" \/>\n\t<meta name=\"twitter:data1\" content=\"2 minutes\" \/>\n<script type=\"application\/ld+json\" class=\"yoast-schema-graph\">{\"@context\":\"https:\\\/\\\/schema.org\",\"@graph\":[{\"@type\":\"WebPage\",\"@id\":\"https:\\\/\\\/www.enriquerequena.com\\\/fr\\\/tienda-online\\\/arbre-transmission-cardan\\\/arbre-transmission-cardan-4x4\\\/arbre-de-transmission-toyota-rav-4-37100-42080-3710042080\\\/\",\"url\":\"https:\\\/\\\/www.enriquerequena.com\\\/fr\\\/tienda-online\\\/arbre-transmission-cardan\\\/arbre-transmission-cardan-4x4\\\/arbre-de-transmission-toyota-rav-4-37100-42080-3710042080\\\/\",\"name\":\"Arbre de transmission Toyota RAV 4 37100-42080 3710042080\",\"isPartOf\":{\"@id\":\"https:\\\/\\\/www.enriquerequena.com\\\/fr\\\/#website\"},\"primaryImageOfPage\":{\"@id\":\"https:\\\/\\\/www.enriquerequena.com\\\/fr\\\/tienda-online\\\/arbre-transmission-cardan\\\/arbre-transmission-cardan-4x4\\\/arbre-de-transmission-toyota-rav-4-37100-42080-3710042080\\\/#primaryimage\"},\"image\":{\"@id\":\"https:\\\/\\\/www.enriquerequena.com\\\/fr\\\/tienda-online\\\/arbre-transmission-cardan\\\/arbre-transmission-cardan-4x4\\\/arbre-de-transmission-toyota-rav-4-37100-42080-3710042080\\\/#primaryimage\"},\"thumbnailUrl\":\"https:\\\/\\\/www.enriquerequena.com\\\/wp-content\\\/uploads\\\/2024\\\/01\\\/transmision-cardan-toyota-rav-4-37100-42080-3710042080.png\",\"datePublished\":\"2024-01-16T18:07:24+00:00\",\"dateModified\":\"2024-03-22T18:54:18+00:00\",\"description\":\"Arbre de transmission pour Toyota RAV 4 avec r\u00e9f\u00e9rences 37100-42080 et 3710042080. Est une transmission de Toyota neuve avec une garantie d\u2019un an.\",\"breadcrumb\":{\"@id\":\"https:\\\/\\\/www.enriquerequena.com\\\/fr\\\/tienda-online\\\/arbre-transmission-cardan\\\/arbre-transmission-cardan-4x4\\\/arbre-de-transmission-toyota-rav-4-37100-42080-3710042080\\\/#breadcrumb\"},\"inLanguage\":\"fr-FR\",\"potentialAction\":[{\"@type\":\"ReadAction\",\"target\":[\"https:\\\/\\\/www.enriquerequena.com\\\/fr\\\/tienda-online\\\/arbre-transmission-cardan\\\/arbre-transmission-cardan-4x4\\\/arbre-de-transmission-toyota-rav-4-37100-42080-3710042080\\\/\"]}]},{\"@type\":\"ImageObject\",\"inLanguage\":\"fr-FR\",\"@id\":\"https:\\\/\\\/www.enriquerequena.com\\\/fr\\\/tienda-online\\\/arbre-transmission-cardan\\\/arbre-transmission-cardan-4x4\\\/arbre-de-transmission-toyota-rav-4-37100-42080-3710042080\\\/#primaryimage\",\"url\":\"https:\\\/\\\/www.enriquerequena.com\\\/wp-content\\\/uploads\\\/2024\\\/01\\\/transmision-cardan-toyota-rav-4-37100-42080-3710042080.png\",\"contentUrl\":\"https:\\\/\\\/www.enriquerequena.com\\\/wp-content\\\/uploads\\\/2024\\\/01\\\/transmision-cardan-toyota-rav-4-37100-42080-3710042080.png\",\"width\":800,\"height\":800,\"caption\":\"Arbre de transmission pour Toyota RAV 4 avec r\u00e9f\u00e9rences 37100-42080 et 3710042080.\"},{\"@type\":\"WebSite\",\"@id\":\"https:\\\/\\\/www.enriquerequena.com\\\/fr\\\/#website\",\"url\":\"https:\\\/\\\/www.enriquerequena.com\\\/fr\\\/\",\"name\":\"ENRIQUE REQUENA\",\"description\":\"Sp\u00e9cialistes des transmissions cardan avec des exp\u00e9ditions dans le monde entier et des pi\u00e8ces d\u00e9tach\u00e9es pour voitures, camions et accessoires \u00e0 Valence, en Espagne. Avec vous depuis 1950!\",\"publisher\":{\"@id\":\"https:\\\/\\\/www.enriquerequena.com\\\/fr\\\/#organization\"},\"potentialAction\":[{\"@type\":\"SearchAction\",\"target\":{\"@type\":\"EntryPoint\",\"urlTemplate\":\"https:\\\/\\\/www.enriquerequena.com\\\/fr\\\/?s={search_term_string}\"},\"query-input\":{\"@type\":\"PropertyValueSpecification\",\"valueRequired\":true,\"valueName\":\"search_term_string\"}}],\"inLanguage\":\"fr-FR\"},{\"@type\":\"Organization\",\"@id\":\"https:\\\/\\\/www.enriquerequena.com\\\/fr\\\/#organization\",\"name\":\"Enrique Requena S.L.\",\"url\":\"https:\\\/\\\/www.enriquerequena.com\\\/fr\\\/\",\"logo\":{\"@type\":\"ImageObject\",\"inLanguage\":\"fr-FR\",\"@id\":\"https:\\\/\\\/www.enriquerequena.com\\\/fr\\\/#\\\/schema\\\/logo\\\/image\\\/\",\"url\":\"https:\\\/\\\/www.enriquerequena.com\\\/wp-content\\\/uploads\\\/2019\\\/11\\\/enrique-requena-recambios-logotipo.jpg\",\"contentUrl\":\"https:\\\/\\\/www.enriquerequena.com\\\/wp-content\\\/uploads\\\/2019\\\/11\\\/enrique-requena-recambios-logotipo.jpg\",\"width\":381,\"height\":75,\"caption\":\"Enrique Requena S.L.\"},\"image\":{\"@id\":\"https:\\\/\\\/www.enriquerequena.com\\\/fr\\\/#\\\/schema\\\/logo\\\/image\\\/\"}}]}<\/script>\n<!-- \/ Yoast SEO plugin. -->","yoast_head_json":{"title":"Arbre de transmission Toyota RAV 4 37100-42080 3710042080","description":"Arbre de transmission pour Toyota RAV 4 avec r\u00e9f\u00e9rences 37100-42080 et 3710042080. Est une transmission de Toyota neuve avec une garantie d\u2019un an.","robots":{"index":"index","follow":"follow","max-snippet":"max-snippet:-1","max-image-preview":"max-image-preview:large","max-video-preview":"max-video-preview:-1"},"canonical":"https:\/\/www.enriquerequena.com\/fr\/tienda-online\/arbre-transmission-cardan\/arbre-transmission-cardan-4x4\/arbre-de-transmission-toyota-rav-4-37100-42080-3710042080\/","og_locale":"fr_FR","og_type":"article","og_title":"Arbre de transmission Toyota RAV 4 37100-42080 3710042080","og_description":"Arbre de transmission pour Toyota RAV 4 avec r\u00e9f\u00e9rences 37100-42080 et 3710042080. Est une transmission de Toyota neuve avec une garantie d\u2019un an.","og_url":"https:\/\/www.enriquerequena.com\/fr\/tienda-online\/arbre-transmission-cardan\/arbre-transmission-cardan-4x4\/arbre-de-transmission-toyota-rav-4-37100-42080-3710042080\/","og_site_name":"ENRIQUE REQUENA","article_modified_time":"2024-03-22T18:54:18+00:00","og_image":[{"width":800,"height":800,"url":"https:\/\/www.enriquerequena.com\/wp-content\/uploads\/2024\/01\/transmision-cardan-toyota-rav-4-37100-42080-3710042080.png","type":"image\/png"}],"twitter_card":"summary_large_image","twitter_misc":{"Dur\u00e9e de lecture estim\u00e9e":"2 minutes"},"schema":{"@context":"https:\/\/schema.org","@graph":[{"@type":"WebPage","@id":"https:\/\/www.enriquerequena.com\/fr\/tienda-online\/arbre-transmission-cardan\/arbre-transmission-cardan-4x4\/arbre-de-transmission-toyota-rav-4-37100-42080-3710042080\/","url":"https:\/\/www.enriquerequena.com\/fr\/tienda-online\/arbre-transmission-cardan\/arbre-transmission-cardan-4x4\/arbre-de-transmission-toyota-rav-4-37100-42080-3710042080\/","name":"Arbre de transmission Toyota RAV 4 37100-42080 3710042080","isPartOf":{"@id":"https:\/\/www.enriquerequena.com\/fr\/#website"},"primaryImageOfPage":{"@id":"https:\/\/www.enriquerequena.com\/fr\/tienda-online\/arbre-transmission-cardan\/arbre-transmission-cardan-4x4\/arbre-de-transmission-toyota-rav-4-37100-42080-3710042080\/#primaryimage"},"image":{"@id":"https:\/\/www.enriquerequena.com\/fr\/tienda-online\/arbre-transmission-cardan\/arbre-transmission-cardan-4x4\/arbre-de-transmission-toyota-rav-4-37100-42080-3710042080\/#primaryimage"},"thumbnailUrl":"https:\/\/www.enriquerequena.com\/wp-content\/uploads\/2024\/01\/transmision-cardan-toyota-rav-4-37100-42080-3710042080.png","datePublished":"2024-01-16T18:07:24+00:00","dateModified":"2024-03-22T18:54:18+00:00","description":"Arbre de transmission pour Toyota RAV 4 avec r\u00e9f\u00e9rences 37100-42080 et 3710042080. Est une transmission de Toyota neuve avec une garantie d\u2019un an.","breadcrumb":{"@id":"https:\/\/www.enriquerequena.com\/fr\/tienda-online\/arbre-transmission-cardan\/arbre-transmission-cardan-4x4\/arbre-de-transmission-toyota-rav-4-37100-42080-3710042080\/#breadcrumb"},"inLanguage":"fr-FR","potentialAction":[{"@type":"ReadAction","target":["https:\/\/www.enriquerequena.com\/fr\/tienda-online\/arbre-transmission-cardan\/arbre-transmission-cardan-4x4\/arbre-de-transmission-toyota-rav-4-37100-42080-3710042080\/"]}]},{"@type":"ImageObject","inLanguage":"fr-FR","@id":"https:\/\/www.enriquerequena.com\/fr\/tienda-online\/arbre-transmission-cardan\/arbre-transmission-cardan-4x4\/arbre-de-transmission-toyota-rav-4-37100-42080-3710042080\/#primaryimage","url":"https:\/\/www.enriquerequena.com\/wp-content\/uploads\/2024\/01\/transmision-cardan-toyota-rav-4-37100-42080-3710042080.png","contentUrl":"https:\/\/www.enriquerequena.com\/wp-content\/uploads\/2024\/01\/transmision-cardan-toyota-rav-4-37100-42080-3710042080.png","width":800,"height":800,"caption":"Arbre de transmission pour Toyota RAV 4 avec r\u00e9f\u00e9rences 37100-42080 et 3710042080."},{"@type":"WebSite","@id":"https:\/\/www.enriquerequena.com\/fr\/#website","url":"https:\/\/www.enriquerequena.com\/fr\/","name":"ENRIQUE REQUENA","description":"Sp\u00e9cialistes des transmissions cardan avec des exp\u00e9ditions dans le monde entier et des pi\u00e8ces d\u00e9tach\u00e9es pour voitures, camions et accessoires \u00e0 Valence, en Espagne. Avec vous depuis 1950!","publisher":{"@id":"https:\/\/www.enriquerequena.com\/fr\/#organization"},"potentialAction":[{"@type":"SearchAction","target":{"@type":"EntryPoint","urlTemplate":"https:\/\/www.enriquerequena.com\/fr\/?s={search_term_string}"},"query-input":{"@type":"PropertyValueSpecification","valueRequired":true,"valueName":"search_term_string"}}],"inLanguage":"fr-FR"},{"@type":"Organization","@id":"https:\/\/www.enriquerequena.com\/fr\/#organization","name":"Enrique Requena S.L.","url":"https:\/\/www.enriquerequena.com\/fr\/","logo":{"@type":"ImageObject","inLanguage":"fr-FR","@id":"https:\/\/www.enriquerequena.com\/fr\/#\/schema\/logo\/image\/","url":"https:\/\/www.enriquerequena.com\/wp-content\/uploads\/2019\/11\/enrique-requena-recambios-logotipo.jpg","contentUrl":"https:\/\/www.enriquerequena.com\/wp-content\/uploads\/2019\/11\/enrique-requena-recambios-logotipo.jpg","width":381,"height":75,"caption":"Enrique Requena S.L."},"image":{"@id":"https:\/\/www.enriquerequena.com\/fr\/#\/schema\/logo\/image\/"}}]}},"_links":{"self":[{"href":"https:\/\/www.enriquerequena.com\/fr\/wp-json\/wp\/v2\/product\/28888","targetHints":{"allow":["GET"]}}],"collection":[{"href":"https:\/\/www.enriquerequena.com\/fr\/wp-json\/wp\/v2\/product"}],"about":[{"href":"https:\/\/www.enriquerequena.com\/fr\/wp-json\/wp\/v2\/types\/product"}],"wp:featuredmedia":[{"embeddable":true,"href":"https:\/\/www.enriquerequena.com\/fr\/wp-json\/wp\/v2\/media\/28891"}],"wp:attachment":[{"href":"https:\/\/www.enriquerequena.com\/fr\/wp-json\/wp\/v2\/media?parent=28888"}],"wp:term":[{"taxonomy":"product_brand","embeddable":true,"href":"https:\/\/www.enriquerequena.com\/fr\/wp-json\/wp\/v2\/product_brand?post=28888"},{"taxonomy":"product_cat","embeddable":true,"href":"https:\/\/www.enriquerequena.com\/fr\/wp-json\/wp\/v2\/product_cat?post=28888"},{"taxonomy":"product_tag","embeddable":true,"href":"https:\/\/www.enriquerequena.com\/fr\/wp-json\/wp\/v2\/product_tag?post=28888"}],"curies":[{"name":"wp","href":"https:\/\/api.w.org\/{rel}","templated":true}]}}