{"id":28900,"date":"2024-01-19T14:56:05","date_gmt":"2024-01-19T13:56:05","guid":{"rendered":"https:\/\/www.enriquerequena.com\/?post_type=product&#038;p=28900"},"modified":"2024-03-22T20:06:22","modified_gmt":"2024-03-22T19:06:22","slug":"leve-vitre-nissan-cabstar-80721ma00e-80721ma00b-80721ma00c-80721ma00d","status":"publish","type":"product","link":"https:\/\/www.enriquerequena.com\/fr\/tienda-online\/pieces-detachees-et-de-rechange-de-carrosserie\/leve-vitres\/leve-vitre-nissan-cabstar-80721ma00e-80721ma00b-80721ma00c-80721ma00d\/","title":{"rendered":"L\u00e8ve-vitre Nissan Cabstar &#8211; 80721MA00E \/ 80721MA00B \/ 80721MA00C \/ 80721MA00D"},"content":{"rendered":"<p><strong>L\u00e8ve-vitre pour Nissan Cabstar <\/strong>avec r\u00e9f\u00e9rences<strong> 80721MA00E, 80721MA00B, 80721MA00C et 80721MA00D<\/strong>\u00a0est une pi\u00e8ce de Nissan <strong>neuve avec une garantie d\u2019un an<\/strong>. C\u2019est le choix le plus \u00e9conomique.<\/p>\n<p>Nos pi\u00e9ces de rechange sont similaires \u00e0 ceux des OEM avec les meilleurs prix du march\u00e9.<\/p>\n<p>Nous vendons des pi\u00e8ces d\u00e9tach\u00e9es ou pi\u00e8ces de rechange \u00e0 Valence depuis 1950 et nous vendons aussi en ligne dans le monde entier.<\/p>\n<p>N\u00b4h\u00e9sitez pas \u00e0 nous consulter pour d\u00b4autres mod\u00e8les de tout type de v\u00e9hicule. Nous avons une exp\u00e9rience de 70 ans.<\/p>\n<p>Caract\u00e9ristiques techniques L\u00e8ve-vitre pour Nissan Cabstar 80721MA00E:<\/p>\n<ul>\n<li>Pi\u00e8ce de rechange:<strong> L\u00e8ve-vitre<\/strong><\/li>\n<li>Mod\u00e8le: <strong>Nissan Cabstar<\/strong><\/li>\n<li>Essieu avant gauche<\/li>\n<li>Etat: pi\u00e8ce neuve<\/li>\n<li>Garantie d\u2019un an<\/li>\n<li><strong>R\u00e9f\u00e9rences:<\/strong>\n<ul>\n<li>80721MA00E<\/li>\n<li>80721MA00B<\/li>\n<li>80721MA00C<\/li>\n<li>80721MA00D<\/li>\n<\/ul>\n<\/li>\n<\/ul>\n","protected":false},"excerpt":{"rendered":"<p><strong>L\u00e8ve-vitre pour Nissan Cabstar<\/strong> avec r\u00e9f\u00e9rences <strong>80721MA00E, 80721MA00B, 80721MA00C et 80721MA00D<\/strong>. Est une pi\u00e8ce de rechange neuve avec une garantie d\u2019un an.<\/p>\n","protected":false},"featured_media":28903,"template":"","meta":[],"product_brand":[],"product_cat":[9851,9911,138],"product_tag":[],"class_list":{"0":"post-28900","1":"product","2":"type-product","3":"status-publish","4":"has-post-thumbnail","6":"product_cat-pieces-detachees-et-de-rechange-de-carrosserie","7":"product_cat-leve-vitres","8":"product_cat-pieces-rechange-camions","9":"pa_manufacturer-nissan","10":"pa_tipo-camions-poids-lourds","12":"first","13":"instock","14":"taxable","15":"shipping-taxable","16":"purchasable","17":"product-type-simple"},"yoast_head":"<!-- This site is optimized with the Yoast SEO plugin v27.1.1 - https:\/\/yoast.com\/product\/yoast-seo-wordpress\/ -->\n<title>L\u00e8ve-vitre Nissan Cabstar 80721MA00E<\/title>\n<meta name=\"description\" content=\"L\u00e8ve-vitre pour Nissan Cabstar avec r\u00e9f\u00e9rences 80721MA00E, 80721MA00B, 80721MA00C et 80721MA00D. Est une pi\u00e8ce de rechange neuve avec une garantie d\u2019un an.\" \/>\n<meta name=\"robots\" content=\"index, follow, max-snippet:-1, max-image-preview:large, max-video-preview:-1\" \/>\n<link rel=\"canonical\" href=\"https:\/\/www.enriquerequena.com\/fr\/tienda-online\/pieces-detachees-et-de-rechange-de-carrosserie\/leve-vitres\/leve-vitre-nissan-cabstar-80721ma00e-80721ma00b-80721ma00c-80721ma00d\/\" \/>\n<meta property=\"og:locale\" content=\"fr_FR\" \/>\n<meta property=\"og:type\" content=\"article\" \/>\n<meta property=\"og:title\" content=\"L\u00e8ve-vitre Nissan Cabstar 80721MA00E\" \/>\n<meta property=\"og:description\" content=\"L\u00e8ve-vitre pour Nissan Cabstar avec r\u00e9f\u00e9rences 80721MA00E, 80721MA00B, 80721MA00C et 80721MA00D. Est une pi\u00e8ce de rechange neuve avec une garantie d\u2019un an.\" \/>\n<meta property=\"og:url\" content=\"https:\/\/www.enriquerequena.com\/fr\/tienda-online\/pieces-detachees-et-de-rechange-de-carrosserie\/leve-vitres\/leve-vitre-nissan-cabstar-80721ma00e-80721ma00b-80721ma00c-80721ma00d\/\" \/>\n<meta property=\"og:site_name\" content=\"ENRIQUE REQUENA\" \/>\n<meta property=\"article:modified_time\" content=\"2024-03-22T19:06:22+00:00\" \/>\n<meta property=\"og:image\" content=\"https:\/\/www.enriquerequena.com\/wp-content\/uploads\/2024\/01\/elevalunas-nissan-cabstar-80721MA00E-80721MA00B-80721MA00C-80721MA00D.jpg\" \/>\n\t<meta property=\"og:image:width\" content=\"800\" \/>\n\t<meta property=\"og:image:height\" content=\"800\" \/>\n\t<meta property=\"og:image:type\" content=\"image\/jpeg\" \/>\n<meta name=\"twitter:card\" content=\"summary_large_image\" \/>\n<meta name=\"twitter:label1\" content=\"Dur\u00e9e de lecture estim\u00e9e\" \/>\n\t<meta name=\"twitter:data1\" content=\"1 minute\" \/>\n<script type=\"application\/ld+json\" class=\"yoast-schema-graph\">{\"@context\":\"https:\/\/schema.org\",\"@graph\":[{\"@type\":\"WebPage\",\"@id\":\"https:\/\/www.enriquerequena.com\/fr\/tienda-online\/pieces-detachees-et-de-rechange-de-carrosserie\/leve-vitres\/leve-vitre-nissan-cabstar-80721ma00e-80721ma00b-80721ma00c-80721ma00d\/\",\"url\":\"https:\/\/www.enriquerequena.com\/fr\/tienda-online\/pieces-detachees-et-de-rechange-de-carrosserie\/leve-vitres\/leve-vitre-nissan-cabstar-80721ma00e-80721ma00b-80721ma00c-80721ma00d\/\",\"name\":\"L\u00e8ve-vitre Nissan Cabstar 80721MA00E\",\"isPartOf\":{\"@id\":\"https:\/\/www.enriquerequena.com\/fr\/#website\"},\"primaryImageOfPage\":{\"@id\":\"https:\/\/www.enriquerequena.com\/fr\/tienda-online\/pieces-detachees-et-de-rechange-de-carrosserie\/leve-vitres\/leve-vitre-nissan-cabstar-80721ma00e-80721ma00b-80721ma00c-80721ma00d\/#primaryimage\"},\"image\":{\"@id\":\"https:\/\/www.enriquerequena.com\/fr\/tienda-online\/pieces-detachees-et-de-rechange-de-carrosserie\/leve-vitres\/leve-vitre-nissan-cabstar-80721ma00e-80721ma00b-80721ma00c-80721ma00d\/#primaryimage\"},\"thumbnailUrl\":\"https:\/\/www.enriquerequena.com\/wp-content\/uploads\/2024\/01\/elevalunas-nissan-cabstar-80721MA00E-80721MA00B-80721MA00C-80721MA00D.jpg\",\"datePublished\":\"2024-01-19T13:56:05+00:00\",\"dateModified\":\"2024-03-22T19:06:22+00:00\",\"description\":\"L\u00e8ve-vitre pour Nissan Cabstar avec r\u00e9f\u00e9rences 80721MA00E, 80721MA00B, 80721MA00C et 80721MA00D. Est une pi\u00e8ce de rechange neuve avec une garantie d\u2019un an.\",\"breadcrumb\":{\"@id\":\"https:\/\/www.enriquerequena.com\/fr\/tienda-online\/pieces-detachees-et-de-rechange-de-carrosserie\/leve-vitres\/leve-vitre-nissan-cabstar-80721ma00e-80721ma00b-80721ma00c-80721ma00d\/#breadcrumb\"},\"inLanguage\":\"fr-FR\",\"potentialAction\":[{\"@type\":\"ReadAction\",\"target\":[\"https:\/\/www.enriquerequena.com\/fr\/tienda-online\/pieces-detachees-et-de-rechange-de-carrosserie\/leve-vitres\/leve-vitre-nissan-cabstar-80721ma00e-80721ma00b-80721ma00c-80721ma00d\/\"]}]},{\"@type\":\"ImageObject\",\"inLanguage\":\"fr-FR\",\"@id\":\"https:\/\/www.enriquerequena.com\/fr\/tienda-online\/pieces-detachees-et-de-rechange-de-carrosserie\/leve-vitres\/leve-vitre-nissan-cabstar-80721ma00e-80721ma00b-80721ma00c-80721ma00d\/#primaryimage\",\"url\":\"https:\/\/www.enriquerequena.com\/wp-content\/uploads\/2024\/01\/elevalunas-nissan-cabstar-80721MA00E-80721MA00B-80721MA00C-80721MA00D.jpg\",\"contentUrl\":\"https:\/\/www.enriquerequena.com\/wp-content\/uploads\/2024\/01\/elevalunas-nissan-cabstar-80721MA00E-80721MA00B-80721MA00C-80721MA00D.jpg\",\"width\":800,\"height\":800,\"caption\":\"L\u00e8ve-vitre pour Nissan Cabstar avec r\u00e9f\u00e9rences 80721MA00E, 80721MA00B, 80721MA00C et 80721MA00D\"},{\"@type\":\"WebSite\",\"@id\":\"https:\/\/www.enriquerequena.com\/fr\/#website\",\"url\":\"https:\/\/www.enriquerequena.com\/fr\/\",\"name\":\"ENRIQUE REQUENA\",\"description\":\"Sp\u00e9cialistes des transmissions cardan avec des exp\u00e9ditions dans le monde entier et des pi\u00e8ces d\u00e9tach\u00e9es pour voitures, camions et accessoires \u00e0 Valence, en Espagne. Avec vous depuis 1950!\",\"publisher\":{\"@id\":\"https:\/\/www.enriquerequena.com\/fr\/#organization\"},\"potentialAction\":[{\"@type\":\"SearchAction\",\"target\":{\"@type\":\"EntryPoint\",\"urlTemplate\":\"https:\/\/www.enriquerequena.com\/fr\/?s={search_term_string}\"},\"query-input\":{\"@type\":\"PropertyValueSpecification\",\"valueRequired\":true,\"valueName\":\"search_term_string\"}}],\"inLanguage\":\"fr-FR\"},{\"@type\":\"Organization\",\"@id\":\"https:\/\/www.enriquerequena.com\/fr\/#organization\",\"name\":\"Enrique Requena S.L.\",\"url\":\"https:\/\/www.enriquerequena.com\/fr\/\",\"logo\":{\"@type\":\"ImageObject\",\"inLanguage\":\"fr-FR\",\"@id\":\"https:\/\/www.enriquerequena.com\/fr\/#\/schema\/logo\/image\/\",\"url\":\"https:\/\/www.enriquerequena.com\/wp-content\/uploads\/2019\/11\/enrique-requena-recambios-logotipo.jpg\",\"contentUrl\":\"https:\/\/www.enriquerequena.com\/wp-content\/uploads\/2019\/11\/enrique-requena-recambios-logotipo.jpg\",\"width\":381,\"height\":75,\"caption\":\"Enrique Requena S.L.\"},\"image\":{\"@id\":\"https:\/\/www.enriquerequena.com\/fr\/#\/schema\/logo\/image\/\"}}]}<\/script>\n<!-- \/ Yoast SEO plugin. -->","yoast_head_json":{"title":"L\u00e8ve-vitre Nissan Cabstar 80721MA00E","description":"L\u00e8ve-vitre pour Nissan Cabstar avec r\u00e9f\u00e9rences 80721MA00E, 80721MA00B, 80721MA00C et 80721MA00D. Est une pi\u00e8ce de rechange neuve avec une garantie d\u2019un an.","robots":{"index":"index","follow":"follow","max-snippet":"max-snippet:-1","max-image-preview":"max-image-preview:large","max-video-preview":"max-video-preview:-1"},"canonical":"https:\/\/www.enriquerequena.com\/fr\/tienda-online\/pieces-detachees-et-de-rechange-de-carrosserie\/leve-vitres\/leve-vitre-nissan-cabstar-80721ma00e-80721ma00b-80721ma00c-80721ma00d\/","og_locale":"fr_FR","og_type":"article","og_title":"L\u00e8ve-vitre Nissan Cabstar 80721MA00E","og_description":"L\u00e8ve-vitre pour Nissan Cabstar avec r\u00e9f\u00e9rences 80721MA00E, 80721MA00B, 80721MA00C et 80721MA00D. Est une pi\u00e8ce de rechange neuve avec une garantie d\u2019un an.","og_url":"https:\/\/www.enriquerequena.com\/fr\/tienda-online\/pieces-detachees-et-de-rechange-de-carrosserie\/leve-vitres\/leve-vitre-nissan-cabstar-80721ma00e-80721ma00b-80721ma00c-80721ma00d\/","og_site_name":"ENRIQUE REQUENA","article_modified_time":"2024-03-22T19:06:22+00:00","og_image":[{"width":800,"height":800,"url":"https:\/\/www.enriquerequena.com\/wp-content\/uploads\/2024\/01\/elevalunas-nissan-cabstar-80721MA00E-80721MA00B-80721MA00C-80721MA00D.jpg","type":"image\/jpeg"}],"twitter_card":"summary_large_image","twitter_misc":{"Dur\u00e9e de lecture estim\u00e9e":"1 minute"},"schema":{"@context":"https:\/\/schema.org","@graph":[{"@type":"WebPage","@id":"https:\/\/www.enriquerequena.com\/fr\/tienda-online\/pieces-detachees-et-de-rechange-de-carrosserie\/leve-vitres\/leve-vitre-nissan-cabstar-80721ma00e-80721ma00b-80721ma00c-80721ma00d\/","url":"https:\/\/www.enriquerequena.com\/fr\/tienda-online\/pieces-detachees-et-de-rechange-de-carrosserie\/leve-vitres\/leve-vitre-nissan-cabstar-80721ma00e-80721ma00b-80721ma00c-80721ma00d\/","name":"L\u00e8ve-vitre Nissan Cabstar 80721MA00E","isPartOf":{"@id":"https:\/\/www.enriquerequena.com\/fr\/#website"},"primaryImageOfPage":{"@id":"https:\/\/www.enriquerequena.com\/fr\/tienda-online\/pieces-detachees-et-de-rechange-de-carrosserie\/leve-vitres\/leve-vitre-nissan-cabstar-80721ma00e-80721ma00b-80721ma00c-80721ma00d\/#primaryimage"},"image":{"@id":"https:\/\/www.enriquerequena.com\/fr\/tienda-online\/pieces-detachees-et-de-rechange-de-carrosserie\/leve-vitres\/leve-vitre-nissan-cabstar-80721ma00e-80721ma00b-80721ma00c-80721ma00d\/#primaryimage"},"thumbnailUrl":"https:\/\/www.enriquerequena.com\/wp-content\/uploads\/2024\/01\/elevalunas-nissan-cabstar-80721MA00E-80721MA00B-80721MA00C-80721MA00D.jpg","datePublished":"2024-01-19T13:56:05+00:00","dateModified":"2024-03-22T19:06:22+00:00","description":"L\u00e8ve-vitre pour Nissan Cabstar avec r\u00e9f\u00e9rences 80721MA00E, 80721MA00B, 80721MA00C et 80721MA00D. Est une pi\u00e8ce de rechange neuve avec une garantie d\u2019un an.","breadcrumb":{"@id":"https:\/\/www.enriquerequena.com\/fr\/tienda-online\/pieces-detachees-et-de-rechange-de-carrosserie\/leve-vitres\/leve-vitre-nissan-cabstar-80721ma00e-80721ma00b-80721ma00c-80721ma00d\/#breadcrumb"},"inLanguage":"fr-FR","potentialAction":[{"@type":"ReadAction","target":["https:\/\/www.enriquerequena.com\/fr\/tienda-online\/pieces-detachees-et-de-rechange-de-carrosserie\/leve-vitres\/leve-vitre-nissan-cabstar-80721ma00e-80721ma00b-80721ma00c-80721ma00d\/"]}]},{"@type":"ImageObject","inLanguage":"fr-FR","@id":"https:\/\/www.enriquerequena.com\/fr\/tienda-online\/pieces-detachees-et-de-rechange-de-carrosserie\/leve-vitres\/leve-vitre-nissan-cabstar-80721ma00e-80721ma00b-80721ma00c-80721ma00d\/#primaryimage","url":"https:\/\/www.enriquerequena.com\/wp-content\/uploads\/2024\/01\/elevalunas-nissan-cabstar-80721MA00E-80721MA00B-80721MA00C-80721MA00D.jpg","contentUrl":"https:\/\/www.enriquerequena.com\/wp-content\/uploads\/2024\/01\/elevalunas-nissan-cabstar-80721MA00E-80721MA00B-80721MA00C-80721MA00D.jpg","width":800,"height":800,"caption":"L\u00e8ve-vitre pour Nissan Cabstar avec r\u00e9f\u00e9rences 80721MA00E, 80721MA00B, 80721MA00C et 80721MA00D"},{"@type":"WebSite","@id":"https:\/\/www.enriquerequena.com\/fr\/#website","url":"https:\/\/www.enriquerequena.com\/fr\/","name":"ENRIQUE REQUENA","description":"Sp\u00e9cialistes des transmissions cardan avec des exp\u00e9ditions dans le monde entier et des pi\u00e8ces d\u00e9tach\u00e9es pour voitures, camions et accessoires \u00e0 Valence, en Espagne. Avec vous depuis 1950!","publisher":{"@id":"https:\/\/www.enriquerequena.com\/fr\/#organization"},"potentialAction":[{"@type":"SearchAction","target":{"@type":"EntryPoint","urlTemplate":"https:\/\/www.enriquerequena.com\/fr\/?s={search_term_string}"},"query-input":{"@type":"PropertyValueSpecification","valueRequired":true,"valueName":"search_term_string"}}],"inLanguage":"fr-FR"},{"@type":"Organization","@id":"https:\/\/www.enriquerequena.com\/fr\/#organization","name":"Enrique Requena S.L.","url":"https:\/\/www.enriquerequena.com\/fr\/","logo":{"@type":"ImageObject","inLanguage":"fr-FR","@id":"https:\/\/www.enriquerequena.com\/fr\/#\/schema\/logo\/image\/","url":"https:\/\/www.enriquerequena.com\/wp-content\/uploads\/2019\/11\/enrique-requena-recambios-logotipo.jpg","contentUrl":"https:\/\/www.enriquerequena.com\/wp-content\/uploads\/2019\/11\/enrique-requena-recambios-logotipo.jpg","width":381,"height":75,"caption":"Enrique Requena S.L."},"image":{"@id":"https:\/\/www.enriquerequena.com\/fr\/#\/schema\/logo\/image\/"}}]}},"_links":{"self":[{"href":"https:\/\/www.enriquerequena.com\/fr\/wp-json\/wp\/v2\/product\/28900","targetHints":{"allow":["GET"]}}],"collection":[{"href":"https:\/\/www.enriquerequena.com\/fr\/wp-json\/wp\/v2\/product"}],"about":[{"href":"https:\/\/www.enriquerequena.com\/fr\/wp-json\/wp\/v2\/types\/product"}],"wp:featuredmedia":[{"embeddable":true,"href":"https:\/\/www.enriquerequena.com\/fr\/wp-json\/wp\/v2\/media\/28903"}],"wp:attachment":[{"href":"https:\/\/www.enriquerequena.com\/fr\/wp-json\/wp\/v2\/media?parent=28900"}],"wp:term":[{"taxonomy":"product_brand","embeddable":true,"href":"https:\/\/www.enriquerequena.com\/fr\/wp-json\/wp\/v2\/product_brand?post=28900"},{"taxonomy":"product_cat","embeddable":true,"href":"https:\/\/www.enriquerequena.com\/fr\/wp-json\/wp\/v2\/product_cat?post=28900"},{"taxonomy":"product_tag","embeddable":true,"href":"https:\/\/www.enriquerequena.com\/fr\/wp-json\/wp\/v2\/product_tag?post=28900"}],"curies":[{"name":"wp","href":"https:\/\/api.w.org\/{rel}","templated":true}]}}