{"id":28953,"date":"2024-01-31T13:44:29","date_gmt":"2024-01-31T12:44:29","guid":{"rendered":"https:\/\/www.enriquerequena.com\/?post_type=product&#038;p=28953"},"modified":"2026-01-26T21:35:32","modified_gmt":"2026-01-26T20:35:32","slug":"fusee-dessieu-nissan-cabstar-droit-40014ma410-40014md00b","status":"publish","type":"product","link":"https:\/\/www.enriquerequena.com\/fr\/tienda-online\/pieces-detachees-de-remplacement-direction-essieux\/fusees-dessieu\/fusee-dessieu-nissan-cabstar-droit-40014ma410-40014md00b\/","title":{"rendered":"Fus\u00e9e d&rsquo;essieu Nissan Cabstar &#8211; 40014MA410 \/ 40014MD00B"},"content":{"rendered":"<p><strong>Fus\u00e9e d&rsquo;essieu pour Nissan Cabstar essieu avant droit <\/strong>avec r\u00e9f\u00e9rences<strong> 40014MA410 et 40014MD00B <\/strong>est une pi\u00e8ce de Nissan <strong>neuve avec une garantie d\u2019un an<\/strong>. C\u2019est le choix le plus \u00e9conomique.<\/p>\n<p>Nos pi\u00e9ces de rechange sont similaires \u00e0 ceux des OEM avec les meilleurs prix du march\u00e9.<\/p>\n<p>Nous vendons des pi\u00e8ces d\u00e9tach\u00e9es ou pi\u00e8ces de rechange \u00e0 Valence depuis 1950 et nous vendons aussi en ligne dans le monde entier.<\/p>\n<p>N\u00b4h\u00e9sitez pas \u00e0 nous consulter pour d\u00b4autres mod\u00e8les de tout type de v\u00e9hicule. Nous avons une exp\u00e9rience de 70 ans.<\/p>\n<p>Caract\u00e9ristiques techniques Fus\u00e9e d&rsquo;essieu Nissan Cabstar 40014MA410:<\/p>\n<ul>\n<li>Pi\u00e8ce de rechange:<strong> Fus\u00e9e d&rsquo;essieu<\/strong><\/li>\n<li>Mod\u00e8le: <strong>Nissan Cabstar<\/strong><\/li>\n<li>Essieu avant droit<\/li>\n<li>Etat: pi\u00e8ce neuve<\/li>\n<li>Garantie d\u2019un an<\/li>\n<li><strong>R\u00e9f\u00e9rences:<\/strong>\n<ul>\n<li>40014MA410<\/li>\n<li>40014MD00B<\/li>\n<\/ul>\n<\/li>\n<\/ul>\n","protected":false},"excerpt":{"rendered":"<p><strong>Fus\u00e9e d&rsquo;essieu pour Nissan Cabstar <\/strong>avec r\u00e9f\u00e9rences<strong> 40014MA410 et 40014MD00B, essieu avant droit<\/strong>. Est une pi\u00e8ce de rechange neuve avec une garantie d\u2019un an.<\/p>\n","protected":false},"featured_media":28956,"template":"","meta":[],"product_brand":[],"product_cat":[9827,9931,138],"product_tag":[],"class_list":{"0":"post-28953","1":"product","2":"type-product","3":"status-publish","4":"has-post-thumbnail","6":"product_cat-pieces-detachees-de-remplacement-direction-essieux","7":"product_cat-fusees-dessieu","8":"product_cat-pieces-rechange-camions","9":"pa_manufacturer-nissan","10":"pa_tipo-camions-poids-lourds","12":"first","13":"instock","14":"taxable","15":"shipping-taxable","16":"purchasable","17":"product-type-simple"},"yoast_head":"<!-- This site is optimized with the Yoast SEO plugin v27.1.1 - https:\/\/yoast.com\/product\/yoast-seo-wordpress\/ -->\n<title>Fus\u00e9e d&#039;essieu Nissan Cabstar droit 40014MA410<\/title>\n<meta name=\"description\" content=\"Fus\u00e9e d&#039;essieu pour Nissan Cabstar avec r\u00e9f\u00e9rences 40015MA410 et 40015MD00B, essieu avant droit. Est une pi\u00e8ce de rechange neuve avec une garantie d\u2019un an.\" \/>\n<meta name=\"robots\" content=\"index, follow, max-snippet:-1, max-image-preview:large, max-video-preview:-1\" \/>\n<link rel=\"canonical\" href=\"https:\/\/www.enriquerequena.com\/fr\/tienda-online\/pieces-detachees-de-remplacement-direction-essieux\/fusees-dessieu\/fusee-dessieu-nissan-cabstar-droit-40014ma410-40014md00b\/\" \/>\n<meta property=\"og:locale\" content=\"fr_FR\" \/>\n<meta property=\"og:type\" content=\"article\" \/>\n<meta property=\"og:title\" content=\"Fus\u00e9e d&#039;essieu Nissan Cabstar droit 40014MA410\" \/>\n<meta property=\"og:description\" content=\"Fus\u00e9e d&#039;essieu pour Nissan Cabstar avec r\u00e9f\u00e9rences 40015MA410 et 40015MD00B, essieu avant droit. Est une pi\u00e8ce de rechange neuve avec une garantie d\u2019un an.\" \/>\n<meta property=\"og:url\" content=\"https:\/\/www.enriquerequena.com\/fr\/tienda-online\/pieces-detachees-de-remplacement-direction-essieux\/fusees-dessieu\/fusee-dessieu-nissan-cabstar-droit-40014ma410-40014md00b\/\" \/>\n<meta property=\"og:site_name\" content=\"ENRIQUE REQUENA\" \/>\n<meta property=\"article:modified_time\" content=\"2026-01-26T20:35:32+00:00\" \/>\n<meta property=\"og:image\" content=\"https:\/\/www.enriquerequena.com\/wp-content\/uploads\/2024\/01\/mangueta-completa-nissan-cabstar-40015MA410-40015MD00B-1.png\" \/>\n\t<meta property=\"og:image:width\" content=\"800\" \/>\n\t<meta property=\"og:image:height\" content=\"800\" \/>\n\t<meta property=\"og:image:type\" content=\"image\/png\" \/>\n<meta name=\"twitter:card\" content=\"summary_large_image\" \/>\n<meta name=\"twitter:label1\" content=\"Dur\u00e9e de lecture estim\u00e9e\" \/>\n\t<meta name=\"twitter:data1\" content=\"1 minute\" \/>\n<script type=\"application\/ld+json\" class=\"yoast-schema-graph\">{\"@context\":\"https:\/\/schema.org\",\"@graph\":[{\"@type\":\"WebPage\",\"@id\":\"https:\/\/www.enriquerequena.com\/fr\/tienda-online\/pieces-detachees-de-remplacement-direction-essieux\/fusees-dessieu\/fusee-dessieu-nissan-cabstar-droit-40014ma410-40014md00b\/\",\"url\":\"https:\/\/www.enriquerequena.com\/fr\/tienda-online\/pieces-detachees-de-remplacement-direction-essieux\/fusees-dessieu\/fusee-dessieu-nissan-cabstar-droit-40014ma410-40014md00b\/\",\"name\":\"Fus\u00e9e d'essieu Nissan Cabstar droit 40014MA410\",\"isPartOf\":{\"@id\":\"https:\/\/www.enriquerequena.com\/fr\/#website\"},\"primaryImageOfPage\":{\"@id\":\"https:\/\/www.enriquerequena.com\/fr\/tienda-online\/pieces-detachees-de-remplacement-direction-essieux\/fusees-dessieu\/fusee-dessieu-nissan-cabstar-droit-40014ma410-40014md00b\/#primaryimage\"},\"image\":{\"@id\":\"https:\/\/www.enriquerequena.com\/fr\/tienda-online\/pieces-detachees-de-remplacement-direction-essieux\/fusees-dessieu\/fusee-dessieu-nissan-cabstar-droit-40014ma410-40014md00b\/#primaryimage\"},\"thumbnailUrl\":\"https:\/\/www.enriquerequena.com\/wp-content\/uploads\/2024\/01\/mangueta-completa-nissan-cabstar-40015MA410-40015MD00B-1.png\",\"datePublished\":\"2024-01-31T12:44:29+00:00\",\"dateModified\":\"2026-01-26T20:35:32+00:00\",\"description\":\"Fus\u00e9e d'essieu pour Nissan Cabstar avec r\u00e9f\u00e9rences 40015MA410 et 40015MD00B, essieu avant droit. Est une pi\u00e8ce de rechange neuve avec une garantie d\u2019un an.\",\"breadcrumb\":{\"@id\":\"https:\/\/www.enriquerequena.com\/fr\/tienda-online\/pieces-detachees-de-remplacement-direction-essieux\/fusees-dessieu\/fusee-dessieu-nissan-cabstar-droit-40014ma410-40014md00b\/#breadcrumb\"},\"inLanguage\":\"fr-FR\",\"potentialAction\":[{\"@type\":\"ReadAction\",\"target\":[\"https:\/\/www.enriquerequena.com\/fr\/tienda-online\/pieces-detachees-de-remplacement-direction-essieux\/fusees-dessieu\/fusee-dessieu-nissan-cabstar-droit-40014ma410-40014md00b\/\"]}]},{\"@type\":\"ImageObject\",\"inLanguage\":\"fr-FR\",\"@id\":\"https:\/\/www.enriquerequena.com\/fr\/tienda-online\/pieces-detachees-de-remplacement-direction-essieux\/fusees-dessieu\/fusee-dessieu-nissan-cabstar-droit-40014ma410-40014md00b\/#primaryimage\",\"url\":\"https:\/\/www.enriquerequena.com\/wp-content\/uploads\/2024\/01\/mangueta-completa-nissan-cabstar-40015MA410-40015MD00B-1.png\",\"contentUrl\":\"https:\/\/www.enriquerequena.com\/wp-content\/uploads\/2024\/01\/mangueta-completa-nissan-cabstar-40015MA410-40015MD00B-1.png\",\"width\":800,\"height\":800,\"caption\":\"Fus\u00e9e d'essieu Nissan Cabstar 40015MA410\"},{\"@type\":\"WebSite\",\"@id\":\"https:\/\/www.enriquerequena.com\/fr\/#website\",\"url\":\"https:\/\/www.enriquerequena.com\/fr\/\",\"name\":\"ENRIQUE REQUENA\",\"description\":\"Sp\u00e9cialistes des transmissions cardan avec des exp\u00e9ditions dans le monde entier et des pi\u00e8ces d\u00e9tach\u00e9es pour voitures, camions et accessoires \u00e0 Valence, en Espagne. Avec vous depuis 1950!\",\"publisher\":{\"@id\":\"https:\/\/www.enriquerequena.com\/fr\/#organization\"},\"potentialAction\":[{\"@type\":\"SearchAction\",\"target\":{\"@type\":\"EntryPoint\",\"urlTemplate\":\"https:\/\/www.enriquerequena.com\/fr\/?s={search_term_string}\"},\"query-input\":{\"@type\":\"PropertyValueSpecification\",\"valueRequired\":true,\"valueName\":\"search_term_string\"}}],\"inLanguage\":\"fr-FR\"},{\"@type\":\"Organization\",\"@id\":\"https:\/\/www.enriquerequena.com\/fr\/#organization\",\"name\":\"Enrique Requena S.L.\",\"url\":\"https:\/\/www.enriquerequena.com\/fr\/\",\"logo\":{\"@type\":\"ImageObject\",\"inLanguage\":\"fr-FR\",\"@id\":\"https:\/\/www.enriquerequena.com\/fr\/#\/schema\/logo\/image\/\",\"url\":\"https:\/\/www.enriquerequena.com\/wp-content\/uploads\/2019\/11\/enrique-requena-recambios-logotipo.jpg\",\"contentUrl\":\"https:\/\/www.enriquerequena.com\/wp-content\/uploads\/2019\/11\/enrique-requena-recambios-logotipo.jpg\",\"width\":381,\"height\":75,\"caption\":\"Enrique Requena S.L.\"},\"image\":{\"@id\":\"https:\/\/www.enriquerequena.com\/fr\/#\/schema\/logo\/image\/\"}}]}<\/script>\n<!-- \/ Yoast SEO plugin. -->","yoast_head_json":{"title":"Fus\u00e9e d'essieu Nissan Cabstar droit 40014MA410","description":"Fus\u00e9e d'essieu pour Nissan Cabstar avec r\u00e9f\u00e9rences 40015MA410 et 40015MD00B, essieu avant droit. Est une pi\u00e8ce de rechange neuve avec une garantie d\u2019un an.","robots":{"index":"index","follow":"follow","max-snippet":"max-snippet:-1","max-image-preview":"max-image-preview:large","max-video-preview":"max-video-preview:-1"},"canonical":"https:\/\/www.enriquerequena.com\/fr\/tienda-online\/pieces-detachees-de-remplacement-direction-essieux\/fusees-dessieu\/fusee-dessieu-nissan-cabstar-droit-40014ma410-40014md00b\/","og_locale":"fr_FR","og_type":"article","og_title":"Fus\u00e9e d'essieu Nissan Cabstar droit 40014MA410","og_description":"Fus\u00e9e d'essieu pour Nissan Cabstar avec r\u00e9f\u00e9rences 40015MA410 et 40015MD00B, essieu avant droit. Est une pi\u00e8ce de rechange neuve avec une garantie d\u2019un an.","og_url":"https:\/\/www.enriquerequena.com\/fr\/tienda-online\/pieces-detachees-de-remplacement-direction-essieux\/fusees-dessieu\/fusee-dessieu-nissan-cabstar-droit-40014ma410-40014md00b\/","og_site_name":"ENRIQUE REQUENA","article_modified_time":"2026-01-26T20:35:32+00:00","og_image":[{"width":800,"height":800,"url":"https:\/\/www.enriquerequena.com\/wp-content\/uploads\/2024\/01\/mangueta-completa-nissan-cabstar-40015MA410-40015MD00B-1.png","type":"image\/png"}],"twitter_card":"summary_large_image","twitter_misc":{"Dur\u00e9e de lecture estim\u00e9e":"1 minute"},"schema":{"@context":"https:\/\/schema.org","@graph":[{"@type":"WebPage","@id":"https:\/\/www.enriquerequena.com\/fr\/tienda-online\/pieces-detachees-de-remplacement-direction-essieux\/fusees-dessieu\/fusee-dessieu-nissan-cabstar-droit-40014ma410-40014md00b\/","url":"https:\/\/www.enriquerequena.com\/fr\/tienda-online\/pieces-detachees-de-remplacement-direction-essieux\/fusees-dessieu\/fusee-dessieu-nissan-cabstar-droit-40014ma410-40014md00b\/","name":"Fus\u00e9e d'essieu Nissan Cabstar droit 40014MA410","isPartOf":{"@id":"https:\/\/www.enriquerequena.com\/fr\/#website"},"primaryImageOfPage":{"@id":"https:\/\/www.enriquerequena.com\/fr\/tienda-online\/pieces-detachees-de-remplacement-direction-essieux\/fusees-dessieu\/fusee-dessieu-nissan-cabstar-droit-40014ma410-40014md00b\/#primaryimage"},"image":{"@id":"https:\/\/www.enriquerequena.com\/fr\/tienda-online\/pieces-detachees-de-remplacement-direction-essieux\/fusees-dessieu\/fusee-dessieu-nissan-cabstar-droit-40014ma410-40014md00b\/#primaryimage"},"thumbnailUrl":"https:\/\/www.enriquerequena.com\/wp-content\/uploads\/2024\/01\/mangueta-completa-nissan-cabstar-40015MA410-40015MD00B-1.png","datePublished":"2024-01-31T12:44:29+00:00","dateModified":"2026-01-26T20:35:32+00:00","description":"Fus\u00e9e d'essieu pour Nissan Cabstar avec r\u00e9f\u00e9rences 40015MA410 et 40015MD00B, essieu avant droit. Est une pi\u00e8ce de rechange neuve avec une garantie d\u2019un an.","breadcrumb":{"@id":"https:\/\/www.enriquerequena.com\/fr\/tienda-online\/pieces-detachees-de-remplacement-direction-essieux\/fusees-dessieu\/fusee-dessieu-nissan-cabstar-droit-40014ma410-40014md00b\/#breadcrumb"},"inLanguage":"fr-FR","potentialAction":[{"@type":"ReadAction","target":["https:\/\/www.enriquerequena.com\/fr\/tienda-online\/pieces-detachees-de-remplacement-direction-essieux\/fusees-dessieu\/fusee-dessieu-nissan-cabstar-droit-40014ma410-40014md00b\/"]}]},{"@type":"ImageObject","inLanguage":"fr-FR","@id":"https:\/\/www.enriquerequena.com\/fr\/tienda-online\/pieces-detachees-de-remplacement-direction-essieux\/fusees-dessieu\/fusee-dessieu-nissan-cabstar-droit-40014ma410-40014md00b\/#primaryimage","url":"https:\/\/www.enriquerequena.com\/wp-content\/uploads\/2024\/01\/mangueta-completa-nissan-cabstar-40015MA410-40015MD00B-1.png","contentUrl":"https:\/\/www.enriquerequena.com\/wp-content\/uploads\/2024\/01\/mangueta-completa-nissan-cabstar-40015MA410-40015MD00B-1.png","width":800,"height":800,"caption":"Fus\u00e9e d'essieu Nissan Cabstar 40015MA410"},{"@type":"WebSite","@id":"https:\/\/www.enriquerequena.com\/fr\/#website","url":"https:\/\/www.enriquerequena.com\/fr\/","name":"ENRIQUE REQUENA","description":"Sp\u00e9cialistes des transmissions cardan avec des exp\u00e9ditions dans le monde entier et des pi\u00e8ces d\u00e9tach\u00e9es pour voitures, camions et accessoires \u00e0 Valence, en Espagne. Avec vous depuis 1950!","publisher":{"@id":"https:\/\/www.enriquerequena.com\/fr\/#organization"},"potentialAction":[{"@type":"SearchAction","target":{"@type":"EntryPoint","urlTemplate":"https:\/\/www.enriquerequena.com\/fr\/?s={search_term_string}"},"query-input":{"@type":"PropertyValueSpecification","valueRequired":true,"valueName":"search_term_string"}}],"inLanguage":"fr-FR"},{"@type":"Organization","@id":"https:\/\/www.enriquerequena.com\/fr\/#organization","name":"Enrique Requena S.L.","url":"https:\/\/www.enriquerequena.com\/fr\/","logo":{"@type":"ImageObject","inLanguage":"fr-FR","@id":"https:\/\/www.enriquerequena.com\/fr\/#\/schema\/logo\/image\/","url":"https:\/\/www.enriquerequena.com\/wp-content\/uploads\/2019\/11\/enrique-requena-recambios-logotipo.jpg","contentUrl":"https:\/\/www.enriquerequena.com\/wp-content\/uploads\/2019\/11\/enrique-requena-recambios-logotipo.jpg","width":381,"height":75,"caption":"Enrique Requena S.L."},"image":{"@id":"https:\/\/www.enriquerequena.com\/fr\/#\/schema\/logo\/image\/"}}]}},"_links":{"self":[{"href":"https:\/\/www.enriquerequena.com\/fr\/wp-json\/wp\/v2\/product\/28953","targetHints":{"allow":["GET"]}}],"collection":[{"href":"https:\/\/www.enriquerequena.com\/fr\/wp-json\/wp\/v2\/product"}],"about":[{"href":"https:\/\/www.enriquerequena.com\/fr\/wp-json\/wp\/v2\/types\/product"}],"wp:featuredmedia":[{"embeddable":true,"href":"https:\/\/www.enriquerequena.com\/fr\/wp-json\/wp\/v2\/media\/28956"}],"wp:attachment":[{"href":"https:\/\/www.enriquerequena.com\/fr\/wp-json\/wp\/v2\/media?parent=28953"}],"wp:term":[{"taxonomy":"product_brand","embeddable":true,"href":"https:\/\/www.enriquerequena.com\/fr\/wp-json\/wp\/v2\/product_brand?post=28953"},{"taxonomy":"product_cat","embeddable":true,"href":"https:\/\/www.enriquerequena.com\/fr\/wp-json\/wp\/v2\/product_cat?post=28953"},{"taxonomy":"product_tag","embeddable":true,"href":"https:\/\/www.enriquerequena.com\/fr\/wp-json\/wp\/v2\/product_tag?post=28953"}],"curies":[{"name":"wp","href":"https:\/\/api.w.org\/{rel}","templated":true}]}}